{"id":75741,"date":"2025-02-21T15:49:05","date_gmt":"2025-02-21T07:49:05","guid":{"rendered":"https:\/\/honwaygroup.com\/product\/surowce-german-ge-germanium-polprzewodniki-przemysl-lotniczy-i-kosmiczny-swiatlowody-optyka-podczerwieni-ogniwa-fotowoltaiczne-medycyna-biomedyczna\/"},"modified":"2025-02-27T14:05:50","modified_gmt":"2025-02-27T06:05:50","slug":"surowce-german-ge-germanium-polprzewodniki-przemysl-lotniczy-i-kosmiczny-swiatlowody-optyka-podczerwieni-ogniwa-fotowoltaiczne-medycyna-biomedyczna","status":"publish","type":"product","link":"https:\/\/honwaygroup.com\/pl\/produkt\/surowce-german-ge-germanium-polprzewodniki-przemysl-lotniczy-i-kosmiczny-swiatlowody-optyka-podczerwieni-ogniwa-fotowoltaiczne-medycyna-biomedyczna\/","title":{"rendered":"Surowce metaliczne &#8211; German (Ge) Germanium &#8211; p\u00f3\u0142przewodniki, przemys\u0142 lotniczy i kosmiczny, \u015bwiat\u0142owody, optyka podczerwieni, ogniwa fotowoltaiczne, medycyna biomedyczna"},"content":{"rendered":"<h1>German (Ge) Germanium<\/h1>\n<p>German jest szarobia\u0142ym materia\u0142em p\u00f3\u0142przewodnikowym o dobrych w\u0142a\u015bciwo\u015bciach elektrycznych i optycznych.<\/p>\n<p>Ma istotne zastosowania w dziedzinach optyki podczerwieni, komunikacji \u015bwiat\u0142owodowej i ogniw s\u0142onecznych.<\/p>\n<h2><strong>Posta\u0107:<\/strong><\/h2>\n<ul>\n<li>granulki<\/li>\n<li>proszek<\/li>\n<li>bry\u0142ki<\/li>\n<\/ul>\n<h2><strong>W\u0142a\u015bciwo\u015bci fizyczne<\/strong><strong>\uff1a<\/strong><strong>\u3000\u3000\u3000\u3000\u3000\u3000\u3000\u3000\u3000\u3000<\/strong><\/h2>\n<ul>\n<li>masa atomowa\uff1a72.61\uff1bg\u0119sto\u015b\u0107\uff1a5.35 g\/cm3<\/li>\n<li>temperatura topnienia\uff1a938.25\u2103\uff1btemperatura wrzenia\uff1a2830\u2103<\/li>\n<\/ul>\n<h2><strong>Specyfikacja produktu<\/strong><\/h2>\n<table>\n<tbody>\n<tr>\n<td width=\"138\">Specyfikacja<\/td>\n<td width=\"138\">Stopie\u0144 czysto\u015bci<\/td>\n<td width=\"138\">Analiza zanieczyszcze\u0144<\/td>\n<td width=\"138\">Zawarto\u015b\u0107 zanieczyszcze\u0144<\/td>\n<\/tr>\n<tr>\n<td width=\"138\">German o wysokiej czysto\u015bci\uff085N\uff09<\/td>\n<td width=\"138\">99.999%<\/td>\n<td width=\"138\">Al\u3001Ca\u3001Co\u3001Fe\u3001Mg\u3001Ni\u3001Cu\u3001In\u3001Zn\u3001Si\u3001Pb\u3001As<\/td>\n<td width=\"138\">&lt;10ppm<\/td>\n<\/tr>\n<tr>\n<td width=\"138\">German o superwysokiej czysto\u015bci\uff086N\uff09<\/td>\n<td width=\"138\">99.9999%<\/td>\n<td width=\"138\">Al\u3001Ca\u3001Co\u3001Fe\u3001Mg\u3001Ni\u3001Cu\u3001In\u3001Zn\u3001Si\u3001Pb\u3001As<\/td>\n<td width=\"138\">&lt;1ppm<\/td>\n<\/tr>\n<tr>\n<td width=\"138\">Tlenek germanu o ultrawysokiej czysto\u015bci\uff086N\uff09<\/td>\n<td width=\"138\">99.9999%<\/td>\n<td width=\"138\">Al\u3001Ca\u3001Co\u3001Fe\u3001Mg\u3001Ni\u3001Cu\u3001In\u3001Zn\u3001Si\u3001Pb\u3001As<\/td>\n<td width=\"138\">&lt;0.1ppm<\/p>\n<p>\uff08\u5176\u4ed6\uff1aCl&lt;200ppm\uff09<\/td>\n<\/tr>\n<\/tbody>\n<\/table>\n<p>&nbsp;<\/p>\n<h2><strong>Zakres zastosowa\u0144<\/strong><strong>\uff1a<\/strong><strong>\u3000\u3000\u3000\u3000\u3000\u3000\u3000\u3000\u3000<\/strong><\/h2>\n<ul>\n<li>posiada szerokie i wa\u017cne zastosowania w dziedzinach p\u00f3\u0142przewodnik\u00f3w, kontroli lot\u00f3w kosmicznych, detekcji fizyki j\u0105drowej, komunikacji \u015bwiat\u0142owodowej, optyki podczerwieni, ogniw s\u0142onecznych, katalizator\u00f3w chemicznych, biomedycyny i innych<\/li>\n<\/ul>\n<h2><strong>Opakowanie\uff1a<\/strong><\/h2>\n<ul>\n<li>Pakowanie pr\u00f3\u017cniowe w bezpy\u0142owe worki PE i aluminiowe worki foliowe<\/li>\n<li>Szklana butelka z gazem ochronnym + pakowanie pr\u00f3\u017cniowe w worki PE<\/li>\n<\/ul>\n<h2><strong>Zpraszamy do zapytania o wycen\u0119<\/strong><\/h2>\n<p>[contact-form][contact-field label=&#8221;Nazwa&#8221; type=&#8221;name&#8221; required=&#8221;1&#8243;][contact-field label=&#8221;Adres e-mail&#8221; type=&#8221;email&#8221; required=&#8221;1&#8243;][contact-field label=&#8221;Strona internetowa&#8221; type=&#8221;url&#8221;][contact-field label=&#8221;Wiadomo\u015b\u0107&#8221; type=&#8221;textarea&#8221;][\/contact-form]<\/p>\n","protected":false},"excerpt":{"rendered":"<h2>German jest szarobia\u0142ym materia\u0142em p\u00f3\u0142przewodnikowym o dobrych w\u0142a\u015bciwo\u015bciach elektrycznych i optycznych.<\/h2>\n<h2>Ma istotne zastosowania w dziedzinach optyki podczerwieni, komunikacji \u015bwiat\u0142owodowej i ogniw s\u0142onecznych.<\/h2>\n<p>&nbsp;<\/p>\n<p><strong><span style=\"font-size: 1.7em;\">W\u0142a\u015bciwo\u015bci fizyczne:<\/span><\/strong><strong style=\"font-size: 1.7em;\">\u3000\u3000\u3000\u3000\u3000\u3000\u3000\u3000\u3000\u3000\u3000\u3000\u3000<\/strong><\/p>\n<ul>\n<li>masa atomowa\uff1a72.61\uff1bg\u0119sto\u015b\u0107\uff1a5.35 g\/cm3<\/li>\n<li>temperatura topnienia\uff1a938.25\u2103\uff1btemperatura wrzenia\uff1a2830\u2103<\/li>\n<\/ul>\n<h2><strong>Zakres zastosowa\u0144:<\/strong><\/h2>\n<ul>\n<li>Posiada szerokie i wa\u017cne zastosowania w dziedzinach p\u00f3\u0142przewodnik\u00f3w, kontroli lot\u00f3w kosmicznych, detekcji fizyki j\u0105drowej, komunikacji \u015bwiat\u0142owodowej, optyki podczerwieni, ogniw s\u0142onecznych, katalizator\u00f3w chemicznych, biomedycyny i innych.<\/li>\n<\/ul>\n<h5><strong><span style=\"color: #ff0000;\">\u25b2 Zapraszamy do zapyta\u0144 o wycen\u0119:<\/span> <a href=\"https:\/\/honwaygroup.com\/pl\/skontaktuj-sie-z-nami\/\" target=\"_blank\" rel=\"noopener\">Skontaktuj si\u0119 z nami!<\/a><\/strong><\/h5>\n<h5><span style=\"color: #ff0000;\"><strong>\u25b2 Przy wi\u0119kszych zam\u00f3wieniach istnieje mo\u017cliwo\u015b\u0107 uzyskania rabatu, prosimy o kontakt z obs\u0142ug\u0105 klienta.<\/strong><\/span><\/h5>\n<h5><strong>\u25b2 <span style=\"color: #ff0000;\">W celu uzyskania informacji o rzeczywistym czasie dostawy prosimy o kontakt z obs\u0142ug\u0105 klienta<\/span>: <a href=\"https:\/\/honwaygroup.com\/pl\/skontaktuj-sie-z-nami\/\">Skontaktuj si\u0119 z nami!<\/a><\/strong><\/h5>\n","protected":false},"featured_media":74483,"template":"","meta":{"site-sidebar-layout":"default","site-content-layout":"","ast-site-content-layout":"default","site-content-style":"default","site-sidebar-style":"default","ast-global-header-display":"","ast-banner-title-visibility":"","ast-main-header-display":"","ast-hfb-above-header-display":"","ast-hfb-below-header-display":"","ast-hfb-mobile-header-display":"","site-post-title":"","ast-breadcrumbs-content":"","ast-featured-img":"","footer-sml-layout":"","ast-disable-related-posts":"","theme-transparent-header-meta":"default","adv-header-id-meta":"","stick-header-meta":"default","header-above-stick-meta":"","header-main-stick-meta":"","header-below-stick-meta":"","astra-migrate-meta-layouts":"set","ast-page-background-enabled":"default","ast-page-background-meta":{"desktop":{"background-color":"var(--ast-global-color-5)","background-image":"","background-repeat":"repeat","background-position":"center center","background-size":"auto","background-attachment":"scroll","background-type":"","background-media":"","overlay-type":"","overlay-color":"","overlay-opacity":"","overlay-gradient":""},"tablet":{"background-color":"","background-image":"","background-repeat":"repeat","background-position":"center center","background-size":"auto","background-attachment":"scroll","background-type":"","background-media":"","overlay-type":"","overlay-color":"","overlay-opacity":"","overlay-gradient":""},"mobile":{"background-color":"","background-image":"","background-repeat":"repeat","background-position":"center center","background-size":"auto","background-attachment":"scroll","background-type":"","background-media":"","overlay-type":"","overlay-color":"","overlay-opacity":"","overlay-gradient":""}},"ast-content-background-meta":{"desktop":{"background-color":"var(--ast-global-color-4)","background-image":"","background-repeat":"repeat","background-position":"center center","background-size":"auto","background-attachment":"scroll","background-type":"","background-media":"","overlay-type":"","overlay-color":"","overlay-opacity":"","overlay-gradient":""},"tablet":{"background-color":"var(--ast-global-color-4)","background-image":"","background-repeat":"repeat","background-position":"center center","background-size":"auto","background-attachment":"scroll","background-type":"","background-media":"","overlay-type":"","overlay-color":"","overlay-opacity":"","overlay-gradient":""},"mobile":{"background-color":"var(--ast-global-color-4)","background-image":"","background-repeat":"repeat","background-position":"center center","background-size":"auto","background-attachment":"scroll","background-type":"","background-media":"","overlay-type":"","overlay-color":"","overlay-opacity":"","overlay-gradient":""}}},"product_brand":[],"product_cat":[4051],"product_tag":[4128,4127,4122,4123,4126],"class_list":{"0":"post-75741","1":"product","2":"type-product","3":"status-publish","4":"has-post-thumbnail","6":"product_cat-surowce-metaliczne-pl","7":"product_tag-elektron","8":"product_tag-gal","9":"product_tag-polprzewodniki-pl","10":"product_tag-stopy-o-wysokiej-czystosci","11":"product_tag-surowce","12":"desktop-align-left","13":"tablet-align-left","14":"mobile-align-left","15":"ast-product-gallery-layout-horizontal-slider","16":"ast-product-gallery-with-no-image","17":"ast-product-tabs-layout-horizontal","19":"first","20":"instock","21":"taxable","22":"shipping-taxable","23":"product-type-simple"},"_links":{"self":[{"href":"https:\/\/honwaygroup.com\/pl\/wp-json\/wp\/v2\/product\/75741","targetHints":{"allow":["GET"]}}],"collection":[{"href":"https:\/\/honwaygroup.com\/pl\/wp-json\/wp\/v2\/product"}],"about":[{"href":"https:\/\/honwaygroup.com\/pl\/wp-json\/wp\/v2\/types\/product"}],"version-history":[{"count":0,"href":"https:\/\/honwaygroup.com\/pl\/wp-json\/wp\/v2\/product\/75741\/revisions"}],"wp:featuredmedia":[{"embeddable":true,"href":"https:\/\/honwaygroup.com\/pl\/wp-json\/wp\/v2\/media\/74483"}],"wp:attachment":[{"href":"https:\/\/honwaygroup.com\/pl\/wp-json\/wp\/v2\/media?parent=75741"}],"wp:term":[{"taxonomy":"product_brand","embeddable":true,"href":"https:\/\/honwaygroup.com\/pl\/wp-json\/wp\/v2\/product_brand?post=75741"},{"taxonomy":"product_cat","embeddable":true,"href":"https:\/\/honwaygroup.com\/pl\/wp-json\/wp\/v2\/product_cat?post=75741"},{"taxonomy":"product_tag","embeddable":true,"href":"https:\/\/honwaygroup.com\/pl\/wp-json\/wp\/v2\/product_tag?post=75741"}],"curies":[{"name":"wp","href":"https:\/\/api.w.org\/{rel}","templated":true}]}}