{"id":75738,"date":"2025-02-21T17:12:04","date_gmt":"2025-02-21T09:12:04","guid":{"rendered":"https:\/\/honwaygroup.com\/product\/surowce-kadm-cdcadmium-wytwarzanie-polprzewodnikow-z-grupy-zwiazkow-ii-vi-stopow-o-wysokiej-czystosci-oraz-spoiw-lutowniczych\/"},"modified":"2025-02-27T14:03:47","modified_gmt":"2025-02-27T06:03:47","slug":"surowce-kadm-cdcadmium-wytwarzanie-polprzewodnikow-z-grupy-zwiazkow-ii-vi-stopow-o-wysokiej-czystosci-oraz-spoiw-lutowniczych","status":"publish","type":"product","link":"https:\/\/honwaygroup.com\/pl\/produkt\/surowce-kadm-cdcadmium-wytwarzanie-polprzewodnikow-z-grupy-zwiazkow-ii-vi-stopow-o-wysokiej-czystosci-oraz-spoiw-lutowniczych\/","title":{"rendered":"Surowce metaliczne &#8211; Kadm (Cd)Cadmium &#8211; wytwarzanie p\u00f3\u0142przewodnik\u00f3w z grupy zwi\u0105zk\u00f3w II-VI, stop\u00f3w o wysokiej czysto\u015bci oraz spoiw lutowniczych"},"content":{"rendered":"<h1>Kadm (Cd) Cadmium<\/h1>\n<p>Kadm jest mi\u0119kkim, srebrzystobia\u0142ym metalem o dobrej ci\u0105gliwo\u015bci i odporno\u015bci na korozj\u0119.<\/p>\n<h2><strong>Posta\u0107:<\/strong><\/h2>\n<ul>\n<li>proszek<\/li>\n<li>granulki<\/li>\n<li>bry\u0142ki<\/li>\n<li>sztabki<\/li>\n<\/ul>\n<h2><strong>W\u0142a\u015bciwo\u015bci fizyczne<\/strong><strong>\uff1a<\/strong><strong>\u3000\u3000\u3000\u3000\u3000\u3000\u3000\u3000\u3000\u3000<\/strong><\/h2>\n<ul>\n<li>masa atomowa\uff1a112.41\uff1bg\u0119sto\u015b\u0107\uff1a8.65 g\/cm3<\/li>\n<li>temperatura topnienia\uff1a321.07 \u00b0C\uff1b temperatura wrzenia\uff1a767 \u00b0C<\/li>\n<\/ul>\n<h2><strong>Specyfikacja produktu<\/strong><\/h2>\n<table>\n<tbody>\n<tr>\n<td width=\"138\">Specyfikacja<\/td>\n<td width=\"138\">Stopie\u0144 czysto\u015bci<\/td>\n<td width=\"138\">Analiza zanieczyszcze\u0144<\/td>\n<td width=\"138\">Zawarto\u015b\u0107 zanieczyszcze\u0144<\/td>\n<\/tr>\n<tr>\n<td width=\"138\">Kadm o wysokiej czysto\u015bci\uff085N\uff09<\/td>\n<td width=\"138\">99.999%<\/td>\n<td width=\"138\">Ag\u3001Al\u3001Bi\u3001Ca\u3001Cr\u3001Cu\u3001Fe\u3001Mg\u3001Ni\u3001Pb\u3001Sb\u3001Sn\u3001Zn<\/td>\n<td width=\"138\">&lt;10ppm<\/td>\n<\/tr>\n<tr>\n<td width=\"138\">Kadm o superwysokiej czysto\u015bci\uff086N\uff09<\/td>\n<td width=\"138\">99.9999%<\/td>\n<td width=\"138\">Ag\u3001Al\u3001Bi\u3001Cr\u3001Cu\u3001Fe\u3001Mg\u3001Ni\u3001Pb\u3001Sb\u3001Sn\u3001Zn<\/td>\n<td width=\"138\">&lt;1ppm<\/td>\n<\/tr>\n<tr>\n<td width=\"138\">Kadm oultrawysokiej czysto\u015bci\uff087N\uff09<\/td>\n<td width=\"138\">99.99999%<\/td>\n<td width=\"138\">Ag\u3001Al\u3001Bi\u3001Cr\u3001Cu\u3001Fe\u3001Mg\u3001Ni\u3001Pb\u3001Sb\u3001Sn\u3001Zn<\/td>\n<td width=\"138\">&lt;0.1ppm<\/td>\n<\/tr>\n<\/tbody>\n<\/table>\n<h2><\/h2>\n<h2><strong>Zakres zastosowa\u0144<\/strong><strong>\uff1a<\/strong><strong>\u3000\u3000\u3000\u3000\u3000\u3000\u3000\u3000\u3000<\/strong><\/h2>\n<ul>\n<li>G\u0142\u00f3wnie stosowany w pr\u0119tach kontrolnych reaktor\u00f3w j\u0105drowych, ogniwach s\u0142onecznych, detektorach podczerwieni itp.<\/li>\n<\/ul>\n<h2><strong>Opakowanie\uff1a<\/strong><\/h2>\n<ul>\n<li>Pakowanie pr\u00f3\u017cniowe w bezpy\u0142owe worki PE i aluminiowe worki foliowe<br \/>\nSzklane butelki wype\u0142nione gazem, pakowane pr\u00f3\u017cniowo w worki PE<\/li>\n<\/ul>\n<h2><strong>Zpraszamy do zapytania o wycen\u0119<\/strong><\/h2>\n<p>[contact-form][contact-field label=&#8221;Nazwa&#8221; type=&#8221;name&#8221; required=&#8221;1&#8243;][contact-field label=&#8221;Adres e-mail&#8221; type=&#8221;email&#8221; required=&#8221;1&#8243;][contact-field label=&#8221;Strona internetowa&#8221; type=&#8221;url&#8221;][contact-field label=&#8221;Wiadomo\u015b\u0107&#8221; type=&#8221;textarea&#8221;][\/contact-form]<\/p>\n","protected":false},"excerpt":{"rendered":"<h2>Kadm jest mi\u0119kkim, srebrzystobia\u0142ym metalem o dobrej ci\u0105gliwo\u015bci i odporno\u015bci na korozj\u0119.<\/h2>\n<p>&nbsp;<\/p>\n<p><strong><span style=\"font-size: 1.7em;\">W\u0142a\u015bciwo\u015bci fizyczne:<\/span><\/strong><strong style=\"font-size: 1.7em;\">\u3000\u3000\u3000\u3000\u3000\u3000\u3000\u3000\u3000\u3000\u3000\u3000\u3000<\/strong><\/p>\n<ul>\n<li>masa atomowa\uff1a112.41\uff1bg\u0119sto\u015b\u0107\uff1a8.65 g\/cm3<\/li>\n<li>temperatura topnienia\uff1a321.07 \u00b0C\uff1b temperatura wrzenia\uff1a767 \u00b0C<\/li>\n<\/ul>\n<h2><strong>Zakres zastosowa\u0144:<\/strong><\/h2>\n<ul>\n<li>Stosowany g\u0142\u00f3wnie do produkcji p\u00f3\u0142przewodnik\u00f3w zwi\u0105zk\u00f3w grupy II-VI, stop\u00f3w o wysokiej czysto\u015bci, lut\u00f3w, a tak\u017ce w pr\u0119tach kontrolnych reaktor\u00f3w j\u0105drowych, ogniwach s\u0142onecznych, detektorach podczerwieni itp.<\/li>\n<\/ul>\n<h5><strong><span style=\"color: #ff0000;\">\u25b2 Zapraszamy do zapyta\u0144 o wycen\u0119:<\/span> <a href=\"https:\/\/honwaygroup.com\/pl\/skontaktuj-sie-z-nami\/\" target=\"_blank\" rel=\"noopener\">Skontaktuj si\u0119 z nami!<\/a><\/strong><\/h5>\n<h5><span style=\"color: #ff0000;\"><strong>\u25b2 Przy wi\u0119kszych zam\u00f3wieniach istnieje mo\u017cliwo\u015b\u0107 uzyskania rabatu, prosimy o kontakt z obs\u0142ug\u0105 klienta.<\/strong><\/span><\/h5>\n<h5><strong>\u25b2 <span style=\"color: #ff0000;\">W celu uzyskania informacji o rzeczywistym czasie dostawy prosimy o kontakt z obs\u0142ug\u0105 klienta<\/span>: <a href=\"https:\/\/honwaygroup.com\/pl\/skontaktuj-sie-z-nami\/\">Skontaktuj si\u0119 z nami!<\/a><\/strong><\/h5>\n","protected":false},"featured_media":74502,"template":"","meta":{"site-sidebar-layout":"default","site-content-layout":"","ast-site-content-layout":"default","site-content-style":"default","site-sidebar-style":"default","ast-global-header-display":"","ast-banner-title-visibility":"","ast-main-header-display":"","ast-hfb-above-header-display":"","ast-hfb-below-header-display":"","ast-hfb-mobile-header-display":"","site-post-title":"","ast-breadcrumbs-content":"","ast-featured-img":"","footer-sml-layout":"","ast-disable-related-posts":"","theme-transparent-header-meta":"default","adv-header-id-meta":"","stick-header-meta":"default","header-above-stick-meta":"","header-main-stick-meta":"","header-below-stick-meta":"","astra-migrate-meta-layouts":"set","ast-page-background-enabled":"default","ast-page-background-meta":{"desktop":{"background-color":"var(--ast-global-color-5)","background-image":"","background-repeat":"repeat","background-position":"center center","background-size":"auto","background-attachment":"scroll","background-type":"","background-media":"","overlay-type":"","overlay-color":"","overlay-opacity":"","overlay-gradient":""},"tablet":{"background-color":"","background-image":"","background-repeat":"repeat","background-position":"center center","background-size":"auto","background-attachment":"scroll","background-type":"","background-media":"","overlay-type":"","overlay-color":"","overlay-opacity":"","overlay-gradient":""},"mobile":{"background-color":"","background-image":"","background-repeat":"repeat","background-position":"center center","background-size":"auto","background-attachment":"scroll","background-type":"","background-media":"","overlay-type":"","overlay-color":"","overlay-opacity":"","overlay-gradient":""}},"ast-content-background-meta":{"desktop":{"background-color":"var(--ast-global-color-4)","background-image":"","background-repeat":"repeat","background-position":"center center","background-size":"auto","background-attachment":"scroll","background-type":"","background-media":"","overlay-type":"","overlay-color":"","overlay-opacity":"","overlay-gradient":""},"tablet":{"background-color":"var(--ast-global-color-4)","background-image":"","background-repeat":"repeat","background-position":"center center","background-size":"auto","background-attachment":"scroll","background-type":"","background-media":"","overlay-type":"","overlay-color":"","overlay-opacity":"","overlay-gradient":""},"mobile":{"background-color":"var(--ast-global-color-4)","background-image":"","background-repeat":"repeat","background-position":"center center","background-size":"auto","background-attachment":"scroll","background-type":"","background-media":"","overlay-type":"","overlay-color":"","overlay-opacity":"","overlay-gradient":""}}},"product_brand":[],"product_cat":[4051],"product_tag":[4124,4122,4125,4123],"class_list":{"0":"post-75738","1":"product","2":"type-product","3":"status-publish","4":"has-post-thumbnail","6":"product_cat-surowce-metaliczne-pl","7":"product_tag-kadm","8":"product_tag-polprzewodniki-pl","9":"product_tag-spoiwo-lutownicze","10":"product_tag-stopy-o-wysokiej-czystosci","11":"desktop-align-left","12":"tablet-align-left","13":"mobile-align-left","14":"ast-product-gallery-layout-horizontal-slider","15":"ast-product-gallery-with-no-image","16":"ast-product-tabs-layout-horizontal","18":"first","19":"instock","20":"taxable","21":"shipping-taxable","22":"product-type-simple"},"_links":{"self":[{"href":"https:\/\/honwaygroup.com\/pl\/wp-json\/wp\/v2\/product\/75738","targetHints":{"allow":["GET"]}}],"collection":[{"href":"https:\/\/honwaygroup.com\/pl\/wp-json\/wp\/v2\/product"}],"about":[{"href":"https:\/\/honwaygroup.com\/pl\/wp-json\/wp\/v2\/types\/product"}],"version-history":[{"count":0,"href":"https:\/\/honwaygroup.com\/pl\/wp-json\/wp\/v2\/product\/75738\/revisions"}],"wp:featuredmedia":[{"embeddable":true,"href":"https:\/\/honwaygroup.com\/pl\/wp-json\/wp\/v2\/media\/74502"}],"wp:attachment":[{"href":"https:\/\/honwaygroup.com\/pl\/wp-json\/wp\/v2\/media?parent=75738"}],"wp:term":[{"taxonomy":"product_brand","embeddable":true,"href":"https:\/\/honwaygroup.com\/pl\/wp-json\/wp\/v2\/product_brand?post=75738"},{"taxonomy":"product_cat","embeddable":true,"href":"https:\/\/honwaygroup.com\/pl\/wp-json\/wp\/v2\/product_cat?post=75738"},{"taxonomy":"product_tag","embeddable":true,"href":"https:\/\/honwaygroup.com\/pl\/wp-json\/wp\/v2\/product_tag?post=75738"}],"curies":[{"name":"wp","href":"https:\/\/api.w.org\/{rel}","templated":true}]}}