{"id":75736,"date":"2025-02-21T17:21:32","date_gmt":"2025-02-21T09:21:32","guid":{"rendered":"https:\/\/honwaygroup.com\/product\/surowce-arsen-as-arsenic-polprzewodniki-nadajniki-podczerwieni-powloki-malarskie-ceramika-przemysl-chemiczny\/"},"modified":"2025-02-27T14:02:46","modified_gmt":"2025-02-27T06:02:46","slug":"surowce-arsen-as-arsenic-polprzewodniki-nadajniki-podczerwieni-powloki-malarskie-ceramika-przemysl-chemiczny","status":"publish","type":"product","link":"https:\/\/honwaygroup.com\/pl\/produkt\/surowce-arsen-as-arsenic-polprzewodniki-nadajniki-podczerwieni-powloki-malarskie-ceramika-przemysl-chemiczny\/","title":{"rendered":"Surowce metaliczne &#8211; Arsen (AS) Arsenic &#8211; p\u00f3\u0142przewodniki, nadajniki podczerwieni, pow\u0142oki malarskie, ceramika, przemys\u0142 chemiczny"},"content":{"rendered":"<h1>Arsen (AS) Arsenic<\/h1>\n<p>Posiada dobr\u0105 stabilno\u015b\u0107 chemiczn\u0105 i wysok\u0105 przewodno\u015b\u0107 elektryczn\u0105, co sprawia, \u017ce jest szczeg\u00f3lnie odpowiedni do wytwarzania zaawansowanych komponent\u00f3w elektronicznych i specjalnych stop\u00f3w.<\/p>\n<h2><strong>Posta\u0107:<\/strong><\/h2>\n<ul>\n<li>granulki<\/li>\n<li>sztabki<\/li>\n<\/ul>\n<h2><strong>W\u0142a\u015bciwo\u015bci fizyczne<\/strong><strong>\uff1a<\/strong><strong>\u3000\u3000\u3000\u3000\u3000\u3000\u3000\u3000\u3000\u3000<\/strong><\/h2>\n<ul>\n<li>masa atomowa\uff1a74.921\uff1bg\u0119sto\u015b\u0107\uff1a5.727g\/cm\u00b3<\/li>\n<li>temperatura topnienia\uff1a814\u2103\uff1btemperatura wrzenia\uff1a613\u2103<\/li>\n<\/ul>\n<h2><strong>Specyfikacja produktu<\/strong><\/h2>\n<table>\n<tbody>\n<tr>\n<td width=\"138\">Specyfikacja<\/td>\n<td width=\"138\">Stopie\u0144 czysto\u015bci<\/td>\n<td width=\"138\">Analiza zanieczyszcze\u0144<\/td>\n<td width=\"138\">Zawarto\u015b\u0107 zanieczyszcze\u0144<\/td>\n<\/tr>\n<tr>\n<td width=\"138\">Arsen o wysokiej czysto\u015bci\uff086N\uff09<\/td>\n<td width=\"138\">99.9999%<\/td>\n<td width=\"138\">Cu\u3001Ag\u3001Mg\u3001Sb\u3001Ni\u3001Zn\u3001Bi\u3001<br \/>\nCa\u3001Fe\u3001Cr\u3001Na\u3001Al\u3001Pb\u3001K<\/td>\n<td width=\"138\">&lt;1ppm<\/td>\n<\/tr>\n<tr>\n<td width=\"138\">Arsen o wysokiej czysto\u015bci\uff087N\uff09<\/td>\n<td width=\"138\">99.99999%<\/td>\n<td width=\"138\">Cu\u3001Ag\u3001Mg\u3001Sb\u3001Ni\u3001Zn\u3001Bi\u3001<br \/>\nCa\u3001Fe\u3001Cr\u3001Na\u3001S\u3001Al\u3001Se\u3001Pb\u3001K\u3001<br \/>\nSi\u3001Ge\u3001Cd\u3001Sn\u3001Te<\/td>\n<td width=\"138\">&lt;0.1ppm<\/td>\n<\/tr>\n<tr>\n<td width=\"138\">Arsen o superwysokiej czysto\u015bci\uff087N5\uff09<\/td>\n<td width=\"138\">99.999995%<\/td>\n<td width=\"138\">Cu\u3001Ag\u3001Mg\u3001Sb\u3001Ni\u3001Zn\u3001Bi\u3001<br \/>\nCa\u3001Fe\u3001Cr\u3001Na\u3001S\u3001Al\u3001Se\u3001Pb\u3001K\u3001<br \/>\nSi\u3001Ge\u3001Cd\u3001Sn\u3001Te<\/td>\n<td width=\"138\">&lt;0.05ppm<\/td>\n<\/tr>\n<\/tbody>\n<\/table>\n<h2><\/h2>\n<h2><strong>Zakres zastosowa\u0144<\/strong><strong>\uff1a<\/strong><strong>\u3000\u3000\u3000\u3000\u3000\u3000\u3000\u3000\u3000<\/strong><\/h2>\n<ul>\n<li>Arsen o wysokiej czysto\u015bci jest surowcem do produkcji arsenku galu, zwi\u0105zku p\u00f3\u0142przewodnikowego, szeroko stosowanego w p\u00f3\u0142przewodnikach, nadajnikach podczerwieni, farbach, ceramice, przemy\u015ble chemicznym i innych dziedzinach<\/li>\n<\/ul>\n<h2><strong>Opakowanie\uff1a<\/strong><\/h2>\n<ul>\n<li>Po owini\u0119ciu foli\u0105 poliestrow\u0105, pakowanie pr\u00f3\u017cniowe w plastikow\u0105 foli\u0119 lub pakowanie pr\u00f3\u017cniowe w rur\u0119 kwarcow\u0105<\/li>\n<\/ul>\n<h2><strong>Zpraszamy do zapytania o wycen\u0119<\/strong><\/h2>\n<p>[contact-form][contact-field label=&#8221;Nazwa&#8221; type=&#8221;name&#8221; required=&#8221;1&#8243;][contact-field label=&#8221;Adres e-mail&#8221; type=&#8221;email&#8221; required=&#8221;1&#8243;][contact-field label=&#8221;Strona internetowa&#8221; type=&#8221;url&#8221;][contact-field label=&#8221;Wiadomo\u015b\u0107&#8221; type=&#8221;textarea&#8221;][\/contact-form]<\/p>\n","protected":false},"excerpt":{"rendered":"<h2>Arsen posiada dobr\u0105 stabilno\u015b\u0107 chemiczn\u0105 i wysok\u0105 przewodno\u015b\u0107 elektryczn\u0105, co sprawia, \u017ce jest szczeg\u00f3lnie odpowiedni do wytwarzania zaawansowanych komponent\u00f3w elektronicznych i specjalnych stop\u00f3w.<\/h2>\n<p>&nbsp;<\/p>\n<p><strong><span style=\"font-size: 1.7em;\">W\u0142a\u015bciwo\u015bci fizyczne:<\/span><\/strong><strong style=\"font-size: 1.7em;\">\u3000\u3000\u3000\u3000\u3000\u3000\u3000\u3000\u3000\u3000\u3000\u3000\u3000<\/strong><\/p>\n<ul>\n<li>masa atomowa\uff1a74.921\uff1bg\u0119sto\u015b\u0107\uff1a5.727g\/cm\u00b3<\/li>\n<li>temperatura topnienia\uff1a814\u2103\uff1btemperatura wrzenia\uff1a613\u2103<\/li>\n<\/ul>\n<h2><strong>Zakres zastosowa\u0144:<\/strong><\/h2>\n<ul>\n<li>Arsen o wysokiej czysto\u015bci jest surowcem do produkcji arsenku galu, zwi\u0105zku p\u00f3\u0142przewodnikowego, szeroko stosowanego w p\u00f3\u0142przewodnikach, nadajnikach podczerwieni, farbach, ceramice, przemy\u015ble chemicznym i innych dziedzinach.<\/li>\n<\/ul>\n<h5><strong><span style=\"color: #ff0000;\">\u25b2 Zapraszamy do zapyta\u0144 o wycen\u0119:<\/span> <a href=\"https:\/\/honwaygroup.com\/pl\/skontaktuj-sie-z-nami\/\" target=\"_blank\" rel=\"noopener\">Skontaktuj si\u0119 z nami!<\/a><\/strong><\/h5>\n<h5><span style=\"color: #ff0000;\"><strong>\u25b2 Przy wi\u0119kszych zam\u00f3wieniach istnieje mo\u017cliwo\u015b\u0107 uzyskania rabatu, prosimy o kontakt z obs\u0142ug\u0105 klienta.<\/strong><\/span><\/h5>\n<h5><strong>\u25b2 <span style=\"color: #ff0000;\">W celu uzyskania informacji o rzeczywistym czasie dostawy prosimy o kontakt z obs\u0142ug\u0105 klienta<\/span>: <a href=\"https:\/\/honwaygroup.com\/pl\/skontaktuj-sie-z-nami\/\">Skontaktuj si\u0119 z nami!<\/a><\/strong><\/h5>\n","protected":false},"featured_media":74509,"template":"","meta":{"site-sidebar-layout":"default","site-content-layout":"","ast-site-content-layout":"default","site-content-style":"default","site-sidebar-style":"default","ast-global-header-display":"","ast-banner-title-visibility":"","ast-main-header-display":"","ast-hfb-above-header-display":"","ast-hfb-below-header-display":"","ast-hfb-mobile-header-display":"","site-post-title":"","ast-breadcrumbs-content":"","ast-featured-img":"","footer-sml-layout":"","ast-disable-related-posts":"","theme-transparent-header-meta":"default","adv-header-id-meta":"","stick-header-meta":"","header-above-stick-meta":"","header-main-stick-meta":"","header-below-stick-meta":"","astra-migrate-meta-layouts":"set","ast-page-background-enabled":"default","ast-page-background-meta":{"desktop":{"background-color":"var(--ast-global-color-5)","background-image":"","background-repeat":"repeat","background-position":"center center","background-size":"auto","background-attachment":"scroll","background-type":"","background-media":"","overlay-type":"","overlay-color":"","overlay-opacity":"","overlay-gradient":""},"tablet":{"background-color":"","background-image":"","background-repeat":"repeat","background-position":"center center","background-size":"auto","background-attachment":"scroll","background-type":"","background-media":"","overlay-type":"","overlay-color":"","overlay-opacity":"","overlay-gradient":""},"mobile":{"background-color":"","background-image":"","background-repeat":"repeat","background-position":"center center","background-size":"auto","background-attachment":"scroll","background-type":"","background-media":"","overlay-type":"","overlay-color":"","overlay-opacity":"","overlay-gradient":""}},"ast-content-background-meta":{"desktop":{"background-color":"var(--ast-global-color-4)","background-image":"","background-repeat":"repeat","background-position":"center center","background-size":"auto","background-attachment":"scroll","background-type":"","background-media":"","overlay-type":"","overlay-color":"","overlay-opacity":"","overlay-gradient":""},"tablet":{"background-color":"var(--ast-global-color-4)","background-image":"","background-repeat":"repeat","background-position":"center center","background-size":"auto","background-attachment":"scroll","background-type":"","background-media":"","overlay-type":"","overlay-color":"","overlay-opacity":"","overlay-gradient":""},"mobile":{"background-color":"var(--ast-global-color-4)","background-image":"","background-repeat":"repeat","background-position":"center center","background-size":"auto","background-attachment":"scroll","background-type":"","background-media":"","overlay-type":"","overlay-color":"","overlay-opacity":"","overlay-gradient":""}}},"product_brand":[],"product_cat":[4051],"product_tag":[4116,4120,4118,4117,4119,4121],"class_list":{"0":"post-75736","1":"product","2":"type-product","3":"status-publish","4":"has-post-thumbnail","6":"product_cat-surowce-metaliczne-pl","7":"product_tag-arsen","8":"product_tag-ceramika","9":"product_tag-nadajniki-podczerwieni","10":"product_tag-polprzewodniki","11":"product_tag-powloki-malarskie","12":"product_tag-przemysl-chemiczny","13":"desktop-align-left","14":"tablet-align-left","15":"mobile-align-left","16":"ast-product-gallery-layout-horizontal-slider","17":"ast-product-gallery-with-no-image","18":"ast-product-tabs-layout-horizontal","20":"first","21":"instock","22":"taxable","23":"shipping-taxable","24":"product-type-simple"},"_links":{"self":[{"href":"https:\/\/honwaygroup.com\/pl\/wp-json\/wp\/v2\/product\/75736","targetHints":{"allow":["GET"]}}],"collection":[{"href":"https:\/\/honwaygroup.com\/pl\/wp-json\/wp\/v2\/product"}],"about":[{"href":"https:\/\/honwaygroup.com\/pl\/wp-json\/wp\/v2\/types\/product"}],"version-history":[{"count":0,"href":"https:\/\/honwaygroup.com\/pl\/wp-json\/wp\/v2\/product\/75736\/revisions"}],"wp:featuredmedia":[{"embeddable":true,"href":"https:\/\/honwaygroup.com\/pl\/wp-json\/wp\/v2\/media\/74509"}],"wp:attachment":[{"href":"https:\/\/honwaygroup.com\/pl\/wp-json\/wp\/v2\/media?parent=75736"}],"wp:term":[{"taxonomy":"product_brand","embeddable":true,"href":"https:\/\/honwaygroup.com\/pl\/wp-json\/wp\/v2\/product_brand?post=75736"},{"taxonomy":"product_cat","embeddable":true,"href":"https:\/\/honwaygroup.com\/pl\/wp-json\/wp\/v2\/product_cat?post=75736"},{"taxonomy":"product_tag","embeddable":true,"href":"https:\/\/honwaygroup.com\/pl\/wp-json\/wp\/v2\/product_tag?post=75736"}],"curies":[{"name":"wp","href":"https:\/\/api.w.org\/{rel}","templated":true}]}}