{"id":75730,"date":"2025-02-25T15:33:20","date_gmt":"2025-02-25T07:33:20","guid":{"rendered":"https:\/\/honwaygroup.com\/product\/surowce-selen-se-selenium-material-bebnow-selenowych-material-optoelektroniczny\/"},"modified":"2025-02-27T14:00:23","modified_gmt":"2025-02-27T06:00:23","slug":"surowce-selen-se-selenium-material-bebnow-selenowych-material-optoelektroniczny","status":"publish","type":"product","link":"https:\/\/honwaygroup.com\/pl\/produkt\/surowce-selen-se-selenium-material-bebnow-selenowych-material-optoelektroniczny\/","title":{"rendered":"Surowce metaliczne &#8211; Selen (Se) Selenium &#8211; materia\u0142 b\u0119bn\u00f3w selenowych, materia\u0142 optoelektroniczny<br>"},"content":{"rendered":"<h1>Selen (Se) Selenium<\/h1>\n<p>Selen jest niemetalicznym pierwiastkiem, wykazuj\u0105cym w\u0142a\u015bciwo\u015bci fotoprzewodz\u0105ce i antyoksydacyjne. Stosowany jest g\u0142\u00f3wnie w przemy\u015ble szklarskim, ceramicznym, w produkcji ogniw s\u0142onecznych oraz jako dodatek do pasz.<\/p>\n<h2><strong>Stan fizyczny:<\/strong><\/h2>\n<ul>\n<li>proszek<\/li>\n<li>kuleczki<\/li>\n<li>bry\u0142ki<\/li>\n<\/ul>\n<h2><strong>W\u0142a\u015bciwo\u015bci fizyczne<\/strong><strong>\uff1a<\/strong><strong>\u3000\u3000\u3000\u3000\u3000\u3000\u3000\u3000\u3000\u3000<\/strong><\/h2>\n<ul>\n<li>masa atomowa\uff1a78.96\uff1bg\u0119sto\u015b\u0107\uff1a4.81g\/cm\u00b3\uff1b<\/li>\n<li>temperatura topnienia\uff1a221\u2103\uff1btemperatura wrzenia\uff1a684.9\u2103<\/li>\n<\/ul>\n<h2><strong>Specyfikacja produktu<\/strong><\/h2>\n<table>\n<tbody>\n<tr>\n<td width=\"138\">Specyfikacja<\/td>\n<td width=\"138\">Stopie\u0144 czysto\u015bci<\/td>\n<td width=\"138\">Analiza zanieczyszcze\u0144<\/td>\n<td width=\"138\">Zawarto\u015b\u0107 zanieczyszcze\u0144<\/td>\n<\/tr>\n<tr>\n<td width=\"138\">Selen o wysokiej czysto\u015bci\uff085N\uff09<\/td>\n<td width=\"138\">99.999%<\/td>\n<td width=\"138\">Ag\u3001Al\u3001Bi\u3001Cd\u3001Cu\u3001Fe\u3001Ca\u3001In\u3001Md\u3001Ni\u3001Pb\u3001Sb\u3001Te\u3001Tl<\/td>\n<td width=\"138\">&lt;10ppm<\/td>\n<\/tr>\n<tr>\n<td width=\"138\">Selen o superwysokiej czysto\u015bci\uff086N\uff09<\/td>\n<td width=\"138\">99.9999%<\/td>\n<td width=\"138\">Ag\u3001Al\u3001Bi\u3001Co\u3001Cu\u3001Fe\u3001Ni<\/td>\n<td width=\"138\">&lt;1ppm<\/td>\n<\/tr>\n<\/tbody>\n<\/table>\n<p>&nbsp;<\/p>\n<h2><strong>Zakres zastosowa\u0144<\/strong><strong>\uff1a<\/strong><strong>\u3000\u3000\u3000\u3000\u3000\u3000\u3000\u3000\u3000<\/strong><\/h2>\n<ul>\n<li>Stosowany do wytwarzania materia\u0142\u00f3w b\u0119bn\u00f3w selenowych, materia\u0142\u00f3w optoelektronicznych, w fotografii elektrostatycznej oraz w innych materia\u0142ach do instrument\u00f3w optycznych<\/li>\n<\/ul>\n<h2><strong>Opakowanie\uff1a<\/strong><\/h2>\n<ul>\n<li>Pakowanie pr\u00f3\u017cniowe w worki PE bezpy\u0142owe i worki aluminiowo-plastikowe<\/li>\n<li>Szklana butelka z gazem ochronnym + pakowanie pr\u00f3\u017cniowe w worki PE<\/li>\n<\/ul>\n<h2><strong>Zpraszamy do zapytania o wycen\u0119<\/strong><\/h2>\n<p>[contact-form][contact-field label=&#8221;Nazwa&#8221; type=&#8221;name&#8221; required=&#8221;1&#8243;][contact-field label=&#8221;Adres e-mail&#8221; type=&#8221;email&#8221; required=&#8221;1&#8243;][contact-field label=&#8221;Strona internetowa&#8221; type=&#8221;url&#8221;][contact-field label=&#8221;Wiadomo\u015b\u0107&#8221; type=&#8221;textarea&#8221;][\/contact-form]<\/p>\n","protected":false},"excerpt":{"rendered":"<h2>Selen jest niemetalicznym pierwiastkiem, kt\u00f3ry ma w\u0142a\u015bciwo\u015bci fotoprzewodz\u0105ce i przeciwutleniaj\u0105ce.<\/h2>\n<p>&nbsp;<\/p>\n<p><strong><span style=\"font-size: 1.7em;\">W\u0142a\u015bciwo\u015bci fizyczne:<\/span><\/strong><strong style=\"font-size: 1.7em;\">\u3000\u3000\u3000\u3000\u3000\u3000\u3000\u3000\u3000\u3000\u3000\u3000\u3000<\/strong><\/p>\n<ul>\n<li>Masa atomowa\uff1a78.96\uff1bg\u0119sto\u015b\u0107\uff1a4.81g\/cm\u00b3\uff1b<\/li>\n<li>Temperatura topnienia\uff1a221\u2103\uff1btemperatura wrzenia\uff1a684.9\u2103<\/li>\n<\/ul>\n<h2><strong>Zakres zastosowa\u0144:<\/strong><\/h2>\n<ul>\n<li>U\u017cywany do przygotowywania materia\u0142\u00f3w do b\u0119bn\u00f3w selenowych, materia\u0142\u00f3w optoelektronicznych, w fotografii elektrostatycznej i innych materia\u0142\u00f3w do instrument\u00f3w optycznych.<\/li>\n<\/ul>\n<h5><strong><span style=\"color: #ff0000;\">\u25b2 Zapraszamy do zapyta\u0144 o wycen\u0119:<\/span> <a href=\"https:\/\/honwaygroup.com\/pl\/skontaktuj-sie-z-nami\/\" target=\"_blank\" rel=\"noopener\">Skontaktuj si\u0119 z nami!<\/a><\/strong><\/h5>\n<h5><span style=\"color: #ff0000;\"><strong>\u25b2 Przy wi\u0119kszych zam\u00f3wieniach istnieje mo\u017cliwo\u015b\u0107 uzyskania rabatu, prosimy o kontakt z obs\u0142ug\u0105 klienta.<\/strong><\/span><\/h5>\n<h5><strong>\u25b2 <span style=\"color: #ff0000;\">W celu uzyskania informacji o rzeczywistym czasie dostawy prosimy o kontakt z obs\u0142ug\u0105 klienta<\/span>: <a href=\"https:\/\/honwaygroup.com\/pl\/skontaktuj-sie-z-nami\/\">Skontaktuj si\u0119 z nami!<\/a><\/strong><\/h5>\n","protected":false},"featured_media":75596,"template":"","meta":{"site-sidebar-layout":"default","site-content-layout":"","ast-site-content-layout":"default","site-content-style":"default","site-sidebar-style":"default","ast-global-header-display":"","ast-banner-title-visibility":"","ast-main-header-display":"","ast-hfb-above-header-display":"","ast-hfb-below-header-display":"","ast-hfb-mobile-header-display":"","site-post-title":"","ast-breadcrumbs-content":"","ast-featured-img":"","footer-sml-layout":"","ast-disable-related-posts":"","theme-transparent-header-meta":"default","adv-header-id-meta":"","stick-header-meta":"default","header-above-stick-meta":"","header-main-stick-meta":"","header-below-stick-meta":"","astra-migrate-meta-layouts":"set","ast-page-background-enabled":"default","ast-page-background-meta":{"desktop":{"background-color":"var(--ast-global-color-5)","background-image":"","background-repeat":"repeat","background-position":"center center","background-size":"auto","background-attachment":"scroll","background-type":"","background-media":"","overlay-type":"","overlay-color":"","overlay-opacity":"","overlay-gradient":""},"tablet":{"background-color":"","background-image":"","background-repeat":"repeat","background-position":"center center","background-size":"auto","background-attachment":"scroll","background-type":"","background-media":"","overlay-type":"","overlay-color":"","overlay-opacity":"","overlay-gradient":""},"mobile":{"background-color":"","background-image":"","background-repeat":"repeat","background-position":"center center","background-size":"auto","background-attachment":"scroll","background-type":"","background-media":"","overlay-type":"","overlay-color":"","overlay-opacity":"","overlay-gradient":""}},"ast-content-background-meta":{"desktop":{"background-color":"var(--ast-global-color-4)","background-image":"","background-repeat":"repeat","background-position":"center center","background-size":"auto","background-attachment":"scroll","background-type":"","background-media":"","overlay-type":"","overlay-color":"","overlay-opacity":"","overlay-gradient":""},"tablet":{"background-color":"var(--ast-global-color-4)","background-image":"","background-repeat":"repeat","background-position":"center center","background-size":"auto","background-attachment":"scroll","background-type":"","background-media":"","overlay-type":"","overlay-color":"","overlay-opacity":"","overlay-gradient":""},"mobile":{"background-color":"var(--ast-global-color-4)","background-image":"","background-repeat":"repeat","background-position":"center center","background-size":"auto","background-attachment":"scroll","background-type":"","background-media":"","overlay-type":"","overlay-color":"","overlay-opacity":"","overlay-gradient":""}}},"product_brand":[],"product_cat":[4051],"product_tag":[4114,4112,4113,4115,4111],"class_list":{"0":"post-75730","1":"product","2":"type-product","3":"status-publish","4":"has-post-thumbnail","6":"product_cat-surowce-metaliczne-pl","7":"product_tag-elektrofotografia","8":"product_tag-material-bebna-selenowego","9":"product_tag-materialy-optoelektroniczne","10":"product_tag-optyka","11":"product_tag-selen","12":"desktop-align-left","13":"tablet-align-left","14":"mobile-align-left","15":"ast-product-gallery-layout-horizontal-slider","16":"ast-product-gallery-with-no-image","17":"ast-product-tabs-layout-horizontal","19":"first","20":"instock","21":"taxable","22":"shipping-taxable","23":"product-type-simple"},"_links":{"self":[{"href":"https:\/\/honwaygroup.com\/pl\/wp-json\/wp\/v2\/product\/75730","targetHints":{"allow":["GET"]}}],"collection":[{"href":"https:\/\/honwaygroup.com\/pl\/wp-json\/wp\/v2\/product"}],"about":[{"href":"https:\/\/honwaygroup.com\/pl\/wp-json\/wp\/v2\/types\/product"}],"version-history":[{"count":0,"href":"https:\/\/honwaygroup.com\/pl\/wp-json\/wp\/v2\/product\/75730\/revisions"}],"wp:featuredmedia":[{"embeddable":true,"href":"https:\/\/honwaygroup.com\/pl\/wp-json\/wp\/v2\/media\/75596"}],"wp:attachment":[{"href":"https:\/\/honwaygroup.com\/pl\/wp-json\/wp\/v2\/media?parent=75730"}],"wp:term":[{"taxonomy":"product_brand","embeddable":true,"href":"https:\/\/honwaygroup.com\/pl\/wp-json\/wp\/v2\/product_brand?post=75730"},{"taxonomy":"product_cat","embeddable":true,"href":"https:\/\/honwaygroup.com\/pl\/wp-json\/wp\/v2\/product_cat?post=75730"},{"taxonomy":"product_tag","embeddable":true,"href":"https:\/\/honwaygroup.com\/pl\/wp-json\/wp\/v2\/product_tag?post=75730"}],"curies":[{"name":"wp","href":"https:\/\/api.w.org\/{rel}","templated":true}]}}