{"id":75691,"date":"2021-01-17T16:22:32","date_gmt":"2021-01-17T08:22:32","guid":{"rendered":"https:\/\/honwaygroup.com\/product\/ostrzalki-stozkowe\/"},"modified":"2025-10-29T17:46:15","modified_gmt":"2025-10-29T09:46:15","slug":"ostrzalki-stozkowe","status":"publish","type":"product","link":"https:\/\/honwaygroup.com\/pl\/produkt\/ostrzalki-stozkowe\/","title":{"rendered":"Ostrza\u0142ki sto\u017ckowe"},"content":{"rendered":"<h3><strong>Ostrza\u0142ki sto\u017ckowe<\/strong><\/h3>\n<p>Ostrza\u0142ka sto\u017ckowa (okr\u0105g\u0142a) wykorzystuj\u0105c ekstremaln\u0105 twardo\u015b\u0107 diamentu, s\u0142u\u017cy do og\u00f3lnego ostrzenia, wyka\u0144czania, formowania i redukcji grubo\u015bci standardowych \u015bciernic z <a href=\"https:\/\/zh.wikipedia.org\/zh-hant\/%E6%B0%A7%E5%8C%96%E9%93%9D\" rel=\"nofollow noopener\" target=\"_blank\">w\u0119glika krzemu<\/a> i tlenku glinu.<\/p>\n<p>&nbsp;<\/p>\n<p><a href=\"https:\/\/honwaygroup.com\/wp-content\/uploads\/2021\/01\/%E5%9C%93%E9%8C%90%E4%BF%AE%E5%88%80_%E5%B7%A5%E4%BD%9C%E5%8D%80%E5%9F%9F-1-%E8%A4%87%E6%9C%AC-28-1.webp\"><img fetchpriority=\"high\" decoding=\"async\" class=\"alignnone wp-image-28619 size-full\" src=\"https:\/\/honwaygroup.com\/wp-content\/uploads\/2021\/01\/%E5%9C%93%E9%8C%90%E4%BF%AE%E5%88%80_%E5%B7%A5%E4%BD%9C%E5%8D%80%E5%9F%9F-1-%E8%A4%87%E6%9C%AC-28-1.webp\" alt=\"\" width=\"594\" height=\"250\"><\/a><\/p>\n<table class=\"specTable\" width=\"100%\">\n<tbody>\n<tr>\n<th>K\u0105t<br \/>\n(V\u00b0)<\/th>\n<th>Promie\u0144 wierzcho\u0142kowy<br \/>\n(R)<\/th>\n<th>Surowiec diamentowy<\/th>\n<th>Numer seryjny<\/th>\n<\/tr>\n<tr>\n<td>60\u00b0<\/td>\n<td>0.02~0.03R<\/td>\n<td>\u00d81\/8\u201dx1\u201dL<\/td>\n<td>DC600<\/td>\n<\/tr>\n<tr>\n<td>60\u00b0<\/td>\n<td>0.02~0.03R<\/td>\n<td>\u00d81\/8\u201dx2\u201dL<\/td>\n<td>DC601<\/td>\n<\/tr>\n<tr>\n<td>60\u00b0<\/td>\n<td>0.02~0.03R<\/td>\n<td>\u00d81\/4\u201dx2\u201dL<\/td>\n<td>DC602<\/td>\n<\/tr>\n<tr>\n<td>60\u00b0<\/td>\n<td>0.02~0.03R<\/td>\n<td>\u00d83\/8\u201dx2\u201dL<\/td>\n<td>DC603<\/td>\n<\/tr>\n<tr>\n<td>60\u00b0<\/td>\n<td>0.02~0.03R<\/td>\n<td>\u00d810 x 50L(mm)<\/td>\n<td>DC604<\/td>\n<\/tr>\n<\/tbody>\n<\/table>\n<p>Masz pytanie? <a href=\"https:\/\/honwaygroup.com\/pl\/skontaktuj-sie-z-nami\/\">Skontaktuj si\u0119 z nami!<\/a><\/p>\n","protected":false},"excerpt":{"rendered":"<ul>\n<li>Ostrza\u0142ka sto\u017ckowa (okr\u0105g\u0142a) jest u\u017cywana do formowania i wyka\u0144czania \u015bciernic, a tak\u017ce do formowania wewn\u0119trznych i zewn\u0119trznych \u0142uk\u00f3w<\/li>\n<\/ul>\n<h5><strong><span style=\"color: #ff0000; font-size: 19.2px;\">\u25b2<\/span><\/strong> <strong><span style=\"color: #ff0000; font-size: 19.2px;\">W przypadku zapotrzebowania na niestandardowe rozmiary prosimy o kontakt z obs\u0142ug\u0105 klienta. W celu uzyskania informacji o czas realizacji takiego zam\u00f3wienia r\u00f3wnie\u017c prosimy o kontakt z obs\u0142ug\u0105 klienta.<\/span><\/strong><\/h5>\n<h5><span style=\"color: #ff0000;\"><b>\u25b2 Przy wi\u0119kszych zam\u00f3wieniach istnieje mo\u017cliwo\u015b\u0107 uzyskania rabatu, prosimy o kontakt z obs\u0142ug\u0105 klienta.<\/b><\/span><\/h5>\n<h5>\u25b2 <span style=\"color: #ff0000;\"><b>W celu uzyskania informacji o rzeczywistym czasie dostawy prosimy o kontakt z obs\u0142ug\u0105 klienta:<\/b><\/span> <a href=\"https:\/\/honwaygroup.com\/pl\/skontaktuj-sie-z-nami\/\"><b>Skontaktuj si\u0119 z nami!<\/b><\/a><\/h5>\n","protected":false},"featured_media":73387,"template":"","meta":{"site-sidebar-layout":"default","site-content-layout":"default","ast-site-content-layout":"default","site-content-style":"default","site-sidebar-style":"default","ast-global-header-display":"","ast-banner-title-visibility":"","ast-main-header-display":"","ast-hfb-above-header-display":"","ast-hfb-below-header-display":"","ast-hfb-mobile-header-display":"","site-post-title":"","ast-breadcrumbs-content":"","ast-featured-img":"","footer-sml-layout":"","ast-disable-related-posts":"","theme-transparent-header-meta":"default","adv-header-id-meta":"","stick-header-meta":"default","header-above-stick-meta":"","header-main-stick-meta":"","header-below-stick-meta":"","astra-migrate-meta-layouts":"default","ast-page-background-enabled":"default","ast-page-background-meta":{"desktop":{"background-color":"var(--ast-global-color-5)","background-image":"","background-repeat":"repeat","background-position":"center center","background-size":"auto","background-attachment":"scroll","background-type":"","background-media":"","overlay-type":"","overlay-color":"","overlay-opacity":"","overlay-gradient":""},"tablet":{"background-color":"","background-image":"","background-repeat":"repeat","background-position":"center center","background-size":"auto","background-attachment":"scroll","background-type":"","background-media":"","overlay-type":"","overlay-color":"","overlay-opacity":"","overlay-gradient":""},"mobile":{"background-color":"","background-image":"","background-repeat":"repeat","background-position":"center center","background-size":"auto","background-attachment":"scroll","background-type":"","background-media":"","overlay-type":"","overlay-color":"","overlay-opacity":"","overlay-gradient":""}},"ast-content-background-meta":{"desktop":{"background-color":"var(--ast-global-color-4)","background-image":"","background-repeat":"repeat","background-position":"center center","background-size":"auto","background-attachment":"scroll","background-type":"","background-media":"","overlay-type":"","overlay-color":"","overlay-opacity":"","overlay-gradient":""},"tablet":{"background-color":"var(--ast-global-color-4)","background-image":"","background-repeat":"repeat","background-position":"center center","background-size":"auto","background-attachment":"scroll","background-type":"","background-media":"","overlay-type":"","overlay-color":"","overlay-opacity":"","overlay-gradient":""},"mobile":{"background-color":"var(--ast-global-color-4)","background-image":"","background-repeat":"repeat","background-position":"center center","background-size":"auto","background-attachment":"scroll","background-type":"","background-media":"","overlay-type":"","overlay-color":"","overlay-opacity":"","overlay-gradient":""}}},"product_brand":[],"product_cat":[3446,3616],"product_tag":[3947,3946,3686],"class_list":{"0":"post-75691","1":"product","2":"type-product","3":"status-publish","4":"has-post-thumbnail","6":"product_cat-dianond-tools-pl","7":"product_cat-diamentowe-narzedzia-do-ostrzenia","8":"product_tag-diamentowe-narzedzia-do-obrobki-wykonczeniowej","9":"product_tag-obciagacze-diamentowe","10":"product_tag-ostrzalki-stozkowe","11":"desktop-align-left","12":"tablet-align-left","13":"mobile-align-left","14":"ast-product-gallery-layout-horizontal-slider","15":"ast-product-gallery-with-no-image","16":"ast-product-single-variable","17":"ast-product-tabs-layout-horizontal","19":"first","20":"instock","21":"taxable","22":"shipping-taxable","23":"purchasable","24":"product-type-variable"},"_links":{"self":[{"href":"https:\/\/honwaygroup.com\/pl\/wp-json\/wp\/v2\/product\/75691","targetHints":{"allow":["GET"]}}],"collection":[{"href":"https:\/\/honwaygroup.com\/pl\/wp-json\/wp\/v2\/product"}],"about":[{"href":"https:\/\/honwaygroup.com\/pl\/wp-json\/wp\/v2\/types\/product"}],"version-history":[{"count":0,"href":"https:\/\/honwaygroup.com\/pl\/wp-json\/wp\/v2\/product\/75691\/revisions"}],"wp:featuredmedia":[{"embeddable":true,"href":"https:\/\/honwaygroup.com\/pl\/wp-json\/wp\/v2\/media\/73387"}],"wp:attachment":[{"href":"https:\/\/honwaygroup.com\/pl\/wp-json\/wp\/v2\/media?parent=75691"}],"wp:term":[{"taxonomy":"product_brand","embeddable":true,"href":"https:\/\/honwaygroup.com\/pl\/wp-json\/wp\/v2\/product_brand?post=75691"},{"taxonomy":"product_cat","embeddable":true,"href":"https:\/\/honwaygroup.com\/pl\/wp-json\/wp\/v2\/product_cat?post=75691"},{"taxonomy":"product_tag","embeddable":true,"href":"https:\/\/honwaygroup.com\/pl\/wp-json\/wp\/v2\/product_tag?post=75691"}],"curies":[{"name":"wp","href":"https:\/\/api.w.org\/{rel}","templated":true}]}}