{"id":75687,"date":"2015-06-18T04:18:15","date_gmt":"2015-06-17T20:18:15","guid":{"rendered":"https:\/\/honwaygroup.com\/product\/diamentowa-nylonowa-szczotka-rurowa-diamond-brush\/"},"modified":"2015-06-18T04:18:15","modified_gmt":"2015-06-17T20:18:15","slug":"diamentowa-nylonowa-szczotka-rurowa-diamond-brush","status":"publish","type":"product","link":"https:\/\/honwaygroup.com\/pl\/produkt\/diamentowa-nylonowa-szczotka-rurowa-diamond-brush\/","title":{"rendered":"Diamentowa nylonowa szczotka rurowa , Diamond brush"},"content":{"rendered":"<p>Diamentowa nylonowa szczotka rurowa, Diamond brush<\/p>\n<p>Zakres zastosowania produktu:<\/p>\n<ol>\n<li> Szlifowanie, polerowanie i fazowanie trudnych w obr\u00f3bce materia\u0142\u00f3w, takich jak <a href=\"https:\/\/zh.wikipedia.org\/zh-tw\/%E7%A2%B3%E5%8C%96%E9%92%9B\" rel=\"nofollow noopener\" target=\"_blank\">w\u0119glik tytanu<\/a>, <a href=\"https:\/\/zh.wikipedia.org\/zh-hk\/%E7%A2%B3%E5%8C%96%E9%8E%A2\" rel=\"nofollow noopener\" target=\"_blank\">w\u0119glik wolframu<\/a> i inne stopy twarde.<\/li>\n<li> Szlifowanie i polerowanie szk\u0142a szafirowego i kamieni szlachetnych.<\/li>\n<li> Polerowanie i wyka\u0144czanie surowych kraw\u0119dzi niebieskiego szk\u0142a optycznego.<\/li>\n<li> szlifowanie i polerowanie blok\u00f3w krzemu do paneli s\u0142onecznych<\/li>\n<li> Szlifowanie i polerowanie przedmiot\u00f3w o nieregularnych kszta\u0142tach, takich jak jadeitowe rze\u017aby, du\u017ce rze\u017aby kamienne i inne trudne do wypolerowania przedmioty.<\/li>\n<\/ol>\n<p>Doskona\u0142e w\u0142a\u015bciwo\u015bci stosowania produktu:<\/p>\n<ol>\n<li> Stosowane w ultraprecyzyjnych procesach obr\u00f3bki.<\/li>\n<li> Zapewnia doskona\u0142e efekty szlifowania.<\/li>\n<li> Charakteryzuje si\u0119 d\u0142ug\u0105 \u015bredni\u0105 \u017cywotno\u015bci\u0105.<\/li>\n<li> Mo\u017ce by\u0107 stosowane w trudnych \u015brodowiskach kwasowych i zasadowych, jest odporne na wysokie temperatury do 270\u00b0C i posiada w\u0142a\u015bciwo\u015bci antystatyczne.<\/li>\n<\/ol>\n<ol start=\"5\">\n<li>Diamentowa nylonowa szczotka rurowa, w przeciwie\u0144stwie do tradycyjnych \u015bciernic, umo\u017cliwia obr\u00f3bk\u0119 przedmiot\u00f3w o nieregularnych kszta\u0142tach.<\/li>\n<li>Diamentowa nylonowa szczotka rurowa, w przeciwie\u0144stwie do tradycyjnych \u015bciernic, podczas obr\u00f3bki materia\u0142\u00f3w twardych i kruchych, rzadziej powoduje odpryski lub mikrop\u0119kni\u0119cia.<\/li>\n<li> Podczas obr\u00f3bki przedmiotu obrabianego, <a href=\"https:\/\/www.easyatm.com.tw\/wiki\/%E5%85%A7%E6%87%89%E5%8A%9B\" rel=\"nofollow noopener\" target=\"_blank\">napr\u0119\u017cenia wewn\u0119trzne<\/a> pozostaj\u0105ce w przedmiocie obrabianym s\u0105 mniejsze.<\/li>\n<\/ol>\n<p>&nbsp;<\/p>\n<p>Dost\u0119pne granulacje i \u015brednice drutu szczotek.<\/p>\n<p>Tabela referencyjna dost\u0119pnych granulacji szczotek, jednostka: #<\/p>\n<table border=\"1\" width=\"1361\">\n<tbody>\n<tr>\n<td width=\"56\">120<\/td>\n<td width=\"56\">200<\/td>\n<td width=\"56\">400<\/td>\n<td width=\"56\">600<\/td>\n<td width=\"56\">1000<\/td>\n<td width=\"56\">1500<\/td>\n<td width=\"56\">2000<\/td>\n<td width=\"56\">3000<\/td>\n<td width=\"56\">5000<\/td>\n<td width=\"56\">8000<\/td>\n<\/tr>\n<\/tbody>\n<\/table>\n<p>Powy\u017csze granulacje s\u0105 standardowe w produkcji. W przypadku specjalnych zam\u00f3wie\u0144 prosimy o kontakt.<\/p>\n<p>&nbsp;<\/p>\n<p>Tabela referencyjna dost\u0119pnych \u015brednic drutu szczotek, jednostka: mm<\/p>\n<p>Powy\u017csze \u015brednice drutu s\u0105 standardowe w produkcji. W przypadku specjalnych zam\u00f3wie\u0144 prosimy o kontakt.<\/p>\n<table border=\"1\" width=\"1361\">\n<tbody>\n<tr>\n<td width=\"56\">0.20<\/td>\n<td width=\"56\">0.30<\/td>\n<td width=\"56\">0.40<\/td>\n<td width=\"56\">0.50<\/td>\n<td width=\"56\">0.60<\/td>\n<td width=\"56\">0.80<\/td>\n<td width=\"56\">0.90<\/td>\n<td width=\"56\">1.00<\/td>\n<td width=\"56\">1.20<\/td>\n<td width=\"56\">1.50<\/td>\n<\/tr>\n<\/tbody>\n<\/table>\n<p>&nbsp;<\/p>\n<p>&nbsp;<\/p>\n<p>Diamond deburring brushes combine flexible filament material with abrasive highly resistant diamond tips. Their applications are strictly limited to removing burrs, e.g. in oil passage holes. The available diameter range spans from 6 mm diameter and larger.  <\/p>\n<p>Advantages:<br \/>\n* Optimum adaptation to the topography of the workpiece<br \/>\n* High abrasive deburring effect<br \/>\n* High tool life<br \/>\n* Extreme flexibility<br \/>\n* Low unit costs per workpiece<\/p>\n<figure id=\"attachment_949\" aria-describedby=\"caption-attachment-949\" style=\"width: 720px\" class=\"wp-caption alignnone\"><a href=\"https:\/\/honwaygroup.com\/wp-content\/uploads\/2015\/06\/wpid-wp-1434047944884.jpeg\"><img fetchpriority=\"high\" decoding=\"async\" class=\"wp-image-949 size-full\" src=\"https:\/\/honwaygroup.com\/wp-content\/uploads\/2015\/06\/wpid-wp-1434047944884.jpeg\" alt=\"Diamentowa nylonowa szczotka rurowa, Diamond brush\" width=\"720\" height=\"960\" srcset=\"https:\/\/honwaygroup.com\/wp-content\/uploads\/2015\/06\/wpid-wp-1434047944884.jpeg 720w, https:\/\/honwaygroup.com\/wp-content\/uploads\/2015\/06\/wpid-wp-1434047944884-300x400.avif 300w, https:\/\/honwaygroup.com\/wp-content\/uploads\/2015\/06\/wpid-wp-1434047944884-225x300.jpeg 225w, https:\/\/honwaygroup.com\/wp-content\/uploads\/2015\/06\/wpid-wp-1434047944884-600x800.avif 600w\" sizes=\"(max-width: 720px) 100vw, 720px\" \/><\/a><figcaption id=\"caption-attachment-949\" class=\"wp-caption-text\">Gerber, fazowanie, pasywacja, polerowanie, szlifowanie, diamentowa nylonowa szczotka rurowa, diamentowa szczotka rurowa.<\/figcaption><\/figure>\n<p>Masz pytanie? <a href=\"https:\/\/honwaygroup.com\/pl\/skontaktuj-sie-z-nami\/\">Skontaktuj si\u0119 z nami!<\/a><\/p>\n","protected":false},"excerpt":{"rendered":"<p>Diamentowa nylonowa szczotka rurowa, Diamond brush<\/p>\n<p>Zakres zastosowania produktu:<\/p>\n<ol>\n<li>Szlifowanie, polerowanie i fazowanie trudnych w obr\u00f3bce materia\u0142\u00f3w, takich jak w\u0119glik tytanu, w\u0119glik wolframu i inne stopy twarde.<\/li>\n<li>Szlifowanie i polerowanie szk\u0142a szafirowego i kamieni szlachetnych.<\/li>\n<li>Polerowanie i wyka\u0144czanie surowych kraw\u0119dzi niebieskiego szk\u0142a optycznego.<\/li>\n<li>szlifowanie i polerowanie blok\u00f3w krzemu do paneli s\u0142onecznych<\/li>\n<li>Szlifowanie i polerowanie przedmiot\u00f3w o nieregularnych kszta\u0142tach, takich jak jadeitowe rze\u017aby, du\u017ce rze\u017aby kamienne i inne trudne do wypolerowania przedmioty.<\/li>\n<\/ol>\n<p>Doskona\u0142e w\u0142a\u015bciwo\u015bci stosowania produktu:<\/p>\n<ol>\n<li>Stosowane w ultraprecyzyjnych procesach obr\u00f3bki.<\/li>\n<li>Zapewnia doskona\u0142e efekty szlifowania.<\/li>\n<li>Charakteryzuje si\u0119 d\u0142ug\u0105 \u015bredni\u0105 \u017cywotno\u015bci\u0105.<\/li>\n<li>Mo\u017ce by\u0107 stosowane w trudnych \u015brodowiskach kwasowych i zasadowych, a tak\u017ce jest odporne na wysokie temperatury do 270 \u2103 i posiada w\u0142a\u015bciwo\u015bci antystatyczne.<\/li>\n<\/ol>\n<ol start=\"5\">\n<li>W przeciwie\u0144stwie do tradycyjnych \u015bciernic, umo\u017cliwia obr\u00f3bk\u0119 przedmiot\u00f3w o nieregularnych kszta\u0142tach.<\/li>\n<li>W przeciwie\u0144stwie do tradycyjnych \u015bciernic, podczas obr\u00f3bki materia\u0142\u00f3w twardych i kruchych, rzadziej dochodzi do odprysk\u00f3w lub mikrop\u0119kni\u0119\u0107.<\/li>\n<li>Podczas obr\u00f3bki przedmiotu obrabianego napr\u0119\u017cenia wewn\u0119trzne pozostaj\u0105ce w przedmiocie s\u0105 mniejsze.<\/li>\n<\/ol>\n<p>Dost\u0119pne granulacje i \u015brednice drutu szczotek.<\/p>\n<p>Tabela referencyjna dost\u0119pnych granulacji szczotek, jednostka: #<\/p>\n<table border=\"1\" width=\"1361\">\n<tbody>\n<tr>\n<td width=\"56\">120<\/td>\n<td width=\"56\">200<\/td>\n<td width=\"56\">400<\/td>\n<td width=\"56\">600<\/td>\n<td width=\"56\">1000<\/td>\n<td width=\"56\">1500<\/td>\n<td width=\"56\">2000<\/td>\n<td width=\"56\">3000<\/td>\n<td width=\"56\">5000<\/td>\n<td width=\"56\">8000<\/td>\n<\/tr>\n<\/tbody>\n<\/table>\n<p>Powy\u017csze granulacje s\u0105 standardowe w produkcji. W przypadku specjalnych zam\u00f3wie\u0144 prosimy o kontakt.<\/p>\n<p>Tabela referencyjna dost\u0119pnych \u015brednic drutu szczotek, jednostka: mm<\/p>\n<p>Powy\u017csze \u015brednice drutu s\u0105 standardowe w produkcji. W przypadku specjalnych zam\u00f3wie\u0144 prosimy o kontakt.<\/p>\n<table border=\"1\" width=\"1361\">\n<tbody>\n<tr>\n<td width=\"56\">0.20<\/td>\n<td width=\"56\">0.30<\/td>\n<td width=\"56\">0.40<\/td>\n<td width=\"56\">0.50<\/td>\n<td width=\"56\">0.60<\/td>\n<td width=\"56\">0.80<\/td>\n<td width=\"56\">0.90<\/td>\n<td width=\"56\">1.00<\/td>\n<td width=\"56\">1.20<\/td>\n<td width=\"56\">1.50<\/td>\n<\/tr>\n<\/tbody>\n<\/table>\n<p>Diamond deburring brushes combine flexible filament material with abrasive highly resistant diamond tips. Their applications are strictly limited to removing burrs, e.g. in oil passage holes. The available diameter range spans from 6 mm diameter and larger.  <\/p>\n<p>Advantages:<br \/>\n* Optimum adaptation to the topography of the workpiece<br \/>\n* High abrasive deburring effect<br \/>\n* High tool life<br \/>\n* Extreme flexibility<br \/>\n* Low unit costs per workpiece<\/p>\n[caption id=\"attachment_949\" align=\"alignnone\" width=\"720\"]<a href=\"https:\/\/honwaygroup.com\/wp-content\/uploads\/2015\/06\/wpid-wp-1434047944884.jpeg\"><img decoding=\"async\" class=\"size-full wp-image-949\" src=\"https:\/\/honwaygroup.com\/wp-content\/uploads\/2015\/06\/wpid-wp-1434047944884.jpeg\" alt=\"Diamentowa szczotka rurowa\" width=\"720\" height=\"960\" srcset=\"https:\/\/honwaygroup.com\/wp-content\/uploads\/2015\/06\/wpid-wp-1434047944884.jpeg 720w, https:\/\/honwaygroup.com\/wp-content\/uploads\/2015\/06\/wpid-wp-1434047944884-300x400.avif 300w, https:\/\/honwaygroup.com\/wp-content\/uploads\/2015\/06\/wpid-wp-1434047944884-225x300.jpeg 225w, https:\/\/honwaygroup.com\/wp-content\/uploads\/2015\/06\/wpid-wp-1434047944884-600x800.avif 600w\" sizes=\"(max-width: 720px) 100vw, 720px\" \/><\/a> Gerber, fazowanie, pasywacja, polerowanie, szlifowanie, diamentowa nylonowa szczotka rurowa, diamentowa szczotka rurowa[\/caption]\n","protected":false},"featured_media":949,"template":"","meta":{"site-sidebar-layout":"default","site-content-layout":"default","ast-site-content-layout":"default","site-content-style":"default","site-sidebar-style":"default","ast-global-header-display":"","ast-banner-title-visibility":"","ast-main-header-display":"","ast-hfb-above-header-display":"","ast-hfb-below-header-display":"","ast-hfb-mobile-header-display":"","site-post-title":"","ast-breadcrumbs-content":"","ast-featured-img":"","footer-sml-layout":"","ast-disable-related-posts":"","theme-transparent-header-meta":"default","adv-header-id-meta":"","stick-header-meta":"default","header-above-stick-meta":"","header-main-stick-meta":"","header-below-stick-meta":"","astra-migrate-meta-layouts":"default","ast-page-background-enabled":"default","ast-page-background-meta":{"desktop":{"background-color":"var(--ast-global-color-5)","background-image":"","background-repeat":"repeat","background-position":"center center","background-size":"auto","background-attachment":"scroll","background-type":"","background-media":"","overlay-type":"","overlay-color":"","overlay-opacity":"","overlay-gradient":""},"tablet":{"background-color":"","background-image":"","background-repeat":"repeat","background-position":"center center","background-size":"auto","background-attachment":"scroll","background-type":"","background-media":"","overlay-type":"","overlay-color":"","overlay-opacity":"","overlay-gradient":""},"mobile":{"background-color":"","background-image":"","background-repeat":"repeat","background-position":"center center","background-size":"auto","background-attachment":"scroll","background-type":"","background-media":"","overlay-type":"","overlay-color":"","overlay-opacity":"","overlay-gradient":""}},"ast-content-background-meta":{"desktop":{"background-color":"var(--ast-global-color-4)","background-image":"","background-repeat":"repeat","background-position":"center center","background-size":"auto","background-attachment":"scroll","background-type":"","background-media":"","overlay-type":"","overlay-color":"","overlay-opacity":"","overlay-gradient":""},"tablet":{"background-color":"var(--ast-global-color-4)","background-image":"","background-repeat":"repeat","background-position":"center center","background-size":"auto","background-attachment":"scroll","background-type":"","background-media":"","overlay-type":"","overlay-color":"","overlay-opacity":"","overlay-gradient":""},"mobile":{"background-color":"var(--ast-global-color-4)","background-image":"","background-repeat":"repeat","background-position":"center center","background-size":"auto","background-attachment":"scroll","background-type":"","background-media":"","overlay-type":"","overlay-color":"","overlay-opacity":"","overlay-gradient":""}}},"product_brand":[],"product_cat":[3505,3560],"product_tag":[],"class_list":{"0":"post-75687","1":"product","2":"type-product","3":"status-publish","4":"has-post-thumbnail","6":"product_cat-cialo-stale","7":"product_cat-materialy-polerskie","8":"desktop-align-left","9":"tablet-align-left","10":"mobile-align-left","11":"ast-product-gallery-layout-horizontal-slider","12":"ast-product-gallery-with-no-image","13":"ast-product-tabs-layout-horizontal","15":"first","16":"instock","17":"taxable","18":"shipping-taxable","19":"purchasable","20":"product-type-simple"},"_links":{"self":[{"href":"https:\/\/honwaygroup.com\/pl\/wp-json\/wp\/v2\/product\/75687","targetHints":{"allow":["GET"]}}],"collection":[{"href":"https:\/\/honwaygroup.com\/pl\/wp-json\/wp\/v2\/product"}],"about":[{"href":"https:\/\/honwaygroup.com\/pl\/wp-json\/wp\/v2\/types\/product"}],"version-history":[{"count":0,"href":"https:\/\/honwaygroup.com\/pl\/wp-json\/wp\/v2\/product\/75687\/revisions"}],"wp:featuredmedia":[{"embeddable":true,"href":"https:\/\/honwaygroup.com\/pl\/wp-json\/wp\/v2\/media\/949"}],"wp:attachment":[{"href":"https:\/\/honwaygroup.com\/pl\/wp-json\/wp\/v2\/media?parent=75687"}],"wp:term":[{"taxonomy":"product_brand","embeddable":true,"href":"https:\/\/honwaygroup.com\/pl\/wp-json\/wp\/v2\/product_brand?post=75687"},{"taxonomy":"product_cat","embeddable":true,"href":"https:\/\/honwaygroup.com\/pl\/wp-json\/wp\/v2\/product_cat?post=75687"},{"taxonomy":"product_tag","embeddable":true,"href":"https:\/\/honwaygroup.com\/pl\/wp-json\/wp\/v2\/product_tag?post=75687"}],"curies":[{"name":"wp","href":"https:\/\/api.w.org\/{rel}","templated":true}]}}