{"id":75671,"date":"2015-06-18T04:22:33","date_gmt":"2015-06-17T20:22:33","guid":{"rendered":"https:\/\/honwaygroup.com\/product\/szczotki-z-diamentem-polikrystalicznym-i-nici-nylonowe-z-diamentem-polikrystaliczym\/"},"modified":"2015-06-18T04:22:33","modified_gmt":"2015-06-17T20:22:33","slug":"szczotki-z-diamentem-polikrystalicznym-i-nici-nylonowe-z-diamentem-polikrystaliczym","status":"publish","type":"product","link":"https:\/\/honwaygroup.com\/pl\/produkt\/szczotki-z-diamentem-polikrystalicznym-i-nici-nylonowe-z-diamentem-polikrystaliczym\/","title":{"rendered":"Szczotki z diamentem polikrystalicznym i nici nylonowe z diamentem polikrystaliczym"},"content":{"rendered":"<h3>Szczotki z diamentem polikrystalicznym i nici nylonowe z diamentem polikrystaliczym<\/h3>\n<h4>Opis produktu<\/h4>\n<p>Zakres zastosowania produktu:<\/p>\n<ol>\n<li>Szlifowanie, polerowanie i fazowanie trudnych w obr\u00f3bce materia\u0142\u00f3w, takich jak <a href=\"https:\/\/zh.wikipedia.org\/zh-tw\/%E7%A2%B3%E5%8C%96%E9%92%9B\" rel=\"nofollow noopener\" target=\"_blank\">w\u0119glik tytanu<\/a>, <a href=\"https:\/\/zh.wikipedia.org\/zh-hk\/%E7%A2%B3%E5%8C%96%E9%8E%A2\" rel=\"nofollow noopener\" target=\"_blank\">w\u0119glik wolframu<\/a> i inne stopy twarde.<\/li>\n<li>Szlifowanie i polerowanie szk\u0142a szafirowego i kamieni szlachetnych.<\/li>\n<li>Polerowanie i wyka\u0144czanie surowych kraw\u0119dzi niebieskiego szk\u0142a optycznego.<\/li>\n<li>szlifowanie i polerowanie blok\u00f3w krzemu do paneli s\u0142onecznych<\/li>\n<li>Szlifowanie i polerowanie przedmiot\u00f3w o nieregularnych kszta\u0142tach, takich jak jadeitowe rze\u017aby, du\u017ce rze\u017aby kamienne i inne trudne do wypolerowania przedmioty.<\/li>\n<\/ol>\n<p>Doskona\u0142e w\u0142a\u015bciwo\u015bci stosowania produktu:<\/p>\n<ol>\n<li>Stosowane w ultraprecyzyjnych procesach obr\u00f3bki.<\/li>\n<li>Zapewnia doskona\u0142e efekty szlifowania.<\/li>\n<li>Charakteryzuje si\u0119 d\u0142ug\u0105 \u015bredni\u0105 \u017cywotno\u015bci\u0105.<\/li>\n<li>Mo\u017ce by\u0107 stosowane w trudnych \u015brodowiskach kwasowych i zasadowych, a tak\u017ce jest odporne na wysokie temperatury do 270 \u2103 i posiada w\u0142a\u015bciwo\u015bci antystatyczne.<\/li>\n<\/ol>\n<ol start=\"5\">\n<li>W przeciwie\u0144stwie do tradycyjnych \u015bciernic, umo\u017cliwia obr\u00f3bk\u0119 przedmiot\u00f3w o nieregularnych kszta\u0142tach.<\/li>\n<li>W przeciwie\u0144stwie do tradycyjnych \u015bciernic, podczas obr\u00f3bki materia\u0142\u00f3w twardych i kruchych, rzadziej dochodzi do odprysk\u00f3w lub mikrop\u0119kni\u0119\u0107.<\/li>\n<li>Podczas obr\u00f3bki przedmiotu obrabianego, <a href=\"https:\/\/www.easyatm.com.tw\/wiki\/%E5%85%A7%E6%87%89%E5%8A%9B\" rel=\"nofollow noopener\" target=\"_blank\">napr\u0119\u017cenia wewn\u0119trzne<\/a> pozostaj\u0105ce w przedmiocie obrabianym s\u0105 stosunkowo niewielkie.<\/li>\n<\/ol>\n<p>&nbsp;<\/p>\n<p>Dost\u0119pne granulacje i \u015brednice drutu szczotek.<\/p>\n<p>Tabela referencyjna dost\u0119pnych granulacji szczotek, jednostka: #<\/p>\n<table border=\"1\" width=\"1361\">\n<tbody>\n<tr>\n<td width=\"56\">120<\/td>\n<td width=\"56\">200<\/td>\n<td width=\"56\">400<\/td>\n<td width=\"56\">600<\/td>\n<td width=\"56\">1000<\/td>\n<td width=\"56\">1500<\/td>\n<td width=\"56\">2000<\/td>\n<td width=\"56\">3000<\/td>\n<td width=\"56\">5000<\/td>\n<td width=\"56\">8000<\/td>\n<\/tr>\n<\/tbody>\n<\/table>\n<p>Powy\u017csze granulacje s\u0105 standardowe w produkcji. W przypadku specjalnych zam\u00f3wie\u0144 prosimy o kontakt.<\/p>\n<p>&nbsp;<\/p>\n<p>Tabela referencyjna dost\u0119pnych \u015brednic drutu szczotek, jednostka: mm<\/p>\n<p>Powy\u017csze \u015brednice drutu s\u0105 standardowe w produkcji. W przypadku specjalnych zam\u00f3wie\u0144 prosimy o kontakt.<\/p>\n<table border=\"1\" width=\"1361\">\n<tbody>\n<tr>\n<td width=\"56\">0.20<\/td>\n<td width=\"56\">0.30<\/td>\n<td width=\"56\">0.40<\/td>\n<td width=\"56\">0.50<\/td>\n<td width=\"56\">0.60<\/td>\n<td width=\"56\">0.80<\/td>\n<td width=\"56\">0.90<\/td>\n<td width=\"56\">1.00<\/td>\n<td width=\"56\">1.20<\/td>\n<td width=\"56\">1.50<\/td>\n<\/tr>\n<\/tbody>\n<\/table>\n<p><a href=\"https:\/\/honwaygroup.com\/wp-content\/uploads\/2014\/07\/%E5%A4%AA%E9%99%BD%E8%83%BD%E6%99%B6%E5%A1%8A%E6%8B%8B%E5%85%89%E7%94%A8%E9%91%BD%E7%9F%B3%E5%B0%BC%E9%BE%8D%E5%88%B7.jpeg\"><img fetchpriority=\"high\" decoding=\"async\" class=\"size-full wp-image-842\" src=\"https:\/\/honwaygroup.com\/wp-content\/uploads\/2014\/07\/%E5%A4%AA%E9%99%BD%E8%83%BD%E6%99%B6%E5%A1%8A%E6%8B%8B%E5%85%89%E7%94%A8%E9%91%BD%E7%9F%B3%E5%B0%BC%E9%BE%8D%E5%88%B7.jpeg\" alt=\"Szczotka diamentowa, szczotka diamentowa nylonowa, Hongwei Enterprise, specjalne zastosowania, specjalne \u015bciernice, szafir, energia s\u0142oneczna, wafle krzemowe, stopy twarde, szlifowanie i polerowanie, \u015bciernica diamentowa.\" width=\"541\" height=\"960\"><\/a><\/p>\n<p><a href=\"https:\/\/honwaygroup.com\/wp-content\/uploads\/2014\/07\/%E5%AE%8F%E5%B4%B4%E5%AF%A6%E6%A5%AD%E9%91%BD%E7%9F%B3%E6%AF%9B%E5%88%B7.jpeg\"><img decoding=\"async\" class=\"size-full wp-image-843\" src=\"https:\/\/honwaygroup.com\/wp-content\/uploads\/2014\/07\/%E5%AE%8F%E5%B4%B4%E5%AF%A6%E6%A5%AD%E9%91%BD%E7%9F%B3%E6%AF%9B%E5%88%B7.jpeg\" alt=\"Szczotka diamentowa, szczotka diamentowa nylonowa, Hongwei Enterprise, specjalne zastosowania, specjalne \u015bciernice, szafir, energia s\u0142oneczna, wafle krzemowe, stopy twarde, szlifowanie i polerowanie, \u015bciernica diamentowa.\" width=\"541\" height=\"960\"><\/a><\/p>\n<p><a href=\"https:\/\/honwaygroup.com\/wp-content\/uploads\/2014\/07\/%E7%A1%AC%E8%B3%AA%E5%90%88%E9%87%91%E4%BF%AE%E8%A7%92%E7%94%A8%E9%91%BD%E7%9F%B3%E6%AF%9B%E5%88%B7%E7%9B%A4.jpeg\"><img decoding=\"async\" class=\"size-full wp-image-844\" src=\"https:\/\/honwaygroup.com\/wp-content\/uploads\/2014\/07\/%E7%A1%AC%E8%B3%AA%E5%90%88%E9%87%91%E4%BF%AE%E8%A7%92%E7%94%A8%E9%91%BD%E7%9F%B3%E6%AF%9B%E5%88%B7%E7%9B%A4.jpeg\" alt=\"Szczotka diamentowa, szczotka diamentowa nylonowa, Hongwei Enterprise, specjalne zastosowania, specjalne \u015bciernice, szafir, energia s\u0142oneczna, wafle krzemowe, stopy twarde, szlifowanie i polerowanie, \u015bciernica diamentowa.\" width=\"960\" height=\"541\"><\/a><\/p>\n<p>&nbsp;<\/p>\n<p><a href=\"https:\/\/honwaygroup.com\/wp-content\/uploads\/2014\/07\/%E8%97%8D%E7%8E%BB%E7%92%83%E4%BF%AE%E9%82%8A%E7%94%A8%E9%91%BD%E7%9F%B3%E6%AF%9B%E5%88%B7.jpeg\"><img loading=\"lazy\" decoding=\"async\" class=\"alignnone wp-image-846 size-full\" src=\"https:\/\/honwaygroup.com\/wp-content\/uploads\/2014\/07\/%E8%97%8D%E7%8E%BB%E7%92%83%E4%BF%AE%E9%82%8A%E7%94%A8%E9%91%BD%E7%9F%B3%E6%AF%9B%E5%88%B7.jpeg\" alt=\"Szczotka diamentowa, szczotka diamentowa nylonowa, Hongwei Enterprise, specjalne zastosowania, specjalne \u015bciernice, szafir, energia s\u0142oneczna, wafle krzemowe, stopy twarde, szlifowanie i polerowanie, \u015bciernica diamentowa.\" width=\"541\" height=\"960\"><\/a><\/p>\n<p><a href=\"https:\/\/honwaygroup.com\/wp-content\/uploads\/2014\/07\/%E9%91%BD%E7%9F%B3%E6%AF%9B%E5%88%B7.jpeg\"><img loading=\"lazy\" decoding=\"async\" class=\"alignnone wp-image-847 size-full\" src=\"https:\/\/honwaygroup.com\/wp-content\/uploads\/2014\/07\/%E9%91%BD%E7%9F%B3%E6%AF%9B%E5%88%B7.jpeg\" alt=\"Szczotka diamentowa, szczotka diamentowa nylonowa\" width=\"541\" height=\"960\"><\/a><\/p>\n<p><a href=\"https:\/\/honwaygroup.com\/wp-content\/uploads\/2014\/07\/%E9%91%BD%E7%9F%B3%E5%B0%BC%E9%BE%8D%E5%88%B7.jpeg\"><img loading=\"lazy\" decoding=\"async\" class=\"alignnone wp-image-848 size-full\" src=\"https:\/\/honwaygroup.com\/wp-content\/uploads\/2014\/07\/%E9%91%BD%E7%9F%B3%E5%B0%BC%E9%BE%8D%E5%88%B7.jpeg\" alt=\"Szczotka diamentowa, szczotka diamentowa nylonowa, Hongwei Enterprise, specjalne zastosowania, specjalne \u015bciernice, szafir, energia s\u0142oneczna, wafle krzemowe, stopy twarde, szlifowanie i polerowanie, \u015bciernica diamentowa.\" width=\"541\" height=\"960\"><\/a><\/p>\n<p>Masz pytanie? <a href=\"https:\/\/honwaygroup.com\/pl\/skontaktuj-sie-z-nami\/\">Skontaktuj si\u0119 z nami!<\/a><\/p>\n","protected":false},"excerpt":{"rendered":"<h2>Opis produktu<\/h2>\n<p>Zakres zastosowania produktu:<\/p>\n<ol>\n<li>Szlifowanie, polerowanie i fazowanie trudnych w obr\u00f3bce materia\u0142\u00f3w, takich jak w\u0119glik tytanu, w\u0119glik wolframu i inne stopy twarde.<\/li>\n<li>Szlifowanie i polerowanie szk\u0142a szafirowego i kamieni szlachetnych.<\/li>\n<li>Polerowanie i wyka\u0144czanie surowych kraw\u0119dzi niebieskiego szk\u0142a optycznego.<\/li>\n<li>szlifowanie i polerowanie blok\u00f3w krzemu do paneli s\u0142onecznych<\/li>\n<li>Szlifowanie i polerowanie przedmiot\u00f3w o nieregularnych kszta\u0142tach, takich jak jadeitowe rze\u017aby, du\u017ce rze\u017aby kamienne i inne trudne do wypolerowania przedmioty.<\/li>\n<\/ol>\n<p>Doskona\u0142e w\u0142a\u015bciwo\u015bci stosowania produktu:<\/p>\n<ol>\n<li>Stosowane w ultraprecyzyjnych procesach obr\u00f3bki.<\/li>\n<li>Zapewnia doskona\u0142e efekty szlifowania.<\/li>\n<li>Charakteryzuje si\u0119 d\u0142ug\u0105 \u015bredni\u0105 \u017cywotno\u015bci\u0105.<\/li>\n<li>Mo\u017ce by\u0107 stosowane w trudnych \u015brodowiskach kwasowych i zasadowych, a tak\u017ce jest odporne na wysokie temperatury do 270 \u2103 i posiada w\u0142a\u015bciwo\u015bci antystatyczne.<\/li>\n<\/ol>\n<ol start=\"5\">\n<li>W przeciwie\u0144stwie do tradycyjnych \u015bciernic, umo\u017cliwia obr\u00f3bk\u0119 przedmiot\u00f3w o nieregularnych kszta\u0142tach.<\/li>\n<li>W przeciwie\u0144stwie do tradycyjnych \u015bciernic, podczas obr\u00f3bki materia\u0142\u00f3w twardych i kruchych, rzadziej dochodzi do odprysk\u00f3w lub mikrop\u0119kni\u0119\u0107.<\/li>\n<li>Podczas obr\u00f3bki przedmiotu obrabianego napr\u0119\u017cenia wewn\u0119trzne pozostaj\u0105ce w przedmiocie s\u0105 mniejsze.<\/li>\n<\/ol>\n<p>&nbsp;<\/p>\n<p>Dost\u0119pne granulacje i \u015brednice drutu szczotek.<\/p>\n<p>Tabela referencyjna dost\u0119pnych granulacji szczotek, jednostka: #<\/p>\n<table border=\"1\" width=\"1361\">\n<tbody>\n<tr>\n<td width=\"56\">120<\/td>\n<td width=\"56\">200<\/td>\n<td width=\"56\">400<\/td>\n<td width=\"56\">600<\/td>\n<td width=\"56\">1000<\/td>\n<td width=\"56\">1500<\/td>\n<td width=\"56\">2000<\/td>\n<td width=\"56\">3000<\/td>\n<td width=\"56\">5000<\/td>\n<td width=\"56\">8000<\/td>\n<\/tr>\n<\/tbody>\n<\/table>\n<p>Powy\u017csze granulacje s\u0105 standardowe w produkcji. W przypadku specjalnych zam\u00f3wie\u0144 prosimy o kontakt.<\/p>\n<p>&nbsp;<\/p>\n<p>Tabela referencyjna dost\u0119pnych \u015brednic drutu szczotek, jednostka: mm<\/p>\n<p>Powy\u017csze \u015brednice drutu s\u0105 standardowe w produkcji. W przypadku specjalnych zam\u00f3wie\u0144 prosimy o kontakt.<\/p>\n<table border=\"1\" width=\"1361\">\n<tbody>\n<tr>\n<td width=\"56\">0.20<\/td>\n<td width=\"56\">0.30<\/td>\n<td width=\"56\">0.40<\/td>\n<td width=\"56\">0.50<\/td>\n<td width=\"56\">0.60<\/td>\n<td width=\"56\">0.80<\/td>\n<td width=\"56\">0.90<\/td>\n<td width=\"56\">1.00<\/td>\n<td width=\"56\">1.20<\/td>\n<td width=\"56\">1.50<\/td>\n<\/tr>\n<\/tbody>\n<\/table>\n<p><a href=\"https:\/\/honwaygroup.com\/wp-content\/uploads\/2014\/07\/%E5%A4%AA%E9%99%BD%E8%83%BD%E6%99%B6%E5%A1%8A%E6%8B%8B%E5%85%89%E7%94%A8%E9%91%BD%E7%9F%B3%E5%B0%BC%E9%BE%8D%E5%88%B7.jpeg\"><img fetchpriority=\"high\" decoding=\"async\" class=\"size-full wp-image-842\" src=\"https:\/\/honwaygroup.com\/wp-content\/uploads\/2014\/07\/%E5%A4%AA%E9%99%BD%E8%83%BD%E6%99%B6%E5%A1%8A%E6%8B%8B%E5%85%89%E7%94%A8%E9%91%BD%E7%9F%B3%E5%B0%BC%E9%BE%8D%E5%88%B7.jpeg\" alt=\"Szczotka diamentowa, szczotka diamentowa nylonowa, Hongwei Enterprise, specjalne zastosowania, specjalne \u015bciernice, szafir, energia s\u0142oneczna, wafle krzemowe, stopy twarde, szlifowanie i polerowanie, \u015bciernica diamentowa.\" width=\"541\" height=\"960\"><\/a><\/p>\n<p><a href=\"https:\/\/honwaygroup.com\/wp-content\/uploads\/2014\/07\/%E5%AE%8F%E5%B4%B4%E5%AF%A6%E6%A5%AD%E9%91%BD%E7%9F%B3%E6%AF%9B%E5%88%B7.jpeg\"><img decoding=\"async\" class=\"size-full wp-image-843\" src=\"https:\/\/honwaygroup.com\/wp-content\/uploads\/2014\/07\/%E5%AE%8F%E5%B4%B4%E5%AF%A6%E6%A5%AD%E9%91%BD%E7%9F%B3%E6%AF%9B%E5%88%B7.jpeg\" alt=\"Szczotka diamentowa, szczotka diamentowa nylonowa, Hongwei Enterprise, specjalne zastosowania, specjalne \u015bciernice, szafir, energia s\u0142oneczna, wafle krzemowe, stopy twarde, szlifowanie i polerowanie, \u015bciernica diamentowa.\" width=\"541\" height=\"960\"><\/a><\/p>\n<p><a href=\"https:\/\/honwaygroup.com\/wp-content\/uploads\/2014\/07\/%E7%A1%AC%E8%B3%AA%E5%90%88%E9%87%91%E4%BF%AE%E8%A7%92%E7%94%A8%E9%91%BD%E7%9F%B3%E6%AF%9B%E5%88%B7%E7%9B%A4.jpeg\"><img decoding=\"async\" class=\"size-full wp-image-844\" src=\"https:\/\/honwaygroup.com\/wp-content\/uploads\/2014\/07\/%E7%A1%AC%E8%B3%AA%E5%90%88%E9%87%91%E4%BF%AE%E8%A7%92%E7%94%A8%E9%91%BD%E7%9F%B3%E6%AF%9B%E5%88%B7%E7%9B%A4.jpeg\" alt=\"Szczotka diamentowa, szczotka diamentowa nylonowa, Hongwei Enterprise, specjalne zastosowania, specjalne \u015bciernice, szafir, energia s\u0142oneczna, wafle krzemowe, stopy twarde, szlifowanie i polerowanie, \u015bciernica diamentowa.\" width=\"960\" height=\"541\"><\/a><\/p>\n<p>&nbsp;<\/p>\n<p><a href=\"https:\/\/honwaygroup.com\/wp-content\/uploads\/2014\/07\/%E8%97%8D%E7%8E%BB%E7%92%83%E4%BF%AE%E9%82%8A%E7%94%A8%E9%91%BD%E7%9F%B3%E6%AF%9B%E5%88%B7.jpeg\"><img loading=\"lazy\" decoding=\"async\" class=\"size-full wp-image-846\" src=\"https:\/\/honwaygroup.com\/wp-content\/uploads\/2014\/07\/%E8%97%8D%E7%8E%BB%E7%92%83%E4%BF%AE%E9%82%8A%E7%94%A8%E9%91%BD%E7%9F%B3%E6%AF%9B%E5%88%B7.jpeg\" alt=\"Szczotka diamentowa, szczotka diamentowa nylonowa, Hongwei Enterprise, specjalne zastosowania, specjalne \u015bciernice, szafir, energia s\u0142oneczna, wafle krzemowe, stopy twarde, szlifowanie i polerowanie, \u015bciernica diamentowa.\" width=\"541\" height=\"960\"><\/a><\/p>\n<p><a href=\"https:\/\/honwaygroup.com\/wp-content\/uploads\/2014\/07\/%E9%91%BD%E7%9F%B3%E6%AF%9B%E5%88%B7.jpeg\"><img loading=\"lazy\" decoding=\"async\" class=\"size-full wp-image-847\" src=\"https:\/\/honwaygroup.com\/wp-content\/uploads\/2014\/07\/%E9%91%BD%E7%9F%B3%E6%AF%9B%E5%88%B7.jpeg\" alt=\"Szczotka diamentowa, szczotka diamentowa nylonowa, Hongwei Enterprise, specjalne zastosowania, specjalne \u015bciernice, szafir, energia s\u0142oneczna, wafle krzemowe, stopy twarde, szlifowanie i polerowanie, \u015bciernica diamentowa.\" width=\"541\" height=\"960\"><\/a><\/p>\n<p><a href=\"https:\/\/honwaygroup.com\/wp-content\/uploads\/2014\/07\/%E9%91%BD%E7%9F%B3%E5%B0%BC%E9%BE%8D%E5%88%B7.jpeg\"><img loading=\"lazy\" decoding=\"async\" class=\"size-full wp-image-848\" src=\"https:\/\/honwaygroup.com\/wp-content\/uploads\/2014\/07\/%E9%91%BD%E7%9F%B3%E5%B0%BC%E9%BE%8D%E5%88%B7.jpeg\" alt=\"Szczotka diamentowa, szczotka diamentowa nylonowa, Hongwei Enterprise, specjalne zastosowania, specjalne \u015bciernice, szafir, energia s\u0142oneczna, wafle krzemowe, stopy twarde, szlifowanie i polerowanie, \u015bciernica diamentowa.\" width=\"541\" height=\"960\"><\/a><\/p>\n","protected":false},"featured_media":75672,"template":"","meta":{"site-sidebar-layout":"default","site-content-layout":"default","ast-site-content-layout":"default","site-content-style":"default","site-sidebar-style":"default","ast-global-header-display":"","ast-banner-title-visibility":"","ast-main-header-display":"","ast-hfb-above-header-display":"","ast-hfb-below-header-display":"","ast-hfb-mobile-header-display":"","site-post-title":"","ast-breadcrumbs-content":"","ast-featured-img":"","footer-sml-layout":"","ast-disable-related-posts":"","theme-transparent-header-meta":"default","adv-header-id-meta":"","stick-header-meta":"default","header-above-stick-meta":"","header-main-stick-meta":"","header-below-stick-meta":"","astra-migrate-meta-layouts":"default","ast-page-background-enabled":"default","ast-page-background-meta":{"desktop":{"background-color":"var(--ast-global-color-5)","background-image":"","background-repeat":"repeat","background-position":"center center","background-size":"auto","background-attachment":"scroll","background-type":"","background-media":"","overlay-type":"","overlay-color":"","overlay-opacity":"","overlay-gradient":""},"tablet":{"background-color":"","background-image":"","background-repeat":"repeat","background-position":"center center","background-size":"auto","background-attachment":"scroll","background-type":"","background-media":"","overlay-type":"","overlay-color":"","overlay-opacity":"","overlay-gradient":""},"mobile":{"background-color":"","background-image":"","background-repeat":"repeat","background-position":"center center","background-size":"auto","background-attachment":"scroll","background-type":"","background-media":"","overlay-type":"","overlay-color":"","overlay-opacity":"","overlay-gradient":""}},"ast-content-background-meta":{"desktop":{"background-color":"var(--ast-global-color-4)","background-image":"","background-repeat":"repeat","background-position":"center center","background-size":"auto","background-attachment":"scroll","background-type":"","background-media":"","overlay-type":"","overlay-color":"","overlay-opacity":"","overlay-gradient":""},"tablet":{"background-color":"var(--ast-global-color-4)","background-image":"","background-repeat":"repeat","background-position":"center center","background-size":"auto","background-attachment":"scroll","background-type":"","background-media":"","overlay-type":"","overlay-color":"","overlay-opacity":"","overlay-gradient":""},"mobile":{"background-color":"var(--ast-global-color-4)","background-image":"","background-repeat":"repeat","background-position":"center center","background-size":"auto","background-attachment":"scroll","background-type":"","background-media":"","overlay-type":"","overlay-color":"","overlay-opacity":"","overlay-gradient":""}}},"product_brand":[],"product_cat":[3505,3560],"product_tag":[],"class_list":{"0":"post-75671","1":"product","2":"type-product","3":"status-publish","4":"has-post-thumbnail","6":"product_cat-cialo-stale","7":"product_cat-materialy-polerskie","8":"desktop-align-left","9":"tablet-align-left","10":"mobile-align-left","11":"ast-product-gallery-layout-horizontal-slider","12":"ast-product-gallery-with-no-image","13":"ast-product-tabs-layout-horizontal","15":"first","16":"instock","17":"taxable","18":"shipping-taxable","19":"purchasable","20":"product-type-simple"},"_links":{"self":[{"href":"https:\/\/honwaygroup.com\/pl\/wp-json\/wp\/v2\/product\/75671","targetHints":{"allow":["GET"]}}],"collection":[{"href":"https:\/\/honwaygroup.com\/pl\/wp-json\/wp\/v2\/product"}],"about":[{"href":"https:\/\/honwaygroup.com\/pl\/wp-json\/wp\/v2\/types\/product"}],"version-history":[{"count":0,"href":"https:\/\/honwaygroup.com\/pl\/wp-json\/wp\/v2\/product\/75671\/revisions"}],"wp:featuredmedia":[{"embeddable":true,"href":"https:\/\/honwaygroup.com\/pl\/wp-json\/wp\/v2\/media\/75672"}],"wp:attachment":[{"href":"https:\/\/honwaygroup.com\/pl\/wp-json\/wp\/v2\/media?parent=75671"}],"wp:term":[{"taxonomy":"product_brand","embeddable":true,"href":"https:\/\/honwaygroup.com\/pl\/wp-json\/wp\/v2\/product_brand?post=75671"},{"taxonomy":"product_cat","embeddable":true,"href":"https:\/\/honwaygroup.com\/pl\/wp-json\/wp\/v2\/product_cat?post=75671"},{"taxonomy":"product_tag","embeddable":true,"href":"https:\/\/honwaygroup.com\/pl\/wp-json\/wp\/v2\/product_tag?post=75671"}],"curies":[{"name":"wp","href":"https:\/\/api.w.org\/{rel}","templated":true}]}}