{"id":75577,"date":"2016-02-28T17:58:52","date_gmt":"2016-02-28T09:58:52","guid":{"rendered":"https:\/\/honwaygroup.com\/product\/prety-drewniane-i-szczotki-z-wlokna-kokosowego\/"},"modified":"2025-11-17T11:34:35","modified_gmt":"2025-11-17T03:34:35","slug":"prety-drewniane-i-szczotki-z-wlokna-kokosowego","status":"publish","type":"product","link":"https:\/\/honwaygroup.com\/pl\/produkt\/prety-drewniane-i-szczotki-z-wlokna-kokosowego\/","title":{"rendered":"Pr\u0119ty drewniane i szczotki z w\u0142\u00f3kna kokosowego"},"content":{"rendered":"<h3><strong>Pr\u0119ty drewniane i szczotki z w\u0142\u00f3kna kokosowego<\/strong><\/h3>\n<p>&nbsp;<\/p>\n<h4><strong>Pr\u0119ty drewniane<\/strong><\/h4>\n<p>&nbsp;<\/p>\n<p><a href=\"https:\/\/honwaygroup.com\/wp-content\/uploads\/2023\/07\/%E6%9C%A8%E6%A2%9D%E6%A3%92%E8%88%87%E6%A3%95%E5%88%B7_%E5%B7%A5%E4%BD%9C%E5%8D%80%E5%9F%9F-1-%E8%A4%87%E6%9C%AC-14.jpg\"><img decoding=\"async\" class=\"alignnone size-medium wp-image-26291\" src=\"https:\/\/honwaygroup.com\/wp-content\/uploads\/2023\/07\/%E6%9C%A8%E6%A2%9D%E6%A3%92%E8%88%87%E6%A3%95%E5%88%B7_%E5%B7%A5%E4%BD%9C%E5%8D%80%E5%9F%9F-1-%E8%A4%87%E6%9C%AC-14-300x73.jpg\" alt=\"Pr\u0119ty drewniane i szczotki z w\u0142\u00f3kna kokosowego_pr\u0119ty drewniane 1\" width=\"300\" height=\"73\"><\/a><\/p>\n<p>Jednostka : mm<\/p>\n<table class=\"specTable\" width=\"100%\">\n<tbody>\n<tr>\n<th>Numer seryjny<\/th>\n<th>AFW -01H<\/th>\n<th>AFW -02H<\/th>\n<th>AFW -03H<\/th>\n<th>AFW -04H<\/th>\n<\/tr>\n<tr>\n<td>\u00d8D<\/td>\n<td>\u00d83.2<\/td>\n<td>\u00d84.7<\/td>\n<td>\u00d86.4<\/td>\n<td>\u00d89.5<\/td>\n<\/tr>\n<\/tbody>\n<\/table>\n<p>&nbsp;<\/p>\n<p><a href=\"https:\/\/honwaygroup.com\/wp-content\/uploads\/2023\/07\/%E6%9C%A8%E6%A2%9D%E6%A3%92%E8%88%87%E6%A3%95%E5%88%B7_%E5%B7%A5%E4%BD%9C%E5%8D%80%E5%9F%9F-1-%E8%A4%87%E6%9C%AC-15.jpg\"><img decoding=\"async\" class=\"alignnone size-medium wp-image-26295\" src=\"https:\/\/honwaygroup.com\/wp-content\/uploads\/2023\/07\/%E6%9C%A8%E6%A2%9D%E6%A3%92%E8%88%87%E6%A3%95%E5%88%B7_%E5%B7%A5%E4%BD%9C%E5%8D%80%E5%9F%9F-1-%E8%A4%87%E6%9C%AC-15-300x84.jpg\" alt=\"Pr\u0119ty drewniane i szczotki z w\u0142\u00f3kna kokosowego_pr\u0119ty drewniane 2\" width=\"300\" height=\"84\"><\/a><\/p>\n<p>Jednostka : mm<\/p>\n<table class=\"specTable\" width=\"100%\">\n<tbody>\n<tr>\n<th>Numer seryjny<\/th>\n<th>AFW -05H<\/th>\n<th>AFW -06H<\/th>\n<th>AFW -07H<\/th>\n<th>AFW -08H<\/th>\n<\/tr>\n<tr>\n<td>T x W<\/td>\n<td>6.4 x 6.4<\/td>\n<td>3.2 x 6.4<\/td>\n<td>6.4 x 9.5<\/td>\n<td>6.4 x 12.7<\/td>\n<\/tr>\n<\/tbody>\n<\/table>\n<p>&nbsp;<\/p>\n<hr>\n<h4><strong>Pr\u0119ty drewniane<\/strong><\/h4>\n<table class=\"specTable2 center\" width=\"100%\">\n<tbody>\n<tr>\n<td><a href=\"https:\/\/honwaygroup.com\/wp-content\/uploads\/2023\/07\/%E6%9C%A8%E6%A2%9D%E6%A3%92%E8%88%87%E6%A3%95%E5%88%B7_AFM-01.jpg\"><img decoding=\"async\" class=\"aligncenter wp-image-26311\" src=\"https:\/\/honwaygroup.com\/wp-content\/uploads\/2023\/07\/%E6%9C%A8%E6%A2%9D%E6%A3%92%E8%88%87%E6%A3%95%E5%88%B7_AFM-01-206x300.jpg\" alt=\"\" width=\"103\" height=\"150\"><\/a><\/td>\n<td><a href=\"https:\/\/honwaygroup.com\/wp-content\/uploads\/2023\/07\/%E6%9C%A8%E6%A2%9D%E6%A3%92%E8%88%87%E6%A3%95%E5%88%B7_AFM-02.jpg\"><img loading=\"lazy\" decoding=\"async\" class=\"aligncenter wp-image-26315\" src=\"https:\/\/honwaygroup.com\/wp-content\/uploads\/2023\/07\/%E6%9C%A8%E6%A2%9D%E6%A3%92%E8%88%87%E6%A3%95%E5%88%B7_AFM-02-206x300.jpg\" alt=\"\" width=\"103\" height=\"150\"><\/a><\/td>\n<td><a href=\"https:\/\/honwaygroup.com\/wp-content\/uploads\/2023\/07\/%E6%9C%A8%E6%A2%9D%E6%A3%92%E8%88%87%E6%A3%95%E5%88%B7_AFM-03.jpg\"><img loading=\"lazy\" decoding=\"async\" class=\"aligncenter wp-image-26319\" src=\"https:\/\/honwaygroup.com\/wp-content\/uploads\/2023\/07\/%E6%9C%A8%E6%A2%9D%E6%A3%92%E8%88%87%E6%A3%95%E5%88%B7_AFM-03-206x300.jpg\" alt=\"Pr\u0119ty drewniane i szczotki z w\u0142\u00f3kna kokosowego_AFM-03\" width=\"103\" height=\"150\"><\/a><\/td>\n<td><a href=\"https:\/\/honwaygroup.com\/wp-content\/uploads\/2023\/07\/%E6%9C%A8%E6%A2%9D%E6%A3%92%E8%88%87%E6%A3%95%E5%88%B7_AFM-04.webp\"><img loading=\"lazy\" decoding=\"async\" class=\"aligncenter wp-image-26283\" src=\"https:\/\/honwaygroup.com\/wp-content\/uploads\/2023\/07\/%E6%9C%A8%E6%A2%9D%E6%A3%92%E8%88%87%E6%A3%95%E5%88%B7_AFM-04-206x300.webp\" alt=\"Pr\u0119ty drewniane i szczotki z w\u0142\u00f3kna kokosowego_AFM-04\" width=\"103\" height=\"150\"><\/a><\/td>\n<td><a href=\"https:\/\/honwaygroup.com\/wp-content\/uploads\/2023\/07\/%E6%9C%A8%E6%A2%9D%E6%A3%92%E8%88%87%E6%A3%95%E5%88%B7_AFM-05.webp\"><img loading=\"lazy\" decoding=\"async\" class=\"aligncenter wp-image-26287\" src=\"https:\/\/honwaygroup.com\/wp-content\/uploads\/2023\/07\/%E6%9C%A8%E6%A2%9D%E6%A3%92%E8%88%87%E6%A3%95%E5%88%B7_AFM-05-206x300.webp\" alt=\"Pr\u0119ty drewniane i szczotki z w\u0142\u00f3kna kokosowego_AFM-05\" width=\"103\" height=\"150\"><\/a><\/td>\n<\/tr>\n<tr>\n<th height=\"24\">AFM -01<\/th>\n<th height=\"24\">AFM -02<\/th>\n<th height=\"24\">AFM -03<\/th>\n<th height=\"24\">AFM -04<\/th>\n<th height=\"24\">AFM -05<\/th>\n<\/tr>\n<\/tbody>\n<\/table>\n<p>&nbsp;<\/p>\n<hr>\n<h4><strong>Szczotki z w\u0142\u00f3kna kokosowego<\/strong><\/h4>\n<p><a href=\"https:\/\/honwaygroup.com\/wp-content\/uploads\/2023\/07\/%E6%9C%A8%E6%A2%9D%E6%A3%92%E8%88%87%E6%A3%95%E5%88%B7_%E5%B7%A5%E4%BD%9C%E5%8D%80%E5%9F%9F-1-%E8%A4%87%E6%9C%AC-52.jpg\"><img loading=\"lazy\" decoding=\"async\" class=\"alignnone wp-image-26299\" src=\"https:\/\/honwaygroup.com\/wp-content\/uploads\/2023\/07\/%E6%9C%A8%E6%A2%9D%E6%A3%92%E8%88%87%E6%A3%95%E5%88%B7_%E5%B7%A5%E4%BD%9C%E5%8D%80%E5%9F%9F-1-%E8%A4%87%E6%9C%AC-52-206x300.jpg\" alt=\"Pr\u0119ty drewniane i szczotki z w\u0142\u00f3kna kokosowego_szczotka z w\u0142\u00f3kna kokosowego 1\" width=\"103\" height=\"150\"><\/a><\/p>\n<p>Jednostka : mm<\/p>\n<table class=\"specTable\" width=\"100%\">\n<tbody>\n<tr>\n<th>Numer seryjny<\/th>\n<th>AFB -01<\/th>\n<th>AFB -02<\/th>\n<\/tr>\n<tr>\n<td>\u00d8D<\/td>\n<td>\u00d84.8<\/td>\n<td>\u00d86.4<\/td>\n<\/tr>\n<\/tbody>\n<\/table>\n<p><a href=\"https:\/\/honwaygroup.com\/wp-content\/uploads\/2023\/07\/%E6%9C%A8%E6%A2%9D%E6%A3%92%E8%88%87%E6%A3%95%E5%88%B7_%E5%B7%A5%E4%BD%9C%E5%8D%80%E5%9F%9F-1-%E8%A4%87%E6%9C%AC-53.jpg\"><img loading=\"lazy\" decoding=\"async\" class=\"alignnone wp-image-26303\" src=\"https:\/\/honwaygroup.com\/wp-content\/uploads\/2023\/07\/%E6%9C%A8%E6%A2%9D%E6%A3%92%E8%88%87%E6%A3%95%E5%88%B7_%E5%B7%A5%E4%BD%9C%E5%8D%80%E5%9F%9F-1-%E8%A4%87%E6%9C%AC-53-255x300.jpg\" alt=\"Pr\u0119ty drewniane i szczotki z w\u0142\u00f3kna kokosowego_szczotka z w\u0142\u00f3kna kokosowego2\" width=\"128\" height=\"150\"><\/a><\/p>\n<p>Jednostka : mm<\/p>\n<table class=\"specTable\" width=\"100%\">\n<tbody>\n<tr>\n<th>AFB -03<\/th>\n<th>AFB -04<\/th>\n<\/tr>\n<tr>\n<td>\u00d819<\/td>\n<td>25.4<\/td>\n<\/tr>\n<\/tbody>\n<\/table>\n<p><a href=\"https:\/\/honwaygroup.com\/wp-content\/uploads\/2023\/07\/%E6%9C%A8%E6%A2%9D%E6%A3%92%E8%88%87%E6%A3%95%E5%88%B7_%E5%B7%A5%E4%BD%9C%E5%8D%80%E5%9F%9F-1-%E8%A4%87%E6%9C%AC-54.jpg\"><img loading=\"lazy\" decoding=\"async\" class=\"alignnone wp-image-26307\" src=\"https:\/\/honwaygroup.com\/wp-content\/uploads\/2023\/07\/%E6%9C%A8%E6%A2%9D%E6%A3%92%E8%88%87%E6%A3%95%E5%88%B7_%E5%B7%A5%E4%BD%9C%E5%8D%80%E5%9F%9F-1-%E8%A4%87%E6%9C%AC-54-206x300.jpg\" alt=\"Pr\u0119ty drewniane i szczotki z w\u0142\u00f3kna kokosowego_szczotka z w\u0142\u00f3kna kokosowego 3\" width=\"103\" height=\"150\"><\/a><\/p>\n<p>Jednostka : mm<\/p>\n<table class=\"specTable\" width=\"100%\">\n<tbody>\n<tr>\n<th>AFB -05<\/th>\n<th>AFB -06<\/th>\n<\/tr>\n<tr>\n<td>\u00d89\/16\u201d<\/td>\n<td>\u00d81\u201d<\/td>\n<\/tr>\n<\/tbody>\n<\/table>\n<p>Masz pytanie? <a href=\"https:\/\/honwaygroup.com\/pl\/skontaktuj-sie-z-nami\/\">Skontaktuj si\u0119 z nami!<\/a><\/p>\n","protected":false},"excerpt":{"rendered":"<h5>\u25b2 Zapraszamy do zapyta\u0144 o wycen\u0119:<a href=\"https:\/\/honwaygroup.com\/pl\/skontaktuj-sie-z-nami\/\">Skontaktuj si\u0119 z nami!<\/a><\/h5>\n<h5><span style=\"color: #ff0000\"><b>\u25b2 W przypadku zapotrzebowania na niestandardowe rozmiary prosimy o kontakt z obs\u0142ug\u0105 klienta. W celu uzyskania informacji o czas realizacji takiego zam\u00f3wienia r\u00f3wnie\u017c prosimy o kontakt z obs\u0142ug\u0105 klienta.<\/b><\/span><\/h5>\n<h5><span style=\"color: #ff0000\"><b>\u25b2 Przy wi\u0119kszych zam\u00f3wieniach istnieje mo\u017cliwo\u015b\u0107 uzyskania rabatu, prosimy o kontakt z obs\u0142ug\u0105 klienta.<\/b><\/span><\/h5>\n<h5><span style=\"color: #ff0000\"><b>\u25b2Czas realizacji zam\u00f3wie\u0144 na terenie Tajwanu wynosi 7-14 dni roboczych.<\/b><\/span><\/h5>\n<h5><span style=\"color: #ff0000\"><b>\u25b2Czas realizacji wysy\u0142ki mi\u0119dzynarodowej wynosi 7-14 dni, natomiast rzeczywisty czas dostawy zale\u017cy od danej firmy kurierskiej.<\/b><\/span><\/h5>\n","protected":false},"featured_media":75578,"template":"","meta":{"site-sidebar-layout":"default","site-content-layout":"default","ast-site-content-layout":"default","site-content-style":"default","site-sidebar-style":"default","ast-global-header-display":"","ast-banner-title-visibility":"","ast-main-header-display":"","ast-hfb-above-header-display":"","ast-hfb-below-header-display":"","ast-hfb-mobile-header-display":"","site-post-title":"","ast-breadcrumbs-content":"","ast-featured-img":"","footer-sml-layout":"","ast-disable-related-posts":"","theme-transparent-header-meta":"default","adv-header-id-meta":"","stick-header-meta":"default","header-above-stick-meta":"","header-main-stick-meta":"","header-below-stick-meta":"","astra-migrate-meta-layouts":"default","ast-page-background-enabled":"default","ast-page-background-meta":{"desktop":{"background-color":"var(--ast-global-color-5)","background-image":"","background-repeat":"repeat","background-position":"center center","background-size":"auto","background-attachment":"scroll","background-type":"","background-media":"","overlay-type":"","overlay-color":"","overlay-opacity":"","overlay-gradient":""},"tablet":{"background-color":"","background-image":"","background-repeat":"repeat","background-position":"center center","background-size":"auto","background-attachment":"scroll","background-type":"","background-media":"","overlay-type":"","overlay-color":"","overlay-opacity":"","overlay-gradient":""},"mobile":{"background-color":"","background-image":"","background-repeat":"repeat","background-position":"center center","background-size":"auto","background-attachment":"scroll","background-type":"","background-media":"","overlay-type":"","overlay-color":"","overlay-opacity":"","overlay-gradient":""}},"ast-content-background-meta":{"desktop":{"background-color":"var(--ast-global-color-4)","background-image":"","background-repeat":"repeat","background-position":"center center","background-size":"auto","background-attachment":"scroll","background-type":"","background-media":"","overlay-type":"","overlay-color":"","overlay-opacity":"","overlay-gradient":""},"tablet":{"background-color":"var(--ast-global-color-4)","background-image":"","background-repeat":"repeat","background-position":"center center","background-size":"auto","background-attachment":"scroll","background-type":"","background-media":"","overlay-type":"","overlay-color":"","overlay-opacity":"","overlay-gradient":""},"mobile":{"background-color":"var(--ast-global-color-4)","background-image":"","background-repeat":"repeat","background-position":"center center","background-size":"auto","background-attachment":"scroll","background-type":"","background-media":"","overlay-type":"","overlay-color":"","overlay-opacity":"","overlay-gradient":""}}},"product_brand":[],"product_cat":[3563,3574],"product_tag":[3718,3721],"class_list":{"0":"post-75577","1":"product","2":"type-product","3":"status-publish","4":"has-post-thumbnail","6":"product_cat-materialy-eksploatacyjne-do-szlifowania-i-polerowania","7":"product_cat-prety-drewniane-i","8":"product_tag-prety-drewniane","9":"product_tag-szczotki-z-wlokna-kokosowego","10":"desktop-align-left","11":"tablet-align-left","12":"mobile-align-left","13":"ast-product-gallery-layout-horizontal-slider","14":"ast-product-tabs-layout-horizontal","16":"first","17":"instock","18":"taxable","19":"shipping-taxable","20":"product-type-simple"},"_links":{"self":[{"href":"https:\/\/honwaygroup.com\/pl\/wp-json\/wp\/v2\/product\/75577","targetHints":{"allow":["GET"]}}],"collection":[{"href":"https:\/\/honwaygroup.com\/pl\/wp-json\/wp\/v2\/product"}],"about":[{"href":"https:\/\/honwaygroup.com\/pl\/wp-json\/wp\/v2\/types\/product"}],"version-history":[{"count":0,"href":"https:\/\/honwaygroup.com\/pl\/wp-json\/wp\/v2\/product\/75577\/revisions"}],"wp:featuredmedia":[{"embeddable":true,"href":"https:\/\/honwaygroup.com\/pl\/wp-json\/wp\/v2\/media\/75578"}],"wp:attachment":[{"href":"https:\/\/honwaygroup.com\/pl\/wp-json\/wp\/v2\/media?parent=75577"}],"wp:term":[{"taxonomy":"product_brand","embeddable":true,"href":"https:\/\/honwaygroup.com\/pl\/wp-json\/wp\/v2\/product_brand?post=75577"},{"taxonomy":"product_cat","embeddable":true,"href":"https:\/\/honwaygroup.com\/pl\/wp-json\/wp\/v2\/product_cat?post=75577"},{"taxonomy":"product_tag","embeddable":true,"href":"https:\/\/honwaygroup.com\/pl\/wp-json\/wp\/v2\/product_tag?post=75577"}],"curies":[{"name":"wp","href":"https:\/\/api.w.org\/{rel}","templated":true}]}}