{"id":75575,"date":"2016-02-28T18:01:44","date_gmt":"2016-02-28T10:01:44","guid":{"rendered":"https:\/\/honwaygroup.com\/product\/szczotka-diamentowasciernica-diamentowa\/"},"modified":"2025-11-17T11:33:48","modified_gmt":"2025-11-17T03:33:48","slug":"szczotka-diamentowasciernica-diamentowa","status":"publish","type":"product","link":"https:\/\/honwaygroup.com\/pl\/produkt\/szczotka-diamentowasciernica-diamentowa\/","title":{"rendered":"Szczotka diamentowa&amp;\u015bciernica diamentowa"},"content":{"rendered":"<h3>Szczotka diamentowa&amp;\u015bciernica diamentowa<\/h3>\n<p>Szczotka diamentowa&amp;\u015bciernica diamentowa Odpowiednie do szlifowania i polerowania szk\u0142a szafirowego i kamieni szlachetnych, a tak\u017ce do wyka\u0144czania surowych kraw\u0119dzi <a href=\"https:\/\/zh.m.wikipedia.org\/zh-tw\/%E5%85%89%E5%AD%A6%E7%8E%BB%E7%92%83\" rel=\"nofollow noopener\" target=\"_blank\">niebieskiego szk\u0142a optycznego.<\/a><\/p>\n<figure id=\"attachment_75576\" aria-describedby=\"caption-attachment-75576\" style=\"width: 2480px\" class=\"wp-caption alignnone\"><a href=\"https:\/\/honwaygroup.com\/wp-content\/uploads\/2016\/02\/%E5%AE%8F%E5%B4%B4%E9%91%BD%E7%9F%B3%E7%A3%A8%E6%A3%92DM33-01.jpg\" rel=\"attachment wp-att-1567\"><img fetchpriority=\"high\" decoding=\"async\" class=\"wp-image-1567 size-full\" src=\"https:\/\/honwaygroup.com\/wp-content\/uploads\/2016\/02\/%E5%AE%8F%E5%B4%B4%E9%91%BD%E7%9F%B3%E7%A3%A8%E6%A3%92DM33-01.jpg\" alt=\"Szczotka diamentowa&amp;\u015bciernica diamentowa\" width=\"2480\" height=\"3508\"><\/a><figcaption id=\"caption-attachment-75576\" class=\"wp-caption-text\">szczotka br\u0105zowa, listwa drewniana, ose\u0142ka diamentowa z w\u0142\u00f3kna, tarcza tn\u0105ca diamentowa, ig\u0142a diamentowa do grawerowania, metoda ceramiczna, metoda \u017cywiczna, trzpie\u0144 szlifierski do otwor\u00f3w, trzpie\u0144 szlifierski do otwor\u00f3w przelotowych, pilnik, ose\u0142ka diamentowa, trzpie\u0144 szlifierski z azotku boru, metoda elektroformowania, metoda galwanizacji.<\/figcaption><\/figure>\n<p>Masz pytanie? <a href=\"https:\/\/honwaygroup.com\/pl\/skontaktuj-sie-z-nami\/\">Skontaktuj si\u0119 z nami!<\/a><\/p>\n","protected":false},"excerpt":{"rendered":"<p>szczotka br\u0105zowa, listwa drewniana, ose\u0142ka diamentowa z w\u0142\u00f3kna, tarcza tn\u0105ca diamentowa, ig\u0142a diamentowa do grawerowania, metoda ceramiczna, metoda \u017cywiczna, trzpie\u0144 szlifierski do otwor\u00f3w, trzpie\u0144 szlifierski do otwor\u00f3w przelotowych, pilnik, ose\u0142ka diamentowa, trzpie\u0144 szlifierski z azotku boru, metoda elektroformowania, metoda galwanizacji.<\/p>\n<h5><span style=\"color: #ff0000;\"><b>\u25b2 W przypadku zapotrzebowania na niestandardowe rozmiary prosimy o kontakt z obs\u0142ug\u0105 klienta.<\/b><\/span><\/h5>\n<h5><span style=\"color: #ff0000;\"><b>\u25b2 Zapraszamy do kontaktu z obs\u0142ug\u0105 klienta za po\u015brednictwem wiadomo\u015bci prywatnych w celu uzyskania odpowiedzi na pytania<\/b><\/span><\/h5>\n<h5><span style=\"color: #ff0000;\"><b>\u25b2 Przy wi\u0119kszych zam\u00f3wieniach istnieje mo\u017cliwo\u015b\u0107 uzyskania rabatu, prosimy o kontakt z obs\u0142ug\u0105 klienta.<\/b><\/span><\/h5>\n<h5>\u25b2 <span style=\"color: #ff0000;\"><b>W celu uzyskania informacji o rzeczywistym czasie dostawy prosimy o kontakt z obs\u0142ug\u0105 klienta:<\/b><\/span> <a href=\"https:\/\/honwaygroup.com\/pl\/skontaktuj-sie-z-nami\/\"><b>Skontaktuj si\u0119 z nami!<\/b><\/a><\/h5>\n","protected":false},"featured_media":75576,"template":"","meta":{"site-sidebar-layout":"default","site-content-layout":"default","ast-site-content-layout":"default","site-content-style":"default","site-sidebar-style":"default","ast-global-header-display":"","ast-banner-title-visibility":"","ast-main-header-display":"","ast-hfb-above-header-display":"","ast-hfb-below-header-display":"","ast-hfb-mobile-header-display":"","site-post-title":"","ast-breadcrumbs-content":"","ast-featured-img":"","footer-sml-layout":"","ast-disable-related-posts":"","theme-transparent-header-meta":"default","adv-header-id-meta":"","stick-header-meta":"default","header-above-stick-meta":"","header-main-stick-meta":"","header-below-stick-meta":"","astra-migrate-meta-layouts":"default","ast-page-background-enabled":"default","ast-page-background-meta":{"desktop":{"background-color":"var(--ast-global-color-5)","background-image":"","background-repeat":"repeat","background-position":"center center","background-size":"auto","background-attachment":"scroll","background-type":"","background-media":"","overlay-type":"","overlay-color":"","overlay-opacity":"","overlay-gradient":""},"tablet":{"background-color":"","background-image":"","background-repeat":"repeat","background-position":"center center","background-size":"auto","background-attachment":"scroll","background-type":"","background-media":"","overlay-type":"","overlay-color":"","overlay-opacity":"","overlay-gradient":""},"mobile":{"background-color":"","background-image":"","background-repeat":"repeat","background-position":"center center","background-size":"auto","background-attachment":"scroll","background-type":"","background-media":"","overlay-type":"","overlay-color":"","overlay-opacity":"","overlay-gradient":""}},"ast-content-background-meta":{"desktop":{"background-color":"var(--ast-global-color-4)","background-image":"","background-repeat":"repeat","background-position":"center center","background-size":"auto","background-attachment":"scroll","background-type":"","background-media":"","overlay-type":"","overlay-color":"","overlay-opacity":"","overlay-gradient":""},"tablet":{"background-color":"var(--ast-global-color-4)","background-image":"","background-repeat":"repeat","background-position":"center center","background-size":"auto","background-attachment":"scroll","background-type":"","background-media":"","overlay-type":"","overlay-color":"","overlay-opacity":"","overlay-gradient":""},"mobile":{"background-color":"var(--ast-global-color-4)","background-image":"","background-repeat":"repeat","background-position":"center center","background-size":"auto","background-attachment":"scroll","background-type":"","background-media":"","overlay-type":"","overlay-color":"","overlay-opacity":"","overlay-gradient":""}}},"product_brand":[],"product_cat":[3626],"product_tag":[3961,3976,3948,3872,3978,3984,3982,3727,3931,3771,3838,3718,3687,3721],"class_list":{"0":"post-75575","1":"product","2":"type-product","3":"status-publish","4":"has-post-thumbnail","6":"product_cat-katalog-narzedzi-diamentowych-online","7":"product_tag-diamentowa-oselka","8":"product_tag-diamentowe-rysiki-do-rzezbienia","9":"product_tag-diamentowe-tarcze-tnace","10":"product_tag-diamentowy-kamien-z-wlokna-ceramicznego","11":"product_tag-metoda-ceramiczna","12":"product_tag-metoda-elektroformowania","13":"product_tag-metoda-galwanizacji","14":"product_tag-metoda-zywiczna","15":"product_tag-pilnik","16":"product_tag-pret-scierny-cbn","17":"product_tag-pret-scierny-do-otworow","18":"product_tag-prety-drewniane","19":"product_tag-prety-scierne-do-obrobki-otworow","20":"product_tag-szczotki-z-wlokna-kokosowego","21":"desktop-align-left","22":"tablet-align-left","23":"mobile-align-left","24":"ast-product-gallery-layout-horizontal-slider","25":"ast-product-tabs-layout-horizontal","27":"first","28":"instock","29":"taxable","30":"shipping-taxable","31":"product-type-simple"},"_links":{"self":[{"href":"https:\/\/honwaygroup.com\/pl\/wp-json\/wp\/v2\/product\/75575","targetHints":{"allow":["GET"]}}],"collection":[{"href":"https:\/\/honwaygroup.com\/pl\/wp-json\/wp\/v2\/product"}],"about":[{"href":"https:\/\/honwaygroup.com\/pl\/wp-json\/wp\/v2\/types\/product"}],"version-history":[{"count":0,"href":"https:\/\/honwaygroup.com\/pl\/wp-json\/wp\/v2\/product\/75575\/revisions"}],"wp:featuredmedia":[{"embeddable":true,"href":"https:\/\/honwaygroup.com\/pl\/wp-json\/wp\/v2\/media\/75576"}],"wp:attachment":[{"href":"https:\/\/honwaygroup.com\/pl\/wp-json\/wp\/v2\/media?parent=75575"}],"wp:term":[{"taxonomy":"product_brand","embeddable":true,"href":"https:\/\/honwaygroup.com\/pl\/wp-json\/wp\/v2\/product_brand?post=75575"},{"taxonomy":"product_cat","embeddable":true,"href":"https:\/\/honwaygroup.com\/pl\/wp-json\/wp\/v2\/product_cat?post=75575"},{"taxonomy":"product_tag","embeddable":true,"href":"https:\/\/honwaygroup.com\/pl\/wp-json\/wp\/v2\/product_tag?post=75575"}],"curies":[{"name":"wp","href":"https:\/\/api.w.org\/{rel}","templated":true}]}}