{"id":75500,"date":"2021-01-17T16:57:29","date_gmt":"2021-01-17T08:57:29","guid":{"rendered":"https:\/\/honwaygroup.com\/product\/cf-400-reczny-diamentowy-pilnik-plasko-skosny\/"},"modified":"2025-10-29T11:58:45","modified_gmt":"2025-10-29T03:58:45","slug":"cf-400-reczny-diamentowy-pilnik-plasko-skosny","status":"publish","type":"product","link":"https:\/\/honwaygroup.com\/pl\/produkt\/cf-400-reczny-diamentowy-pilnik-plasko-skosny\/","title":{"rendered":"CF-400 R\u0119czny diamentowy pilnik p\u0142asko-sko\u015bny"},"content":{"rendered":"<h3><strong>CF-400 R\u0119czny diamentowy pilnik p\u0142asko-sko\u015bny<\/strong><\/h3>\n<p>Jednostka : mm<\/p>\n<table class=\"specTable\" width=\"100%\">\n<tbody>\n<tr>\n<th>Kszta\u0142t<\/th>\n<th width=\"15%\">Numer seryjny<\/th>\n<th>Ziarnisto\u015b\u0107<\/th>\n<th>D\u0142ugo\u015b\u0107 diamentu<\/th>\n<th>D\u0142ugo\u015b\u0107 ca\u0142kowita<\/th>\n<th width=\"35%\"><\/th>\n<\/tr>\n<tr>\n<td><a href=\"https:\/\/honwaygroup.com\/wp-content\/uploads\/2021\/01\/CF-400-%E9%91%BD%E7%9F%B3%E5%B9%B3%E6%96%9C%E6%89%8B%E5%B7%A5%E9%8A%BC%E5%88%80_%E5%B7%A5%E4%BD%9C%E5%8D%80%E5%9F%9F-1-%E8%A4%87%E6%9C%AC-5.webp\"><img decoding=\"async\" class=\"alignnone size-thumbnail wp-image-25383\" src=\"https:\/\/honwaygroup.com\/wp-content\/uploads\/2021\/01\/CF-400-%E9%91%BD%E7%9F%B3%E5%B9%B3%E6%96%9C%E6%89%8B%E5%B7%A5%E9%8A%BC%E5%88%80_%E5%B7%A5%E4%BD%9C%E5%8D%80%E5%9F%9F-1-%E8%A4%87%E6%9C%AC-5-150x150.webp\" alt=\"\" width=\"150\" height=\"150\"><\/a><\/td>\n<td>CF-402J<br \/>\nCF-402F<br \/>\nCF-402V<\/td>\n<td>#150#200#400<\/td>\n<td style=\"text-align: center\">40<\/td>\n<td style=\"text-align: center\">180<\/td>\n<td><a href=\"https:\/\/honwaygroup.com\/wp-content\/uploads\/2021\/01\/CF-400-%E9%91%BD%E7%9F%B3%E5%B9%B3%E6%96%9C%E6%89%8B%E5%B7%A5%E9%8A%BC%E5%88%80-57.webp\"><img fetchpriority=\"high\" decoding=\"async\" class=\"alignnone wp-image-25399 size-full\" src=\"https:\/\/honwaygroup.com\/wp-content\/uploads\/2021\/01\/CF-400-%E9%91%BD%E7%9F%B3%E5%B9%B3%E6%96%9C%E6%89%8B%E5%B7%A5%E9%8A%BC%E5%88%80-57.webp\" alt=\"\" width=\"1131\" height=\"162\"><\/a><\/td>\n<\/tr>\n<tr>\n<td><a href=\"https:\/\/honwaygroup.com\/wp-content\/uploads\/2021\/01\/CF-400-%E9%91%BD%E7%9F%B3%E5%B9%B3%E6%96%9C%E6%89%8B%E5%B7%A5%E9%8A%BC%E5%88%80_%E5%B7%A5%E4%BD%9C%E5%8D%80%E5%9F%9F-1-%E8%A4%87%E6%9C%AC-6.webp\"><img decoding=\"async\" class=\"alignnone size-thumbnail wp-image-25387\" src=\"https:\/\/honwaygroup.com\/wp-content\/uploads\/2021\/01\/CF-400-%E9%91%BD%E7%9F%B3%E5%B9%B3%E6%96%9C%E6%89%8B%E5%B7%A5%E9%8A%BC%E5%88%80_%E5%B7%A5%E4%BD%9C%E5%8D%80%E5%9F%9F-1-%E8%A4%87%E6%9C%AC-6-150x150.webp\" alt=\"\" width=\"150\" height=\"150\"><\/a><\/td>\n<td>CF-404J<br \/>\nCF-404F<br \/>\nCF-404V<\/td>\n<td>#150#200#400<\/td>\n<td style=\"text-align: center\">50<\/td>\n<td style=\"text-align: center\">180<\/td>\n<td><a href=\"https:\/\/honwaygroup.com\/wp-content\/uploads\/2021\/01\/CF-400-%E9%91%BD%E7%9F%B3%E5%B9%B3%E6%96%9C%E6%89%8B%E5%B7%A5%E9%8A%BC%E5%88%80-58.webp\"><img loading=\"lazy\" decoding=\"async\" class=\"alignnone wp-image-25403 size-full\" src=\"https:\/\/honwaygroup.com\/wp-content\/uploads\/2021\/01\/CF-400-%E9%91%BD%E7%9F%B3%E5%B9%B3%E6%96%9C%E6%89%8B%E5%B7%A5%E9%8A%BC%E5%88%80-58.webp\" alt=\"\" width=\"1131\" height=\"162\"><\/a><\/td>\n<\/tr>\n<tr>\n<td><a href=\"https:\/\/honwaygroup.com\/wp-content\/uploads\/2021\/01\/CF-400-%E9%91%BD%E7%9F%B3%E5%B9%B3%E6%96%9C%E6%89%8B%E5%B7%A5%E9%8A%BC%E5%88%80_%E5%B7%A5%E4%BD%9C%E5%8D%80%E5%9F%9F-1-%E8%A4%87%E6%9C%AC-8.webp\"><img loading=\"lazy\" decoding=\"async\" class=\"alignnone size-thumbnail wp-image-25391\" src=\"https:\/\/honwaygroup.com\/wp-content\/uploads\/2021\/01\/CF-400-%E9%91%BD%E7%9F%B3%E5%B9%B3%E6%96%9C%E6%89%8B%E5%B7%A5%E9%8A%BC%E5%88%80_%E5%B7%A5%E4%BD%9C%E5%8D%80%E5%9F%9F-1-%E8%A4%87%E6%9C%AC-8-150x150.webp\" alt=\"\" width=\"150\" height=\"150\"><\/a><\/td>\n<td>CF-406J<br \/>\nCF-406F<br \/>\nCF-406V<\/td>\n<td>#150#200#400<\/td>\n<td style=\"text-align: center\">50<\/td>\n<td style=\"text-align: center\">180<\/td>\n<td><a href=\"https:\/\/honwaygroup.com\/wp-content\/uploads\/2021\/01\/CF-400-%E9%91%BD%E7%9F%B3%E5%B9%B3%E6%96%9C%E6%89%8B%E5%B7%A5%E9%8A%BC%E5%88%80-59.webp\"><img loading=\"lazy\" decoding=\"async\" class=\"alignnone wp-image-25407 size-full\" src=\"https:\/\/honwaygroup.com\/wp-content\/uploads\/2021\/01\/CF-400-%E9%91%BD%E7%9F%B3%E5%B9%B3%E6%96%9C%E6%89%8B%E5%B7%A5%E9%8A%BC%E5%88%80-59.webp\" alt=\"\" width=\"1131\" height=\"162\"><\/a><\/td>\n<\/tr>\n<tr>\n<td><a href=\"https:\/\/honwaygroup.com\/wp-content\/uploads\/2021\/01\/CF-400-%E9%91%BD%E7%9F%B3%E5%B9%B3%E6%96%9C%E6%89%8B%E5%B7%A5%E9%8A%BC%E5%88%80_%E5%B7%A5%E4%BD%9C%E5%8D%80%E5%9F%9F-1-%E8%A4%87%E6%9C%AC-9.webp\"><img loading=\"lazy\" decoding=\"async\" class=\"alignnone size-thumbnail wp-image-25395\" src=\"https:\/\/honwaygroup.com\/wp-content\/uploads\/2021\/01\/CF-400-%E9%91%BD%E7%9F%B3%E5%B9%B3%E6%96%9C%E6%89%8B%E5%B7%A5%E9%8A%BC%E5%88%80_%E5%B7%A5%E4%BD%9C%E5%8D%80%E5%9F%9F-1-%E8%A4%87%E6%9C%AC-9-150x150.webp\" alt=\"\" width=\"150\" height=\"150\"><\/a><\/td>\n<td>CF-408J<br \/>\nCF-408F<br \/>\nCF-408V<\/td>\n<td>#150#200#400<\/td>\n<td style=\"text-align: center\">50<\/td>\n<td style=\"text-align: center\">180<\/td>\n<td><a href=\"https:\/\/honwaygroup.com\/wp-content\/uploads\/2021\/01\/CF-400-%E9%91%BD%E7%9F%B3%E5%B9%B3%E6%96%9C%E6%89%8B%E5%B7%A5%E9%8A%BC%E5%88%80-60.webp\"><img loading=\"lazy\" decoding=\"async\" class=\"alignnone wp-image-25411 size-full\" src=\"https:\/\/honwaygroup.com\/wp-content\/uploads\/2021\/01\/CF-400-%E9%91%BD%E7%9F%B3%E5%B9%B3%E6%96%9C%E6%89%8B%E5%B7%A5%E9%8A%BC%E5%88%80-60.webp\" alt=\"\" width=\"1131\" height=\"162\"><\/a><\/td>\n<\/tr>\n<tr>\n<td colspan=\"6\"><strong>Zestaw 12 sztuk \/ po jednej sztuce ka\u017cdego kszta\u0142tu i granulacji, numer zam\u00f3wienia: CF-400.<\/strong><\/td>\n<\/tr>\n<\/tbody>\n<\/table>\n<p>Masz pytanie? <a href=\"https:\/\/honwaygroup.com\/pl\/skontaktuj-sie-z-nami\/\">Skontaktuj si\u0119 z nami!<\/a><\/p>\n","protected":false},"excerpt":{"rendered":"<div id=\"desWrap\">\n<ul>\n<li>D\u0142ugo\u015b\u0107 ca\u0142kowita : 180mm<\/li>\n<li>D\u0142ugo\u015b\u0107 diamentu : 40~50mm<\/li>\n<\/ul>\n<h5><strong><span style=\"color: #ff0000;font-size: 19.2px\">\u25b2<\/span> <\/strong><strong><span style=\"color: #ff0000;font-size: 19.2px\">W przypadku zapotrzebowania na niestandardowe rozmiary prosimy o kontakt z obs\u0142ug\u0105 klienta. W celu uzyskania informacji o czas realizacji takiego zam\u00f3wienia r\u00f3wnie\u017c prosimy o kontakt z obs\u0142ug\u0105 klienta.<\/span><\/strong><\/h5>\n<h5><strong><span style=\"color: #ff0000;font-size: 19.2px\">\u25b2 <\/span><\/strong><strong><span style=\"color: #ff0000;font-size: 19.2px\">Przy wi\u0119kszych zam\u00f3wieniach istnieje mo\u017cliwo\u015b\u0107 uzyskania rabatu, prosimy o kontakt z obs\u0142ug\u0105 klienta.<\/span><\/strong><\/h5>\n<h5><strong><span style=\"color: #ff0000;font-size: 19.2px\">\u25b2<\/span><span style=\"color: #ff0000;font-size: 19.2px\">Czas dostawy zam\u00f3wie\u0144<\/span> <span style=\"color: #ff0000\">na Tajwan wynosi<\/span> <span style=\"color: #ff0000;font-size: 19.2px\">oko\u0142o 7\u201314 dni roboczych<\/span><\/strong><\/h5>\n<h5><strong><span style=\"color: #ff0000;font-size: 19.2px\">\u25b2<\/span><span style=\"color: #ff0000\">Czas realizacji wysy\u0142ki mi\u0119dzynarodowej wynosi 7-14 dni, natomiast rzeczywisty czas dostawy zale\u017cy od danej firmy kurierskiej.<\/span><\/strong><\/h5>\n<\/div>\n","protected":false},"featured_media":75501,"template":"","meta":{"site-sidebar-layout":"default","site-content-layout":"default","ast-site-content-layout":"default","site-content-style":"default","site-sidebar-style":"default","ast-global-header-display":"","ast-banner-title-visibility":"","ast-main-header-display":"","ast-hfb-above-header-display":"","ast-hfb-below-header-display":"","ast-hfb-mobile-header-display":"","site-post-title":"","ast-breadcrumbs-content":"","ast-featured-img":"","footer-sml-layout":"","ast-disable-related-posts":"","theme-transparent-header-meta":"default","adv-header-id-meta":"","stick-header-meta":"default","header-above-stick-meta":"","header-main-stick-meta":"","header-below-stick-meta":"","astra-migrate-meta-layouts":"default","ast-page-background-enabled":"default","ast-page-background-meta":{"desktop":{"background-color":"var(--ast-global-color-5)","background-image":"","background-repeat":"repeat","background-position":"center center","background-size":"auto","background-attachment":"scroll","background-type":"","background-media":"","overlay-type":"","overlay-color":"","overlay-opacity":"","overlay-gradient":""},"tablet":{"background-color":"","background-image":"","background-repeat":"repeat","background-position":"center center","background-size":"auto","background-attachment":"scroll","background-type":"","background-media":"","overlay-type":"","overlay-color":"","overlay-opacity":"","overlay-gradient":""},"mobile":{"background-color":"","background-image":"","background-repeat":"repeat","background-position":"center center","background-size":"auto","background-attachment":"scroll","background-type":"","background-media":"","overlay-type":"","overlay-color":"","overlay-opacity":"","overlay-gradient":""}},"ast-content-background-meta":{"desktop":{"background-color":"var(--ast-global-color-4)","background-image":"","background-repeat":"repeat","background-position":"center center","background-size":"auto","background-attachment":"scroll","background-type":"","background-media":"","overlay-type":"","overlay-color":"","overlay-opacity":"","overlay-gradient":""},"tablet":{"background-color":"var(--ast-global-color-4)","background-image":"","background-repeat":"repeat","background-position":"center center","background-size":"auto","background-attachment":"scroll","background-type":"","background-media":"","overlay-type":"","overlay-color":"","overlay-opacity":"","overlay-gradient":""},"mobile":{"background-color":"var(--ast-global-color-4)","background-image":"","background-repeat":"repeat","background-position":"center center","background-size":"auto","background-attachment":"scroll","background-type":"","background-media":"","overlay-type":"","overlay-color":"","overlay-opacity":"","overlay-gradient":""}}},"product_brand":[],"product_cat":[3446,3617],"product_tag":[3956],"class_list":{"0":"post-75500","1":"product","2":"type-product","3":"status-publish","4":"has-post-thumbnail","6":"product_cat-dianond-tools-pl","7":"product_cat-diamentowe-pilniki-reczne","8":"product_tag-pilniki-diamentowe","9":"desktop-align-left","10":"tablet-align-left","11":"mobile-align-left","12":"ast-product-gallery-layout-horizontal-slider","13":"ast-product-gallery-with-no-image","14":"ast-product-single-variable","15":"ast-product-tabs-layout-horizontal","17":"first","18":"instock","19":"taxable","20":"shipping-taxable","21":"purchasable","22":"product-type-variable"},"_links":{"self":[{"href":"https:\/\/honwaygroup.com\/pl\/wp-json\/wp\/v2\/product\/75500","targetHints":{"allow":["GET"]}}],"collection":[{"href":"https:\/\/honwaygroup.com\/pl\/wp-json\/wp\/v2\/product"}],"about":[{"href":"https:\/\/honwaygroup.com\/pl\/wp-json\/wp\/v2\/types\/product"}],"version-history":[{"count":0,"href":"https:\/\/honwaygroup.com\/pl\/wp-json\/wp\/v2\/product\/75500\/revisions"}],"wp:featuredmedia":[{"embeddable":true,"href":"https:\/\/honwaygroup.com\/pl\/wp-json\/wp\/v2\/media\/75501"}],"wp:attachment":[{"href":"https:\/\/honwaygroup.com\/pl\/wp-json\/wp\/v2\/media?parent=75500"}],"wp:term":[{"taxonomy":"product_brand","embeddable":true,"href":"https:\/\/honwaygroup.com\/pl\/wp-json\/wp\/v2\/product_brand?post=75500"},{"taxonomy":"product_cat","embeddable":true,"href":"https:\/\/honwaygroup.com\/pl\/wp-json\/wp\/v2\/product_cat?post=75500"},{"taxonomy":"product_tag","embeddable":true,"href":"https:\/\/honwaygroup.com\/pl\/wp-json\/wp\/v2\/product_tag?post=75500"}],"curies":[{"name":"wp","href":"https:\/\/api.w.org\/{rel}","templated":true}]}}