{"id":75441,"date":"2021-01-17T18:57:41","date_gmt":"2021-01-17T10:57:41","guid":{"rendered":"https:\/\/honwaygroup.com\/product\/elastyczna-sciernica-z-uchwytem\/"},"modified":"2021-01-17T18:57:41","modified_gmt":"2021-01-17T10:57:41","slug":"elastyczna-sciernica-z-uchwytem","status":"publish","type":"product","link":"https:\/\/honwaygroup.com\/pl\/produkt\/elastyczna-sciernica-z-uchwytem\/","title":{"rendered":"Elastyczna \u015bciernica z uchwytem"},"content":{"rendered":"<div class=\"resCol12\">\n<div class=\"resMargin\">\n<ul>\n<li>\u015aciernica sk\u00f3rzana: wysoka trwa\u0142o\u015b\u0107 i dobra wydajno\u015b\u0107 ci\u0119cia, odpowiednia do wyg\u0142adzania powierzchni metalowych.<\/li>\n<li>\u015aciernica g\u0105bkowa: Odpowiednia do polerowania stop\u00f3w aluminium i metali \u017celaznych, 30% si\u0142y ci\u0119cia, 70% stopnia polerowania, mniej uszkadza powierzchni\u0119 metalu.<\/li>\n<\/ul>\n<p><a href=\"https:\/\/honwaygroup.com\/wp-content\/uploads\/2021\/01\/%E5%BD%88%E6%80%A7%E5%B8%B6%E6%9F%84%E7%A0%82%E8%BC%AA.jpg\"><img fetchpriority=\"high\" decoding=\"async\" class=\"alignnone size-medium wp-image-26187\" src=\"https:\/\/honwaygroup.com\/wp-content\/uploads\/2021\/01\/%E5%BD%88%E6%80%A7%E5%B8%B6%E6%9F%84%E7%A0%82%E8%BC%AA-300x167.jpg\" alt=\"\" width=\"300\" height=\"167\"><\/a>Jednostka : mm<\/p>\n<table class=\"specTable\" style=\"height: 110px;\" width=\"681\">\n<tbody>\n<tr>\n<th>Nazwa produkty<\/th>\n<th>Ziarnisto\u015b\u0107<\/th>\n<th colspan=\"5\">Numer seryjny<\/th>\n<\/tr>\n<tr>\n<td>\u015aciernica sk\u00f3rzana na trzpieniu<\/td>\n<td>#120<\/td>\n<td>N413<\/td>\n<td>N515<\/td>\n<td>N617<\/td>\n<td>N820<\/td>\n<td>N1020<\/td>\n<\/tr>\n<tr>\n<td>\u015aciernica z g\u0105bki na trzpieniu<\/td>\n<td>#120<\/td>\n<td>R413<\/td>\n<td>R515<\/td>\n<td>R617<\/td>\n<td>R820<\/td>\n<td>R1020<\/td>\n<\/tr>\n<\/tbody>\n<\/table>\n<ul class=\"main_ul\">\n<li><strong>Opakowanie : 100 sztuk<\/strong><\/li>\n<\/ul>\n<p>Je\u015bli masz jakiekolwiek pytania lub potrzebujesz produktu na zam\u00f3wienie <a href=\"https:\/\/honwaygroup.com\/pl\/skontaktuj-sie-z-nami\/\">Skontaktuj si\u0119 z nami!<br \/><\/a><\/p>\n<\/div>\n<\/div>\n","protected":false},"excerpt":{"rendered":"<h5><strong><span style=\"color: #ff0000; font-size: 19.2px;\">\u25b2<\/span><\/strong> <strong><span style=\"color: #ff0000; font-size: 19.2px;\">W przypadku zapotrzebowania na niestandardowe rozmiary prosimy o kontakt z obs\u0142ug\u0105 klienta. W celu uzyskania informacji o czas realizacji takiego zam\u00f3wienia r\u00f3wnie\u017c prosimy o kontakt z obs\u0142ug\u0105 klienta.<\/span><\/strong><\/h5>\n<h5><strong><span style=\"color: #ff0000; font-size: 19.2px;\">\u25b2 Przy wi\u0119kszych zam\u00f3wieniach istnieje mo\u017cliwo\u015b\u0107 uzyskania rabatu, prosimy o kontakt z obs\u0142ug\u0105 klienta.<br \/>\n<\/span><\/strong><\/h5>\n<h5><strong>\u25b2 <span style=\"color: #ff0000;\">W celu uzyskania informacji o rzeczywistym czasie dostawy prosimy o kontakt z obs\u0142ug\u0105 klienta<\/span>: <a href=\"https:\/\/honwaygroup.com\/pl\/skontaktuj-sie-z-nami\/\">Skontaktuj si\u0119 z nami!<\/a><\/strong><\/h5>\n","protected":false},"featured_media":75442,"template":"","meta":{"site-sidebar-layout":"default","site-content-layout":"default","ast-site-content-layout":"default","site-content-style":"default","site-sidebar-style":"default","ast-global-header-display":"","ast-banner-title-visibility":"","ast-main-header-display":"","ast-hfb-above-header-display":"","ast-hfb-below-header-display":"","ast-hfb-mobile-header-display":"","site-post-title":"","ast-breadcrumbs-content":"","ast-featured-img":"","footer-sml-layout":"","ast-disable-related-posts":"","theme-transparent-header-meta":"default","adv-header-id-meta":"","stick-header-meta":"default","header-above-stick-meta":"","header-main-stick-meta":"","header-below-stick-meta":"","astra-migrate-meta-layouts":"default","ast-page-background-enabled":"default","ast-page-background-meta":{"desktop":{"background-color":"var(--ast-global-color-5)","background-image":"","background-repeat":"repeat","background-position":"center center","background-size":"auto","background-attachment":"scroll","background-type":"","background-media":"","overlay-type":"","overlay-color":"","overlay-opacity":"","overlay-gradient":""},"tablet":{"background-color":"","background-image":"","background-repeat":"repeat","background-position":"center center","background-size":"auto","background-attachment":"scroll","background-type":"","background-media":"","overlay-type":"","overlay-color":"","overlay-opacity":"","overlay-gradient":""},"mobile":{"background-color":"","background-image":"","background-repeat":"repeat","background-position":"center center","background-size":"auto","background-attachment":"scroll","background-type":"","background-media":"","overlay-type":"","overlay-color":"","overlay-opacity":"","overlay-gradient":""}},"ast-content-background-meta":{"desktop":{"background-color":"var(--ast-global-color-4)","background-image":"","background-repeat":"repeat","background-position":"center center","background-size":"auto","background-attachment":"scroll","background-type":"","background-media":"","overlay-type":"","overlay-color":"","overlay-opacity":"","overlay-gradient":""},"tablet":{"background-color":"var(--ast-global-color-4)","background-image":"","background-repeat":"repeat","background-position":"center center","background-size":"auto","background-attachment":"scroll","background-type":"","background-media":"","overlay-type":"","overlay-color":"","overlay-opacity":"","overlay-gradient":""},"mobile":{"background-color":"var(--ast-global-color-4)","background-image":"","background-repeat":"repeat","background-position":"center center","background-size":"auto","background-attachment":"scroll","background-type":"","background-media":"","overlay-type":"","overlay-color":"","overlay-opacity":"","overlay-gradient":""}}},"product_brand":[],"product_cat":[3572,3563],"product_tag":[3700],"class_list":{"0":"post-75441","1":"product","2":"type-product","3":"status-publish","4":"has-post-thumbnail","6":"product_cat-elastyczne-frezy-szlifierskie","7":"product_cat-materialy-eksploatacyjne-do-szlifowania-i-polerowania","8":"product_tag-elastyczne-frezy-szlifierskie","9":"desktop-align-left","10":"tablet-align-left","11":"mobile-align-left","12":"ast-product-gallery-layout-horizontal-slider","13":"ast-product-gallery-with-no-image","14":"ast-product-single-variable","15":"ast-product-tabs-layout-horizontal","17":"first","18":"instock","19":"taxable","20":"shipping-taxable","21":"purchasable","22":"product-type-variable"},"_links":{"self":[{"href":"https:\/\/honwaygroup.com\/pl\/wp-json\/wp\/v2\/product\/75441","targetHints":{"allow":["GET"]}}],"collection":[{"href":"https:\/\/honwaygroup.com\/pl\/wp-json\/wp\/v2\/product"}],"about":[{"href":"https:\/\/honwaygroup.com\/pl\/wp-json\/wp\/v2\/types\/product"}],"version-history":[{"count":0,"href":"https:\/\/honwaygroup.com\/pl\/wp-json\/wp\/v2\/product\/75441\/revisions"}],"wp:featuredmedia":[{"embeddable":true,"href":"https:\/\/honwaygroup.com\/pl\/wp-json\/wp\/v2\/media\/75442"}],"wp:attachment":[{"href":"https:\/\/honwaygroup.com\/pl\/wp-json\/wp\/v2\/media?parent=75441"}],"wp:term":[{"taxonomy":"product_brand","embeddable":true,"href":"https:\/\/honwaygroup.com\/pl\/wp-json\/wp\/v2\/product_brand?post=75441"},{"taxonomy":"product_cat","embeddable":true,"href":"https:\/\/honwaygroup.com\/pl\/wp-json\/wp\/v2\/product_cat?post=75441"},{"taxonomy":"product_tag","embeddable":true,"href":"https:\/\/honwaygroup.com\/pl\/wp-json\/wp\/v2\/product_tag?post=75441"}],"curies":[{"name":"wp","href":"https:\/\/api.w.org\/{rel}","templated":true}]}}