{"id":75387,"date":"2021-01-18T17:30:45","date_gmt":"2021-01-18T09:30:45","guid":{"rendered":"https:\/\/honwaygroup.com\/product\/ar-800-flagowa-wielofunkcyjna-szlifierka-ultradzwiekowa-o-duzej-mocy\/"},"modified":"2025-09-26T10:46:34","modified_gmt":"2025-09-26T02:46:34","slug":"ar-800-flagowa-wielofunkcyjna-szlifierka-ultradzwiekowa-o-duzej-mocy","status":"publish","type":"product","link":"https:\/\/honwaygroup.com\/pl\/produkt\/ar-800-flagowa-wielofunkcyjna-szlifierka-ultradzwiekowa-o-duzej-mocy\/","title":{"rendered":"AR-800 Flagowa wielofunkcyjna szlifierka ultrad\u017awi\u0119kowa o du\u017cej mocy"},"content":{"rendered":"<h3><strong>AR-800 Flagowa wielofunkcyjna szlifierka ultrad\u017awi\u0119kowa o du\u017cej mocy<\/strong><\/h3>\n<p>&nbsp;<\/p>\n<table width=\"100%\">\n<tbody>\n<tr>\n<th colspan=\"2\">Zasilacz<\/th>\n<\/tr>\n<tr>\n<td>\u0179r\u00f3d\u0142o zasilania<\/td>\n<td>AC-90V ~ 250V, 50\/60 Hz<\/td>\n<\/tr>\n<tr>\n<td>Moc wyj\u015bciowa ultrad\u017awi\u0119k\u00f3w<\/td>\n<td>45 watts<\/td>\n<\/tr>\n<tr>\n<td>Cz\u0119stotliwo\u015b\u0107 wibracji<\/td>\n<td>18 ~ 26 kHz<\/td>\n<\/tr>\n<tr>\n<td>Amplituda<\/td>\n<td>3~40\u03bcm<\/td>\n<\/tr>\n<tr>\n<td>Regulacja cz\u0119stotliwo\u015bci drga\u0144<\/td>\n<td>Automatyczne \u015bledzenie<\/td>\n<\/tr>\n<tr>\n<td>Zu\u017cucie mocy<\/td>\n<td>300 watts<\/td>\n<\/tr>\n<tr>\n<td>Bezpiecznik<\/td>\n<td>3A time-lag type<\/td>\n<\/tr>\n<tr>\n<td>Wyj\u015bcie silnika pr\u0105du sta\u0142ego (DC)<\/td>\n<td>5 ~ 32V<\/td>\n<\/tr>\n<tr>\n<td>Moc wyj\u015bciowa szczotkowa<\/td>\n<td>Max. 150 watts <\/td>\n<\/tr>\n<tr>\n<td>Moc wyj\u015bciowa bezszczotkowa<\/td>\n<td>Max. 300 watts <\/td>\n<\/tr>\n<tr>\n<td>Wymiary<\/td>\n<td>170x260x140mm<\/td>\n<\/tr>\n<tr>\n<td>Waga<\/td>\n<td>2.72 kg<\/td>\n<\/tr>\n<\/tbody>\n<\/table>\n<table width=\"100%\">\n<tbody>\n<tr>\n<th colspan=\"2\">Szlifierka r\u0119czna<\/th>\n<\/tr>\n<tr>\n<td>R\u0119czna szlifierka ultrad\u017awi\u0119kowa<\/td>\n<td>* GS-H26<\/td>\n<\/tr>\n<tr>\n<td>Wymiary<\/td>\n<td>\u00d827x125mm<\/td>\n<\/tr>\n<tr>\n<td>Waga<\/td>\n<td>150g<\/td>\n<\/tr>\n<\/tbody>\n<\/table>\n<table width=\"100%\">\n<tbody>\n<tr>\n<th colspan=\"2\">Szlifierka r\u0119czna<\/th>\n<\/tr>\n<tr>\n<td>Szczotkowa szlifierka r\u0119czna<\/td>\n<td>\u25ce<\/td>\n<\/tr>\n<tr>\n<td>Bezszczotkowa szlifierka r\u0119czna<\/td>\n<td>\u25ce<\/td>\n<\/tr>\n<\/tbody>\n<\/table>\n<p><strong>Wyja\u015bnienie: \u25ce Wyposa\u017cenie dodatkowe<\/strong><\/p>\n<h4><strong><br \/>\nPodstawowe przyk\u0142ady zastosowa\u0144<\/strong><\/h4>\n<table width=\"100%\">\n<tbody>\n<tr>\n<td><a href=\"https:\/\/honwaygroup.com\/wp-content\/uploads\/2021\/01\/AR-108-%E5%96%AE%E5%8A%9F%E8%83%BD%E8%B6%85%E9%9F%B3%E6%B3%A2%E7%A0%94%E7%A3%A8%E6%A9%9F-1.webp\"><img decoding=\"async\" class=\"alignnone size-full wp-image-28117\" src=\"https:\/\/honwaygroup.com\/wp-content\/uploads\/2021\/01\/AR-108-%E5%96%AE%E5%8A%9F%E8%83%BD%E8%B6%85%E9%9F%B3%E6%B3%A2%E7%A0%94%E7%A3%A8%E6%A9%9F-1.webp\" alt=\"\" width=\"194\" height=\"194\"><\/a><\/td>\n<td><a href=\"https:\/\/honwaygroup.com\/wp-content\/uploads\/2021\/01\/AR-600-E%E9%9B%99%E5%8A%9F%E8%83%BD%E8%B6%85%E9%9F%B3%E6%B3%A2%E7%A0%94%E7%A3%A8%E6%A9%9F-1_%E5%B7%A5%E4%BD%9C%E5%8D%80%E5%9F%9F-1-%E8%A4%87%E6%9C%AC-54.webp\"><img decoding=\"async\" class=\"alignnone wp-image-28211\" src=\"https:\/\/honwaygroup.com\/wp-content\/uploads\/2021\/01\/AR-600-E%E9%9B%99%E5%8A%9F%E8%83%BD%E8%B6%85%E9%9F%B3%E6%B3%A2%E7%A0%94%E7%A3%A8%E6%A9%9F-1_%E5%B7%A5%E4%BD%9C%E5%8D%80%E5%9F%9F-1-%E8%A4%87%E6%9C%AC-54-300x300.webp\" alt=\"\" width=\"194\" height=\"194\"><\/a><\/td>\n<td><a href=\"https:\/\/honwaygroup.com\/wp-content\/uploads\/2021\/01\/AR-108-%E5%96%AE%E5%8A%9F%E8%83%BD%E8%B6%85%E9%9F%B3%E6%B3%A2%E7%A0%94%E7%A3%A8%E6%A9%9F-2.webp\"><img decoding=\"async\" class=\"alignnone wp-image-28121 size-full\" src=\"https:\/\/honwaygroup.com\/wp-content\/uploads\/2021\/01\/AR-108-%E5%96%AE%E5%8A%9F%E8%83%BD%E8%B6%85%E9%9F%B3%E6%B3%A2%E7%A0%94%E7%A3%A8%E6%A9%9F-2.webp\" alt=\"\" width=\"194\" height=\"194\"><\/a><\/td>\n<td><a href=\"https:\/\/honwaygroup.com\/wp-content\/uploads\/2021\/01\/AR-108-%E5%96%AE%E5%8A%9F%E8%83%BD%E8%B6%85%E9%9F%B3%E6%B3%A2%E7%A0%94%E7%A3%A8%E6%A9%9F-3.webp\"><img loading=\"lazy\" decoding=\"async\" class=\"alignnone wp-image-28125\" src=\"https:\/\/honwaygroup.com\/wp-content\/uploads\/2021\/01\/AR-108-%E5%96%AE%E5%8A%9F%E8%83%BD%E8%B6%85%E9%9F%B3%E6%B3%A2%E7%A0%94%E7%A3%A8%E6%A9%9F-3-300x300.webp\" alt=\"\" width=\"194\" height=\"194\"><\/a><\/td>\n<\/tr>\n<tr>\n<td style=\"text-align: left\"><strong>Precyzyjne wyko\u0144czenie form<\/strong><\/td>\n<td style=\"text-align: left\"><strong>Obr\u00f3bka szlifierska<br \/>\n<\/strong><\/td>\n<td style=\"text-align: left\"><strong>Mikroobr\u00f3bka szczelin i wg\u0142\u0119bie\u0144<br \/>\n<\/strong><\/td>\n<td style=\"text-align: left\"><strong>Modyfikacja obwod\u00f3w<a href=\"https:\/\/zh.wikipedia.org\/wiki\/%E5%8D%B0%E5%88%B6%E7%94%B5%E8%B7%AF%E6%9D%BF\" rel=\"nofollow noopener\" target=\"_blank\"> p\u0142ytek PCB<\/a><\/strong><\/td>\n<\/tr>\n<\/tbody>\n<\/table>\n<h4><strong><br \/>\nLista kompatybilnych z AR-800 urz\u0105dze\u0144<\/strong><\/h4>\n<p><a href=\"https:\/\/honwaygroup.com\/wp-content\/uploads\/2021\/01\/AR-800-%E6%97%97%E8%89%A6%E5%A4%9A%E5%8A%9F%E8%83%BD%E5%BC%B7%E5%8A%9B%E5%9E%8B%E8%B6%85%E9%9F%B3%E6%B3%A2%E7%A0%94%E7%A3%A8%E6%A9%9F.webp\"><img loading=\"lazy\" decoding=\"async\" class=\"alignnone wp-image-32345 size-large\" src=\"https:\/\/honwaygroup.com\/wp-content\/uploads\/2021\/01\/AR-800-%E6%97%97%E8%89%A6%E5%A4%9A%E5%8A%9F%E8%83%BD%E5%BC%B7%E5%8A%9B%E5%9E%8B%E8%B6%85%E9%9F%B3%E6%B3%A2%E7%A0%94%E7%A3%A8%E6%A9%9F-1024x265.webp\" alt=\"\" width=\"1024\" height=\"265\"><\/a><\/p>\n<h4><strong><br \/>\nAR-800 Rzeczywista zawarto\u015b\u0107 zestawu (standardowy zestaw)<\/strong><\/h4>\n<table width=\"100%\">\n<tbody>\n<tr>\n<td>R\u0119czna szlifierka ultrad\u017awi\u0119kowa<\/td>\n<td width=\"20%\"><a href=\"https:\/\/honwaygroup.com\/wp-content\/uploads\/2021\/01\/AR-108-%E5%96%AE%E5%8A%9F%E8%83%BD%E8%B6%85%E9%9F%B3%E6%B3%A2%E7%A0%94%E7%A3%A8%E6%A9%9F-5.webp\"><img loading=\"lazy\" decoding=\"async\" class=\"alignnone size-full wp-image-28133\" src=\"https:\/\/honwaygroup.com\/wp-content\/uploads\/2021\/01\/AR-108-%E5%96%AE%E5%8A%9F%E8%83%BD%E8%B6%85%E9%9F%B3%E6%B3%A2%E7%A0%94%E7%A3%A8%E6%A9%9F-5.webp\" alt=\"\" width=\"200\" height=\"85\"><\/a><\/td>\n<td>(GS-H26) \u00d827x125mm<\/td>\n<\/tr>\n<tr>\n<td>Kabel zasilania<\/td>\n<td><a href=\"https:\/\/honwaygroup.com\/wp-content\/uploads\/2021\/01\/AR-108-%E5%96%AE%E5%8A%9F%E8%83%BD%E8%B6%85%E9%9F%B3%E6%B3%A2%E7%A0%94%E7%A3%A8%E6%A9%9F-6.webp\"><img loading=\"lazy\" decoding=\"async\" class=\"alignnone wp-image-28137 size-full\" src=\"https:\/\/honwaygroup.com\/wp-content\/uploads\/2021\/01\/AR-108-%E5%96%AE%E5%8A%9F%E8%83%BD%E8%B6%85%E9%9F%B3%E6%B3%A2%E7%A0%94%E7%A3%A8%E6%A9%9F-6.webp\" alt=\"\" width=\"200\" height=\"85\"><\/a><\/td>\n<td>18AWG x3Cx180cm<\/td>\n<\/tr>\n<tr>\n<td>Kabel narz\u0119dziowy<\/td>\n<td><a href=\"https:\/\/honwaygroup.com\/wp-content\/uploads\/2021\/01\/AR-108-%E5%96%AE%E5%8A%9F%E8%83%BD%E8%B6%85%E9%9F%B3%E6%B3%A2%E7%A0%94%E7%A3%A8%E6%A9%9F-7.webp\"><img loading=\"lazy\" decoding=\"async\" class=\"alignnone wp-image-28141 size-full\" src=\"https:\/\/honwaygroup.com\/wp-content\/uploads\/2021\/01\/AR-108-%E5%96%AE%E5%8A%9F%E8%83%BD%E8%B6%85%E9%9F%B3%E6%B3%A2%E7%A0%94%E7%A3%A8%E6%A9%9F-7.webp\" alt=\"\" width=\"200\" height=\"85\"><\/a><\/td>\n<td>3Cx150cm<\/td>\n<\/tr>\n<tr>\n<td>Klucz ampulowy\n<\/td>\n<td><a href=\"https:\/\/honwaygroup.com\/wp-content\/uploads\/2021\/01\/AR-108-%E5%96%AE%E5%8A%9F%E8%83%BD%E8%B6%85%E9%9F%B3%E6%B3%A2%E7%A0%94%E7%A3%A8%E6%A9%9F-8.webp\"><img loading=\"lazy\" decoding=\"async\" class=\"alignnone wp-image-28145 size-full\" src=\"https:\/\/honwaygroup.com\/wp-content\/uploads\/2021\/01\/AR-108-%E5%96%AE%E5%8A%9F%E8%83%BD%E8%B6%85%E9%9F%B3%E6%B3%A2%E7%A0%94%E7%A3%A8%E6%A9%9F-8.webp\" alt=\"\" width=\"200\" height=\"85\"><\/a><\/td>\n<td>HEX (62mm)<\/td>\n<\/tr>\n<tr>\n<td>Podstawka<\/td>\n<td><a href=\"https:\/\/honwaygroup.com\/wp-content\/uploads\/2021\/01\/AR-108-%E5%96%AE%E5%8A%9F%E8%83%BD%E8%B6%85%E9%9F%B3%E6%B3%A2%E7%A0%94%E7%A3%A8%E6%A9%9F-9.webp\"><img loading=\"lazy\" decoding=\"async\" class=\"alignnone wp-image-28149 size-full\" src=\"https:\/\/honwaygroup.com\/wp-content\/uploads\/2021\/01\/AR-108-%E5%96%AE%E5%8A%9F%E8%83%BD%E8%B6%85%E9%9F%B3%E6%B3%A2%E7%A0%94%E7%A3%A8%E6%A9%9F-9.webp\" alt=\"\" width=\"200\" height=\"85\"><\/a><\/td>\n<td>110x50x35 mm<\/td>\n<\/tr>\n<tr>\n<td>Podstawka na wymienne ko\u0144c\u00f3wki<\/td>\n<td><a href=\"https:\/\/honwaygroup.com\/wp-content\/uploads\/2021\/01\/AR-800-%E6%97%97%E8%89%A6%E5%A4%9A%E5%8A%9F%E8%83%BD%E5%BC%B7%E5%8A%9B%E5%9E%8B%E8%B6%85%E9%9F%B3%E6%B3%A2%E7%A0%94%E7%A3%A8%E6%A9%9F-2.webp\"><img loading=\"lazy\" decoding=\"async\" class=\"alignnone wp-image-28486 size-full\" src=\"https:\/\/honwaygroup.com\/wp-content\/uploads\/2021\/01\/AR-800-%E6%97%97%E8%89%A6%E5%A4%9A%E5%8A%9F%E8%83%BD%E5%BC%B7%E5%8A%9B%E5%9E%8B%E8%B6%85%E9%9F%B3%E6%B3%A2%E7%A0%94%E7%A3%A8%E6%A9%9F-2.webp\" alt=\"\" width=\"200\" height=\"85\"><\/a><\/td>\n<td>10mm <\/td>\n<\/tr>\n<tr>\n<td>Klucz<\/td>\n<td><a href=\"https:\/\/honwaygroup.com\/wp-content\/uploads\/2021\/01\/AR-108-%E5%96%AE%E5%8A%9F%E8%83%BD%E8%B6%85%E9%9F%B3%E6%B3%A2%E7%A0%94%E7%A3%A8%E6%A9%9F-11.webp\"><img loading=\"lazy\" decoding=\"async\" class=\"alignnone wp-image-28157 size-full\" src=\"https:\/\/honwaygroup.com\/wp-content\/uploads\/2021\/01\/AR-108-%E5%96%AE%E5%8A%9F%E8%83%BD%E8%B6%85%E9%9F%B3%E6%B3%A2%E7%A0%94%E7%A3%A8%E6%A9%9F-11.webp\" alt=\"\" width=\"200\" height=\"85\"><\/a><\/td>\n<td>140mm (10\/12)<\/td>\n<\/tr>\n<tr>\n<td>Przej\u015bci\u00f3wka (M6)<\/td>\n<td><a href=\"https:\/\/honwaygroup.com\/wp-content\/uploads\/2021\/01\/AR-800-%E6%97%97%E8%89%A6%E5%A4%9A%E5%8A%9F%E8%83%BD%E5%BC%B7%E5%8A%9B%E5%9E%8B%E8%B6%85%E9%9F%B3%E6%B3%A2%E7%A0%94%E7%A3%A8%E6%A9%9F-3.webp\"><img loading=\"lazy\" decoding=\"async\" class=\"alignnone wp-image-28490 size-full\" src=\"https:\/\/honwaygroup.com\/wp-content\/uploads\/2021\/01\/AR-800-%E6%97%97%E8%89%A6%E5%A4%9A%E5%8A%9F%E8%83%BD%E5%BC%B7%E5%8A%9B%E5%9E%8B%E8%B6%85%E9%9F%B3%E6%B3%A2%E7%A0%94%E7%A3%A8%E6%A9%9F-3.webp\" alt=\"\" width=\"200\" height=\"85\"><\/a><\/td>\n<td>Zaprojektowany specjalnie dla narz\u0119dzi z gwintem M6.<\/td>\n<\/tr>\n<tr>\n<td>Ko\u0144c\u00f3wka (\u00d83.0mm)<\/td>\n<td><a href=\"https:\/\/honwaygroup.com\/wp-content\/uploads\/2021\/01\/AR-108-%E5%96%AE%E5%8A%9F%E8%83%BD%E8%B6%85%E9%9F%B3%E6%B3%A2%E7%A0%94%E7%A3%A8%E6%A9%9F-12.webp\"><img loading=\"lazy\" decoding=\"async\" class=\"alignnone wp-image-28161 size-full\" src=\"https:\/\/honwaygroup.com\/wp-content\/uploads\/2021\/01\/AR-108-%E5%96%AE%E5%8A%9F%E8%83%BD%E8%B6%85%E9%9F%B3%E6%B3%A2%E7%A0%94%E7%A3%A8%E6%A9%9F-12.webp\" alt=\"\" width=\"200\" height=\"85\"><\/a><\/td>\n<td>Zaprojektowana specjalnie na \u00d83mm<\/td>\n<\/tr>\n<tr>\n<td>Uchwyt zaciskowy (3,0 mm)\n<\/td>\n<td><a href=\"https:\/\/honwaygroup.com\/wp-content\/uploads\/2021\/01\/AR-600-E%E9%9B%99%E5%8A%9F%E8%83%BD%E8%B6%85%E9%9F%B3%E6%B3%A2%E7%A0%94%E7%A3%A8%E6%A9%9F-3.webp\"><img loading=\"lazy\" decoding=\"async\" class=\"alignnone wp-image-28226 size-full\" src=\"https:\/\/honwaygroup.com\/wp-content\/uploads\/2021\/01\/AR-600-E%E9%9B%99%E5%8A%9F%E8%83%BD%E8%B6%85%E9%9F%B3%E6%B3%A2%E7%A0%94%E7%A3%A8%E6%A9%9F-3.webp\" alt=\"\" width=\"200\" height=\"85\"><\/a><\/td>\n<td>Zaprojektowany specjalnie do kamieni olejowych o grubo\u015bci 3 mm.<\/td>\n<\/tr>\n<tr>\n<td>Ko\u0144c\u00f3wka(1.0mm)<\/td>\n<td><a href=\"https:\/\/honwaygroup.com\/wp-content\/uploads\/2021\/01\/AR-108-%E5%96%AE%E5%8A%9F%E8%83%BD%E8%B6%85%E9%9F%B3%E6%B3%A2%E7%A0%94%E7%A3%A8%E6%A9%9F-13.webp\"><img loading=\"lazy\" decoding=\"async\" class=\"alignnone wp-image-28165 size-full\" src=\"https:\/\/honwaygroup.com\/wp-content\/uploads\/2021\/01\/AR-108-%E5%96%AE%E5%8A%9F%E8%83%BD%E8%B6%85%E9%9F%B3%E6%B3%A2%E7%A0%94%E7%A3%A8%E6%A9%9F-13.webp\" alt=\"\" width=\"200\" height=\"85\"><\/a><\/td>\n<td>Zaprojektowana specjalnie na 1mm <\/td>\n<\/tr>\n<tr>\n<td>Prze\u0142\u0105cznik no\u017cny<\/td>\n<td><a href=\"https:\/\/honwaygroup.com\/wp-content\/uploads\/2021\/01\/AR-108-%E5%96%AE%E5%8A%9F%E8%83%BD%E8%B6%85%E9%9F%B3%E6%B3%A2%E7%A0%94%E7%A3%A8%E6%A9%9F-14.webp\"><img loading=\"lazy\" decoding=\"async\" class=\"alignnone wp-image-28169 size-full\" src=\"https:\/\/honwaygroup.com\/wp-content\/uploads\/2021\/01\/AR-108-%E5%96%AE%E5%8A%9F%E8%83%BD%E8%B6%85%E9%9F%B3%E6%B3%A2%E7%A0%94%E7%A3%A8%E6%A9%9F-14.webp\" alt=\"\" width=\"200\" height=\"85\"><\/a><\/td>\n<td>Kabel o d\u0142ugo\u015bci 150mm<\/td>\n<\/tr>\n<\/tbody>\n<\/table>\n<p>Masz pytanie? <a href=\"https:\/\/honwaygroup.com\/pl\/skontaktuj-sie-z-nami\/\">Skontaktuj si\u0119 z nami!<\/a><\/p>\n","protected":false},"excerpt":{"rendered":"<h5><strong style=\"font-size: 1.3em\">Nowo zaprojektowany flagowy model<\/strong><strong style=\"font-size: 1.3em\"> z najnowocze\u015bniejsz\u0105, wielofunkcyjn\u0105<\/strong> konstrukcj\u0105, \u0142\u0105cz\u0105<strong style=\"font-size: 1.3em\">c\u0105 trzy rodzaje wyj\u015b\u0107<\/strong>:<strong style=\"font-size: 1.3em\"> ultrad\u017awi\u0119kowe, szczotkowe i bezszczotkowe pr\u0105du sta\u0142ego.<\/strong><\/h5>\n<p>&nbsp;<\/p>\n<div id=\"desWrap\">\n<ul>\n<li>Maksymalna moc wyj\u015bciowa silnika bezszczotkowego pr\u0105du sta\u0142ego to 300 wat\u00f3w, a maksymalna moc wyj\u015bciowa silnika szczotkowego pr\u0105du sta\u0142ego to 150 wat\u00f3w, co zapewnia wy\u017cszy moment obrotowy dla r\u00f3\u017cnych uchwyt\u00f3w, pozwalaj\u0105c im na osi\u0105gni\u0119cie najlepszej wydajno\u015bci szlifowania.<\/li>\n<li>Zaawansowany, wysokowydajny mikroprocesor sprawia, \u017ce efekt polerowania ultrad\u017awi\u0119kowego jest bardziej stabilny i wydajny.<\/li>\n<li>Podczas korzystania z uchwytu bezszczotkowego, wy\u015bwietlacz pr\u0119dko\u015bci obrotowej LED umo\u017cliwia dostosowanie najodpowiedniejszej pr\u0119dko\u015bci obrotowej do r\u00f3\u017cnych narz\u0119dzi, aby osi\u0105gn\u0105\u0107 najbardziej wydajne i bezpieczne efekty szlifowania.<\/li>\n<li>Za ka\u017cdym razem, gdy urz\u0105dzenie jest w\u0142\u0105czane, system automatycznie resetuje pr\u0119dko\u015b\u0107 obrotow\u0105 do &#8222;zera&#8221;, aby unikn\u0105\u0107 niebezpiecze\u0144stw spowodowanych uruchomieniem uchwytu z du\u017c\u0105 pr\u0119dko\u015bci\u0105.<\/li>\n<li>Standardowe wyposa\u017cenie tego urz\u0105dzenia obejmuje jedn\u0105 s\u0142uchawk\u0119 ultrad\u017awi\u0119kow\u0105 (GS-H26).<\/li>\n<\/ul>\n<h5><strong><span style=\"color: #ff0000;font-size: 19.2px\">\u25b2 W razie potrzeby zakupu dodatkowych cz\u0119\u015bci prosimy o kontakt z obs\u0142ug\u0105 klienta.<\/span><\/strong> <strong><span style=\"color: #ff0000;font-size: 19.2px\">W celu uzyskania informacji o czasie realizacji takiego zam\u00f3wienia oraz czasie dostawy r\u00f3wnie\u017c prosimy o kontakt z obs\u0142ug\u0105 klienta<\/span><\/strong><\/h5>\n<h5><strong><span style=\"color: #ff0000;font-size: 19.2px\">\u25b2 <\/span><\/strong><strong><span style=\"color: #ff0000;font-size: 19.2px\">Przy wi\u0119kszych zam\u00f3wieniach istnieje mo\u017cliwo\u015b\u0107 uzyskania rabatu, prosimy o kontakt z obs\u0142ug\u0105 klienta.<\/span><\/strong><\/h5>\n<h5><strong><span style=\"color: #ff0000;font-size: 19.2px\">\u25b2<\/span><span style=\"color: #ff0000;font-size: 19.2px\">Czas dostawy zam\u00f3wie\u0144<\/span> <span style=\"color: #ff0000\">na Tajwan wynosi<\/span> <span style=\"color: #ff0000;font-size: 19.2px\">oko\u0142o 7\u201314 dni roboczych<\/span><\/strong><\/h5>\n<h5><strong><span style=\"color: #ff0000;font-size: 19.2px\">\u25b2<\/span><span style=\"color: #ff0000\">Czas realizacji wysy\u0142ki mi\u0119dzynarodowej wynosi 7-14 dni, natomiast rzeczywisty czas dostawy zale\u017cy od danej firmy kurierskiej.<\/span><\/strong><\/h5>\n<\/div>\n","protected":false},"featured_media":75388,"template":"","meta":{"site-sidebar-layout":"default","site-content-layout":"default","ast-site-content-layout":"default","site-content-style":"default","site-sidebar-style":"default","ast-global-header-display":"","ast-banner-title-visibility":"","ast-main-header-display":"","ast-hfb-above-header-display":"","ast-hfb-below-header-display":"","ast-hfb-mobile-header-display":"","site-post-title":"","ast-breadcrumbs-content":"","ast-featured-img":"","footer-sml-layout":"","ast-disable-related-posts":"","theme-transparent-header-meta":"default","adv-header-id-meta":"","stick-header-meta":"default","header-above-stick-meta":"","header-main-stick-meta":"","header-below-stick-meta":"","astra-migrate-meta-layouts":"default","ast-page-background-enabled":"default","ast-page-background-meta":{"desktop":{"background-color":"var(--ast-global-color-5)","background-image":"","background-repeat":"repeat","background-position":"center center","background-size":"auto","background-attachment":"scroll","background-type":"","background-media":"","overlay-type":"","overlay-color":"","overlay-opacity":"","overlay-gradient":""},"tablet":{"background-color":"","background-image":"","background-repeat":"repeat","background-position":"center center","background-size":"auto","background-attachment":"scroll","background-type":"","background-media":"","overlay-type":"","overlay-color":"","overlay-opacity":"","overlay-gradient":""},"mobile":{"background-color":"","background-image":"","background-repeat":"repeat","background-position":"center center","background-size":"auto","background-attachment":"scroll","background-type":"","background-media":"","overlay-type":"","overlay-color":"","overlay-opacity":"","overlay-gradient":""}},"ast-content-background-meta":{"desktop":{"background-color":"var(--ast-global-color-4)","background-image":"","background-repeat":"repeat","background-position":"center center","background-size":"auto","background-attachment":"scroll","background-type":"","background-media":"","overlay-type":"","overlay-color":"","overlay-opacity":"","overlay-gradient":""},"tablet":{"background-color":"var(--ast-global-color-4)","background-image":"","background-repeat":"repeat","background-position":"center center","background-size":"auto","background-attachment":"scroll","background-type":"","background-media":"","overlay-type":"","overlay-color":"","overlay-opacity":"","overlay-gradient":""},"mobile":{"background-color":"var(--ast-global-color-4)","background-image":"","background-repeat":"repeat","background-position":"center center","background-size":"auto","background-attachment":"scroll","background-type":"","background-media":"","overlay-type":"","overlay-color":"","overlay-opacity":"","overlay-gradient":""}}},"product_brand":[],"product_cat":[3555,3558,3560,3547,3557,3559],"product_tag":[3878],"class_list":{"0":"post-75387","1":"product","2":"type-product","3":"status-publish","4":"has-post-thumbnail","6":"product_cat-elektryczna-szlifierka-ultradzwiekowa","7":"product_cat-ciecie","8":"product_cat-materialy-polerskie","9":"product_cat-szlifierki-ultradzwiekowe-i","10":"product_cat-typ-zastosowania","11":"product_cat-usuwanie-gratu","12":"product_tag-szlifierka-ultradzwiekowa","13":"desktop-align-left","14":"tablet-align-left","15":"mobile-align-left","16":"ast-product-gallery-layout-horizontal-slider","17":"ast-product-gallery-with-no-image","18":"ast-product-tabs-layout-horizontal","20":"first","21":"instock","22":"taxable","23":"shipping-taxable","24":"purchasable","25":"product-type-simple"},"_links":{"self":[{"href":"https:\/\/honwaygroup.com\/pl\/wp-json\/wp\/v2\/product\/75387","targetHints":{"allow":["GET"]}}],"collection":[{"href":"https:\/\/honwaygroup.com\/pl\/wp-json\/wp\/v2\/product"}],"about":[{"href":"https:\/\/honwaygroup.com\/pl\/wp-json\/wp\/v2\/types\/product"}],"version-history":[{"count":0,"href":"https:\/\/honwaygroup.com\/pl\/wp-json\/wp\/v2\/product\/75387\/revisions"}],"wp:featuredmedia":[{"embeddable":true,"href":"https:\/\/honwaygroup.com\/pl\/wp-json\/wp\/v2\/media\/75388"}],"wp:attachment":[{"href":"https:\/\/honwaygroup.com\/pl\/wp-json\/wp\/v2\/media?parent=75387"}],"wp:term":[{"taxonomy":"product_brand","embeddable":true,"href":"https:\/\/honwaygroup.com\/pl\/wp-json\/wp\/v2\/product_brand?post=75387"},{"taxonomy":"product_cat","embeddable":true,"href":"https:\/\/honwaygroup.com\/pl\/wp-json\/wp\/v2\/product_cat?post=75387"},{"taxonomy":"product_tag","embeddable":true,"href":"https:\/\/honwaygroup.com\/pl\/wp-json\/wp\/v2\/product_tag?post=75387"}],"curies":[{"name":"wp","href":"https:\/\/api.w.org\/{rel}","templated":true}]}}