{"id":75379,"date":"2021-01-18T17:40:58","date_gmt":"2021-01-18T09:40:58","guid":{"rendered":"https:\/\/honwaygroup.com\/product\/ar-600-e-dwufunkcyjna-szlifierka-ultradzwiekowa\/"},"modified":"2025-09-26T10:45:14","modified_gmt":"2025-09-26T02:45:14","slug":"ar-600-e-dwufunkcyjna-szlifierka-ultradzwiekowa","status":"publish","type":"product","link":"https:\/\/honwaygroup.com\/pl\/produkt\/ar-600-e-dwufunkcyjna-szlifierka-ultradzwiekowa\/","title":{"rendered":"AR-600 E Dwufunkcyjna szlifierka ultrad\u017awi\u0119kowa"},"content":{"rendered":"<h3><strong>AR-600 (E) Dwufunkcyjna szlifierka ultrad\u017awi\u0119kowa<\/strong><\/h3>\n<h4><strong><br \/>\nAR-600 (E) Dwufunkcyjna szlifierka ultrad\u017awi\u0119kowa z wydajnym mikroprocesorem<\/strong><\/h4>\n<ul>\n<li><strong> Stabilniejsze dzia\u0142anie<\/strong><\/li>\n<li><strong> Zwi\u0119kszona wydajno\u015b\u0107 polerowania<\/strong><\/li>\n<\/ul>\n<table class=\"specTable\" width=\"100%\">\n<tbody>\n<tr>\n<th colspan=\"2\"><strong>Zasilacz<\/strong><\/th>\n<\/tr>\n<tr>\n<td>\u0179r\u00f3d\u0142o zasilania<\/td>\n<td>AC &#8211; 90 V ~ 250 V , 50 \/ 60 Hz<\/td>\n<\/tr>\n<tr>\n<td>Moc wyj\u015bciowa ultrad\u017awi\u0119k\u00f3w<\/td>\n<td>45 watts<\/td>\n<\/tr>\n<tr>\n<td>Cz\u0119stotliwo\u015b\u0107 wibracji<\/td>\n<td>18 ~ 26 kHz<\/td>\n<\/tr>\n<tr>\n<td>Amplituda<\/td>\n<td>3 ~ 40 \u03bcm<\/td>\n<\/tr>\n<tr>\n<td>Regulacja cz\u0119stotliwo\u015bci drga\u0144<\/td>\n<td>Automatyczne \u015bledzenie<\/td>\n<\/tr>\n<tr>\n<td>Zu\u017cycie mocy<\/td>\n<td>80 watts<\/td>\n<\/tr>\n<tr>\n<td>Bezpiecznik<\/td>\n<td>2A time &#8211; lag type<\/td>\n<\/tr>\n<tr>\n<td>Wyj\u015bcie silnika pr\u0105du sta\u0142ego (DC)<\/td>\n<td>5 ~ 30 V<\/td>\n<\/tr>\n<tr>\n<td>Moc wyj\u015bciowa szczotkowa<\/td>\n<td>Max . 60 watts <\/td>\n<\/tr>\n<tr>\n<td>Moc wyj\u015bciowa silnika bezszczotkowego<\/td>\n<td>None<\/td>\n<\/tr>\n<tr>\n<td>Wymiary<\/td>\n<td>170 x 260 x 140 mm<\/td>\n<\/tr>\n<tr>\n<td>Waga<\/td>\n<td>2.0 kg<\/td>\n<\/tr>\n<\/tbody>\n<\/table>\n<p>&nbsp;<\/p>\n<table class=\"specTable\" width=\"100%\">\n<tbody>\n<tr>\n<th colspan=\"2\"><strong>Szlifierka r\u0119czna<\/strong><\/th>\n<\/tr>\n<tr>\n<td>Szlifierka ultrad\u017awi\u0119kowa<\/td>\n<td>GS &#8211; H09<\/td>\n<\/tr>\n<tr>\n<td>Wymiary<\/td>\n<td>\u00d8 33 x 146 mm<\/td>\n<\/tr>\n<tr>\n<td>Waga<\/td>\n<td>254 g<\/td>\n<\/tr>\n<\/tbody>\n<\/table>\n<p>&nbsp;<\/p>\n<table class=\"specTable\" width=\"100%\">\n<tbody>\n<tr>\n<th colspan=\"2\"><strong>Szlifierka r\u0119czna<\/strong><\/th>\n<\/tr>\n<tr>\n<td>Szczotkowa szlifierka r\u0119czna<\/td>\n<td>U-Lap35<\/td>\n<\/tr>\n<tr>\n<td>Wymiary<\/td>\n<td>\u00d8 29 x 152 mm<\/td>\n<\/tr>\n<tr>\n<td>Waga<\/td>\n<td>230 g<\/td>\n<\/tr>\n<\/tbody>\n<\/table>\n<p><strong>Instrukcja obs\u0142ugi :<\/strong><\/p>\n<p style=\"padding-left: 40px\"><strong>\u25ce dodatkowe wyposa\u017cenie<\/strong><\/p>\n<h4><strong><br \/>\nPodstawowe przyk\u0142ady zastosowa\u0144<\/strong><\/h4>\n<table class=\"specTable center\" width=\"100%\">\n<tbody>\n<tr>\n<td><a href=\"https:\/\/honwaygroup.com\/wp-content\/uploads\/2021\/01\/AR-108-%E5%96%AE%E5%8A%9F%E8%83%BD%E8%B6%85%E9%9F%B3%E6%B3%A2%E7%A0%94%E7%A3%A8%E6%A9%9F-1.webp\"><img decoding=\"async\" class=\"alignnone size-full wp-image-28117\" src=\"https:\/\/honwaygroup.com\/wp-content\/uploads\/2021\/01\/AR-108-%E5%96%AE%E5%8A%9F%E8%83%BD%E8%B6%85%E9%9F%B3%E6%B3%A2%E7%A0%94%E7%A3%A8%E6%A9%9F-1.webp\" alt=\"\" width=\"194\" height=\"194\"><\/a><\/td>\n<td><a href=\"https:\/\/honwaygroup.com\/wp-content\/uploads\/2021\/01\/AR-600-E%E9%9B%99%E5%8A%9F%E8%83%BD%E8%B6%85%E9%9F%B3%E6%B3%A2%E7%A0%94%E7%A3%A8%E6%A9%9F-1_%E5%B7%A5%E4%BD%9C%E5%8D%80%E5%9F%9F-1-%E8%A4%87%E6%9C%AC-54.webp\"><img decoding=\"async\" class=\"alignnone wp-image-28211\" src=\"https:\/\/honwaygroup.com\/wp-content\/uploads\/2021\/01\/AR-600-E%E9%9B%99%E5%8A%9F%E8%83%BD%E8%B6%85%E9%9F%B3%E6%B3%A2%E7%A0%94%E7%A3%A8%E6%A9%9F-1_%E5%B7%A5%E4%BD%9C%E5%8D%80%E5%9F%9F-1-%E8%A4%87%E6%9C%AC-54-300x300.webp\" alt=\"\" width=\"194\" height=\"194\"><\/a><\/td>\n<td><a href=\"https:\/\/honwaygroup.com\/wp-content\/uploads\/2021\/01\/AR-108-%E5%96%AE%E5%8A%9F%E8%83%BD%E8%B6%85%E9%9F%B3%E6%B3%A2%E7%A0%94%E7%A3%A8%E6%A9%9F-2.webp\"><img decoding=\"async\" class=\"alignnone wp-image-28121 size-full\" src=\"https:\/\/honwaygroup.com\/wp-content\/uploads\/2021\/01\/AR-108-%E5%96%AE%E5%8A%9F%E8%83%BD%E8%B6%85%E9%9F%B3%E6%B3%A2%E7%A0%94%E7%A3%A8%E6%A9%9F-2.webp\" alt=\"\" width=\"194\" height=\"194\"><\/a><\/td>\n<td><a href=\"https:\/\/honwaygroup.com\/wp-content\/uploads\/2021\/01\/AR-108-%E5%96%AE%E5%8A%9F%E8%83%BD%E8%B6%85%E9%9F%B3%E6%B3%A2%E7%A0%94%E7%A3%A8%E6%A9%9F-3.webp\"><img loading=\"lazy\" decoding=\"async\" class=\"alignnone wp-image-28125\" src=\"https:\/\/honwaygroup.com\/wp-content\/uploads\/2021\/01\/AR-108-%E5%96%AE%E5%8A%9F%E8%83%BD%E8%B6%85%E9%9F%B3%E6%B3%A2%E7%A0%94%E7%A3%A8%E6%A9%9F-3-300x300.webp\" alt=\"\" width=\"194\" height=\"194\"><\/a><\/td>\n<\/tr>\n<tr>\n<td style=\"text-align: left\"><strong>Precyzyjne wyko\u0144czenie form<\/strong><\/td>\n<td style=\"text-align: left\"><strong>Obr\u00f3bka szlifierska<br \/>\n<\/strong><\/td>\n<td style=\"text-align: left\"><strong>Mikroobr\u00f3bka szczelin i wg\u0142\u0119bie\u0144<br \/>\n<\/strong><\/td>\n<td style=\"text-align: left\"><strong>Modyfikacja obwod\u00f3w<a href=\"https:\/\/zh.wikipedia.org\/wiki\/%E5%8D%B0%E5%88%B6%E7%94%B5%E8%B7%AF%E6%9D%BF\" rel=\"nofollow noopener\" target=\"_blank\"> p\u0142ytek PCB<\/a><\/strong><\/td>\n<\/tr>\n<\/tbody>\n<\/table>\n<h4><strong><br \/>\nLista kompatybilnych z AR-600(E) urz\u0105dze\u0144<\/strong><\/h4>\n<p><a href=\"https:\/\/honwaygroup.com\/wp-content\/uploads\/2021\/01\/AR-600-E%E9%9B%99%E5%8A%9F%E8%83%BD%E8%B6%85%E9%9F%B3%E6%B3%A2%E7%A0%94%E7%A3%A8%E6%A9%9F.webp\"><img loading=\"lazy\" decoding=\"async\" class=\"alignnone size-large wp-image-32361\" src=\"https:\/\/honwaygroup.com\/wp-content\/uploads\/2021\/01\/AR-600-E%E9%9B%99%E5%8A%9F%E8%83%BD%E8%B6%85%E9%9F%B3%E6%B3%A2%E7%A0%94%E7%A3%A8%E6%A9%9F-1024x188.webp\" alt=\"\" width=\"1024\" height=\"188\"><\/a><\/p>\n<p>&nbsp;<\/p>\n<h4><strong>AR-600(E) Rzeczywista zawarto\u015b\u0107 zestawu (standardowy zestaw):<\/strong><\/h4>\n<table class=\"specTable\" width=\"100%\">\n<tbody>\n<tr>\n<td>Ultrad\u017awi\u0119kowa miniszlifierka r\u0119czna<\/td>\n<td width=\"20%\"><a href=\"https:\/\/honwaygroup.com\/wp-content\/uploads\/2021\/01\/AR-108-%E5%96%AE%E5%8A%9F%E8%83%BD%E8%B6%85%E9%9F%B3%E6%B3%A2%E7%A0%94%E7%A3%A8%E6%A9%9F-5.webp\"><img loading=\"lazy\" decoding=\"async\" class=\"alignnone size-full wp-image-28133\" src=\"https:\/\/honwaygroup.com\/wp-content\/uploads\/2021\/01\/AR-108-%E5%96%AE%E5%8A%9F%E8%83%BD%E8%B6%85%E9%9F%B3%E6%B3%A2%E7%A0%94%E7%A3%A8%E6%A9%9F-5.webp\" alt=\"\" width=\"200\" height=\"85\"><\/a><\/td>\n<td>( GS &#8211; H09 ) \u00d833 x 146 mm<\/td>\n<\/tr>\n<tr>\n<td>Obrotowa miniszlifierka r\u0119czna\n<\/td>\n<td width=\"20%\"><a href=\"https:\/\/honwaygroup.com\/wp-content\/uploads\/2021\/01\/AR-600-E%E9%9B%99%E5%8A%9F%E8%83%BD%E8%B6%85%E9%9F%B3%E6%B3%A2%E7%A0%94%E7%A3%A8%E6%A9%9F-4.webp\"><img loading=\"lazy\" decoding=\"async\" class=\"alignnone wp-image-28222 size-medium\" src=\"https:\/\/honwaygroup.com\/wp-content\/uploads\/2021\/01\/AR-600-E%E9%9B%99%E5%8A%9F%E8%83%BD%E8%B6%85%E9%9F%B3%E6%B3%A2%E7%A0%94%E7%A3%A8%E6%A9%9F-4-300x127.webp\" alt=\"\" width=\"300\" height=\"127\"><\/a><\/td>\n<td>( U-Lap35 ) \u00d8 29 x 152 mm<\/td>\n<\/tr>\n<tr>\n<td>Kabel zasilania<\/td>\n<td width=\"20%\"><a href=\"https:\/\/honwaygroup.com\/wp-content\/uploads\/2021\/01\/AR-108-%E5%96%AE%E5%8A%9F%E8%83%BD%E8%B6%85%E9%9F%B3%E6%B3%A2%E7%A0%94%E7%A3%A8%E6%A9%9F-6.webp\"><img loading=\"lazy\" decoding=\"async\" class=\"alignnone wp-image-28137 size-full\" src=\"https:\/\/honwaygroup.com\/wp-content\/uploads\/2021\/01\/AR-108-%E5%96%AE%E5%8A%9F%E8%83%BD%E8%B6%85%E9%9F%B3%E6%B3%A2%E7%A0%94%E7%A3%A8%E6%A9%9F-6.webp\" alt=\"\" width=\"200\" height=\"85\"><\/a><\/td>\n<td>18 AWG x 3C x 180 cm<\/td>\n<\/tr>\n<tr>\n<td>Kabel od urz\u0105dzenia<\/td>\n<td width=\"20%\"><a href=\"https:\/\/honwaygroup.com\/wp-content\/uploads\/2021\/01\/AR-108-%E5%96%AE%E5%8A%9F%E8%83%BD%E8%B6%85%E9%9F%B3%E6%B3%A2%E7%A0%94%E7%A3%A8%E6%A9%9F-7.webp\"><img loading=\"lazy\" decoding=\"async\" class=\"alignnone wp-image-28141 size-full\" src=\"https:\/\/honwaygroup.com\/wp-content\/uploads\/2021\/01\/AR-108-%E5%96%AE%E5%8A%9F%E8%83%BD%E8%B6%85%E9%9F%B3%E6%B3%A2%E7%A0%94%E7%A3%A8%E6%A9%9F-7.webp\" alt=\"\" width=\"200\" height=\"85\"><\/a><\/td>\n<td>3C x 150 cm<\/td>\n<\/tr>\n<tr>\n<td>Klucz ampulowy<\/td>\n<td width=\"20%\"><a href=\"https:\/\/honwaygroup.com\/wp-content\/uploads\/2021\/01\/AR-108-%E5%96%AE%E5%8A%9F%E8%83%BD%E8%B6%85%E9%9F%B3%E6%B3%A2%E7%A0%94%E7%A3%A8%E6%A9%9F-8.webp\"><img loading=\"lazy\" decoding=\"async\" class=\"alignnone wp-image-28145 size-full\" src=\"https:\/\/honwaygroup.com\/wp-content\/uploads\/2021\/01\/AR-108-%E5%96%AE%E5%8A%9F%E8%83%BD%E8%B6%85%E9%9F%B3%E6%B3%A2%E7%A0%94%E7%A3%A8%E6%A9%9F-8.webp\" alt=\"\" width=\"200\" height=\"85\"><\/a><\/td>\n<td>HEX ( 62mm )<\/td>\n<\/tr>\n<tr>\n<td>Podstawka<\/td>\n<td width=\"20%\"><a href=\"https:\/\/honwaygroup.com\/wp-content\/uploads\/2021\/01\/AR-108-%E5%96%AE%E5%8A%9F%E8%83%BD%E8%B6%85%E9%9F%B3%E6%B3%A2%E7%A0%94%E7%A3%A8%E6%A9%9F-9.webp\"><img loading=\"lazy\" decoding=\"async\" class=\"alignnone wp-image-28149 size-full\" src=\"https:\/\/honwaygroup.com\/wp-content\/uploads\/2021\/01\/AR-108-%E5%96%AE%E5%8A%9F%E8%83%BD%E8%B6%85%E9%9F%B3%E6%B3%A2%E7%A0%94%E7%A3%A8%E6%A9%9F-9.webp\" alt=\"\" width=\"200\" height=\"85\"><\/a><\/td>\n<td>110 x 50 x 35 mm<\/td>\n<\/tr>\n<tr>\n<td>Podstawka pod wymienne ko\u0144c\u00f3wki<\/td>\n<td width=\"20%\"><a href=\"https:\/\/honwaygroup.com\/wp-content\/uploads\/2021\/01\/AR-108-%E5%96%AE%E5%8A%9F%E8%83%BD%E8%B6%85%E9%9F%B3%E6%B3%A2%E7%A0%94%E7%A3%A8%E6%A9%9F-10.webp\"><img loading=\"lazy\" decoding=\"async\" class=\"alignnone wp-image-28153 size-full\" src=\"https:\/\/honwaygroup.com\/wp-content\/uploads\/2021\/01\/AR-108-%E5%96%AE%E5%8A%9F%E8%83%BD%E8%B6%85%E9%9F%B3%E6%B3%A2%E7%A0%94%E7%A3%A8%E6%A9%9F-10.webp\" alt=\"\" width=\"200\" height=\"85\"><\/a><\/td>\n<td> 12 mm <\/td>\n<\/tr>\n<tr>\n<td>Klucz<\/td>\n<td width=\"20%\"><a href=\"https:\/\/honwaygroup.com\/wp-content\/uploads\/2021\/01\/AR-108-%E5%96%AE%E5%8A%9F%E8%83%BD%E8%B6%85%E9%9F%B3%E6%B3%A2%E7%A0%94%E7%A3%A8%E6%A9%9F-11.webp\"><img loading=\"lazy\" decoding=\"async\" class=\"alignnone wp-image-28157 size-full\" src=\"https:\/\/honwaygroup.com\/wp-content\/uploads\/2021\/01\/AR-108-%E5%96%AE%E5%8A%9F%E8%83%BD%E8%B6%85%E9%9F%B3%E6%B3%A2%E7%A0%94%E7%A3%A8%E6%A9%9F-11.webp\" alt=\"\" width=\"200\" height=\"85\"><\/a><\/td>\n<td>140 mm ( 10 \/ 12 )<\/td>\n<\/tr>\n<tr>\n<td>Uchwyt zaciskowy ( \u00d83.0 mm )<\/td>\n<td width=\"20%\"><a href=\"https:\/\/honwaygroup.com\/wp-content\/uploads\/2021\/01\/AR-108-%E5%96%AE%E5%8A%9F%E8%83%BD%E8%B6%85%E9%9F%B3%E6%B3%A2%E7%A0%94%E7%A3%A8%E6%A9%9F-12.webp\"><img loading=\"lazy\" decoding=\"async\" class=\"alignnone wp-image-28161 size-full\" src=\"https:\/\/honwaygroup.com\/wp-content\/uploads\/2021\/01\/AR-108-%E5%96%AE%E5%8A%9F%E8%83%BD%E8%B6%85%E9%9F%B3%E6%B3%A2%E7%A0%94%E7%A3%A8%E6%A9%9F-12.webp\" alt=\"\" width=\"200\" height=\"85\"><\/a><\/td>\n<td>Zaprojektowany specjalnie po wymiar \u00d8 3 mm <\/td>\n<\/tr>\n<tr>\n<td>Uchwyt ( \u00d83.0 mm )<\/td>\n<td width=\"20%\"><a href=\"https:\/\/honwaygroup.com\/wp-content\/uploads\/2021\/01\/AR-600-E%E9%9B%99%E5%8A%9F%E8%83%BD%E8%B6%85%E9%9F%B3%E6%B3%A2%E7%A0%94%E7%A3%A8%E6%A9%9F-3.webp\"><img loading=\"lazy\" decoding=\"async\" class=\"alignnone wp-image-28226 size-full\" src=\"https:\/\/honwaygroup.com\/wp-content\/uploads\/2021\/01\/AR-600-E%E9%9B%99%E5%8A%9F%E8%83%BD%E8%B6%85%E9%9F%B3%E6%B3%A2%E7%A0%94%E7%A3%A8%E6%A9%9F-3.webp\" alt=\"\" width=\"200\" height=\"85\"><\/a><\/td>\n<td>Grubo\u015b\u0107 zaprojektowana specjalnie na 3 mm <\/td>\n<\/tr>\n<tr>\n<td>Uchwyt ( 1.0 mm )<\/td>\n<td width=\"20%\"><a href=\"https:\/\/honwaygroup.com\/wp-content\/uploads\/2021\/01\/12.webp\"><img loading=\"lazy\" decoding=\"async\" class=\"alignnone wp-image-28207 size-full\" src=\"https:\/\/honwaygroup.com\/wp-content\/uploads\/2021\/01\/12.webp\" alt=\"\" width=\"200\" height=\"85\"><\/a><\/td>\n<td>Grubo\u015b\u0107 zaprojektowana specjalnie na 1 mm <\/td>\n<\/tr>\n<tr>\n<td>Peda\u0142 no\u017cny<\/td>\n<td width=\"20%\"><a href=\"https:\/\/honwaygroup.com\/wp-content\/uploads\/2021\/01\/AR-108-%E5%96%AE%E5%8A%9F%E8%83%BD%E8%B6%85%E9%9F%B3%E6%B3%A2%E7%A0%94%E7%A3%A8%E6%A9%9F-14.webp\"><img loading=\"lazy\" decoding=\"async\" class=\"alignnone wp-image-28169 size-full\" src=\"https:\/\/honwaygroup.com\/wp-content\/uploads\/2021\/01\/AR-108-%E5%96%AE%E5%8A%9F%E8%83%BD%E8%B6%85%E9%9F%B3%E6%B3%A2%E7%A0%94%E7%A3%A8%E6%A9%9F-14.webp\" alt=\"\" width=\"200\" height=\"85\"><\/a><\/td>\n<td>D\u0142ugo\u015b\u0107 kabla 150 mm<\/td>\n<\/tr>\n<\/tbody>\n<\/table>\n<p>Masz pytanie? <a href=\"https:\/\/honwaygroup.com\/pl\/skontaktuj-sie-z-nami\/\">Skontaktuj si\u0119 z nami!<\/a><\/p>\n","protected":false},"excerpt":{"rendered":"<div id=\"desWrap\">\n<ul>\n<li>AR-600(E) to ulepszona wersja AR-208 i AR-303. Nowa konstrukcja wykorzystuje wysokowydajny mikroprocesor, aby zapewni\u0107 bardziej stabiln\u0105 prac\u0119 i zwi\u0119kszy\u0107 efektywno\u015b\u0107 polerowania.\n<\/li>\n<li>AR-600(E) to ulepszona wersja AR-208 i AR-303. Nowa konstrukcja wykorzystuje wysokowydajny mikroprocesor, aby zapewni\u0107 bardziej stabiln\u0105 prac\u0119 i zwi\u0119kszy\u0107 efektywno\u015b\u0107 polerowania.<\/li>\n<li>Maksymalna moc wyj\u015bciowa ultrad\u017awi\u0119k\u00f3w wynosz\u0105ca 45 wat\u00f3w jeszcze bardziej zwi\u0119ksza efektywno\u015b\u0107 polerowania.<\/li>\n<li>Napi\u0119cie wyj\u015bciowe szczotkowanego silnika DC wynosi od 5 do 30 wolt\u00f3w, a moc wyj\u015bciowa to 60 wat\u00f3w.<\/li>\n<li>Standardowe wyposa\u017cenie tego urz\u0105dzenia obejmuje po jednej s\u0142uchawce ultrad\u017awi\u0119kowej (GS-H09) i szczotkowanej s\u0142uchawce obrotowej (U-Lap35).<\/li>\n<\/ul>\n<h5><strong><span style=\"color: #ff0000;font-size: 19.2px\">\u25b2 W razie potrzeby zakupu dodatkowych cz\u0119\u015bci prosimy o kontakt z obs\u0142ug\u0105 klienta.<\/span><\/strong> <strong><span style=\"color: #ff0000;font-size: 19.2px\">W celu uzyskania informacji o czasie realizacji takiego zam\u00f3wienia oraz czasie dostawy r\u00f3wnie\u017c prosimy o kontakt z obs\u0142ug\u0105 klienta<\/span><\/strong><\/h5>\n<h5><strong><span style=\"color: #ff0000;font-size: 19.2px\">\u25b2 <\/span><\/strong><strong><span style=\"color: #ff0000;font-size: 19.2px\">Przy wi\u0119kszych zam\u00f3wieniach istnieje mo\u017cliwo\u015b\u0107 uzyskania rabatu, prosimy o kontakt z obs\u0142ug\u0105 klienta.<\/span><\/strong><\/h5>\n<h5><strong><span style=\"color: #ff0000;font-size: 19.2px\">\u25b2<\/span><span style=\"color: #ff0000;font-size: 19.2px\">Czas dostawy zam\u00f3wie\u0144<\/span> <span style=\"color: #ff0000\">na Tajwan wynosi<\/span> <span style=\"color: #ff0000;font-size: 19.2px\">oko\u0142o 7\u201314 dni roboczych<\/span><\/strong><\/h5>\n<h5><strong><span style=\"color: #ff0000;font-size: 19.2px\">\u25b2<\/span><span style=\"color: #ff0000\">Czas realizacji wysy\u0142ki mi\u0119dzynarodowej wynosi 7-14 dni, natomiast rzeczywisty czas dostawy zale\u017cy od danej firmy kurierskiej.<\/span><\/strong><\/h5>\n<\/div>\n","protected":false},"featured_media":75380,"template":"","meta":{"site-sidebar-layout":"default","site-content-layout":"default","ast-site-content-layout":"default","site-content-style":"default","site-sidebar-style":"default","ast-global-header-display":"","ast-banner-title-visibility":"","ast-main-header-display":"","ast-hfb-above-header-display":"","ast-hfb-below-header-display":"","ast-hfb-mobile-header-display":"","site-post-title":"","ast-breadcrumbs-content":"","ast-featured-img":"","footer-sml-layout":"","ast-disable-related-posts":"","theme-transparent-header-meta":"default","adv-header-id-meta":"","stick-header-meta":"default","header-above-stick-meta":"","header-main-stick-meta":"","header-below-stick-meta":"","astra-migrate-meta-layouts":"default","ast-page-background-enabled":"default","ast-page-background-meta":{"desktop":{"background-color":"var(--ast-global-color-5)","background-image":"","background-repeat":"repeat","background-position":"center center","background-size":"auto","background-attachment":"scroll","background-type":"","background-media":"","overlay-type":"","overlay-color":"","overlay-opacity":"","overlay-gradient":""},"tablet":{"background-color":"","background-image":"","background-repeat":"repeat","background-position":"center center","background-size":"auto","background-attachment":"scroll","background-type":"","background-media":"","overlay-type":"","overlay-color":"","overlay-opacity":"","overlay-gradient":""},"mobile":{"background-color":"","background-image":"","background-repeat":"repeat","background-position":"center center","background-size":"auto","background-attachment":"scroll","background-type":"","background-media":"","overlay-type":"","overlay-color":"","overlay-opacity":"","overlay-gradient":""}},"ast-content-background-meta":{"desktop":{"background-color":"var(--ast-global-color-4)","background-image":"","background-repeat":"repeat","background-position":"center center","background-size":"auto","background-attachment":"scroll","background-type":"","background-media":"","overlay-type":"","overlay-color":"","overlay-opacity":"","overlay-gradient":""},"tablet":{"background-color":"var(--ast-global-color-4)","background-image":"","background-repeat":"repeat","background-position":"center center","background-size":"auto","background-attachment":"scroll","background-type":"","background-media":"","overlay-type":"","overlay-color":"","overlay-opacity":"","overlay-gradient":""},"mobile":{"background-color":"var(--ast-global-color-4)","background-image":"","background-repeat":"repeat","background-position":"center center","background-size":"auto","background-attachment":"scroll","background-type":"","background-media":"","overlay-type":"","overlay-color":"","overlay-opacity":"","overlay-gradient":""}}},"product_brand":[],"product_cat":[3555,3558,3560,3547,3557,3559],"product_tag":[3878],"class_list":{"0":"post-75379","1":"product","2":"type-product","3":"status-publish","4":"has-post-thumbnail","6":"product_cat-elektryczna-szlifierka-ultradzwiekowa","7":"product_cat-ciecie","8":"product_cat-materialy-polerskie","9":"product_cat-szlifierki-ultradzwiekowe-i","10":"product_cat-typ-zastosowania","11":"product_cat-usuwanie-gratu","12":"product_tag-szlifierka-ultradzwiekowa","13":"desktop-align-left","14":"tablet-align-left","15":"mobile-align-left","16":"ast-product-gallery-layout-horizontal-slider","17":"ast-product-gallery-with-no-image","18":"ast-product-tabs-layout-horizontal","20":"first","21":"instock","22":"taxable","23":"shipping-taxable","24":"purchasable","25":"product-type-simple"},"_links":{"self":[{"href":"https:\/\/honwaygroup.com\/pl\/wp-json\/wp\/v2\/product\/75379","targetHints":{"allow":["GET"]}}],"collection":[{"href":"https:\/\/honwaygroup.com\/pl\/wp-json\/wp\/v2\/product"}],"about":[{"href":"https:\/\/honwaygroup.com\/pl\/wp-json\/wp\/v2\/types\/product"}],"version-history":[{"count":0,"href":"https:\/\/honwaygroup.com\/pl\/wp-json\/wp\/v2\/product\/75379\/revisions"}],"wp:featuredmedia":[{"embeddable":true,"href":"https:\/\/honwaygroup.com\/pl\/wp-json\/wp\/v2\/media\/75380"}],"wp:attachment":[{"href":"https:\/\/honwaygroup.com\/pl\/wp-json\/wp\/v2\/media?parent=75379"}],"wp:term":[{"taxonomy":"product_brand","embeddable":true,"href":"https:\/\/honwaygroup.com\/pl\/wp-json\/wp\/v2\/product_brand?post=75379"},{"taxonomy":"product_cat","embeddable":true,"href":"https:\/\/honwaygroup.com\/pl\/wp-json\/wp\/v2\/product_cat?post=75379"},{"taxonomy":"product_tag","embeddable":true,"href":"https:\/\/honwaygroup.com\/pl\/wp-json\/wp\/v2\/product_tag?post=75379"}],"curies":[{"name":"wp","href":"https:\/\/api.w.org\/{rel}","templated":true}]}}