{"id":75366,"date":"2021-01-24T16:31:21","date_gmt":"2021-01-24T08:31:21","guid":{"rendered":"https:\/\/honwaygroup.com\/product\/polikrystaliczna-pasta-nanodiamentowa\/"},"modified":"2021-01-24T16:31:21","modified_gmt":"2021-01-24T08:31:21","slug":"polikrystaliczna-pasta-nanodiamentowa","status":"publish","type":"product","link":"https:\/\/honwaygroup.com\/pl\/produkt\/polikrystaliczna-pasta-nanodiamentowa\/","title":{"rendered":"Polikrystaliczna pasta nanodiamentowa"},"content":{"rendered":"<h3><strong>Polikrystaliczna pasta nanodiamentowa<\/strong><\/h3>\n<p>Diamentowa pasta jest powszechnie stosowanym \u015brodkiem polerskim i przy odpowiednim zastosowaniu mo\u017cna dzi\u0119ki niej uzyska\u0107 niesamowite rezultaty.<\/p>\n<p><a href=\"https:\/\/zh.wikipedia.org\/zh-mo\/%E6%8A%9B%E5%85%89\" rel=\"nofollow noopener\" target=\"_blank\">Do polerowania <\/a>nadaj\u0105 si\u0119 narz\u0119dzia wykonane z r\u00f3\u017cnych rodzaj\u00f3w w\u0142\u00f3kien, a tak\u017ce materia\u0142y o r\u00f3\u017cnej twardo\u015bci, takie jak nylon, papier, aksamit, bawe\u0142na itp.<\/p>\n<h4><strong>Podczas polerowania pami\u0119taj o tym, \u017ce\uff1a<\/strong><\/h4>\n<ol>\n<li>Polerowanie powinno odbywa\u0107 si\u0119 w czystym i wentylowanym pomieszczeniu, poniewa\u017c twarde cz\u0105steczki kurzu, kt\u00f3re \u0142atwo przywieraj\u0105 do pasty diamentowej, mog\u0105 uszkodzi\u0107 polerowan\u0105 powierzchni\u0119.<\/li>\n<li>Ka\u017cde narz\u0119dzie polerskie powinno by\u0107 u\u017cywane tylko z jednym rodzajem pasty diamentowej i nale\u017cy je chroni\u0107 przed kurzem.<\/li>\n<li>Przy ka\u017cdej zmianie pasty diamentowej nale\u017cy umy\u0107 r\u0119ce i obrabiany przedmiot.<\/li>\n<li>Dostosuj ci\u015bnienie polerowania do twardo\u015bci narz\u0119dzia polerskiego i wielko\u015bci ziarna pasty diamentowej. W przypadku najdrobniejszej pasty diamentowej, nacisk powinien by\u0107 tylko taki, jak ci\u0119\u017car narz\u0119dzia polerskiego.<\/li>\n<li>Polerowanie nale\u017cy rozpocz\u0105\u0107 od naro\u017cnik\u00f3w, kraw\u0119dzi, p\u0142aszczyzn lub innych cz\u0119\u015bci formy.<\/li>\n<\/ol>\n<p>Masz pytanie? <a href=\"https:\/\/honwaygroup.com\/pl\/skontaktuj-sie-z-nami\/\">Skontaktuj si\u0119 z nami!<\/a><\/p>\n","protected":false},"excerpt":{"rendered":"<ul>\n<li>Nanodiamenty otrzymywane metod\u0105 detonacyjn\u0105<\/li>\n<li>Standardowe produkty s\u0105 rozpuszczalne w oleju. Je\u015bli potrzebna jest pasta diamentowa rozpuszczalna w wodzie, prosimy o wyra\u017ane zaznaczenie tego przy zam\u00f3wieniu.<\/li>\n<\/ul>\n<h5><span style=\"color: #ff0000;\"><strong>\u25b2<\/strong> <strong>Mo\u017cliwo\u015b\u0107 dostosowania specyfikacji \u2013 prosimy o kontakt z obs\u0142ug\u0105 klienta.<\/strong><\/span><\/h5>\n<h5><strong><span style=\"color: #ff0000; font-size: 19.2px;\">\u25b2 Przy wi\u0119kszych zam\u00f3wieniach istnieje mo\u017cliwo\u015b\u0107 uzyskania rabatu, prosimy o kontakt z obs\u0142ug\u0105 klienta.<br \/>\n<\/span><\/strong><\/h5>\n<h5><strong><span style=\"color: #ff0000; font-size: 19.2px;\">\u25b2<\/span><span style=\"color: #ff0000; font-size: 19.2px;\">Czas realizacji<\/span> <span style=\"color: #ff0000;\">zam\u00f3wie\u0144 <\/span><span style=\"color: #ff0000; font-size: 19.2px;\">na terenie Tajwanu wynosi 7-14 dni roboczych.<\/span><\/strong><\/h5>\n<h5><strong><span style=\"color: #ff0000; font-size: 19.2px;\">\u25b2<\/span><span style=\"color: #ff0000;\">Czas realizacji wysy\u0142ki mi\u0119dzynarodowej wynosi 7-14 dni, natomiast rzeczywisty czas dostawy zale\u017cy od danej firmy kurierskiej.<\/span><\/strong><\/h5>\n","protected":false},"featured_media":69180,"template":"","meta":{"site-sidebar-layout":"default","site-content-layout":"default","ast-site-content-layout":"default","site-content-style":"default","site-sidebar-style":"default","ast-global-header-display":"","ast-banner-title-visibility":"","ast-main-header-display":"","ast-hfb-above-header-display":"","ast-hfb-below-header-display":"","ast-hfb-mobile-header-display":"","site-post-title":"","ast-breadcrumbs-content":"","ast-featured-img":"","footer-sml-layout":"","ast-disable-related-posts":"","theme-transparent-header-meta":"default","adv-header-id-meta":"","stick-header-meta":"default","header-above-stick-meta":"","header-main-stick-meta":"","header-below-stick-meta":"","astra-migrate-meta-layouts":"default","ast-page-background-enabled":"default","ast-page-background-meta":{"desktop":{"background-color":"var(--ast-global-color-5)","background-image":"","background-repeat":"repeat","background-position":"center center","background-size":"auto","background-attachment":"scroll","background-type":"","background-media":"","overlay-type":"","overlay-color":"","overlay-opacity":"","overlay-gradient":""},"tablet":{"background-color":"","background-image":"","background-repeat":"repeat","background-position":"center center","background-size":"auto","background-attachment":"scroll","background-type":"","background-media":"","overlay-type":"","overlay-color":"","overlay-opacity":"","overlay-gradient":""},"mobile":{"background-color":"","background-image":"","background-repeat":"repeat","background-position":"center center","background-size":"auto","background-attachment":"scroll","background-type":"","background-media":"","overlay-type":"","overlay-color":"","overlay-opacity":"","overlay-gradient":""}},"ast-content-background-meta":{"desktop":{"background-color":"var(--ast-global-color-4)","background-image":"","background-repeat":"repeat","background-position":"center center","background-size":"auto","background-attachment":"scroll","background-type":"","background-media":"","overlay-type":"","overlay-color":"","overlay-opacity":"","overlay-gradient":""},"tablet":{"background-color":"var(--ast-global-color-4)","background-image":"","background-repeat":"repeat","background-position":"center center","background-size":"auto","background-attachment":"scroll","background-type":"","background-media":"","overlay-type":"","overlay-color":"","overlay-opacity":"","overlay-gradient":""},"mobile":{"background-color":"var(--ast-global-color-4)","background-image":"","background-repeat":"repeat","background-position":"center center","background-size":"auto","background-attachment":"scroll","background-type":"","background-media":"","overlay-type":"","overlay-color":"","overlay-opacity":"","overlay-gradient":""}}},"product_brand":[],"product_cat":[3487,3486,3560,3609,3508,3606,3608,3504,3599,3557,3489],"product_tag":[3698],"class_list":{"0":"post-75366","1":"product","2":"type-product","3":"status-publish","4":"has-post-thumbnail","6":"product_cat-do-tworzyw-sztucznych-i-materialow-niemetalowych","7":"product_cat-materialy-do-obrobki","8":"product_cat-materialy-polerskie","9":"product_cat-materialy-supertwarde","10":"product_cat-pasty","11":"product_cat-pasta-szlifierska","12":"product_cat-polikrystaliczne-pl-2","13":"product_cat-postac-surowca","14":"product_cat-proszki-pasty-zawiesiny-szlifierskie","15":"product_cat-typ-zastosowania","16":"product_cat-zelazonikiel","17":"product_tag-pasta-nanodiamentowa","18":"desktop-align-left","19":"tablet-align-left","20":"mobile-align-left","21":"ast-product-gallery-layout-horizontal-slider","22":"ast-product-single-variable","23":"ast-product-tabs-layout-horizontal","25":"first","26":"instock","27":"taxable","28":"shipping-taxable","29":"purchasable","30":"product-type-variable"},"_links":{"self":[{"href":"https:\/\/honwaygroup.com\/pl\/wp-json\/wp\/v2\/product\/75366","targetHints":{"allow":["GET"]}}],"collection":[{"href":"https:\/\/honwaygroup.com\/pl\/wp-json\/wp\/v2\/product"}],"about":[{"href":"https:\/\/honwaygroup.com\/pl\/wp-json\/wp\/v2\/types\/product"}],"version-history":[{"count":0,"href":"https:\/\/honwaygroup.com\/pl\/wp-json\/wp\/v2\/product\/75366\/revisions"}],"wp:featuredmedia":[{"embeddable":true,"href":"https:\/\/honwaygroup.com\/pl\/wp-json\/wp\/v2\/media\/69180"}],"wp:attachment":[{"href":"https:\/\/honwaygroup.com\/pl\/wp-json\/wp\/v2\/media?parent=75366"}],"wp:term":[{"taxonomy":"product_brand","embeddable":true,"href":"https:\/\/honwaygroup.com\/pl\/wp-json\/wp\/v2\/product_brand?post=75366"},{"taxonomy":"product_cat","embeddable":true,"href":"https:\/\/honwaygroup.com\/pl\/wp-json\/wp\/v2\/product_cat?post=75366"},{"taxonomy":"product_tag","embeddable":true,"href":"https:\/\/honwaygroup.com\/pl\/wp-json\/wp\/v2\/product_tag?post=75366"}],"curies":[{"name":"wp","href":"https:\/\/api.w.org\/{rel}","templated":true}]}}