{"id":75356,"date":"2021-01-24T18:19:01","date_gmt":"2021-01-24T10:19:01","guid":{"rendered":"https:\/\/honwaygroup.com\/product\/polikrystaliczny-proszek-diamentowy-metoda-trawienia\/"},"modified":"2021-01-24T18:19:01","modified_gmt":"2021-01-24T10:19:01","slug":"polikrystaliczny-proszek-diamentowy-metoda-trawienia","status":"publish","type":"product","link":"https:\/\/honwaygroup.com\/pl\/produkt\/polikrystaliczny-proszek-diamentowy-metoda-trawienia\/","title":{"rendered":"Polikrystaliczny proszek diamentowy (metoda trawienia)"},"content":{"rendered":"<h1><strong>Polikrystaliczny proszek diamentowy (metoda trawienia)<\/strong><\/h1>\n<p>Mikroproszek diamentowy, znany r\u00f3wnie\u017c jako <a href=\"https:\/\/honwaygroup.com\/product-category\/%e8%bb%9f%e6%80%a7%e7%a0%94%e7%a3%a8%e6%96%99\/%e7%a0%94%e7%a3%a8%e7%b2%89\/\"><b>py\u0142 diamentowy<\/b><\/a>, jest najtwardszym znanym materia\u0142em \u015bciernym. Stosowany jest jako g\u0142\u00f3wny materia\u0142 do szlifowania i polerowania element\u00f3w o wysokiej g\u0142adko\u015bci oraz powi\u0105zanych instrument\u00f3w i przyrz\u0105d\u00f3w w bran\u017cach takich jak: diamentowa, jubilerska, jadeitowa, stal wolframowa, ceramiczna, szklarska, mechaniczna i geologiczna.<\/p>\n<h3><strong>Zastosowania:<\/strong><\/h3>\n<p>1. Bezpo\u015brednie u\u017cycie mikroproszku do wytwarzania \u015brodk\u00f3w i past \u015bciernych do szlifowania swobodnego lub polerowania. Szeroko stosowane w obr\u00f3bce materia\u0142\u00f3w metalowych, w\u0119glik\u00f3w spiekanych, ceramiki, szk\u0142a optycznego oraz kamieni jubilerskich w instrumentach i przyrz\u0105dach.<\/p>\n<p>2. Mikroproszek diamentowy jest szeroko wykorzystywany do produkcji tarcz do szlifowania dok\u0142adnego, tarcz do szlifowania superdok\u0142adnego, narz\u0119dzi \u015bciernych do galwanizacji itp.<\/p>\n<p>3. Mikroproszki diamentowe o wielko\u015bci ziaren od 54 do 0,25 mikrometra s\u0105 g\u0142\u00f3wnym surowcem do wytwarzania spiek\u00f3w diament\u00f3w polikrystalicznych lub innych produkt\u00f3w diamentowych (wiert\u0142a geologiczne, wiert\u0142a naftowe, narz\u0119dzia skrawaj\u0105ce, ci\u0105gad\u0142a itp.).<\/p>\n<p>4. Mikroproszek diamentowy jest nak\u0142adany galwanicznie na powierzchnie niekt\u00f3rych element\u00f3w obrabianych w celu zwi\u0119kszenia ich odporno\u015bci na zu\u017cycie.<\/p>\n<p>Masz pytanie? <a href=\"https:\/\/honwaygroup.com\/pl\/skontaktuj-sie-z-nami\/\">Skontaktuj si\u0119 z nami!<\/a><\/p>\n","protected":false},"excerpt":{"rendered":"<p>Mikroproszek diamentowy, znany r\u00f3wnie\u017c jako <b>py\u0142 diamentowy<\/b>, jest najtwardszym znanym materia\u0142em \u015bciernym. Stosuje si\u0119 go jako g\u0142\u00f3wny materia\u0142 do szlifowania i polerowania element\u00f3w o wysokiej g\u0142adko\u015bci oraz powi\u0105zanych instrument\u00f3w i przyrz\u0105d\u00f3w w bran\u017cach takich jak: diamentowa, jubilerska, jadeitowa, stal wolframowa, ceramiczna, szklarska, mechaniczna i geologiczna. G\u0142\u00f3wne zastosowania mikroproszku diamentowego:<\/p>\n<p>1. Bezpo\u015brednie u\u017cycie mikroproszku do wytwarzania \u015brodk\u00f3w i past \u015bciernych do szlifowania swobodnego lub polerowania. Szeroko stosowane w obr\u00f3bce materia\u0142\u00f3w metalowych, w\u0119glik\u00f3w spiekanych, ceramiki, szk\u0142a optycznego oraz kamieni jubilerskich w instrumentach i przyrz\u0105dach.<\/p>\n<p>2. Mikroproszek diamentowy jest szeroko wykorzystywany do produkcji tarcz do szlifowania dok\u0142adnego, tarcz do szlifowania superdok\u0142adnego, narz\u0119dzi \u015bciernych do galwanizacji itp.<\/p>\n<p>3. Mikroproszki diamentowe o wielko\u015bci ziaren od 54 do 0,25 mikrometra s\u0105 g\u0142\u00f3wnym surowcem do wytwarzania spiek\u00f3w diament\u00f3w polikrystalicznych lub innych produkt\u00f3w diamentowych (wiert\u0142a geologiczne, wiert\u0142a naftowe, narz\u0119dzia skrawaj\u0105ce, ci\u0105gad\u0142a itp.).<\/p>\n<p>4. Mikroproszek diamentowy jest nak\u0142adany galwanicznie na powierzchnie niekt\u00f3rych element\u00f3w obrabianych w celu zwi\u0119kszenia ich odporno\u015bci na zu\u017cycie.<\/p>\n<h5><span style=\"color: #ff0000;\"><strong>\u25b2 <\/strong><strong>Mo\u017cliwo\u015b\u0107 dostosowania specyfikacji \u2013 prosimy o kontakt z obs\u0142ug\u0105 klienta.<\/strong><\/span><\/h5>\n<h5><strong><span style=\"color: #ff0000; font-size: 19.2px;\">\u25b2 Przy wi\u0119kszych zam\u00f3wieniach istnieje mo\u017cliwo\u015b\u0107 uzyskania rabatu, prosimy o kontakt z obs\u0142ug\u0105 klienta.<br \/>\n<\/span><\/strong><\/h5>\n<h5><strong><span style=\"color: #ff0000; font-size: 19.2px;\">\u25b2<\/span><span style=\"color: #ff0000; font-size: 19.2px;\">Czas realizacji<\/span> <span style=\"color: #ff0000;\">zam\u00f3wie\u0144 <\/span><span style=\"color: #ff0000; font-size: 19.2px;\">na terenie Tajwanu wynosi 7-14 dni roboczych.<\/span><\/strong><\/h5>\n<h5><strong><span style=\"color: #ff0000; font-size: 19.2px;\">\u25b2<\/span><span style=\"color: #ff0000;\">Czas realizacji wysy\u0142ki mi\u0119dzynarodowej wynosi 7-14 dni, natomiast rzeczywisty czas dostawy zale\u017cy od danej firmy kurierskiej.<\/span><\/strong><\/h5>\n","protected":false},"featured_media":73393,"template":"","meta":{"site-sidebar-layout":"default","site-content-layout":"default","ast-site-content-layout":"default","site-content-style":"default","site-sidebar-style":"default","ast-global-header-display":"","ast-banner-title-visibility":"","ast-main-header-display":"","ast-hfb-above-header-display":"","ast-hfb-below-header-display":"","ast-hfb-mobile-header-display":"","site-post-title":"","ast-breadcrumbs-content":"","ast-featured-img":"","footer-sml-layout":"","ast-disable-related-posts":"","theme-transparent-header-meta":"default","adv-header-id-meta":"","stick-header-meta":"default","header-above-stick-meta":"","header-main-stick-meta":"","header-below-stick-meta":"","astra-migrate-meta-layouts":"default","ast-page-background-enabled":"default","ast-page-background-meta":{"desktop":{"background-color":"var(--ast-global-color-5)","background-image":"","background-repeat":"repeat","background-position":"center center","background-size":"auto","background-attachment":"scroll","background-type":"","background-media":"","overlay-type":"","overlay-color":"","overlay-opacity":"","overlay-gradient":""},"tablet":{"background-color":"","background-image":"","background-repeat":"repeat","background-position":"center center","background-size":"auto","background-attachment":"scroll","background-type":"","background-media":"","overlay-type":"","overlay-color":"","overlay-opacity":"","overlay-gradient":""},"mobile":{"background-color":"","background-image":"","background-repeat":"repeat","background-position":"center center","background-size":"auto","background-attachment":"scroll","background-type":"","background-media":"","overlay-type":"","overlay-color":"","overlay-opacity":"","overlay-gradient":""}},"ast-content-background-meta":{"desktop":{"background-color":"var(--ast-global-color-4)","background-image":"","background-repeat":"repeat","background-position":"center center","background-size":"auto","background-attachment":"scroll","background-type":"","background-media":"","overlay-type":"","overlay-color":"","overlay-opacity":"","overlay-gradient":""},"tablet":{"background-color":"var(--ast-global-color-4)","background-image":"","background-repeat":"repeat","background-position":"center center","background-size":"auto","background-attachment":"scroll","background-type":"","background-media":"","overlay-type":"","overlay-color":"","overlay-opacity":"","overlay-gradient":""},"mobile":{"background-color":"var(--ast-global-color-4)","background-image":"","background-repeat":"repeat","background-position":"center center","background-size":"auto","background-attachment":"scroll","background-type":"","background-media":"","overlay-type":"","overlay-color":"","overlay-opacity":"","overlay-gradient":""}}},"product_brand":[],"product_cat":[3490,3487,3486,3560,3609,3491,3604,3504,3507,3602,3599,3557],"product_tag":[3991,3681,3690],"class_list":{"0":"post-75356","1":"product","2":"type-product","3":"status-publish","4":"has-post-thumbnail","6":"product_cat-ceramika","7":"product_cat-do-tworzyw-sztucznych-i-materialow-niemetalowych","8":"product_cat-materialy-do-obrobki","9":"product_cat-materialy-polerskie","10":"product_cat-materialy-supertwarde","11":"product_cat-metale-bezniklowe","12":"product_cat-polikrystaliczne-pl","13":"product_cat-postac-surowca","14":"product_cat-proszki","15":"product_cat-proszek","16":"product_cat-proszki-pasty-zawiesiny-szlifierskie","17":"product_cat-typ-zastosowania","18":"product_tag-material-podobny-do-polikrystalicznego-diamentu","19":"product_tag-monokrystaliczny-proszek-diamentowy","20":"product_tag-polikrystaliczny-proszek-diamentowy","21":"desktop-align-left","22":"tablet-align-left","23":"mobile-align-left","24":"ast-product-gallery-layout-horizontal-slider","25":"ast-product-single-variable","26":"ast-product-tabs-layout-horizontal","28":"first","29":"instock","30":"taxable","31":"shipping-taxable","32":"purchasable","33":"product-type-variable"},"_links":{"self":[{"href":"https:\/\/honwaygroup.com\/pl\/wp-json\/wp\/v2\/product\/75356","targetHints":{"allow":["GET"]}}],"collection":[{"href":"https:\/\/honwaygroup.com\/pl\/wp-json\/wp\/v2\/product"}],"about":[{"href":"https:\/\/honwaygroup.com\/pl\/wp-json\/wp\/v2\/types\/product"}],"version-history":[{"count":0,"href":"https:\/\/honwaygroup.com\/pl\/wp-json\/wp\/v2\/product\/75356\/revisions"}],"wp:featuredmedia":[{"embeddable":true,"href":"https:\/\/honwaygroup.com\/pl\/wp-json\/wp\/v2\/media\/73393"}],"wp:attachment":[{"href":"https:\/\/honwaygroup.com\/pl\/wp-json\/wp\/v2\/media?parent=75356"}],"wp:term":[{"taxonomy":"product_brand","embeddable":true,"href":"https:\/\/honwaygroup.com\/pl\/wp-json\/wp\/v2\/product_brand?post=75356"},{"taxonomy":"product_cat","embeddable":true,"href":"https:\/\/honwaygroup.com\/pl\/wp-json\/wp\/v2\/product_cat?post=75356"},{"taxonomy":"product_tag","embeddable":true,"href":"https:\/\/honwaygroup.com\/pl\/wp-json\/wp\/v2\/product_tag?post=75356"}],"curies":[{"name":"wp","href":"https:\/\/api.w.org\/{rel}","templated":true}]}}