{"id":75340,"date":"2015-10-19T08:32:23","date_gmt":"2015-10-19T00:32:23","guid":{"rendered":"https:\/\/honwaygroup.com\/product\/folia-diamentowa-diamentowa-folia-pe\/"},"modified":"2025-12-15T11:30:22","modified_gmt":"2025-12-15T03:30:22","slug":"folia-diamentowa-diamentowa-folia-pe","status":"publish","type":"product","link":"https:\/\/honwaygroup.com\/pl\/produkt\/folia-diamentowa-diamentowa-folia-pe\/","title":{"rendered":"Folia diamentowa , diamentowa folia PE"},"content":{"rendered":"<h3>Folia diamentowa , diamentowa folia PE<\/h3>\n<figure id=\"attachment_75341\" aria-describedby=\"caption-attachment-75341\" style=\"width: 800px\" class=\"wp-caption alignnone\"><a href=\"https:\/\/honwaygroup.com\/wp-content\/uploads\/2015\/10\/%E9%AB%98%E5%93%81%E8%B3%AA%E9%91%BD%E7%9F%B3%E8%86%9C%E7%89%87.avif\"><img fetchpriority=\"high\" decoding=\"async\" class=\"wp-image-1097 size-full\" src=\"https:\/\/honwaygroup.com\/wp-content\/uploads\/2015\/10\/%E9%AB%98%E5%93%81%E8%B3%AA%E9%91%BD%E7%9F%B3%E8%86%9C%E7%89%87.avif\" alt=\"Tarcze diamentowe, folie diamentowe PE, papiery \u015bcierne diamentowe\" width=\"800\" height=\"600\"><\/a><figcaption id=\"caption-attachment-75341\" class=\"wp-caption-text\">fazowanie, pasywacja, fazowanie i pasywacja, szlifowanie i polerowanie, usuwanie zadzior\u00f3w, gratowanie, szlifowanie \u015bwiat\u0142owod\u00f3w<\/figcaption><\/figure>\n<p><img decoding=\"async\" id=\"exifviewer-img-1\" class=\"alignnone\" src=\"https:\/\/admin-official.line.me\/static\/home\/img\/emoticon\/keyimage_45.png\" alt=\"Folia diamentowa , diamentowa folia PE\" width=\"25\" height=\"25\">Folia diamentowa, wykorzystuje zaawansowan\u0105 na \u015bwiecie technologi\u0119 ultraprecyzyjnego powlekania, w celu rozprowadzenia mikronowych proszk\u00f3w diamentowych i materia\u0142\u00f3w polimerowych, powlekaj\u0105c nimi powierzchni\u0119 wytrzyma\u0142ej folii. Charakteryzuje si\u0119 stabiln\u0105 jako\u015bci\u0105, doskona\u0142\u0105 wytrzyma\u0142o\u015bci\u0105 i elastyczno\u015bci\u0105, co pozwala na osi\u0105gni\u0119cie dobrych efekt\u00f3w polerowania zakrzywionych powierzchni. Obszary zastosowa\u0144: LED, kryszta\u0142y optyczne, soczewki optyczne, dyski twarde, <a href=\"https:\/\/www.easyatm.com.tw\/wiki\/%E5%85%89%E7%BA%96%E9%99%B6%E7%93%B7%E6%8F%92%E8%8A%AF\" rel=\"nofollow noopener\" target=\"_blank\">ceramiczne wk\u0142adki<\/a>.<img decoding=\"async\" id=\"exifviewer-img-1\" src=\"https:\/\/admin-official.line.me\/static\/home\/img\/emoticon\/keyimage_51.png\" alt=\"\" width=\"25\" height=\"25\"><img loading=\"lazy\" decoding=\"async\" id=\"exifviewer-img-1\" src=\"https:\/\/admin-official.line.me\/static\/home\/img\/emoticon\/keyimage_119.png\" alt=\"\" width=\"25\" height=\"25\"><\/p>\n<p>Masz pytanie? <a href=\"https:\/\/honwaygroup.com\/pl\/skontaktuj-sie-z-nami\/\">Skontaktuj si\u0119 z nami!<\/a><\/p>\n","protected":false},"excerpt":{"rendered":"<p><img loading=\"lazy\" decoding=\"async\" id=\"exifviewer-img-1\" src=\"https:\/\/admin-official.line.me\/static\/home\/img\/emoticon\/keyimage_45.png\" alt=\"\" width=\"25\" height=\"25\">Folia diamentowa, wykorzystuje zaawansowan\u0105 na \u015bwiecie technologi\u0119 ultraprecyzyjnego powlekania, w celu rozprowadzenia mikronowych proszk\u00f3w diamentowych i materia\u0142\u00f3w polimerowych, powlekaj\u0105c nimi powierzchni\u0119 wytrzyma\u0142ej folii. Charakteryzuje si\u0119 stabiln\u0105 jako\u015bci\u0105, doskona\u0142\u0105 wytrzyma\u0142o\u015bci\u0105 i elastyczno\u015bci\u0105, co pozwala na osi\u0105gni\u0119cie dobrych efekt\u00f3w polerowania zakrzywionych powierzchni. Obszary zastosowa\u0144: LED, kryszta\u0142y optyczne, soczewki optyczne, dyski twarde, ceramiczne wk\u0142adki.<img decoding=\"async\" id=\"exifviewer-img-1\" src=\"https:\/\/admin-official.line.me\/static\/home\/img\/emoticon\/keyimage_51.png\" alt=\"\" width=\"25\" height=\"25\"><img loading=\"lazy\" decoding=\"async\" id=\"exifviewer-img-1\" src=\"https:\/\/admin-official.line.me\/static\/home\/img\/emoticon\/keyimage_119.png\" alt=\"\" width=\"25\" height=\"25\"><\/p>\n","protected":false},"featured_media":75341,"template":"","meta":{"site-sidebar-layout":"default","site-content-layout":"default","ast-site-content-layout":"default","site-content-style":"default","site-sidebar-style":"default","ast-global-header-display":"","ast-banner-title-visibility":"","ast-main-header-display":"","ast-hfb-above-header-display":"","ast-hfb-below-header-display":"","ast-hfb-mobile-header-display":"","site-post-title":"","ast-breadcrumbs-content":"","ast-featured-img":"","footer-sml-layout":"","ast-disable-related-posts":"","theme-transparent-header-meta":"default","adv-header-id-meta":"","stick-header-meta":"default","header-above-stick-meta":"","header-main-stick-meta":"","header-below-stick-meta":"","astra-migrate-meta-layouts":"default","ast-page-background-enabled":"default","ast-page-background-meta":{"desktop":{"background-color":"var(--ast-global-color-5)","background-image":"","background-repeat":"repeat","background-position":"center center","background-size":"auto","background-attachment":"scroll","background-type":"","background-media":"","overlay-type":"","overlay-color":"","overlay-opacity":"","overlay-gradient":""},"tablet":{"background-color":"","background-image":"","background-repeat":"repeat","background-position":"center center","background-size":"auto","background-attachment":"scroll","background-type":"","background-media":"","overlay-type":"","overlay-color":"","overlay-opacity":"","overlay-gradient":""},"mobile":{"background-color":"","background-image":"","background-repeat":"repeat","background-position":"center center","background-size":"auto","background-attachment":"scroll","background-type":"","background-media":"","overlay-type":"","overlay-color":"","overlay-opacity":"","overlay-gradient":""}},"ast-content-background-meta":{"desktop":{"background-color":"var(--ast-global-color-4)","background-image":"","background-repeat":"repeat","background-position":"center center","background-size":"auto","background-attachment":"scroll","background-type":"","background-media":"","overlay-type":"","overlay-color":"","overlay-opacity":"","overlay-gradient":""},"tablet":{"background-color":"var(--ast-global-color-4)","background-image":"","background-repeat":"repeat","background-position":"center center","background-size":"auto","background-attachment":"scroll","background-type":"","background-media":"","overlay-type":"","overlay-color":"","overlay-opacity":"","overlay-gradient":""},"mobile":{"background-color":"var(--ast-global-color-4)","background-image":"","background-repeat":"repeat","background-position":"center center","background-size":"auto","background-attachment":"scroll","background-type":"","background-media":"","overlay-type":"","overlay-color":"","overlay-opacity":"","overlay-gradient":""}}},"product_brand":[],"product_cat":[3505,3560,3446],"product_tag":[3964,3945,3968,3967,3966],"class_list":{"0":"post-75340","1":"product","2":"type-product","3":"status-publish","4":"has-post-thumbnail","6":"product_cat-cialo-stale","7":"product_cat-materialy-polerskie","8":"product_cat-dianond-tools-pl","9":"product_tag-diamentowy-papier-scierny-pl","10":"product_tag-folia-pe-z-diamentowym-pokryciem","11":"product_tag-membrana-diamentowa","12":"product_tag-pasty-diamentowe","13":"product_tag-proszki-diamentowe","14":"desktop-align-left","15":"tablet-align-left","16":"mobile-align-left","17":"ast-product-gallery-layout-horizontal-slider","18":"ast-product-single-variable","19":"ast-product-tabs-layout-horizontal","21":"first","22":"instock","23":"featured","24":"taxable","25":"shipping-taxable","26":"purchasable","27":"product-type-variable"},"_links":{"self":[{"href":"https:\/\/honwaygroup.com\/pl\/wp-json\/wp\/v2\/product\/75340","targetHints":{"allow":["GET"]}}],"collection":[{"href":"https:\/\/honwaygroup.com\/pl\/wp-json\/wp\/v2\/product"}],"about":[{"href":"https:\/\/honwaygroup.com\/pl\/wp-json\/wp\/v2\/types\/product"}],"version-history":[{"count":0,"href":"https:\/\/honwaygroup.com\/pl\/wp-json\/wp\/v2\/product\/75340\/revisions"}],"wp:featuredmedia":[{"embeddable":true,"href":"https:\/\/honwaygroup.com\/pl\/wp-json\/wp\/v2\/media\/75341"}],"wp:attachment":[{"href":"https:\/\/honwaygroup.com\/pl\/wp-json\/wp\/v2\/media?parent=75340"}],"wp:term":[{"taxonomy":"product_brand","embeddable":true,"href":"https:\/\/honwaygroup.com\/pl\/wp-json\/wp\/v2\/product_brand?post=75340"},{"taxonomy":"product_cat","embeddable":true,"href":"https:\/\/honwaygroup.com\/pl\/wp-json\/wp\/v2\/product_cat?post=75340"},{"taxonomy":"product_tag","embeddable":true,"href":"https:\/\/honwaygroup.com\/pl\/wp-json\/wp\/v2\/product_tag?post=75340"}],"curies":[{"name":"wp","href":"https:\/\/api.w.org\/{rel}","templated":true}]}}