{"id":75300,"date":"2015-10-20T07:16:49","date_gmt":"2015-10-19T23:16:49","guid":{"rendered":"https:\/\/honwaygroup.com\/product\/szczoteczki-diamentowe-3mm\/"},"modified":"2025-12-15T11:29:09","modified_gmt":"2025-12-15T03:29:09","slug":"szczoteczki-diamentowe-3mm","status":"publish","type":"product","link":"https:\/\/honwaygroup.com\/pl\/produkt\/szczoteczki-diamentowe-3mm\/","title":{"rendered":"Szczoteczki diamentowe 3mm"},"content":{"rendered":"<h3><strong>Szczoteczki diamentowe 3mm (szczoteczki jubilerskie)<br \/>\n<\/strong><\/h3>\n<h4><strong><br \/>\nCechy produktu<\/strong><\/h4>\n<ul>\n<li><strong>Do stosowania ze szlifierk\u0105 elektryczn\u0105.<\/strong><\/li>\n<li><strong>Nadaje si\u0119 do twardych przedmiot\u00f3w, takich jak jadeit, kryszta\u0142, stal wolframowa, stopy tytanu itp.<\/strong><\/li>\n<li><strong>Mo\u017ce pokona\u0107 pasywacj\u0119, szlifowanie i polerowanie niekt\u00f3rych nieregularnych powierzchni.<\/strong><\/li>\n<li><strong>Wykonany z nylonu, mi\u0119kki i odporny na \u015bcieranie.<\/strong><\/li>\n<li><strong>Nie wymaga dodatkowych materia\u0142\u00f3w \u015bciernych, bardziej przyjazny dla \u015brodowiska.<\/strong><\/li>\n<li><strong>Skonstruowany i wyprodukowany na Tajwanie (R.O.C.)<\/strong><\/li>\n<\/ul>\n<h4><strong><br \/>\nDB45<\/strong><\/h4>\n<p><a href=\"https:\/\/honwaygroup.com\/wp-content\/uploads\/2015\/10\/3mm%E9%91%BD%E7%9F%B3%E5%B0%8F%E5%B0%8F%E6%AF%9B%E5%88%B7_%E5%B7%A5%E4%BD%9C%E5%8D%80%E5%9F%9F-1-%E8%A4%87%E6%9C%AC-16.webp\"><img decoding=\"async\" class=\"alignnone wp-image-29276 \" src=\"https:\/\/honwaygroup.com\/wp-content\/uploads\/2015\/10\/3mm%E9%91%BD%E7%9F%B3%E5%B0%8F%E5%B0%8F%E6%AF%9B%E5%88%B7_%E5%B7%A5%E4%BD%9C%E5%8D%80%E5%9F%9F-1-%E8%A4%87%E6%9C%AC-16.webp\" alt=\"\" width=\"173\" height=\"250\"><\/a><\/p>\n<table width=\"100%\">\n<tbody>\n<tr>\n<td width=\"25%\"><strong>Model<\/strong><\/td>\n<td width=\"25%\"><strong>Numer seryjny No.<\/strong><\/td>\n<td width=\"25%\"><strong>\u015arednica w\u0142osia (mm)<\/strong><\/td>\n<td width=\"25%\"><strong>\u015arednica trzpienia (mm)<\/strong><\/td>\n<\/tr>\n<tr>\n<td width=\"25%\">DB45-200<\/td>\n<td width=\"25%\">#200<\/td>\n<td width=\"25%\">0.7<\/td>\n<td width=\"25%\">\u00f83.0<\/td>\n<\/tr>\n<tr>\n<td width=\"25%\">DB45-400<\/td>\n<td width=\"25%\">#400<\/td>\n<td width=\"25%\">0.5<\/td>\n<td width=\"25%\">\u00f83.0<\/td>\n<\/tr>\n<tr>\n<td width=\"25%\">DB45-600<\/td>\n<td width=\"25%\">#600<\/td>\n<td width=\"25%\">0.5<\/td>\n<td width=\"25%\">\u00f83.0<\/td>\n<\/tr>\n<tr>\n<td width=\"25%\">DB45-800<\/td>\n<td width=\"25%\">#800<\/td>\n<td width=\"25%\">0.5<\/td>\n<td width=\"25%\">\u00f83.0<\/td>\n<\/tr>\n<tr>\n<td width=\"25%\">DB45-1000<\/td>\n<td width=\"25%\">#1000<\/td>\n<td width=\"25%\">0.5<\/td>\n<td width=\"25%\">\u00f83.0<\/td>\n<\/tr>\n<tr>\n<td width=\"25%\">DB45-2000<\/td>\n<td width=\"25%\">#2000<\/td>\n<td width=\"25%\">0.2<\/td>\n<td width=\"25%\">\u00f83.0<\/td>\n<\/tr>\n<tr>\n<td width=\"25%\">DB45-3000<\/td>\n<td width=\"25%\">#3000<\/td>\n<td width=\"25%\">0.2<\/td>\n<td width=\"25%\">\u00f83.0<\/td>\n<\/tr>\n<\/tbody>\n<\/table>\n<p>&nbsp;<\/p>\n<h4><strong>DBT45<br \/>\n<a href=\"https:\/\/honwaygroup.com\/wp-content\/uploads\/2015\/10\/3mm%E9%91%BD%E7%9F%B3%E5%B0%8F%E5%B0%8F%E6%AF%9B%E5%88%B7.webp\"><img decoding=\"async\" class=\"alignnone wp-image-29288 \" src=\"https:\/\/honwaygroup.com\/wp-content\/uploads\/2015\/10\/3mm%E9%91%BD%E7%9F%B3%E5%B0%8F%E5%B0%8F%E6%AF%9B%E5%88%B7-207x300.webp\" alt=\"\" width=\"176\" height=\"255\"><\/a><br \/>\n<\/strong><\/h4>\n<h4><\/h4>\n<table width=\"100%\">\n<tbody>\n<tr>\n<td width=\"25%\"><strong>Model<\/strong><\/td>\n<td width=\"25%\"><strong>Numer seryjny No.<\/strong><\/td>\n<td width=\"25%\"><strong>\u015arednica w\u0142osia (mm)<\/strong><\/td>\n<td width=\"25%\"><strong>\u015arednica trzpienia (mm)<\/strong><\/td>\n<\/tr>\n<tr>\n<td width=\"25%\">DBT45-200<\/td>\n<td width=\"25%\">#200<\/td>\n<td width=\"25%\">0.7<\/td>\n<td width=\"25%\">\u00f83.0<\/td>\n<\/tr>\n<tr>\n<td width=\"25%\">DBT45-400<\/td>\n<td width=\"25%\">#400<\/td>\n<td width=\"25%\">0.5<\/td>\n<td width=\"25%\">\u00f83.0<\/td>\n<\/tr>\n<tr>\n<td width=\"25%\">DBT45-600<\/td>\n<td width=\"25%\">#600<\/td>\n<td width=\"25%\">0.5<\/td>\n<td width=\"25%\">\u00f83.0<\/td>\n<\/tr>\n<tr>\n<td width=\"25%\">DBT45-800<\/td>\n<td width=\"25%\">#800<\/td>\n<td width=\"25%\">0.5<\/td>\n<td width=\"25%\">\u00f83.0<\/td>\n<\/tr>\n<tr>\n<td width=\"25%\">DBT45-1000<\/td>\n<td width=\"25%\">#1000<\/td>\n<td width=\"25%\">0.5<\/td>\n<td width=\"25%\">\u00f83.0<\/td>\n<\/tr>\n<tr>\n<td width=\"25%\">DBT45-2000<\/td>\n<td width=\"25%\">#2000<\/td>\n<td width=\"25%\">0.2<\/td>\n<td width=\"25%\">\u00f83.0<\/td>\n<\/tr>\n<tr>\n<td width=\"25%\">DBT45-3000<\/td>\n<td width=\"25%\">#3000<\/td>\n<td width=\"25%\">0.2<\/td>\n<td width=\"25%\">\u00f83.0<\/td>\n<\/tr>\n<\/tbody>\n<\/table>\n<p>&nbsp;<\/p>\n<p><strong>*Uwagi\uff1a<\/strong><\/p>\n<ul>\n<li><strong>Unikaj mocnego naciskania na w\u0142osie, aby nie doprowadzi\u0107 do jego odkszta\u0142cenia.<\/strong><\/li>\n<li><strong>W zale\u017cno\u015bci od sytuacji, mo\u017cna doda\u0107 wod\u0119 lub olej w celu sch\u0142odzenia, co zapobiegnie topieniu si\u0119 lub zbrylaniu.<\/strong><\/li>\n<\/ul>\n<p>Masz pytanie? <a href=\"https:\/\/honwaygroup.com\/pl\/skontaktuj-sie-z-nami\/\">Skontaktuj si\u0119 z nami!<\/a><\/p>\n","protected":false},"excerpt":{"rendered":"<p><strong>DBT45 Szczoteczka diamentowa 3mm (szczoteczka jubilerska w kszta\u0142cie litery T)<\/strong><\/p>\n<p><strong>Zn\u00f3w dost\u0119pna!!<\/strong><\/p>\n<blockquote>\n<h4><strong> <\/strong><\/h4>\n<h4><strong>Okazja<\/strong><strong>\u275d <span style=\"color: #b01212\">Kup 10 sztuk a 1 dostaniesz gratis<\/span> \u275e <\/strong> <\/h4>\n<\/blockquote>\n<p><a class=\"_58cn\" href=\"https:\/\/www.facebook.com\/hashtag\/%E9%91%BD%E7%9F%B3%E6%AF%9B%E5%88%B7?source=feed_text&amp;story_id=568283139991949\" data-ft=\"{\"tn\":\"*N\",\"type\":104}\"><span class=\"_58cl\">\u202a#\u200e<\/span><span class=\"_58cm\">szczoteczka diamentowa<\/span><\/a> <a class=\"_58cn\" href=\"https:\/\/www.facebook.com\/hashtag\/%E7%BE%8A%E6%AF%9B%E8%BC%AA?source=feed_text&amp;story_id=568283139991949\" data-ft=\"{\"tn\":\"*N\",\"type\":104}\"><span class=\"_58cl\">\u202a#\u200e<\/span><span class=\"_58cm\">\u015bciernica we\u0142niana<\/span><\/a> <a class=\"_58cn\" href=\"https:\/\/www.facebook.com\/hashtag\/%E9%91%BD%E7%9F%B3%E8%86%8F?source=feed_text&amp;story_id=568283139991949\" data-ft=\"{\"tn\":\"*N\",\"type\":104}\"><span class=\"_58cl\">\u202a#\u200e<\/span><span class=\"_58cm\">pasta diamentowa<\/span><\/a> <a class=\"_58cn\" href=\"https:\/\/www.facebook.com\/hashtag\/%E5%A4%9A%E6%99%B6%E9%91%BD%E7%9F%B3%E8%86%8F?source=feed_text&amp;story_id=568283139991949\" data-ft=\"{\"tn\":\"*N\",\"type\":104}\"><span class=\"_58cl\">\u202a#\u200e<\/span><span class=\"_58cm\">polikrystaliczna pasta diamentowa<\/span><\/a> <a class=\"_58cn\" href=\"https:\/\/www.facebook.com\/hashtag\/%E9%8F%A1%E9%9D%A2%E6%8B%8B%E5%85%89?source=feed_text&amp;story_id=568283139991949\" data-ft=\"{\"tn\":\"*N\",\"type\":104}\"><span class=\"_58cl\">\u202a#\u200e<\/span><span class=\"_58cm\">polerowanie na lustro<\/span><\/a> <a class=\"_58cn\" href=\"https:\/\/www.facebook.com\/hashtag\/%E6%8B%8B%E5%85%89?source=feed_text&amp;story_id=568283139991949\" data-ft=\"{\"tn\":\"*N\",\"type\":104}\">\u202a<span class=\"_58cl\">#\u200e<\/span><span class=\"_58cm\">polerowanie<\/span><\/a> <a class=\"_58cn\" href=\"https:\/\/www.facebook.com\/hashtag\/%E9%8E%A2%E9%8B%BC?source=feed_text&amp;story_id=568283139991949\" data-ft=\"{\"tn\":\"*N\",\"type\":104}\"><span class=\"_58cl\">\u202a#\u200e<\/span><span class=\"_58cm\">w\u0119glik wolframu<\/span><\/a> <a class=\"_58cn\" href=\"https:\/\/www.facebook.com\/hashtag\/%E9%99%B6%E7%93%B7?source=feed_text&amp;story_id=568283139991949\" data-ft=\"{\"tn\":\"*N\",\"type\":104}\"><span class=\"_58cl\">\u202a#\u200e<\/span><span class=\"_58cm\">ceramika<\/span><\/a><a class=\"_58cn\" href=\"https:\/\/www.facebook.com\/hashtag\/%E7%A1%AC%E8%B3%AA%E5%90%88%E9%87%91?source=feed_text&amp;story_id=568283139991949\" data-ft=\"{\"tn\":\"*N\",\"type\":104}\"><span class=\"_58cl\">\u202a#\u200e<\/span><span class=\"_58cm\">twarde stopy\u202c<\/span><\/a> <a class=\"_58cn\" href=\"https:\/\/www.facebook.com\/hashtag\/%E9%BD%8A%E5%85%A8?source=feed_text&amp;story_id=568283139991949\" data-ft=\"{\"tn\":\"*N\",\"type\":104}\"><span class=\"_58cl\">\u202a#\u200e<\/span> <span class=\"_58cm\">szeroki wyb\u00f3r<\/span><\/a> <a class=\"_58cn\" href=\"https:\/\/www.facebook.com\/hashtag\/%E4%B8%8D%E8%A6%8F%E5%89%87?source=feed_text&amp;story_id=568283139991949\" data-ft=\"{\"tn\":\"*N\",\"type\":104}\"><span class=\"_58cl\">\u202a#\u200e <\/span><span class=\"_58cm\">nieregularny<\/span><\/a> <a class=\"_58cn\" href=\"https:\/\/www.facebook.com\/hashtag\/%E6%AD%BB%E8%A7%92?source=feed_text&amp;story_id=568283139991949\" data-ft=\"{\"tn\":\"*N\",\"type\":104}\"><span class=\"_58cl\">\u202a#\u200e <\/span><span class=\"_58cm\">martwy punkt<\/span><\/a> <a class=\"_58cn\" href=\"https:\/\/www.facebook.com\/hashtag\/diamondcompound?source=feed_text&amp;story_id=568283139991949\" data-ft=\"{\"tn\":\"*N\",\"type\":104}\"><span class=\"_58cl\">\u202a#\u200e<\/span><span class=\"_58cm\">DiamondCompound\u202c<\/span><\/a> <a class=\"_58cn\" href=\"https:\/\/www.facebook.com\/hashtag\/diamondbrush?source=feed_text&amp;story_id=568283139991949\" data-ft=\"{\"tn\":\"*N\",\"type\":104}\"><span class=\"_58cl\">\u202a#\u200e<\/span><span class=\"_58cm\">DiamondBrush\u202c<\/span><\/a><a class=\"_58cn\" href=\"https:\/\/www.facebook.com\/hashtag\/diamondfilament?source=feed_text&amp;story_id=568283139991949\" data-ft=\"{\"tn\":\"*N\",\"type\":104}\"><span class=\"_58cl\">\u202a#\u200e<\/span><span class=\"_58cm\">DiamondFilament\u202c<\/span><\/a><br \/>\n<a class=\"_58cn\" href=\"https:\/\/www.facebook.com\/hashtag\/diamondpaste?source=feed_text&amp;story_id=568283139991949\" data-ft=\"{\"tn\":\"*N\",\"type\":104}\"><span class=\"_58cl\">\u202a#\u200e<\/span><span class=\"_58cm\">DiamondPaste\u202c<\/span><\/a> <a class=\"_58cn\" href=\"https:\/\/www.facebook.com\/hashtag\/polishing?source=feed_text&amp;story_id=568283139991949\" data-ft=\"{\"tn\":\"*N\",\"type\":104}\"><span class=\"_58cl\">\u202a#\u200e<\/span><span class=\"_58cm\">Polishing\u202c<\/span><\/a> <a class=\"_58cn\" href=\"https:\/\/www.facebook.com\/hashtag\/ultrahard?source=feed_text&amp;story_id=568283139991949\" data-ft=\"{\"tn\":\"*N\",\"type\":104}\"><span class=\"_58cl\">\u202a#\u200e<\/span><span class=\"_58cm\">UltraHard\u202c<\/span><\/a> <a class=\"_58cn\" href=\"https:\/\/www.facebook.com\/hashtag\/%E5%AE%8F%E5%B4%B4%E5%AF%A6%E6%A5%AD?source=feed_text&amp;story_id=568283139991949\" data-ft=\"{\"tn\":\"*N\",\"type\":104}\"><span class=\"_58cl\">\u202a#\u200e<\/span><span class=\"_58cm\">\u5b8f\u5d34\u5be6\u696d\u202c<\/span><\/a> <a class=\"_58cn\" href=\"https:\/\/www.facebook.com\/hashtag\/honwaymaterials?source=feed_text&amp;story_id=568283139991949\" data-ft=\"{\"tn\":\"*N\",\"type\":104}\"><span class=\"_58cl\">\u202a#\u200e<\/span><span class=\"_58cm\">HonWayMaterials\u202c<\/span><\/a><\/p>\n","protected":false},"featured_media":75301,"template":"","meta":{"site-sidebar-layout":"default","site-content-layout":"default","ast-site-content-layout":"default","site-content-style":"default","site-sidebar-style":"default","ast-global-header-display":"","ast-banner-title-visibility":"","ast-main-header-display":"","ast-hfb-above-header-display":"","ast-hfb-below-header-display":"","ast-hfb-mobile-header-display":"","site-post-title":"","ast-breadcrumbs-content":"","ast-featured-img":"","footer-sml-layout":"","ast-disable-related-posts":"","theme-transparent-header-meta":"default","adv-header-id-meta":"","stick-header-meta":"default","header-above-stick-meta":"","header-main-stick-meta":"","header-below-stick-meta":"","astra-migrate-meta-layouts":"default","ast-page-background-enabled":"default","ast-page-background-meta":{"desktop":{"background-color":"var(--ast-global-color-5)","background-image":"","background-repeat":"repeat","background-position":"center center","background-size":"auto","background-attachment":"scroll","background-type":"","background-media":"","overlay-type":"","overlay-color":"","overlay-opacity":"","overlay-gradient":""},"tablet":{"background-color":"","background-image":"","background-repeat":"repeat","background-position":"center center","background-size":"auto","background-attachment":"scroll","background-type":"","background-media":"","overlay-type":"","overlay-color":"","overlay-opacity":"","overlay-gradient":""},"mobile":{"background-color":"","background-image":"","background-repeat":"repeat","background-position":"center center","background-size":"auto","background-attachment":"scroll","background-type":"","background-media":"","overlay-type":"","overlay-color":"","overlay-opacity":"","overlay-gradient":""}},"ast-content-background-meta":{"desktop":{"background-color":"var(--ast-global-color-4)","background-image":"","background-repeat":"repeat","background-position":"center center","background-size":"auto","background-attachment":"scroll","background-type":"","background-media":"","overlay-type":"","overlay-color":"","overlay-opacity":"","overlay-gradient":""},"tablet":{"background-color":"var(--ast-global-color-4)","background-image":"","background-repeat":"repeat","background-position":"center center","background-size":"auto","background-attachment":"scroll","background-type":"","background-media":"","overlay-type":"","overlay-color":"","overlay-opacity":"","overlay-gradient":""},"mobile":{"background-color":"var(--ast-global-color-4)","background-image":"","background-repeat":"repeat","background-position":"center center","background-size":"auto","background-attachment":"scroll","background-type":"","background-media":"","overlay-type":"","overlay-color":"","overlay-opacity":"","overlay-gradient":""}}},"product_brand":[],"product_cat":[3619,3505,3560,3446],"product_tag":[3960],"class_list":{"0":"post-75300","1":"product","2":"type-product","3":"status-publish","4":"has-post-thumbnail","6":"product_cat-szczotki-diamentowe","7":"product_cat-cialo-stale","8":"product_cat-materialy-polerskie","9":"product_cat-dianond-tools-pl","10":"product_tag-szczotki-diamentowe-pl-3","11":"desktop-align-left","12":"tablet-align-left","13":"mobile-align-left","14":"ast-product-gallery-layout-horizontal-slider","15":"ast-product-gallery-with-no-image","16":"ast-product-single-variable","17":"ast-product-tabs-layout-horizontal","19":"first","20":"instock","21":"taxable","22":"shipping-taxable","23":"purchasable","24":"product-type-variable"},"_links":{"self":[{"href":"https:\/\/honwaygroup.com\/pl\/wp-json\/wp\/v2\/product\/75300","targetHints":{"allow":["GET"]}}],"collection":[{"href":"https:\/\/honwaygroup.com\/pl\/wp-json\/wp\/v2\/product"}],"about":[{"href":"https:\/\/honwaygroup.com\/pl\/wp-json\/wp\/v2\/types\/product"}],"version-history":[{"count":0,"href":"https:\/\/honwaygroup.com\/pl\/wp-json\/wp\/v2\/product\/75300\/revisions"}],"wp:featuredmedia":[{"embeddable":true,"href":"https:\/\/honwaygroup.com\/pl\/wp-json\/wp\/v2\/media\/75301"}],"wp:attachment":[{"href":"https:\/\/honwaygroup.com\/pl\/wp-json\/wp\/v2\/media?parent=75300"}],"wp:term":[{"taxonomy":"product_brand","embeddable":true,"href":"https:\/\/honwaygroup.com\/pl\/wp-json\/wp\/v2\/product_brand?post=75300"},{"taxonomy":"product_cat","embeddable":true,"href":"https:\/\/honwaygroup.com\/pl\/wp-json\/wp\/v2\/product_cat?post=75300"},{"taxonomy":"product_tag","embeddable":true,"href":"https:\/\/honwaygroup.com\/pl\/wp-json\/wp\/v2\/product_tag?post=75300"}],"curies":[{"name":"wp","href":"https:\/\/api.w.org\/{rel}","templated":true}]}}