{"id":75297,"date":"2015-12-16T07:47:25","date_gmt":"2015-12-15T23:47:25","guid":{"rendered":"https:\/\/honwaygroup.com\/product\/diamentowe-prety-scierne-i-prety-do-szlifowania-glebokich-otworow\/"},"modified":"2025-12-15T11:31:12","modified_gmt":"2025-12-15T03:31:12","slug":"diamentowe-prety-scierne-i-prety-do-szlifowania-glebokich-otworow","status":"publish","type":"product","link":"https:\/\/honwaygroup.com\/pl\/produkt\/diamentowe-prety-scierne-i-prety-do-szlifowania-glebokich-otworow\/","title":{"rendered":"Diamentowe pr\u0119ty \u015bcierne i pr\u0119ty do szlifowania g\u0142\u0119bokich otwor\u00f3w"},"content":{"rendered":"<h3>Diamentowe pr\u0119ty \u015bcierne i pr\u0119ty do szlifowania g\u0142\u0119bokich otwor\u00f3w<\/h3>\n<figure id=\"attachment_75298\" aria-describedby=\"caption-attachment-75298\" style=\"width: 1810px\" class=\"wp-caption alignnone\"><a href=\"https:\/\/honwaygroup.com\/wp-content\/uploads\/2016\/02\/%E5%AE%8F%E5%B4%B4%E9%91%BD%E7%9F%B3%E7%A3%A8%E6%A3%92DM2-01.jpg\" rel=\"attachment wp-att-1536\"><img fetchpriority=\"high\" decoding=\"async\" class=\"wp-image-1536 size-full\" src=\"https:\/\/honwaygroup.com\/wp-content\/uploads\/2016\/02\/%E5%AE%8F%E5%B4%B4%E9%91%BD%E7%9F%B3%E7%A3%A8%E6%A3%92DM2-01-scaled.avif\" alt=\"Diamentowe pr\u0119ty \u015bcierne, pr\u0119ty \u015bcierne CBN, galwalizowanie,elektroformowanie,pr\u0119ty do szlifowania g\u0142\u0119bokich otwor\u00f3w\" width=\"1810\" height=\"2560\"><\/a><figcaption id=\"caption-attachment-75298\" class=\"wp-caption-text\">Diamentowe pr\u0119ty \u015bcierne, pr\u0119ty \u015bcierne CBN, galwalizowanie,elektroformowanie,pr\u0119ty do szlifowania g\u0142\u0119bokich otwor\u00f3w<\/figcaption><\/figure>\n<p>Masz pytanie? <a href=\"https:\/\/honwaygroup.com\/pl\/skontaktuj-sie-z-nami\/\">Skontaktuj si\u0119 z nami!<\/a><\/p>\n","protected":false},"excerpt":{"rendered":"<p>Diamentowe pr\u0119ty \u015bcierne, pr\u0119ty \u015bcierne CBN, galwalizowanie,elektroformowanie,pr\u0119ty do szlifowania g\u0142\u0119bokich otwor\u00f3w<\/p>\n","protected":false},"featured_media":75298,"template":"","meta":{"site-sidebar-layout":"default","site-content-layout":"default","ast-site-content-layout":"default","site-content-style":"default","site-sidebar-style":"default","ast-global-header-display":"","ast-banner-title-visibility":"","ast-main-header-display":"","ast-hfb-above-header-display":"","ast-hfb-below-header-display":"","ast-hfb-mobile-header-display":"","site-post-title":"","ast-breadcrumbs-content":"","ast-featured-img":"","footer-sml-layout":"","ast-disable-related-posts":"","theme-transparent-header-meta":"default","adv-header-id-meta":"","stick-header-meta":"default","header-above-stick-meta":"","header-main-stick-meta":"","header-below-stick-meta":"","astra-migrate-meta-layouts":"default","ast-page-background-enabled":"default","ast-page-background-meta":{"desktop":{"background-color":"var(--ast-global-color-5)","background-image":"","background-repeat":"repeat","background-position":"center center","background-size":"auto","background-attachment":"scroll","background-type":"","background-media":"","overlay-type":"","overlay-color":"","overlay-opacity":"","overlay-gradient":""},"tablet":{"background-color":"","background-image":"","background-repeat":"repeat","background-position":"center center","background-size":"auto","background-attachment":"scroll","background-type":"","background-media":"","overlay-type":"","overlay-color":"","overlay-opacity":"","overlay-gradient":""},"mobile":{"background-color":"","background-image":"","background-repeat":"repeat","background-position":"center center","background-size":"auto","background-attachment":"scroll","background-type":"","background-media":"","overlay-type":"","overlay-color":"","overlay-opacity":"","overlay-gradient":""}},"ast-content-background-meta":{"desktop":{"background-color":"var(--ast-global-color-4)","background-image":"","background-repeat":"repeat","background-position":"center center","background-size":"auto","background-attachment":"scroll","background-type":"","background-media":"","overlay-type":"","overlay-color":"","overlay-opacity":"","overlay-gradient":""},"tablet":{"background-color":"var(--ast-global-color-4)","background-image":"","background-repeat":"repeat","background-position":"center center","background-size":"auto","background-attachment":"scroll","background-type":"","background-media":"","overlay-type":"","overlay-color":"","overlay-opacity":"","overlay-gradient":""},"mobile":{"background-color":"var(--ast-global-color-4)","background-image":"","background-repeat":"repeat","background-position":"center center","background-size":"auto","background-attachment":"scroll","background-type":"","background-media":"","overlay-type":"","overlay-color":"","overlay-opacity":"","overlay-gradient":""}}},"product_brand":[],"product_cat":[3626],"product_tag":[3640,3797,3954,3967,3708,3726,3725,3672,3798,3792,3966,3673,3671],"class_list":{"0":"post-75297","1":"product","2":"type-product","3":"status-publish","4":"has-post-thumbnail","6":"product_cat-katalog-narzedzi-diamentowych-online","7":"product_tag-diamentowe-prety-scierne","8":"product_tag-materialy-specjalne","9":"product_tag-narzedzia-diamentowe","10":"product_tag-pasty-diamentowe","11":"product_tag-polerowanie","12":"product_tag-polerowanie-form","13":"product_tag-polerowanie-rdzenia-formy","14":"product_tag-polerowanie-soczewek-optycznych","15":"product_tag-polerowanie-szkla","16":"product_tag-pret-scierny-do-otworow-glebokich","17":"product_tag-proszki-diamentowe","18":"product_tag-rdzen-lustra-optycznego","19":"product_tag-soczewka-optyczna","20":"desktop-align-left","21":"tablet-align-left","22":"mobile-align-left","23":"ast-product-gallery-layout-horizontal-slider","24":"ast-product-tabs-layout-horizontal","26":"first","27":"instock","28":"taxable","29":"shipping-taxable","30":"product-type-simple"},"_links":{"self":[{"href":"https:\/\/honwaygroup.com\/pl\/wp-json\/wp\/v2\/product\/75297","targetHints":{"allow":["GET"]}}],"collection":[{"href":"https:\/\/honwaygroup.com\/pl\/wp-json\/wp\/v2\/product"}],"about":[{"href":"https:\/\/honwaygroup.com\/pl\/wp-json\/wp\/v2\/types\/product"}],"version-history":[{"count":0,"href":"https:\/\/honwaygroup.com\/pl\/wp-json\/wp\/v2\/product\/75297\/revisions"}],"wp:featuredmedia":[{"embeddable":true,"href":"https:\/\/honwaygroup.com\/pl\/wp-json\/wp\/v2\/media\/75298"}],"wp:attachment":[{"href":"https:\/\/honwaygroup.com\/pl\/wp-json\/wp\/v2\/media?parent=75297"}],"wp:term":[{"taxonomy":"product_brand","embeddable":true,"href":"https:\/\/honwaygroup.com\/pl\/wp-json\/wp\/v2\/product_brand?post=75297"},{"taxonomy":"product_cat","embeddable":true,"href":"https:\/\/honwaygroup.com\/pl\/wp-json\/wp\/v2\/product_cat?post=75297"},{"taxonomy":"product_tag","embeddable":true,"href":"https:\/\/honwaygroup.com\/pl\/wp-json\/wp\/v2\/product_tag?post=75297"}],"curies":[{"name":"wp","href":"https:\/\/api.w.org\/{rel}","templated":true}]}}