{"id":74222,"date":"2015-12-15T10:47:58","date_gmt":"2015-12-15T02:47:58","guid":{"rendered":"https:\/\/honwaygroup.com\/product\/monokrystaliczna-pasta-diamentowa-uniwersalna\/"},"modified":"2015-12-15T10:47:58","modified_gmt":"2015-12-15T02:47:58","slug":"monokrystaliczna-pasta-diamentowa-uniwersalna","status":"publish","type":"product","link":"https:\/\/honwaygroup.com\/pl\/produkt\/monokrystaliczna-pasta-diamentowa-uniwersalna\/","title":{"rendered":"Monokrystaliczna pasta diamentowa (uniwersalna)"},"content":{"rendered":"<h3><strong>Monokrystaliczna pasta diamentowa (uniwersalna)<\/strong><\/h3>\n<p>Diamentowa pasta jest powszechnie stosowanym \u015brodkiem polerskim i przy odpowiednim zastosowaniu mo\u017cna dzi\u0119ki niej uzyska\u0107 niesamowite rezultaty.<\/p>\n<p>Do polerowania nadaj\u0105 si\u0119 narz\u0119dzia wykonane z r\u00f3\u017cnych rodzaj\u00f3w <a href=\"https:\/\/zh.m.wikipedia.org\/zh-tw\/%E7%BA%A4%E7%BB%B4\" rel=\"nofollow noopener\" target=\"_blank\">w\u0142\u00f3kien<\/a>, a tak\u017ce materia\u0142y o r\u00f3\u017cnej twardo\u015bci, takie jak nylon, papier, aksamit, bawe\u0142na itp.<\/p>\n<h4><strong>Podczas polerowania pami\u0119taj o tym, \u017ce\uff1a<\/strong><\/h4>\n<ol>\n<li>Polerowanie powinno odbywa\u0107 si\u0119 w czystym i wentylowanym pomieszczeniu, poniewa\u017c twarde cz\u0105steczki kurzu, kt\u00f3re \u0142atwo przywieraj\u0105 do pasty diamentowej, mog\u0105 uszkodzi\u0107 polerowan\u0105 powierzchni\u0119.<\/li>\n<li>Ka\u017cde narz\u0119dzie polerskie powinno by\u0107 u\u017cywane tylko z jednym rodzajem pasty diamentowej i nale\u017cy je chroni\u0107 przed kurzem.<\/li>\n<li>Przy ka\u017cdej zmianie pasty diamentowej nale\u017cy umy\u0107 r\u0119ce i obrabiany przedmiot.<\/li>\n<li>Dostosuj ci\u015bnienie polerowania do twardo\u015bci narz\u0119dzia polerskiego i wielko\u015bci ziarna pasty diamentowej. W przypadku najdrobniejszej pasty diamentowej, nacisk powinien by\u0107 tylko taki, jak ci\u0119\u017car narz\u0119dzia polerskiego.<\/li>\n<li>Polerowanie nale\u017cy rozpocz\u0105\u0107 od naro\u017cnik\u00f3w, kraw\u0119dzi, p\u0142aszczyzn lub innych cz\u0119\u015bci formy.<\/li>\n<\/ol>\n<p>Masz pytanie? <a href=\"https:\/\/honwaygroup.com\/pl\/skontaktuj-sie-z-nami\/\">Skontaktuj si\u0119 z nami!<\/a><\/p>\n","protected":false},"excerpt":{"rendered":"<ul>\n<li>Nadaje si\u0119 do wszelkich metali.<\/li>\n<li>Usuwanie rdzy, ochrona przed rdz\u0105 i polerowanie, wszystko za jednym razem.<\/li>\n<li>Naturalna, nietoksyczna, niedra\u017cni\u0105ca, bezwonna.<\/li>\n<\/ul>\n","protected":false},"featured_media":73844,"template":"","meta":{"site-sidebar-layout":"default","site-content-layout":"default","ast-site-content-layout":"default","site-content-style":"default","site-sidebar-style":"default","ast-global-header-display":"","ast-banner-title-visibility":"","ast-main-header-display":"","ast-hfb-above-header-display":"","ast-hfb-below-header-display":"","ast-hfb-mobile-header-display":"","site-post-title":"","ast-breadcrumbs-content":"","ast-featured-img":"","footer-sml-layout":"","ast-disable-related-posts":"","theme-transparent-header-meta":"default","adv-header-id-meta":"","stick-header-meta":"default","header-above-stick-meta":"","header-main-stick-meta":"","header-below-stick-meta":"","astra-migrate-meta-layouts":"default","ast-page-background-enabled":"default","ast-page-background-meta":{"desktop":{"background-color":"var(--ast-global-color-5)","background-image":"","background-repeat":"repeat","background-position":"center center","background-size":"auto","background-attachment":"scroll","background-type":"","background-media":"","overlay-type":"","overlay-color":"","overlay-opacity":"","overlay-gradient":""},"tablet":{"background-color":"","background-image":"","background-repeat":"repeat","background-position":"center center","background-size":"auto","background-attachment":"scroll","background-type":"","background-media":"","overlay-type":"","overlay-color":"","overlay-opacity":"","overlay-gradient":""},"mobile":{"background-color":"","background-image":"","background-repeat":"repeat","background-position":"center center","background-size":"auto","background-attachment":"scroll","background-type":"","background-media":"","overlay-type":"","overlay-color":"","overlay-opacity":"","overlay-gradient":""}},"ast-content-background-meta":{"desktop":{"background-color":"var(--ast-global-color-4)","background-image":"","background-repeat":"repeat","background-position":"center center","background-size":"auto","background-attachment":"scroll","background-type":"","background-media":"","overlay-type":"","overlay-color":"","overlay-opacity":"","overlay-gradient":""},"tablet":{"background-color":"var(--ast-global-color-4)","background-image":"","background-repeat":"repeat","background-position":"center center","background-size":"auto","background-attachment":"scroll","background-type":"","background-media":"","overlay-type":"","overlay-color":"","overlay-opacity":"","overlay-gradient":""},"mobile":{"background-color":"var(--ast-global-color-4)","background-image":"","background-repeat":"repeat","background-position":"center center","background-size":"auto","background-attachment":"scroll","background-type":"","background-media":"","overlay-type":"","overlay-color":"","overlay-opacity":"","overlay-gradient":""}}},"product_brand":[],"product_cat":[3490,3486,3560,3607,3508,3606,3504,3599,3557,3488],"product_tag":[3682,3967],"class_list":{"0":"post-74222","1":"product","2":"type-product","3":"status-publish","4":"has-post-thumbnail","6":"product_cat-ceramika","7":"product_cat-materialy-do-obrobki","8":"product_cat-materialy-polerskie","9":"product_cat-monokrystaliczne-pl","10":"product_cat-pasty","11":"product_cat-pasta-szlifierska","12":"product_cat-postac-surowca","13":"product_cat-proszki-pasty-zawiesiny-szlifierskie","14":"product_cat-typ-zastosowania","15":"product_cat-weglik-wolframu","16":"product_tag-monokrystaliczna-pasta-diamentowa","17":"product_tag-pasty-diamentowe","18":"desktop-align-left","19":"tablet-align-left","20":"mobile-align-left","21":"ast-product-gallery-layout-horizontal-slider","22":"ast-product-single-variable","23":"ast-product-tabs-layout-horizontal","25":"first","26":"instock","27":"taxable","28":"shipping-taxable","29":"purchasable","30":"product-type-variable"},"_links":{"self":[{"href":"https:\/\/honwaygroup.com\/pl\/wp-json\/wp\/v2\/product\/74222","targetHints":{"allow":["GET"]}}],"collection":[{"href":"https:\/\/honwaygroup.com\/pl\/wp-json\/wp\/v2\/product"}],"about":[{"href":"https:\/\/honwaygroup.com\/pl\/wp-json\/wp\/v2\/types\/product"}],"version-history":[{"count":0,"href":"https:\/\/honwaygroup.com\/pl\/wp-json\/wp\/v2\/product\/74222\/revisions"}],"wp:featuredmedia":[{"embeddable":true,"href":"https:\/\/honwaygroup.com\/pl\/wp-json\/wp\/v2\/media\/73844"}],"wp:attachment":[{"href":"https:\/\/honwaygroup.com\/pl\/wp-json\/wp\/v2\/media?parent=74222"}],"wp:term":[{"taxonomy":"product_brand","embeddable":true,"href":"https:\/\/honwaygroup.com\/pl\/wp-json\/wp\/v2\/product_brand?post=74222"},{"taxonomy":"product_cat","embeddable":true,"href":"https:\/\/honwaygroup.com\/pl\/wp-json\/wp\/v2\/product_cat?post=74222"},{"taxonomy":"product_tag","embeddable":true,"href":"https:\/\/honwaygroup.com\/pl\/wp-json\/wp\/v2\/product_tag?post=74222"}],"curies":[{"name":"wp","href":"https:\/\/api.w.org\/{rel}","templated":true}]}}