{"id":74138,"date":"2020-04-28T19:08:03","date_gmt":"2020-04-28T11:08:03","guid":{"rendered":"https:\/\/honwaygroup.com\/product\/pasta-do-polerowania-metalograficznego\/"},"modified":"2025-11-05T11:05:28","modified_gmt":"2025-11-05T03:05:28","slug":"pasta-do-polerowania-metalograficznego","status":"publish","type":"product","link":"https:\/\/honwaygroup.com\/pl\/produkt\/pasta-do-polerowania-metalograficznego\/","title":{"rendered":"Pasta do polerowania metalograficznego"},"content":{"rendered":"<h3><strong>Pasta do polerowania metalograficznego<\/strong><\/h3>\n<p>Pasta do polerowania metalograficznego mo\u017ce by\u0107 stosowana do bi\u017cuterii i kamieni szlachetnych, stali i twardych metali, aluminium, cynku, metalurgii i innych materia\u0142\u00f3w.<\/p>\n<p><strong>*Nie zaleca si\u0119 stosowania na powierzchniach powlekanych lub lakierowanych<\/strong><\/p>\n<p><strong> Standardowa specyfikacja to rozpuszczalno\u015b\u0107 w oleju. Je\u015bli potrzebna jest pasta diamentowa rozpuszczalna w wodzie, prosimy o zaznaczenie tego przy zam\u00f3wieniu.<\/strong><\/p>\n<p><a href=\"https:\/\/honwaygroup.com\/wp-content\/uploads\/2020\/04\/%E9%91%BD%E7%9F%B3%E8%86%8F.jpg\"><img fetchpriority=\"high\" decoding=\"async\" class=\"alignnone wp-image-7081 size-large\" src=\"https:\/\/honwaygroup.com\/wp-content\/uploads\/2020\/04\/%E9%91%BD%E7%9F%B3%E8%86%8F-760x1024.jpg\" alt=\"Pasta do polerowania metalograficznego\" width=\"760\" height=\"1024\" \/><\/a><\/p>\n<p>Masz pytanie? <a href=\"https:\/\/honwaygroup.com\/pl\/skontaktuj-sie-z-nami\/\">Skontaktuj si\u0119 z nami!<\/a><\/p>\n","protected":false},"excerpt":{"rendered":"<p>Pasta do polerowania metalograficznego Pasta do polerowania metalograficznego mo\u017ce by\u0107 stosowana do bi\u017cuterii i kamieni szlachetnych, stali i twardych metali, [&hellip;]<\/p>\n","protected":false},"featured_media":74139,"template":"","meta":{"site-sidebar-layout":"default","site-content-layout":"default","ast-site-content-layout":"default","site-content-style":"default","site-sidebar-style":"default","ast-global-header-display":"","ast-banner-title-visibility":"","ast-main-header-display":"","ast-hfb-above-header-display":"","ast-hfb-below-header-display":"","ast-hfb-mobile-header-display":"","site-post-title":"","ast-breadcrumbs-content":"","ast-featured-img":"","footer-sml-layout":"","ast-disable-related-posts":"","theme-transparent-header-meta":"default","adv-header-id-meta":"","stick-header-meta":"default","header-above-stick-meta":"","header-main-stick-meta":"","header-below-stick-meta":"","astra-migrate-meta-layouts":"set","ast-page-background-enabled":"default","ast-page-background-meta":{"desktop":{"background-color":"var(--ast-global-color-5)","background-image":"","background-repeat":"repeat","background-position":"center center","background-size":"auto","background-attachment":"scroll","background-type":"","background-media":"","overlay-type":"","overlay-color":"","overlay-opacity":"","overlay-gradient":""},"tablet":{"background-color":"","background-image":"","background-repeat":"repeat","background-position":"center center","background-size":"auto","background-attachment":"scroll","background-type":"","background-media":"","overlay-type":"","overlay-color":"","overlay-opacity":"","overlay-gradient":""},"mobile":{"background-color":"","background-image":"","background-repeat":"repeat","background-position":"center center","background-size":"auto","background-attachment":"scroll","background-type":"","background-media":"","overlay-type":"","overlay-color":"","overlay-opacity":"","overlay-gradient":""}},"ast-content-background-meta":{"desktop":{"background-color":"var(--ast-global-color-4)","background-image":"","background-repeat":"repeat","background-position":"center center","background-size":"auto","background-attachment":"scroll","background-type":"","background-media":"","overlay-type":"","overlay-color":"","overlay-opacity":"","overlay-gradient":""},"tablet":{"background-color":"var(--ast-global-color-4)","background-image":"","background-repeat":"repeat","background-position":"center center","background-size":"auto","background-attachment":"scroll","background-type":"","background-media":"","overlay-type":"","overlay-color":"","overlay-opacity":"","overlay-gradient":""},"mobile":{"background-color":"var(--ast-global-color-4)","background-image":"","background-repeat":"repeat","background-position":"center center","background-size":"auto","background-attachment":"scroll","background-type":"","background-media":"","overlay-type":"","overlay-color":"","overlay-opacity":"","overlay-gradient":""}}},"product_brand":[],"product_cat":[3606,3560,3609,3508,3504,3599],"product_tag":[3808,3913,3911],"class_list":{"0":"post-74138","1":"product","2":"type-product","3":"status-publish","4":"has-post-thumbnail","6":"product_cat-pasta-szlifierska","7":"product_cat-materialy-polerskie","8":"product_cat-materialy-supertwarde","9":"product_cat-pasty","10":"product_cat-postac-surowca","11":"product_cat-proszki-pasty-zawiesiny-szlifierskie","12":"product_tag-pasta-szlifierska","13":"product_tag-pasty-do-szlifowania-metalograficznego","14":"product_tag-szlifowanie-metalograficzne","15":"desktop-align-left","16":"tablet-align-left","17":"mobile-align-left","18":"ast-product-gallery-layout-horizontal-slider","19":"ast-product-tabs-layout-horizontal","21":"first","22":"instock","23":"taxable","24":"shipping-taxable","25":"purchasable","26":"product-type-simple"},"_links":{"self":[{"href":"https:\/\/honwaygroup.com\/pl\/wp-json\/wp\/v2\/product\/74138","targetHints":{"allow":["GET"]}}],"collection":[{"href":"https:\/\/honwaygroup.com\/pl\/wp-json\/wp\/v2\/product"}],"about":[{"href":"https:\/\/honwaygroup.com\/pl\/wp-json\/wp\/v2\/types\/product"}],"version-history":[{"count":0,"href":"https:\/\/honwaygroup.com\/pl\/wp-json\/wp\/v2\/product\/74138\/revisions"}],"wp:featuredmedia":[{"embeddable":true,"href":"https:\/\/honwaygroup.com\/pl\/wp-json\/wp\/v2\/media\/74139"}],"wp:attachment":[{"href":"https:\/\/honwaygroup.com\/pl\/wp-json\/wp\/v2\/media?parent=74138"}],"wp:term":[{"taxonomy":"product_brand","embeddable":true,"href":"https:\/\/honwaygroup.com\/pl\/wp-json\/wp\/v2\/product_brand?post=74138"},{"taxonomy":"product_cat","embeddable":true,"href":"https:\/\/honwaygroup.com\/pl\/wp-json\/wp\/v2\/product_cat?post=74138"},{"taxonomy":"product_tag","embeddable":true,"href":"https:\/\/honwaygroup.com\/pl\/wp-json\/wp\/v2\/product_tag?post=74138"}],"curies":[{"name":"wp","href":"https:\/\/api.w.org\/{rel}","templated":true}]}}