{"id":74113,"date":"2021-01-17T16:46:29","date_gmt":"2021-01-17T08:46:29","guid":{"rendered":"https:\/\/honwaygroup.com\/product\/pf-20-zestaw-diamentowych-pilnikow-precyzyjnych-srednica-o4-0mm\/"},"modified":"2025-10-29T17:42:13","modified_gmt":"2025-10-29T09:42:13","slug":"pf-20-zestaw-diamentowych-pilnikow-precyzyjnych-srednica-o4-0mm","status":"publish","type":"product","link":"https:\/\/honwaygroup.com\/pl\/produkt\/pf-20-zestaw-diamentowych-pilnikow-precyzyjnych-srednica-o4-0mm\/","title":{"rendered":"PF-20 Zestaw diamentowych pilnik\u00f3w precyzyjnych (\u015brednica : \u00d84.0mm)"},"content":{"rendered":"<h3><strong>PF-20 Zestaw diamentowych pilnik\u00f3w precyzyjnych (\u015brednica : \u00d84.0mm)<\/strong><\/h3>\n<p>&nbsp;<\/p>\n<table class=\"specTable2\" style=\"height: 607px\" width=\"832\">\n<tbody>\n<tr>\n<th colspan=\"2\" rowspan=\"2\">Kszta\u0142t i wymiary (mm)<\/th>\n<th colspan=\"3\">Numer seryjny<\/th>\n<\/tr>\n<tr>\n<th>#120<\/th>\n<th>#200<\/th>\n<th>#400<\/th>\n<\/tr>\n<tr>\n<td><a href=\"https:\/\/honwaygroup.com\/wp-content\/uploads\/2021\/01\/PF-20-%E7%B2%BE%E5%AF%86%E7%B5%84%E9%91%BD%E7%9F%B3%E9%8A%BC%E5%88%80-%E6%9F%84%E5%BE%91-O4.0mm_%E5%B7%A5%E4%BD%9C%E5%8D%80%E5%9F%9F-1-%E8%A4%87%E6%9C%AC-5.webp\"><img decoding=\"async\" class=\"alignnone wp-image-26068\" src=\"https:\/\/honwaygroup.com\/wp-content\/uploads\/2021\/01\/PF-20-%E7%B2%BE%E5%AF%86%E7%B5%84%E9%91%BD%E7%9F%B3%E9%8A%BC%E5%88%80-%E6%9F%84%E5%BE%91-O4.0mm_%E5%B7%A5%E4%BD%9C%E5%8D%80%E5%9F%9F-1-%E8%A4%87%E6%9C%AC-5.webp\" alt=\"\" width=\"90\" height=\"77\"><\/a>8.5 x 1.6<\/td>\n<td style=\"padding-left: 40px\"><a href=\"https:\/\/honwaygroup.com\/wp-content\/uploads\/2021\/01\/PF-20-%E7%B2%BE%E5%AF%86%E7%B5%84%E9%91%BD%E7%9F%B3%E9%8A%BC%E5%88%80-%E6%9F%84%E5%BE%91-O4.0mm_%E5%B7%A5%E4%BD%9C%E5%8D%80%E5%9F%9F-1-%E8%A4%87%E6%9C%AC-11.jpg\"><img decoding=\"async\" class=\"size-medium wp-image-26093 alignnone\" src=\"https:\/\/honwaygroup.com\/wp-content\/uploads\/2021\/01\/PF-20-%E7%B2%BE%E5%AF%86%E7%B5%84%E9%91%BD%E7%9F%B3%E9%8A%BC%E5%88%80-%E6%9F%84%E5%BE%91-O4.0mm_%E5%B7%A5%E4%BD%9C%E5%8D%80%E5%9F%9F-1-%E8%A4%87%E6%9C%AC-11-300x60.jpg\" alt=\"\" width=\"300\" height=\"60\"><\/a><\/td>\n<td>PF-201<\/td>\n<td>PF-201F<\/td>\n<td>PF-201V<\/td>\n<\/tr>\n<tr>\n<td><a href=\"https:\/\/honwaygroup.com\/wp-content\/uploads\/2021\/01\/PF-20-%E7%B2%BE%E5%AF%86%E7%B5%84%E9%91%BD%E7%9F%B3%E9%8A%BC%E5%88%80-%E6%9F%84%E5%BE%91-O4.0mm_%E5%B7%A5%E4%BD%9C%E5%8D%80%E5%9F%9F-1-%E8%A4%87%E6%9C%AC-6.webp\"><img decoding=\"async\" class=\"alignnone wp-image-26072\" src=\"https:\/\/honwaygroup.com\/wp-content\/uploads\/2021\/01\/PF-20-%E7%B2%BE%E5%AF%86%E7%B5%84%E9%91%BD%E7%9F%B3%E9%8A%BC%E5%88%80-%E6%9F%84%E5%BE%91-O4.0mm_%E5%B7%A5%E4%BD%9C%E5%8D%80%E5%9F%9F-1-%E8%A4%87%E6%9C%AC-6.webp\" alt=\"\" width=\"90\" height=\"77\"><\/a>7 x 2.5<\/td>\n<td style=\"padding-left: 40px\"><a href=\"https:\/\/honwaygroup.com\/wp-content\/uploads\/2021\/01\/PF-20-%E7%B2%BE%E5%AF%86%E7%B5%84%E9%91%BD%E7%9F%B3%E9%8A%BC%E5%88%80-%E6%9F%84%E5%BE%91-O4.0mm_%E5%B7%A5%E4%BD%9C%E5%8D%80%E5%9F%9F-1-%E8%A4%87%E6%9C%AC-12.jpg\"><img loading=\"lazy\" decoding=\"async\" class=\"alignnone size-medium wp-image-26097\" src=\"https:\/\/honwaygroup.com\/wp-content\/uploads\/2021\/01\/PF-20-%E7%B2%BE%E5%AF%86%E7%B5%84%E9%91%BD%E7%9F%B3%E9%8A%BC%E5%88%80-%E6%9F%84%E5%BE%91-O4.0mm_%E5%B7%A5%E4%BD%9C%E5%8D%80%E5%9F%9F-1-%E8%A4%87%E6%9C%AC-12-300x60.jpg\" alt=\"\" width=\"300\" height=\"60\"><\/a><\/td>\n<td>PF -202<\/td>\n<td>PF -202F<\/td>\n<td>PF -202V<\/td>\n<\/tr>\n<tr>\n<td><a href=\"https:\/\/honwaygroup.com\/wp-content\/uploads\/2021\/01\/PF-20-%E7%B2%BE%E5%AF%86%E7%B5%84%E9%91%BD%E7%9F%B3%E9%8A%BC%E5%88%80-%E6%9F%84%E5%BE%91-O4.0mm_%E5%B7%A5%E4%BD%9C%E5%8D%80%E5%9F%9F-1-%E8%A4%87%E6%9C%AC-8.webp\"><img loading=\"lazy\" decoding=\"async\" class=\"alignnone wp-image-26076\" src=\"https:\/\/honwaygroup.com\/wp-content\/uploads\/2021\/01\/PF-20-%E7%B2%BE%E5%AF%86%E7%B5%84%E9%91%BD%E7%9F%B3%E9%8A%BC%E5%88%80-%E6%9F%84%E5%BE%91-O4.0mm_%E5%B7%A5%E4%BD%9C%E5%8D%80%E5%9F%9F-1-%E8%A4%87%E6%9C%AC-8.webp\" alt=\"\" width=\"90\" height=\"77\"><\/a>\u00d84<\/td>\n<td style=\"padding-left: 40px\"><a href=\"https:\/\/honwaygroup.com\/wp-content\/uploads\/2021\/01\/PF-20-%E7%B2%BE%E5%AF%86%E7%B5%84%E9%91%BD%E7%9F%B3%E9%8A%BC%E5%88%80-%E6%9F%84%E5%BE%91-O4.0mm_%E5%B7%A5%E4%BD%9C%E5%8D%80%E5%9F%9F-1-%E8%A4%87%E6%9C%AC-13.webp\"><img loading=\"lazy\" decoding=\"async\" class=\"alignnone size-medium wp-image-26101\" src=\"https:\/\/honwaygroup.com\/wp-content\/uploads\/2021\/01\/PF-20-%E7%B2%BE%E5%AF%86%E7%B5%84%E9%91%BD%E7%9F%B3%E9%8A%BC%E5%88%80-%E6%9F%84%E5%BE%91-O4.0mm_%E5%B7%A5%E4%BD%9C%E5%8D%80%E5%9F%9F-1-%E8%A4%87%E6%9C%AC-13-300x60.webp\" alt=\"\" width=\"300\" height=\"60\"><\/a><\/td>\n<td>PF -203<\/td>\n<td>PF -203F<\/td>\n<td>PF -203V<\/td>\n<\/tr>\n<tr>\n<td><a href=\"https:\/\/honwaygroup.com\/wp-content\/uploads\/2021\/01\/PF-20-%E7%B2%BE%E5%AF%86%E7%B5%84%E9%91%BD%E7%9F%B3%E9%8A%BC%E5%88%80-%E6%9F%84%E5%BE%91-O4.0mm_%E5%B7%A5%E4%BD%9C%E5%8D%80%E5%9F%9F-1-%E8%A4%87%E6%9C%AC-9.jpg\"><img loading=\"lazy\" decoding=\"async\" class=\"alignnone wp-image-26080\" src=\"https:\/\/honwaygroup.com\/wp-content\/uploads\/2021\/01\/PF-20-%E7%B2%BE%E5%AF%86%E7%B5%84%E9%91%BD%E7%9F%B3%E9%8A%BC%E5%88%80-%E6%9F%84%E5%BE%91-O4.0mm_%E5%B7%A5%E4%BD%9C%E5%8D%80%E5%9F%9F-1-%E8%A4%87%E6%9C%AC-9.jpg\" alt=\"\" width=\"90\" height=\"77\"><\/a>3.5<\/td>\n<td style=\"padding-left: 40px\"><a href=\"https:\/\/honwaygroup.com\/wp-content\/uploads\/2021\/01\/PF-20-%E7%B2%BE%E5%AF%86%E7%B5%84%E9%91%BD%E7%9F%B3%E9%8A%BC%E5%88%80-%E6%9F%84%E5%BE%91-O4.0mm_%E5%B7%A5%E4%BD%9C%E5%8D%80%E5%9F%9F-1-%E8%A4%87%E6%9C%AC-14.webp\"><img loading=\"lazy\" decoding=\"async\" class=\"alignnone wp-image-26105 size-medium\" src=\"https:\/\/honwaygroup.com\/wp-content\/uploads\/2021\/01\/PF-20-%E7%B2%BE%E5%AF%86%E7%B5%84%E9%91%BD%E7%9F%B3%E9%8A%BC%E5%88%80-%E6%9F%84%E5%BE%91-O4.0mm_%E5%B7%A5%E4%BD%9C%E5%8D%80%E5%9F%9F-1-%E8%A4%87%E6%9C%AC-14-300x60.webp\" alt=\"\" width=\"300\" height=\"60\"><\/a><\/td>\n<td>PF -204<\/td>\n<td>PF -204F<\/td>\n<td>PF -204V<\/td>\n<\/tr>\n<tr>\n<td><a href=\"https:\/\/honwaygroup.com\/wp-content\/uploads\/2021\/01\/PF-20-%E7%B2%BE%E5%AF%86%E7%B5%84%E9%91%BD%E7%9F%B3%E9%8A%BC%E5%88%80-%E6%9F%84%E5%BE%91-O4.0mm_%E5%B7%A5%E4%BD%9C%E5%8D%80%E5%9F%9F-1-%E8%A4%87%E6%9C%AC-10.jpg\"><img loading=\"lazy\" decoding=\"async\" class=\"alignnone wp-image-26084\" src=\"https:\/\/honwaygroup.com\/wp-content\/uploads\/2021\/01\/PF-20-%E7%B2%BE%E5%AF%86%E7%B5%84%E9%91%BD%E7%9F%B3%E9%8A%BC%E5%88%80-%E6%9F%84%E5%BE%91-O4.0mm_%E5%B7%A5%E4%BD%9C%E5%8D%80%E5%9F%9F-1-%E8%A4%87%E6%9C%AC-10.jpg\" alt=\"\" width=\"90\" height=\"77\"><\/a>4.5<\/td>\n<td style=\"padding-left: 40px\"><a href=\"https:\/\/honwaygroup.com\/wp-content\/uploads\/2021\/01\/PF-20-%E7%B2%BE%E5%AF%86%E7%B5%84%E9%91%BD%E7%9F%B3%E9%8A%BC%E5%88%80-%E6%9F%84%E5%BE%91-O4.0mm_%E5%B7%A5%E4%BD%9C%E5%8D%80%E5%9F%9F-1-%E8%A4%87%E6%9C%AC-15.webp\"><img loading=\"lazy\" decoding=\"async\" class=\"alignnone wp-image-26109 size-medium\" src=\"https:\/\/honwaygroup.com\/wp-content\/uploads\/2021\/01\/PF-20-%E7%B2%BE%E5%AF%86%E7%B5%84%E9%91%BD%E7%9F%B3%E9%8A%BC%E5%88%80-%E6%9F%84%E5%BE%91-O4.0mm_%E5%B7%A5%E4%BD%9C%E5%8D%80%E5%9F%9F-1-%E8%A4%87%E6%9C%AC-15-300x60.webp\" alt=\"\" width=\"300\" height=\"60\"><\/a><\/td>\n<td>PF -205<\/td>\n<td>PF -205F<\/td>\n<td>PF -205V<\/td>\n<\/tr>\n<tr>\n<td colspan=\"2\"><strong>Zestaw 5 sztuk<\/strong><\/td>\n<td>PF -200<\/td>\n<td>PF-200F<\/td>\n<td>PF -200V<\/td>\n<\/tr>\n<\/tbody>\n<\/table>\n<p>Masz pytanie? <a href=\"https:\/\/honwaygroup.com\/pl\/skontaktuj-sie-z-nami\/\">Skontaktuj si\u0119 z nami!<\/a><\/p>\n","protected":false},"excerpt":{"rendered":"<div id=\"desWrap\">\n<ul>\n<li>D\u0142ugo\u015b\u0107 ca\u0142kowita : 200mm<\/li>\n<li>\u015arednica : \u00d84.0mm<\/li>\n<li>D\u0142ugo\u015b\u0107 diamentu : 70mm<\/li>\n<\/ul>\n<h5><strong><span style=\"color: #ff0000;font-size: 19.2px\">\u25b2<\/span> <\/strong><strong><span style=\"color: #ff0000;font-size: 19.2px\">W przypadku zapotrzebowania na niestandardowe rozmiary prosimy o kontakt z obs\u0142ug\u0105 klienta. W celu uzyskania informacji o czas realizacji takiego zam\u00f3wienia r\u00f3wnie\u017c prosimy o kontakt z obs\u0142ug\u0105 klienta.<\/span><\/strong><\/h5>\n<h5><strong><span style=\"color: #ff0000;font-size: 19.2px\">\u25b2 <\/span><\/strong><strong><span style=\"color: #ff0000;font-size: 19.2px\">Przy wi\u0119kszych zam\u00f3wieniach istnieje mo\u017cliwo\u015b\u0107 uzyskania rabatu, prosimy o kontakt z obs\u0142ug\u0105 klienta.<\/span><\/strong><\/h5>\n<h5><strong><span style=\"color: #ff0000;font-size: 19.2px\">\u25b2<\/span><span style=\"color: #ff0000;font-size: 19.2px\">Czas dostawy zam\u00f3wie\u0144<\/span> <span style=\"color: #ff0000\">na Tajwan wynosi<\/span> <span style=\"color: #ff0000;font-size: 19.2px\">oko\u0142o 7\u201314 dni roboczych<\/span><\/strong><\/h5>\n<h5><strong><span style=\"color: #ff0000;font-size: 19.2px\">\u25b2<\/span><span style=\"color: #ff0000\">Czas realizacji wysy\u0142ki mi\u0119dzynarodowej wynosi 7-14 dni, natomiast rzeczywisty czas dostawy zale\u017cy od danej firmy kurierskiej.<\/span><\/strong><\/h5>\n<\/div>\n","protected":false},"featured_media":74114,"template":"","meta":{"site-sidebar-layout":"default","site-content-layout":"default","ast-site-content-layout":"default","site-content-style":"default","site-sidebar-style":"default","ast-global-header-display":"","ast-banner-title-visibility":"","ast-main-header-display":"","ast-hfb-above-header-display":"","ast-hfb-below-header-display":"","ast-hfb-mobile-header-display":"","site-post-title":"","ast-breadcrumbs-content":"","ast-featured-img":"","footer-sml-layout":"","ast-disable-related-posts":"","theme-transparent-header-meta":"default","adv-header-id-meta":"","stick-header-meta":"default","header-above-stick-meta":"","header-main-stick-meta":"","header-below-stick-meta":"","astra-migrate-meta-layouts":"default","ast-page-background-enabled":"default","ast-page-background-meta":{"desktop":{"background-color":"var(--ast-global-color-5)","background-image":"","background-repeat":"repeat","background-position":"center center","background-size":"auto","background-attachment":"scroll","background-type":"","background-media":"","overlay-type":"","overlay-color":"","overlay-opacity":"","overlay-gradient":""},"tablet":{"background-color":"","background-image":"","background-repeat":"repeat","background-position":"center center","background-size":"auto","background-attachment":"scroll","background-type":"","background-media":"","overlay-type":"","overlay-color":"","overlay-opacity":"","overlay-gradient":""},"mobile":{"background-color":"","background-image":"","background-repeat":"repeat","background-position":"center center","background-size":"auto","background-attachment":"scroll","background-type":"","background-media":"","overlay-type":"","overlay-color":"","overlay-opacity":"","overlay-gradient":""}},"ast-content-background-meta":{"desktop":{"background-color":"var(--ast-global-color-4)","background-image":"","background-repeat":"repeat","background-position":"center center","background-size":"auto","background-attachment":"scroll","background-type":"","background-media":"","overlay-type":"","overlay-color":"","overlay-opacity":"","overlay-gradient":""},"tablet":{"background-color":"var(--ast-global-color-4)","background-image":"","background-repeat":"repeat","background-position":"center center","background-size":"auto","background-attachment":"scroll","background-type":"","background-media":"","overlay-type":"","overlay-color":"","overlay-opacity":"","overlay-gradient":""},"mobile":{"background-color":"var(--ast-global-color-4)","background-image":"","background-repeat":"repeat","background-position":"center center","background-size":"auto","background-attachment":"scroll","background-type":"","background-media":"","overlay-type":"","overlay-color":"","overlay-opacity":"","overlay-gradient":""}}},"product_brand":[],"product_cat":[3446,3617],"product_tag":[3956],"class_list":{"0":"post-74113","1":"product","2":"type-product","3":"status-publish","4":"has-post-thumbnail","6":"product_cat-dianond-tools-pl","7":"product_cat-diamentowe-pilniki-reczne","8":"product_tag-pilniki-diamentowe","9":"desktop-align-left","10":"tablet-align-left","11":"mobile-align-left","12":"ast-product-gallery-layout-horizontal-slider","13":"ast-product-gallery-with-no-image","14":"ast-product-single-variable","15":"ast-product-tabs-layout-horizontal","17":"first","18":"instock","19":"taxable","20":"shipping-taxable","21":"purchasable","22":"product-type-variable"},"_links":{"self":[{"href":"https:\/\/honwaygroup.com\/pl\/wp-json\/wp\/v2\/product\/74113","targetHints":{"allow":["GET"]}}],"collection":[{"href":"https:\/\/honwaygroup.com\/pl\/wp-json\/wp\/v2\/product"}],"about":[{"href":"https:\/\/honwaygroup.com\/pl\/wp-json\/wp\/v2\/types\/product"}],"version-history":[{"count":0,"href":"https:\/\/honwaygroup.com\/pl\/wp-json\/wp\/v2\/product\/74113\/revisions"}],"wp:featuredmedia":[{"embeddable":true,"href":"https:\/\/honwaygroup.com\/pl\/wp-json\/wp\/v2\/media\/74114"}],"wp:attachment":[{"href":"https:\/\/honwaygroup.com\/pl\/wp-json\/wp\/v2\/media?parent=74113"}],"wp:term":[{"taxonomy":"product_brand","embeddable":true,"href":"https:\/\/honwaygroup.com\/pl\/wp-json\/wp\/v2\/product_brand?post=74113"},{"taxonomy":"product_cat","embeddable":true,"href":"https:\/\/honwaygroup.com\/pl\/wp-json\/wp\/v2\/product_cat?post=74113"},{"taxonomy":"product_tag","embeddable":true,"href":"https:\/\/honwaygroup.com\/pl\/wp-json\/wp\/v2\/product_tag?post=74113"}],"curies":[{"name":"wp","href":"https:\/\/api.w.org\/{rel}","templated":true}]}}