{"id":73939,"date":"2021-01-18T16:05:16","date_gmt":"2021-01-18T08:05:16","guid":{"rendered":"https:\/\/honwaygroup.com\/product\/gp-522-szlifierka-do-powierzchni-z-glowica-katowa\/"},"modified":"2025-09-26T10:49:09","modified_gmt":"2025-09-26T02:49:09","slug":"gp-522-szlifierka-do-powierzchni-z-glowica-katowa","status":"publish","type":"product","link":"https:\/\/honwaygroup.com\/pl\/produkt\/gp-522-szlifierka-do-powierzchni-z-glowica-katowa\/","title":{"rendered":"GP-522 Szlifierka do powierzchni z g\u0142owic\u0105 k\u0105tow\u0105"},"content":{"rendered":"<h3><strong>GP-522 Szlifierka do powierzchni z g\u0142owic\u0105 k\u0105tow\u0105<\/strong><\/h3>\n<p>&nbsp;<\/p>\n<table class=\"specTable\" width=\"100%\">\n<tbody>\n<tr>\n<th>Ci\u015bnienie powietrza<\/th>\n<th>Waga<\/th>\n<th>Wymiary<\/th>\n<\/tr>\n<tr>\n<td>90psi (6.2kg\/cm<sup>2<\/sup> )<\/td>\n<td>200g<\/td>\n<td>\u00d816.5x136L (mm)<\/td>\n<\/tr>\n<\/tbody>\n<\/table>\n<h4><strong><br \/>\nOg\u00f3lne informacje o u\u017cytkowaniu<\/strong><\/h4>\n<p><strong>Aby narz\u0119dzie pneumatyczne dzia\u0142a\u0142o jak najlepiej, a jego jego \u017cywotno\u015b\u0107 by\u0142a jak najd\u0142u\u017csza, nale\u017cy pod\u0142\u0105czy\u0107 tr\u00f3jnik. Dzi\u0119ki temu mo\u017cliwe b\u0119dzie filtrowanie wilgoci, kontrolowanie ci\u015bnienia wlotowego powietrza i po\u015blizg.<\/strong><\/p>\n<p><a href=\"https:\/\/honwaygroup.com\/wp-content\/uploads\/2021\/01\/%E5%B7%A6%E5%8F%B3%E6%A9%AB%E7%A7%BB%E5%BC%8F%E6%B0%A3%E5%8B%95%E9%8A%BC%E7%A3%A8%E6%A9%9F_%E5%B7%A5%E4%BD%9C%E5%8D%80%E5%9F%9F-1-%E8%A4%87%E6%9C%AC-52-1.jpg\"><img fetchpriority=\"high\" decoding=\"async\" class=\"aligncenter wp-image-28051\" src=\"https:\/\/honwaygroup.com\/wp-content\/uploads\/2021\/01\/%E5%B7%A6%E5%8F%B3%E6%A9%AB%E7%A7%BB%E5%BC%8F%E6%B0%A3%E5%8B%95%E9%8A%BC%E7%A3%A8%E6%A9%9F_%E5%B7%A5%E4%BD%9C%E5%8D%80%E5%9F%9F-1-%E8%A4%87%E6%9C%AC-52-1-300x127.webp\" alt=\"\" width=\"600\" height=\"255\"><\/a><\/p>\n<h4><strong><br \/>\nPrzepisy dotycz\u0105ce poprawy wydajno\u015bci i \u017cywotno\u015bci:<\/strong><\/h4>\n<p><strong>Aby narz\u0119dzie pneumatyczne dzia\u0142a\u0142o jak najlepiej, a jego jego \u017cywotno\u015b\u0107 by\u0142a jak najd\u0142u\u017csza, nale\u017cy pod\u0142\u0105czy\u0107 tr\u00f3jnik. Dzi\u0119ki temu mo\u017cliwe b\u0119dzie filtrowanie wilgoci, kontrolowanie ci\u015bnienia wlotowego powietrza i po\u015blizg.<\/strong><\/p>\n<ul class=\"main_ul\">\n<li>Przed u\u017cyciem nale\u017cy upewni\u0107 si\u0119, czy w zbiorniku oleju znajduje si\u0119 wystarczaj\u0105ca ilo\u015b\u0107 oleju smarowego.<\/li>\n<li>Ustawienie kombinacji trzech punkt\u00f3w ci\u015bnienia powietrza na 90 psi (<span style=\"font-size: 16px;font-style: normal;font-weight: 400\">6,<\/span>2 kg\/cm<sup>\u00b2) <\/sup>jako optymalnych warunk\u00f3w u\u017cytkowania.<\/li>\n<li>Przed u\u017cyciem prosz\u0119 sprawdzi\u0107, czy filtr wody w kombinacji trzech punkt\u00f3w jest pe\u0142ny. Je\u015bli tak, prosz\u0119 najpierw wypu\u015bci\u0107 wod\u0119.<\/li>\n<li>Dostosuj ilo\u015b\u0107 oleju trzech punktach u\u017cytkowania, zaleca si\u0119 oko\u0142o 2CC na minut\u0119 (w stanie cz\u0119stego u\u017cytkowania).<\/li>\n<li>W przypadku dni \u015bwi\u0105tecznych lub d\u0142ugiego okresu nieu\u017cywania narz\u0119dzia pneumatycznego, przy pierwszym uruchomieniu nale\u017cy zwi\u0119kszy\u0107 ilo\u015b\u0107 oleju w zespole tr\u00f3jnika do 4CC na minut\u0119. Dodatkowo, po w\u0142\u0105czeniu narz\u0119dzia pneumatycznego nale\u017cy je obraca\u0107 na niskich obrotach przez 20-30 sekund, aby zapewni\u0107, \u017ce olej smarowy nasmaruje ka\u017cdy element, a nast\u0119pnie dostosowa\u0107 do normalnej pr\u0119dko\u015bci.<\/li>\n<li>Wyb\u00f3r oleju smarowego: nie nale\u017cy u\u017cywa\u0107 zbyt lepkiego oleju smarowego, zaleca si\u0119 <a href=\"https:\/\/www.cpc.com.tw\/cl.aspx?n=3192\" rel=\"nofollow noopener\" target=\"_blank\">stosowanie oleju obiegowego R32.<\/a><\/li>\n<\/ul>\n<h4><strong><br \/>\nUstawienia start\/stop podczas pracy:<\/strong><\/h4>\n<ul class=\"main_ul\">\n<li>W\u0142\u0105cznik i wy\u0142\u0105cznik dzia\u0142aj\u0105 na podstawie obracania, gdy korpus zaworu prze\u0142\u0105cznika jest skierowany do u\u017cytkownika, obr\u00f3t w kierunku przeciwnym do ruchu wskaz\u00f3wek zegara oznacza W\u0141\u0104CZENIE, a obr\u00f3t zgodny z ruchem wskaz\u00f3wek zegara oznacza WY\u0141\u0104CZENIE.<br \/>\n\u203b Przed u\u017cyciem nale\u017cy upewni\u0107 si\u0119, \u017ce prze\u0142\u0105cznik jest w pozycji &#8222;stop&#8221;.<\/li>\n<li>Aby w\u0142\u0105czy\u0107 pneumatyczne narz\u0119dzie, wystarczy obr\u00f3ci\u0107 prze\u0142\u0105cznik o 90 stopni. To wystarczy, aby osi\u0105gn\u0105\u0107 maksymaln\u0105 pr\u0119dko\u015b\u0107 robocz\u0105. Zbyt du\u017cy k\u0105t obrotu mo\u017ce spowodowa\u0107 uszkodzenie prze\u0142\u0105cznika.<\/li>\n<\/ul>\n<h4><strong><br \/>\nOchrona<\/strong><\/h4>\n<p>Podczas u\u017cytkowania nale\u017cy nosi\u0107 wszelkie niezb\u0119dne urz\u0105dzenia ochronne, takie jak nauszniki, okulary ochronne, fartuch ochronny, kask, r\u0119kawice itp.<\/p>\n<h4><strong><br \/>\nPrzechowywanie po u\u017cyciu<\/strong><\/h4>\n<p>Narz\u0119dzie to musi by\u0107 przechowywane w czystym, suchym miejscu i zaleca si\u0119 przechowywanie go w miejscu o sta\u0142ej temperaturze, aby unikn\u0105\u0107 gwa\u0142townych zmian temperatury. Nie upuszczaj narz\u0119dzia pneumatycznego, gdy nie zatrzyma\u0142o si\u0119 ca\u0142kowicie podczas pracy.<\/p>\n<h4><strong><br \/>\nSzczeg\u00f3\u0142owe zasady i uwagi dotycz\u0105ce bezpiecze\u0144stwa<\/strong><\/h4>\n<p><strong>Bezpiecze\u0144stwo jest najwa\u017cniejsze podczas korzystania z narz\u0119dzi pneumatycznych. Narz\u0119dzia pneumatyczne musz\u0105 by\u0107 obs\u0142ugiwane w bezpiecznych warunkach. Przed u\u017cyciem przeczytaj poni\u017csze ostrze\u017cenia i bezpiecznie korzystaj z narz\u0119dzi pneumatycznych. <\/strong><\/p>\n<ul class=\"main_ul\">\n<li>To narz\u0119dzie jest przeznaczone do szlifowania, rze\u017abienia i precyzyjnego polerowania do zastosowa\u0144 przemys\u0142owych, prosz\u0119 nie u\u017cywa\u0107 go na ciele cz\u0142owieka!<\/li>\n<li>Przed rozpocz\u0119ciem pracy nale\u017cy najpierw sprawdzi\u0107 ci\u015bnienie powietrza. Ci\u015bnienie powietrza poni\u017cej 90 psi (6,2 kg\/cm<sup>2<\/sup>) zmniejszy pr\u0119dko\u015b\u0107 i moc, ale powy\u017cej 90 psi spowoduje nadmiern\u0105 pr\u0119dko\u015b\u0107, co jest bardzo niebezpieczne i skr\u00f3ci \u017cywotno\u015b\u0107 narz\u0119dzia!<\/li>\n<li>Prosz\u0119 u\u017cywa\u0107 materia\u0142\u00f3w \u015bciernych o dobrej jako\u015bci i nie u\u017cywa\u0107 materia\u0142\u00f3w eksploatacyjnych, kt\u00f3re s\u0105 uszkodzone lub w z\u0142ym stanie.<\/li>\n<li>Je\u015bli poziom ha\u0142asu podczas pracy przekracza 85dB(A), operatorzy musz\u0105 nosi\u0107 zatyczki do uszu lub nauszniki.<\/li>\n<li>D\u0142ugotrwa\u0142e u\u017cytkowanie przez operator\u00f3w mo\u017ce powodowa\u0107 obra\u017cenia w pracy z powodu wibracji, zw\u0142aszcza d\u0142oni i ramion. Obra\u017cenia spowodowane wibracjami zale\u017c\u0105 od wielu czynnik\u00f3w, takich jak rodzaj u\u017cywanych materia\u0142\u00f3w eksploatacyjnych, proces, kondycja fizyczna u\u017cytkownika, \u015brodowisko pracy, czas pracy, temperatura itp. Dlatego operatorzy narz\u0119dzi pneumatycznych musz\u0105 pracowa\u0107 zgodnie z norm\u0105 ISO5349.<\/li>\n<li>Podczas u\u017cytkowania nale\u017cy uwa\u017ca\u0107 na w\u0142osy, lu\u017ane ubrania lub krawaty itp., aby unikn\u0105\u0107 wkr\u0119cenia do \u015brodka narz\u0119dzia.<\/li>\n<li>Miejsce pracy powinno by\u0107 dobrze wentylowane, najlepiej u\u017cytkowa\u0107 wsp\u00f3lnie z odkurzaczem, aby unikn\u0105\u0107 wdychania py\u0142u lub gazu odprowadzanego ze spr\u0119\u017carki powietrza.<\/li>\n<li>Je\u015bli jakikolwiek smar dostanie si\u0119 do oczu lub zostanie przypadkowo po\u0142kni\u0119ty, nale\u017cy natychmiast skontaktowa\u0107 si\u0119 z lekarzem.<\/li>\n<li>Nie wolno modyfikowa\u0107 ani demontowa\u0107 narz\u0119dzi pneumatycznych bez zgody lub zezwolenia producenta.<\/li>\n<li>Podczas pracy nale\u017cy pami\u0119ta\u0107, aby nie dotyka\u0107 obracaj\u0105cych si\u0119 materia\u0142\u00f3w eksploatacyjnych.<\/li>\n<li>Upewnij si\u0119, \u017ce powsta\u0142e iskry nie zrani\u0105 os\u00f3b wok\u00f3\u0142 ciebie ani nie rozprysn\u0105 si\u0119 na \u0142atwopalne materia\u0142y itp.<\/li>\n<li>Upewnij si\u0119, \u017ce obrabiany przedmiot jest odpowiednio podparty lub zamocowany, aby unikn\u0105\u0107 jego wypadni\u0119cia.<\/li>\n<li>Nie u\u017cywaj innych przewod\u00f3w powietrznych ni\u017c standardowe wyposa\u017cenie i nie szarp ich gwa\u0142townie podczas u\u017cytkowania.<\/li>\n<\/ul>\n<h4>\n<strong>Zalecenia dotycz\u0105ce bezpiecze\u0144stwa dotycz\u0105ce d\u0142ugo\u015bci mocowania, liczby obrot\u00f3w i d\u0142ugo\u015bci wysuni\u0119cia<\/strong><br \/>\n<strong>Uwaga: D\u0142ugo\u015b\u0107 mocowania L nie powinna by\u0107 mniejsza ni\u017c 10 mm<\/strong><\/h4>\n<p>&nbsp;<\/p>\n<p><a href=\"https:\/\/honwaygroup.com\/wp-content\/uploads\/2021\/01\/US-200-%E5%B7%A6%E5%8F%B3%E6%A9%AB%E7%A7%BB%E5%BC%8F%E6%B0%A3%E5%8B%95%E9%8A%BC%E7%A3%A8%E6%A9%9F_%E5%B7%A5%E4%BD%9C%E5%8D%80%E5%9F%9F-1-%E8%A4%87%E6%9C%AC-53-2.jpg\"><img decoding=\"async\" class=\"alignnone size-medium wp-image-28061\" src=\"https:\/\/honwaygroup.com\/wp-content\/uploads\/2021\/01\/US-200-%E5%B7%A6%E5%8F%B3%E6%A9%AB%E7%A7%BB%E5%BC%8F%E6%B0%A3%E5%8B%95%E9%8A%BC%E7%A3%A8%E6%A9%9F_%E5%B7%A5%E4%BD%9C%E5%8D%80%E5%9F%9F-1-%E8%A4%87%E6%9C%AC-53-2-300x151.jpg\" alt=\"\" width=\"300\" height=\"151\"><\/a><\/p>\n<table class=\"specTable2\" width=\"100%\">\n<tbody>\n<tr>\n<th rowspan=\"2\">\u00d8D (mm)<\/th>\n<th rowspan=\"2\">T (mm)<\/th>\n<th colspan=\"3\">Zalecana d\u0142ugo\u015b\u0107 wysuni\u0119cia materia\u0142u \u015bciernego H (mm)<\/th>\n<\/tr>\n<tr>\n<th>13mm<\/th>\n<th>25mm<\/th>\n<th>38mm<\/th>\n<\/tr>\n<tr>\n<td>3.0<\/td>\n<td>13<\/td>\n<td>105,000rpm<\/td>\n<td>64,000rpm<\/td>\n<td>46,650rpm<\/td>\n<\/tr>\n<tr>\n<td>6.0<\/td>\n<td>13<\/td>\n<td>60,000rpm<\/td>\n<td>38,000rpm<\/td>\n<td>26,250rpm<\/td>\n<\/tr>\n<tr>\n<td>9.5<\/td>\n<td>13<\/td>\n<td>45,370rpm<\/td>\n<td>28,500rpm<\/td>\n<td>21,000rpm<\/td>\n<\/tr>\n<tr>\n<td>9.5<\/td>\n<td>25<\/td>\n<td>26,250rpm<\/td>\n<td>18,750rpm<\/td>\n<td>14,250rpm<\/td>\n<\/tr>\n<tr>\n<td>13<\/td>\n<td>13<\/td>\n<td>34,500rpm<\/td>\n<td>22,500rpm<\/td>\n<td>16,870rpm<\/td>\n<\/tr>\n<tr>\n<td>13<\/td>\n<td>25<\/td>\n<td>20,620rpm<\/td>\n<td>13,870rpm<\/td>\n<td>10,120rpm<\/td>\n<\/tr>\n<\/tbody>\n<\/table>\n<ul>\n<li><strong>L = d\u0142ugo\u015b\u0107 mocowania<\/strong><\/li>\n<li><strong>H = d\u0142ugo\u015b\u0107 wysuni\u0119cia materia\u0142\u00f3w eksploatacyjnych<\/strong><\/li>\n<li><strong>T = d\u0142ugo\u015b\u0107 materia\u0142u \u015bciernego<\/strong><\/li>\n<li><strong>\u00d8D= \u015brednica trzpienia szlifierskiego<\/strong><\/li>\n<\/ul>\n<p>Masz pytanie? <a href=\"https:\/\/honwaygroup.com\/pl\/skontaktuj-sie-z-nami\/\">Skontaktuj si\u0119 z nami!<\/a><\/p>\n","protected":false},"excerpt":{"rendered":"<div id=\"desWrap\">\n<ul>\n<li>Szlifierka k\u0105towa z g\u0142owic\u0105 nachylon\u0105 pod k\u0105tem 120 stopni.<\/li>\n<li>Ko\u0144c\u00f3wka: dwint M7, do kt\u00f3rego mo\u017cna przymocowa\u0107 miseczkowe tarcze \u015bcierne lub kr\u0105\u017cki \u015bcierne.<\/li>\n<li>Odpowiednia do szlifowania p\u0142askich powierzchni, fazowania i wyka\u0144czania powierzchni spawanych.<\/li>\n<\/ul>\n<h5><strong><span style=\"color: #ff0000;font-size: 19.2px\">\u25b2 <\/span><\/strong><strong><span style=\"color: #ff0000;font-size: 19.2px\">Przy wi\u0119kszych zam\u00f3wieniach istnieje mo\u017cliwo\u015b\u0107 uzyskania rabatu, prosimy o kontakt z obs\u0142ug\u0105 klienta.<\/span><\/strong><\/h5>\n<h5><strong><span style=\"color: #ff0000;font-size: 19.2px\">\u25b2<\/span><span style=\"color: #ff0000;font-size: 19.2px\">Czas dostawy zam\u00f3wie\u0144<\/span> <span style=\"color: #ff0000\">na Tajwan wynosi<\/span> <span style=\"color: #ff0000;font-size: 19.2px\">oko\u0142o 7\u201314 dni roboczych<\/span><\/strong><\/h5>\n<h5><strong><span style=\"color: #ff0000;font-size: 19.2px\">\u25b2<\/span><span style=\"color: #ff0000\">Czas realizacji wysy\u0142ki mi\u0119dzynarodowej wynosi 7-14 dni, natomiast rzeczywisty czas dostawy zale\u017cy od danej firmy kurierskiej.<\/span><\/strong><\/h5>\n<\/div>\n","protected":false},"featured_media":73940,"template":"","meta":{"site-sidebar-layout":"default","site-content-layout":"default","ast-site-content-layout":"default","site-content-style":"default","site-sidebar-style":"default","ast-global-header-display":"","ast-banner-title-visibility":"","ast-main-header-display":"","ast-hfb-above-header-display":"","ast-hfb-below-header-display":"","ast-hfb-mobile-header-display":"","site-post-title":"","ast-breadcrumbs-content":"","ast-featured-img":"","footer-sml-layout":"","ast-disable-related-posts":"","theme-transparent-header-meta":"default","adv-header-id-meta":"","stick-header-meta":"default","header-above-stick-meta":"","header-main-stick-meta":"","header-below-stick-meta":"","astra-migrate-meta-layouts":"set","ast-page-background-enabled":"default","ast-page-background-meta":{"desktop":{"background-color":"var(--ast-global-color-5)","background-image":"","background-repeat":"repeat","background-position":"center center","background-size":"auto","background-attachment":"scroll","background-type":"","background-media":"","overlay-type":"","overlay-color":"","overlay-opacity":"","overlay-gradient":""},"tablet":{"background-color":"","background-image":"","background-repeat":"repeat","background-position":"center center","background-size":"auto","background-attachment":"scroll","background-type":"","background-media":"","overlay-type":"","overlay-color":"","overlay-opacity":"","overlay-gradient":""},"mobile":{"background-color":"","background-image":"","background-repeat":"repeat","background-position":"center center","background-size":"auto","background-attachment":"scroll","background-type":"","background-media":"","overlay-type":"","overlay-color":"","overlay-opacity":"","overlay-gradient":""}},"ast-content-background-meta":{"desktop":{"background-color":"var(--ast-global-color-4)","background-image":"","background-repeat":"repeat","background-position":"center center","background-size":"auto","background-attachment":"scroll","background-type":"","background-media":"","overlay-type":"","overlay-color":"","overlay-opacity":"","overlay-gradient":""},"tablet":{"background-color":"var(--ast-global-color-4)","background-image":"","background-repeat":"repeat","background-position":"center center","background-size":"auto","background-attachment":"scroll","background-type":"","background-media":"","overlay-type":"","overlay-color":"","overlay-opacity":"","overlay-gradient":""},"mobile":{"background-color":"var(--ast-global-color-4)","background-image":"","background-repeat":"repeat","background-position":"center center","background-size":"auto","background-attachment":"scroll","background-type":"","background-media":"","overlay-type":"","overlay-color":"","overlay-opacity":"","overlay-gradient":""}}},"product_brand":[],"product_cat":[3545,3560,3512,3557,3559],"product_tag":[3648,3742,3703],"class_list":{"0":"post-73939","1":"product","2":"type-product","3":"status-publish","4":"has-post-thumbnail","6":"product_cat-pneumatyczna-szlifierka-do-powierzchni-plaskich","7":"product_cat-materialy-polerskie","8":"product_cat-szlifierka-pneumatyczna","9":"product_cat-typ-zastosowania","10":"product_cat-usuwanie-gratu","11":"product_tag-gp-522-pl","12":"product_tag-pneumatyczna-szlifierka-do-powierzchni-plaskich","13":"product_tag-szlifierka-do-powierzchni-z-glowica-katowa","14":"desktop-align-left","15":"tablet-align-left","16":"mobile-align-left","17":"ast-product-gallery-layout-horizontal-slider","18":"ast-product-gallery-with-no-image","19":"ast-product-tabs-layout-horizontal","21":"first","22":"instock","23":"taxable","24":"shipping-taxable","25":"purchasable","26":"product-type-simple"},"_links":{"self":[{"href":"https:\/\/honwaygroup.com\/pl\/wp-json\/wp\/v2\/product\/73939","targetHints":{"allow":["GET"]}}],"collection":[{"href":"https:\/\/honwaygroup.com\/pl\/wp-json\/wp\/v2\/product"}],"about":[{"href":"https:\/\/honwaygroup.com\/pl\/wp-json\/wp\/v2\/types\/product"}],"version-history":[{"count":0,"href":"https:\/\/honwaygroup.com\/pl\/wp-json\/wp\/v2\/product\/73939\/revisions"}],"wp:featuredmedia":[{"embeddable":true,"href":"https:\/\/honwaygroup.com\/pl\/wp-json\/wp\/v2\/media\/73940"}],"wp:attachment":[{"href":"https:\/\/honwaygroup.com\/pl\/wp-json\/wp\/v2\/media?parent=73939"}],"wp:term":[{"taxonomy":"product_brand","embeddable":true,"href":"https:\/\/honwaygroup.com\/pl\/wp-json\/wp\/v2\/product_brand?post=73939"},{"taxonomy":"product_cat","embeddable":true,"href":"https:\/\/honwaygroup.com\/pl\/wp-json\/wp\/v2\/product_cat?post=73939"},{"taxonomy":"product_tag","embeddable":true,"href":"https:\/\/honwaygroup.com\/pl\/wp-json\/wp\/v2\/product_tag?post=73939"}],"curies":[{"name":"wp","href":"https:\/\/api.w.org\/{rel}","templated":true}]}}