{"id":73908,"date":"2016-02-28T17:55:00","date_gmt":"2016-02-28T09:55:00","guid":{"rendered":"https:\/\/honwaygroup.com\/product\/zawiesina-diamentowa\/"},"modified":"2025-11-17T11:36:19","modified_gmt":"2025-11-17T03:36:19","slug":"zawiesina-diamentowa","status":"publish","type":"product","link":"https:\/\/honwaygroup.com\/pl\/produkt\/zawiesina-diamentowa\/","title":{"rendered":"Zawiesina diamentowa"},"content":{"rendered":"<h3>Zawiesina diamentowa<\/h3>\n<figure id=\"attachment_73909\" aria-describedby=\"caption-attachment-73909\" style=\"width: 1810px\" class=\"wp-caption alignnone\"><a href=\"https:\/\/honwaygroup.com\/wp-content\/uploads\/2016\/02\/%E5%AE%8F%E5%B4%B4%E9%91%BD%E7%9F%B3%E7%A3%A8%E6%A3%92DM31-01.jpg\" rel=\"attachment wp-att-1565\"><img fetchpriority=\"high\" decoding=\"async\" class=\"wp-image-1565 size-full\" src=\"https:\/\/honwaygroup.com\/wp-content\/uploads\/2016\/02\/%E5%AE%8F%E5%B4%B4%E9%91%BD%E7%9F%B3%E7%A3%A8%E6%A3%92DM31-01-scaled.avif\" alt=\"Zawiesina diamentowa\" width=\"1810\" height=\"2560\"><\/a><figcaption id=\"caption-attachment-73909\" class=\"wp-caption-text\">diamentowa ose\u0142ka z w\u0142\u00f3kna, diamentowa tarcza tn\u0105ca, diamentowe ig\u0142y grawerskie, metoda ceramiczna, metoda \u017cywiczna, pr\u0119t \u015bcierny z wg\u0142\u0119bieniem, pr\u0119t \u015bcierny z otworem, pilnik, diamentowy ose\u0142ka, pr\u0119t \u015bcierny z azotku boru, metoda galwanoplastyczna, metoda galwaniczna, pr\u0119t \u015bcierny do g\u0142\u0119bokich otwor\u00f3w, pr\u0119t \u015bcierny do otwor\u00f3w wewn\u0119trznych, pr\u0119t \u015bcierny k\u0105towy<\/figcaption><\/figure>\n<p>Masz pytanie? <a href=\"https:\/\/honwaygroup.com\/pl\/skontaktuj-sie-z-nami\/\">Skontaktuj si\u0119 z nami!<\/a><\/p>\n","protected":false},"excerpt":{"rendered":"<h5><strong><span style=\"color: #ff0000;font-size: 19.2px\">\u25b2<\/span> <\/strong><strong><span style=\"color: #ff0000;font-size: 19.2px\">W przypadku zapotrzebowania na niestandardowe rozmiary prosimy o kontakt z obs\u0142ug\u0105 klienta. W celu uzyskania informacji o czas realizacji takiego zam\u00f3wienia r\u00f3wnie\u017c prosimy o kontakt z obs\u0142ug\u0105 klienta.<\/span><\/strong><\/h5>\n<h5><strong><span style=\"color: #ff0000;font-size: 19.2px\">\u25b2 Przy wi\u0119kszych zam\u00f3wieniach istnieje mo\u017cliwo\u015b\u0107 uzyskania rabatu, prosimy o kontakt z obs\u0142ug\u0105 klienta.<br \/>\n<\/span><\/strong><\/h5>\n<h5><strong><span style=\"color: #ff0000;font-size: 19.2px\">\u25b2<\/span><span style=\"color: #ff0000;font-size: 19.2px\">Czas dostawy zam\u00f3wie\u0144<\/span> <span style=\"color: #ff0000\">na Tajwan wynosi<\/span> <span style=\"color: #ff0000;font-size: 19.2px\">oko\u0142o 7\u201314 dni roboczych<\/span><\/strong><\/h5>\n<h5><strong><span style=\"color: #ff0000;font-size: 19.2px\">\u25b2<\/span><span style=\"color: #ff0000\">Czas realizacji wysy\u0142ki mi\u0119dzynarodowej wynosi 7-14 dni, natomiast rzeczywisty czas dostawy zale\u017cy od danej firmy kurierskiej.<\/span><\/strong><\/h5>\n","protected":false},"featured_media":73909,"template":"","meta":{"site-sidebar-layout":"default","site-content-layout":"default","ast-site-content-layout":"default","site-content-style":"default","site-sidebar-style":"default","ast-global-header-display":"","ast-banner-title-visibility":"","ast-main-header-display":"","ast-hfb-above-header-display":"","ast-hfb-below-header-display":"","ast-hfb-mobile-header-display":"","site-post-title":"","ast-breadcrumbs-content":"","ast-featured-img":"","footer-sml-layout":"","ast-disable-related-posts":"","theme-transparent-header-meta":"default","adv-header-id-meta":"","stick-header-meta":"default","header-above-stick-meta":"","header-main-stick-meta":"","header-below-stick-meta":"","astra-migrate-meta-layouts":"set","ast-page-background-enabled":"default","ast-page-background-meta":{"desktop":{"background-color":"var(--ast-global-color-5)","background-image":"","background-repeat":"repeat","background-position":"center center","background-size":"auto","background-attachment":"scroll","background-type":"","background-media":"","overlay-type":"","overlay-color":"","overlay-opacity":"","overlay-gradient":""},"tablet":{"background-color":"","background-image":"","background-repeat":"repeat","background-position":"center center","background-size":"auto","background-attachment":"scroll","background-type":"","background-media":"","overlay-type":"","overlay-color":"","overlay-opacity":"","overlay-gradient":""},"mobile":{"background-color":"","background-image":"","background-repeat":"repeat","background-position":"center center","background-size":"auto","background-attachment":"scroll","background-type":"","background-media":"","overlay-type":"","overlay-color":"","overlay-opacity":"","overlay-gradient":""}},"ast-content-background-meta":{"desktop":{"background-color":"var(--ast-global-color-4)","background-image":"","background-repeat":"repeat","background-position":"center center","background-size":"auto","background-attachment":"scroll","background-type":"","background-media":"","overlay-type":"","overlay-color":"","overlay-opacity":"","overlay-gradient":""},"tablet":{"background-color":"var(--ast-global-color-4)","background-image":"","background-repeat":"repeat","background-position":"center center","background-size":"auto","background-attachment":"scroll","background-type":"","background-media":"","overlay-type":"","overlay-color":"","overlay-opacity":"","overlay-gradient":""},"mobile":{"background-color":"var(--ast-global-color-4)","background-image":"","background-repeat":"repeat","background-position":"center center","background-size":"auto","background-attachment":"scroll","background-type":"","background-media":"","overlay-type":"","overlay-color":"","overlay-opacity":"","overlay-gradient":""}}},"product_brand":[],"product_cat":[3626],"product_tag":[3961,3976,3948,3872,3978,3984,3982,3727,3866,3931,3675,3771,3838,3792,3687],"class_list":{"0":"post-73908","1":"product","2":"type-product","3":"status-publish","4":"has-post-thumbnail","6":"product_cat-katalog-narzedzi-diamentowych-online","7":"product_tag-diamentowa-oselka","8":"product_tag-diamentowe-rysiki-do-rzezbienia","9":"product_tag-diamentowe-tarcze-tnace","10":"product_tag-diamentowy-kamien-z-wlokna-ceramicznego","11":"product_tag-metoda-ceramiczna","12":"product_tag-metoda-elektroformowania","13":"product_tag-metoda-galwanizacji","14":"product_tag-metoda-zywiczna","15":"product_tag-ostrzalka-katowa","16":"product_tag-pilnik","17":"product_tag-pret-do-szlifowania-otworow-wewnetrznych","18":"product_tag-pret-scierny-cbn","19":"product_tag-pret-scierny-do-otworow","20":"product_tag-pret-scierny-do-otworow-glebokich","21":"product_tag-prety-scierne-do-obrobki-otworow","22":"desktop-align-left","23":"tablet-align-left","24":"mobile-align-left","25":"ast-product-gallery-layout-horizontal-slider","26":"ast-product-tabs-layout-horizontal","28":"first","29":"instock","30":"taxable","31":"shipping-taxable","32":"product-type-simple"},"_links":{"self":[{"href":"https:\/\/honwaygroup.com\/pl\/wp-json\/wp\/v2\/product\/73908","targetHints":{"allow":["GET"]}}],"collection":[{"href":"https:\/\/honwaygroup.com\/pl\/wp-json\/wp\/v2\/product"}],"about":[{"href":"https:\/\/honwaygroup.com\/pl\/wp-json\/wp\/v2\/types\/product"}],"version-history":[{"count":0,"href":"https:\/\/honwaygroup.com\/pl\/wp-json\/wp\/v2\/product\/73908\/revisions"}],"wp:featuredmedia":[{"embeddable":true,"href":"https:\/\/honwaygroup.com\/pl\/wp-json\/wp\/v2\/media\/73909"}],"wp:attachment":[{"href":"https:\/\/honwaygroup.com\/pl\/wp-json\/wp\/v2\/media?parent=73908"}],"wp:term":[{"taxonomy":"product_brand","embeddable":true,"href":"https:\/\/honwaygroup.com\/pl\/wp-json\/wp\/v2\/product_brand?post=73908"},{"taxonomy":"product_cat","embeddable":true,"href":"https:\/\/honwaygroup.com\/pl\/wp-json\/wp\/v2\/product_cat?post=73908"},{"taxonomy":"product_tag","embeddable":true,"href":"https:\/\/honwaygroup.com\/pl\/wp-json\/wp\/v2\/product_tag?post=73908"}],"curies":[{"name":"wp","href":"https:\/\/api.w.org\/{rel}","templated":true}]}}