{"id":73891,"date":"2021-01-17T19:03:33","date_gmt":"2021-01-17T11:03:33","guid":{"rendered":"https:\/\/honwaygroup.com\/product\/sciernica-welniana-srednica-trzpienia-o6-0mm\/"},"modified":"2025-10-08T10:00:26","modified_gmt":"2025-10-08T02:00:26","slug":"sciernica-welniana-srednica-trzpienia-o6-0mm","status":"publish","type":"product","link":"https:\/\/honwaygroup.com\/pl\/produkt\/sciernica-welniana-srednica-trzpienia-o6-0mm\/","title":{"rendered":"\u015aciernica we\u0142niana (\u015brednica trzpienia : \u00d86.0mm)"},"content":{"rendered":"<h3><strong>\u015aciernica we\u0142niana (\u015brednica trzpienia : \u00d86.0mm)<\/strong><\/h3>\n<p><a href=\"https:\/\/honwaygroup.com\/wp-content\/uploads\/2023\/07\/%E7%BE%8A%E6%AF%9B%E8%BC%AA-%E6%9F%84%E5%BE%91-O6.0mm_%E5%B7%A5%E4%BD%9C%E5%8D%80%E5%9F%9F-1-%E8%A4%87%E6%9C%AC-11.webp\"><img decoding=\"async\" class=\"alignnone size-medium wp-image-26397\" src=\"https:\/\/honwaygroup.com\/wp-content\/uploads\/2023\/07\/%E7%BE%8A%E6%AF%9B%E8%BC%AA-%E6%9F%84%E5%BE%91-O6.0mm_%E5%B7%A5%E4%BD%9C%E5%8D%80%E5%9F%9F-1-%E8%A4%87%E6%9C%AC-11-300x105.webp\" alt=\"\" width=\"300\" height=\"105\"><\/a><\/p>\n<p>Jednostka : mm<\/p>\n<table class=\"specTable\" width=\"100%\">\n<tbody>\n<tr>\n<th width=\"35%\"><\/th>\n<th width=\"21%\">Numer seryjny<\/th>\n<th width=\"21%\">\u00d8D<\/th>\n<th width=\"21%\">T<\/th>\n<\/tr>\n<tr>\n<td class=\"white\" rowspan=\"4\">\n  <a href=\"https:\/\/honwaygroup.com\/wp-content\/uploads\/2023\/07\/%E7%BE%8A%E6%AF%9B%E8%BC%AA-%E6%9F%84%E5%BE%91-O6.0mm_%E5%B7%A5%E4%BD%9C%E5%8D%80%E5%9F%9F-1-%E8%A4%87%E6%9C%AC-12.webp\"><br \/>\n    <img decoding=\"async\" class=\"alignnone size-medium wp-image-26401\" src=\"https:\/\/honwaygroup.com\/wp-content\/uploads\/2023\/07\/%E7%BE%8A%E6%AF%9B%E8%BC%AA-%E6%9F%84%E5%BE%91-O6.0mm_%E5%B7%A5%E4%BD%9C%E5%8D%80%E5%9F%9F-1-%E8%A4%87%E6%9C%AC-12-300x120.webp\" alt=\"\" width=\"300\" height=\"120\"><br \/>\n  <\/a>\n<\/td>\n<td>AC-1225A<\/td>\n<td>12<\/td>\n<td>25<\/td>\n<\/tr>\n<tr>\n<td>AC-1525A<\/td>\n<td>15<\/td>\n<td>25<\/td>\n<\/tr>\n<tr>\n<td>AC-2025A<\/td>\n<td>20<\/td>\n<td>25<\/td>\n<\/tr>\n<tr>\n<td>AC-2530A<\/td>\n<td>25<\/td>\n<td>30<\/td>\n<\/tr>\n<tr>\n<td class=\"white\" rowspan=\"3\">\n  <a href=\"https:\/\/honwaygroup.com\/wp-content\/uploads\/2023\/07\/%E7%BE%8A%E6%AF%9B%E8%BC%AA-%E6%9F%84%E5%BE%91-O6.0mm_%E5%B7%A5%E4%BD%9C%E5%8D%80%E5%9F%9F-1-%E8%A4%87%E6%9C%AC-14.webp\"><br \/>\n    <img decoding=\"async\" class=\"alignnone size-medium wp-image-26405\" src=\"https:\/\/honwaygroup.com\/wp-content\/uploads\/2023\/07\/%E7%BE%8A%E6%AF%9B%E8%BC%AA-%E6%9F%84%E5%BE%91-O6.0mm_%E5%B7%A5%E4%BD%9C%E5%8D%80%E5%9F%9F-1-%E8%A4%87%E6%9C%AC-14-300x120.webp\" alt=\"\" width=\"300\" height=\"120\"><br \/>\n  <\/a>\n<\/td>\n<td>AC-1520C<\/td>\n<td>15<\/td>\n<td>20<\/td>\n<\/tr>\n<tr>\n<td>AC-2025C<\/td>\n<td>20<\/td>\n<td>25<\/td>\n<\/tr>\n<tr>\n<td>AC-2530C<\/td>\n<td>25<\/td>\n<td>30<\/td>\n<\/tr>\n<tr>\n<td class=\"white\" rowspan=\"2\">\n  <a href=\"https:\/\/honwaygroup.com\/wp-content\/uploads\/2023\/07\/%E7%BE%8A%E6%AF%9B%E8%BC%AA-%E6%9F%84%E5%BE%91-O6.0mm_%E5%B7%A5%E4%BD%9C%E5%8D%80%E5%9F%9F-1-%E8%A4%87%E6%9C%AC-15.webp\"><br \/>\n    <img loading=\"lazy\" decoding=\"async\" class=\"alignnone size-medium wp-image-26409\" src=\"https:\/\/honwaygroup.com\/wp-content\/uploads\/2023\/07\/%E7%BE%8A%E6%AF%9B%E8%BC%AA-%E6%9F%84%E5%BE%91-O6.0mm_%E5%B7%A5%E4%BD%9C%E5%8D%80%E5%9F%9F-1-%E8%A4%87%E6%9C%AC-15-300x120.webp\" alt=\"\" width=\"300\" height=\"120\"><br \/>\n  <\/a>\n<\/td>\n<td>AC-3208E<\/td>\n<td>32<\/td>\n<td>8<\/td>\n<\/tr>\n<tr>\n<td>AC-4010E<\/td>\n<td>40<\/td>\n<td>9.6<\/td>\n<\/tr>\n<tr>\n<td class=\"white\" rowspan=\"3\">\n  <a href=\"https:\/\/honwaygroup.com\/wp-content\/uploads\/2023\/07\/%E7%BE%8A%E6%AF%9B%E8%BC%AA-%E6%9F%84%E5%BE%91-O6.0mm_%E5%B7%A5%E4%BD%9C%E5%8D%80%E5%9F%9F-1-%E8%A4%87%E6%9C%AC-52.webp\"><br \/>\n    <img loading=\"lazy\" decoding=\"async\" class=\"alignnone size-medium wp-image-26413\" src=\"https:\/\/honwaygroup.com\/wp-content\/uploads\/2023\/07\/%E7%BE%8A%E6%AF%9B%E8%BC%AA-%E6%9F%84%E5%BE%91-O6.0mm_%E5%B7%A5%E4%BD%9C%E5%8D%80%E5%9F%9F-1-%E8%A4%87%E6%9C%AC-52-300x120.webp\" alt=\"\" width=\"300\" height=\"120\"><br \/>\n  <\/a>\n<\/td>\n<td>AC-1525K<\/td>\n<td>15<\/td>\n<td>25<\/td>\n<\/tr>\n<tr>\n<td>AC-2025K<\/td>\n<td>20<\/td>\n<td>25<\/td>\n<\/tr>\n<tr>\n<td>AC-2530K<\/td>\n<td>25<\/td>\n<td>30<\/td>\n<\/tr>\n<\/tbody>\n<\/table>\n<p>Masz pytanie? <a href=\"https:\/\/honwaygroup.com\/pl\/skontaktuj-sie-z-nami\/\">Skontaktuj si\u0119 z nami!<\/a><\/p>\n","protected":false},"excerpt":{"rendered":"<h5><strong><span style=\"color: #ff0000;font-size: 19.2px\">\u25b2<\/span> <\/strong><strong><br \/>\n  <span style=\"color: #ff0000;font-size: 19.2px\">W przypadku zapotrzebowania na niestandardowe rozmiary prosimy o kontakt z obs\u0142ug\u0105 klienta. W celu uzyskania informacji o czas realizacji takiego zam\u00f3wienia r\u00f3wnie\u017c prosimy o kontakt z obs\u0142ug\u0105 klienta.<\/span><br \/>\n<\/strong><\/h5>\n<h5><strong><br \/>\n  <span style=\"color: #ff0000;font-size: 19.2px\">\u25b2 <\/span><br \/>\n<\/strong><strong><br \/>\n  <span style=\"color: #ff0000;font-size: 19.2px\">Przy wi\u0119kszych zam\u00f3wieniach istnieje mo\u017cliwo\u015b\u0107 uzyskania rabatu, prosimy o kontakt z obs\u0142ug\u0105 klienta.<\/span><br \/>\n<\/strong><\/h5>\n<h5><strong><span style=\"color: #ff0000;font-size: 19.2px\">\u25b2<\/span><span style=\"color: #ff0000;font-size: 19.2px\">Czas dostawy zam\u00f3wie\u0144<\/span> <span style=\"color: #ff0000\">na Tajwan wynosi<\/span> <span style=\"color: #ff0000;font-size: 19.2px\">oko\u0142o 7\u201314 dni roboczych<\/span><\/strong><\/h5>\n<h5><strong><span style=\"color: #ff0000;font-size: 19.2px\">\u25b2<\/span><span style=\"color: #ff0000\">Czas realizacji wysy\u0142ki mi\u0119dzynarodowej wynosi 7-14 dni, natomiast rzeczywisty czas dostawy zale\u017cy od danej firmy kurierskiej.<\/span><\/strong><\/h5>\n","protected":false},"featured_media":73892,"template":"","meta":{"site-sidebar-layout":"default","site-content-layout":"default","ast-site-content-layout":"default","site-content-style":"default","site-sidebar-style":"default","ast-global-header-display":"","ast-banner-title-visibility":"","ast-main-header-display":"","ast-hfb-above-header-display":"","ast-hfb-below-header-display":"","ast-hfb-mobile-header-display":"","site-post-title":"","ast-breadcrumbs-content":"","ast-featured-img":"","footer-sml-layout":"","ast-disable-related-posts":"","theme-transparent-header-meta":"default","adv-header-id-meta":"","stick-header-meta":"default","header-above-stick-meta":"","header-main-stick-meta":"","header-below-stick-meta":"","astra-migrate-meta-layouts":"default","ast-page-background-enabled":"default","ast-page-background-meta":{"desktop":{"background-color":"var(--ast-global-color-5)","background-image":"","background-repeat":"repeat","background-position":"center center","background-size":"auto","background-attachment":"scroll","background-type":"","background-media":"","overlay-type":"","overlay-color":"","overlay-opacity":"","overlay-gradient":""},"tablet":{"background-color":"","background-image":"","background-repeat":"repeat","background-position":"center center","background-size":"auto","background-attachment":"scroll","background-type":"","background-media":"","overlay-type":"","overlay-color":"","overlay-opacity":"","overlay-gradient":""},"mobile":{"background-color":"","background-image":"","background-repeat":"repeat","background-position":"center center","background-size":"auto","background-attachment":"scroll","background-type":"","background-media":"","overlay-type":"","overlay-color":"","overlay-opacity":"","overlay-gradient":""}},"ast-content-background-meta":{"desktop":{"background-color":"var(--ast-global-color-4)","background-image":"","background-repeat":"repeat","background-position":"center center","background-size":"auto","background-attachment":"scroll","background-type":"","background-media":"","overlay-type":"","overlay-color":"","overlay-opacity":"","overlay-gradient":""},"tablet":{"background-color":"var(--ast-global-color-4)","background-image":"","background-repeat":"repeat","background-position":"center center","background-size":"auto","background-attachment":"scroll","background-type":"","background-media":"","overlay-type":"","overlay-color":"","overlay-opacity":"","overlay-gradient":""},"mobile":{"background-color":"var(--ast-global-color-4)","background-image":"","background-repeat":"repeat","background-position":"center center","background-size":"auto","background-attachment":"scroll","background-type":"","background-media":"","overlay-type":"","overlay-color":"","overlay-opacity":"","overlay-gradient":""}}},"product_brand":[],"product_cat":[3563,3576],"product_tag":[],"class_list":{"0":"post-73891","1":"product","2":"type-product","3":"status-publish","4":"has-post-thumbnail","6":"product_cat-materialy-eksploatacyjne-do-szlifowania-i-polerowania","7":"product_cat-produkty-welniane","8":"desktop-align-left","9":"tablet-align-left","10":"mobile-align-left","11":"ast-product-gallery-layout-horizontal-slider","12":"ast-product-gallery-with-no-image","13":"ast-product-single-variable","14":"ast-product-tabs-layout-horizontal","16":"first","17":"instock","18":"taxable","19":"shipping-taxable","20":"purchasable","21":"product-type-variable"},"_links":{"self":[{"href":"https:\/\/honwaygroup.com\/pl\/wp-json\/wp\/v2\/product\/73891","targetHints":{"allow":["GET"]}}],"collection":[{"href":"https:\/\/honwaygroup.com\/pl\/wp-json\/wp\/v2\/product"}],"about":[{"href":"https:\/\/honwaygroup.com\/pl\/wp-json\/wp\/v2\/types\/product"}],"version-history":[{"count":0,"href":"https:\/\/honwaygroup.com\/pl\/wp-json\/wp\/v2\/product\/73891\/revisions"}],"wp:featuredmedia":[{"embeddable":true,"href":"https:\/\/honwaygroup.com\/pl\/wp-json\/wp\/v2\/media\/73892"}],"wp:attachment":[{"href":"https:\/\/honwaygroup.com\/pl\/wp-json\/wp\/v2\/media?parent=73891"}],"wp:term":[{"taxonomy":"product_brand","embeddable":true,"href":"https:\/\/honwaygroup.com\/pl\/wp-json\/wp\/v2\/product_brand?post=73891"},{"taxonomy":"product_cat","embeddable":true,"href":"https:\/\/honwaygroup.com\/pl\/wp-json\/wp\/v2\/product_cat?post=73891"},{"taxonomy":"product_tag","embeddable":true,"href":"https:\/\/honwaygroup.com\/pl\/wp-json\/wp\/v2\/product_tag?post=73891"}],"curies":[{"name":"wp","href":"https:\/\/api.w.org\/{rel}","templated":true}]}}