{"id":73851,"date":"2021-01-24T15:53:44","date_gmt":"2021-01-24T07:53:44","guid":{"rendered":"https:\/\/honwaygroup.com\/product\/wysokowydajna-polikrystaliczna-pasta-diamentowa-do-stali-narzedziowej\/"},"modified":"2025-02-27T17:45:43","modified_gmt":"2025-02-27T09:45:43","slug":"wysokowydajna-polikrystaliczna-pasta-diamentowa-do-stali-narzedziowej","status":"publish","type":"product","link":"https:\/\/honwaygroup.com\/pl\/produkt\/wysokowydajna-polikrystaliczna-pasta-diamentowa-do-stali-narzedziowej\/","title":{"rendered":"Wysokowydajna polikrystaliczna pasta diamentowa (do stali narz\u0119dziowej)"},"content":{"rendered":"<h3><strong>Wysokowydajna polikrystaliczna pasta diamentowa (do stali narz\u0119dziowej)<\/strong><\/h3>\n<figure id=\"attachment_1607\" aria-describedby=\"caption-attachment-1607\" style=\"width: 724px\" class=\"wp-caption alignnone\"><a href=\"https:\/\/honwaygroup.com\/wp-content\/uploads\/2016\/02\/%E5%AE%8F%E5%B4%B4%E9%91%BD%E7%9F%B3%E7%A3%A8%E6%A3%92DM28-01-scaled.jpg\"><img fetchpriority=\"high\" decoding=\"async\" class=\"wp-image-1607 size-large\" src=\"https:\/\/honwaygroup.com\/wp-content\/uploads\/2016\/02\/%E5%AE%8F%E5%B4%B4%E9%91%BD%E7%9F%B3%E7%A3%A8%E6%A3%92DM28-01-724x1024.jpg\" alt=\"Wysokowydajna polikrystaliczna pasta diamentowa (do stali narz\u0119dziowej)\" width=\"724\" height=\"1024\"><\/a><figcaption id=\"caption-attachment-1607\" class=\"wp-caption-text\">Wysokowydajna polikrystaliczna pasta diamentowa (do stali narz\u0119dziowej)<\/figcaption><\/figure>\n<p>Pasta diamentowa to popularny \u015brodek polerski, kt\u00f3ry przy odpowiednim u\u017cyciu pozwala uzyska\u0107 najlepsze rezultaty.<\/p>\n<p><a href=\"https:\/\/zh.wikipedia.org\/zh-mo\/%E6%8A%9B%E5%85%89\" rel=\"nofollow noopener\" target=\"_blank\">Do polerowania<\/a> nadaj\u0105 si\u0119 narz\u0119dzia wykonane z r\u00f3\u017cnych materia\u0142\u00f3w, od w\u0142\u00f3kien po produkty samoprzylepne, o r\u00f3\u017cnej twardo\u015bci. Przyk\u0142ady to nylon, papier, aksamit, bawe\u0142na itp. <\/p>\n<h4><\/h4>\n<h4><strong>Podczas polerowania pami\u0119taj o tym, \u017ce \uff1a<\/strong><\/h4>\n<ol>\n<li> Polerowanie powinno odbywa\u0107 si\u0119 w czystym, wentylowanym miejscu, poniewa\u017c twarde cz\u0105steczki py\u0142u \u0142atwo przylegaj\u0105 do pasty diamentowej i mog\u0105 uszkodzi\u0107 powierzchni\u0119, kt\u00f3ra jest prawie gotowa.<\/li>\n<li>Ka\u017cde narz\u0119dzie do polerowania powinno by\u0107 u\u017cywane tylko z jednym rodzajem pasty diamentowej. Co wi\u0119cej, nale\u017cy unika\u0107 kurzu.<\/li>\n<li>Przy ka\u017cdej zmianie pasty diamentowej nale\u017cy umy\u0107 r\u0119ce i obrabiany przedmiot.<\/li>\n<li>Dostosuj ci\u015bnienie polerowania do twardo\u015bci narz\u0119dzia polerskiego i wielko\u015bci ziarna pasty diamentowej. W przypadku najdrobniejszej pasty diamentowej nacisk powinien by\u0107 tylko taki, jak ci\u0119\u017car narz\u0119dzia polerskiego.<\/li>\n<li>Polerowanie nale\u017cy rozpocz\u0105\u0107 od naro\u017cnik\u00f3w, kraw\u0119dzi, p\u0142aszczyzn lub innych cz\u0119\u015bci formy.<\/li>\n<\/ol>\n<p>Masz pytanie? <a href=\"https:\/\/honwaygroup.com\/pl\/skontaktuj-sie-z-nami\/\">Skontaktuj si\u0119 z nami!<\/a><\/p>\n","protected":false},"excerpt":{"rendered":"<ul>\n<li>Nadaje si\u0119 do wszelkich metali.<\/li>\n<li>Usuwanie rdzy, ochrona przed rdz\u0105 i polerowanie, wszystko za jednym razem.<\/li>\n<li>Naturalna nietoksyczna, niedra\u017cni\u0105ca i bezwonna.<\/li>\n<\/ul>\n","protected":false},"featured_media":73844,"template":"","meta":{"site-sidebar-layout":"default","site-content-layout":"default","ast-site-content-layout":"default","site-content-style":"default","site-sidebar-style":"default","ast-global-header-display":"","ast-banner-title-visibility":"","ast-main-header-display":"","ast-hfb-above-header-display":"","ast-hfb-below-header-display":"","ast-hfb-mobile-header-display":"","site-post-title":"","ast-breadcrumbs-content":"","ast-featured-img":"","footer-sml-layout":"","ast-disable-related-posts":"","theme-transparent-header-meta":"default","adv-header-id-meta":"","stick-header-meta":"default","header-above-stick-meta":"","header-main-stick-meta":"","header-below-stick-meta":"","astra-migrate-meta-layouts":"set","ast-page-background-enabled":"default","ast-page-background-meta":{"desktop":{"background-color":"var(--ast-global-color-5)","background-image":"","background-repeat":"repeat","background-position":"center center","background-size":"auto","background-attachment":"scroll","background-type":"","background-media":"","overlay-type":"","overlay-color":"","overlay-opacity":"","overlay-gradient":""},"tablet":{"background-color":"","background-image":"","background-repeat":"repeat","background-position":"center center","background-size":"auto","background-attachment":"scroll","background-type":"","background-media":"","overlay-type":"","overlay-color":"","overlay-opacity":"","overlay-gradient":""},"mobile":{"background-color":"","background-image":"","background-repeat":"repeat","background-position":"center center","background-size":"auto","background-attachment":"scroll","background-type":"","background-media":"","overlay-type":"","overlay-color":"","overlay-opacity":"","overlay-gradient":""}},"ast-content-background-meta":{"desktop":{"background-color":"var(--ast-global-color-4)","background-image":"","background-repeat":"repeat","background-position":"center center","background-size":"auto","background-attachment":"scroll","background-type":"","background-media":"","overlay-type":"","overlay-color":"","overlay-opacity":"","overlay-gradient":""},"tablet":{"background-color":"var(--ast-global-color-4)","background-image":"","background-repeat":"repeat","background-position":"center center","background-size":"auto","background-attachment":"scroll","background-type":"","background-media":"","overlay-type":"","overlay-color":"","overlay-opacity":"","overlay-gradient":""},"mobile":{"background-color":"var(--ast-global-color-4)","background-image":"","background-repeat":"repeat","background-position":"center center","background-size":"auto","background-attachment":"scroll","background-type":"","background-media":"","overlay-type":"","overlay-color":"","overlay-opacity":"","overlay-gradient":""}}},"product_brand":[],"product_cat":[3490,3487,3486,3560,3609,3491,3508,3606,3608,3504,3599,3557,3489],"product_tag":[3691],"class_list":{"0":"post-73851","1":"product","2":"type-product","3":"status-publish","4":"has-post-thumbnail","6":"product_cat-ceramika","7":"product_cat-do-tworzyw-sztucznych-i-materialow-niemetalowych","8":"product_cat-materialy-do-obrobki","9":"product_cat-materialy-polerskie","10":"product_cat-materialy-supertwarde","11":"product_cat-metale-bezniklowe","12":"product_cat-pasty","13":"product_cat-pasta-szlifierska","14":"product_cat-polikrystaliczne-pl-2","15":"product_cat-postac-surowca","16":"product_cat-proszki-pasty-zawiesiny-szlifierskie","17":"product_cat-typ-zastosowania","18":"product_cat-zelazonikiel","19":"product_tag-polikrystaliczna-pasta-diamentowa","20":"desktop-align-left","21":"tablet-align-left","22":"mobile-align-left","23":"ast-product-gallery-layout-horizontal-slider","24":"ast-product-single-variable","25":"ast-product-tabs-layout-horizontal","27":"first","28":"instock","29":"taxable","30":"shipping-taxable","31":"purchasable","32":"product-type-variable"},"_links":{"self":[{"href":"https:\/\/honwaygroup.com\/pl\/wp-json\/wp\/v2\/product\/73851","targetHints":{"allow":["GET"]}}],"collection":[{"href":"https:\/\/honwaygroup.com\/pl\/wp-json\/wp\/v2\/product"}],"about":[{"href":"https:\/\/honwaygroup.com\/pl\/wp-json\/wp\/v2\/types\/product"}],"version-history":[{"count":0,"href":"https:\/\/honwaygroup.com\/pl\/wp-json\/wp\/v2\/product\/73851\/revisions"}],"wp:featuredmedia":[{"embeddable":true,"href":"https:\/\/honwaygroup.com\/pl\/wp-json\/wp\/v2\/media\/73844"}],"wp:attachment":[{"href":"https:\/\/honwaygroup.com\/pl\/wp-json\/wp\/v2\/media?parent=73851"}],"wp:term":[{"taxonomy":"product_brand","embeddable":true,"href":"https:\/\/honwaygroup.com\/pl\/wp-json\/wp\/v2\/product_brand?post=73851"},{"taxonomy":"product_cat","embeddable":true,"href":"https:\/\/honwaygroup.com\/pl\/wp-json\/wp\/v2\/product_cat?post=73851"},{"taxonomy":"product_tag","embeddable":true,"href":"https:\/\/honwaygroup.com\/pl\/wp-json\/wp\/v2\/product_tag?post=73851"}],"curies":[{"name":"wp","href":"https:\/\/api.w.org\/{rel}","templated":true}]}}