{"id":73848,"date":"2021-01-18T17:44:41","date_gmt":"2021-01-18T09:44:41","guid":{"rendered":"https:\/\/honwaygroup.com\/product\/ar-600-wielofunkcyjna-ultradzwiekowa-szlifierka-model-uzytkowy\/"},"modified":"2025-09-26T10:44:54","modified_gmt":"2025-09-26T02:44:54","slug":"ar-600-wielofunkcyjna-ultradzwiekowa-szlifierka-model-uzytkowy","status":"publish","type":"product","link":"https:\/\/honwaygroup.com\/pl\/produkt\/ar-600-wielofunkcyjna-ultradzwiekowa-szlifierka-model-uzytkowy\/","title":{"rendered":"AR-600 Wielofunkcyjna ultrad\u017awi\u0119kowa szlifierka (model u\u017cytkowy)"},"content":{"rendered":"<h1>AR-600 Wielofunkcyjna ultrad\u017awi\u0119kowa szlifierka (model u\u017cytkowy)<\/h1>\n<h2><\/h2>\n<h2>Cechy produktu:<\/h2>\n<ul>\n<li>AR-600<strong> Projekt z wysoko wydajnym mikroprocesorem<\/strong><\/li>\n<li><strong>Stabilniejsze dzia\u0142anie<\/strong><\/li>\n<li><strong>Zwi\u0119kszona wydajno\u015b\u0107 polerowania<\/strong><\/li>\n<li>AR-600 wykorzystuje konstrukcj\u0119 z wysoko wydajnym mikroprocesorem, co zapewnia stabilniejsz\u0105 prac\u0119 i zwi\u0119ksza wydajno\u015b\u0107 polerowania.<\/li>\n<li>Po\u0142\u0105czenie ultrad\u017awi\u0119k\u00f3w, wyj\u015bcia z silnikiem pr\u0105du sta\u0142ego szczotkowym i bezszczotkowym, kt\u00f3re spe\u0142niaj\u0105 potrzeby urz\u0105dze\u0144 mobilnych o wi\u0119kszej funkcjonalno\u015bci.<\/li>\n<li>Maksymalna moc wyj\u015bciowa bezszczotkowego wyj\u015bcia DC wynosi 100 wat\u00f3w, a szczotkowego 60 wat\u00f3w.<\/li>\n<li>Zalety urz\u0105dze\u0144 bezszczotkowych to: wysoka pr\u0119dko\u015b\u0107 obrotowa, wysoki moment obrotowy, d\u0142uga \u017cywotno\u015b\u0107, niski poziom ha\u0142asu, brak konieczno\u015bci wymiany szczotek w\u0119glowych i brak py\u0142u w\u0119glowego.<\/li>\n<li>Standardowe wyposa\u017cenie tego urz\u0105dzenia obejmuje jedno narz\u0119dzie ultrad\u017awi\u0119kowe (GS-H09) i jedno narz\u0119dzie obrotowe szczotkowe (U-Lap35).<\/li>\n<\/ul>\n<h2>Specyfikacja produktu:<\/h2>\n<table class=\"specTable\" width=\"100%\">\n<tbody>\n<tr>\n<th colspan=\"2\"><strong>Zasilacz<\/strong><\/th>\n<\/tr>\n<tr>\n<td>\u0179r\u00f3d\u0142o zasilania<\/td>\n<td>AC-90V ~ 250V, 50\/60 Hz<\/td>\n<\/tr>\n<tr>\n<td>Wyj\u015bcie ultrad\u017awi\u0119kowe<\/td>\n<td>45watts<\/td>\n<\/tr>\n<tr>\n<td>Cz\u0119stotliwo\u015b\u0107 wibracji<\/td>\n<td>18 ~ 26 kHz<\/td>\n<\/tr>\n<tr>\n<td>Amplituda<\/td>\n<td>3 ~ 40 \u03bcm<\/td>\n<\/tr>\n<tr>\n<td>Regulacja cz\u0119stotliwo\u015bci drga\u0144<\/td>\n<td>Automatyczne \u015bledzenie<\/td>\n<\/tr>\n<tr>\n<td>Moc pobierana<\/td>\n<td>100 wat\u00f3w<\/td>\n<\/tr>\n<tr>\n<td>Bezpiecznik<\/td>\n<td>2A typ zw\u0142oczny<\/td>\n<\/tr>\n<tr>\n<td>Wyj\u015bcie silnika pr\u0105du sta\u0142ego<\/td>\n<td>5 ~ 30V<\/td>\n<\/tr>\n<tr>\n<td>Moc wyj\u015bciowa szczotkowa<\/td>\n<td>Max. 60 wat\u00f3w <\/td>\n<\/tr>\n<tr>\n<td>Moc wyj\u015bciowa bezszczotkowa<\/td>\n<td>Max. 100 wat\u00f3w <\/td>\n<\/tr>\n<tr>\n<td>Wymiary<\/td>\n<td>170x260x140mm<\/td>\n<\/tr>\n<tr>\n<td>Waga<\/td>\n<td>2.0 kg<\/td>\n<\/tr>\n<\/tbody>\n<\/table>\n<h2>AR-600 jest wyposa\u017cony w:<\/h2>\n<table class=\"specTable\" width=\"100%\">\n<tbody>\n<tr>\n<th class=\"white\" rowspan=\"2\" width=\"25%\"><a href=\"https:\/\/honwaygroup.com\/wp-content\/uploads\/2021\/01\/GS-H04-%E8%B6%85%E9%9F%B3%E6%B3%A2%E6%89%8B%E6%A9%9F_%E5%B7%A5%E4%BD%9C%E5%8D%80%E5%9F%9F-1-%E8%A4%87%E6%9C%AC-54_%E5%B7%A5%E4%BD%9C%E5%8D%80%E5%9F%9F-1-%E8%A4%87%E6%9C%AC-55.webp\"><img fetchpriority=\"high\" decoding=\"async\" class=\"alignnone wp-image-73747 size-full\" src=\"https:\/\/honwaygroup.com\/wp-content\/uploads\/2021\/01\/GS-H04-%E8%B6%85%E9%9F%B3%E6%B3%A2%E6%89%8B%E6%A9%9F_%E5%B7%A5%E4%BD%9C%E5%8D%80%E5%9F%9F-1-%E8%A4%87%E6%9C%AC-54_%E5%B7%A5%E4%BD%9C%E5%8D%80%E5%9F%9F-1-%E8%A4%87%E6%9C%AC-55.webp\" alt=\"\" width=\"983\" height=\"417\"><\/a><\/th>\n<th><strong>Model<\/strong><\/th>\n<th><strong>Specyfikacja<\/strong><\/th>\n<\/tr>\n<tr>\n<td>GS-H09<\/td>\n<td><strong>Ultrad\u017awi\u0119kowa miniszlifierka r\u0119czna<\/strong><br \/>\nMaksymalna moc wyj\u015bciowa: 45 wat\u00f3w<br \/>\nWymiary : \u00d833x146mm<br \/>\nWaga : 254g<\/td>\n<\/tr>\n<\/tbody>\n<\/table>\n<table class=\"specTable\" width=\"100%\">\n<tbody>\n<tr>\n<th class=\"white\" rowspan=\"2\" width=\"25%\"><a href=\"https:\/\/honwaygroup.com\/wp-content\/uploads\/2021\/01\/AR-800P-%E5%BC%B7%E5%8A%9B%E9%9B%99%E5%8A%9F%E8%83%BD%E8%BC%B8%E5%87%BA%E9%9B%BB%E6%BA%90%E6%8E%A7%E5%88%B6%E5%99%A8-6.webp\"><img decoding=\"async\" class=\"alignnone size-medium wp-image-28515\" src=\"https:\/\/honwaygroup.com\/wp-content\/uploads\/2021\/01\/AR-800P-%E5%BC%B7%E5%8A%9B%E9%9B%99%E5%8A%9F%E8%83%BD%E8%BC%B8%E5%87%BA%E9%9B%BB%E6%BA%90%E6%8E%A7%E5%88%B6%E5%99%A8-6-300x175.webp\" alt=\"\" width=\"300\" height=\"175\"><\/a><\/th>\n<th><strong>Model<\/strong><\/th>\n<th><strong>Specyfikacja<\/strong><\/th>\n<\/tr>\n<tr>\n<td>U-Lap35<\/td>\n<td><strong>Elektryczna miniszlifierka r\u0119czna ( DC model szczotkowy )<br \/>\n<\/strong>Pr\u0119dko\u015b\u0107 obrotowa : 35,000 rpm<br \/>\nMoment obrotowy : 2.9 Ncm<br \/>\nWymiary : \u00d829 x 152mm<br \/>\nWaga : 230g<\/td>\n<\/tr>\n<\/tbody>\n<\/table>\n<p><strong>Instrukcja obs\u0142ugi :<\/strong><\/p>\n<p style=\"padding-left: 40px\"><strong>\u25ce dodatkowe wyposa\u017cenie<\/strong><\/p>\n<h2>Zakres zastosowania:<\/h2>\n<h4>Podstawowe przyk\u0142ady zastosowa\u0144<\/h4>\n<table class=\"specTable center\" width=\"100%\">\n<tbody>\n<tr>\n<td><a href=\"https:\/\/honwaygroup.com\/wp-content\/uploads\/2021\/01\/AR-108-%E5%96%AE%E5%8A%9F%E8%83%BD%E8%B6%85%E9%9F%B3%E6%B3%A2%E7%A0%94%E7%A3%A8%E6%A9%9F-1.webp\"><img decoding=\"async\" class=\"alignnone size-full wp-image-28117\" src=\"https:\/\/honwaygroup.com\/wp-content\/uploads\/2021\/01\/AR-108-%E5%96%AE%E5%8A%9F%E8%83%BD%E8%B6%85%E9%9F%B3%E6%B3%A2%E7%A0%94%E7%A3%A8%E6%A9%9F-1.webp\" alt=\"\" width=\"194\" height=\"194\"><\/a><\/td>\n<td><a href=\"https:\/\/honwaygroup.com\/wp-content\/uploads\/2021\/01\/AR-600-E%E9%9B%99%E5%8A%9F%E8%83%BD%E8%B6%85%E9%9F%B3%E6%B3%A2%E7%A0%94%E7%A3%A8%E6%A9%9F-1_%E5%B7%A5%E4%BD%9C%E5%8D%80%E5%9F%9F-1-%E8%A4%87%E6%9C%AC-54.webp\"><img loading=\"lazy\" decoding=\"async\" class=\"alignnone wp-image-28211\" src=\"https:\/\/honwaygroup.com\/wp-content\/uploads\/2021\/01\/AR-600-E%E9%9B%99%E5%8A%9F%E8%83%BD%E8%B6%85%E9%9F%B3%E6%B3%A2%E7%A0%94%E7%A3%A8%E6%A9%9F-1_%E5%B7%A5%E4%BD%9C%E5%8D%80%E5%9F%9F-1-%E8%A4%87%E6%9C%AC-54-300x300.webp\" alt=\"\" width=\"194\" height=\"194\"><\/a><\/td>\n<td><a href=\"https:\/\/honwaygroup.com\/wp-content\/uploads\/2021\/01\/AR-108-%E5%96%AE%E5%8A%9F%E8%83%BD%E8%B6%85%E9%9F%B3%E6%B3%A2%E7%A0%94%E7%A3%A8%E6%A9%9F-2.webp\"><img loading=\"lazy\" decoding=\"async\" class=\"alignnone wp-image-28121 size-full\" src=\"https:\/\/honwaygroup.com\/wp-content\/uploads\/2021\/01\/AR-108-%E5%96%AE%E5%8A%9F%E8%83%BD%E8%B6%85%E9%9F%B3%E6%B3%A2%E7%A0%94%E7%A3%A8%E6%A9%9F-2.webp\" alt=\"\" width=\"194\" height=\"194\"><\/a><\/td>\n<td><a href=\"https:\/\/honwaygroup.com\/wp-content\/uploads\/2021\/01\/AR-108-%E5%96%AE%E5%8A%9F%E8%83%BD%E8%B6%85%E9%9F%B3%E6%B3%A2%E7%A0%94%E7%A3%A8%E6%A9%9F-3.webp\"><img loading=\"lazy\" decoding=\"async\" class=\"alignnone wp-image-28125\" src=\"https:\/\/honwaygroup.com\/wp-content\/uploads\/2021\/01\/AR-108-%E5%96%AE%E5%8A%9F%E8%83%BD%E8%B6%85%E9%9F%B3%E6%B3%A2%E7%A0%94%E7%A3%A8%E6%A9%9F-3-300x300.webp\" alt=\"\" width=\"194\" height=\"194\"><\/a><\/td>\n<\/tr>\n<tr>\n<td style=\"text-align: left\"><strong>Precyzyjne wyko\u0144czenie form<\/strong><\/td>\n<td style=\"text-align: left\"><strong>Obr\u00f3bka szlifierska<br \/>\n<\/strong><\/td>\n<td style=\"text-align: left\"><strong>Mikroobr\u00f3bka szczelin i wg\u0142\u0119bie\u0144<br \/>\n<\/strong><\/td>\n<td style=\"text-align: left\"><strong>Modyfikacja obwod\u00f3w<a href=\"https:\/\/zh.wikipedia.org\/wiki\/%E5%8D%B0%E5%88%B6%E7%94%B5%E8%B7%AF%E6%9D%BF\" rel=\"nofollow noopener\" target=\"_blank\"> p\u0142ytek PCB<\/a><\/strong><\/td>\n<\/tr>\n<\/tbody>\n<\/table>\n<h2><strong><br \/>\n<\/strong>AR-600 Zestawienie kompatybilnych narz\u0119dzi:<\/h2>\n<p><a href=\"https:\/\/honwaygroup.com\/wp-content\/uploads\/2021\/01\/AR-600-%E4%B8%89%E5%8A%9F%E8%83%BD%E8%B6%85%E9%9F%B3%E6%B3%A2%E7%A0%94%E7%A3%A8%E6%A9%9F.png\"><img loading=\"lazy\" decoding=\"async\" class=\"alignnone wp-image-32352 size-large\" src=\"https:\/\/honwaygroup.com\/wp-content\/uploads\/2021\/01\/AR-600-%E4%B8%89%E5%8A%9F%E8%83%BD%E8%B6%85%E9%9F%B3%E6%B3%A2%E7%A0%94%E7%A3%A8%E6%A9%9F-1024x239.png\" alt=\"\" width=\"1024\" height=\"239\"><\/a><\/p>\n<h2><strong><br \/>\n<\/strong>AR-600 Rzeczywista zawarto\u015b\u0107 zestawu (standardowy zestaw):<\/h2>\n<table class=\"specTable\" width=\"100%\">\n<tbody>\n<tr>\n<td>Ultrad\u017awi\u0119kowa miniszlifierka r\u0119czna<\/td>\n<td width=\"20%\"><a href=\"https:\/\/honwaygroup.com\/wp-content\/uploads\/2021\/01\/GS-H04-%E8%B6%85%E9%9F%B3%E6%B3%A2%E6%89%8B%E6%A9%9F_%E5%B7%A5%E4%BD%9C%E5%8D%80%E5%9F%9F-1-%E8%A4%87%E6%9C%AC-54_%E5%B7%A5%E4%BD%9C%E5%8D%80%E5%9F%9F-1-%E8%A4%87%E6%9C%AC-55.webp\"><img fetchpriority=\"high\" decoding=\"async\" class=\"alignnone wp-image-73747 size-full\" src=\"https:\/\/honwaygroup.com\/wp-content\/uploads\/2021\/01\/GS-H04-%E8%B6%85%E9%9F%B3%E6%B3%A2%E6%89%8B%E6%A9%9F_%E5%B7%A5%E4%BD%9C%E5%8D%80%E5%9F%9F-1-%E8%A4%87%E6%9C%AC-54_%E5%B7%A5%E4%BD%9C%E5%8D%80%E5%9F%9F-1-%E8%A4%87%E6%9C%AC-55.webp\" alt=\"\" width=\"983\" height=\"417\"><\/a><\/td>\n<td>( GS &#8211; H09 ) \u00d833 x 146 mm<\/td>\n<\/tr>\n<tr>\n<td>Obrotowa miniszlifierka r\u0119czna\n<\/td>\n<td width=\"20%\"><a href=\"https:\/\/honwaygroup.com\/wp-content\/uploads\/2021\/01\/AR-600-E%E9%9B%99%E5%8A%9F%E8%83%BD%E8%B6%85%E9%9F%B3%E6%B3%A2%E7%A0%94%E7%A3%A8%E6%A9%9F-4.webp\"><img loading=\"lazy\" decoding=\"async\" class=\"alignnone wp-image-28222 size-medium\" src=\"https:\/\/honwaygroup.com\/wp-content\/uploads\/2021\/01\/AR-600-E%E9%9B%99%E5%8A%9F%E8%83%BD%E8%B6%85%E9%9F%B3%E6%B3%A2%E7%A0%94%E7%A3%A8%E6%A9%9F-4-300x127.webp\" alt=\"\" width=\"300\" height=\"127\"><\/a><\/td>\n<td>( U-Lap35 ) \u00d8 29 x 152 mm<\/td>\n<\/tr>\n<tr>\n<td>Kabel zasilaj\u0105cy<\/td>\n<td width=\"20%\"><a href=\"https:\/\/honwaygroup.com\/wp-content\/uploads\/2021\/01\/AR-108-%E5%96%AE%E5%8A%9F%E8%83%BD%E8%B6%85%E9%9F%B3%E6%B3%A2%E7%A0%94%E7%A3%A8%E6%A9%9F-6.webp\"><img loading=\"lazy\" decoding=\"async\" class=\"alignnone wp-image-28137 size-full\" src=\"https:\/\/honwaygroup.com\/wp-content\/uploads\/2021\/01\/AR-108-%E5%96%AE%E5%8A%9F%E8%83%BD%E8%B6%85%E9%9F%B3%E6%B3%A2%E7%A0%94%E7%A3%A8%E6%A9%9F-6.webp\" alt=\"\" width=\"200\" height=\"85\"><\/a><\/td>\n<td>18AWGx3Cx180cm<\/td>\n<\/tr>\n<tr>\n<td>Kabel narz\u0119dziowy<\/td>\n<td width=\"20%\"><a href=\"https:\/\/honwaygroup.com\/wp-content\/uploads\/2021\/01\/AR-108-%E5%96%AE%E5%8A%9F%E8%83%BD%E8%B6%85%E9%9F%B3%E6%B3%A2%E7%A0%94%E7%A3%A8%E6%A9%9F-7.webp\"><img loading=\"lazy\" decoding=\"async\" class=\"alignnone wp-image-28141 size-full\" src=\"https:\/\/honwaygroup.com\/wp-content\/uploads\/2021\/01\/AR-108-%E5%96%AE%E5%8A%9F%E8%83%BD%E8%B6%85%E9%9F%B3%E6%B3%A2%E7%A0%94%E7%A3%A8%E6%A9%9F-7.webp\" alt=\"\" width=\"200\" height=\"85\"><\/a><\/td>\n<td>3Cx150cm<\/td>\n<\/tr>\n<tr>\n<td>Klucz ampulowy\n<\/td>\n<td width=\"20%\"><a href=\"https:\/\/honwaygroup.com\/wp-content\/uploads\/2021\/01\/AR-108-%E5%96%AE%E5%8A%9F%E8%83%BD%E8%B6%85%E9%9F%B3%E6%B3%A2%E7%A0%94%E7%A3%A8%E6%A9%9F-8.webp\"><img loading=\"lazy\" decoding=\"async\" class=\"alignnone wp-image-28145 size-full\" src=\"https:\/\/honwaygroup.com\/wp-content\/uploads\/2021\/01\/AR-108-%E5%96%AE%E5%8A%9F%E8%83%BD%E8%B6%85%E9%9F%B3%E6%B3%A2%E7%A0%94%E7%A3%A8%E6%A9%9F-8.webp\" alt=\"\" width=\"200\" height=\"85\"><\/a><\/td>\n<td>HEX (62mm)<\/td>\n<\/tr>\n<tr>\n<td>Podstawka<\/td>\n<td width=\"20%\"><a href=\"https:\/\/honwaygroup.com\/wp-content\/uploads\/2021\/01\/AR-108-%E5%96%AE%E5%8A%9F%E8%83%BD%E8%B6%85%E9%9F%B3%E6%B3%A2%E7%A0%94%E7%A3%A8%E6%A9%9F-9.webp\"><img loading=\"lazy\" decoding=\"async\" class=\"alignnone wp-image-28149 size-full\" src=\"https:\/\/honwaygroup.com\/wp-content\/uploads\/2021\/01\/AR-108-%E5%96%AE%E5%8A%9F%E8%83%BD%E8%B6%85%E9%9F%B3%E6%B3%A2%E7%A0%94%E7%A3%A8%E6%A9%9F-9.webp\" alt=\"\" width=\"200\" height=\"85\"><\/a><\/td>\n<td>110x50x35 mm<\/td>\n<\/tr>\n<tr>\n<td>Stojak na ko\u0144c\u00f3wki<\/td>\n<td width=\"20%\"><a href=\"https:\/\/honwaygroup.com\/wp-content\/uploads\/2021\/01\/AR-108-%E5%96%AE%E5%8A%9F%E8%83%BD%E8%B6%85%E9%9F%B3%E6%B3%A2%E7%A0%94%E7%A3%A8%E6%A9%9F-10.webp\"><img loading=\"lazy\" decoding=\"async\" class=\"alignnone wp-image-28153 size-full\" src=\"https:\/\/honwaygroup.com\/wp-content\/uploads\/2021\/01\/AR-108-%E5%96%AE%E5%8A%9F%E8%83%BD%E8%B6%85%E9%9F%B3%E6%B3%A2%E7%A0%94%E7%A3%A8%E6%A9%9F-10.webp\" alt=\"\" width=\"200\" height=\"85\"><\/a><\/td>\n<td>\u62c6\u5378 12mm \u9375\u69fd\u4e4b\u593e\u982d<\/td>\n<\/tr>\n<tr>\n<td>Klucz<\/td>\n<td width=\"20%\"><a href=\"https:\/\/honwaygroup.com\/wp-content\/uploads\/2021\/01\/AR-108-%E5%96%AE%E5%8A%9F%E8%83%BD%E8%B6%85%E9%9F%B3%E6%B3%A2%E7%A0%94%E7%A3%A8%E6%A9%9F-11.webp\"><img loading=\"lazy\" decoding=\"async\" class=\"alignnone wp-image-28157 size-full\" src=\"https:\/\/honwaygroup.com\/wp-content\/uploads\/2021\/01\/AR-108-%E5%96%AE%E5%8A%9F%E8%83%BD%E8%B6%85%E9%9F%B3%E6%B3%A2%E7%A0%94%E7%A3%A8%E6%A9%9F-11.webp\" alt=\"\" width=\"200\" height=\"85\"><\/a><\/td>\n<td>140mm (10\/12)<\/td>\n<\/tr>\n<tr>\n<td>Ko\u0144c\u00f3wka (\u00d83.0mm)<\/td>\n<td width=\"20%\"><a href=\"https:\/\/honwaygroup.com\/wp-content\/uploads\/2021\/01\/AR-108-%E5%96%AE%E5%8A%9F%E8%83%BD%E8%B6%85%E9%9F%B3%E6%B3%A2%E7%A0%94%E7%A3%A8%E6%A9%9F-12.webp\"><img loading=\"lazy\" decoding=\"async\" class=\"alignnone wp-image-28161 size-full\" src=\"https:\/\/honwaygroup.com\/wp-content\/uploads\/2021\/01\/AR-108-%E5%96%AE%E5%8A%9F%E8%83%BD%E8%B6%85%E9%9F%B3%E6%B3%A2%E7%A0%94%E7%A3%A8%E6%A9%9F-12.webp\" alt=\"\" width=\"200\" height=\"85\"><\/a><\/td>\n<td>Zaprojektowana specjalnie pod narz\u0119dzia \u00d83mm <\/td>\n<\/tr>\n<tr>\n<td>Ko\u0144c\u00f3wka (\u00d83.0mm)<\/td>\n<td width=\"20%\"><a href=\"https:\/\/honwaygroup.com\/wp-content\/uploads\/2021\/01\/AR-600-E%E9%9B%99%E5%8A%9F%E8%83%BD%E8%B6%85%E9%9F%B3%E6%B3%A2%E7%A0%94%E7%A3%A8%E6%A9%9F-3.webp\"><img loading=\"lazy\" decoding=\"async\" class=\"alignnone wp-image-28226 size-full\" src=\"https:\/\/honwaygroup.com\/wp-content\/uploads\/2021\/01\/AR-600-E%E9%9B%99%E5%8A%9F%E8%83%BD%E8%B6%85%E9%9F%B3%E6%B3%A2%E7%A0%94%E7%A3%A8%E6%A9%9F-3.webp\" alt=\"\" width=\"200\" height=\"85\"><\/a><\/td>\n<td>Zaprojektowana specjalnie pod grubo\u015b\u0107 3mm <\/td>\n<p>\n<\/tr>\n<tr>\n<td>Ko\u0144c\u00f3wka (1.0mm)<\/td>\n<td width=\"20%\"><a href=\"https:\/\/honwaygroup.com\/wp-content\/uploads\/2021\/01\/AR-108-%E5%96%AE%E5%8A%9F%E8%83%BD%E8%B6%85%E9%9F%B3%E6%B3%A2%E7%A0%94%E7%A3%A8%E6%A9%9F-13.webp\"><img loading=\"lazy\" decoding=\"async\" class=\"alignnone wp-image-28165 size-full\" src=\"https:\/\/honwaygroup.com\/wp-content\/uploads\/2021\/01\/AR-108-%E5%96%AE%E5%8A%9F%E8%83%BD%E8%B6%85%E9%9F%B3%E6%B3%A2%E7%A0%94%E7%A3%A8%E6%A9%9F-13.webp\" alt=\"\" width=\"200\" height=\"85\"><\/a><\/td>\n<td>Zaprojektowana specjalnie pod grubo\u015b\u0107 1mm <\/td>\n<\/tr>\n<tr>\n<td>Prze\u0142\u0105cznik no\u017cny<\/td>\n<td width=\"20%\"><a href=\"https:\/\/honwaygroup.com\/wp-content\/uploads\/2021\/01\/AR-108-%E5%96%AE%E5%8A%9F%E8%83%BD%E8%B6%85%E9%9F%B3%E6%B3%A2%E7%A0%94%E7%A3%A8%E6%A9%9F-14.webp\"><img loading=\"lazy\" decoding=\"async\" class=\"alignnone wp-image-28169 size-full\" src=\"https:\/\/honwaygroup.com\/wp-content\/uploads\/2021\/01\/AR-108-%E5%96%AE%E5%8A%9F%E8%83%BD%E8%B6%85%E9%9F%B3%E6%B3%A2%E7%A0%94%E7%A3%A8%E6%A9%9F-14.webp\" alt=\"\" width=\"200\" height=\"85\"><\/a><\/td>\n<td>Kabel o d\u0142ugo\u015bci 150mm<\/td>\n<\/tr>\n<\/tbody>\n<\/table>\n<p>Masz pytanie? <a href=\"https:\/\/honwaygroup.com\/pl\/skontaktuj-sie-z-nami\/\">Skontaktuj si\u0119 z nami!<\/a><\/p>\n","protected":false},"excerpt":{"rendered":"<div id=\"desWrap\">\n<ul>\n<li>AR-600 wykorzystuje konstrukcj\u0119 z wysoko wydajnym mikroprocesorem, co zapewnia stabilniejsz\u0105 prac\u0119 i zwi\u0119ksza wydajno\u015b\u0107 polerowania.<\/li>\n<li>Po\u0142\u0105czenie ultrad\u017awi\u0119k\u00f3w, wyj\u015bcia z silnikiem pr\u0105du sta\u0142ego szczotkowym i bezszczotkowym, kt\u00f3re spe\u0142niaj\u0105 potrzeby urz\u0105dze\u0144 mobilnych o wi\u0119kszej funkcjonalno\u015bci.<\/li>\n<li>Maksymalna moc wyj\u015bciowa bezszczotkowego wyj\u015bcia DC wynosi 100 wat\u00f3w, a szczotkowego 60 wat\u00f3w.<\/li>\n<li>Zalety urz\u0105dze\u0144 bezszczotkowych to: wysoka pr\u0119dko\u015b\u0107 obrotowa, wysoki moment obrotowy, d\u0142uga \u017cywotno\u015b\u0107, niski poziom ha\u0142asu, brak konieczno\u015bci wymiany szczotek w\u0119glowych i brak py\u0142u w\u0119glowego.<\/li>\n<li>Standardowe wyposa\u017cenie tego urz\u0105dzenia obejmuje po jednej s\u0142uchawce ultrad\u017awi\u0119kowej (GS-H09) i szczotkowanej s\u0142uchawce obrotowej (U-Lap35).<\/li>\n<\/ul>\n<h5><strong><span style=\"color: #ff0000;font-size: 19.2px\">\u25b2 W razie potrzeby zakupu dodatkowych cz\u0119\u015bci prosimy o kontakt z obs\u0142ug\u0105 klienta.<\/span><\/strong> <strong><span style=\"color: #ff0000;font-size: 19.2px\">W celu uzyskania informacji o czasie realizacji takiego zam\u00f3wienia oraz czasie dostawy r\u00f3wnie\u017c prosimy o kontakt z obs\u0142ug\u0105 klienta<\/span><\/strong><\/h5>\n<h5><strong><span style=\"color: #ff0000;font-size: 19.2px\">\u25b2 <\/span><\/strong><strong><span style=\"color: #ff0000;font-size: 19.2px\">Przy wi\u0119kszych zam\u00f3wieniach istnieje mo\u017cliwo\u015b\u0107 uzyskania rabatu, prosimy o kontakt z obs\u0142ug\u0105 klienta.<\/span><\/strong><\/h5>\n<h5><strong><span style=\"color: #ff0000;font-size: 19.2px\">\u25b2<\/span><span style=\"color: #ff0000;font-size: 19.2px\">Czas dostawy zam\u00f3wie\u0144<\/span> <span style=\"color: #ff0000\">na Tajwan wynosi<\/span> <span style=\"color: #ff0000;font-size: 19.2px\">oko\u0142o 7\u201314 dni roboczych<\/span><\/strong><\/h5>\n<h5><strong><span style=\"color: #ff0000;font-size: 19.2px\">\u25b2<\/span><span style=\"color: #ff0000\">Czas realizacji wysy\u0142ki mi\u0119dzynarodowej wynosi 7-14 dni, natomiast rzeczywisty czas dostawy zale\u017cy od danej firmy kurierskiej.<\/span><\/strong><\/h5>\n<\/div>\n","protected":false},"featured_media":73849,"template":"","meta":{"site-sidebar-layout":"default","site-content-layout":"default","ast-site-content-layout":"default","site-content-style":"default","site-sidebar-style":"default","ast-global-header-display":"","ast-banner-title-visibility":"","ast-main-header-display":"","ast-hfb-above-header-display":"","ast-hfb-below-header-display":"","ast-hfb-mobile-header-display":"","site-post-title":"","ast-breadcrumbs-content":"","ast-featured-img":"","footer-sml-layout":"","ast-disable-related-posts":"","theme-transparent-header-meta":"default","adv-header-id-meta":"","stick-header-meta":"default","header-above-stick-meta":"","header-main-stick-meta":"","header-below-stick-meta":"","astra-migrate-meta-layouts":"set","ast-page-background-enabled":"default","ast-page-background-meta":{"desktop":{"background-color":"var(--ast-global-color-5)","background-image":"","background-repeat":"repeat","background-position":"center center","background-size":"auto","background-attachment":"scroll","background-type":"","background-media":"","overlay-type":"","overlay-color":"","overlay-opacity":"","overlay-gradient":""},"tablet":{"background-color":"","background-image":"","background-repeat":"repeat","background-position":"center center","background-size":"auto","background-attachment":"scroll","background-type":"","background-media":"","overlay-type":"","overlay-color":"","overlay-opacity":"","overlay-gradient":""},"mobile":{"background-color":"","background-image":"","background-repeat":"repeat","background-position":"center center","background-size":"auto","background-attachment":"scroll","background-type":"","background-media":"","overlay-type":"","overlay-color":"","overlay-opacity":"","overlay-gradient":""}},"ast-content-background-meta":{"desktop":{"background-color":"var(--ast-global-color-4)","background-image":"","background-repeat":"repeat","background-position":"center center","background-size":"auto","background-attachment":"scroll","background-type":"","background-media":"","overlay-type":"","overlay-color":"","overlay-opacity":"","overlay-gradient":""},"tablet":{"background-color":"var(--ast-global-color-4)","background-image":"","background-repeat":"repeat","background-position":"center center","background-size":"auto","background-attachment":"scroll","background-type":"","background-media":"","overlay-type":"","overlay-color":"","overlay-opacity":"","overlay-gradient":""},"mobile":{"background-color":"var(--ast-global-color-4)","background-image":"","background-repeat":"repeat","background-position":"center center","background-size":"auto","background-attachment":"scroll","background-type":"","background-media":"","overlay-type":"","overlay-color":"","overlay-opacity":"","overlay-gradient":""}}},"product_brand":[],"product_cat":[3555,3558,3560,3547,3557,3559],"product_tag":[3878],"class_list":{"0":"post-73848","1":"product","2":"type-product","3":"status-publish","4":"has-post-thumbnail","6":"product_cat-elektryczna-szlifierka-ultradzwiekowa","7":"product_cat-ciecie","8":"product_cat-materialy-polerskie","9":"product_cat-szlifierki-ultradzwiekowe-i","10":"product_cat-typ-zastosowania","11":"product_cat-usuwanie-gratu","12":"product_tag-szlifierka-ultradzwiekowa","13":"desktop-align-left","14":"tablet-align-left","15":"mobile-align-left","16":"ast-product-gallery-layout-horizontal-slider","17":"ast-product-gallery-with-no-image","18":"ast-product-tabs-layout-horizontal","20":"first","21":"instock","22":"taxable","23":"shipping-taxable","24":"purchasable","25":"product-type-simple"},"_links":{"self":[{"href":"https:\/\/honwaygroup.com\/pl\/wp-json\/wp\/v2\/product\/73848","targetHints":{"allow":["GET"]}}],"collection":[{"href":"https:\/\/honwaygroup.com\/pl\/wp-json\/wp\/v2\/product"}],"about":[{"href":"https:\/\/honwaygroup.com\/pl\/wp-json\/wp\/v2\/types\/product"}],"version-history":[{"count":0,"href":"https:\/\/honwaygroup.com\/pl\/wp-json\/wp\/v2\/product\/73848\/revisions"}],"wp:featuredmedia":[{"embeddable":true,"href":"https:\/\/honwaygroup.com\/pl\/wp-json\/wp\/v2\/media\/73849"}],"wp:attachment":[{"href":"https:\/\/honwaygroup.com\/pl\/wp-json\/wp\/v2\/media?parent=73848"}],"wp:term":[{"taxonomy":"product_brand","embeddable":true,"href":"https:\/\/honwaygroup.com\/pl\/wp-json\/wp\/v2\/product_brand?post=73848"},{"taxonomy":"product_cat","embeddable":true,"href":"https:\/\/honwaygroup.com\/pl\/wp-json\/wp\/v2\/product_cat?post=73848"},{"taxonomy":"product_tag","embeddable":true,"href":"https:\/\/honwaygroup.com\/pl\/wp-json\/wp\/v2\/product_tag?post=73848"}],"curies":[{"name":"wp","href":"https:\/\/api.w.org\/{rel}","templated":true}]}}