{"id":73804,"date":"2021-01-23T21:47:09","date_gmt":"2021-01-23T13:47:09","guid":{"rendered":"https:\/\/honwaygroup.com\/product\/pfl-10-zestaw-diamentowych-pilnikow-precyzyjnych\/"},"modified":"2025-09-26T10:14:42","modified_gmt":"2025-09-26T02:14:42","slug":"pfl-10-zestaw-diamentowych-pilnikow-precyzyjnych","status":"publish","type":"product","link":"https:\/\/honwaygroup.com\/pl\/produkt\/pfl-10-zestaw-diamentowych-pilnikow-precyzyjnych\/","title":{"rendered":"PFL-10 Zestaw diamentowych pilnik\u00f3w precyzyjnych"},"content":{"rendered":"<h1>PFL-10 Zestaw diamentowych pilnik\u00f3w precyzyjnych (przed\u0142u\u017cona d\u0142ugo\u015b\u0107)<\/h1>\n<h2>Cechy produktu:<\/h2>\n<ul>\n<li data-start=\"87\" data-end=\"107\">Wysoka odporno\u015b\u0107 na zu\u017cycie, d\u0142uga \u017cywotno\u015b\u0107, trudne do st\u0119pienia.<\/li>\n<li data-start=\"134\" data-end=\"180\">Typowe kombinacje obejmuj\u0105 pilnik p\u0142aski, pilnik okr\u0105g\u0142y, pilnik p\u00f3\u0142okr\u0105g\u0142y, pilnik tr\u00f3jk\u0105tny, pilnik kwadratowy, pilnik no\u017cowy itp., odpowiednie do r\u00f3\u017cnych cz\u0119\u015bci obrabianych.<\/li>\n<li data-start=\"87\" data-end=\"107\">Niekt\u00f3re produkty maj\u0105 uchwyty pokryte gum\u0105 lub tworzywem sztucznym, co poprawia stabilno\u015b\u0107 u\u017cytkowania.<\/li>\n<\/ul>\n<h2>Zakres zastosowania:<\/h2>\n<ul>\n<li>Mo\u017ce by\u0107 stosowany do szlifowania r\u0119cznego, spe\u0142niaj\u0105c potrzeby obr\u00f3bki na poziomie profesjonalnym.<\/li>\n<li>Nadaje si\u0119 do precyzyjnych prac, takich jak korekcja, szlifowanie i polerowanie.<\/li>\n<li>Wykorzystuje ziarna diamentu, odpowiednie do twardych materia\u0142\u00f3w, takich jak metal, ceramika, szk\u0142o, w\u0142\u00f3kno w\u0119glowe itp.<\/li>\n<\/ul>\n<h2>Specyfikacja produktu:<\/h2>\n<table class=\"specTable2\" width=\"100%\">\n<tbody>\n<tr>\n<th colspan=\"2\" rowspan=\"2\">Kszta\u0142t i rozmiar (mm)<\/th>\n<th colspan=\"3\">Numer seryjny<\/th>\n<th rowspan=\"2\" width=\"35%\">\n<ul>\n<li class=\"red\" style=\"text-align: left\">D\u0142ugo\u015b\u0107 ca\u0142kowita : 180mm<\/li>\n<li style=\"text-align: left\">\u015arednica : \u00f83.0mm<\/li>\n<li style=\"text-align: left\">D\u0142ugo\u015b\u0107 diamentu : 25 ~ 50mm<\/li>\n<\/ul>\n<\/th>\n<\/tr>\n<tr>\n<th>#200<\/th>\n<th>#150<\/th>\n<th>#400<\/th>\n<\/tr>\n<tr>\n<td><a href=\"https:\/\/honwaygroup.com\/wp-content\/uploads\/2021\/01\/PFL-10-%E7%B2%BE%E5%AF%86%E7%B5%84%E9%91%BD%E7%9F%B3%E9%8A%BC%E5%88%80_%E5%B7%A5%E4%BD%9C%E5%8D%80%E5%9F%9F-1-%E8%A4%87%E6%9C%AC-5.jpg\"><img decoding=\"async\" class=\"alignnone wp-image-26197\" src=\"https:\/\/honwaygroup.com\/wp-content\/uploads\/2021\/01\/PFL-10-%E7%B2%BE%E5%AF%86%E7%B5%84%E9%91%BD%E7%9F%B3%E9%8A%BC%E5%88%80_%E5%B7%A5%E4%BD%9C%E5%8D%80%E5%9F%9F-1-%E8%A4%87%E6%9C%AC-5.jpg\" alt=\"\" width=\"90\" height=\"77\"><\/a><\/td>\n<td>5.5 x 1.5<\/td>\n<td>PFL-101<\/td>\n<td>PFL-101J<\/td>\n<td>PFL-101V<\/td>\n<td><a href=\"https:\/\/honwaygroup.com\/wp-content\/uploads\/2021\/01\/PFL-10-%E7%B2%BE%E5%AF%86%E7%B5%84%E9%91%BD%E7%9F%B3%E9%8A%BC%E5%88%80_%E5%B7%A5%E4%BD%9C%E5%8D%80%E5%9F%9F-1-%E8%A4%87%E6%9C%AC-11.jpg\"><img decoding=\"async\" class=\"alignnone size-medium wp-image-26217\" src=\"https:\/\/honwaygroup.com\/wp-content\/uploads\/2021\/01\/PFL-10-%E7%B2%BE%E5%AF%86%E7%B5%84%E9%91%BD%E7%9F%B3%E9%8A%BC%E5%88%80_%E5%B7%A5%E4%BD%9C%E5%8D%80%E5%9F%9F-1-%E8%A4%87%E6%9C%AC-11-300x60.jpg\" alt=\"\" width=\"300\" height=\"60\"><\/a><\/td>\n<\/tr>\n<tr>\n<td><a href=\"https:\/\/honwaygroup.com\/wp-content\/uploads\/2021\/01\/PFL-10-%E7%B2%BE%E5%AF%86%E7%B5%84%E9%91%BD%E7%9F%B3%E9%8A%BC%E5%88%80_%E5%B7%A5%E4%BD%9C%E5%8D%80%E5%9F%9F-1-%E8%A4%87%E6%9C%AC-6.jpg\"><img decoding=\"async\" class=\"alignnone wp-image-26201\" src=\"https:\/\/honwaygroup.com\/wp-content\/uploads\/2021\/01\/PFL-10-%E7%B2%BE%E5%AF%86%E7%B5%84%E9%91%BD%E7%9F%B3%E9%8A%BC%E5%88%80_%E5%B7%A5%E4%BD%9C%E5%8D%80%E5%9F%9F-1-%E8%A4%87%E6%9C%AC-6.jpg\" alt=\"\" width=\"90\" height=\"77\"><\/a><\/td>\n<td>5 x 2<\/td>\n<td>PFL -102<\/td>\n<td>PFL -102J<\/td>\n<td>PFL -102V<\/td>\n<td><a href=\"https:\/\/honwaygroup.com\/wp-content\/uploads\/2021\/01\/PFL-10-%E7%B2%BE%E5%AF%86%E7%B5%84%E9%91%BD%E7%9F%B3%E9%8A%BC%E5%88%80_%E5%B7%A5%E4%BD%9C%E5%8D%80%E5%9F%9F-1-%E8%A4%87%E6%9C%AC-12.webp\"><img loading=\"lazy\" decoding=\"async\" class=\"alignnone size-medium wp-image-26221\" src=\"https:\/\/honwaygroup.com\/wp-content\/uploads\/2021\/01\/PFL-10-%E7%B2%BE%E5%AF%86%E7%B5%84%E9%91%BD%E7%9F%B3%E9%8A%BC%E5%88%80_%E5%B7%A5%E4%BD%9C%E5%8D%80%E5%9F%9F-1-%E8%A4%87%E6%9C%AC-12-300x60.webp\" alt=\"\" width=\"300\" height=\"60\"><\/a><\/td>\n<\/tr>\n<tr>\n<td><a href=\"https:\/\/honwaygroup.com\/wp-content\/uploads\/2021\/01\/PFL-10-%E7%B2%BE%E5%AF%86%E7%B5%84%E9%91%BD%E7%9F%B3%E9%8A%BC%E5%88%80_%E5%B7%A5%E4%BD%9C%E5%8D%80%E5%9F%9F-1-%E8%A4%87%E6%9C%AC-8.jpg\"><img loading=\"lazy\" decoding=\"async\" class=\"alignnone wp-image-26205\" src=\"https:\/\/honwaygroup.com\/wp-content\/uploads\/2021\/01\/PFL-10-%E7%B2%BE%E5%AF%86%E7%B5%84%E9%91%BD%E7%9F%B3%E9%8A%BC%E5%88%80_%E5%B7%A5%E4%BD%9C%E5%8D%80%E5%9F%9F-1-%E8%A4%87%E6%9C%AC-8.jpg\" alt=\"\" width=\"90\" height=\"77\"><\/a><\/td>\n<td>\u00d83<\/td>\n<td>PFL -103<\/td>\n<td>PFL -103J<\/td>\n<td>PFL -103V<\/td>\n<td><a href=\"https:\/\/honwaygroup.com\/wp-content\/uploads\/2021\/01\/PFL-10-%E7%B2%BE%E5%AF%86%E7%B5%84%E9%91%BD%E7%9F%B3%E9%8A%BC%E5%88%80_%E5%B7%A5%E4%BD%9C%E5%8D%80%E5%9F%9F-1-%E8%A4%87%E6%9C%AC-13.webp\"><img loading=\"lazy\" decoding=\"async\" class=\"alignnone size-medium wp-image-26225\" src=\"https:\/\/honwaygroup.com\/wp-content\/uploads\/2021\/01\/PFL-10-%E7%B2%BE%E5%AF%86%E7%B5%84%E9%91%BD%E7%9F%B3%E9%8A%BC%E5%88%80_%E5%B7%A5%E4%BD%9C%E5%8D%80%E5%9F%9F-1-%E8%A4%87%E6%9C%AC-13-300x60.webp\" alt=\"\" width=\"300\" height=\"60\"><\/a><\/td>\n<\/tr>\n<tr>\n<td><a href=\"https:\/\/honwaygroup.com\/wp-content\/uploads\/2021\/01\/PFL-10-%E7%B2%BE%E5%AF%86%E7%B5%84%E9%91%BD%E7%9F%B3%E9%8A%BC%E5%88%80_%E5%B7%A5%E4%BD%9C%E5%8D%80%E5%9F%9F-1-%E8%A4%87%E6%9C%AC-9.jpg\"><img loading=\"lazy\" decoding=\"async\" class=\"alignnone wp-image-26209\" src=\"https:\/\/honwaygroup.com\/wp-content\/uploads\/2021\/01\/PFL-10-%E7%B2%BE%E5%AF%86%E7%B5%84%E9%91%BD%E7%9F%B3%E9%8A%BC%E5%88%80_%E5%B7%A5%E4%BD%9C%E5%8D%80%E5%9F%9F-1-%E8%A4%87%E6%9C%AC-9.jpg\" alt=\"\" width=\"90\" height=\"77\"><\/a><\/td>\n<td>2.5<\/td>\n<td>PFL -104<\/td>\n<td>PFL -104J<\/td>\n<td>PFL -104V<\/td>\n<td><a href=\"https:\/\/honwaygroup.com\/wp-content\/uploads\/2021\/01\/PFL-10-%E7%B2%BE%E5%AF%86%E7%B5%84%E9%91%BD%E7%9F%B3%E9%8A%BC%E5%88%80_%E5%B7%A5%E4%BD%9C%E5%8D%80%E5%9F%9F-1-%E8%A4%87%E6%9C%AC-14.webp\"><img loading=\"lazy\" decoding=\"async\" class=\"alignnone size-medium wp-image-26229\" src=\"https:\/\/honwaygroup.com\/wp-content\/uploads\/2021\/01\/PFL-10-%E7%B2%BE%E5%AF%86%E7%B5%84%E9%91%BD%E7%9F%B3%E9%8A%BC%E5%88%80_%E5%B7%A5%E4%BD%9C%E5%8D%80%E5%9F%9F-1-%E8%A4%87%E6%9C%AC-14-300x60.webp\" alt=\"\" width=\"300\" height=\"60\"><\/a><\/td>\n<\/tr>\n<tr>\n<td><a href=\"https:\/\/honwaygroup.com\/wp-content\/uploads\/2021\/01\/PFL-10-%E7%B2%BE%E5%AF%86%E7%B5%84%E9%91%BD%E7%9F%B3%E9%8A%BC%E5%88%80_%E5%B7%A5%E4%BD%9C%E5%8D%80%E5%9F%9F-1-%E8%A4%87%E6%9C%AC-10.jpg\"><img loading=\"lazy\" decoding=\"async\" class=\"alignnone wp-image-26213\" src=\"https:\/\/honwaygroup.com\/wp-content\/uploads\/2021\/01\/PFL-10-%E7%B2%BE%E5%AF%86%E7%B5%84%E9%91%BD%E7%9F%B3%E9%8A%BC%E5%88%80_%E5%B7%A5%E4%BD%9C%E5%8D%80%E5%9F%9F-1-%E8%A4%87%E6%9C%AC-10.jpg\" alt=\"\" width=\"90\" height=\"77\"><\/a><\/td>\n<td>3.5<\/td>\n<td>PFL -105<\/td>\n<td>PFL -105J<\/td>\n<td>PFL -105V<\/td>\n<td><a href=\"https:\/\/honwaygroup.com\/wp-content\/uploads\/2021\/01\/PFL-10-%E7%B2%BE%E5%AF%86%E7%B5%84%E9%91%BD%E7%9F%B3%E9%8A%BC%E5%88%80_%E5%B7%A5%E4%BD%9C%E5%8D%80%E5%9F%9F-1-%E8%A4%87%E6%9C%AC-15.jpg\"><img loading=\"lazy\" decoding=\"async\" class=\"alignnone size-medium wp-image-26233\" src=\"https:\/\/honwaygroup.com\/wp-content\/uploads\/2021\/01\/PFL-10-%E7%B2%BE%E5%AF%86%E7%B5%84%E9%91%BD%E7%9F%B3%E9%8A%BC%E5%88%80_%E5%B7%A5%E4%BD%9C%E5%8D%80%E5%9F%9F-1-%E8%A4%87%E6%9C%AC-15-300x60.jpg\" alt=\"\" width=\"300\" height=\"60\"><\/a><\/td>\n<\/tr>\n<tr>\n<td><a href=\"https:\/\/honwaygroup.com\/wp-content\/uploads\/2021\/01\/PFL-10-%E7%B2%BE%E5%AF%86%E7%B5%84%E9%91%BD%E7%9F%B3%E9%8A%BC%E5%88%80_%E5%B7%A5%E4%BD%9C%E5%8D%80%E5%9F%9F-1-%E8%A4%87%E6%9C%AC-21.jpg\"><img loading=\"lazy\" decoding=\"async\" class=\"alignnone wp-image-26257\" src=\"https:\/\/honwaygroup.com\/wp-content\/uploads\/2021\/01\/PFL-10-%E7%B2%BE%E5%AF%86%E7%B5%84%E9%91%BD%E7%9F%B3%E9%8A%BC%E5%88%80_%E5%B7%A5%E4%BD%9C%E5%8D%80%E5%9F%9F-1-%E8%A4%87%E6%9C%AC-21.jpg\" alt=\"\" width=\"90\" height=\"77\"><\/a><\/td>\n<td>5.5 x 1<\/td>\n<td>PFL -106<\/td>\n<td>PFL -106 J<\/td>\n<td>PFL -106 V<\/td>\n<td><a href=\"https:\/\/honwaygroup.com\/wp-content\/uploads\/2021\/01\/PFL-10-%E7%B2%BE%E5%AF%86%E7%B5%84%E9%91%BD%E7%9F%B3%E9%8A%BC%E5%88%80_%E5%B7%A5%E4%BD%9C%E5%8D%80%E5%9F%9F-1-%E8%A4%87%E6%9C%AC-16.jpg\"><img loading=\"lazy\" decoding=\"async\" class=\"alignnone size-medium wp-image-26237\" src=\"https:\/\/honwaygroup.com\/wp-content\/uploads\/2021\/01\/PFL-10-%E7%B2%BE%E5%AF%86%E7%B5%84%E9%91%BD%E7%9F%B3%E9%8A%BC%E5%88%80_%E5%B7%A5%E4%BD%9C%E5%8D%80%E5%9F%9F-1-%E8%A4%87%E6%9C%AC-16-300x60.jpg\" alt=\"\" width=\"300\" height=\"60\"><\/a><\/td>\n<\/tr>\n<tr>\n<td><a href=\"https:\/\/honwaygroup.com\/wp-content\/uploads\/2021\/01\/PFL-10-%E7%B2%BE%E5%AF%86%E7%B5%84%E9%91%BD%E7%9F%B3%E9%8A%BC%E5%88%80_%E5%B7%A5%E4%BD%9C%E5%8D%80%E5%9F%9F-1-%E8%A4%87%E6%9C%AC-22.webp\"><img loading=\"lazy\" decoding=\"async\" class=\"alignnone wp-image-26261\" src=\"https:\/\/honwaygroup.com\/wp-content\/uploads\/2021\/01\/PFL-10-%E7%B2%BE%E5%AF%86%E7%B5%84%E9%91%BD%E7%9F%B3%E9%8A%BC%E5%88%80_%E5%B7%A5%E4%BD%9C%E5%8D%80%E5%9F%9F-1-%E8%A4%87%E6%9C%AC-22.webp\" alt=\"\" width=\"90\" height=\"77\"><\/a><\/td>\n<td>5.5 x 0.5<\/td>\n<td>PFL -705<\/td>\n<td>PFL -705J<\/td>\n<td>PFL -705V<\/td>\n<td><a href=\"https:\/\/honwaygroup.com\/wp-content\/uploads\/2021\/01\/PFL-10-%E7%B2%BE%E5%AF%86%E7%B5%84%E9%91%BD%E7%9F%B3%E9%8A%BC%E5%88%80_%E5%B7%A5%E4%BD%9C%E5%8D%80%E5%9F%9F-1-%E8%A4%87%E6%9C%AC-17.jpg\"><img loading=\"lazy\" decoding=\"async\" class=\"alignnone size-medium wp-image-26241\" src=\"https:\/\/honwaygroup.com\/wp-content\/uploads\/2021\/01\/PFL-10-%E7%B2%BE%E5%AF%86%E7%B5%84%E9%91%BD%E7%9F%B3%E9%8A%BC%E5%88%80_%E5%B7%A5%E4%BD%9C%E5%8D%80%E5%9F%9F-1-%E8%A4%87%E6%9C%AC-17-300x60.jpg\" alt=\"\" width=\"300\" height=\"60\"><\/a><\/td>\n<\/tr>\n<tr>\n<td><a href=\"https:\/\/honwaygroup.com\/wp-content\/uploads\/2021\/01\/PFL-10-%E7%B2%BE%E5%AF%86%E7%B5%84%E9%91%BD%E7%9F%B3%E9%8A%BC%E5%88%80_%E5%B7%A5%E4%BD%9C%E5%8D%80%E5%9F%9F-1-%E8%A4%87%E6%9C%AC-23.webp\"><img loading=\"lazy\" decoding=\"async\" class=\"alignnone wp-image-26265\" src=\"https:\/\/honwaygroup.com\/wp-content\/uploads\/2021\/01\/PFL-10-%E7%B2%BE%E5%AF%86%E7%B5%84%E9%91%BD%E7%9F%B3%E9%8A%BC%E5%88%80_%E5%B7%A5%E4%BD%9C%E5%8D%80%E5%9F%9F-1-%E8%A4%87%E6%9C%AC-23.webp\" alt=\"\" width=\"90\" height=\"77\"><\/a><\/td>\n<td>5.5 x 0.8<\/td>\n<td>PFL -708<\/td>\n<td>PFL -708J<\/td>\n<td>PFL -708V<\/td>\n<td><a href=\"https:\/\/honwaygroup.com\/wp-content\/uploads\/2021\/01\/PFL-10-%E7%B2%BE%E5%AF%86%E7%B5%84%E9%91%BD%E7%9F%B3%E9%8A%BC%E5%88%80_%E5%B7%A5%E4%BD%9C%E5%8D%80%E5%9F%9F-1-%E8%A4%87%E6%9C%AC-18.jpg\"><img loading=\"lazy\" decoding=\"async\" class=\"alignnone size-medium wp-image-26245\" src=\"https:\/\/honwaygroup.com\/wp-content\/uploads\/2021\/01\/PFL-10-%E7%B2%BE%E5%AF%86%E7%B5%84%E9%91%BD%E7%9F%B3%E9%8A%BC%E5%88%80_%E5%B7%A5%E4%BD%9C%E5%8D%80%E5%9F%9F-1-%E8%A4%87%E6%9C%AC-18-300x60.jpg\" alt=\"\" width=\"300\" height=\"60\"><\/a><\/td>\n<\/tr>\n<tr>\n<td><a href=\"https:\/\/honwaygroup.com\/wp-content\/uploads\/2021\/01\/PFL-10-%E7%B2%BE%E5%AF%86%E7%B5%84%E9%91%BD%E7%9F%B3%E9%8A%BC%E5%88%80_%E5%B7%A5%E4%BD%9C%E5%8D%80%E5%9F%9F-1-%E8%A4%87%E6%9C%AC-24.webp\"><img loading=\"lazy\" decoding=\"async\" class=\"alignnone wp-image-26269\" src=\"https:\/\/honwaygroup.com\/wp-content\/uploads\/2021\/01\/PFL-10-%E7%B2%BE%E5%AF%86%E7%B5%84%E9%91%BD%E7%9F%B3%E9%8A%BC%E5%88%80_%E5%B7%A5%E4%BD%9C%E5%8D%80%E5%9F%9F-1-%E8%A4%87%E6%9C%AC-24.webp\" alt=\"\" width=\"90\" height=\"77\"><\/a><\/td>\n<td>\u00d82<\/td>\n<td>PFL -03<\/td>\n<td>PFL -03J<\/td>\n<td>PFL -03V<\/td>\n<td><a href=\"https:\/\/honwaygroup.com\/wp-content\/uploads\/2021\/01\/PFL-10-%E7%B2%BE%E5%AF%86%E7%B5%84%E9%91%BD%E7%9F%B3%E9%8A%BC%E5%88%80_%E5%B7%A5%E4%BD%9C%E5%8D%80%E5%9F%9F-1-%E8%A4%87%E6%9C%AC-19.jpg\"><img loading=\"lazy\" decoding=\"async\" class=\"alignnone size-medium wp-image-26249\" src=\"https:\/\/honwaygroup.com\/wp-content\/uploads\/2021\/01\/PFL-10-%E7%B2%BE%E5%AF%86%E7%B5%84%E9%91%BD%E7%9F%B3%E9%8A%BC%E5%88%80_%E5%B7%A5%E4%BD%9C%E5%8D%80%E5%9F%9F-1-%E8%A4%87%E6%9C%AC-19-300x60.jpg\" alt=\"\" width=\"300\" height=\"60\"><\/a><\/td>\n<\/tr>\n<tr>\n<td><a href=\"https:\/\/honwaygroup.com\/wp-content\/uploads\/2021\/01\/PFL-10-%E7%B2%BE%E5%AF%86%E7%B5%84%E9%91%BD%E7%9F%B3%E9%8A%BC%E5%88%80_%E5%B7%A5%E4%BD%9C%E5%8D%80%E5%9F%9F-1-%E8%A4%87%E6%9C%AC-25.webp\"><img loading=\"lazy\" decoding=\"async\" class=\"alignnone wp-image-26273\" src=\"https:\/\/honwaygroup.com\/wp-content\/uploads\/2021\/01\/PFL-10-%E7%B2%BE%E5%AF%86%E7%B5%84%E9%91%BD%E7%9F%B3%E9%8A%BC%E5%88%80_%E5%B7%A5%E4%BD%9C%E5%8D%80%E5%9F%9F-1-%E8%A4%87%E6%9C%AC-25.webp\" alt=\"\" width=\"90\" height=\"77\"><\/a><\/td>\n<td>5.5 x 1.5<\/td>\n<td>PFL -01<\/td>\n<td>PFL -01J<\/td>\n<td>PFL -01V<\/td>\n<td><a href=\"https:\/\/honwaygroup.com\/wp-content\/uploads\/2021\/01\/PFL-10-%E7%B2%BE%E5%AF%86%E7%B5%84%E9%91%BD%E7%9F%B3%E9%8A%BC%E5%88%80_%E5%B7%A5%E4%BD%9C%E5%8D%80%E5%9F%9F-1-%E8%A4%87%E6%9C%AC-20.jpg\"><img loading=\"lazy\" decoding=\"async\" class=\"alignnone size-medium wp-image-26253\" src=\"https:\/\/honwaygroup.com\/wp-content\/uploads\/2021\/01\/PFL-10-%E7%B2%BE%E5%AF%86%E7%B5%84%E9%91%BD%E7%9F%B3%E9%8A%BC%E5%88%80_%E5%B7%A5%E4%BD%9C%E5%8D%80%E5%9F%9F-1-%E8%A4%87%E6%9C%AC-20-300x60.jpg\" alt=\"\" width=\"300\" height=\"60\"><\/a><\/td>\n<\/tr>\n<tr>\n<td colspan=\"2\"><strong>W zestawie jest 10 sztuk.<\/strong><\/td>\n<td>PFL -100<\/td>\n<td>PFL-100J<\/td>\n<td>PFL -100V<\/td>\n<td><\/td>\n<\/tr>\n<\/tbody>\n<\/table>\n<p>Masz pytanie? <a href=\"https:\/\/honwaygroup.com\/pl\/skontaktuj-sie-z-nami\/\">Skontaktuj si\u0119 z nami!<\/a><\/p>\n","protected":false},"excerpt":{"rendered":"<ul>\n<li data-start=\"46\" data-end=\"86\">Wykorzystuje ziarna diamentu, odpowiednie do twardych materia\u0142\u00f3w, takich jak metal, ceramika, szk\u0142o, w\u0142\u00f3kno w\u0119glowe itp.<\/li>\n<li data-start=\"87\" data-end=\"107\">Wysoka odporno\u015b\u0107 na zu\u017cycie, d\u0142uga \u017cywotno\u015b\u0107, trudne do st\u0119pienia.<\/li>\n<li data-start=\"134\" data-end=\"180\">Typowe kombinacje obejmuj\u0105 pilnik p\u0142aski, pilnik okr\u0105g\u0142y, pilnik p\u00f3\u0142okr\u0105g\u0142y, pilnik tr\u00f3jk\u0105tny, pilnik kwadratowy, pilnik no\u017cowy itp., odpowiednie do r\u00f3\u017cnych cz\u0119\u015bci obrabianych.<\/li>\n<li data-start=\"181\" data-end=\"209\">Nadaje si\u0119 do precyzyjnych prac, takich jak korekcja, szlifowanie i polerowanie.<\/li>\n<li data-start=\"87\" data-end=\"107\">Niekt\u00f3re produkty maj\u0105 uchwyty pokryte gum\u0105 lub tworzywem sztucznym, co poprawia stabilno\u015b\u0107 u\u017cytkowania.<\/li>\n<\/ul>\n<h5><strong><span style=\"color: #ff0000;font-size: 19.2px\">\u25b2<\/span> <\/strong><strong><span style=\"color: #ff0000;font-size: 19.2px\">W przypadku zapotrzebowania na niestandardowe rozmiary prosimy o kontakt z obs\u0142ug\u0105 klienta. W celu uzyskania informacji o czas realizacji takiego zam\u00f3wienia r\u00f3wnie\u017c prosimy o kontakt z obs\u0142ug\u0105 klienta.<\/span><\/strong><\/h5>\n<h5><strong><span style=\"color: #ff0000;font-size: 19.2px\">\u25b2 Przy wi\u0119kszych zam\u00f3wieniach istnieje mo\u017cliwo\u015b\u0107 uzyskania rabatu, prosimy o kontakt z obs\u0142ug\u0105 klienta.<\/span><\/strong><\/h5>\n<h5><strong><span style=\"color: #ff0000;font-size: 19.2px\">\u25b2<\/span><span style=\"color: #ff0000;font-size: 19.2px\">Czas dostawy zam\u00f3wie\u0144<\/span> <span style=\"color: #ff0000\">na Tajwan wynosi<\/span> <span style=\"color: #ff0000;font-size: 19.2px\">oko\u0142o 7\u201314 dni roboczych<\/span><\/strong><\/h5>\n<h5><strong><span style=\"color: #ff0000;font-size: 19.2px\">\u25b2<\/span><span style=\"color: #ff0000\">Czas realizacji wysy\u0142ki mi\u0119dzynarodowej wynosi 7-14 dni, natomiast rzeczywisty czas dostawy zale\u017cy od danej firmy kurierskiej.<\/span><\/strong><\/h5>\n","protected":false},"featured_media":73806,"template":"","meta":{"site-sidebar-layout":"default","site-content-layout":"default","ast-site-content-layout":"default","site-content-style":"default","site-sidebar-style":"default","ast-global-header-display":"","ast-banner-title-visibility":"","ast-main-header-display":"","ast-hfb-above-header-display":"","ast-hfb-below-header-display":"","ast-hfb-mobile-header-display":"","site-post-title":"","ast-breadcrumbs-content":"","ast-featured-img":"","footer-sml-layout":"","ast-disable-related-posts":"","theme-transparent-header-meta":"default","adv-header-id-meta":"","stick-header-meta":"default","header-above-stick-meta":"","header-main-stick-meta":"","header-below-stick-meta":"","astra-migrate-meta-layouts":"set","ast-page-background-enabled":"default","ast-page-background-meta":{"desktop":{"background-color":"var(--ast-global-color-5)","background-image":"","background-repeat":"repeat","background-position":"center center","background-size":"auto","background-attachment":"scroll","background-type":"","background-media":"","overlay-type":"","overlay-color":"","overlay-opacity":"","overlay-gradient":""},"tablet":{"background-color":"","background-image":"","background-repeat":"repeat","background-position":"center center","background-size":"auto","background-attachment":"scroll","background-type":"","background-media":"","overlay-type":"","overlay-color":"","overlay-opacity":"","overlay-gradient":""},"mobile":{"background-color":"","background-image":"","background-repeat":"repeat","background-position":"center center","background-size":"auto","background-attachment":"scroll","background-type":"","background-media":"","overlay-type":"","overlay-color":"","overlay-opacity":"","overlay-gradient":""}},"ast-content-background-meta":{"desktop":{"background-color":"var(--ast-global-color-4)","background-image":"","background-repeat":"repeat","background-position":"center center","background-size":"auto","background-attachment":"scroll","background-type":"","background-media":"","overlay-type":"","overlay-color":"","overlay-opacity":"","overlay-gradient":""},"tablet":{"background-color":"var(--ast-global-color-4)","background-image":"","background-repeat":"repeat","background-position":"center center","background-size":"auto","background-attachment":"scroll","background-type":"","background-media":"","overlay-type":"","overlay-color":"","overlay-opacity":"","overlay-gradient":""},"mobile":{"background-color":"var(--ast-global-color-4)","background-image":"","background-repeat":"repeat","background-position":"center center","background-size":"auto","background-attachment":"scroll","background-type":"","background-media":"","overlay-type":"","overlay-color":"","overlay-opacity":"","overlay-gradient":""}}},"product_brand":[],"product_cat":[3446,3617],"product_tag":[3956],"class_list":{"0":"post-73804","1":"product","2":"type-product","3":"status-publish","4":"has-post-thumbnail","6":"product_cat-dianond-tools-pl","7":"product_cat-diamentowe-pilniki-reczne","8":"product_tag-pilniki-diamentowe","9":"desktop-align-left","10":"tablet-align-left","11":"mobile-align-left","12":"ast-product-gallery-layout-horizontal-slider","13":"ast-product-gallery-with-no-image","14":"ast-product-single-variable","15":"ast-product-tabs-layout-horizontal","17":"first","18":"instock","19":"featured","20":"taxable","21":"shipping-taxable","22":"purchasable","23":"product-type-variable"},"_links":{"self":[{"href":"https:\/\/honwaygroup.com\/pl\/wp-json\/wp\/v2\/product\/73804","targetHints":{"allow":["GET"]}}],"collection":[{"href":"https:\/\/honwaygroup.com\/pl\/wp-json\/wp\/v2\/product"}],"about":[{"href":"https:\/\/honwaygroup.com\/pl\/wp-json\/wp\/v2\/types\/product"}],"version-history":[{"count":0,"href":"https:\/\/honwaygroup.com\/pl\/wp-json\/wp\/v2\/product\/73804\/revisions"}],"wp:featuredmedia":[{"embeddable":true,"href":"https:\/\/honwaygroup.com\/pl\/wp-json\/wp\/v2\/media\/73806"}],"wp:attachment":[{"href":"https:\/\/honwaygroup.com\/pl\/wp-json\/wp\/v2\/media?parent=73804"}],"wp:term":[{"taxonomy":"product_brand","embeddable":true,"href":"https:\/\/honwaygroup.com\/pl\/wp-json\/wp\/v2\/product_brand?post=73804"},{"taxonomy":"product_cat","embeddable":true,"href":"https:\/\/honwaygroup.com\/pl\/wp-json\/wp\/v2\/product_cat?post=73804"},{"taxonomy":"product_tag","embeddable":true,"href":"https:\/\/honwaygroup.com\/pl\/wp-json\/wp\/v2\/product_tag?post=73804"}],"curies":[{"name":"wp","href":"https:\/\/api.w.org\/{rel}","templated":true}]}}