{"id":73796,"date":"2021-01-24T01:54:49","date_gmt":"2021-01-23T17:54:49","guid":{"rendered":"https:\/\/honwaygroup.com\/product\/reczny-obciagacz-diamentowy\/"},"modified":"2025-09-26T10:14:00","modified_gmt":"2025-09-26T02:14:00","slug":"reczny-obciagacz-diamentowy","status":"publish","type":"product","link":"https:\/\/honwaygroup.com\/pl\/produkt\/reczny-obciagacz-diamentowy\/","title":{"rendered":"R\u0119czny obci\u0105gacz diamentowy"},"content":{"rendered":"<h1><strong>Rozmiar bloku diamentowego<\/strong><\/h1>\n<h2><\/h2>\n<h2>Zakres zastosowania:<\/h2>\n<ul>\n<li>Mo\u017ce by\u0107 u\u017cywany do pomocniczego szlifowania <a href=\"https:\/\/baike.baidu.hk\/item\/%E7%B4%B0%E7%93%B7\/10034092\" rel=\"nofollow noopener\" target=\"_blank\">drobnej porcelany<\/a>, <a href=\"https:\/\/zh.wikipedia.org\/wiki\/%E7%A2%B3%E5%8C%96%E7%89%A9\" rel=\"nofollow noopener\" target=\"_blank\">w\u0119glika (karbidu)<\/a> i <a href=\"https:\/\/zh.wikipedia.org\/wiki\/%E9%8B%81%E5%90%88%E9%87%91\" rel=\"nofollow noopener\" target=\"_blank\">stop\u00f3w aluminium.<\/a><\/li>\n<\/ul>\n<h2>Specyfikacja produktu:<\/h2>\n<p><a href=\"https:\/\/honwaygroup.com\/wp-content\/uploads\/2021\/01\/%E6%89%8B%E6%8C%81%E5%BC%8F%E9%91%BD%E7%9F%B3%E4%BF%AE%E5%88%80_%E5%B7%A5%E4%BD%9C%E5%8D%80%E5%9F%9F-1-%E8%A4%87%E6%9C%AC-28.webp\"><img fetchpriority=\"high\" decoding=\"async\" class=\"alignnone size-full wp-image-27359\" src=\"https:\/\/honwaygroup.com\/wp-content\/uploads\/2021\/01\/%E6%89%8B%E6%8C%81%E5%BC%8F%E9%91%BD%E7%9F%B3%E4%BF%AE%E5%88%80_%E5%B7%A5%E4%BD%9C%E5%8D%80%E5%9F%9F-1-%E8%A4%87%E6%9C%AC-28.webp\" alt=\"\" width=\"1253\" height=\"250\"><\/a><\/p>\n<p>Jednostka : mm<\/p>\n<table class=\"specTable\" width=\"100%\">\n<tbody>\n<tr>\n<th>Kszta\u0142t\n<\/th>\n<th>Numer seryjny\n<\/th>\n<th>Blok diamentowy\n<\/th>\n<th>Ziarnisto\u015b\u0107<\/th>\n<\/tr>\n<tr>\n<td width=\"30%\"><strong>Typ 01<\/strong><\/p>\n<p><a href=\"https:\/\/honwaygroup.com\/wp-content\/uploads\/2021\/01\/%E6%89%8B%E6%8C%81%E5%BC%8F%E9%91%BD%E7%9F%B3%E4%BF%AE%E5%88%80_%E5%B7%A5%E4%BD%9C%E5%8D%80%E5%9F%9F-1-%E8%A4%87%E6%9C%AC-29.webp\"><img decoding=\"async\" class=\"alignnone size-full wp-image-27363\" src=\"https:\/\/honwaygroup.com\/wp-content\/uploads\/2021\/01\/%E6%89%8B%E6%8C%81%E5%BC%8F%E9%91%BD%E7%9F%B3%E4%BF%AE%E5%88%80_%E5%B7%A5%E4%BD%9C%E5%8D%80%E5%9F%9F-1-%E8%A4%87%E6%9C%AC-29.webp\" alt=\"\" width=\"1253\" height=\"250\"><\/a><\/p>\n<p>Ca\u0142kowita d\u0142ugo\u015b\u0107 : 160mm<\/td>\n<td>HD &#8211; 01R<br \/>\nHD &#8211; 01F<\/td>\n<td width=\"13%\"><a href=\"https:\/\/honwaygroup.com\/wp-content\/uploads\/2021\/01\/%E6%89%8B%E6%8C%81%E5%BC%8F%E9%91%BD%E7%9F%B3%E4%BF%AE%E5%88%80_%E5%B7%A5%E4%BD%9C%E5%8D%80%E5%9F%9F-1-%E8%A4%87%E6%9C%AC-5-1.webp\"><img decoding=\"async\" class=\"alignnone size-full wp-image-27376\" src=\"https:\/\/honwaygroup.com\/wp-content\/uploads\/2021\/01\/%E6%89%8B%E6%8C%81%E5%BC%8F%E9%91%BD%E7%9F%B3%E4%BF%AE%E5%88%80_%E5%B7%A5%E4%BD%9C%E5%8D%80%E5%9F%9F-1-%E8%A4%87%E6%9C%AC-5-1.webp\" alt=\"\" width=\"292\" height=\"250\"><\/a><\/td>\n<td>R : gruboziarnisty<br \/>\nF : drobnoziarnisty<\/td>\n<\/tr>\n<tr>\n<td><strong>Typ 02<\/strong><\/p>\n<p><a href=\"https:\/\/honwaygroup.com\/wp-content\/uploads\/2021\/01\/%E6%89%8B%E6%8C%81%E5%BC%8F%E9%91%BD%E7%9F%B3%E4%BF%AE%E5%88%80_%E5%B7%A5%E4%BD%9C%E5%8D%80%E5%9F%9F-1-%E8%A4%87%E6%9C%AC-30.webp\"><img loading=\"lazy\" decoding=\"async\" class=\"alignnone size-full wp-image-27367\" src=\"https:\/\/honwaygroup.com\/wp-content\/uploads\/2021\/01\/%E6%89%8B%E6%8C%81%E5%BC%8F%E9%91%BD%E7%9F%B3%E4%BF%AE%E5%88%80_%E5%B7%A5%E4%BD%9C%E5%8D%80%E5%9F%9F-1-%E8%A4%87%E6%9C%AC-30.webp\" alt=\"\" width=\"1253\" height=\"250\"><\/a><\/p>\n<p>Ca\u0142kowita d\u0142ugo\u015b\u0107 : 200mm<\/p>\n<p><a href=\"https:\/\/honwaygroup.com\/wp-content\/uploads\/2021\/01\/%E6%89%8B%E6%8C%81%E5%BC%8F%E9%91%BD%E7%9F%B3%E4%BF%AE%E5%88%80_%E5%B7%A5%E4%BD%9C%E5%8D%80%E5%9F%9F-1-%E8%A4%87%E6%9C%AC-31.webp\"><img loading=\"lazy\" decoding=\"async\" class=\"alignnone size-full wp-image-27371\" src=\"https:\/\/honwaygroup.com\/wp-content\/uploads\/2021\/01\/%E6%89%8B%E6%8C%81%E5%BC%8F%E9%91%BD%E7%9F%B3%E4%BF%AE%E5%88%80_%E5%B7%A5%E4%BD%9C%E5%8D%80%E5%9F%9F-1-%E8%A4%87%E6%9C%AC-31.webp\" alt=\"\" width=\"1253\" height=\"250\"><\/a><\/td>\n<td>HD &#8211; 02R<br \/>\nHD &#8211; 02F<\/td>\n<td><a href=\"https:\/\/honwaygroup.com\/wp-content\/uploads\/2021\/01\/%E6%89%8B%E6%8C%81%E5%BC%8F%E9%91%BD%E7%9F%B3%E4%BF%AE%E5%88%80_%E5%B7%A5%E4%BD%9C%E5%8D%80%E5%9F%9F-1-%E8%A4%87%E6%9C%AC-6-1.webp\"><img loading=\"lazy\" decoding=\"async\" class=\"alignnone size-full wp-image-27380\" src=\"https:\/\/honwaygroup.com\/wp-content\/uploads\/2021\/01\/%E6%89%8B%E6%8C%81%E5%BC%8F%E9%91%BD%E7%9F%B3%E4%BF%AE%E5%88%80_%E5%B7%A5%E4%BD%9C%E5%8D%80%E5%9F%9F-1-%E8%A4%87%E6%9C%AC-6-1.webp\" alt=\"\" width=\"292\" height=\"250\"><\/a><\/td>\n<td>R : gruboziarnisty<br \/>\nF : drobnoziarnisty<\/td>\n<\/tr>\n<\/tbody>\n<\/table>\n<p>Masz pytanie? <a href=\"https:\/\/honwaygroup.com\/pl\/skontaktuj-sie-z-nami\/\">Skontaktuj si\u0119 z nami!<\/a><\/p>\n","protected":false},"excerpt":{"rendered":"<ul>\n<li>Mo\u017ce by\u0107 u\u017cywany do pomocniczego szlifowania <a href=\"https:\/\/baike.baidu.hk\/item\/%E7%B4%B0%E7%93%B7\/10034092\">drobnej porcelany<\/a>, <a href=\"https:\/\/zh.wikipedia.org\/wiki\/%E7%A2%B3%E5%8C%96%E7%89%A9\">w\u0119glika (karbidu)<\/a> i <a href=\"https:\/\/zh.wikipedia.org\/wiki\/%E9%8B%81%E5%90%88%E9%87%91\">stop\u00f3w aluminium.<\/a><\/li>\n<\/ul>\n<h5><strong><span style=\"color: #ff0000; font-size: 19.2px;\">\u25b2<\/span><\/strong> <strong><span style=\"color: #ff0000; font-size: 19.2px;\">W przypadku zapotrzebowania na niestandardowe rozmiary prosimy o kontakt z obs\u0142ug\u0105 klienta. W celu uzyskania informacji o czas realizacji takiego zam\u00f3wienia r\u00f3wnie\u017c prosimy o kontakt z obs\u0142ug\u0105 klienta.<\/span><\/strong><\/h5>\n<h5><strong><span style=\"color: #ff0000; font-size: 19.2px;\">\u25b2 Przy wi\u0119kszych zam\u00f3wieniach istnieje mo\u017cliwo\u015b\u0107 uzyskania rabatu, prosimy o kontakt z obs\u0142ug\u0105 klienta.<br \/>\n<\/span><\/strong><\/h5>\n<h5><strong><span style=\"color: #ff0000;\">\u25b2 W celu uzyskania informacji o rzeczywistym czasie dostawy prosimy o kontakt z obs\u0142ug\u0105 klienta: <\/span><a href=\"https:\/\/honwaygroup.com\/pl\/skontaktuj-sie-z-nami\/\">Skontaktuj si\u0119 z nami!<\/a><\/strong><\/h5>\n","protected":false},"featured_media":73797,"template":"","meta":{"site-sidebar-layout":"default","site-content-layout":"default","ast-site-content-layout":"default","site-content-style":"default","site-sidebar-style":"default","ast-global-header-display":"","ast-banner-title-visibility":"","ast-main-header-display":"","ast-hfb-above-header-display":"","ast-hfb-below-header-display":"","ast-hfb-mobile-header-display":"","site-post-title":"","ast-breadcrumbs-content":"","ast-featured-img":"","footer-sml-layout":"","ast-disable-related-posts":"","theme-transparent-header-meta":"default","adv-header-id-meta":"","stick-header-meta":"default","header-above-stick-meta":"","header-main-stick-meta":"","header-below-stick-meta":"","astra-migrate-meta-layouts":"set","ast-page-background-enabled":"default","ast-page-background-meta":{"desktop":{"background-color":"var(--ast-global-color-5)","background-image":"","background-repeat":"repeat","background-position":"center center","background-size":"auto","background-attachment":"scroll","background-type":"","background-media":"","overlay-type":"","overlay-color":"","overlay-opacity":"","overlay-gradient":""},"tablet":{"background-color":"","background-image":"","background-repeat":"repeat","background-position":"center center","background-size":"auto","background-attachment":"scroll","background-type":"","background-media":"","overlay-type":"","overlay-color":"","overlay-opacity":"","overlay-gradient":""},"mobile":{"background-color":"","background-image":"","background-repeat":"repeat","background-position":"center center","background-size":"auto","background-attachment":"scroll","background-type":"","background-media":"","overlay-type":"","overlay-color":"","overlay-opacity":"","overlay-gradient":""}},"ast-content-background-meta":{"desktop":{"background-color":"var(--ast-global-color-4)","background-image":"","background-repeat":"repeat","background-position":"center center","background-size":"auto","background-attachment":"scroll","background-type":"","background-media":"","overlay-type":"","overlay-color":"","overlay-opacity":"","overlay-gradient":""},"tablet":{"background-color":"var(--ast-global-color-4)","background-image":"","background-repeat":"repeat","background-position":"center center","background-size":"auto","background-attachment":"scroll","background-type":"","background-media":"","overlay-type":"","overlay-color":"","overlay-opacity":"","overlay-gradient":""},"mobile":{"background-color":"var(--ast-global-color-4)","background-image":"","background-repeat":"repeat","background-position":"center center","background-size":"auto","background-attachment":"scroll","background-type":"","background-media":"","overlay-type":"","overlay-color":"","overlay-opacity":"","overlay-gradient":""}}},"product_brand":[],"product_cat":[3446,3616],"product_tag":[3842,3707],"class_list":{"0":"post-73796","1":"product","2":"type-product","3":"status-publish","4":"has-post-thumbnail","6":"product_cat-dianond-tools-pl","7":"product_cat-diamentowe-narzedzia-do-ostrzenia","8":"product_tag-obciagacz","9":"product_tag-reczna-ostrzalka-diamentowa","10":"desktop-align-left","11":"tablet-align-left","12":"mobile-align-left","13":"ast-product-gallery-layout-horizontal-slider","14":"ast-product-gallery-with-no-image","15":"ast-product-single-variable","16":"ast-product-tabs-layout-horizontal","18":"first","19":"instock","20":"taxable","21":"shipping-taxable","22":"purchasable","23":"product-type-variable"},"_links":{"self":[{"href":"https:\/\/honwaygroup.com\/pl\/wp-json\/wp\/v2\/product\/73796","targetHints":{"allow":["GET"]}}],"collection":[{"href":"https:\/\/honwaygroup.com\/pl\/wp-json\/wp\/v2\/product"}],"about":[{"href":"https:\/\/honwaygroup.com\/pl\/wp-json\/wp\/v2\/types\/product"}],"version-history":[{"count":0,"href":"https:\/\/honwaygroup.com\/pl\/wp-json\/wp\/v2\/product\/73796\/revisions"}],"wp:featuredmedia":[{"embeddable":true,"href":"https:\/\/honwaygroup.com\/pl\/wp-json\/wp\/v2\/media\/73797"}],"wp:attachment":[{"href":"https:\/\/honwaygroup.com\/pl\/wp-json\/wp\/v2\/media?parent=73796"}],"wp:term":[{"taxonomy":"product_brand","embeddable":true,"href":"https:\/\/honwaygroup.com\/pl\/wp-json\/wp\/v2\/product_brand?post=73796"},{"taxonomy":"product_cat","embeddable":true,"href":"https:\/\/honwaygroup.com\/pl\/wp-json\/wp\/v2\/product_cat?post=73796"},{"taxonomy":"product_tag","embeddable":true,"href":"https:\/\/honwaygroup.com\/pl\/wp-json\/wp\/v2\/product_tag?post=73796"}],"curies":[{"name":"wp","href":"https:\/\/api.w.org\/{rel}","templated":true}]}}