{"id":73761,"date":"2024-07-19T14:27:28","date_gmt":"2024-07-19T06:27:28","guid":{"rendered":"https:\/\/honwaygroup.com\/?post_type=product&#038;p=73761"},"modified":"2025-02-20T15:36:39","modified_gmt":"2025-02-20T07:36:39","slug":"szczoteczki-diamentowe","status":"publish","type":"product","link":"https:\/\/honwaygroup.com\/pl\/produkt\/szczoteczki-diamentowe\/","title":{"rendered":"Szczoteczki diamentowe 6 mm"},"content":{"rendered":"<h3><strong>Diamentowe szczoteczki (kszta\u0142t litery T)<\/strong><\/h3>\n<p>&nbsp;<\/p>\n<figure id=\"attachment_1093\" aria-describedby=\"caption-attachment-1093\" style=\"width: 1280px\" class=\"wp-caption alignnone\"><a href=\"https:\/\/honwaygroup.com\/wp-content\/uploads\/2015\/10\/\u516d\u67c4\u947d\u77f3\u6bdb\u5237\u947d\u77f3\u5237\u6bdbT\u5b57\u578b.jpg\"><img fetchpriority=\"high\" decoding=\"async\" class=\"size-full wp-image-1093\" src=\"https:\/\/honwaygroup.com\/wp-content\/uploads\/2015\/10\/\u516d\u67c4\u947d\u77f3\u6bdb\u5237\u947d\u77f3\u5237\u6bdbT\u5b57\u578b.jpg\" alt=\"\u5012\u89d2,\u920d\u5316,\u5012\u89d2\u920d\u5316,\u7814\u78e8\u62cb\u5149,\u53bb\u6bdb\u908a,\u53bb\u6bdb\u523a,\" width=\"1280\" height=\"960\" srcset=\"https:\/\/honwaygroup.com\/wp-content\/uploads\/2015\/10\/\u516d\u67c4\u947d\u77f3\u6bdb\u5237\u947d\u77f3\u5237\u6bdbT\u5b57\u578b.jpg 1280w, https:\/\/honwaygroup.com\/wp-content\/uploads\/2015\/10\/\u516d\u67c4\u947d\u77f3\u6bdb\u5237\u947d\u77f3\u5237\u6bdbT\u5b57\u578b-300x225.jpg 300w, https:\/\/honwaygroup.com\/wp-content\/uploads\/2015\/10\/\u516d\u67c4\u947d\u77f3\u6bdb\u5237\u947d\u77f3\u5237\u6bdbT\u5b57\u578b-1024x768.jpg 1024w, https:\/\/honwaygroup.com\/wp-content\/uploads\/2015\/10\/\u516d\u67c4\u947d\u77f3\u6bdb\u5237\u947d\u77f3\u5237\u6bdbT\u5b57\u578b-600x450.avif 600w\" sizes=\"(max-width: 1280px) 100vw, 1280px\" \/><\/a><figcaption id=\"caption-attachment-1093\" class=\"wp-caption-text\">fazowanie , zaokr\u0105glanie , fazowanie i zaokr\u0105glanie, szlifowanie i polerowanie, usuwanie zadzior\u00f3w, oczyszczanie kraw\u0119dzi<\/figcaption><\/figure>\n<figure id=\"attachment_1094\" aria-describedby=\"caption-attachment-1094\" style=\"width: 960px\" class=\"wp-caption alignnone\"><a href=\"https:\/\/honwaygroup.com\/wp-content\/uploads\/2015\/10\/\u516d\u67c4\u947d\u77f3\u6bdb\u5237\u947d\u77f3\u5237\u6bdbT\u5b57\u578b32MM.jpg\"><img decoding=\"async\" class=\"size-full wp-image-1094\" src=\"https:\/\/honwaygroup.com\/wp-content\/uploads\/2015\/10\/\u516d\u67c4\u947d\u77f3\u6bdb\u5237\u947d\u77f3\u5237\u6bdbT\u5b57\u578b32MM.jpg\" alt=\"\u5012\u89d2,\u920d\u5316,\u5012\u89d2\u920d\u5316,\u7814\u78e8\u62cb\u5149,\u53bb\u6bdb\u908a,\u53bb\u6bdb\u523a,\" width=\"960\" height=\"1280\" srcset=\"https:\/\/honwaygroup.com\/wp-content\/uploads\/2015\/10\/\u516d\u67c4\u947d\u77f3\u6bdb\u5237\u947d\u77f3\u5237\u6bdbT\u5b57\u578b32MM.jpg 960w, https:\/\/honwaygroup.com\/wp-content\/uploads\/2015\/10\/\u516d\u67c4\u947d\u77f3\u6bdb\u5237\u947d\u77f3\u5237\u6bdbT\u5b57\u578b32MM-300x400.jpg 300w, https:\/\/honwaygroup.com\/wp-content\/uploads\/2015\/10\/\u516d\u67c4\u947d\u77f3\u6bdb\u5237\u947d\u77f3\u5237\u6bdbT\u5b57\u578b32MM-225x300.jpg 225w, https:\/\/honwaygroup.com\/wp-content\/uploads\/2015\/10\/\u516d\u67c4\u947d\u77f3\u6bdb\u5237\u947d\u77f3\u5237\u6bdbT\u5b57\u578b32MM-768x1024.jpg 768w, https:\/\/honwaygroup.com\/wp-content\/uploads\/2015\/10\/\u516d\u67c4\u947d\u77f3\u6bdb\u5237\u947d\u77f3\u5237\u6bdbT\u5b57\u578b32MM-600x800.avif 600w\" sizes=\"(max-width: 960px) 100vw, 960px\" \/><\/a><figcaption id=\"caption-attachment-1094\" class=\"wp-caption-text\">fazowanie , zaokr\u0105glanie , fazowanie i zaokr\u0105glanie, szlifowanie i polerowanie, usuwanie zadzior\u00f3w, oczyszczanie kraw\u0119dzi<\/figcaption><\/figure>\n<figure id=\"attachment_1095\" aria-describedby=\"caption-attachment-1095\" style=\"width: 640px\" class=\"wp-caption alignnone\"><a href=\"https:\/\/honwaygroup.com\/wp-content\/uploads\/2015\/10\/\u516d\u67c4\u947d\u77f3\u5c3c\u9f8d\u5237\u947d\u77f3\u5c3c\u9f8d\u5237\u6bdbT\u5b57\u578b.jpg\"><img decoding=\"async\" class=\"size-full wp-image-1095\" src=\"https:\/\/honwaygroup.com\/wp-content\/uploads\/2015\/10\/\u516d\u67c4\u947d\u77f3\u5c3c\u9f8d\u5237\u947d\u77f3\u5c3c\u9f8d\u5237\u6bdbT\u5b57\u578b.jpg\" alt=\"\u5012\u89d2,\u920d\u5316,\u5012\u89d2\u920d\u5316,\u7814\u78e8\u62cb\u5149,\u53bb\u6bdb\u908a,\u53bb\u6bdb\u523a,\" width=\"640\" height=\"852\" srcset=\"https:\/\/honwaygroup.com\/wp-content\/uploads\/2015\/10\/\u516d\u67c4\u947d\u77f3\u5c3c\u9f8d\u5237\u947d\u77f3\u5c3c\u9f8d\u5237\u6bdbT\u5b57\u578b.jpg 640w, https:\/\/honwaygroup.com\/wp-content\/uploads\/2015\/10\/\u516d\u67c4\u947d\u77f3\u5c3c\u9f8d\u5237\u947d\u77f3\u5c3c\u9f8d\u5237\u6bdbT\u5b57\u578b-300x399.jpg 300w, https:\/\/honwaygroup.com\/wp-content\/uploads\/2015\/10\/\u516d\u67c4\u947d\u77f3\u5c3c\u9f8d\u5237\u947d\u77f3\u5c3c\u9f8d\u5237\u6bdbT\u5b57\u578b-225x300.jpg 225w, https:\/\/honwaygroup.com\/wp-content\/uploads\/2015\/10\/\u516d\u67c4\u947d\u77f3\u5c3c\u9f8d\u5237\u947d\u77f3\u5c3c\u9f8d\u5237\u6bdbT\u5b57\u578b-600x799.avif 600w\" sizes=\"(max-width: 640px) 100vw, 640px\" \/><\/a><figcaption id=\"caption-attachment-1095\" class=\"wp-caption-text\">fazowanie , zaokr\u0105glanie , fazowanie i zaokr\u0105glanie, szlifowanie i polerowanie, usuwanie zadzior\u00f3w, oczyszczanie kraw\u0119dzi<\/figcaption><\/figure>\n<p>Masz pytanie?\u00a0 <a href=\"https:\/\/honwaygroup.com\/pl\/skontaktuj-sie-z-nami\/\">Skontaktuj si\u0119 z nami!<\/a><\/p>\n","protected":false},"excerpt":{"rendered":"<p>Diamentowe szczoteczki (kszta\u0142t litery T) &nbsp; Masz pytanie?\u00a0 Skontaktuj si\u0119 z nami!<\/p>\n","protected":false},"featured_media":0,"template":"","meta":{"site-sidebar-layout":"default","site-content-layout":"default","ast-site-content-layout":"default","site-content-style":"default","site-sidebar-style":"default","ast-global-header-display":"","ast-banner-title-visibility":"","ast-main-header-display":"","ast-hfb-above-header-display":"","ast-hfb-below-header-display":"","ast-hfb-mobile-header-display":"","site-post-title":"","ast-breadcrumbs-content":"","ast-featured-img":"","footer-sml-layout":"","ast-disable-related-posts":"","theme-transparent-header-meta":"default","adv-header-id-meta":"","stick-header-meta":"default","header-above-stick-meta":"","header-main-stick-meta":"","header-below-stick-meta":"","astra-migrate-meta-layouts":"set","ast-page-background-enabled":"default","ast-page-background-meta":{"desktop":{"background-color":"var(--ast-global-color-5)","background-image":"","background-repeat":"repeat","background-position":"center center","background-size":"auto","background-attachment":"scroll","background-type":"","background-media":"","overlay-type":"","overlay-color":"","overlay-opacity":"","overlay-gradient":""},"tablet":{"background-color":"","background-image":"","background-repeat":"repeat","background-position":"center center","background-size":"auto","background-attachment":"scroll","background-type":"","background-media":"","overlay-type":"","overlay-color":"","overlay-opacity":"","overlay-gradient":""},"mobile":{"background-color":"","background-image":"","background-repeat":"repeat","background-position":"center center","background-size":"auto","background-attachment":"scroll","background-type":"","background-media":"","overlay-type":"","overlay-color":"","overlay-opacity":"","overlay-gradient":""}},"ast-content-background-meta":{"desktop":{"background-color":"var(--ast-global-color-4)","background-image":"","background-repeat":"repeat","background-position":"center center","background-size":"auto","background-attachment":"scroll","background-type":"","background-media":"","overlay-type":"","overlay-color":"","overlay-opacity":"","overlay-gradient":""},"tablet":{"background-color":"var(--ast-global-color-4)","background-image":"","background-repeat":"repeat","background-position":"center center","background-size":"auto","background-attachment":"scroll","background-type":"","background-media":"","overlay-type":"","overlay-color":"","overlay-opacity":"","overlay-gradient":""},"mobile":{"background-color":"var(--ast-global-color-4)","background-image":"","background-repeat":"repeat","background-position":"center center","background-size":"auto","background-attachment":"scroll","background-type":"","background-media":"","overlay-type":"","overlay-color":"","overlay-opacity":"","overlay-gradient":""}}},"product_brand":[],"product_cat":[3505,3560,3446,3619],"product_tag":[3848,3849,3850,3960,3949,3941],"class_list":{"0":"post-73761","1":"product","2":"type-product","3":"status-publish","5":"product_cat-cialo-stale","6":"product_cat-materialy-polerskie","7":"product_cat-dianond-tools-pl","8":"product_cat-szczotki-diamentowe","9":"product_tag-odporne-na-silne-kwasy","10":"product_tag-odporne-na-silne-zasady","11":"product_tag-odporne-na-zuzycie","12":"product_tag-szczotki-diamentowe-pl-3","13":"product_tag-szczotki-diamentowe-pl","14":"product_tag-szczotki-diamentowe","15":"desktop-align-left","16":"tablet-align-left","17":"mobile-align-left","18":"ast-product-gallery-layout-horizontal-slider","19":"ast-product-gallery-with-no-image","20":"ast-product-single-variable","21":"ast-product-tabs-layout-horizontal","23":"first","24":"instock","25":"taxable","26":"shipping-taxable","27":"purchasable","28":"product-type-variable"},"_links":{"self":[{"href":"https:\/\/honwaygroup.com\/pl\/wp-json\/wp\/v2\/product\/73761","targetHints":{"allow":["GET"]}}],"collection":[{"href":"https:\/\/honwaygroup.com\/pl\/wp-json\/wp\/v2\/product"}],"about":[{"href":"https:\/\/honwaygroup.com\/pl\/wp-json\/wp\/v2\/types\/product"}],"version-history":[{"count":0,"href":"https:\/\/honwaygroup.com\/pl\/wp-json\/wp\/v2\/product\/73761\/revisions"}],"wp:attachment":[{"href":"https:\/\/honwaygroup.com\/pl\/wp-json\/wp\/v2\/media?parent=73761"}],"wp:term":[{"taxonomy":"product_brand","embeddable":true,"href":"https:\/\/honwaygroup.com\/pl\/wp-json\/wp\/v2\/product_brand?post=73761"},{"taxonomy":"product_cat","embeddable":true,"href":"https:\/\/honwaygroup.com\/pl\/wp-json\/wp\/v2\/product_cat?post=73761"},{"taxonomy":"product_tag","embeddable":true,"href":"https:\/\/honwaygroup.com\/pl\/wp-json\/wp\/v2\/product_tag?post=73761"}],"curies":[{"name":"wp","href":"https:\/\/api.w.org\/{rel}","templated":true}]}}