{"id":73401,"date":"2023-03-15T15:16:00","date_gmt":"2023-03-15T07:16:00","guid":{"rendered":"https:\/\/honwaygroup.com\/product\/urzadzenie-do-polerowania-strumieniowego-as-jp23\/"},"modified":"2025-02-24T17:14:53","modified_gmt":"2025-02-24T09:14:53","slug":"urzadzenie-do-polerowania-strumieniowego-as-jp23","status":"publish","type":"product","link":"https:\/\/honwaygroup.com\/pl\/produkt\/urzadzenie-do-polerowania-strumieniowego-as-jp23\/","title":{"rendered":"Urz\u0105dzenie do polerowania strumieniowego AS-JP23"},"content":{"rendered":"<h2 class=\"style-scope ytd-watch-metadata\"><span style=\"color: #333333;\"><strong><a style=\"color: #333333;\" href=\"https:\/\/youtu.be\/wlcmkP-0-Gc\" target=\"_blank\" rel=\"noopener nofollow\">Apick Solution_Urz\u0105dzenie do polerowania strumieniowego<\/a><\/strong><\/span><\/h2>\n<div style=\"width: 1920px;\" class=\"wp-video\"><video class=\"wp-video-shortcode\" id=\"video-73401-1\" width=\"1920\" height=\"1080\" preload=\"metadata\" controls=\"controls\"><source type=\"video\/mp4\" src=\"https:\/\/honwaygroup.com\/wp-content\/uploads\/2023\/06\/Image_Jet-Polishing_TCEN_s.mp4?_=1\" \/><a href=\"https:\/\/honwaygroup.com\/wp-content\/uploads\/2023\/06\/Image_Jet-Polishing_TCEN_s.mp4\">https:\/\/honwaygroup.com\/wp-content\/uploads\/2023\/06\/Image_Jet-Polishing_TCEN_s.mp4<\/a><\/video><\/div>\n<p>&nbsp;<\/p>\n<h2><strong>Cechy produktu:<\/strong><\/h2>\n<ul>\n<li>Mo\u017cliwo\u015b\u0107 szybkiego ustawienia czasu polerowania strumieniowego<\/li>\n<li>\u0141atwa i szybka wymiana r\u00f3\u017cnych materia\u0142\u00f3w \u015bciernych: grube, \u015brednie, drobne<\/li>\n<li>Nadaje si\u0119 do : wydruk\u00f3w 3D (cz\u0119\u015bci metalowe), bi\u017cuterii metalowej, narz\u0119dzi skrawaj\u0105cych, ma\u0142ych form i innych ma\u0142ych element\u00f3w<\/li>\n<li>Mo\u017cliwo\u015b\u0107 wykonania zaoblenia kraw\u0119dzi tn\u0105cej, aby zapobiec odpryskiwaniu ostrza i zwi\u0119kszy\u0107 jego \u017cywotno\u015b\u0107, jednocze\u015bnie poprawiaj\u0105c i zwi\u0119kszaj\u0105c chropowato\u015b\u0107 obrabianej powierzchni.<\/li>\n<li>Nie tylko ostrza, ale r\u00f3wnie\u017c rowek wi\u00f3rowy tworzy efekt polerowania i wyg\u0142adzania, co poprawia zdolno\u015b\u0107 narz\u0119dzia do odprowadzania wi\u00f3r\u00f3w.<\/li>\n<li>Elastyczne materia\u0142y \u015bcierne s\u0142u\u017c\u0105 do usuwania zadzior\u00f3w z ma\u0142ych cz\u0119\u015bci, ilo\u015b\u0107 usuwanego materia\u0142u jest niewielka, nie jest \u0142atwo uszkodzi\u0107 kraw\u0119dzie, nadaje si\u0119 do powierzchni zakrzywionych, r\u00f3\u017cnic wysoko\u015bci, rowk\u00f3w i innych cz\u0119\u015bci.<\/li>\n<\/ul>\n<h2><strong><br \/>\nDost\u0119pne materia\u0142y \u015bcierne:<\/strong><\/h2>\n<table style=\"height: 238px;\" width=\"979\">\n<tbody>\n<tr>\n<td style=\"text-align: center;\" width=\"67\"><\/td>\n<td style=\"text-align: center;\" width=\"58\"><strong>#80<\/strong><\/td>\n<td style=\"text-align: center;\" width=\"58\"><strong>#220<\/strong><\/td>\n<td style=\"text-align: center;\" width=\"58\"><strong>#500<\/strong><\/td>\n<td style=\"text-align: center;\" width=\"58\"><strong>#1000<\/strong><\/td>\n<td style=\"text-align: center;\" width=\"58\"><strong>#3000<\/strong><\/td>\n<td style=\"text-align: center;\" width=\"58\"><strong>#8000<\/strong><\/td>\n<td style=\"text-align: center;\" width=\"58\"><strong>#10000<\/strong><\/td>\n<td style=\"text-align: center;\" width=\"58\"><strong>#20000<\/strong><\/td>\n<\/tr>\n<tr>\n<td style=\"text-align: center;\" rowspan=\"2\"><strong>Szlifowanie wst\u0119pne<br \/>\n<\/strong><\/td>\n<td style=\"text-align: center;\"><strong>\u25ce<\/strong><\/td>\n<td style=\"text-align: center;\"><strong>\u25ce<\/strong><\/td>\n<td style=\"text-align: center;\"><strong>\u25ce<\/strong><\/td>\n<td style=\"text-align: center;\" rowspan=\"2\"><\/td>\n<td style=\"text-align: center;\" rowspan=\"2\"><\/td>\n<td style=\"text-align: center;\" rowspan=\"2\"><\/td>\n<td style=\"text-align: center;\" rowspan=\"2\"><\/td>\n<td style=\"text-align: center;\" rowspan=\"2\"><\/td>\n<\/tr>\n<tr>\n<td style=\"text-align: center;\"><strong>R-80<\/strong><\/td>\n<td style=\"text-align: center;\"><strong>R-220<\/strong><\/td>\n<td style=\"text-align: center;\"><strong>R-500<\/strong><\/td>\n<\/tr>\n<tr>\n<td style=\"text-align: center;\" rowspan=\"2\"><strong>Szlifowanie precyzyjne<\/strong><\/td>\n<td style=\"text-align: center;\" rowspan=\"2\"><\/td>\n<td style=\"text-align: center;\" rowspan=\"2\"><\/td>\n<td style=\"text-align: center;\" rowspan=\"2\"><\/td>\n<td style=\"text-align: center;\"><strong>\u25ce<\/strong><\/td>\n<td style=\"text-align: center;\"><strong>\u25ce<\/strong><\/td>\n<td style=\"text-align: center;\"><strong>\u25ce<\/strong><\/td>\n<td style=\"text-align: center;\" rowspan=\"2\"><\/td>\n<td style=\"text-align: center;\" rowspan=\"2\"><\/td>\n<\/tr>\n<tr>\n<td style=\"text-align: center;\"><strong>M-1000<\/strong><\/td>\n<td style=\"text-align: center;\"><strong>M-3000<\/strong><\/td>\n<td style=\"text-align: center;\"><strong>M-8000<\/strong><\/td>\n<\/tr>\n<tr>\n<td style=\"text-align: center;\" rowspan=\"2\"><strong>Polerowanie na lustro<\/strong><\/td>\n<td style=\"text-align: center;\" rowspan=\"2\"><\/td>\n<td style=\"text-align: center;\" rowspan=\"2\"><\/td>\n<td style=\"text-align: center;\" rowspan=\"2\"><\/td>\n<td style=\"text-align: center;\" rowspan=\"2\"><\/td>\n<td style=\"text-align: center;\"><strong>\u25ce<\/strong><\/td>\n<td style=\"text-align: center;\" rowspan=\"2\"><\/td>\n<td style=\"text-align: center;\"><strong>\u25ce<\/strong><\/td>\n<td style=\"text-align: center;\"><strong>\u25ce<\/strong><\/td>\n<\/tr>\n<tr>\n<td style=\"text-align: center;\"><strong>F-3000<\/strong><\/td>\n<td style=\"text-align: center;\"><strong>F-10000<\/strong><\/td>\n<td style=\"text-align: center;\"><strong>F-20000<\/strong><\/td>\n<\/tr>\n<\/tbody>\n<\/table>\n<h2><\/h2>\n<h2><strong>Zasady polerowania strumieniowego elastycznym materia\u0142em \u015bciernym:<\/strong><\/h2>\n<p><strong> Przed polerowaniem: Po polerowaniu:<\/strong><\/p>\n<h1><a href=\"https:\/\/honwaygroup.com\/wp-content\/uploads\/2023\/03\/%E9%91%BD%E7%9F%B3%E8%BC%89%E9%AB%94%E5%99%B4%E5%B0%84%E6%8B%8B%E5%85%89%E5%8E%9F%E7%90%86_1.jpg\"><img fetchpriority=\"high\" decoding=\"async\" class=\"alignnone wp-image-15500 size-medium\" src=\"https:\/\/honwaygroup.com\/wp-content\/uploads\/2023\/03\/%E9%91%BD%E7%9F%B3%E8%BC%89%E9%AB%94%E5%99%B4%E5%B0%84%E6%8B%8B%E5%85%89%E5%8E%9F%E7%90%86_1-300x300.jpg\" alt=\"Pocz\u0105tkowa, nier\u00f3wna powierzchnia przedmiotu.\" width=\"300\" height=\"300\" \/><\/a>\u2192 <a href=\"https:\/\/honwaygroup.com\/wp-content\/uploads\/2023\/03\/%E9%91%BD%E7%9F%B3%E8%BC%89%E9%AB%94%E5%99%B4%E5%B0%84%E6%8B%8B%E5%85%89%E5%8E%9F%E7%90%86-0_%E5%B7%A5%E4%BD%9C%E5%8D%80%E5%9F%9F-1.jpg\"><img decoding=\"async\" class=\"alignnone wp-image-15486 size-medium\" src=\"https:\/\/honwaygroup.com\/wp-content\/uploads\/2023\/03\/%E9%91%BD%E7%9F%B3%E8%BC%89%E9%AB%94%E5%99%B4%E5%B0%84%E6%8B%8B%E5%85%89%E5%8E%9F%E7%90%86-0_%E5%B7%A5%E4%BD%9C%E5%8D%80%E5%9F%9F-1-300x300.jpg\" alt=\"Po polerowaniu drobnymi cz\u0105stkami powierzchnia jest g\u0142adka i l\u015bni\u0105ca.\" width=\"300\" height=\"300\" \/><\/a><\/h1>\n<h2><strong>Wymiary urz\u0105dzenia:<\/strong><\/h2>\n<p><a href=\"https:\/\/honwaygroup.com\/wp-content\/uploads\/2023\/08\/AS-JP23-size.png\"><img decoding=\"async\" class=\"alignnone wp-image-32082 size-full\" src=\"https:\/\/honwaygroup.com\/wp-content\/uploads\/2023\/08\/AS-JP23-size.png\" alt=\"\" width=\"712\" height=\"573\" \/><\/a><\/p>\n<p>Masz pytanie? <a href=\"https:\/\/honwaygroup.com\/pl\/skontaktuj-sie-z-nami\/\">Skontaktuj si\u0119 z nami!<\/a><\/p>\n","protected":false},"excerpt":{"rendered":"<h4><strong>Polerowanie strumieniowe<\/strong><\/h4>\n<h4><strong>Model: AS-JP23<\/strong><\/h4>\n<p><a href=\"https:\/\/honwaygroup.com\/wp-content\/uploads\/2023\/09\/AS-JP23_%E4%B8%80%E9%A0%81%E5%BC%8FDM%E9%9B%99%E9%9D%A2-%E5%AE%9A%E6%A1%88_New_230825_S.pdf\" target=\"_blank\" rel=\"noopener\">(Kliknij tutaj, aby zobaczy\u0107 katalog elektroniczny)<\/a><\/p>\n<h5><strong><span style=\"color: #ff0000; font-size: 19.2px;\">\u25b2 Zapraszamy do zapyta\u0144 o wycen\u0119: <a href=\"https:\/\/honwaygroup.com\/pl\/skontaktuj-sie-z-nami\/\" target=\"_blank\" rel=\"noopener\">Skontaktuj si\u0119 z nami!<\/a><\/span><\/strong><\/h5>\n<h5><strong><span style=\"color: #ff0000; font-size: 19.2px;\">\u25b2 Przy wi\u0119kszych zam\u00f3wieniach istnieje mo\u017cliwo\u015b\u0107 uzyskania rabatu, prosimy o kontakt z obs\u0142ug\u0105 klienta.<br \/>\n<\/span><\/strong><\/h5>\n<h5><span style=\"color: #ff0000;\"><b>\u25b2 W celu uzyskania informacji o rzeczywistym czasie dostawy prosimy o kontakt z obs\u0142ug\u0105 klienta<\/b><\/span><\/h5>\n","protected":false},"featured_media":37452,"template":"","meta":{"site-sidebar-layout":"default","site-content-layout":"default","ast-site-content-layout":"default","site-content-style":"default","site-sidebar-style":"default","ast-global-header-display":"","ast-banner-title-visibility":"","ast-main-header-display":"","ast-hfb-above-header-display":"","ast-hfb-below-header-display":"","ast-hfb-mobile-header-display":"","site-post-title":"","ast-breadcrumbs-content":"","ast-featured-img":"","footer-sml-layout":"","ast-disable-related-posts":"","theme-transparent-header-meta":"default","adv-header-id-meta":"","stick-header-meta":"default","header-above-stick-meta":"","header-main-stick-meta":"","header-below-stick-meta":"","astra-migrate-meta-layouts":"set","ast-page-background-enabled":"default","ast-page-background-meta":{"desktop":{"background-color":"var(--ast-global-color-5)","background-image":"","background-repeat":"repeat","background-position":"center center","background-size":"auto","background-attachment":"scroll","background-type":"","background-media":"","overlay-type":"","overlay-color":"","overlay-opacity":"","overlay-gradient":""},"tablet":{"background-color":"","background-image":"","background-repeat":"repeat","background-position":"center center","background-size":"auto","background-attachment":"scroll","background-type":"","background-media":"","overlay-type":"","overlay-color":"","overlay-opacity":"","overlay-gradient":""},"mobile":{"background-color":"","background-image":"","background-repeat":"repeat","background-position":"center center","background-size":"auto","background-attachment":"scroll","background-type":"","background-media":"","overlay-type":"","overlay-color":"","overlay-opacity":"","overlay-gradient":""}},"ast-content-background-meta":{"desktop":{"background-color":"var(--ast-global-color-4)","background-image":"","background-repeat":"repeat","background-position":"center center","background-size":"auto","background-attachment":"scroll","background-type":"","background-media":"","overlay-type":"","overlay-color":"","overlay-opacity":"","overlay-gradient":""},"tablet":{"background-color":"var(--ast-global-color-4)","background-image":"","background-repeat":"repeat","background-position":"center center","background-size":"auto","background-attachment":"scroll","background-type":"","background-media":"","overlay-type":"","overlay-color":"","overlay-opacity":"","overlay-gradient":""},"mobile":{"background-color":"var(--ast-global-color-4)","background-image":"","background-repeat":"repeat","background-position":"center center","background-size":"auto","background-attachment":"scroll","background-type":"","background-media":"","overlay-type":"","overlay-color":"","overlay-opacity":"","overlay-gradient":""}}},"product_brand":[],"product_cat":[3509,3510],"product_tag":[3951,3685,3714],"class_list":{"0":"post-73401","1":"product","2":"type-product","3":"status-publish","4":"has-post-thumbnail","6":"product_cat-obrabiarki","7":"product_cat-sprzet-polerski","8":"product_tag-piaskowanie-diamentowe","9":"product_tag-polerowanie-strumieniowe","10":"product_tag-sprzet-polerski","11":"desktop-align-left","12":"tablet-align-left","13":"mobile-align-left","14":"ast-product-gallery-layout-horizontal-slider","15":"ast-product-tabs-layout-horizontal","17":"first","18":"instock","19":"featured","20":"taxable","21":"shipping-taxable","22":"product-type-simple"},"_links":{"self":[{"href":"https:\/\/honwaygroup.com\/pl\/wp-json\/wp\/v2\/product\/73401","targetHints":{"allow":["GET"]}}],"collection":[{"href":"https:\/\/honwaygroup.com\/pl\/wp-json\/wp\/v2\/product"}],"about":[{"href":"https:\/\/honwaygroup.com\/pl\/wp-json\/wp\/v2\/types\/product"}],"version-history":[{"count":0,"href":"https:\/\/honwaygroup.com\/pl\/wp-json\/wp\/v2\/product\/73401\/revisions"}],"wp:featuredmedia":[{"embeddable":true,"href":"https:\/\/honwaygroup.com\/pl\/wp-json\/wp\/v2\/media\/37452"}],"wp:attachment":[{"href":"https:\/\/honwaygroup.com\/pl\/wp-json\/wp\/v2\/media?parent=73401"}],"wp:term":[{"taxonomy":"product_brand","embeddable":true,"href":"https:\/\/honwaygroup.com\/pl\/wp-json\/wp\/v2\/product_brand?post=73401"},{"taxonomy":"product_cat","embeddable":true,"href":"https:\/\/honwaygroup.com\/pl\/wp-json\/wp\/v2\/product_cat?post=73401"},{"taxonomy":"product_tag","embeddable":true,"href":"https:\/\/honwaygroup.com\/pl\/wp-json\/wp\/v2\/product_tag?post=73401"}],"curies":[{"name":"wp","href":"https:\/\/api.w.org\/{rel}","templated":true}]}}