{"id":73391,"date":"2021-01-24T18:35:46","date_gmt":"2021-01-24T10:35:46","guid":{"rendered":"https:\/\/honwaygroup.com\/product\/proszek-nanodiamentowy-polikrystaliczny\/"},"modified":"2025-02-26T09:21:29","modified_gmt":"2025-02-26T01:21:29","slug":"proszek-nanodiamentowy-polikrystaliczny","status":"publish","type":"product","link":"https:\/\/honwaygroup.com\/pl\/produkt\/proszek-nanodiamentowy-polikrystaliczny\/","title":{"rendered":"Proszek nanodiamentowy (polikrystaliczny)"},"content":{"rendered":"<h2><strong>Proszek nanodiamentowy (polikrystaliczny)<\/strong><\/h2>\n<blockquote>\n<h4><b>Szlifowanie\uff0fpolerowanie<\/b><\/h4>\n<h4><strong>Opracowanie technologii oczyszczania, modyfikacji powierzchni i precyzyjnej klasyfikacji surowych produkt\u00f3w nanodiamentowych zgodnie z wymogami r\u00f3\u017cnych zastosowa\u0144 jest nasz\u0105 zastrze\u017con\u0105 technologi\u0105.<\/strong><\/h4>\n<\/blockquote>\n<h2>Cechy produktu:<\/h2>\n<ul>\n<li><strong>Metoda detonacyjna<\/strong>: nanodiamenty s\u0105 wytwarzane z materia\u0142\u00f3w wybuchowych z ujemnym bilansem tlenu, gdzie w\u0119giel uwalniany podczas detonacji, pod wp\u0142ywem kontrolowanego ci\u015bnienia i temperatury, przekszta\u0142ca si\u0119 w cz\u0105steczki mikrokrystalicznego diamentu o wielko\u015bci 5-20 nanometr\u00f3w.<\/li>\n<li>Specjalne warunki syntezy sprawiaj\u0105, \u017ce ich podstawowe cz\u0105stki s\u0105 prawie kuliste, a ich powierzchnia ma bogate grupy funkcyjne, a powierzchnia w\u0142a\u015bciwa jest o rz\u0105d wielko\u015bci wi\u0119ksza ni\u017c w przypadku zwyk\u0142ych produkt\u00f3w diamentowych.<\/li>\n<li>Nanodiamenty maj\u0105 nie tylko doskona\u0142\u0105 twardo\u015b\u0107 i w\u0142a\u015bciwo\u015bci \u015bcierne diamentu, ale tak\u017ce nowe w\u0142a\u015bciwo\u015bci nanomateria\u0142\u00f3w funkcjonalnych.<\/li>\n<li>Kszta\u0142t kulisty, wielo\u015bcienny, z ma\u0142ymi ostrymi kraw\u0119dziami. Podczas polerowania stopniowo p\u0119kaj\u0105 na mniejsze kryszta\u0142y, tworz\u0105c nowe ostre kraw\u0119dzie, zapewniaj\u0105c stabiln\u0105 si\u0142\u0119 szlifowania i g\u0142adk\u0105 powierzchni\u0119.<\/li>\n<li><strong>D\u0142u\u017csza \u017cywotno\u015b\u0107.<br \/><\/strong><\/li>\n<li><strong>Podczas szlifowania i polerowania uwalniaj\u0105 si\u0119 ziarna nanokrystaliczne, co zapewnia efekt samoostrzenia.<br \/><\/strong><\/li>\n<li><strong>Podczas szlifowania i polerowania nie dochodzi do kruchego p\u0119kania, dzi\u0119ki czemu powierzchnia obrabianego elementu nie jest \u0142atwo rysowana.<\/strong><\/li>\n<\/ul>\n<h2>W zale\u017cno\u015bci od produktu, mo\u017cna dokona\u0107 podzia\u0142u na dwie serie:<\/h2>\n<ol>\n<li><b>Czarny proszek: <\/b>Nanocz\u0105steczki diamentu zaraz po wyprodukowaniu s\u0105 pokryte warstw\u0105 w\u0119gla stanowi\u0105c\u0105 oko\u0142o 40% ich masy. W tym stanie, przed oczyszczeniem mocnymi kwasami i zasadami, nanocz\u0105steczki diamentu nazywane s\u0105 &#8222;czarnym proszkiem nanocz\u0105steczek diamentu&#8221;. Dzi\u0119ki tej warstwie w\u0119gla o silnych wi\u0105zaniach, <strong>powierzchnia nanocz\u0105steczek diamentu posiada wiele grup funkcyjnych.<\/strong><\/li>\n<li><b style=\"font-style: inherit;\">Szary proszek:<\/b> Kiedy zewn\u0119trzna warstwa w\u0119gla z czarnego proszku zostanie usuni\u0119ta za pomoc\u0105 mocnych kwas\u00f3w i zasad, nanocz\u0105steczki diamentu przybieraj\u0105 szaro-czarny kolor. W tym stanie, o czysto\u015bci diamentu przekraczaj\u0105cej 99%, nanocz\u0105steczki diamentu mo\u017cna klasyfikowa\u0107 pod wzgl\u0119dem<a href=\"https:\/\/zh.wikipedia.org\/zh-tw\/%E7%B2%92%E5%BA%A6\" target=\"_blank\" rel=\"nofollow noopener\"> wielko\u015bci ziaren<\/a> i nazywane s\u0105 &#8222;szarym proszkiem nanocz\u0105steczek diamentu&#8221;. Szary proszek jest <strong>stosowany g\u0142\u00f3wnie do szlifowania i polerowania, a tak\u017ce jako no\u015bnik nanocz\u0105steczek diamentu w terapiach celowanych.<\/strong><\/li>\n<\/ol>\n<h2><b>Zakres zastosowania:<\/b><\/h2>\n<ul>\n<li>Polerowanie ultraprecyzyjne: po polerowaniu chropowato\u015b\u0107 powierzchni przedmiotu obrabianego osi\u0105ga poziom angstrom\u00f3w. W\u0142a\u015bciwo\u015bci cz\u0105stek decyduj\u0105 o tym, \u017ce prawie nie powstaj\u0105 zadrapania, co mo\u017ce spe\u0142ni\u0107 najbardziej rygorystyczne wymagania dotycz\u0105ce g\u0142adko\u015bci polerowania.<\/li>\n<li>Smarowanie i redukcja tarcia: stosowany jako dodatek do oleju smarowego, zamienia tarcie \u015blizgowe na tarcie toczne, zmniejsza wsp\u00f3\u0142czynnik tarcia, znacznie poprawia w\u0142a\u015bciwo\u015bci smarne i przed\u0142u\u017ca \u017cywotno\u015b\u0107.<\/li>\n<li>Kompozytowe galwanizowanie i natryskiwanie powierzchni r\u00f3\u017cnych przedmiot\u00f3w obrabianych: poprawia odporno\u015b\u0107 na zu\u017cycie, odporno\u015b\u0107 na korozj\u0119, odporno\u015b\u0107 na uderzenia i twardo\u015b\u0107 powierzchni przedmiotu obrabianego.<\/li>\n<li>Jako dodatek do gumy i plastiku: znacz\u0105co zwi\u0119ksza ich odporno\u015b\u0107 na zu\u017cycie, odporno\u015b\u0107 na przebicie i rozci\u0105ganie oraz spowalnia proces starzenia.<\/li>\n<li>Nanodiamenty o wysokiej czysto\u015bci nie powoduj\u0105 reakcji odrzucenia przez organizmy: ze wzgl\u0119du na du\u017c\u0105 powierzchni\u0119 w\u0142a\u015bciw\u0105 i siln\u0105 adsorpcj\u0119, maj\u0105 dobre zastosowanie w medycynie, biologii i kosmetykach.<\/li>\n<\/ul>\n<div>\n<h4><strong> <\/strong><\/h4>\n<h2>Tabela specyfikacji diament\u00f3w:<\/h2>\n<\/div>\n<div>\n<table border=\"0\" cellspacing=\"3\" cellpadding=\"5\" align=\"center\">\n<tbody>\n<tr>\n<td colspan=\"3\">\n<div><strong>Standardowa specyfikacja<\/strong><\/div>\n<\/td>\n<td><strong>Jednostka: nano<\/strong><\/td>\n<\/tr>\n<tr>\n<td>50nm<\/td>\n<td>80nm<\/td>\n<td>100nm<\/td>\n<td>120nm<\/td>\n<\/tr>\n<tr>\n<td>150nm<\/td>\n<td>200nm<\/td>\n<td>300nm<\/td>\n<td>500nm<\/td>\n<\/tr>\n<tr>\n<td>800nm<\/td>\n<td>1000nm<\/td>\n<\/tr>\n<\/tbody>\n<\/table>\n<\/div>\n<p><strong>\u203b Powy\u017csze dane s\u0105 danymi standardowymi, mo\u017cna je dostosowa\u0107 do potrzeb klienta, akceptujemy zam\u00f3wienia niestandardowe.<\/strong><\/p>\n<p>Masz pytanie? <a href=\"https:\/\/honwaygroup.com\/pl\/skontaktuj-sie-z-nami\/\">Skontaktuj si\u0119 z nami!<\/a><\/p>\n","protected":false},"excerpt":{"rendered":"<ul>\n<li>Kszta\u0142t kulisty, wielo\u015bcienny, z ma\u0142ymi ostrymi kraw\u0119dziami. Podczas polerowania stopniowo p\u0119kaj\u0105 na mniejsze kryszta\u0142y, tworz\u0105c nowe ostre kraw\u0119dzie, zapewniaj\u0105c stabiln\u0105 si\u0142\u0119 szlifowania i g\u0142adk\u0105 powierzchni\u0119.<\/li>\n<li>D\u0142u\u017csza \u017cywotno\u015b\u0107.<\/li>\n<li>Podczas szlifowania i polerowania uwalniaj\u0105 si\u0119 ziarna nanokrystaliczne, co zapewnia efekt samoostrzenia.<\/li>\n<li>Podczas szlifowania i polerowania nie dochodzi do kruchego p\u0119kania, dzi\u0119ki czemu powierzchnia obrabianego elementu nie jest \u0142atwo rysowana.<\/li>\n<\/ul>\n<h5><strong><span style=\"color: #ff0000; font-size: 19.2px;\">\u25b2 Zapraszamy do zapyta\u0144 o wycen\u0119: <a href=\"https:\/\/honwaygroup.com\/pl\/skontaktuj-sie-z-nami\/\" target=\"_blank\" rel=\"noopener\">Skontaktuj si\u0119 z nami!<\/a><\/span><\/strong><\/h5>\n<h5><span style=\"color: #ff0000;\"><strong>\u25b2<\/strong> <strong>Mo\u017cliwo\u015b\u0107 dostosowania specyfikacji \u2013 prosimy o kontakt z obs\u0142ug\u0105 klienta.<\/strong><\/span><\/h5>\n<h5><strong><span style=\"color: #ff0000; font-size: 19.2px;\">\u25b2 Przy wi\u0119kszych zam\u00f3wieniach istnieje mo\u017cliwo\u015b\u0107 uzyskania rabatu, prosimy o kontakt z obs\u0142ug\u0105 klienta.<br \/>\n<\/span><\/strong><\/h5>\n<h5><strong><span style=\"color: #ff0000; font-size: 19.2px;\">\u25b2<\/span><span style=\"color: #ff0000; font-size: 19.2px;\">Czas realizacji<\/span> <span style=\"color: #ff0000;\">zam\u00f3wie\u0144 <\/span><span style=\"color: #ff0000; font-size: 19.2px;\">na terenie Tajwanu wynosi 7-14 dni roboczych.<\/span><\/strong><\/h5>\n<h5><strong><span style=\"color: #ff0000; font-size: 19.2px;\">\u25b2<\/span><span style=\"color: #ff0000;\">Czas realizacji wysy\u0142ki mi\u0119dzynarodowej wynosi 7-14 dni, natomiast rzeczywisty czas dostawy zale\u017cy od danej firmy kurierskiej.<\/span><\/strong><\/h5>\n","protected":false},"featured_media":73393,"template":"","meta":{"site-sidebar-layout":"default","site-content-layout":"default","ast-site-content-layout":"default","site-content-style":"default","site-sidebar-style":"default","ast-global-header-display":"","ast-banner-title-visibility":"","ast-main-header-display":"","ast-hfb-above-header-display":"","ast-hfb-below-header-display":"","ast-hfb-mobile-header-display":"","site-post-title":"","ast-breadcrumbs-content":"","ast-featured-img":"","footer-sml-layout":"","ast-disable-related-posts":"","theme-transparent-header-meta":"default","adv-header-id-meta":"","stick-header-meta":"default","header-above-stick-meta":"","header-main-stick-meta":"","header-below-stick-meta":"","astra-migrate-meta-layouts":"set","ast-page-background-enabled":"default","ast-page-background-meta":{"desktop":{"background-color":"var(--ast-global-color-5)","background-image":"","background-repeat":"repeat","background-position":"center center","background-size":"auto","background-attachment":"scroll","background-type":"","background-media":"","overlay-type":"","overlay-color":"","overlay-opacity":"","overlay-gradient":""},"tablet":{"background-color":"","background-image":"","background-repeat":"repeat","background-position":"center center","background-size":"auto","background-attachment":"scroll","background-type":"","background-media":"","overlay-type":"","overlay-color":"","overlay-opacity":"","overlay-gradient":""},"mobile":{"background-color":"","background-image":"","background-repeat":"repeat","background-position":"center center","background-size":"auto","background-attachment":"scroll","background-type":"","background-media":"","overlay-type":"","overlay-color":"","overlay-opacity":"","overlay-gradient":""}},"ast-content-background-meta":{"desktop":{"background-color":"var(--ast-global-color-4)","background-image":"","background-repeat":"repeat","background-position":"center center","background-size":"auto","background-attachment":"scroll","background-type":"","background-media":"","overlay-type":"","overlay-color":"","overlay-opacity":"","overlay-gradient":""},"tablet":{"background-color":"var(--ast-global-color-4)","background-image":"","background-repeat":"repeat","background-position":"center center","background-size":"auto","background-attachment":"scroll","background-type":"","background-media":"","overlay-type":"","overlay-color":"","overlay-opacity":"","overlay-gradient":""},"mobile":{"background-color":"var(--ast-global-color-4)","background-image":"","background-repeat":"repeat","background-position":"center center","background-size":"auto","background-attachment":"scroll","background-type":"","background-media":"","overlay-type":"","overlay-color":"","overlay-opacity":"","overlay-gradient":""}}},"product_brand":[],"product_cat":[3487,3486,3560,3609,3604,3504,3507,3602,3599,3557],"product_tag":[3679,3696],"class_list":{"0":"post-73391","1":"product","2":"type-product","3":"status-publish","4":"has-post-thumbnail","6":"product_cat-do-tworzyw-sztucznych-i-materialow-niemetalowych","7":"product_cat-materialy-do-obrobki","8":"product_cat-materialy-polerskie","9":"product_cat-materialy-supertwarde","10":"product_cat-polikrystaliczne-pl","11":"product_cat-postac-surowca","12":"product_cat-proszki","13":"product_cat-proszek","14":"product_cat-proszki-pasty-zawiesiny-szlifierskie","15":"product_cat-typ-zastosowania","16":"product_tag-diament-monokrysztaliczny","17":"product_tag-nanodiamenty","18":"desktop-align-left","19":"tablet-align-left","20":"mobile-align-left","21":"ast-product-gallery-layout-horizontal-slider","22":"ast-product-single-variable","23":"ast-product-tabs-layout-horizontal","25":"first","26":"instock","27":"taxable","28":"shipping-taxable","29":"purchasable","30":"product-type-variable"},"_links":{"self":[{"href":"https:\/\/honwaygroup.com\/pl\/wp-json\/wp\/v2\/product\/73391","targetHints":{"allow":["GET"]}}],"collection":[{"href":"https:\/\/honwaygroup.com\/pl\/wp-json\/wp\/v2\/product"}],"about":[{"href":"https:\/\/honwaygroup.com\/pl\/wp-json\/wp\/v2\/types\/product"}],"version-history":[{"count":0,"href":"https:\/\/honwaygroup.com\/pl\/wp-json\/wp\/v2\/product\/73391\/revisions"}],"wp:featuredmedia":[{"embeddable":true,"href":"https:\/\/honwaygroup.com\/pl\/wp-json\/wp\/v2\/media\/73393"}],"wp:attachment":[{"href":"https:\/\/honwaygroup.com\/pl\/wp-json\/wp\/v2\/media?parent=73391"}],"wp:term":[{"taxonomy":"product_brand","embeddable":true,"href":"https:\/\/honwaygroup.com\/pl\/wp-json\/wp\/v2\/product_brand?post=73391"},{"taxonomy":"product_cat","embeddable":true,"href":"https:\/\/honwaygroup.com\/pl\/wp-json\/wp\/v2\/product_cat?post=73391"},{"taxonomy":"product_tag","embeddable":true,"href":"https:\/\/honwaygroup.com\/pl\/wp-json\/wp\/v2\/product_tag?post=73391"}],"curies":[{"name":"wp","href":"https:\/\/api.w.org\/{rel}","templated":true}]}}