{"id":73381,"date":"2023-05-02T13:35:24","date_gmt":"2023-05-02T05:35:24","guid":{"rendered":"https:\/\/honwaygroup.com\/product\/urzadzenie-do-superprecyzyjnego-polerowania-as-3315\/"},"modified":"2025-09-19T09:39:36","modified_gmt":"2025-09-19T01:39:36","slug":"urzadzenie-do-superprecyzyjnego-polerowania-as-3315","status":"publish","type":"product","link":"https:\/\/honwaygroup.com\/pl\/produkt\/urzadzenie-do-superprecyzyjnego-polerowania-as-3315\/","title":{"rendered":"Thi\u1ebft b\u1ecb \u0111\u00e1nh b\u00f3ng si\u00eau m\u1ecbn AS-4100 5190"},"content":{"rendered":"<h3><span style=\"color: #333333\"><strong>Apick Solution-AS 4100,AS 5190<\/strong><\/span><\/h3>\n<p>&nbsp;<\/p>\n<h2>Cechy produktu:<\/h2>\n<ul>\n<li><strong>\u0141atwy w obs\u0142udze interfejs <\/strong><\/li>\n<li><strong style=\"font-size: 16px\">Wyposa\u017cony w \u015brodki ochrony systemu zasilania awaryjnego<\/strong><\/li>\n<li><strong style=\"font-size: 16px\">Automatyzacja procesu polerowania <\/strong><\/li>\n<li><strong style=\"font-size: 16px\">Kompensacja \u015bcie\u017cki polerowania <\/strong><\/li>\n<li><strong style=\"font-size: 16px\">Zwi\u0119kszenie efektywno\u015bci i stabilno\u015bci polerowania <\/strong><\/li>\n<li><strong style=\"font-size: 16px\">G\u0142owica do superprecyzyjnego polerowania na powierzchniach swobodnych (3D)<\/strong><\/li>\n<li><strong style=\"font-size: 16px\">Brak \u015blad\u00f3w polerowania i hologram\u00f3w pod mikroskopem<\/strong><\/li>\n<li><strong style=\"font-size: 16px\">Vui l\u00f2ng li\u00ean h\u1ec7 v\u1edbi b\u1ed9 ph\u1eadn b\u00e1n h\u00e0ng \u0111\u1ec3 bi\u1ebft c\u00e1c v\u1eadt li\u1ec7u \u00e1p d\u1ee5ng<\/strong><\/li>\n<\/ul>\n<h2><\/h2>\n<h2><strong>Zdolno\u015b\u0107 do polerowania: <\/strong><strong style=\"font-size: 16px;font-style: inherit;color: var( --e-global-color-text );font-family: var( --e-global-typography-text-font-family ), Sans-serif\">  <\/strong><\/h2>\n<h4><strong style=\"font-size: 16px;font-style: inherit;color: var( --e-global-color-text );font-family: var( --e-global-typography-text-font-family ), Sans-serif\"><a href=\"https:\/\/honwaygroup.com\/wp-content\/uploads\/2023\/05\/%E8%B6%85%E7%B2%BE%E6%8B%8B%E5%85%89%E8%A8%AD%E5%82%99-2_%E5%B7%A5%E4%BD%9C%E5%8D%80%E5%9F%9F-1-e1683007587190.webp\"><img fetchpriority=\"high\" decoding=\"async\" src=\"https:\/\/honwaygroup.com\/wp-content\/uploads\/2023\/05\/%E8%B6%85%E7%B2%BE%E6%8B%8B%E5%85%89%E8%A8%AD%E5%82%99-2_%E5%B7%A5%E4%BD%9C%E5%8D%80%E5%9F%9F-1-e1683007587190-1024x527.webp\" alt=\"\" width=\"1024\" height=\"527\"><\/a><\/strong><\/h4>\n<p>&nbsp;<\/p>\n<h2>Specyfikacja produktu:<\/h2>\n<p>&nbsp;<\/p>\n<table>\n<tbody>\n<tr>\n<td><span style=\"font-weight: 400\">ng\u01b0\u1eddi m\u1eabu<\/span><\/td>\n<td><span style=\"font-weight: 400\">AS-4100<\/span><\/td>\n<td><span style=\"font-weight: 400\">AS-5190<\/span><\/td>\n<\/tr>\n<tr>\n<td><span style=\"font-weight: 400\">S\u1ed1 l\u01b0\u1ee3ng tr\u1ee5c<\/span><\/td>\n<td><span style=\"font-weight: 400\">Tr\u1ee5c tuy\u1ebfn t\u00ednh X, Y v\u00e0 Z + m\u1ed9t tr\u1ee5c quay (B)<\/span><\/td>\n<td><span style=\"font-weight: 400\">Tr\u1ee5c tuy\u1ebfn t\u00ednh X, Y v\u00e0 Z + hai tr\u1ee5c quay (B v\u00e0 C)<\/span><\/td>\n<\/tr>\n<tr>\n<td><span style=\"font-weight: 400\">T\u00ednh n\u0103ng: <\/span><\/td>\n<td><span style=\"font-weight: 400\">C\u1ea3i thi\u1ec7n \u0111\u1ed9 ch\u00ednh x\u00e1c, ch\u1ea5t l\u01b0\u1ee3ng v\u00e0 hi\u1ec7u qu\u1ea3 c\u1ee7a gia c\u00f4ng cong kh\u00f4ng gian t\u1ef1 do, cho ph\u00e9p gia c\u00f4ng quay. Gi\u1ea3m nhu c\u1ea7u s\u1eed d\u1ee5ng d\u1ee5ng c\u1ee5 v\u00e0 \u0111\u1ed3 g\u00e1, gi\u00fap gi\u1ea3m chi ph\u00ed s\u1ea3n xu\u1ea5t. <\/span><\/td>\n<td><span style=\"font-weight: 400\">M\u00e1y c\u00f3 th\u1ec3 gia c\u00f4ng c\u00e1c b\u1ec1 m\u1eb7t cong c\u1ef1c k\u1ef3 ph\u1ee9c t\u1ea1p v\u00e0 nhi\u1ec1u g\u00f3c, ho\u00e0n thi\u1ec7n nhi\u1ec1u b\u1ec1 m\u1eb7t c\u00f9ng l\u00fac.<\/span><\/td>\n<\/tr>\n<tr>\n<td><span style=\"font-weight: 400\">Zastosowane elementy obrabiane<\/span><\/td>\n<td><span style=\"font-weight: 400\">Cz\u0119\u015bci z elementami obrotowymi, takie jak wa\u0142y i obudowy<\/span><\/td>\n<td><span style=\"font-weight: 400\">Cz\u0119\u015bci o z\u0142o\u017conych powierzchniach zakrzywionych, takie jak cz\u0119\u015bci lotnicze, urz\u0105dzenia medyczne i formy precyzyjne<\/span><\/td>\n<\/tr>\n<tr>\n<td><span style=\"font-weight: 400\">Bran\u017ce<\/span><\/td>\n<td><span style=\"font-weight: 400\">Motoryzacja, Lotnictwo i Kosmonautyka, Energetyka<\/span><\/td>\n<td><span style=\"font-weight: 400\">Lotnictwo i Kosmonautyka, Urz\u0105dzenia Medyczne, Badania i Rozw\u00f3j<\/span><\/td>\n<\/tr>\n<tr>\n<td><span style=\"font-weight: 400\">Specyfikacja<\/span><\/td>\n<td><span style=\"font-weight: 400\"> <\/span><\/td>\n<td><span style=\"font-weight: 400\"> <\/span><\/td>\n<\/tr>\n<tr>\n<td><span style=\"font-weight: 400\">Rozmiar sprz\u0119tu<\/span><\/td>\n<td><span style=\"font-weight: 400\">960&#215;798.5x1750mm<\/span><\/td>\n<td><span style=\"font-weight: 400\">860x980x1780mm<\/span><\/td>\n<\/tr>\n<tr>\n<td><span style=\"font-weight: 400\">Obszar przetwarzania poci\u0105gni\u0119\u0107 X\/Y\/Z<\/span><\/td>\n<td><span style=\"font-weight: 400\">400x400x170mm<\/span><\/td>\n<td><span style=\"font-weight: 400\">190x190x300mm<\/span><\/td>\n<\/tr>\n<tr>\n<td><span style=\"font-weight: 400\">Rozmiar przedmiotu obrabianego<\/span><\/td>\n<td><span style=\"font-weight: 400\">400x230x150mm<\/span><\/td>\n<td><span style=\"font-weight: 400\">\u00d8 200x250mm<\/span><\/td>\n<\/tr>\n<tr>\n<td><span style=\"font-weight: 400\">Maksymalny k\u0105t obr\u00f3bki<\/span><\/td>\n<td><span style=\"font-weight: 400\">30\u00b0<\/span><\/td>\n<td><span style=\"font-weight: 400\">O\u015b B: od -115\u00b0 do 15\u00b0, o\u015b C: 360\u00b0<\/span><\/td>\n<\/tr>\n<tr>\n<td><span style=\"font-weight: 400\">Mo\u017cliwa do za\u0142adowania waga przedmiotu obrabianego<\/span><\/td>\n<td><span style=\"font-weight: 400\">5 kg<\/span><\/td>\n<td><span style=\"font-weight: 400\">15 kg<\/span><\/td>\n<\/tr>\n<tr>\n<td><span style=\"font-weight: 400\">Analiza oprogramowania<\/span><\/td>\n<td><span style=\"font-weight: 400\">0.001<\/span><\/td>\n<td><span style=\"font-weight: 400\">0.001<\/span><\/td>\n<\/tr>\n<tr>\n<td><span style=\"font-weight: 400\">Silnik wrzeciona<\/span><\/td>\n<td><span style=\"font-weight: 400\">Silnik synchroniczny z magnesami trwa\u0142ymi 750 W<\/span><\/td>\n<td><span style=\"font-weight: 400\">Silnik serwo 750 W<\/span><\/td>\n<\/tr>\n<tr>\n<td><span style=\"font-weight: 400\">Pr\u0119dko\u015b\u0107 wrzeciona<\/span><\/td>\n<td><span style=\"font-weight: 400\">80-600 RPM<\/span><\/td>\n<td><span style=\"font-weight: 400\">0-3000RPM<\/span><\/td>\n<\/tr>\n<tr>\n<td><span style=\"font-weight: 400\">Napi\u0119cie urz\u0105dzenia<\/span><\/td>\n<td><span style=\"font-weight: 400\">Jednofazowe 220 VAC<\/span><\/td>\n<td><span style=\"font-weight: 400\">Jednofazowe 220 VAC<\/span><\/td>\n<\/tr>\n<tr>\n<td><span style=\"font-weight: 400\">Aktualny stan sprz\u0119tu<\/span><\/td>\n<td><span style=\"font-weight: 400\">10A<\/span><\/td>\n<td><span style=\"font-weight: 400\">10A<\/span><\/td>\n<\/tr>\n<tr>\n<td><span style=\"font-weight: 400\">Zu\u017cycie energii przez sprz\u0119t<\/span><\/td>\n<td><span style=\"font-weight: 400\">\u2248500W<\/span><\/td>\n<td><span style=\"font-weight: 400\">\u2248600W<\/span><\/td>\n<\/tr>\n<tr>\n<td><span style=\"font-weight: 400\">Waga sprz\u0119tu<\/span><\/td>\n<td><span style=\"font-weight: 400\">\u2248450Kg<\/span><\/td>\n<td><span style=\"font-weight: 400\">\u2248480Kg<\/span><\/td>\n<\/tr>\n<\/tbody>\n<\/table>\n<p>Masz pytanie? <a href=\"https:\/\/honwaygroup.com\/pl\/skontaktuj-sie-z-nami\/\">Skontaktuj si\u0119 z nami!<\/a><\/p>\n","protected":false},"excerpt":{"rendered":"<h4><strong>Polerowanie superprecyzyjne Meta Polishing<\/strong><\/h4>\n<h4><strong>Modele:AS-4100, AS-5190<\/strong><\/h4>\n<p>&nbsp;<\/p>\n<h5><strong><span style=\"color: #ff0000;font-size: 19.2px\">\u25b2 Zapraszamy do zapyta\u0144 o wycen\u0119: <a href=\"https:\/\/honwaygroup.com\/pl\/skontaktuj-sie-z-nami\/\" target=\"_blank\" rel=\"noopener\">Skontaktuj si\u0119 z nami!<\/a><\/span><\/strong><\/h5>\n<h5><strong><span style=\"color: #ff0000;font-size: 19.2px\">\u25b2 Przy wi\u0119kszych zam\u00f3wieniach istnieje mo\u017cliwo\u015b\u0107 uzyskania rabatu, prosimy o kontakt z obs\u0142ug\u0105 klienta.<br \/>\n<\/span><\/strong><\/h5>\n<h5><strong><span style=\"color: #ff0000\">\u25b2W celu ustalenia daty dostawy zam\u00f3wienia prosimy o kontakt z obs\u0142ug\u0105 klienta<\/span><\/strong><\/h5>\n","protected":false},"featured_media":77037,"template":"","meta":{"site-sidebar-layout":"default","site-content-layout":"default","ast-site-content-layout":"default","site-content-style":"default","site-sidebar-style":"default","ast-global-header-display":"","ast-banner-title-visibility":"","ast-main-header-display":"","ast-hfb-above-header-display":"","ast-hfb-below-header-display":"","ast-hfb-mobile-header-display":"","site-post-title":"","ast-breadcrumbs-content":"","ast-featured-img":"","footer-sml-layout":"","ast-disable-related-posts":"","theme-transparent-header-meta":"default","adv-header-id-meta":"","stick-header-meta":"default","header-above-stick-meta":"","header-main-stick-meta":"","header-below-stick-meta":"","astra-migrate-meta-layouts":"set","ast-page-background-enabled":"default","ast-page-background-meta":{"desktop":{"background-color":"var(--ast-global-color-5)","background-image":"","background-repeat":"repeat","background-position":"center center","background-size":"auto","background-attachment":"scroll","background-type":"","background-media":"","overlay-type":"","overlay-color":"","overlay-opacity":"","overlay-gradient":""},"tablet":{"background-color":"","background-image":"","background-repeat":"repeat","background-position":"center center","background-size":"auto","background-attachment":"scroll","background-type":"","background-media":"","overlay-type":"","overlay-color":"","overlay-opacity":"","overlay-gradient":""},"mobile":{"background-color":"","background-image":"","background-repeat":"repeat","background-position":"center center","background-size":"auto","background-attachment":"scroll","background-type":"","background-media":"","overlay-type":"","overlay-color":"","overlay-opacity":"","overlay-gradient":""}},"ast-content-background-meta":{"desktop":{"background-color":"var(--ast-global-color-4)","background-image":"","background-repeat":"repeat","background-position":"center center","background-size":"auto","background-attachment":"scroll","background-type":"","background-media":"","overlay-type":"","overlay-color":"","overlay-opacity":"","overlay-gradient":""},"tablet":{"background-color":"var(--ast-global-color-4)","background-image":"","background-repeat":"repeat","background-position":"center center","background-size":"auto","background-attachment":"scroll","background-type":"","background-media":"","overlay-type":"","overlay-color":"","overlay-opacity":"","overlay-gradient":""},"mobile":{"background-color":"var(--ast-global-color-4)","background-image":"","background-repeat":"repeat","background-position":"center center","background-size":"auto","background-attachment":"scroll","background-type":"","background-media":"","overlay-type":"","overlay-color":"","overlay-opacity":"","overlay-gradient":""}}},"product_brand":[],"product_cat":[3509,3510],"product_tag":[3868,3714],"class_list":{"0":"post-73381","1":"product","2":"type-product","3":"status-publish","4":"has-post-thumbnail","6":"product_cat-obrabiarki","7":"product_cat-sprzet-polerski","8":"product_tag-polerowanie-superprecyzyjne","9":"product_tag-sprzet-polerski","10":"desktop-align-left","11":"tablet-align-left","12":"mobile-align-left","13":"ast-product-gallery-layout-horizontal-slider","14":"ast-product-tabs-layout-horizontal","16":"first","17":"instock","18":"featured","19":"taxable","20":"shipping-taxable","21":"product-type-simple"},"_links":{"self":[{"href":"https:\/\/honwaygroup.com\/pl\/wp-json\/wp\/v2\/product\/73381","targetHints":{"allow":["GET"]}}],"collection":[{"href":"https:\/\/honwaygroup.com\/pl\/wp-json\/wp\/v2\/product"}],"about":[{"href":"https:\/\/honwaygroup.com\/pl\/wp-json\/wp\/v2\/types\/product"}],"version-history":[{"count":0,"href":"https:\/\/honwaygroup.com\/pl\/wp-json\/wp\/v2\/product\/73381\/revisions"}],"wp:featuredmedia":[{"embeddable":true,"href":"https:\/\/honwaygroup.com\/pl\/wp-json\/wp\/v2\/media\/77037"}],"wp:attachment":[{"href":"https:\/\/honwaygroup.com\/pl\/wp-json\/wp\/v2\/media?parent=73381"}],"wp:term":[{"taxonomy":"product_brand","embeddable":true,"href":"https:\/\/honwaygroup.com\/pl\/wp-json\/wp\/v2\/product_brand?post=73381"},{"taxonomy":"product_cat","embeddable":true,"href":"https:\/\/honwaygroup.com\/pl\/wp-json\/wp\/v2\/product_cat?post=73381"},{"taxonomy":"product_tag","embeddable":true,"href":"https:\/\/honwaygroup.com\/pl\/wp-json\/wp\/v2\/product_tag?post=73381"}],"curies":[{"name":"wp","href":"https:\/\/api.w.org\/{rel}","templated":true}]}}