{"id":73114,"date":"2023-07-26T11:12:35","date_gmt":"2023-07-26T03:12:35","guid":{"rendered":"https:\/\/honwaygroup.com\/product\/stolowa-szczotkarka-obrotowa-as-bp23\/"},"modified":"2025-02-24T17:11:54","modified_gmt":"2025-02-24T09:11:54","slug":"stolowa-szczotkarka-obrotowa-as-bp23","status":"publish","type":"product","link":"https:\/\/honwaygroup.com\/pl\/produkt\/stolowa-szczotkarka-obrotowa-as-bp23\/","title":{"rendered":"Sto\u0142owa szczotkarka obrotowa AS-BP23"},"content":{"rendered":"<h2 class=\"style-scope ytd-watch-metadata\"><span style=\"color: #333333;\"><strong><a style=\"color: #333333;\" href=\"https:\/\/www.youtube.com\/watch?v=ZKIQVsbz5DY\" target=\"_blank\" rel=\"noopener nofollow\">Apick Solution_Sto\u0142owa szczotkarka obrotowa<\/a><\/strong><\/span><\/h2>\n<p><a href=\"https:\/\/honwaygroup.com\/wp-content\/uploads\/2023\/07\/FB%E7%B8%AE%E5%9C%96%E5%B0%81%E9%9D%A2_AS-BP23.png\"><img fetchpriority=\"high\" decoding=\"async\" class=\"alignnone wp-image-29374 size-large\" src=\"https:\/\/honwaygroup.com\/wp-content\/uploads\/2023\/07\/FB%E7%B8%AE%E5%9C%96%E5%B0%81%E9%9D%A2_AS-BP23-1024x538.png\" alt=\"\" width=\"1024\" height=\"538\" \/><\/a><\/p>\n<p>[videopress lAlBIW7f permalink=&#8221;false&#8221; hd=&#8221;true&#8221; loop=&#8221;true&#8221;]<\/p>\n<p>&nbsp;<\/p>\n<h4><\/h4>\n<h2>Specyfikacja produktu:<\/h2>\n<h4><\/h4>\n<p><a href=\"https:\/\/honwaygroup.com\/wp-content\/uploads\/2023\/07\/AS-BP23-02-1024x363.png\"><img decoding=\"async\" class=\"alignnone size-large wp-image-29382\" src=\"https:\/\/honwaygroup.com\/wp-content\/uploads\/2023\/07\/AS-BP23-02-1024x363.png\" alt=\"\" width=\"1024\" height=\"363\" \/><\/a><\/p>\n<p>&nbsp;<\/p>\n<h2>Cechy produktu:<\/h2>\n<table style=\"height: 267px;\" width=\"600\">\n<tbody>\n<tr>\n<td>\n<h4><strong><a href=\"https:\/\/honwaygroup.com\/wp-content\/uploads\/2023\/07\/AS-BP23-03-300x267.png\"><img decoding=\"async\" class=\"wp-image-29378 size-medium aligncenter\" src=\"https:\/\/honwaygroup.com\/wp-content\/uploads\/2023\/07\/AS-BP23-03-300x267.png\" alt=\"\" width=\"300\" height=\"267\" \/><\/a><\/strong><\/h4>\n<\/td>\n<td>\n<ul>\n<li><strong>Mo\u017cliwo\u015b\u0107 regulacji pr\u0119dko\u015bci obrotowej w zale\u017cno\u015bci od potrzeb.<br \/>\n<\/strong><\/li>\n<li><strong>Mo\u017cliwo\u015b\u0107 wymiany materia\u0142\u00f3w \u015bciernych.<\/strong><\/li>\n<li><strong>Wyposa\u017cona w system filtracji z separacj\u0105 py\u0142u.<\/strong><\/li>\n<li><strong>Posiada regulowan\u0105 os\u0142on\u0119 ochronn\u0105 ze szk\u0142a akrylowego.<\/strong><\/li>\n<li><strong>Wyposa\u017cona w podk\u0142adki PU po obu stronach, co zapewnia komfort przy d\u0142u\u017cszym czasie pracy.<\/strong><\/li>\n<li><strong>Wyposa\u017cona w o\u015bwietlenie LED, kt\u00f3re sprawia, \u017ce obszar roboczy jest ja\u015bniejszy.<\/strong><\/li>\n<li><strong>Lekka, por\u0119czna, dzia\u0142a p\u0142ynnie i cicho.<\/strong><\/li>\n<\/ul>\n<\/td>\n<\/tr>\n<\/tbody>\n<\/table>\n<p>Masz pytanie? <a href=\"https:\/\/honwaygroup.com\/pl\/skontaktuj-sie-z-nami\/\">Skontaktuj si\u0119 z nami!<\/a><\/p>\n","protected":false},"excerpt":{"rendered":"<h4><strong>usuwanie zadzior\u00f3w | fazowanie | zaokr\u0105glanie kraw\u0119dzi | polerowanie<\/strong><\/h4>\n<h4><strong>Model: AS-BP23<\/strong><\/h4>\n<p><a href=\"https:\/\/honwaygroup.com\/wp-content\/uploads\/2023\/08\/AS-BP23_%E4%B8%80%E9%A0%81%E5%BC%8FDM%E5%96%AE%E9%9D%A2_230803-scaled.jpg\" target=\"_blank\" rel=\"noopener\">(Kliknij tutaj, aby zobaczy\u0107 katalog elektroniczny)<\/a><\/p>\n<h5><strong><span style=\"color: #ff0000; font-size: 19.2px;\">\u25b2 Zapraszamy do zapyta\u0144 o wycen\u0119: <a href=\"https:\/\/honwaygroup.com\/pl\/skontaktuj-sie-z-nami\/\" target=\"_blank\" rel=\"noopener\">Skontaktuj si\u0119 z nami!<\/a><\/span><\/strong><\/h5>\n<h5><strong><span style=\"color: #ff0000; font-size: 19.2px;\">\u25b2 Przy wi\u0119kszych zam\u00f3wieniach istnieje mo\u017cliwo\u015b\u0107 uzyskania rabatu, prosimy o kontakt z obs\u0142ug\u0105 klienta<br \/>\n<\/span><\/strong><\/h5>\n<h5><span style=\"color: #ff0000;\"><b>\u25b2 W celu uzyskania informacji o rzeczywistym czasie dostawy prosimy o kontakt z obs\u0142ug\u0105 klienta<\/b><\/span><\/h5>\n","protected":false},"featured_media":73115,"template":"","meta":{"site-sidebar-layout":"default","site-content-layout":"default","ast-site-content-layout":"default","site-content-style":"default","site-sidebar-style":"default","ast-global-header-display":"","ast-banner-title-visibility":"","ast-main-header-display":"","ast-hfb-above-header-display":"","ast-hfb-below-header-display":"","ast-hfb-mobile-header-display":"","site-post-title":"","ast-breadcrumbs-content":"","ast-featured-img":"","footer-sml-layout":"","ast-disable-related-posts":"","theme-transparent-header-meta":"default","adv-header-id-meta":"","stick-header-meta":"","header-above-stick-meta":"","header-main-stick-meta":"","header-below-stick-meta":"","astra-migrate-meta-layouts":"set","ast-page-background-enabled":"default","ast-page-background-meta":{"desktop":{"background-color":"var(--ast-global-color-5)","background-image":"","background-repeat":"repeat","background-position":"center center","background-size":"auto","background-attachment":"scroll","background-type":"","background-media":"","overlay-type":"","overlay-color":"","overlay-opacity":"","overlay-gradient":""},"tablet":{"background-color":"","background-image":"","background-repeat":"repeat","background-position":"center center","background-size":"auto","background-attachment":"scroll","background-type":"","background-media":"","overlay-type":"","overlay-color":"","overlay-opacity":"","overlay-gradient":""},"mobile":{"background-color":"","background-image":"","background-repeat":"repeat","background-position":"center center","background-size":"auto","background-attachment":"scroll","background-type":"","background-media":"","overlay-type":"","overlay-color":"","overlay-opacity":"","overlay-gradient":""}},"ast-content-background-meta":{"desktop":{"background-color":"var(--ast-global-color-4)","background-image":"","background-repeat":"repeat","background-position":"center center","background-size":"auto","background-attachment":"scroll","background-type":"","background-media":"","overlay-type":"","overlay-color":"","overlay-opacity":"","overlay-gradient":""},"tablet":{"background-color":"var(--ast-global-color-4)","background-image":"","background-repeat":"repeat","background-position":"center center","background-size":"auto","background-attachment":"scroll","background-type":"","background-media":"","overlay-type":"","overlay-color":"","overlay-opacity":"","overlay-gradient":""},"mobile":{"background-color":"var(--ast-global-color-4)","background-image":"","background-repeat":"repeat","background-position":"center center","background-size":"auto","background-attachment":"scroll","background-type":"","background-media":"","overlay-type":"","overlay-color":"","overlay-opacity":"","overlay-gradient":""}}},"product_brand":[],"product_cat":[3509,3511],"product_tag":[3730,3719,3716,3720],"class_list":{"0":"post-73114","1":"product","2":"type-product","3":"status-publish","4":"has-post-thumbnail","6":"product_cat-obrabiarki","7":"product_cat-szczotkarka","8":"product_tag-maszyna-szczotkujaca","9":"product_tag-stolowe","10":"product_tag-szczotkarka","11":"product_tag-szczotkarka-stolowa","12":"desktop-align-left","13":"tablet-align-left","14":"mobile-align-left","15":"ast-product-gallery-layout-horizontal-slider","16":"ast-product-tabs-layout-horizontal","18":"first","19":"instock","20":"taxable","21":"shipping-taxable","22":"product-type-simple"},"_links":{"self":[{"href":"https:\/\/honwaygroup.com\/pl\/wp-json\/wp\/v2\/product\/73114","targetHints":{"allow":["GET"]}}],"collection":[{"href":"https:\/\/honwaygroup.com\/pl\/wp-json\/wp\/v2\/product"}],"about":[{"href":"https:\/\/honwaygroup.com\/pl\/wp-json\/wp\/v2\/types\/product"}],"version-history":[{"count":0,"href":"https:\/\/honwaygroup.com\/pl\/wp-json\/wp\/v2\/product\/73114\/revisions"}],"wp:featuredmedia":[{"embeddable":true,"href":"https:\/\/honwaygroup.com\/pl\/wp-json\/wp\/v2\/media\/73115"}],"wp:attachment":[{"href":"https:\/\/honwaygroup.com\/pl\/wp-json\/wp\/v2\/media?parent=73114"}],"wp:term":[{"taxonomy":"product_brand","embeddable":true,"href":"https:\/\/honwaygroup.com\/pl\/wp-json\/wp\/v2\/product_brand?post=73114"},{"taxonomy":"product_cat","embeddable":true,"href":"https:\/\/honwaygroup.com\/pl\/wp-json\/wp\/v2\/product_cat?post=73114"},{"taxonomy":"product_tag","embeddable":true,"href":"https:\/\/honwaygroup.com\/pl\/wp-json\/wp\/v2\/product_tag?post=73114"}],"curies":[{"name":"wp","href":"https:\/\/api.w.org\/{rel}","templated":true}]}}