{"id":73095,"date":"2024-07-31T13:47:51","date_gmt":"2024-07-31T05:47:51","guid":{"rendered":"https:\/\/honwaygroup.com\/?post_type=product&#038;p=73095"},"modified":"2025-09-18T10:23:53","modified_gmt":"2025-09-18T02:23:53","slug":"zawiesina-polerska-z-tlenkiem-ceru","status":"publish","type":"product","link":"https:\/\/honwaygroup.com\/pl\/produkt\/zawiesina-polerska-z-tlenkiem-ceru\/","title":{"rendered":"Zawiesina polerska z tlenkiem ceru"},"content":{"rendered":"<h1><strong>Zawiesina polerska z tlenkiem ceru<\/strong><\/h1>\n<ul>\n<li>Im wi\u0119kszy rozmiar cz\u0105stek tlenku ceru, tym wi\u0119ksza jest jego si\u0142a szlifowania i tym lepiej nadaje si\u0119 do polerowania twardszych materia\u0142\u00f3w; podczas gdy do polerowania szk\u0142a zwykle stosuje si\u0119 drobniejszy p\u0142yn polerski.<\/li>\n<li>Warto zwr\u00f3ci\u0107 uwag\u0119 na fakt, \u017ce wszystkie rozmiary cz\u0105stek tlenku ceru charakteryzuj\u0105 si\u0119 problemem z rozk\u0142adem. \u015aredni rozmiar cz\u0105stek lub mediana \u015brednicy (D50) decyduje o szybko\u015bci polerowania, natomiast maksymalny rozmiar cz\u0105stek (Dmax) decyduje o dok\u0142adno\u015bci polerowania.<\/li>\n<li>Aby spe\u0142ni\u0107 wymagania wysokiej precyzji, nale\u017cy kontrolowa\u0107 maksymaln\u0105 wielko\u015b\u0107 cz\u0105stek proszku polerskiego.<\/li>\n<li>Cz\u0105stki dobrze si\u0119 zawieszaj\u0105, nie rysuj\u0105 powierzchni przedmiot\u00f3w, mog\u0105 polerowa\u0107 szk\u0142o optyczne, szk\u0142o do telefon\u00f3w kom\u00f3rkowych itp.<\/li>\n<\/ul>\n<h2>Cechy:<strong>\u3000\u3000\u3000\u3000\u3000\u3000\u3000\u3000\u3000\u3000\u3000\u3000\u3000<\/strong><\/h2>\n<ul>\n<li>Umiarkowana twardo\u015b\u0107, nie rysuje powierzchni polerowanych przedmiot\u00f3w.<\/li>\n<li>Dobra zawiesina, nie osadza si\u0119 \u0142atwo.<\/li>\n<\/ul>\n<h2>Zakres zastosowa\u0144: <strong style=\"font-size: 1.3em;\"> <\/strong><\/h2>\n<ul>\n<li>Polerowanie szk\u0142a optycznego o<a href=\"https:\/\/www.digitimes.com.tw\/tech\/dt\/n\/shwnws.asp?id=0000224454_2d43rg4f6gx9na35kvdvr\" rel=\"nofollow noopener\" target=\"_blank\"> wysokiej precyzji,<\/a> takiego jak precyzyjne urz\u0105dzenia optyczne, pod\u0142o\u017ca dysk\u00f3w twardych, wy\u015bwietlacze ciek\u0142okrystaliczne itp.<\/li>\n<li>Precyzyjne polerowanie soczewek optycznych, <a href=\"https:\/\/zh.wikipedia.org\/wiki\/%E5%85%89%E7%BA%96%E6%8E%A5%E9%A0%AD\" rel=\"nofollow noopener\" target=\"_blank\">z\u0142\u0105czy \u015bwiat\u0142owodowych<\/a>, pod\u0142o\u017cy ze szk\u0142a mikrokrystalicznego, powierzchni kryszta\u0142\u00f3w itp.<\/li>\n<\/ul>\n<h4><strong> <\/strong><\/h4>\n<h2>Specyfikacja produktu:<\/h2>\n<table>\n<tbody>\n<tr>\n<td rowspan=\"2\"><span style=\"font-weight: 400;\">Model<\/span><\/td>\n<td rowspan=\"2\"><span style=\"font-weight: 400;\">Status produktu<\/span><\/td>\n<td rowspan=\"2\"><span style=\"font-weight: 400;\">Wielko\u015b\u0107 cz\u0105stek (\u00b5m)<\/span><\/td>\n<td colspan=\"5\"><span style=\"font-weight: 400;\">Zastosowanie<\/span><\/td>\n<\/tr>\n<tr>\n<td><span style=\"font-weight: 400;\">Szk\u0142o niebieskie og\u00f3lne<\/span><\/td>\n<td><span style=\"font-weight: 400;\">Szk\u0142o optyczne bia\u0142e<\/span><\/td>\n<td><span style=\"font-weight: 400;\">Szk\u0142o panelowe<\/span><\/td>\n<td><span style=\"font-weight: 400;\">Elementy optyczne<\/span><\/td>\n<td><span style=\"font-weight: 400;\">Szk\u0142o niebieskie<\/span><\/td>\n<\/tr>\n<tr>\n<td><span style=\"font-weight: 400;\">RA-10<\/span><\/td>\n<td><span style=\"font-weight: 400;\">bia\u0142y p\u0142yn<\/span><\/td>\n<td><span style=\"font-weight: 400;\">D50\/0.8<\/span><\/td>\n<td><\/td>\n<td><\/td>\n<td><span style=\"font-weight: 400;\">\u25cf<\/span><\/td>\n<td><span style=\"font-weight: 400;\">\u25cf<\/span><\/td>\n<td><\/td>\n<\/tr>\n<tr>\n<td><span style=\"font-weight: 400;\">RA-08<\/span><\/td>\n<td><span style=\"font-weight: 400;\">bia\u0142y p\u0142yn<\/span><\/td>\n<td><span style=\"font-weight: 400;\">D50\/1.0<\/span><\/td>\n<td><\/td>\n<td><span style=\"font-weight: 400;\">\u25cf<\/span><\/td>\n<td><span style=\"font-weight: 400;\">\u25cf<\/span><\/td>\n<td><span style=\"font-weight: 400;\">\u25cf<\/span><\/td>\n<td><\/td>\n<\/tr>\n<tr>\n<td><span style=\"font-weight: 400;\">RA-01<\/span><\/td>\n<td><span style=\"font-weight: 400;\">bia\u0142y p\u0142yn<\/span><\/td>\n<td><span style=\"font-weight: 400;\">D50\/1.5<\/span><\/td>\n<td><span style=\"font-weight: 400;\">\u25cf<\/span><\/td>\n<td><span style=\"font-weight: 400;\">\u25cf<\/span><\/td>\n<td><span style=\"font-weight: 400;\">\u25cf<\/span><\/td>\n<td><\/td>\n<td><\/td>\n<\/tr>\n<tr>\n<td><span style=\"font-weight: 400;\">RA-12<\/span><\/td>\n<td><span style=\"font-weight: 400;\">bia\u0142y p\u0142yn<\/span><\/td>\n<td><span style=\"font-weight: 400;\">D50\/2.0<\/span><\/td>\n<td><span style=\"font-weight: 400;\">\u25cf<\/span><\/td>\n<td><\/td>\n<td><\/td>\n<td><\/td>\n<td><\/td>\n<\/tr>\n<tr>\n<td><span style=\"font-weight: 400;\">HAT-1205<\/span><\/td>\n<td><span style=\"font-weight: 400;\">Czerwona ciecz<\/span><\/td>\n<td><span style=\"font-weight: 400;\">D50\/1.2<\/span><\/td>\n<td><\/td>\n<td><\/td>\n<td><\/td>\n<td><span style=\"font-weight: 400;\">\u25cf<\/span><\/td>\n<td><span style=\"font-weight: 400;\">\u25cf<\/span><\/td>\n<\/tr>\n<tr>\n<td><span style=\"font-weight: 400;\">HAT-1805<\/span><\/td>\n<td><span style=\"font-weight: 400;\">Czerwona ciecz<\/span><\/td>\n<td><span style=\"font-weight: 400;\">D50\/1.8<\/span><\/td>\n<td><span style=\"font-weight: 400;\">\u25cf<\/span><\/td>\n<td><span style=\"font-weight: 400;\">\u25cf<\/span><\/td>\n<td><\/td>\n<td><\/td>\n<td><\/td>\n<\/tr>\n<tr>\n<td><span style=\"font-weight: 400;\">RGB-1935<\/span><\/td>\n<td><span style=\"font-weight: 400;\">p\u0142yn poleruj\u0105cy<\/span><\/td>\n<td><span style=\"font-weight: 400;\">D50\/0.5<\/span><\/td>\n<td><\/td>\n<td><\/td>\n<td><\/td>\n<td><span style=\"font-weight: 400;\">\u25cf<\/span><\/td>\n<td><span style=\"font-weight: 400;\">\u25cf<\/span><\/td>\n<\/tr>\n<tr>\n<td><span style=\"font-weight: 400;\">RGB-1938<\/span><\/td>\n<td><span style=\"font-weight: 400;\">p\u0142yn poleruj\u0105cy<\/span><\/td>\n<td><span style=\"font-weight: 400;\">D50\/0.8<\/span><\/td>\n<td><\/td>\n<td><\/td>\n<td><\/td>\n<td><span style=\"font-weight: 400;\">\u25cf<\/span><\/td>\n<td><span style=\"font-weight: 400;\">\u25cf<\/span><\/td>\n<\/tr>\n<\/tbody>\n<\/table>\n<div class=\"mceTemp\">\n<p>Zawiesina polerska z tlenkiem ceru<strong>W przypadku specjalnych specyfikacji u\u017cytkowych lub zam\u00f3wie\u0144 niestandardowych, prosimy o <a href=\"tel:+886-7-2231058\">kontakt telefoniczny<\/a> lub<a href=\"mailto:service@honwaygroup.com\"> mailowy<\/a>. Dzi\u0119kujemy.<\/strong><\/p>\n<\/div>\n<h2>Uwagi:<\/h2>\n<h3><b>Uwagi og\u00f3lne:<\/b><\/h3>\n<ul>\n<li style=\"font-weight: 400;\" aria-level=\"1\"><b>Uwa\u017cnie przeczytaj Kart\u0119 Charakterystyki Substancji Niebezpiecznej (SDS)<\/b>:<span style=\"font-weight: 400;\"> Przed u\u017cyciem tlenku ceru nale\u017cy uwa\u017cnie przeczyta\u0107 Kart\u0119 Charakterystyki Substancji Niebezpiecznej dostarczon\u0105 przez dostawc\u0119, aby pozna\u0107 potencjalne zagro\u017cenia, zasady bezpiecznego obchodzenia si\u0119 z substancj\u0105 oraz metody post\u0119powania w sytuacjach awaryjnych.<\/span><\/li>\n<li style=\"font-weight: 400;\" aria-level=\"1\"><b>Unika\u0107 wdychania py\u0142u<\/b>: <span style=\"font-weight: 400;\">Tlenek ceru mo\u017ce wyst\u0119powa\u0107 w postaci proszku, a wdychanie py\u0142u mo\u017ce podra\u017cnia\u0107 drogi oddechowe. Podczas pracy z substancj\u0105 nale\u017cy zapewni\u0107 dobr\u0105 wentylacj\u0119 lub nosi\u0107 odpowiedni sprz\u0119t ochrony dr\u00f3g oddechowych (np. mask\u0119).<\/span><\/li>\n<li style=\"font-weight: 400;\" aria-level=\"1\"><b>Unika\u0107 kontaktu ze sk\u00f3r\u0105 i oczami: <\/b><span style=\"font-weight: 400;\">Tlenek ceru mo\u017ce powodowa\u0107 podra\u017cnienie sk\u00f3ry i oczu. Podczas kontaktu nale\u017cy nosi\u0107 r\u0119kawice ochronne i okulary ochronne. W przypadku przypadkowego kontaktu natychmiast przemy\u0107 du\u017c\u0105 ilo\u015bci\u0105 wody.<\/span><\/li>\n<li style=\"font-weight: 400;\" aria-level=\"1\"><b>Dok\u0142adnie wyczy\u015b\u0107 po kontakcie<\/b>: <span style=\"font-weight: 400;\">Po kontakcie z tlenkiem ceru zawsze dok\u0142adnie umyj r\u0119ce i odzie\u017c, kt\u00f3ra mog\u0142a mie\u0107 kontakt z substancj\u0105.<\/span><\/li>\n<li style=\"font-weight: 400;\" aria-level=\"1\"><b>Zakaz jedzenia, picia i palenia w miejscu pracy<\/b>:<span style=\"font-weight: 400;\"> Aby zapobiec przypadkowemu po\u0142kni\u0119ciu lub wdychaniu tlenku ceru, nale\u017cy unika\u0107 jedzenia, picia i palenia w miejscach, w kt\u00f3rych pracuje si\u0119 z tlenkiem ceru.<\/span><\/li>\n<li style=\"font-weight: 400;\" aria-level=\"1\"><b>Wy\u0142\u0105cznie do u\u017cytku laboratoryjnego lub przemys\u0142owego<\/b>: <span style=\"font-weight: 400;\">Je\u015bli jest to tlenek ceru o jako\u015bci farmaceutycznej, nie nale\u017cy go spo\u017cywa\u0107. Jest on przeznaczony wy\u0142\u0105cznie do u\u017cytku laboratoryjnego lub przemys\u0142owego.<\/span><\/li>\n<li style=\"font-weight: 400;\" aria-level=\"1\"><b>\u015arodki ostro\u017cno\u015bci dotycz\u0105ce przechowywania<\/b>: <span style=\"font-weight: 400;\">Przechowywa\u0107 tlenek ceru w suchym, ch\u0142odnym i dobrze wentylowanym miejscu, w szczelnie zamkni\u0119tym pojemniku, aby unikn\u0105\u0107 wch\u0142aniania wilgoci, aglomeracji lub zanieczyszczenia zanieczyszczeniami. Unika\u0107 przechowywania z substancjami niekompatybilnymi.<\/span><\/li>\n<li style=\"font-weight: 400;\" aria-level=\"1\"><b>Utylizacja odpad\u00f3w<\/b>: <span style=\"font-weight: 400;\">Odpady tlenku ceru nale\u017cy utylizowa\u0107 zgodnie z lokalnymi przepisami.<\/span><\/li>\n<\/ul>\n<h3><b>Uwagi dotycz\u0105ce konkretnych zastosowa\u0144 (na przyk\u0142adzie polerowania):<\/b><\/h3>\n<ul>\n<li style=\"font-weight: 400;\" aria-level=\"1\"><b>Wybierz odpowiedni\u0105 wielko\u015b\u0107 cz\u0105stek<\/b>: <span style=\"font-weight: 400;\">Wybierz odpowiedni\u0105 wielko\u015b\u0107 cz\u0105stek proszku polerskiego z tlenkiem ceru w oparciu o twardo\u015b\u0107 materia\u0142u poleruj\u0105cego i wymagan\u0105 dok\u0142adno\u015b\u0107 polerowania. Wi\u0119ksze cz\u0105stki zapewniaj\u0105 wi\u0119ksz\u0105 si\u0142\u0119 szlifowania i s\u0105 odpowiednie do twardszych materia\u0142\u00f3w lub polerowania zgrubnego; drobniejsze cz\u0105stki nadaj\u0105 si\u0119 do polerowania precyzyjnego w celu uzyskania lepszego wyko\u0144czenia.<\/span><\/li>\n<li style=\"font-weight: 400;\" aria-level=\"1\"><b>Przed u\u017cyciem sprawd\u017a<\/b>: <span style=\"font-weight: 400;\">Upewnij si\u0119, \u017ce proszek polerski jest suchy i wolny od zanieczyszcze\u0144, aby nie wp\u0142yn\u0105\u0142 na jako\u015b\u0107 polerowania lub nie zarysowa\u0142 obrabianego przedmiotu.<\/span><\/li>\n<li style=\"font-weight: 400;\" aria-level=\"1\"><b>Polerowanie powierzchni: <\/b><span style=\"font-weight: 400;\">Podczas polerowania nale\u017cy utrzymywa\u0107 powierzchni\u0119 w poziomie i unika\u0107 polerowania bocznego, aby uzyska\u0107 r\u00f3wnomierne polerowanie.<\/span><\/li>\n<li style=\"font-weight: 400;\" aria-level=\"1\"><b>Utrzymuj wilgotno\u015b\u0107: <\/b><span style=\"font-weight: 400;\">Podczas polerowania nale\u017cy stale dodawa\u0107 wod\u0119 lub p\u0142yn polerski z tlenkiem ceru, aby zapobiec przegrzaniu i nadmiernemu wytwarzaniu py\u0142u, a tak\u017ce aby wspom\u00f3c utrzymanie proszku polerskiego w stanie wilgotnym.<\/span><\/li>\n<li style=\"font-weight: 400;\" aria-level=\"1\"><b>Unikaj nadmiernego polerowania w tym samym miejscu<\/b>: <span style=\"font-weight: 400;\">Polerowanie w tym samym miejscu przez d\u0142ugi czas lub z u\u017cyciem nadmiernej si\u0142y mo\u017ce spowodowa\u0107 miejscowe przegrzanie lub nier\u00f3wnomierne powstanie pow\u0142oki.<\/span><\/li>\n<li style=\"font-weight: 400;\" aria-level=\"1\"><b>Czyszczenie po polerowaniu<\/b>: <span style=\"font-weight: 400;\">Po polerowaniu przedmiot obrabiany nale\u017cy natychmiast oczy\u015bci\u0107, aby usun\u0105\u0107 resztki proszku polerskiego i zapobiec zanieczyszczeniu lub ponownemu zarysowaniu.<\/span><\/li>\n<li style=\"font-weight: 400;\" aria-level=\"1\"><b>Wybierz odpowiedni\u0105 g\u0105bk\u0119 polersk\u0105:<\/b> <span style=\"font-weight: 400;\">Wybierz g\u0105bk\u0119 polersk\u0105 z odpowiedniego materia\u0142u i o odpowiedniej twardo\u015bci, aby uzyska\u0107 najlepsze rezultaty. Twarda we\u0142niana g\u0105bka nadaje si\u0119 do mocniejszego \u015bcierania, a mi\u0119kka do precyzyjnego polerowania.<\/span><\/li>\n<li style=\"font-weight: 400;\" aria-level=\"1\"><b>U\u017cycie elektronarz\u0119dzia: <\/b><span style=\"font-weight: 400;\">W przypadku polerowania elektronarz\u0119dziem, pr\u0119dko\u015b\u0107 i nacisk nale\u017cy dostosowa\u0107 do wymaga\u0144 narz\u0119dzia i obrabianego przedmiotu. Do usuwania zarysowa\u0144 na szkle zaleca si\u0119 polerowanie z nisk\u0105 pr\u0119dko\u015bci\u0105 obrotow\u0105.<\/span><\/li>\n<li style=\"font-weight: 400;\" aria-level=\"1\"><b>Du\u017ce rysy:<\/b> <span style=\"font-weight: 400;\">W przypadku du\u017cych i g\u0142\u0119bokich rys, zalecamy kontakt z nami lub wypr\u00f3bowanie innych produkt\u00f3w poleruj\u0105cych (takich jak nanodiament itp.).<\/span><\/li>\n<\/ul>\n<p>Chcesz pozna\u0107 wi\u0119cej szczeg\u00f3\u0142\u00f3w &gt;&gt;&gt;<a href=\"https:\/\/honwaygroup.com\/%e6%b0%a7%e5%8c%96%e9%88%b0%e6%8b%8b%e5%85%89%e6%b6%b2\/\"> [Kompletny przewodnik] Proszek polerski\/p\u0142yn polerski z tlenkiem ceru: w\u0142a\u015bciwo\u015bci, zastosowania i wskaz\u00f3wki dotycz\u0105ce wyboru<\/a><\/p>\n<p><span style=\"font-weight: 400;\">Masz pytanie? <\/span><a href=\"https:\/\/honwaygroup.com\/pl\/skontaktuj-sie-z-nami\/\"><span style=\"font-weight: 400;\"> <\/span><span style=\"font-weight: 400;\">Skontaktuj si\u0119 z nami!<\/span><\/a><\/p>\n","protected":false},"excerpt":{"rendered":"<p>Tlenek ceru ma doskona\u0142e w\u0142a\u015bciwo\u015bci w przypadku szk\u0142a kwarcowego, kryszta\u0142\u00f3w itp. Klasyfikacja p\u0142yn\u00f3w polerskich z tlenkiem ceru opiera si\u0119 g\u0142\u00f3wnie na zawarto\u015bci tlenku ceru i wielko\u015bci cz\u0105stek proszku.<\/p>\n<p>Tlenek ceru ma doskona\u0142e w\u0142a\u015bciwo\u015bci w przypadku szk\u0142a kwarcowego, kryszta\u0142\u00f3w itp. Klasyfikacja p\u0142yn\u00f3w polerskich z tlenkiem ceru opiera si\u0119 g\u0142\u00f3wnie na zawarto\u015bci tlenku ceru i wielko\u015bci cz\u0105stek proszku.<\/p>\n<p>(1) R\u00f3\u017cne szk\u0142a optyczne<\/p>\n<p>(2) Telewizor LCD<\/p>\n<p>(3) Soczewki optyczne<\/p>\n<p>(4) Oscyloskop<\/p>\n<p>(5) Produkty zwi\u0105zane z telefonami kom\u00f3rkowymi i tabletami<\/p>\n<p>(6) Polerowanie p\u0142ytek p\u00f3\u0142przewodnikowych i precyzyjnych wyrob\u00f3w metalowych itp.<\/p>\n<h5><strong><span style=\"color: #ff0000; font-size: 19.2px;\">\u25b2 Przy wi\u0119kszych zam\u00f3wieniach istnieje mo\u017cliwo\u015b\u0107 uzyskania rabatu, prosimy o kontakt z obs\u0142ug\u0105 klienta.<br \/>\n<\/span><\/strong><\/h5>\n<h5><strong><span style=\"color: #ff0000; font-size: 19.2px;\">\u25b2<\/span><span style=\"color: #ff0000; font-size: 19.2px;\">Czas realizacji<\/span> <span style=\"color: #ff0000;\">zam\u00f3wie\u0144 <\/span><span style=\"color: #ff0000; font-size: 19.2px;\">na terenie Tajwanu wynosi 7-14 dni roboczych.<\/span><\/strong><\/h5>\n<h5><strong><span style=\"color: #ff0000; font-size: 19.2px;\">\u25b2<\/span><span style=\"color: #ff0000;\">Czas realizacji wysy\u0142ki mi\u0119dzynarodowej wynosi 7-14 dni, natomiast rzeczywisty czas dostawy zale\u017cy od danej firmy kurierskiej.<\/span><\/strong><\/h5>\n<p>&nbsp;<\/p>\n","protected":false},"featured_media":73096,"template":"","meta":{"site-sidebar-layout":"default","site-content-layout":"default","ast-site-content-layout":"default","site-content-style":"default","site-sidebar-style":"default","ast-global-header-display":"","ast-banner-title-visibility":"","ast-main-header-display":"","ast-hfb-above-header-display":"","ast-hfb-below-header-display":"","ast-hfb-mobile-header-display":"","site-post-title":"","ast-breadcrumbs-content":"","ast-featured-img":"","footer-sml-layout":"","ast-disable-related-posts":"","theme-transparent-header-meta":"default","adv-header-id-meta":"","stick-header-meta":"default","header-above-stick-meta":"","header-main-stick-meta":"","header-below-stick-meta":"","astra-migrate-meta-layouts":"set","ast-page-background-enabled":"default","ast-page-background-meta":{"desktop":{"background-color":"var(--ast-global-color-5)","background-image":"","background-repeat":"repeat","background-position":"center center","background-size":"auto","background-attachment":"scroll","background-type":"","background-media":"","overlay-type":"","overlay-color":"","overlay-opacity":"","overlay-gradient":""},"tablet":{"background-color":"","background-image":"","background-repeat":"repeat","background-position":"center center","background-size":"auto","background-attachment":"scroll","background-type":"","background-media":"","overlay-type":"","overlay-color":"","overlay-opacity":"","overlay-gradient":""},"mobile":{"background-color":"","background-image":"","background-repeat":"repeat","background-position":"center center","background-size":"auto","background-attachment":"scroll","background-type":"","background-media":"","overlay-type":"","overlay-color":"","overlay-opacity":"","overlay-gradient":""}},"ast-content-background-meta":{"desktop":{"background-color":"var(--ast-global-color-4)","background-image":"","background-repeat":"repeat","background-position":"center center","background-size":"auto","background-attachment":"scroll","background-type":"","background-media":"","overlay-type":"","overlay-color":"","overlay-opacity":"","overlay-gradient":""},"tablet":{"background-color":"var(--ast-global-color-4)","background-image":"","background-repeat":"repeat","background-position":"center center","background-size":"auto","background-attachment":"scroll","background-type":"","background-media":"","overlay-type":"","overlay-color":"","overlay-opacity":"","overlay-gradient":""},"mobile":{"background-color":"var(--ast-global-color-4)","background-image":"","background-repeat":"repeat","background-position":"center center","background-size":"auto","background-attachment":"scroll","background-type":"","background-media":"","overlay-type":"","overlay-color":"","overlay-opacity":"","overlay-gradient":""}}},"product_brand":[],"product_cat":[3582,3589,3466,3501,3560,3506,3600,3504,3611,3599,3492,3494],"product_tag":[3805,3711,3752],"class_list":{"0":"post-73095","1":"product","2":"type-product","3":"status-publish","4":"has-post-thumbnail","6":"product_cat-surowce-ziem-rzadkich","7":"product_cat-cer","8":"product_cat-materialy-eksploatacyjne-do-metalografii","9":"product_cat-materialy-kompozytowe","10":"product_cat-materialy-polerskie","11":"product_cat-ciecz","12":"product_cat-plyny-polerskie","13":"product_cat-postac-surowca","14":"product_cat-proszki-pasty-plyny-polerskie","15":"product_cat-proszki-pasty-zawiesiny-szlifierskie","16":"product_cat-surowce-chemiczne","17":"product_cat-tlenki","18":"product_tag-plyn-szlifierski","19":"product_tag-plyny-polerskie","20":"product_tag-tlenek-ceru-pl","21":"pa_capacity-1000ml-pl","22":"pa_capacity-500ml-pl","23":"desktop-align-left","24":"tablet-align-left","25":"mobile-align-left","26":"ast-product-gallery-layout-horizontal-slider","27":"ast-product-gallery-with-no-image","28":"ast-product-single-variable","29":"ast-product-tabs-layout-horizontal","31":"first","32":"instock","33":"taxable","34":"shipping-taxable","35":"purchasable","36":"product-type-variable"},"_links":{"self":[{"href":"https:\/\/honwaygroup.com\/pl\/wp-json\/wp\/v2\/product\/73095","targetHints":{"allow":["GET"]}}],"collection":[{"href":"https:\/\/honwaygroup.com\/pl\/wp-json\/wp\/v2\/product"}],"about":[{"href":"https:\/\/honwaygroup.com\/pl\/wp-json\/wp\/v2\/types\/product"}],"version-history":[{"count":0,"href":"https:\/\/honwaygroup.com\/pl\/wp-json\/wp\/v2\/product\/73095\/revisions"}],"wp:featuredmedia":[{"embeddable":true,"href":"https:\/\/honwaygroup.com\/pl\/wp-json\/wp\/v2\/media\/73096"}],"wp:attachment":[{"href":"https:\/\/honwaygroup.com\/pl\/wp-json\/wp\/v2\/media?parent=73095"}],"wp:term":[{"taxonomy":"product_brand","embeddable":true,"href":"https:\/\/honwaygroup.com\/pl\/wp-json\/wp\/v2\/product_brand?post=73095"},{"taxonomy":"product_cat","embeddable":true,"href":"https:\/\/honwaygroup.com\/pl\/wp-json\/wp\/v2\/product_cat?post=73095"},{"taxonomy":"product_tag","embeddable":true,"href":"https:\/\/honwaygroup.com\/pl\/wp-json\/wp\/v2\/product_tag?post=73095"}],"curies":[{"name":"wp","href":"https:\/\/api.w.org\/{rel}","templated":true}]}}