{"id":73086,"date":"2024-08-29T14:12:39","date_gmt":"2024-08-29T06:12:39","guid":{"rendered":"https:\/\/honwaygroup.com\/?post_type=product&#038;p=73086"},"modified":"2025-06-11T17:10:22","modified_gmt":"2025-06-11T09:10:22","slug":"j-b-weld-klej-do-spawania-na-zimno-ilosc-ograniczona-wysylka-z-tajwanu","status":"publish","type":"product","link":"https:\/\/honwaygroup.com\/pl\/produkt\/j-b-weld-klej-do-spawania-na-zimno-ilosc-ograniczona-wysylka-z-tajwanu\/","title":{"rendered":"J-B Weld Klej do spawania na zimno (ilo\u015b\u0107 ograniczona, wysy\u0142ka z Tajwanu)"},"content":{"rendered":"<h3><strong>J-B Weld 8265S Original czerwono-czarny klej<\/strong>\uff1a<\/h3>\n<p>J-B Weld Original czerwono-czarny klej: klasyczny klej do spawania na zimno &#8211; dwusk\u0142adnikowy system \u017cywic epoksydowych, zaprojektowany jako alternatywa dla spawania palnikiem. J-B Weld Original zapewnia mocne i trwa\u0142e naprawy na wielu powierzchniach i tworzy wi\u0105zanie mocniejsze ni\u017c stal.<\/p>\n<h2>Cechy produktu:<\/h2>\n<ul>\n<li class=\"QN2lPu\">Idealny do majsterkowania w domu, samochodzie, \u0142odzi, napraw rzemie\u015blniczych itp., mo\u017cna go r\u00f3wnie\u017c u\u017cywa\u0107 do napraw modeli.<\/li>\n<li data-sourcepos=\"6:1-6:94\">Po ca\u0142kowitym utwardzeniu mo\u017cna w nim wierci\u0107, uderza\u0107, obrabia\u0107, pi\u0142owa\u0107, szlifowa\u0107 i malowa\u0107.<\/li>\n<li data-sourcepos=\"7:1-7:132\">Czas utwardzania i wi\u0105zania: po zmieszaniu w proporcji 1:1, czas wi\u0105zania wynosi 4-6 godzin, a ca\u0142kowite utwardzenie nast\u0119puje w ci\u0105gu 15-24 godzin.<\/li>\n<li data-sourcepos=\"8:1-8:95\">\u00a0Po utwardzeniu J-B Weld Original mo\u017cna gwintowa\u0107, wype\u0142nia\u0107, szlifowa\u0107, formowa\u0107 i nawierca\u0107.<\/li>\n<li class=\"QN2lPu\">Wytrzyma\u0142o\u015b\u0107 na rozci\u0105ganie wynosi 5020 PSI, a wytrzyma\u0142o\u015b\u0107 na temperatury do 287\u00b0C ( 500\u00b0F). Po ca\u0142kowitym utwardzeniu jest wodoodporny, odporny na oleje, chemikalia i kwasy.<\/li>\n<\/ul>\n<h2>Obszary zastosowa\u0144:<\/h2>\n<ul>\n<li>\n<p data-sourcepos=\"3:1-3:293\">Mo\u017ce by\u0107 stosowany jako klej, laminat, uszczelniacz, wype\u0142niacz, masa uszczelniaj\u0105ca i izolator elektryczny. Nadaje si\u0119 do klejenia lub \u0142\u0105czenia przedmiot\u00f3w, a w niekt\u00f3rych przypadkach, gdy spawanie jest niemo\u017cliwe, mo\u017ce zast\u0105pi\u0107 spawanie i jest uwa\u017cany za spawanie na zimno.<\/p>\n<\/li>\n<li class=\"QN2lPu\">\n<p data-sourcepos=\"5:1-5:465\"><strong>Nadaje si\u0119 do:<\/strong> powierzchniowych \u0142\u0105cze\u0144 lub napraw przedmiot\u00f3w, takich jak urz\u0105dzenia hydrauliczne, cz\u0119\u015bci maszyn, komponenty silnika, narz\u0119dzia, naprawy zlew\u00f3w, przybor\u00f3w kuchennych, drewna itp. Mo\u017ce by\u0107 stosowany do dowolnego \u0142\u0105czenia materia\u0142\u00f3w porowatych i nieporowatych, takich jak \u017celazo, stal, mied\u017a, aluminium, mosi\u0105dz, br\u0105z, stopy o\u0142owiu i cyny, ceramika, marmur, szk\u0142o, tworzywa sztuczne, ABS, cement, w\u0142\u00f3kno szklane, drewno, w\u0142\u00f3kna chemiczne, papier itp.<\/p>\n<\/li>\n<li class=\"QN2lPu\">\n<div id=\"chat-history\" class=\"chat-history-scroll-container\">\n<div id=\"c157cb6bcb297150\" class=\"conversation-container message-actions-hover-boundary response-optimization tts-removed ng-star-inserted\">\n<div>\n<div class=\"response-container ng-tns-c2401170300-93 response-optimization response-container-with-gpi tts-removed ng-star-inserted response-container-has-multiple-responses\">\n<div class=\"presented-response-container ng-tns-c2401170300-93\">\n<div class=\"response-container-content ng-tns-c2401170300-93\">\n<div class=\"response-content ng-tns-c2401170300-93\">\n<div id=\"model-response-message-contentr_c157cb6bcb297150\" class=\"markdown markdown-main-panel stronger\" dir=\"ltr\">\n<p data-sourcepos=\"7:1-7:526\"><strong>Nie nadaje si\u0119 do:<\/strong> 1. jakichkolwiek elastycznych powierzchni gumowych. 2. sk\u00f3ry. 3. etylenu. 4. p\u0142\u00f3tna. 5. polipropylenu (znanego r\u00f3wnie\u017c jako PP, polipropylen, kt\u00f3ry jest bardzo popularnym materia\u0142em polimerowym w zastosowaniach przemys\u0142owych, takich jak obudowy laptop\u00f3w, klawiatury, obudowy audio, ta\u015bmy, ta\u015bmy spinaj\u0105ce, torby kosmiczne, butelki, plastikowe cz\u0119\u015bci wtryskowe itp.). 6. polietylenu (znanego r\u00f3wnie\u017c jako PE, polietylen, takiego jak torby plastikowe, folie plastikowe, wiadra na mleko, butelki PET itp.).<\/p>\n<\/div>\n<\/div>\n<\/div>\n<\/div>\n<div class=\"response-container-footer ng-tns-c2401170300-93\">\n<div class=\"actions-container-v2 ng-tns-c3334707146-95 simplified-action-bar\"><\/div>\n<\/div>\n<\/div>\n<\/div>\n<\/div>\n<\/div>\n<div class=\"input-area-container ng-star-inserted\">\n<div class=\"input-area ng-tns-c4273148675-2\" data-node-type=\"input-area\"><\/div>\n<\/div>\n<\/li>\n<\/ul>\n<h2>Specyfikacja produktu:<\/h2>\n<ul>\n<li data-sourcepos=\"3:1-4:0\">\n<p data-sourcepos=\"3:3-3:40\">Kolor po utwardzeniu: ciemnoszary.<\/p>\n<\/li>\n<li>Pojemno\u015b\u0107: ka\u017cda tubka wa\u017cy 28,4 grama (1 uncj\u0119) (28 ml) .<\/li>\n<\/ul>\n<p>&nbsp;<\/p>\n<p class=\"QN2lPu\">J-B Weld klej do spawania na zimno zapewnia najsilniejsze wi\u0105zanie oraz wyj\u0105tkow\u0105 wydajno\u015b\u0107, jako\u015b\u0107 i skuteczno\u015b\u0107.<\/p>\n<hr \/>\n<h3><strong>8276 KwikWeld Quick Setting \u017c\u00f3\u0142to-czarny klej:<\/strong><\/h3>\n<p class=\"QN2lPu\"><strong>J-B Weld szybkoschn\u0105cy klej \u017c\u00f3\u0142to-czarny:<\/strong> klasyczna wersja kleju do spawania na zimno z \u017cywic\u0105 epoksydow\u0105 o szybkim czasie utwardzania, zapewniaj\u0105ca mocne i trwa\u0142e naprawy na wielu powierzchniach. Idealny do majsterkowania w domu, samochodzie, \u0142odzi, napraw rzemie\u015blniczych itp.<\/p>\n<h2>Cechy produktu:<\/h2>\n<ul>\n<li>\n<p data-sourcepos=\"3:1-3:223\"><strong>Czas wi\u0105zania i utwardzania:<\/strong> po zmieszaniu w proporcji 1:1, wi\u0105zanie nast\u0119puje po 6 minutach, a ca\u0142kowite utwardzenie po 4-6 godzinach. Po utwardzeniu KwikWeld mo\u017cna go uderza\u0107, wype\u0142nia\u0107, szlifowa\u0107, formowa\u0107 i nawierca\u0107.<\/p>\n<\/li>\n<li class=\"QN2lPu\">Wytrzyma\u0142o\u015b\u0107 na rozci\u0105ganie wynosi 3127 PSI,a wytrzyma\u0142o\u015b\u0107 na temperatur\u0119 do 121\u00b0C (250\u00b0F). Po ca\u0142kowitym utwardzeniu KwikWeld jest wodoodporny i odporny na oleje, chemikalia i kwasy.<\/li>\n<\/ul>\n<h2>Obszary zastosowa\u0144:<\/h2>\n<ul>\n<li data-sourcepos=\"5:1-6:0\">\n<p data-sourcepos=\"5:3-5:290\">Mo\u017ce by\u0107 stosowany jako klej, laminat, uszczelniacz, wype\u0142niacz, masa uszczelniaj\u0105ca i izolator elektryczny. Nadaje si\u0119 do klejenia lub \u0142\u0105czenia przedmiot\u00f3w, a w niekt\u00f3rych przypadkach, gdy spawanie jest niemo\u017cliwe, mo\u017ce zast\u0105pi\u0107 spawanie i jest uwa\u017cany za spawanie na zimno.<\/p>\n<\/li>\n<li data-sourcepos=\"7:1-8:0\">\n<p data-sourcepos=\"7:3-7:467\"><strong>Nadaje si\u0119 do:<\/strong> powierzchniowego \u0142\u0105czenia lub naprawy przedmiot\u00f3w, takich jak urz\u0105dzenia hydrauliczne, cz\u0119\u015bci maszyn, podzespo\u0142y silnika, narz\u0119dzia, naprawa zlew\u00f3w, przybory kuchenne, drewno itp. Mo\u017ce by\u0107 stosowany do dowolnego \u0142\u0105czenia materia\u0142\u00f3w porowatych i nieporowatych, takich jak \u017celazo, stal, mied\u017a, aluminium, mosi\u0105dz, br\u0105z, stopy o\u0142owiu i cyny, ceramika, marmur, szk\u0142o, tworzywa sztuczne, ABS, cement, w\u0142\u00f3kno szklane, drewno, w\u0142\u00f3kna chemiczne, papier itp.<\/p>\n<\/li>\n<li class=\"QN2lPu\"><strong>Nie nadaje si\u0119 do:<\/strong> 1. jakichkolwiek elastycznych powierzchni gumowych. 2. sk\u00f3ry. 3. etylenu. 4. p\u0142\u00f3tna. 5. polipropylenu (znanego r\u00f3wnie\u017c jako PP, polipropylen, kt\u00f3ry jest bardzo popularnym materia\u0142em polimerowym w zastosowaniach przemys\u0142owych, takich jak obudowy laptop\u00f3w, klawiatury, obudowy audio, ta\u015bmy, ta\u015bmy spinaj\u0105ce, torby kosmiczne, butelki, plastikowe cz\u0119\u015bci wtryskowe itp.). 6. polietylenu (znanego r\u00f3wnie\u017c jako PE, polietylen, takiego jak torby plastikowe, folie plastikowe, wiadra na mleko, butelki PET itp.).<\/li>\n<\/ul>\n<h2>Specyfikacja produktu:<\/h2>\n<ul>\n<li data-sourcepos=\"3:1-4:0\">\n<p data-sourcepos=\"3:3-3:40\">Kolor po utwardzeniu: ciemnoszary.<\/p>\n<\/li>\n<li>Pojemno\u015b\u0107: ka\u017cda tubka wa\u017cy 28,4 grama (1 uncj\u0119) (28 ml) .<\/li>\n<\/ul>\n<h2><\/h2>\n<h2>Uwagi:<\/h2>\n<p><span style=\"color: #ff0000;\">\u25b2Zapach nie jest tak dra\u017cni\u0105cy ani oleisty jak w przypadku zwyk\u0142ych \u015brodk\u00f3w chemicznych, ale tak\u017ce nale\u017cy unika\u0107 wdychania opar\u00f3w.<\/span><\/p>\n<p><span style=\"color: #ff0000;\">\u200e\u25b2 Zawiera stal, \u017cywic\u0119 epoksydow\u0105, aluminium itp.<\/span><\/p>\n<p>Masz pytanie?\u00a0 <a href=\"https:\/\/honwaygroup.com\/pl\/skontaktuj-sie-z-nami\/\">Skontaktuj si\u0119 nami!<\/a><\/p>\n","protected":false},"excerpt":{"rendered":"<p data-sourcepos=\"3:1-3:275\"><strong>J-B Weld klej klasyczny &#8211; czerwono-czarny:<\/strong> Dwusk\u0142\u0105dnikowy system \u017cywic epoksydowych do spawania na zimno, zaprojektowany jako alternatywa dla spawania palnikiem. J-B Weld Original zapewnia mocne, trwa\u0142e naprawy na wielu powierzchniach i tworzy wi\u0105zanie mocniejsze ni\u017c stal.<\/p>\n<p data-sourcepos=\"3:1-3:275\"><strong>J-B Weld klej szybkoschn\u0105cy &#8211; \u017c\u00f3\u0142to-czarny:<\/strong> Szybkoschn\u0105ca wersja klasycznego kleju do spawania na zimno z \u017cywic\u0105 epoksydow\u0105, zapewniaj\u0105ca mocne i trwa\u0142e naprawy na wielu powierzchniach. Idealny do majsterkowania w domu, samochodzie, \u0142odzi, napraw rzemie\u015blniczych itp.<\/p>\n<h5><span style=\"color: #ff0000;\"><strong>\u25b2Ceny produkt\u00f3w zawieraj\u0105 podatek (wy\u0142\u0105cznie na Tajwanie)<\/strong><\/span><\/h5>\n<h5><span style=\"color: #ff0000;\"><strong>\u25b2\u00a0<\/strong><strong>Ceny produkt\u00f3w nie zawieraj\u0105 podatku VAT oraz op\u0142at celnych<\/strong><\/span><\/h5>\n<h5><span style=\"color: #ff0000;\"><strong>\u25b2 W przypadku zapotrzebowania na niestandardowe rozmiary prosimy o kontakt z obs\u0142ug\u0105 klienta<\/strong><\/span><\/h5>\n<h5><span style=\"color: #ff0000;\"><strong>\u25b2 Przy wi\u0119kszych zam\u00f3wieniach istnieje mo\u017cliwo\u015b\u0107 uzyskania rabatu, prosimy o kontakt z obs\u0142ug\u0105 klienta<br \/>\n<b>\u25b2Czas realizacji wysy\u0142ki mi\u0119dzynarodowej (poza teren Tajwanu) wynosi 7-14 dni, natomiast rzeczywisty czas dostawy zale\u017cy od danej firmy kurierskiej<\/b><br \/>\n<\/strong><\/span><\/h5>\n","protected":false},"featured_media":73087,"template":"","meta":{"site-sidebar-layout":"default","site-content-layout":"default","ast-site-content-layout":"default","site-content-style":"default","site-sidebar-style":"default","ast-global-header-display":"","ast-banner-title-visibility":"","ast-main-header-display":"","ast-hfb-above-header-display":"","ast-hfb-below-header-display":"","ast-hfb-mobile-header-display":"","site-post-title":"","ast-breadcrumbs-content":"","ast-featured-img":"","footer-sml-layout":"","ast-disable-related-posts":"","theme-transparent-header-meta":"default","adv-header-id-meta":"","stick-header-meta":"default","header-above-stick-meta":"","header-main-stick-meta":"","header-below-stick-meta":"","astra-migrate-meta-layouts":"set","ast-page-background-enabled":"default","ast-page-background-meta":{"desktop":{"background-color":"var(--ast-global-color-5)","background-image":"","background-repeat":"repeat","background-position":"center center","background-size":"auto","background-attachment":"scroll","background-type":"","background-media":"","overlay-type":"","overlay-color":"","overlay-opacity":"","overlay-gradient":""},"tablet":{"background-color":"","background-image":"","background-repeat":"repeat","background-position":"center center","background-size":"auto","background-attachment":"scroll","background-type":"","background-media":"","overlay-type":"","overlay-color":"","overlay-opacity":"","overlay-gradient":""},"mobile":{"background-color":"","background-image":"","background-repeat":"repeat","background-position":"center center","background-size":"auto","background-attachment":"scroll","background-type":"","background-media":"","overlay-type":"","overlay-color":"","overlay-opacity":"","overlay-gradient":""}},"ast-content-background-meta":{"desktop":{"background-color":"var(--ast-global-color-4)","background-image":"","background-repeat":"repeat","background-position":"center center","background-size":"auto","background-attachment":"scroll","background-type":"","background-media":"","overlay-type":"","overlay-color":"","overlay-opacity":"","overlay-gradient":""},"tablet":{"background-color":"var(--ast-global-color-4)","background-image":"","background-repeat":"repeat","background-position":"center center","background-size":"auto","background-attachment":"scroll","background-type":"","background-media":"","overlay-type":"","overlay-color":"","overlay-opacity":"","overlay-gradient":""},"mobile":{"background-color":"var(--ast-global-color-4)","background-image":"","background-repeat":"repeat","background-position":"center center","background-size":"auto","background-attachment":"scroll","background-type":"","background-media":"","overlay-type":"","overlay-color":"","overlay-opacity":"","overlay-gradient":""}}},"product_brand":[],"product_cat":[3484,8748],"product_tag":[],"class_list":{"0":"post-73086","1":"product","2":"type-product","3":"status-publish","4":"has-post-thumbnail","6":"product_cat-inne","7":"product_cat-inne-produkty","8":"desktop-align-left","9":"tablet-align-left","10":"mobile-align-left","11":"ast-product-gallery-layout-horizontal-slider","12":"ast-product-single-variable","13":"ast-product-tabs-layout-horizontal","15":"first","16":"instock","17":"taxable","18":"shipping-taxable","19":"purchasable","20":"product-type-variable"},"_links":{"self":[{"href":"https:\/\/honwaygroup.com\/pl\/wp-json\/wp\/v2\/product\/73086","targetHints":{"allow":["GET"]}}],"collection":[{"href":"https:\/\/honwaygroup.com\/pl\/wp-json\/wp\/v2\/product"}],"about":[{"href":"https:\/\/honwaygroup.com\/pl\/wp-json\/wp\/v2\/types\/product"}],"version-history":[{"count":0,"href":"https:\/\/honwaygroup.com\/pl\/wp-json\/wp\/v2\/product\/73086\/revisions"}],"wp:featuredmedia":[{"embeddable":true,"href":"https:\/\/honwaygroup.com\/pl\/wp-json\/wp\/v2\/media\/73087"}],"wp:attachment":[{"href":"https:\/\/honwaygroup.com\/pl\/wp-json\/wp\/v2\/media?parent=73086"}],"wp:term":[{"taxonomy":"product_brand","embeddable":true,"href":"https:\/\/honwaygroup.com\/pl\/wp-json\/wp\/v2\/product_brand?post=73086"},{"taxonomy":"product_cat","embeddable":true,"href":"https:\/\/honwaygroup.com\/pl\/wp-json\/wp\/v2\/product_cat?post=73086"},{"taxonomy":"product_tag","embeddable":true,"href":"https:\/\/honwaygroup.com\/pl\/wp-json\/wp\/v2\/product_tag?post=73086"}],"curies":[{"name":"wp","href":"https:\/\/api.w.org\/{rel}","templated":true}]}}