{"id":73001,"date":"2024-09-03T10:20:02","date_gmt":"2024-09-03T02:20:02","guid":{"rendered":"https:\/\/honwaygroup.com\/product\/hw-largoszesciokatny-dysk-do-szlifowania-precyzyjnego-diament-tlenek-glinu-weglik-krzemu-tlenek-ceru-z-opcja-na-wymiar\/"},"modified":"2026-01-22T09:17:17","modified_gmt":"2026-01-22T01:17:17","slug":"hw-largoszesciokatny-dysk-do-szlifowania-precyzyjnego-diament-tlenek-glinu-weglik-krzemu-tlenek-ceru-z-opcja-na-wymiar","status":"publish","type":"product","link":"https:\/\/honwaygroup.com\/pl\/produkt\/hw-largoszesciokatny-dysk-do-szlifowania-precyzyjnego-diament-tlenek-glinu-weglik-krzemu-tlenek-ceru-z-opcja-na-wymiar\/","title":{"rendered":"HW-Largo(sze\u015bciok\u0105tny)-dysk do szlifowania precyzyjnego diament\/tlenek glinu\/w\u0119glik krzemu\/tlenek ceru\/z opcj\u0105 na wymiar"},"content":{"rendered":"<h1>HW-Largo(sze\u015bciok\u0105tny)-dysk do szlifowania precyzyjnego Cechy produktu<\/h1>\n<p>&#x2611;&#xfe0f; <strong>Usprawniony proces<\/strong> \/ obejmuje szlifowanie z ty\u0142u i polerowanie z przodu, co poprawia wydajno\u015b\u0107 pracy.<br \/>\n<strong>&#x2611;&#xfe0f; Wydajnie i oszcz\u0119dnie<\/strong> \/ elastyczny no\u015bnik z wysokiej jako\u015bci materia\u0142em \u015bciernym, ma\u0142e rysy resztkowe na przekroju, poprawia jako\u015b\u0107 polerowania w kolejnych etapach.<br \/>\n&#x2611;&#xfe0f; <strong>Szerokie zastosowanie<\/strong> \/ w przypadku obrabianych przedmiot\u00f3w z materia\u0142\u00f3w o r\u00f3\u017cnej twardo\u015bci dost\u0119pne s\u0105 mi\u0119kkie dyski szlifierskie z r\u00f3\u017cnymi materia\u0142ami \u015bciernymi i ziarnisto\u015bci\u0105.<br \/>\n&#x2611;&#xfe0f;<strong> R\u00f3wno\u015b\u0107 powierzchni <\/strong>\/ R\u00f3wnomierne, precyzyjne szlifowanie zar\u00f3wno mi\u0119kkich, jak i twardych materia\u0142\u00f3w, zapobiega powstawaniu zaokr\u0105gle\u0144 i skosze\u0144, zapewniaj\u0105c sp\u00f3jno\u015b\u0107 pr\u00f3bki.<br \/>\n&#x2611;&#xfe0f; <strong>Wysoka jako\u015b\u0107 i wydajno\u015b\u0107<\/strong> \/ Konstrukcja siatkowa zmniejsza gromadzenie si\u0119 wi\u00f3r\u00f3w, zapewniaj\u0105c sta\u0142y, wysoki wsp\u00f3\u0142czynnik usuwania materia\u0142u i gwarantuj\u0105c r\u00f3wno\u015b\u0107 przekroju.<\/p>\n<p>&nbsp;<\/p>\n<h1>Zastosowanie:<\/h1>\n<ul>\n<li><strong>Nauka o materia\u0142ach<\/strong>, <strong>identyfikacja metali<\/strong>, <strong>analiza awarii,<\/strong> <strong>przemys\u0142 wytw\u00f3rczy,<\/strong> <strong>badania i rozw\u00f3j materia\u0142\u00f3w<\/strong>, <strong>obr\u00f3bka diament\u00f3w i kamieni szlachetnych<\/strong>, <strong>przemys\u0142 elektroniczny i p\u00f3\u0142przewodnikowy<\/strong><\/li>\n<li><strong><span class=\"html-span xdj266r x11i5rnm xat24cr x1mh8g0r xexx8yu x4uap5 x18d9i69 xkhd6sd x1hl2dhg x16tdsg8 x1vvkbs\">Podk\u0142adki z folii miedzianej<\/span>, <span class=\"html-span xdj266r x11i5rnm xat24cr x1mh8g0r xexx8yu x4uap5 x18d9i69 xkhd6sd x1hl2dhg x16tdsg8 x1vvkbs\">maszyny do szlifowania dwustronnego<\/span>, <span class=\"html-span xdj266r x11i5rnm xat24cr x1mh8g0r xexx8yu x4uap5 x18d9i69 xkhd6sd x1hl2dhg x16tdsg8 x1vvkbs\">maszyny do szlifowania pojedynczych p\u0142yt<\/span><\/strong><\/li>\n<\/ul>\n<h1>Specyfikacja produktu<\/h1>\n<table>\n<tbody>\n<tr>\n<td width=\"138\">\n<p style=\"text-align: center;\"><strong>Materia\u0142 \u015bcierny<\/strong><\/p>\n<\/td>\n<td style=\"text-align: center;\" width=\"138\"><strong>\u015arednica ziaren (um)<\/strong><\/td>\n<td style=\"text-align: center;\" width=\"138\"><strong>Rozmiar (mm)<\/strong><\/td>\n<td width=\"138\">\n<p style=\"text-align: center;\"><strong>Rozmiar (in)<\/strong><\/p>\n<\/td>\n<\/tr>\n<tr>\n<td width=\"138\">Diamenty<\/td>\n<td rowspan=\"3\" width=\"138\">0.5<\/p>\n<p>1.0<\/p>\n<p>2.0<\/p>\n<p>3.0<\/p>\n<p>6.0<\/p>\n<p>9.0<\/td>\n<td rowspan=\"4\" width=\"138\"><span style=\"font-weight: 400;\">\u00d8127<\/span><\/p>\n<p>\u00d8200<\/p>\n<p><span style=\"font-weight: 400;\">\u00d8220<\/span><\/p>\n<p><span style=\"font-weight: 400;\">\u00d8230<\/span><\/p>\n<p>\u00d8250<\/p>\n<p>\u00d8300<\/p>\n<p><span style=\"font-weight: 400;\">\u00d8350<\/span><\/p>\n<p><span style=\"font-weight: 400;\">\u00d8380<\/span><\/p>\n<p>&nbsp;<\/td>\n<td rowspan=\"4\" width=\"138\"><span style=\"font-weight: 400;\">\u00d85<\/span><\/p>\n<p>\u00d88<\/p>\n<p><span style=\"font-weight: 400;\">\u00d88.6<\/span><\/p>\n<p><span style=\"font-weight: 400;\">\u00d89<\/span><\/p>\n<p>\u00d89.5<\/p>\n<p>\u00d812<\/p>\n<p><span style=\"font-weight: 400;\">\u00d814<\/span><\/p>\n<p><span style=\"font-weight: 400;\">\u00d815<\/span><\/p>\n<p>&nbsp;<\/td>\n<\/tr>\n<tr>\n<td width=\"138\">Tlenek aluminium<\/td>\n<\/tr>\n<tr>\n<td width=\"138\">W\u0119glik krzemu<\/td>\n<\/tr>\n<tr>\n<td width=\"138\">Tlenek ceru<\/td>\n<td width=\"138\">0.5<\/p>\n<p>1.0<\/p>\n<p>2.0<\/p>\n<p>3.0<\/p>\n<p>&nbsp;<\/td>\n<\/tr>\n<\/tbody>\n<\/table>\n<hr>\n<p>&nbsp;<\/p>\n<h2>1. R\u00f3\u017cnice mi\u0119dzyproduktowe<\/h2>\n<table>\n<tbody>\n<tr>\n<td width=\"132\"><\/td>\n<td width=\"208\">dysk do szlifowania precyzyjnego <\/td>\n<td width=\"213\">dysk szlifierski<\/td>\n<\/tr>\n<tr>\n<td width=\"132\">warstwa \u015bcierna<\/td>\n<td width=\"208\">mi\u0119kka<\/td>\n<td width=\"213\">twarda<\/td>\n<\/tr>\n<tr>\n<td width=\"132\">Skala twardo\u015bci Shore&#8217;a<\/td>\n<td width=\"208\">80 stopni<\/td>\n<td width=\"213\">90 stopni<\/td>\n<\/tr>\n<tr>\n<td width=\"132\">Cechy<\/td>\n<td width=\"208\">mi\u0119kki jak aksamit<\/td>\n<td width=\"213\">twardy jak stal<\/td>\n<\/tr>\n<tr>\n<td width=\"132\">Zastosowanie<\/td>\n<td width=\"208\">zast\u0119puje trzy etapy obr\u00f3bki: szlifowanie wst\u0119pne, polerowanie i szlifowanie ko\u0144cowe<\/td>\n<td width=\"213\">zast\u0119puje papier \u015bcierny, stosowane do szlifowania materia\u0142\u00f3w supertwardych<\/td>\n<\/tr>\n<\/tbody>\n<\/table>\n<h2>2. Jak wybra\u0107?<\/h2>\n<p><strong>Jak wybra\u0107 materia\u0142 \u015bcierny:<\/strong> konkretny wyb\u00f3r zale\u017cy od twardo\u015bci materia\u0142u obrabianego przedmiotu i aktualnego procesu technologicznego. Na przyk\u0142ad:<\/p>\n<ul>\n<li>Diament: stopy bardzo twarde, materia\u0142y elektroniczne, ceramika.<\/li>\n<li>Tlenek aluminium: mi\u0119kkie metale, tworzywa sztuczne, szk\u0142o, pod\u0142o\u017ca IC, materia\u0142y opakowaniowe, p\u00f3\u0142przewodniki i r\u00f3\u017cne cz\u0119\u015bci elektroniczne, p\u0142ytki drukowane (PCB) i z\u0142\u0105cza.<\/li>\n<li>W\u0119glik krzemu: materia\u0142y p\u00f3\u0142przewodnikowe (takie jak p\u0142ytki krzemowe i arsenek galu itp.), materia\u0142y elektroniczne, metale bardzo twarde, ceramika, szk\u0142o, kamienie szlachetne.<\/li>\n<li>Tlenek ceru: zk\u0142o optyczne (soczewki, pryzmaty i inne elementy optyczne), kamienie szlachetne, ceramika, p\u00f3\u0142przewodniki (takie jak chipy itp.), cyrkon.<\/li>\n<\/ul>\n<p style=\"padding-left: 40px;\">(Powy\u017csze informacje maj\u0105 charakter wy\u0142\u0105cznie informacyjny, konkretny wyb\u00f3r zale\u017cy od twardo\u015bci materia\u0142u obrabianego przedmiotu i aktualnego procesu technologicznego).<\/p>\n<p><strong>Wyb\u00f3r ziarnisto\u015bci:<\/strong> tarcza do polerowania z ziarnisto\u015bci\u0105 3.0 um (4000#) umo\u017cliwia przej\u015bcie od szlifowania zgrubnego 6.0 um (2400#) do polerowania ko\u0144cowego 1.0 um. Nast\u0119pnie mo\u017cna u\u017cy\u0107 pasty polerskiej 0.5 um, aby uzyska\u0107 precyzyjny efekt polerowania.<\/p>\n<p><strong>Spos\u00f3b u\u017cycia:<\/strong> umie\u015b\u0107 tarcz\u0119 polersk\u0105 bezpo\u015brednio na magnetycznym uchwycie maszyny. Nie ma potrzeby stosowania tkaniny polerskiej ani dodatkowego materia\u0142u \u015bciernego (pasty polerskiej). Do rozpocz\u0119cia polerowania wystarczy zwyk\u0142a woda z kranu.<\/p>\n<h2>3. Uwagi:<\/h2>\n<ul>\n<li>Aby uzyska\u0107 g\u0142adk\u0105 powierzchni\u0119, powierzchnia styku dysku samoprzylepnego i pod\u0142o\u017ca musi by\u0107 p\u0142aska, aby zapewni\u0107 g\u0142adko\u015b\u0107 obrabianego przedmiotu.<\/li>\n<li>Powierzchnia kontaktowa tarczy precyzyjnej z maszyn\u0105 musi by\u0107 bardzo r\u00f3wna, czysta i sucha, aby unikn\u0105\u0107 wp\u0142ywu na r\u00f3wno\u015b\u0107 obrabianego przedmiotu.<\/li>\n<li>Po u\u017cyciu ostro\u017cnie zdejmij, sp\u0142ucz wod\u0105 i wysusz.<\/li>\n<li>Prosz\u0119 nie zgina\u0107 ani uszkadza\u0107 dysku.<\/li>\n<li>Zachowaj ostro\u017cno\u015b\u0107 podczas instalowania i zdejmowania, aby unikn\u0105\u0107 uszkodzenia d\u0142oni spowodowanego przyci\u0105ganiem magnetycznym.<\/li>\n<\/ul>\n<h2>4. Inne<\/h2>\n<p><a href=\"https:\/\/honwaygroup.com\/wp-content\/uploads\/2024\/09\/%E5%AE%8F%E5%B4%B4%E5%9E%8B%E9%8C%84-DM001_%E9%91%BD%E7%9F%B3%E6%8B%8B%E5%85%89%E7%9B%A4-01-scaled.webp\"><img fetchpriority=\"high\" decoding=\"async\" class=\"wp-image-42433\" src=\"https:\/\/honwaygroup.com\/wp-content\/uploads\/2024\/09\/%E5%AE%8F%E5%B4%B4%E5%9E%8B%E9%8C%84-DM001_%E9%91%BD%E7%9F%B3%E6%8B%8B%E5%85%89%E7%9B%A4-01-760x1024.webp\" alt=\"Dysk szlifierski do metalografii\" width=\"500\" height=\"674\"><\/a><\/p>\n<p><a href=\"https:\/\/honwaygroup.com\/wp-content\/uploads\/2024\/09\/%E5%AE%8F%E5%B4%B4%E5%9E%8B%E9%8C%84-DM001_%E9%91%BD%E7%9F%B3%E6%8B%8B%E5%85%89%E7%9B%A4-02-scaled.webp\"><img decoding=\"async\" class=\"wp-image-42437\" src=\"https:\/\/honwaygroup.com\/wp-content\/uploads\/2024\/09\/%E5%AE%8F%E5%B4%B4%E5%9E%8B%E9%8C%84-DM001_%E9%91%BD%E7%9F%B3%E6%8B%8B%E5%85%89%E7%9B%A4-02-760x1024.webp\" alt=\"Dysk szlifierski do metalografii Tabela por\u00f3nawcza\" width=\"500\" height=\"674\"><\/a><\/p>\n","protected":false},"excerpt":{"rendered":"<p>&nbsp;<\/p>\n[caption id=\"attachment_42429\" align=\"aligncenter\" width=\"505\"]<a href=\"https:\/\/honwaygroup.com\/wp-content\/uploads\/2024\/09\/%E8%9E%A2%E5%B9%95%E6%93%B7%E5%8F%96%E7%95%AB%E9%9D%A2-2024-09-03-174409.png\"><img decoding=\"async\" class=\"wp-image-42429 size-full\" src=\"https:\/\/honwaygroup.com\/wp-content\/uploads\/2024\/09\/%E8%9E%A2%E5%B9%95%E6%93%B7%E5%8F%96%E7%95%AB%E9%9D%A2-2024-09-03-174409.png\" alt=\"\" width=\"505\" height=\"247\"><\/a> HW-Largo (sze\u015bciok\u0105tny) budowa[\/caption]\n<p>\u2022 Usprawniony proces \/ obejmuje szlifowanie z ty\u0142u i polerowanie z przodu, co poprawia wydajno\u015b\u0107 pracy.<br \/>\n\u2022 Wydajnie i oszcz\u0119dnie \/ elastyczny no\u015bnik z wysokiej jako\u015bci materia\u0142em \u015bciernym, ma\u0142e rysy resztkowe na przekroju, poprawia jako\u015b\u0107 polerowania w kolejnych etapach.<br \/>\n\u2022 Szerokie zastosowanie \/ w przypadku obrabianych przedmiot\u00f3w z materia\u0142\u00f3w o r\u00f3\u017cnej twardo\u015bci dost\u0119pne s\u0105 mi\u0119kkie dyski szlifierskie z r\u00f3\u017cnymi materia\u0142ami \u015bciernymi i ziarnisto\u015bci\u0105.<br \/>\n\u2022 R\u00f3wno\u015b\u0107 powierzchni \/ R\u00f3wnomierne, precyzyjne szlifowanie zar\u00f3wno mi\u0119kkich, jak i twardych materia\u0142\u00f3w, zapobiega powstawaniu zaokr\u0105gle\u0144 i skosze\u0144, zapewniaj\u0105c sp\u00f3jno\u015b\u0107 pr\u00f3bki.<br \/>\n\u2022 Wysoka jako\u015b\u0107 i wydajno\u015b\u0107 \/ Konstrukcja siatkowa zmniejsza gromadzenie si\u0119 wi\u00f3r\u00f3w, zapewniaj\u0105c sta\u0142y, wysoki wsp\u00f3\u0142czynnik usuwania materia\u0142u i gwarantuj\u0105c p\u0142asko\u015b\u0107 przekroju.<\/p>\n<h5><strong><span style=\"color: #ff0000; font-size: 19.2px;\">\u25b2<\/span><\/strong> <strong><span style=\"color: #ff0000; font-size: 19.2px;\">W przypadku zapotrzebowania na niestandardowe rozmiary prosimy o kontakt z obs\u0142ug\u0105 klienta. W celu uzyskania informacji o czas realizacji takiego zam\u00f3wienia r\u00f3wnie\u017c prosimy o kontakt z obs\u0142ug\u0105 klienta.<\/span><\/strong><\/h5>\n<h5><strong><span style=\"color: #ff0000; font-size: 19.2px;\">\u25b2 Przy wi\u0119kszych zam\u00f3wieniach istnieje mo\u017cliwo\u015b\u0107 uzyskania rabatu, prosimy o kontakt z obs\u0142ug\u0105 klienta.<br \/>\n<\/span><\/strong><\/h5>\n<h5><strong><span style=\"color: #ff0000;\">\u25b2 W celu uzyskania informacji o rzeczywistym czasie dostawy prosimy o kontakt z obs\u0142ug\u0105 klienta: <\/span><a href=\"https:\/\/honwaygroup.com\/pl\/skontaktuj-sie-z-nami\/\">Skontaktuj si\u0119 z nami!<\/a><\/strong><\/h5>\n","protected":false},"featured_media":73002,"template":"","meta":{"site-sidebar-layout":"default","site-content-layout":"default","ast-site-content-layout":"default","site-content-style":"default","site-sidebar-style":"default","ast-global-header-display":"","ast-banner-title-visibility":"","ast-main-header-display":"","ast-hfb-above-header-display":"","ast-hfb-below-header-display":"","ast-hfb-mobile-header-display":"","site-post-title":"","ast-breadcrumbs-content":"","ast-featured-img":"","footer-sml-layout":"","ast-disable-related-posts":"","theme-transparent-header-meta":"default","adv-header-id-meta":"","stick-header-meta":"default","header-above-stick-meta":"","header-main-stick-meta":"","header-below-stick-meta":"","astra-migrate-meta-layouts":"set","ast-page-background-enabled":"default","ast-page-background-meta":{"desktop":{"background-color":"var(--ast-global-color-5)","background-image":"","background-repeat":"repeat","background-position":"center center","background-size":"auto","background-attachment":"scroll","background-type":"","background-media":"","overlay-type":"","overlay-color":"","overlay-opacity":"","overlay-gradient":""},"tablet":{"background-color":"","background-image":"","background-repeat":"repeat","background-position":"center center","background-size":"auto","background-attachment":"scroll","background-type":"","background-media":"","overlay-type":"","overlay-color":"","overlay-opacity":"","overlay-gradient":""},"mobile":{"background-color":"","background-image":"","background-repeat":"repeat","background-position":"center center","background-size":"auto","background-attachment":"scroll","background-type":"","background-media":"","overlay-type":"","overlay-color":"","overlay-opacity":"","overlay-gradient":""}},"ast-content-background-meta":{"desktop":{"background-color":"var(--ast-global-color-4)","background-image":"","background-repeat":"repeat","background-position":"center center","background-size":"auto","background-attachment":"scroll","background-type":"","background-media":"","overlay-type":"","overlay-color":"","overlay-opacity":"","overlay-gradient":""},"tablet":{"background-color":"var(--ast-global-color-4)","background-image":"","background-repeat":"repeat","background-position":"center center","background-size":"auto","background-attachment":"scroll","background-type":"","background-media":"","overlay-type":"","overlay-color":"","overlay-opacity":"","overlay-gradient":""},"mobile":{"background-color":"var(--ast-global-color-4)","background-image":"","background-repeat":"repeat","background-position":"center center","background-size":"auto","background-attachment":"scroll","background-type":"","background-media":"","overlay-type":"","overlay-color":"","overlay-opacity":"","overlay-gradient":""}}},"product_brand":[],"product_cat":[3466,3613],"product_tag":[3914,3806],"class_list":{"0":"post-73001","1":"product","2":"type-product","3":"status-publish","4":"has-post-thumbnail","6":"product_cat-materialy-eksploatacyjne-do-metalografii","7":"product_cat-metalograficzne-dyski-szlifierskie","8":"product_tag-materialy-eksploatacyjne-do-metalografii","9":"product_tag-tarcza","10":"desktop-align-left","11":"tablet-align-left","12":"mobile-align-left","13":"ast-product-gallery-layout-horizontal-slider","14":"ast-product-single-variable","15":"ast-product-tabs-layout-horizontal","17":"first","18":"instock","19":"taxable","20":"shipping-taxable","21":"purchasable","22":"product-type-variable","23":"has-default-attributes"},"_links":{"self":[{"href":"https:\/\/honwaygroup.com\/pl\/wp-json\/wp\/v2\/product\/73001","targetHints":{"allow":["GET"]}}],"collection":[{"href":"https:\/\/honwaygroup.com\/pl\/wp-json\/wp\/v2\/product"}],"about":[{"href":"https:\/\/honwaygroup.com\/pl\/wp-json\/wp\/v2\/types\/product"}],"version-history":[{"count":0,"href":"https:\/\/honwaygroup.com\/pl\/wp-json\/wp\/v2\/product\/73001\/revisions"}],"wp:featuredmedia":[{"embeddable":true,"href":"https:\/\/honwaygroup.com\/pl\/wp-json\/wp\/v2\/media\/73002"}],"wp:attachment":[{"href":"https:\/\/honwaygroup.com\/pl\/wp-json\/wp\/v2\/media?parent=73001"}],"wp:term":[{"taxonomy":"product_brand","embeddable":true,"href":"https:\/\/honwaygroup.com\/pl\/wp-json\/wp\/v2\/product_brand?post=73001"},{"taxonomy":"product_cat","embeddable":true,"href":"https:\/\/honwaygroup.com\/pl\/wp-json\/wp\/v2\/product_cat?post=73001"},{"taxonomy":"product_tag","embeddable":true,"href":"https:\/\/honwaygroup.com\/pl\/wp-json\/wp\/v2\/product_tag?post=73001"}],"curies":[{"name":"wp","href":"https:\/\/api.w.org\/{rel}","templated":true}]}}