{"id":72914,"date":"2024-09-09T14:35:14","date_gmt":"2024-09-09T06:35:14","guid":{"rendered":"https:\/\/honwaygroup.com\/product\/dysk-diamentowy-honway-elektroformowany\/"},"modified":"2025-02-24T16:57:25","modified_gmt":"2025-02-24T08:57:25","slug":"dysk-diamentowy-honway-elektroformowany","status":"publish","type":"product","link":"https:\/\/honwaygroup.com\/pl\/produkt\/dysk-diamentowy-honway-elektroformowany\/","title":{"rendered":"Dysk diamentowy HonWay (elektroformowany)"},"content":{"rendered":"<h1>Dysk diamentowy HonWay (elektroformowany)<\/h1>\n<p>Mo\u017cna nim zast\u0105pi\u0107 etapy szlifowania i polerowania papierem metalograficznym. Dzi\u0119ki zdolno\u015bci do ci\u0105g\u0142ego dostarczania \u015brodka smarnego, warstwa robocza dysku szlifierskiego optymalizuje spos\u00f3b dzia\u0142ania ziaren diamentowych. Struktura powierzchni zapewnia lepsz\u0105 r\u00f3wno\u015b\u0107 wszystkich pr\u00f3bek.<br \/>\nG\u0142\u00f3wny materia\u0142 \u015bcierny to wysokowydajny diament o ziarnistej strukturze. Oferowane s\u0105 r\u00f3\u017cne opcje dla twardych materia\u0142\u00f3w o twardo\u015bci HV40-2000.<\/p>\n<ul>\n<li>Metale: szlifowanie stali szybkotn\u0105cej, stali stopowej, stop\u00f3w tytanu, w\u0119glika, w\u0119glika spiekanego, stali tungstenowej, materia\u0142\u00f3w do analizy metalograficznej itp.<\/li>\n<li>Niemetale: szk\u0142o, ceramika, agat, kamienie szlachetne, jadeit, monokrystaliczny krzem, polikrystaliczny krzem, szk\u0142o kwarcowe, w\u0119glik tytanu, materia\u0142y magnetyczne itp.<\/li>\n<li>Szlifowanie: przeznaczone do twardo\u015bci HV40-2000.<\/li>\n<\/ul>\n<h1>Zastosowanie:<\/h1>\n<ul>\n<li><strong>Nauka o materia\u0142ach<\/strong>, <strong>identyfikacja metali<\/strong>, <strong>analiza awarii,<\/strong> <strong>przemys\u0142 wytw\u00f3rczy,<\/strong> <strong>badania i rozw\u00f3j materia\u0142\u00f3w<\/strong>, <strong>obr\u00f3bka diament\u00f3w i kamieni szlachetnych<\/strong>, <strong>przemys\u0142 elektroniczny i p\u00f3\u0142przewodnikowy<\/strong><\/li>\n<li><strong><span class=\"html-span xdj266r x11i5rnm xat24cr x1mh8g0r xexx8yu x4uap5 x18d9i69 xkhd6sd x1hl2dhg x16tdsg8 x1vvkbs\">Podk\u0142adki z folii miedzianej<\/span>, <span class=\"html-span xdj266r x11i5rnm xat24cr x1mh8g0r xexx8yu x4uap5 x18d9i69 xkhd6sd x1hl2dhg x16tdsg8 x1vvkbs\">maszyny do szlifowania dwustronnego<\/span>, <span class=\"html-span xdj266r x11i5rnm xat24cr x1mh8g0r xexx8yu x4uap5 x18d9i69 xkhd6sd x1hl2dhg x16tdsg8 x1vvkbs\">maszyny do szlifowania pojedynczych p\u0142yt<\/span><\/strong><\/li>\n<\/ul>\n<h2>Cechy produktu\uff1a<\/h2>\n<ol>\n<li><strong>Doskona\u0142a jako\u015b\u0107: <\/strong>Wykonane z wysokiej jako\u015bci diament\u00f3w o wysokiej wydajno\u015bci, zgodnie z precyzyjnymi formami. Charakteryzuje si\u0119 wysok\u0105 skuteczno\u015bci\u0105 szlifowania i redukcji grubo\u015bci. Rozmiar i ziarnisto\u015b\u0107 mo\u017cna dostosowa\u0107 do potrzeb klienta.<\/li>\n<li><strong>Wysoka r\u00f3wno\u015b\u0107 powierzchni<\/strong>: Powierzchnia wykorzystuje wysokiej jako\u015bci diamenty o wysokiej wydajno\u015bci, umo\u017cliwiaj\u0105c pe\u0142ny kontakt podk\u0142adki szlifierskiej z obrabianym przedmiotem, zapewniaj\u0105c stabiln\u0105 i jednolit\u0105 si\u0142\u0119 ci\u0119cia, a jednocze\u015bnie maksymalizuj\u0105c magazynowanie medium \u015bciernego.<\/li>\n<li><strong>Szeroki wyb\u00f3r ziarnisto\u015bci:<\/strong> oferujemy szeroki wyb\u00f3r ziarnisto\u015bci diament\u00f3w, z mo\u017cliwo\u015bci\u0105 dostosowania do potrzeb klienta.<\/li>\n<li><strong>Wysoka jako\u015b\u0107 i wydajno\u015b\u0107:<\/strong> Du\u017ca si\u0142a ci\u0119cia, dobra \u017cywotno\u015b\u0107, dobra jako\u015b\u0107 powierzchni obrabianego przedmiotu po szlifowaniu i polerowaniu, niska chropowato\u015b\u0107, wysoka wydajno\u015b\u0107 pracy i wysoki wska\u017anik produkt\u00f3w wysokiej jako\u015bci.<\/li>\n<li><strong>\u0141atwa obs\u0142uga: <\/strong>konstrukcja magnetyczna, mo\u017cliwo\u015b\u0107 wielokrotnego u\u017cytku. Oferujemy r\u00f3wnie\u017c r\u00f3\u017cne konstrukcje podk\u0142adu, aby sprosta\u0107 r\u00f3\u017cnym potrzebom u\u017cytkowania.<\/li>\n<li><strong>Prostota i niski koszt: <\/strong>wystarczy doda\u0107 ciecz ch\u0142odz\u0105c\u0105 (wod\u0119) podczas szlifowania, bez potrzeby dodatkowego dodawania materia\u0142u \u015bciernego. Praca staje si\u0119 prostsza, a koszty produkcji ni\u017csze.<\/li>\n<\/ol>\n<h1>Specyfikacja produktu<\/h1>\n<p>\u203bOferujemy niestandardowe rozmiary od #35 do #3000, prosimy o kontakt z obs\u0142ug\u0105 klienta.<\/p>\n<table width=\"100%\">\n<tbody>\n<tr>\n<td width=\"20%\">\n<p style=\"text-align: center;\">Konstrukcja powierzchni<\/p>\n<\/td>\n<td style=\"text-align: center;\" width=\"20%\">Ziarnisto\u015b\u0107<\/td>\n<td style=\"text-align: center;\" width=\"19%\">\u015arednica ziaren (um)<\/td>\n<td style=\"text-align: center;\" width=\"19%\">Rozmiar (mm)<\/td>\n<td width=\"19%\">\n<p style=\"text-align: center;\">Rozmiar (inch)<\/p>\n<\/td>\n<\/tr>\n<tr>\n<td rowspan=\"12\" width=\"20%\">Elektroformowane<\/td>\n<td width=\"20%\">60#<\/td>\n<td width=\"19%\">240<\/td>\n<td rowspan=\"12\" width=\"19%\">\u00d8200<\/p>\n<p>\u00d8230<\/p>\n<p>\u00d8250<\/p>\n<p>\u00d8300<\/p>\n<p>\u00d8350<\/p>\n<p>\u00d8400<\/td>\n<td rowspan=\"12\" width=\"19%\">\u00d88<\/p>\n<p>\u00d89<\/p>\n<p>\u00d89.5<\/p>\n<p>\u00d812<\/p>\n<p>\u00d814<\/p>\n<p>\u00d815<\/td>\n<\/tr>\n<tr>\n<td width=\"20%\">80#<\/td>\n<td width=\"19%\">188<\/td>\n<\/tr>\n<tr>\n<td width=\"20%\">120#<\/td>\n<td width=\"19%\">125<\/td>\n<\/tr>\n<tr>\n<td width=\"20%\">240#<\/td>\n<td width=\"19%\">58<\/td>\n<\/tr>\n<tr>\n<td width=\"20%\">320#<\/td>\n<td width=\"19%\">46<\/td>\n<\/tr>\n<tr>\n<td width=\"20%\">400#<\/td>\n<td width=\"19%\">35<\/td>\n<\/tr>\n<tr>\n<td width=\"20%\">600#<\/td>\n<td width=\"19%\">26<\/td>\n<\/tr>\n<tr>\n<td width=\"20%\">800#<\/td>\n<td width=\"19%\">18<\/td>\n<\/tr>\n<tr>\n<td width=\"20%\">1000#<\/td>\n<td width=\"19%\">15<\/td>\n<\/tr>\n<tr>\n<td width=\"20%\">1200#<\/td>\n<td width=\"19%\">12.5<\/td>\n<\/tr>\n<tr>\n<td width=\"20%\">2000#<\/td>\n<td width=\"19%\">7.5<\/td>\n<\/tr>\n<tr>\n<td width=\"20%\">3000#<\/td>\n<td width=\"19%\">5.0<\/td>\n<\/tr>\n<\/tbody>\n<\/table>\n<h2>1. R\u00f3\u017cnice mi\u0119dzyproduktowe<\/h2>\n<table>\n<tbody>\n<tr>\n<td width=\"132\"><\/td>\n<td width=\"208\">Dysk do szlifowania precyzyjnego<\/td>\n<td width=\"213\">Dysk szlifierski\/dysk elektroformowany<\/td>\n<\/tr>\n<tr>\n<td width=\"132\">Warstwa \u015bcierna<\/td>\n<td width=\"208\">mi\u0119kka<\/td>\n<td width=\"213\">twarda<\/td>\n<\/tr>\n<tr>\n<td width=\"132\">Skala twardo\u015bci Shore&#8217;a<\/td>\n<td width=\"208\">80 stopni<\/td>\n<td width=\"213\"><\/td>\n<\/tr>\n<tr>\n<td width=\"132\">Cechy<\/td>\n<td width=\"208\">mi\u0119kki jak aksamit<\/td>\n<td width=\"213\">twardy jak stal<\/td>\n<\/tr>\n<tr>\n<td width=\"132\">Zastosowanie<\/td>\n<td width=\"208\">zast\u0119puje trzy etapy obr\u00f3bki: szlifowanie wst\u0119pne, polerowanie i szlifowanie ko\u0144cowe<\/td>\n<td width=\"213\">zast\u0119puje papier \u015bcierny, stosowane do szlifowania materia\u0142\u00f3w supertwardych<\/td>\n<\/tr>\n<\/tbody>\n<\/table>\n<h2>2. Jak wybra\u0107?<\/h2>\n<p>Dok\u0142adne zastosowanie zale\u017cy od twardo\u015bci materia\u0142u obrabianego przedmiotu i aktualnego procesu technologicznego.<\/p>\n<p>Spos\u00f3b u\u017cycia: umie\u015b\u0107 dysk szlifierski bezpo\u015brednio na magnetycznym uchwycie maszyny, nie ma potrzeby stosowania \u015bciereczki polerskiej lub dodatkowego materia\u0142u \u015bciernego (p\u0142ynu polerskiego). Zacznij szlifowanie, u\u017cywaj\u0105c zwyk\u0142ej wody z kranu.<\/p>\n<p>\u203b W przypadku obr\u00f3bki bardzo wra\u017cliwych pr\u00f3bek mo\u017cna u\u017cy\u0107 niekorozyjnego p\u0142ynu zamiast wody jako smaru.<\/p>\n<p>\u203b Aby uzyska\u0107 idealn\u0105 g\u0142adko\u015b\u0107 pr\u00f3bki i r\u00f3wnomierne zu\u017cycie tarczy szlifierskiej, nale\u017cy ustawi\u0107 zacisk mocuj\u0105cy pr\u00f3bk\u0119 tak, aby zewn\u0119trzna cz\u0119\u015b\u0107 pr\u00f3bki wystawa\u0142a kilka milimetr\u00f3w ponad powierzchni\u0119 robocz\u0105 tarczy szlifierskiej.<\/p>\n<h2>3. Uwagi<\/h2>\n<ol>\n<li>Aby uzyska\u0107 g\u0142adk\u0105 powierzchni\u0119, powierzchnia styku dysku samoprzylepnego i pod\u0142o\u017ca musi by\u0107 p\u0142aska, aby zapewni\u0107 g\u0142adko\u015b\u0107 obrabianego przedmiotu.<\/li>\n<li>Powierzchnia kontaktowa tarczy precyzyjnej z maszyn\u0105 musi by\u0107 bardzo r\u00f3wna, czysta i sucha, aby unikn\u0105\u0107 wp\u0142ywu na r\u00f3wno\u015b\u0107 obrabianego przedmiotu.<\/li>\n<li>Po u\u017cyciu ostro\u017cnie zdejmij, sp\u0142ucz wod\u0105 i wysusz.<\/li>\n<li>Prosz\u0119 nie zgina\u0107 ani uszkadza\u0107 dysku.<\/li>\n<li>Zachowaj ostro\u017cno\u015b\u0107 podczas instalowania i zdejmowania, aby unikn\u0105\u0107 uszkodzenia d\u0142oni spowodowanego przyci\u0105ganiem magnetycznym.<\/li>\n<\/ol>\n<p>&nbsp;<\/p>\n<h2>4. Inne<\/h2>\n<p><a href=\"https:\/\/honwaygroup.com\/wp-content\/uploads\/2024\/09\/%E5%AE%8F%E5%B4%B4%E5%9E%8B%E9%8C%84-DM001_%E9%91%BD%E7%9F%B3%E6%8B%8B%E5%85%89%E7%9B%A4-01-scaled.webp\"><img fetchpriority=\"high\" decoding=\"async\" class=\"wp-image-42433 alignleft\" src=\"https:\/\/honwaygroup.com\/wp-content\/uploads\/2024\/09\/%E5%AE%8F%E5%B4%B4%E5%9E%8B%E9%8C%84-DM001_%E9%91%BD%E7%9F%B3%E6%8B%8B%E5%85%89%E7%9B%A4-01-scaled.webp\" alt=\"Dysk szlifierski do metalografii\" width=\"676\" height=\"911\" \/><\/a><\/p>\n<p><a href=\"https:\/\/honwaygroup.com\/wp-content\/uploads\/2024\/09\/%E5%AE%8F%E5%B4%B4%E5%9E%8B%E9%8C%84-DM001_%E9%91%BD%E7%9F%B3%E6%8B%8B%E5%85%89%E7%9B%A4-02-scaled.webp\"><img decoding=\"async\" class=\"wp-image-42437\" src=\"https:\/\/honwaygroup.com\/wp-content\/uploads\/2024\/09\/%E5%AE%8F%E5%B4%B4%E5%9E%8B%E9%8C%84-DM001_%E9%91%BD%E7%9F%B3%E6%8B%8B%E5%85%89%E7%9B%A4-02-scaled.webp\" alt=\"Dysk szlifierski do metalografii Tabela por\u00f3nawcza\" width=\"677\" height=\"912\" \/><\/a><\/p>\n","protected":false},"excerpt":{"rendered":"[caption id=\"attachment_42416\" align=\"alignnone\" width=\"506\"]<a href=\"https:\/\/honwaygroup.com\/wp-content\/uploads\/2024\/09\/%E8%9E%A2%E5%B9%95%E6%93%B7%E5%8F%96%E7%95%AB%E9%9D%A2-2024-09-03-172725.png\"><img decoding=\"async\" class=\"size-full wp-image-42416\" src=\"https:\/\/honwaygroup.com\/wp-content\/uploads\/2024\/09\/%E8%9E%A2%E5%B9%95%E6%93%B7%E5%8F%96%E7%95%AB%E9%9D%A2-2024-09-03-172725.png\" alt=\"Dysk diamentowy HonWay (elektroformowany) budowa\" width=\"506\" height=\"350\" \/><\/a> Dysk diamentowy HonWay (elektroformowany) budowa[\/caption]\n<p>G\u0142\u00f3wny materia\u0142 \u015bcierny to modyfikowany diament, o ziarnistej strukturze. Oferujemy r\u00f3\u017cne opcje dla materia\u0142\u00f3w o twardo\u015bci HV40-2000.<br \/>\nMetale: Stal szybkotn\u0105ca, stal stopowa, w\u0119glik spiekany, stal wolframowa, w\u0119glik wolframu itp.<br \/>\nMateria\u0142y niemetalowe: Szk\u0142o, ceramika, agat, kamie\u0144, klejnoty, jadeit, krzem monokrystaliczny, krzem polikrystaliczny, szk\u0142o kwarcowe, w\u0119glik tytanu, materia\u0142y magnetyczne itp.<\/p>\n<h5><strong><span style=\"color: #ff0000; font-size: 19.2px;\">\u25b2Ceny produkt\u00f3w zawieraj\u0105 podatek (wy\u0142\u0105cznie na Tajwanie)<br \/>\n\u25b2Ceny produkt\u00f3w nie zawieraj\u0105 podatku VAT oraz op\u0142at celnych<br \/>\n\u25b2 W przypadku zapotrzebowania na niestandardowe rozmiary prosimy o kontakt z obs\u0142ug\u0105 klienta<br \/>\n\u25b2 Przy wi\u0119kszych zam\u00f3wieniach istnieje mo\u017cliwo\u015b\u0107 uzyskania rabatu, prosimy o kontakt z obs\u0142ug\u0105 klienta.<br \/>\n<\/span><\/strong><\/h5>\n<h5><span style=\"color: #ff0000;\"><b>\u25b2 W celu uzyskania informacji o rzeczywistym czasie dostawy prosimy o kontakt z obs\u0142ug\u0105 klienta:<\/b><\/span> <a href=\"https:\/\/honwaygroup.com\/pl\/skontaktuj-sie-z-nami\/\"><b>Skontaktuj si\u0119 z nami!<\/b><\/a><\/h5>\n<p>&nbsp;<\/p>\n<h5><\/h5>\n","protected":false},"featured_media":72915,"template":"","meta":{"site-sidebar-layout":"default","site-content-layout":"default","ast-site-content-layout":"default","site-content-style":"default","site-sidebar-style":"default","ast-global-header-display":"","ast-banner-title-visibility":"","ast-main-header-display":"","ast-hfb-above-header-display":"","ast-hfb-below-header-display":"","ast-hfb-mobile-header-display":"","site-post-title":"","ast-breadcrumbs-content":"","ast-featured-img":"","footer-sml-layout":"","ast-disable-related-posts":"","theme-transparent-header-meta":"default","adv-header-id-meta":"","stick-header-meta":"","header-above-stick-meta":"","header-main-stick-meta":"","header-below-stick-meta":"","astra-migrate-meta-layouts":"set","ast-page-background-enabled":"default","ast-page-background-meta":{"desktop":{"background-color":"var(--ast-global-color-5)","background-image":"","background-repeat":"repeat","background-position":"center center","background-size":"auto","background-attachment":"scroll","background-type":"","background-media":"","overlay-type":"","overlay-color":"","overlay-opacity":"","overlay-gradient":""},"tablet":{"background-color":"","background-image":"","background-repeat":"repeat","background-position":"center center","background-size":"auto","background-attachment":"scroll","background-type":"","background-media":"","overlay-type":"","overlay-color":"","overlay-opacity":"","overlay-gradient":""},"mobile":{"background-color":"","background-image":"","background-repeat":"repeat","background-position":"center center","background-size":"auto","background-attachment":"scroll","background-type":"","background-media":"","overlay-type":"","overlay-color":"","overlay-opacity":"","overlay-gradient":""}},"ast-content-background-meta":{"desktop":{"background-color":"var(--ast-global-color-4)","background-image":"","background-repeat":"repeat","background-position":"center center","background-size":"auto","background-attachment":"scroll","background-type":"","background-media":"","overlay-type":"","overlay-color":"","overlay-opacity":"","overlay-gradient":""},"tablet":{"background-color":"var(--ast-global-color-4)","background-image":"","background-repeat":"repeat","background-position":"center center","background-size":"auto","background-attachment":"scroll","background-type":"","background-media":"","overlay-type":"","overlay-color":"","overlay-opacity":"","overlay-gradient":""},"mobile":{"background-color":"var(--ast-global-color-4)","background-image":"","background-repeat":"repeat","background-position":"center center","background-size":"auto","background-attachment":"scroll","background-type":"","background-media":"","overlay-type":"","overlay-color":"","overlay-opacity":"","overlay-gradient":""}}},"product_brand":[],"product_cat":[3466,3613],"product_tag":[3983,3914,3806],"class_list":{"0":"post-72914","1":"product","2":"type-product","3":"status-publish","4":"has-post-thumbnail","6":"product_cat-materialy-eksploatacyjne-do-metalografii","7":"product_cat-metalograficzne-dyski-szlifierskie","8":"product_tag-elektroformowanie","9":"product_tag-materialy-eksploatacyjne-do-metalografii","10":"product_tag-tarcza","11":"desktop-align-left","12":"tablet-align-left","13":"mobile-align-left","14":"ast-product-gallery-layout-horizontal-slider","15":"ast-product-gallery-with-no-image","16":"ast-product-single-variable","17":"ast-product-tabs-layout-horizontal","19":"first","20":"instock","21":"taxable","22":"shipping-taxable","23":"purchasable","24":"product-type-variable"},"_links":{"self":[{"href":"https:\/\/honwaygroup.com\/pl\/wp-json\/wp\/v2\/product\/72914","targetHints":{"allow":["GET"]}}],"collection":[{"href":"https:\/\/honwaygroup.com\/pl\/wp-json\/wp\/v2\/product"}],"about":[{"href":"https:\/\/honwaygroup.com\/pl\/wp-json\/wp\/v2\/types\/product"}],"version-history":[{"count":0,"href":"https:\/\/honwaygroup.com\/pl\/wp-json\/wp\/v2\/product\/72914\/revisions"}],"wp:featuredmedia":[{"embeddable":true,"href":"https:\/\/honwaygroup.com\/pl\/wp-json\/wp\/v2\/media\/72915"}],"wp:attachment":[{"href":"https:\/\/honwaygroup.com\/pl\/wp-json\/wp\/v2\/media?parent=72914"}],"wp:term":[{"taxonomy":"product_brand","embeddable":true,"href":"https:\/\/honwaygroup.com\/pl\/wp-json\/wp\/v2\/product_brand?post=72914"},{"taxonomy":"product_cat","embeddable":true,"href":"https:\/\/honwaygroup.com\/pl\/wp-json\/wp\/v2\/product_cat?post=72914"},{"taxonomy":"product_tag","embeddable":true,"href":"https:\/\/honwaygroup.com\/pl\/wp-json\/wp\/v2\/product_tag?post=72914"}],"curies":[{"name":"wp","href":"https:\/\/api.w.org\/{rel}","templated":true}]}}