{"id":72329,"date":"2024-09-10T11:16:03","date_gmt":"2024-09-10T03:16:03","guid":{"rendered":"https:\/\/honwaygroup.com\/product\/hw-pianocentkowany-dysk-szlifierski-do-metalografii-diamentowy-z-opcja-na-wymiar\/"},"modified":"2026-01-22T09:29:14","modified_gmt":"2026-01-22T01:29:14","slug":"hw-pianocentkowany-dysk-szlifierski-do-metalografii-diamentowy-z-opcja-na-wymiar","status":"publish","type":"product","link":"https:\/\/honwaygroup.com\/pl\/produkt\/hw-pianocentkowany-dysk-szlifierski-do-metalografii-diamentowy-z-opcja-na-wymiar\/","title":{"rendered":"HW-Piano(centkowany)-dysk szlifierski do metalografii-diamentowy (z opcj\u0105 na wymiar)"},"content":{"rendered":"<h1>HW-Piano(centkowany) -dysk szlifierski do metalografii Cechy produktu<\/h1>\n<p>Mo\u017cna nim zast\u0105pi\u0107 etapy szlifowania i polerowania papierem metalograficznym. Dzi\u0119ki zdolno\u015bci do ci\u0105g\u0142ego dostarczania \u015brodka smarnego, warstwa robocza dysku szlifierskiego optymalizuje spos\u00f3b dzia\u0142ania ziaren diamentowych. Struktura powierzchni zapewnia lepsz\u0105 r\u00f3wno\u015b\u0107 wszystkich pr\u00f3bek.<br \/>\n\u2022 G\u0142\u00f3wny materia\u0142 \u015bcierny to wysokowydajny diament o strukturze ziarnistej. Zapewnia r\u00f3\u017cne opcje dla materia\u0142\u00f3w o twardo\u015bci HV150-2000.<br \/>\n\u2022 Metale: stal szybkotn\u0105ca, stal stopowa, w\u0119glik spiekany, stal tungstenowa, w\u0119glik wolframu itp.<br \/>\n\u2022 Niemetale: szk\u0142o, ceramika, agatem, kamie\u0144, kamienie szlachetne, jadeit, krzem monokrystaliczny, krzem polikrystaliczny, szk\u0142o kwarcowe, w\u0119glik tytanu, materia\u0142y magnetyczne itp.<\/p>\n<p>&nbsp;<\/p>\n<h1>Zastosowanie:<\/h1>\n<ul>\n<li><strong>Nauka o materia\u0142ach<\/strong>, <strong>identyfikacja metali<\/strong>, <strong>analiza awarii,<\/strong> <strong>przemys\u0142 wytw\u00f3rczy,<\/strong> <strong>badania i rozw\u00f3j materia\u0142\u00f3w<\/strong>, <strong>obr\u00f3bka diament\u00f3w i kamieni szlachetnych<\/strong>, <strong>przemys\u0142 elektroniczny i p\u00f3\u0142przewodnikowy<\/strong><\/li>\n<li><strong><span class=\"html-span xdj266r x11i5rnm xat24cr x1mh8g0r xexx8yu x4uap5 x18d9i69 xkhd6sd x1hl2dhg x16tdsg8 x1vvkbs\">Szlifierka dwustronna, <\/span><span class=\"html-span xdj266r x11i5rnm xat24cr x1mh8g0r xexx8yu x4uap5 x18d9i69 xkhd6sd x1hl2dhg x16tdsg8 x1vvkbs\">szlifierka jednostronna<\/span><\/strong><\/li>\n<\/ul>\n<h1>Specyfikacja produktu<\/h1>\n<table>\n<tbody>\n<tr>\n<td>Numer<\/td>\n<td><span style=\"font-weight: 400;\">Wielko\u015b\u0107 cz\u0105stek(um)<\/span><\/td>\n<td><span style=\"font-weight: 400;\">rozmiar(mm)<\/span><\/td>\n<td><span style=\"font-weight: 400;\">rozmiar(inch)<\/span><\/td>\n<\/tr>\n<tr>\n<td><span style=\"font-weight: 400;\">60#<\/span><\/td>\n<td><span style=\"font-weight: 400;\">240<\/span><\/td>\n<td rowspan=\"16\"><span style=\"font-weight: 400;\">\u00d8200<\/span><\/p>\n<p><span style=\"font-weight: 400;\">\u00d8220<\/span><\/p>\n<p><span style=\"font-weight: 400;\">\u00d8230<\/span><\/p>\n<p><span style=\"font-weight: 400;\">\u00d8250<\/span><\/p>\n<p><span style=\"font-weight: 400;\">\u00d8300<\/span><\/p>\n<p><span style=\"font-weight: 400;\">\u00d8350<\/span><\/p>\n<p><span style=\"font-weight: 400;\">\u00d8380<\/span><\/td>\n<td rowspan=\"16\"><span style=\"font-weight: 400;\">\u00d88<\/span><\/p>\n<p><span style=\"font-weight: 400;\">\u00d88.6<\/span><\/p>\n<p><span style=\"font-weight: 400;\">\u00d89<\/span><\/p>\n<p><span style=\"font-weight: 400;\">\u00d89.5<\/span><\/p>\n<p><span style=\"font-weight: 400;\">\u00d812<\/span><\/p>\n<p><span style=\"font-weight: 400;\">\u00d814<\/span><\/p>\n<p><span style=\"font-weight: 400;\">\u00d815<\/span><\/td>\n<\/tr>\n<tr>\n<td><span style=\"font-weight: 400;\">80#<\/span><\/td>\n<td><span style=\"font-weight: 400;\">188<\/span><\/td>\n<\/tr>\n<tr>\n<td><span style=\"font-weight: 400;\">120#<\/span><\/td>\n<td><span style=\"font-weight: 400;\">127<\/span><\/td>\n<\/tr>\n<tr>\n<td><span style=\"font-weight: 400;\">180#<\/span><\/td>\n<td><span style=\"font-weight: 400;\">78<\/span><\/td>\n<\/tr>\n<tr>\n<td><span style=\"font-weight: 400;\">240#<\/span><\/td>\n<td><span style=\"font-weight: 400;\">58<\/span><\/td>\n<\/tr>\n<tr>\n<td><span style=\"font-weight: 400;\">320#<\/span><\/td>\n<td><span style=\"font-weight: 400;\">46<\/span><\/td>\n<\/tr>\n<tr>\n<td><span style=\"font-weight: 400;\">400#<\/span><\/td>\n<td><span style=\"font-weight: 400;\">35<\/span><\/td>\n<\/tr>\n<tr>\n<td><span style=\"font-weight: 400;\">600#<\/span><\/td>\n<td><span style=\"font-weight: 400;\">26<\/span><\/td>\n<\/tr>\n<tr>\n<td><span style=\"font-weight: 400;\">800#<\/span><\/td>\n<td><span style=\"font-weight: 400;\">22<\/span><\/td>\n<\/tr>\n<tr>\n<td><span style=\"font-weight: 400;\">1000#<\/span><\/td>\n<td><span style=\"font-weight: 400;\">18<\/span><\/td>\n<\/tr>\n<tr>\n<td><span style=\"font-weight: 400;\">1200#<\/span><\/td>\n<td><span style=\"font-weight: 400;\">15<\/span><\/td>\n<\/tr>\n<tr>\n<td><span style=\"font-weight: 400;\">1500#<\/span><\/td>\n<td><span style=\"font-weight: 400;\">12<\/span><\/td>\n<\/tr>\n<tr>\n<td><span style=\"font-weight: 400;\">2000#<\/span><\/td>\n<td><span style=\"font-weight: 400;\">9.0<\/span><\/td>\n<\/tr>\n<tr>\n<td><span style=\"font-weight: 400;\">2400#<\/span><\/td>\n<td><span style=\"font-weight: 400;\">6.0<\/span><\/td>\n<\/tr>\n<tr>\n<td><span style=\"font-weight: 400;\">4000#<\/span><\/td>\n<td><span style=\"font-weight: 400;\">3.0<\/span><\/td>\n<\/tr>\n<tr>\n<td><span style=\"font-weight: 400;\">7000#<\/span><\/td>\n<td><span style=\"font-weight: 400;\">0.5<\/span><\/td>\n<\/tr>\n<\/tbody>\n<\/table>\n<h2>1. R\u00f3\u017cnice mi\u0119dzyproduktowe<\/h2>\n<table>\n<tbody>\n<tr>\n<td width=\"132\"><\/td>\n<td width=\"208\">dysk do szlifowania precyzyjnego <\/td>\n<td width=\"213\">dysk szlifierski<\/td>\n<\/tr>\n<tr>\n<td width=\"132\">warstwa \u015bcierna<\/td>\n<td width=\"208\">mi\u0119kka<\/td>\n<td width=\"213\">twarda<\/td>\n<\/tr>\n<tr>\n<td width=\"132\">Skala twardo\u015bci Shore&#8217;a<\/td>\n<td width=\"208\">80 stopni<\/td>\n<td width=\"213\">90 stopni<\/td>\n<\/tr>\n<tr>\n<td width=\"132\">Cechy<\/td>\n<td width=\"208\">mi\u0119kki jak aksamit<\/td>\n<td width=\"213\">twardy jak stal<\/td>\n<\/tr>\n<tr>\n<td width=\"132\">Zastosowanie<\/td>\n<td width=\"208\">zast\u0119puje trzy etapy obr\u00f3bki: szlifowanie wst\u0119pne, polerowanie i szlifowanie ko\u0144cowe<\/td>\n<td width=\"213\">zast\u0119puje papier \u015bcierny, stosowane do szlifowania materia\u0142\u00f3w supertwardych<\/td>\n<\/tr>\n<\/tbody>\n<\/table>\n<h2>2. Jak wybra\u0107?<\/h2>\n<p>Dok\u0142adne zastosowanie zale\u017cy od twardo\u015bci materia\u0142u obrabianego przedmiotu i aktualnego procesu technologicznego.<\/p>\n<p>Spos\u00f3b u\u017cycia: umie\u015b\u0107 dysk szlifierski bezpo\u015brednio na magnetycznym uchwycie maszyny, nie ma potrzeby stosowania \u015bciereczki polerskiej lub dodatkowego materia\u0142u \u015bciernego (p\u0142ynu polerskiego). Zacznij szlifowanie, u\u017cywaj\u0105c zwyk\u0142ej wody z kranu.<\/p>\n<p>\u203b W przypadku obr\u00f3bki bardzo wra\u017cliwych pr\u00f3bek mo\u017cna u\u017cy\u0107 niekorozyjnego p\u0142ynu zamiast wody jako smaru.<\/p>\n<p>\u203b Aby uzyska\u0107 idealn\u0105 g\u0142adko\u015b\u0107 pr\u00f3bki i r\u00f3wnomierne zu\u017cycie tarczy szlifierskiej, nale\u017cy ustawi\u0107 zacisk mocuj\u0105cy pr\u00f3bk\u0119 tak, aby zewn\u0119trzna cz\u0119\u015b\u0107 pr\u00f3bki wystawa\u0142a kilka milimetr\u00f3w ponad powierzchni\u0119 robocz\u0105 tarczy szlifierskiej.<\/p>\n<h2>3. Uwagi<\/h2>\n<ol>\n<li>Aby uzyska\u0107 g\u0142adk\u0105 powierzchni\u0119, powierzchnia styku dysku samoprzylepnego i pod\u0142o\u017ca musi by\u0107 p\u0142aska, aby zapewni\u0107 g\u0142adko\u015b\u0107 obrabianego przedmiotu.<\/li>\n<li>Powierzchnia kontaktowa tarczy precyzyjnej z maszyn\u0105 musi by\u0107 bardzo r\u00f3wna, czysta i sucha, aby unikn\u0105\u0107 wp\u0142ywu na r\u00f3wno\u015b\u0107 obrabianego przedmiotu.<\/li>\n<li>Po u\u017cyciu ostro\u017cnie zdejmij, sp\u0142ucz wod\u0105 i wysusz.<\/li>\n<li>Prosz\u0119 nie zgina\u0107 ani uszkadza\u0107 dysku.<\/li>\n<li>Zachowaj ostro\u017cno\u015b\u0107 podczas instalowania i zdejmowania, aby unikn\u0105\u0107 uszkodzenia d\u0142oni spowodowanego przyci\u0105ganiem magnetycznym.<\/li>\n<\/ol>\n<p>&nbsp;<\/p>\n<h2>4. Inne<\/h2>\n<p><a href=\"https:\/\/honwaygroup.com\/wp-content\/uploads\/2024\/09\/%E5%AE%8F%E5%B4%B4%E5%9E%8B%E9%8C%84-DM07_%E9%91%BD%E7%9F%B3%E6%8B%8B%E5%85%89%E7%9B%A4-01.webp\"><img fetchpriority=\"high\" decoding=\"async\" class=\"wp-image-47058 size-full\" src=\"https:\/\/honwaygroup.com\/wp-content\/uploads\/2024\/09\/%E5%AE%8F%E5%B4%B4%E5%9E%8B%E9%8C%84-DM07_%E9%91%BD%E7%9F%B3%E6%8B%8B%E5%85%89%E7%9B%A4-01.webp\" alt=\"Diamentowy dysk polerski\" width=\"614\" height=\"826\"><\/a><\/p>\n<p><a href=\"https:\/\/honwaygroup.com\/wp-content\/uploads\/2024\/09\/%E5%AE%8F%E5%B4%B4%E5%9E%8B%E9%8C%84-DM001_%E9%91%BD%E7%9F%B3%E6%8B%8B%E5%85%89%E7%9B%A4-02-scaled.webp\"><img decoding=\"async\" class=\"wp-image-42437\" src=\"https:\/\/honwaygroup.com\/wp-content\/uploads\/2024\/09\/%E5%AE%8F%E5%B4%B4%E5%9E%8B%E9%8C%84-DM001_%E9%91%BD%E7%9F%B3%E6%8B%8B%E5%85%89%E7%9B%A4-02-scaled.webp\" alt=\"Dysk szlifierski do metalografii Tabela por\u00f3nawcza\" width=\"500\" height=\"674\"><\/a><\/p>\n","protected":false},"excerpt":{"rendered":"<p><a href=\"https:\/\/honwaygroup.com\/wp-content\/uploads\/2024\/09\/%E6%9C%AA%E5%91%BD%E5%90%8D-2_%E5%B7%A5%E4%BD%9C%E5%8D%80%E5%9F%9F-1-1.webp\"><img decoding=\"async\" class=\"alignnone wp-image-43869 size-large\" src=\"https:\/\/honwaygroup.com\/wp-content\/uploads\/2024\/09\/%E6%9C%AA%E5%91%BD%E5%90%8D-2_%E5%B7%A5%E4%BD%9C%E5%8D%80%E5%9F%9F-1-1-1024x654.webp\" alt=\"HW-Piano-dysk szlifierski do metalografii budowa\" width=\"1024\" height=\"654\"><\/a><\/p>\n<p>&nbsp;<\/p>\n<p>\u2022 Zapewnia r\u00f3\u017cne opcje dla materia\u0142\u00f3w o twardo\u015bci HV150-2000.<br \/>\n\u2022 Metale: stal szybkotn\u0105ca, stal stopowa, w\u0119glik spiekany, stal tungstenowa, w\u0119glik wolframu itp.<br \/>\n\u2022 Niemetale: szk\u0142o, ceramika, agatem, kamie\u0144, kamienie szlachetne, jadeit, krzem monokrystaliczny, krzem polikrystaliczny, szk\u0142o kwarcowe, w\u0119glik tytanu, materia\u0142y magnetyczne itp.<\/p>\n<h5><strong><span style=\"color: #ff0000; font-size: 19.2px;\">\u25b2<\/span><\/strong> <strong><span style=\"color: #ff0000; font-size: 19.2px;\">W przypadku zapotrzebowania na niestandardowe rozmiary prosimy o kontakt z obs\u0142ug\u0105 klienta. W celu uzyskania informacji o czas realizacji takiego zam\u00f3wienia r\u00f3wnie\u017c prosimy o kontakt z obs\u0142ug\u0105 klienta.<\/span><\/strong><\/h5>\n<h5><strong><span style=\"color: #ff0000; font-size: 19.2px;\">\u25b2 Przy wi\u0119kszych zam\u00f3wieniach istnieje mo\u017cliwo\u015b\u0107 uzyskania rabatu, prosimy o kontakt z obs\u0142ug\u0105 klienta.<br \/>\n<\/span><\/strong><\/h5>\n<h5><strong><span style=\"color: #ff0000;\">\u25b2 W celu uzyskania informacji o rzeczywistym czasie dostawy prosimy o kontakt z obs\u0142ug\u0105 klienta: <\/span><a href=\"https:\/\/honwaygroup.com\/pl\/skontaktuj-sie-z-nami\/\">Skontaktuj si\u0119 z nami!<\/a><\/strong><\/h5>\n","protected":false},"featured_media":72330,"template":"","meta":{"site-sidebar-layout":"default","site-content-layout":"default","ast-site-content-layout":"default","site-content-style":"default","site-sidebar-style":"default","ast-global-header-display":"","ast-banner-title-visibility":"","ast-main-header-display":"","ast-hfb-above-header-display":"","ast-hfb-below-header-display":"","ast-hfb-mobile-header-display":"","site-post-title":"","ast-breadcrumbs-content":"","ast-featured-img":"","footer-sml-layout":"","ast-disable-related-posts":"","theme-transparent-header-meta":"default","adv-header-id-meta":"","stick-header-meta":"default","header-above-stick-meta":"","header-main-stick-meta":"","header-below-stick-meta":"","astra-migrate-meta-layouts":"set","ast-page-background-enabled":"default","ast-page-background-meta":{"desktop":{"background-color":"var(--ast-global-color-5)","background-image":"","background-repeat":"repeat","background-position":"center center","background-size":"auto","background-attachment":"scroll","background-type":"","background-media":"","overlay-type":"","overlay-color":"","overlay-opacity":"","overlay-gradient":""},"tablet":{"background-color":"","background-image":"","background-repeat":"repeat","background-position":"center center","background-size":"auto","background-attachment":"scroll","background-type":"","background-media":"","overlay-type":"","overlay-color":"","overlay-opacity":"","overlay-gradient":""},"mobile":{"background-color":"","background-image":"","background-repeat":"repeat","background-position":"center center","background-size":"auto","background-attachment":"scroll","background-type":"","background-media":"","overlay-type":"","overlay-color":"","overlay-opacity":"","overlay-gradient":""}},"ast-content-background-meta":{"desktop":{"background-color":"var(--ast-global-color-4)","background-image":"","background-repeat":"repeat","background-position":"center center","background-size":"auto","background-attachment":"scroll","background-type":"","background-media":"","overlay-type":"","overlay-color":"","overlay-opacity":"","overlay-gradient":""},"tablet":{"background-color":"var(--ast-global-color-4)","background-image":"","background-repeat":"repeat","background-position":"center center","background-size":"auto","background-attachment":"scroll","background-type":"","background-media":"","overlay-type":"","overlay-color":"","overlay-opacity":"","overlay-gradient":""},"mobile":{"background-color":"var(--ast-global-color-4)","background-image":"","background-repeat":"repeat","background-position":"center center","background-size":"auto","background-attachment":"scroll","background-type":"","background-media":"","overlay-type":"","overlay-color":"","overlay-opacity":"","overlay-gradient":""}}},"product_brand":[],"product_cat":[3466,3613],"product_tag":[3944,3990,3806],"class_list":{"0":"post-72329","1":"product","2":"type-product","3":"status-publish","4":"has-post-thumbnail","6":"product_cat-materialy-eksploatacyjne-do-metalografii","7":"product_cat-metalograficzne-dyski-szlifierskie","8":"product_tag-diamenty","9":"product_tag-granulowane","10":"product_tag-tarcza","11":"desktop-align-left","12":"tablet-align-left","13":"mobile-align-left","14":"ast-product-gallery-layout-horizontal-slider","15":"ast-product-single-variable","16":"ast-product-tabs-layout-horizontal","18":"first","19":"instock","20":"taxable","21":"shipping-taxable","22":"purchasable","23":"product-type-variable"},"_links":{"self":[{"href":"https:\/\/honwaygroup.com\/pl\/wp-json\/wp\/v2\/product\/72329","targetHints":{"allow":["GET"]}}],"collection":[{"href":"https:\/\/honwaygroup.com\/pl\/wp-json\/wp\/v2\/product"}],"about":[{"href":"https:\/\/honwaygroup.com\/pl\/wp-json\/wp\/v2\/types\/product"}],"version-history":[{"count":0,"href":"https:\/\/honwaygroup.com\/pl\/wp-json\/wp\/v2\/product\/72329\/revisions"}],"wp:featuredmedia":[{"embeddable":true,"href":"https:\/\/honwaygroup.com\/pl\/wp-json\/wp\/v2\/media\/72330"}],"wp:attachment":[{"href":"https:\/\/honwaygroup.com\/pl\/wp-json\/wp\/v2\/media?parent=72329"}],"wp:term":[{"taxonomy":"product_brand","embeddable":true,"href":"https:\/\/honwaygroup.com\/pl\/wp-json\/wp\/v2\/product_brand?post=72329"},{"taxonomy":"product_cat","embeddable":true,"href":"https:\/\/honwaygroup.com\/pl\/wp-json\/wp\/v2\/product_cat?post=72329"},{"taxonomy":"product_tag","embeddable":true,"href":"https:\/\/honwaygroup.com\/pl\/wp-json\/wp\/v2\/product_tag?post=72329"}],"curies":[{"name":"wp","href":"https:\/\/api.w.org\/{rel}","templated":true}]}}