{"id":71109,"date":"2024-07-31T14:18:47","date_gmt":"2024-07-31T06:18:47","guid":{"rendered":"https:\/\/honwaygroup.com\/?post_type=product&#038;p=71109"},"modified":"2026-01-27T11:24:38","modified_gmt":"2026-01-27T03:24:38","slug":"pasta-do-polerowania-tlenkiem-aluminium","status":"publish","type":"product","link":"https:\/\/honwaygroup.com\/pl\/produkt\/pasta-do-polerowania-tlenkiem-aluminium\/","title":{"rendered":"Pasta polerska z tlenkiem glinu 5ml"},"content":{"rendered":"<h1>Pasta polerska z tlenkiem glinu<\/h1>\n<p><a href=\"https:\/\/zh.m.wikipedia.org\/zh-tw\/%E5%89%9B%E7%8E%89\" rel=\"nofollow noopener\" target=\"_blank\">Bia\u0142y tlenek glinu<\/a> jest wytwarzany z wysokiej jako\u015bci proszku tlenku glinu poprzez elektrotopienie i krystalizacj\u0119. Charakteryzuje si\u0119 wysok\u0105 czysto\u015bci\u0105, dobrymi w\u0142a\u015bciwo\u015bciami samoostrz\u0105cymi, odporno\u015bci\u0105 na korozj\u0119 kwasow\u0105 i alkaliczn\u0105, odporno\u015bci\u0105 na wysokie temperatury oraz stabilnymi w\u0142a\u015bciwo\u015bciami termicznymi. Jego twardo\u015b\u0107 jest nieco wy\u017csza ni\u017c br\u0105zowego tlenku glinu, a wytrzyma\u0142o\u015b\u0107 nieco ni\u017csza. Charakteryzuje si\u0119 wysok\u0105 czysto\u015bci\u0105, dobrymi w\u0142a\u015bciwo\u015bciami samoostrz\u0105cymi, dobr\u0105 \u015bcieralno\u015bci\u0105, nisk\u0105 emisj\u0105 ciep\u0142a, wysok\u0105 wydajno\u015bci\u0105, odporno\u015bci\u0105 na korozj\u0119 kwasow\u0105 i alkaliczn\u0105 oraz dobr\u0105 stabilno\u015bci\u0105 termiczn\u0105 w wysokich temperaturach. Nadaje si\u0119 do szlifowania drobnych materia\u0142\u00f3w \u015bciernych, takich jak stal wysokow\u0119glowa, stal szybkotn\u0105ca i stal nierdzewna, a tak\u017ce mo\u017ce by\u0107 stosowany w odlewnictwie precyzyjnym i zaawansowanych materia\u0142ach ogniotrwa\u0142ych.<\/p>\n<p>Jego narz\u0119dzia \u015bcierne nadaj\u0105 si\u0119 do szlifowania materia\u0142\u00f3w o du\u017cej twardo\u015bci i wytrzyma\u0142o\u015bci na rozci\u0105ganie, takich jak stal w\u0119glowa, stal szybkotn\u0105ca czy stal hartowana. Mo\u017ce r\u00f3wnie\u017c by\u0107 stosowany jako materia\u0142 do polerowania i szlifowania. Jest wykorzystywany w odlewnictwie precyzyjnym, materia\u0142ach do natrysku, no\u015bnikach katalizator\u00f3w chemicznych, specjalnych ceramikach, tarczach \u015bciernych, w procesie produkcji stali oraz w produkcji zaawansowanych materia\u0142\u00f3w ogniotrwa\u0142ych.<br \/>Charakteryzuje si\u0119 siln\u0105 zdolno\u015bci\u0105 ci\u0119cia, dobr\u0105 stabilno\u015bci\u0105 chemiczn\u0105 oraz doskona\u0142ymi w\u0142a\u015bciwo\u015bciami izolacyjnymi.   <\/p>\n<h2>Cechy produktu:<\/h2>\n<ul>\n<li>Dzi\u0119ki wysokiej twardo\u015bci, dobrym w\u0142a\u015bciwo\u015bciom mechanicznym i stabilno\u015bci chemicznej pasta polerska na bazie tlenku glinu zapewnia doskona\u0142y efekt polerowania i nadaje si\u0119 do r\u00f3\u017cnych typ\u00f3w polerowania powierzchni.<\/li>\n<li>Posiada dobr\u0105 odporno\u015b\u0107 na zu\u017cycie i zachowuje stabilny efekt polerowania podczas wielokrotnego u\u017cytku.<\/li>\n<li>kuliste cz\u0105steczki tlenku glinu maj\u0105 w\u0142a\u015bciwo\u015bci regeneracyjne, kt\u00f3re pozwalaj\u0105 na popraw\u0119 \u015blad\u00f3w polerowania na powierzchni, zmniejszenie chropowato\u015bci i uzyskanie bardziej l\u015bni\u0105cej powierzchni<\/li>\n<li>przewag\u0105 jest niski koszt u\u017cycia<\/li>\n<li>Zaleca si\u0119 stosowanie go do czyszczenia powierzchni po zastosowaniu og\u00f3lnej pasty diamentowej.<\/li>\n<li>Je\u017celi wymagany jest wy\u017cszy stopie\u0144 polerowania powierzchni, zaleca si\u0119 zastosowanie produkt\u00f3w z serii Nano Diamond.<\/li>\n<\/ul>\n<h2>Zakres zastosowania:<\/h2>\n<ul>\n<li>przeznaczone do polerowania ko\u0144cowego r\u00f3\u017cnych metali, precyzyjnych form, szafir\u00f3w, stop\u00f3w aluminium, ceramiki i innych materia\u0142\u00f3w<\/li>\n<li>Zaleca si\u0119 stosowanie pasty diamentowej o tej samej klasie \u015bcierno\u015bci co ostatnio u\u017cywana lub o drobniejszej ziarnisto\u015bci.<\/li>\n<\/ul>\n<h2>Specyfikacja produktu:<\/h2>\n<div>\n<table border=\"0\" cellspacing=\"3\" cellpadding=\"5\" align=\"center\">\n<tbody>\n<tr>\n<td><strong>Al<sub>2<\/sub>O<sub>3<\/sub><\/strong><\/td>\n<td><strong>Na<sub>2<\/sub>O<\/strong><\/td>\n<td><strong>SiO<sub>2<\/sub><\/strong><\/td>\n<td><strong>Fe<sub>2<\/sub>O<sub>3<\/sub><\/strong><\/td>\n<td><strong>CaO+MgO<\/strong><\/td>\n<\/tr>\n<tr>\n<td><strong>99.6%<\/strong><\/td>\n<td><strong>0.18%<\/strong><\/td>\n<td><strong>0.01%<\/strong><\/td>\n<td><strong>0.02%<\/strong><\/td>\n<td><strong>0.02%<\/strong><\/td>\n<\/tr>\n<\/tbody>\n<\/table>\n<div>\n<div align=\"center\">\n<figure id=\"attachment_138783\" aria-describedby=\"caption-attachment-138783\" style=\"width: 487px\" class=\"wp-caption alignnone\"><a href=\"https:\/\/honwaygroup.com\/wp-content\/uploads\/2024\/07\/%E5%AE%98%E7%B6%B2%E5%9C%96-05-1.webp\"><img fetchpriority=\"high\" decoding=\"async\" class=\" wp-image-39862\" src=\"https:\/\/honwaygroup.com\/wp-content\/uploads\/2024\/07\/%E5%AE%98%E7%B6%B2%E5%9C%96-05-1.webp\" alt=\"Specyfikacje pasty polerskiej z tlenkiem glinu\" width=\"487\" height=\"333\"><\/a><figcaption id=\"caption-attachment-138783\" class=\"wp-caption-text\">Specyfikacje pasty polerskiej z tlenkiem glinu<\/figcaption><\/figure>\n<\/div>\n<\/div>\n<div><strong>\u21d2Minimalna ilo\u015b\u0107 zam\u00f3wienia: 5 ml<\/strong><\/div>\n<div><\/div>\n<\/div>\n<p>Masz pytanie? <a href=\"https:\/\/honwaygroup.com\/pl\/skontaktuj-sie-z-nami\/\">Skontaktuj si\u0119 z nami!<\/a><\/p>\n","protected":false},"excerpt":{"rendered":"<ul>\n<li>Dzi\u0119ki wysokiej twardo\u015bci, dobrym w\u0142a\u015bciwo\u015bciom mechanicznym i stabilno\u015bci chemicznej pasta polerska na bazie tlenku glinu zapewnia doskona\u0142y efekt polerowania i nadaje si\u0119 do r\u00f3\u017cnych typ\u00f3w polerowania powierzchni.<\/li>\n<li>Posiada dobr\u0105 odporno\u015b\u0107 na zu\u017cycie i zachowuje stabilny efekt polerowania podczas wielokrotnego u\u017cytku.<\/li>\n<li>Zaleca si\u0119 stosowanie go do czyszczenia powierzchni po zastosowaniu og\u00f3lnej pasty diamentowej.<\/li>\n<li>przeznaczone do polerowania ko\u0144cowego r\u00f3\u017cnych metali, precyzyjnych form, szafir\u00f3w, stop\u00f3w aluminium, ceramiki i innych materia\u0142\u00f3w<\/li>\n<li>Zaleca si\u0119 stosowanie pasty diamentowej o tej samej klasie \u015bcierno\u015bci co ostatnio u\u017cywana lub o drobniejszej ziarnisto\u015bci.<\/li>\n<\/ul>\n<h5><strong><span style=\"color: #ff0000; font-size: 19.2px;\">\u25b2 Przy wi\u0119kszych zam\u00f3wieniach istnieje mo\u017cliwo\u015b\u0107 uzyskania rabatu, prosimy o kontakt z obs\u0142ug\u0105 klienta.<br \/>\n<\/span><\/strong><\/h5>\n<h5><strong><span style=\"color: #ff0000; font-size: 19.2px;\">\u25b2<\/span><span style=\"color: #ff0000; font-size: 19.2px;\">Czas dostawy zam\u00f3wie\u0144<\/span> <span style=\"color: #ff0000;\">na Tajwan wynosi<\/span> <span style=\"color: #ff0000; font-size: 19.2px;\">oko\u0142o 7\u201314 dni roboczych<\/span><\/strong><\/h5>\n<h5><strong><span style=\"color: #ff0000; font-size: 19.2px;\">\u25b2<\/span><span style=\"color: #ff0000;\">Czas realizacji wysy\u0142ki mi\u0119dzynarodowej wynosi 7-14 dni, natomiast rzeczywisty czas dostawy zale\u017cy od danej firmy kurierskiej.<\/span><\/strong><\/h5>\n<p>&nbsp;<\/p>\n","protected":false},"featured_media":71110,"template":"","meta":{"site-sidebar-layout":"default","site-content-layout":"default","ast-site-content-layout":"default","site-content-style":"default","site-sidebar-style":"default","ast-global-header-display":"","ast-banner-title-visibility":"","ast-main-header-display":"","ast-hfb-above-header-display":"","ast-hfb-below-header-display":"","ast-hfb-mobile-header-display":"","site-post-title":"","ast-breadcrumbs-content":"","ast-featured-img":"","footer-sml-layout":"","ast-disable-related-posts":"","theme-transparent-header-meta":"default","adv-header-id-meta":"","stick-header-meta":"default","header-above-stick-meta":"","header-main-stick-meta":"","header-below-stick-meta":"","astra-migrate-meta-layouts":"set","ast-page-background-enabled":"default","ast-page-background-meta":{"desktop":{"background-color":"var(--ast-global-color-5)","background-image":"","background-repeat":"repeat","background-position":"center center","background-size":"auto","background-attachment":"scroll","background-type":"","background-media":"","overlay-type":"","overlay-color":"","overlay-opacity":"","overlay-gradient":""},"tablet":{"background-color":"","background-image":"","background-repeat":"repeat","background-position":"center center","background-size":"auto","background-attachment":"scroll","background-type":"","background-media":"","overlay-type":"","overlay-color":"","overlay-opacity":"","overlay-gradient":""},"mobile":{"background-color":"","background-image":"","background-repeat":"repeat","background-position":"center center","background-size":"auto","background-attachment":"scroll","background-type":"","background-media":"","overlay-type":"","overlay-color":"","overlay-opacity":"","overlay-gradient":""}},"ast-content-background-meta":{"desktop":{"background-color":"var(--ast-global-color-4)","background-image":"","background-repeat":"repeat","background-position":"center center","background-size":"auto","background-attachment":"scroll","background-type":"","background-media":"","overlay-type":"","overlay-color":"","overlay-opacity":"","overlay-gradient":""},"tablet":{"background-color":"var(--ast-global-color-4)","background-image":"","background-repeat":"repeat","background-position":"center center","background-size":"auto","background-attachment":"scroll","background-type":"","background-media":"","overlay-type":"","overlay-color":"","overlay-opacity":"","overlay-gradient":""},"mobile":{"background-color":"var(--ast-global-color-4)","background-image":"","background-repeat":"repeat","background-position":"center center","background-size":"auto","background-attachment":"scroll","background-type":"","background-media":"","overlay-type":"","overlay-color":"","overlay-opacity":"","overlay-gradient":""}}},"product_brand":[],"product_cat":[3492,3560,3508,3606,3504,3494,3557],"product_tag":[3713,3756],"class_list":{"0":"post-71109","1":"product","2":"type-product","3":"status-publish","4":"has-post-thumbnail","6":"product_cat-surowce-chemiczne","7":"product_cat-materialy-polerskie","8":"product_cat-pasty","9":"product_cat-pasta-szlifierska","10":"product_cat-postac-surowca","11":"product_cat-tlenki","12":"product_cat-typ-zastosowania","13":"product_tag-pasty-polerskie","14":"product_tag-tlenek-glinu","15":"desktop-align-left","16":"tablet-align-left","17":"mobile-align-left","18":"ast-product-gallery-layout-horizontal-slider","19":"ast-product-gallery-with-no-image","20":"ast-product-single-variable","21":"ast-product-tabs-layout-horizontal","23":"first","24":"instock","25":"taxable","26":"shipping-taxable","27":"purchasable","28":"product-type-variable"},"_links":{"self":[{"href":"https:\/\/honwaygroup.com\/pl\/wp-json\/wp\/v2\/product\/71109","targetHints":{"allow":["GET"]}}],"collection":[{"href":"https:\/\/honwaygroup.com\/pl\/wp-json\/wp\/v2\/product"}],"about":[{"href":"https:\/\/honwaygroup.com\/pl\/wp-json\/wp\/v2\/types\/product"}],"version-history":[{"count":0,"href":"https:\/\/honwaygroup.com\/pl\/wp-json\/wp\/v2\/product\/71109\/revisions"}],"wp:featuredmedia":[{"embeddable":true,"href":"https:\/\/honwaygroup.com\/pl\/wp-json\/wp\/v2\/media\/71110"}],"wp:attachment":[{"href":"https:\/\/honwaygroup.com\/pl\/wp-json\/wp\/v2\/media?parent=71109"}],"wp:term":[{"taxonomy":"product_brand","embeddable":true,"href":"https:\/\/honwaygroup.com\/pl\/wp-json\/wp\/v2\/product_brand?post=71109"},{"taxonomy":"product_cat","embeddable":true,"href":"https:\/\/honwaygroup.com\/pl\/wp-json\/wp\/v2\/product_cat?post=71109"},{"taxonomy":"product_tag","embeddable":true,"href":"https:\/\/honwaygroup.com\/pl\/wp-json\/wp\/v2\/product_tag?post=71109"}],"curies":[{"name":"wp","href":"https:\/\/api.w.org\/{rel}","templated":true}]}}