{"id":71037,"date":"2024-09-26T11:53:07","date_gmt":"2024-09-26T03:53:07","guid":{"rendered":"https:\/\/honwaygroup.com\/product\/hw402-poliuretan-podkladka-polerska-sukno-polerskie-do-metalografii-z-opcja-na-wymiar\/"},"modified":"2025-02-24T16:39:21","modified_gmt":"2025-02-24T08:39:21","slug":"hw402-poliuretan-podkladka-polerska-sukno-polerskie-do-metalografii-z-opcja-na-wymiar","status":"publish","type":"product","link":"https:\/\/honwaygroup.com\/pl\/produkt\/hw402-poliuretan-podkladka-polerska-sukno-polerskie-do-metalografii-z-opcja-na-wymiar\/","title":{"rendered":"HW402-poliuretan-podk\u0142adka polerska\/sukno polerskie do metalografii (z opcj\u0105 na wymiar)"},"content":{"rendered":"<h1>HW402-poliuretan-podk\u0142adka polerska\/sukno polerskie do metalografii<\/h1>\n<h1>Cechy produktu<\/h1>\n<p>Polerowanie ma na celu usuni\u0119cie drobnych zadrapa\u0144 i \u015blad\u00f3w szlifowania z powierzchni pr\u00f3bki, aby uzyska\u0107 g\u0142adk\u0105 i b\u0142yszcz\u0105c\u0105 powierzchni\u0119. Aby zwi\u0119kszy\u0107 wydajno\u015b\u0107, mo\u017cna u\u017cy\u0107 r\u00f3wnie\u017c r\u00f3\u017cnych produkt\u00f3w polerskich HonWay, takichi jak zawiesina diamentowa, pasta diamentowa, zawiesina do polerowania z tlenkiem ceru, zawiesina do polerowania z tlenkiem glinu itp.<\/p>\n<p>Zaleca si\u0119 wsp\u00f3lne u\u017cytkowanie z materia\u0142ami \u015bciernymi \u22641.5um, odpowiednie do polerowania \u015bredniozaawansowanego.<\/p>\n<ul>\n<li>Seria podk\u0142adek polerskich i szlifierskich z poliuretanu wykonana jest z materia\u0142u syntetycznego o wysokiej r\u00f3wno\u015bci, posiadaj\u0105crgo porowat\u0105 struktur\u0119. Produkt charakteryzuje si\u0119 g\u0142adk\u0105 powierzchni\u0105, sk\u0142ada si\u0119 z warstwy polerskiej, warstwy przechowuj\u0105cej \u015bcierniwo oraz warstwy ochronnej. Jest to specjalna struktura pionowych mikropor\u00f3w powsta\u0142a na pod\u0142o\u017cu z poliuretanu.<\/li>\n<li>Ci\u015bnienie mi\u0119dzy obrabianym materia\u0142em a podk\u0142adk\u0105 polersk\u0105 powoduje, \u017ce pionowa struktura mikropor\u00f3w tworzy pomp\u0119, kt\u00f3ra umo\u017cliwia szybki przep\u0142yw \u015bcierniwa, zapewniaj\u0105c doskona\u0142\u0105 jako\u015b\u0107 polerowania powierzchni. Pionowa struktura mikropor\u00f3w zwi\u0119ksza pojemno\u015b\u0107 no\u015bn\u0105 podk\u0142adki polerskiej oraz wyd\u0142u\u017ca jej \u017cywotno\u015b\u0107.<\/li>\n<li>Dost\u0119pne s\u0105 cztery rodzaje: tkanina polerska bez podk\u0142adu samoprzylepnego, tkanina polerska z podk\u0142adem samoprzylepnym, tkanina polerska z gumowym podk\u0142adem magnetycznym oraz tkanina polerska z gumowym podk\u0142adem \u017celaznym.<\/li>\n<li>Tkanina polerska z gumowym podk\u0142adem \u017celaznym jest wykonana z mi\u0119kkiego \u017celaza. W celu zam\u00f3wienia i uzyskania informacji o cenie prosimy o kontakt z dzia\u0142em obs\u0142ugi klienta.<\/li>\n<\/ul>\n<h1>Zakres zastosowa\u0144<\/h1>\n<ul>\n<li>Nadaje si\u0119 do polerowania elektrod ze z\u0142ota, srebra, platyny, grafitu itp.; \u015bwiat\u0142owod\u00f3w, utwardzonych \u017cywic, polerek p\u0142askich, przedmiot\u00f3w z \u017cywicy, wyrob\u00f3w z kryszta\u0142u, mi\u0119kkich metali, szk\u0142a optycznego, p\u00f3\u0142przewodnik\u00f3w elektronicznych, precyzyjnych soczewek optycznych, kryszta\u0142\u00f3w i kamieni szlachetnych, przekroj\u00f3w metalograficznych i innych materia\u0142\u00f3w.<\/li>\n<\/ul>\n<h1>Specyfikacja produktu<\/h1>\n<p>\u015arednica zewn\u0119trzna\uff1a<strong>\u0424127mm(\u04245in).\u0424200mm(\u04248in)<\/strong><strong>.\u0424230mm(\u04249in).\u0424250mm(\u04249.5in).\u0424300mm(\u042412in).\u0424350mm(\u042414in).\u0424380mm(\u042415in)<\/strong><strong style=\"font-size: 16px; font-style: normal;\">.\u0424500mm(\u042420in).\u0424650mm(\u042426in)<span style=\"font-size: 16px;\">inne rozmiary dost\u0119pne na zam\u00f3wienie<\/span><\/strong><\/p>\n<p><span style=\"font-size: 1.7em; font-weight: bold;\">1. Zalety produktu<\/span><\/p>\n<table>\n<tbody>\n<tr>\n<td width=\"184\">Produkty innych marek<\/td>\n<td width=\"184\">Produkt wybrany przez HonWay<\/td>\n<td width=\"184\">Zalety produktu wybranego przez HonWay<\/td>\n<\/tr>\n<tr>\n<td width=\"184\">\n<p style=\"text-align: center;\">Tkanina polerska<\/p>\n<p style=\"text-align: center;\">Warstwa kleju dwustronnego<\/p>\n<p style=\"text-align: center;\">Warstwa papieru separacyjnego<\/p>\n<p>&nbsp;<\/p>\n<p style=\"text-align: center;\">Tylko trzy warstwy<\/p>\n<\/td>\n<td width=\"184\">\n<p style=\"text-align: center;\">Tkanina polerska<\/p>\n<p style=\"text-align: center;\">Warstwa kleju funkcjonalnego<\/p>\n<p style=\"text-align: center;\">Warstwa wzmacniaj\u0105ca<\/p>\n<p style=\"text-align: center;\">Warstwa kleju dwustronnego<\/p>\n<p style=\"text-align: center;\">Warstwa papieru separacyjnego<\/p>\n<\/td>\n<td width=\"184\">\n<p style=\"text-align: center;\">Odporne na zagniecenia<\/p>\n<p style=\"text-align: center;\">Wysoka wodoodporno\u015b\u0107<\/p>\n<p style=\"text-align: center;\">Odporny na odpadanie<\/p>\n<p style=\"text-align: center;\">Wysoki stopie\u0144 r\u00f3wno\u015bci<\/p>\n<p style=\"text-align: center;\">\n<\/td>\n<\/tr>\n<\/tbody>\n<\/table>\n<h2>2. Jak wybra\u0107?<\/h2>\n<pre>\u203b Jak dobra\u0107 rozmiar podk\u0142adki polerskiej? \r\npodk\u0142adka polerska bez kleju &gt; talerz szlifierski \r\npodk\u0142adka polerska z klejem = talerz szlifierski \r\npodk\u0142adka polerska z podk\u0142adem magnetycznym = talerz szlifierski<\/pre>\n<h2>3. Uwagi<\/h2>\n<ol>\n<li>Aby uzyska\u0107 g\u0142adk\u0105 powierzchni\u0119, powierzchnia styku dysku samoprzylepnego i pod\u0142o\u017ca musi by\u0107 p\u0142aska, aby zapewni\u0107 g\u0142adko\u015b\u0107 obrabianego przedmiotu.<\/li>\n<li>Powierzchnia kontaktowa podk\u0142adki polerskiej z maszyn\u0105 musi by\u0107 wyj\u0105tkowo r\u00f3wna, czysta i sucha, aby unikn\u0105\u0107 wp\u0142ywu na r\u00f3wno\u015b\u0107 obrabianego przedmiotu.<\/li>\n<li>Po u\u017cyciu ostro\u017cnie zdejmij, sp\u0142ucz wod\u0105 i wysusz.<\/li>\n<li>Prosz\u0119 nie wygina\u0107 ani nie uszkadza\u0107 podk\u0142adki polerskiej.<\/li>\n<li>Zachowaj ostro\u017cno\u015b\u0107 podczas instalowania i zdejmowania, aby unikn\u0105\u0107 uszkodzenia d\u0142oni spowodowanego przyci\u0105ganiem magnetycznym.<\/li>\n<\/ol>\n<h2>4. Inne<\/h2>\n<p><a href=\"https:\/\/honwaygroup.com\/wp-content\/uploads\/2024\/09\/%E8%81%9A%E6%B0%A8%E9%85%AF%E6%8B%8B%E5%85%89%E5%A2%8A%E5%92%8C%E6%8B%8B%E5%85%89%E7%9A%AE%E7%9A%84%E5%B7%AE%E7%95%B0_%E5%B7%A5%E4%BD%9C%E5%8D%80%E5%9F%9F-1-scaled.jpg\"><img fetchpriority=\"high\" decoding=\"async\" class=\"wp-image-46686 size-full\" src=\"https:\/\/honwaygroup.com\/wp-content\/uploads\/2024\/09\/%E8%81%9A%E6%B0%A8%E9%85%AF%E6%8B%8B%E5%85%89%E5%A2%8A%E5%92%8C%E6%8B%8B%E5%85%89%E7%9A%AE%E7%9A%84%E5%B7%AE%E7%95%B0_%E5%B7%A5%E4%BD%9C%E5%8D%80%E5%9F%9F-1-scaled.jpg\" alt=\"R\u00f3\u017cnice mi\u0119dzy podk\u0142adk\u0105 polersk\u0105 z poliuretanu a sk\u00f3r\u0105 polersk\u0105\" width=\"2560\" height=\"2048\" \/><\/a><\/p>\n<p>&nbsp;<\/p>\n<p><a href=\"https:\/\/honwaygroup.com\/wp-content\/uploads\/2024\/09\/%E8%81%9A%E6%B0%A8%E9%85%AF%E6%8B%8B%E5%85%89%E5%A2%8A%E5%92%8C%E6%8B%8B%E5%85%89%E7%9A%AE%E7%9A%84%E5%B7%AE%E7%95%B0_%E5%B7%A5%E4%BD%9C%E5%8D%80%E5%9F%9F-1-%E8%A4%87%E6%9C%AC-2-scaled.jpg\"><img decoding=\"async\" class=\"wp-image-46690 size-full\" src=\"https:\/\/honwaygroup.com\/wp-content\/uploads\/2024\/09\/%E8%81%9A%E6%B0%A8%E9%85%AF%E6%8B%8B%E5%85%89%E5%A2%8A%E5%92%8C%E6%8B%8B%E5%85%89%E7%9A%AE%E7%9A%84%E5%B7%AE%E7%95%B0_%E5%B7%A5%E4%BD%9C%E5%8D%80%E5%9F%9F-1-%E8%A4%87%E6%9C%AC-2-scaled.jpg\" alt=\"Struktura podk\u0142adki poliuretanowej\" width=\"2560\" height=\"2048\" \/><\/a><\/p>\n","protected":false},"excerpt":{"rendered":"<p>\u2022 Zaleca si\u0119 wsp\u00f3lne u\u017cytkowanie z materia\u0142ami \u015bciernymi \u22641.5um, odpowiednie do polerowania \u015bredniozaawansowanego.<\/p>\n<p>\u2022 Seria podk\u0142adek polerskich i szlifierskich z poliuretanu wykonana jest z materia\u0142u syntetycznego o wysokiej r\u00f3wno\u015bci, posiadaj\u0105crgo porowat\u0105 struktur\u0119. Produkt charakteryzuje si\u0119 g\u0142adk\u0105 powierzchni\u0105, sk\u0142ada si\u0119 z warstwy polerskiej, warstwy przechowuj\u0105cej \u015bcierniwo oraz warstwy ochronnej. Jest to specjalna struktura pionowych mikropor\u00f3w powsta\u0142a na pod\u0142o\u017cu z poliuretanu.<\/p>\n<p>\u2022 Ci\u015bnienie mi\u0119dzy obrabianym materia\u0142em a podk\u0142adk\u0105 polersk\u0105 powoduje, \u017ce pionowa struktura mikropor\u00f3w tworzy pomp\u0119, kt\u00f3ra umo\u017cliwia szybki przep\u0142yw \u015bcierniwa, zapewniaj\u0105c doskona\u0142\u0105 jako\u015b\u0107 polerowania powierzchni. Pionowa struktura mikropor\u00f3w zwi\u0119ksza pojemno\u015b\u0107 no\u015bn\u0105 podk\u0142adki polerskiej oraz wyd\u0142u\u017ca jej \u017cywotno\u015b\u0107.<\/p>\n<p>\u2022 Dost\u0119pne s\u0105 cztery rodzaje: tkanina polerska bez podk\u0142adu samoprzylepnego, tkanina polerska z podk\u0142adem samoprzylepnym, tkanina polerska z gumowym podk\u0142adem magnetycznym oraz tkanina polerska z gumowym podk\u0142adem \u017celaznym.<\/p>\n<p>\u2022 Tkanina polerska z gumowym podk\u0142adem \u017celaznym jest wykonana z mi\u0119kkiego \u017celaza. W celu zam\u00f3wienia i uzyskania informacji o cenie prosimy o kontakt z dzia\u0142em obs\u0142ugi klienta.<\/p>\n<h5><strong><span style=\"color: #ff0000; font-size: 19.2px;\">\u25b2Ceny produkt\u00f3w zawieraj\u0105 podatek (wy\u0142\u0105cznie na Tajwanie)<br \/>\n\u25b2Ceny produkt\u00f3w nie zawieraj\u0105 podatku VAT oraz op\u0142at celnych<br \/>\n\u25b2 W przypadku zapotrzebowania na niestandardowe rozmiary prosimy o kontakt z obs\u0142ug\u0105 klienta<br \/>\n\u25b2 Przy wi\u0119kszych zam\u00f3wieniach istnieje mo\u017cliwo\u015b\u0107 uzyskania rabatu, prosimy o kontakt z obs\u0142ug\u0105 klienta.<br \/>\n<\/span><\/strong><\/h5>\n<h5><span style=\"color: #ff0000;\"><b>\u25b2 W celu uzyskania informacji o rzeczywistym czasie dostawy prosimy o kontakt z obs\u0142ug\u0105 klienta:<\/b><\/span> <a href=\"https:\/\/honwaygroup.com\/pl\/skontaktuj-sie-z-nami\/\"><b>Skontaktuj si\u0119 z nami!<\/b><\/a><\/h5>\n<h5><\/h5>\n<p>&nbsp;<\/p>\n","protected":false},"featured_media":71038,"template":"","meta":{"site-sidebar-layout":"default","site-content-layout":"default","ast-site-content-layout":"default","site-content-style":"default","site-sidebar-style":"default","ast-global-header-display":"","ast-banner-title-visibility":"","ast-main-header-display":"","ast-hfb-above-header-display":"","ast-hfb-below-header-display":"","ast-hfb-mobile-header-display":"","site-post-title":"","ast-breadcrumbs-content":"","ast-featured-img":"","footer-sml-layout":"","ast-disable-related-posts":"","theme-transparent-header-meta":"default","adv-header-id-meta":"","stick-header-meta":"","header-above-stick-meta":"","header-main-stick-meta":"","header-below-stick-meta":"","astra-migrate-meta-layouts":"set","ast-page-background-enabled":"default","ast-page-background-meta":{"desktop":{"background-color":"var(--ast-global-color-5)","background-image":"","background-repeat":"repeat","background-position":"center center","background-size":"auto","background-attachment":"scroll","background-type":"","background-media":"","overlay-type":"","overlay-color":"","overlay-opacity":"","overlay-gradient":""},"tablet":{"background-color":"","background-image":"","background-repeat":"repeat","background-position":"center center","background-size":"auto","background-attachment":"scroll","background-type":"","background-media":"","overlay-type":"","overlay-color":"","overlay-opacity":"","overlay-gradient":""},"mobile":{"background-color":"","background-image":"","background-repeat":"repeat","background-position":"center center","background-size":"auto","background-attachment":"scroll","background-type":"","background-media":"","overlay-type":"","overlay-color":"","overlay-opacity":"","overlay-gradient":""}},"ast-content-background-meta":{"desktop":{"background-color":"var(--ast-global-color-4)","background-image":"","background-repeat":"repeat","background-position":"center center","background-size":"auto","background-attachment":"scroll","background-type":"","background-media":"","overlay-type":"","overlay-color":"","overlay-opacity":"","overlay-gradient":""},"tablet":{"background-color":"var(--ast-global-color-4)","background-image":"","background-repeat":"repeat","background-position":"center center","background-size":"auto","background-attachment":"scroll","background-type":"","background-media":"","overlay-type":"","overlay-color":"","overlay-opacity":"","overlay-gradient":""},"mobile":{"background-color":"var(--ast-global-color-4)","background-image":"","background-repeat":"repeat","background-position":"center center","background-size":"auto","background-attachment":"scroll","background-type":"","background-media":"","overlay-type":"","overlay-color":"","overlay-opacity":"","overlay-gradient":""}}},"product_brand":[],"product_cat":[3466,3612],"product_tag":[3709,3852,3710],"class_list":{"0":"post-71037","1":"product","2":"type-product","3":"status-publish","4":"has-post-thumbnail","6":"product_cat-materialy-eksploatacyjne-do-metalografii","7":"product_cat-podkladki-polerskie-do-metalografii","8":"product_tag-podkladka-polerska","9":"product_tag-poliuretan","10":"product_tag-sukno-polerskie","11":"desktop-align-left","12":"tablet-align-left","13":"mobile-align-left","14":"ast-product-gallery-layout-horizontal-slider","15":"ast-product-single-variable","16":"ast-product-tabs-layout-horizontal","18":"first","19":"instock","20":"taxable","21":"shipping-taxable","22":"purchasable","23":"product-type-variable"},"_links":{"self":[{"href":"https:\/\/honwaygroup.com\/pl\/wp-json\/wp\/v2\/product\/71037","targetHints":{"allow":["GET"]}}],"collection":[{"href":"https:\/\/honwaygroup.com\/pl\/wp-json\/wp\/v2\/product"}],"about":[{"href":"https:\/\/honwaygroup.com\/pl\/wp-json\/wp\/v2\/types\/product"}],"version-history":[{"count":0,"href":"https:\/\/honwaygroup.com\/pl\/wp-json\/wp\/v2\/product\/71037\/revisions"}],"wp:featuredmedia":[{"embeddable":true,"href":"https:\/\/honwaygroup.com\/pl\/wp-json\/wp\/v2\/media\/71038"}],"wp:attachment":[{"href":"https:\/\/honwaygroup.com\/pl\/wp-json\/wp\/v2\/media?parent=71037"}],"wp:term":[{"taxonomy":"product_brand","embeddable":true,"href":"https:\/\/honwaygroup.com\/pl\/wp-json\/wp\/v2\/product_brand?post=71037"},{"taxonomy":"product_cat","embeddable":true,"href":"https:\/\/honwaygroup.com\/pl\/wp-json\/wp\/v2\/product_cat?post=71037"},{"taxonomy":"product_tag","embeddable":true,"href":"https:\/\/honwaygroup.com\/pl\/wp-json\/wp\/v2\/product_tag?post=71037"}],"curies":[{"name":"wp","href":"https:\/\/api.w.org\/{rel}","templated":true}]}}