{"id":70727,"date":"2024-09-26T17:54:03","date_gmt":"2024-09-26T09:54:03","guid":{"rendered":"https:\/\/honwaygroup.com\/product\/hw350-tlenek-cyrkonu-podkladka-polerska-sukno-polerskie-do-metalografii-z-opcja-na-wymiar\/"},"modified":"2025-02-24T16:27:45","modified_gmt":"2025-02-24T08:27:45","slug":"hw350-tlenek-cyrkonu-podkladka-polerska-sukno-polerskie-do-metalografii-z-opcja-na-wymiar","status":"publish","type":"product","link":"https:\/\/honwaygroup.com\/pl\/produkt\/hw350-tlenek-cyrkonu-podkladka-polerska-sukno-polerskie-do-metalografii-z-opcja-na-wymiar\/","title":{"rendered":"HW350-tlenek cyrkonu-podk\u0142adka polerska\/sukno polerskie do metalografii (z opcj\u0105 na wymiar)"},"content":{"rendered":"<h1>HW350-tlenek cyrkonu-podk\u0142adka polerska\/sukno polerskie do metalografii<br \/>\nCechy produktu:<\/h1>\n<p>Polerowanie ma na celu usuni\u0119cie drobnych zadrapa\u0144 i \u015blad\u00f3w szlifowania z powierzchni pr\u00f3bki, aby uzyska\u0107 g\u0142adk\u0105 i b\u0142yszcz\u0105c\u0105 powierzchni\u0119. Aby zwi\u0119kszy\u0107 wydajno\u015b\u0107, mo\u017cna u\u017cy\u0107 go z r\u00f3\u017cnymi produktami polerskimi HonWay, takimi jak zawiesina diamentowa, pasta diamentowa, zawiesina do polerowania tlenkiem ceru, zawiesina do polerowania krzemionk\u0105 koloidaln\u0105 itp.<\/p>\n<p>Zalecany materia\u0142 \u015bcierny 6-9 \u03bcm, odpowiedni do polerowania \u015bredniozaawansowanego.<\/p>\n<ul>\n<li>Wysoki stopie\u0144 r\u00f3wno\u015bci, wysoka odporno\u015b\u0107 na zu\u017cycie, wysoki po\u0142ysk.<\/li>\n<li>Dost\u0119pne s\u0105 cztery rodzaje: tkanina polerska bez podk\u0142adu samoprzylepnego, tkanina polerska z podk\u0142adem samoprzylepnym, tkanina polerska z gumowym podk\u0142adem magnetycznym oraz tkanina polerska z gumowym podk\u0142adem \u017celaznym.<\/li>\n<li>Tkanina polerska z gumowym podk\u0142adem \u017celaznym jest wykonana z mi\u0119kkiego \u017celaza. W celu zam\u00f3wienia i uzyskania informacji o cenie prosimy o kontakt z dzia\u0142em obs\u0142ugi klienta.<\/li>\n<li>Produkt dost\u0119pny w dw\u00f3ch wersjach: z wg\u0142\u0119bieniami i bez wg\u0142\u0119bie\u0144.<\/li>\n<\/ul>\n<h1>Specyfikacja wg\u0142\u0119bie\u0144<\/h1>\n<table style=\"height: 255px;\" width=\"554\">\n<tbody>\n<tr>\n<td width=\"138\">Grubo\u015b\u0107<\/td>\n<td width=\"138\">\n<p style=\"text-align: center;\">\u20220.5-5.0mm<\/p>\n<p style=\"text-align: center;\">\u2022 Standardowa g\u0142\u0119boko\u015b\u0107 to 2.0mm<\/p>\n<\/td>\n<\/tr>\n<tr>\n<td width=\"138\">Szeroko\u015b\u0107 wg\u0142\u0119bie\u0144<\/td>\n<td width=\"138\">\n<p style=\"text-align: center;\">2.0\u00b10.2mm<\/p>\n<\/td>\n<\/tr>\n<tr>\n<td style=\"text-align: left;\" width=\"138\">G\u0142\u0119boko\u015b\u0107<\/td>\n<td width=\"138\">\n<p style=\"text-align: center;\">0.9\u00b10.2mm<\/p>\n<\/td>\n<\/tr>\n<tr>\n<td width=\"138\">Wymiary siatki<\/td>\n<td width=\"138\">\n<p style=\"text-align: center;\">18\u00b10.2mm<\/p>\n<\/td>\n<\/tr>\n<\/tbody>\n<\/table>\n<h1>Zakres zastosowa\u0144<\/h1>\n<ul>\n<li>Nadaje si\u0119 do precyzyjnego polerowania powierzchni r\u00f3\u017cnych materia\u0142\u00f3w szklanych, takich jak wyroby szklane, soczewki optyczne, szk\u0142o zegark\u00f3w, p\u00f3\u0142przewodniki, precyzyjne instrumenty optyczne, pod\u0142o\u017ca LED, wafle krzemowe, kamienie szlachetne, elementy szklane z kryszta\u0142u, precyzyjne soczewki optyczne, soczewki okularowe, koperty zegark\u00f3w i inne materia\u0142y szklane.<\/li>\n<\/ul>\n<h1>Specyfikacja produktu<\/h1>\n<p>\u015arednica zewn\u0119trzna\uff1a<strong>\u0424200mm(\u04248in)<\/strong>.<strong>\u0424230mm(\u04249in).\u0424250mm(\u04249.5in).\u0424300mm(\u042412in).\u0424350mm(\u042414in).\u0424380mm(\u042415in) <\/strong>inne rozmiary dost\u0119pne na zam\u00f3wienie<\/p>\n<p>\u203b Przy zapotrzebowaniu na niestandardowe rozmiary prosimy o kontakt z obs\u0142ug\u0105 klienta\uff0crozmiary do maksymalnie <strong>\u00d8990mm\u3002<\/strong><\/p>\n<p><span style=\"font-size: 1.7em; font-weight: bold;\">1. Zalety produktu<\/span><\/p>\n<table>\n<tbody>\n<tr>\n<td width=\"184\">Produkt innej marki<\/td>\n<td width=\"184\">Produkt wybrany przez HonWay<\/td>\n<td width=\"184\">Zalety produktu wybranego przez HonWay<\/td>\n<\/tr>\n<tr>\n<td width=\"184\">\n<p style=\"text-align: center;\">Tkanina polerska<\/p>\n<p style=\"text-align: center;\">Warstwa kleju dwustronnego<\/p>\n<p style=\"text-align: center;\">Warstwa papieru separacyjnego<\/p>\n<p>&nbsp;<\/p>\n<p style=\"text-align: center;\">Tylko trzy warstwy<\/p>\n<\/td>\n<td width=\"184\">\n<p style=\"text-align: center;\">Tkanina polerska<\/p>\n<p style=\"text-align: center;\">Warstwa kleju funkcjonalnego<\/p>\n<p style=\"text-align: center;\">Warstwa wzmacniaj\u0105ca<\/p>\n<p style=\"text-align: center;\">Warstwa kleju dwustronnego<\/p>\n<p style=\"text-align: center;\">Warstwa papieru separacyjnego<\/p>\n<\/td>\n<td width=\"184\">\n<p style=\"text-align: center;\">Odporne na zagniecenia<\/p>\n<p style=\"text-align: center;\">Wysoka wodoodporno\u015b\u0107<\/p>\n<p style=\"text-align: center;\">Odporny na odpadanie<\/p>\n<p style=\"text-align: center;\">Wysoki stopie\u0144 r\u00f3wno\u015bci<\/p>\n<p style=\"text-align: center;\">\n<\/td>\n<\/tr>\n<\/tbody>\n<\/table>\n<h2>2. Jak wybra\u0107?<\/h2>\n<pre>\u203b Jak dobra\u0107 rozmiar podk\u0142adki polerskiej?\r\npodk\u0142adka polerska bez kleju &gt; talerz szlifierski\r\npodk\u0142adka polerska z klejem = talerz szlifierski\r\npodk\u0142adka polerska z podk\u0142adem magnetycznym = talerz szlifierski<\/pre>\n<h2>3. Uwagi<\/h2>\n<ol>\n<li>Aby uzyska\u0107 g\u0142adk\u0105 powierzchni\u0119, powierzchnia styku dysku samoprzylepnego i pod\u0142o\u017ca musi by\u0107 p\u0142aska, aby zapewni\u0107 g\u0142adko\u015b\u0107 obrabianego przedmiotu.<\/li>\n<li>Powierzchnia kontaktowa podk\u0142adki polerskiej z maszyn\u0105 musi by\u0107 wyj\u0105tkowo r\u00f3wna, czysta i sucha, aby unikn\u0105\u0107 wp\u0142ywu na r\u00f3wno\u015b\u0107 obrabianego przedmiotu.<\/li>\n<li>Po u\u017cyciu ostro\u017cnie zdejmij, sp\u0142ucz wod\u0105 i wysusz.<\/li>\n<li>Prosz\u0119 nie wygina\u0107 ani nie uszkadza\u0107 podk\u0142adki polerskiej.<\/li>\n<li>Zachowaj ostro\u017cno\u015b\u0107 podczas instalowania i zdejmowania, aby unikn\u0105\u0107 uszkodzenia d\u0142oni spowodowanego przyci\u0105ganiem magnetycznym.<\/li>\n<\/ol>\n<p>&nbsp;<\/p>\n<p>&nbsp;<\/p>\n","protected":false},"excerpt":{"rendered":"<p>\u2022 Zalecany materia\u0142 \u015bcierny \u22652 \u03bcm, odpowiedni do polerowaniaprecyzyjnego.<\/p>\n<p>\u2022 Wysoki stopie\u0144 r\u00f3wno\u015bci, odporno\u015b\u0107 na zu\u017cycie, wysoki stopie\u0144 czysto\u015bci.<\/p>\n<p>\u2022 Dost\u0119pne s\u0105 cztery rodzaje: tkanina polerska bez podk\u0142adu samoprzylepnego, tkanina polerska z podk\u0142adem samoprzylepnym, tkanina polerska z gumowym podk\u0142adem magnetycznym oraz tkanina polerska z gumowym podk\u0142adem \u017celaznym.<\/p>\n<p>\u2022 Tkanina polerska z gumowym podk\u0142adem \u017celaznym jest wykonana z mi\u0119kkiego \u017celaza. W celu zam\u00f3wienia i uzyskania informacji o cenie prosimy o kontakt z dzia\u0142em obs\u0142ugi klienta.<\/p>\n<p>\u2022 Produkt dost\u0119pny w dw\u00f3ch wersjach: z wg\u0142\u0119bieniami i bez wg\u0142\u0119bie\u0144.<\/p>\n<h5><strong><span style=\"color: #ff0000; font-size: 19.2px;\">\u25b2Ceny produkt\u00f3w zawieraj\u0105 podatek (wy\u0142\u0105cznie na Tajwanie)<br \/>\n\u25b2Ceny produkt\u00f3w nie zawieraj\u0105 podatku VAT oraz op\u0142at celnych<br \/>\n\u25b2 W przypadku zapotrzebowania na niestandardowe rozmiary prosimy o kontakt z obs\u0142ug\u0105 klienta<br \/>\n\u25b2 Przy wi\u0119kszych zam\u00f3wieniach istnieje mo\u017cliwo\u015b\u0107 uzyskania rabatu, prosimy o kontakt z obs\u0142ug\u0105 klienta.<br \/>\n<\/span><\/strong><\/h5>\n<h5><span style=\"color: #ff0000;\"><b>\u25b2 W celu uzyskania informacji o rzeczywistym czasie dostawy prosimy o kontakt z obs\u0142ug\u0105 klienta:<\/b><\/span> <a href=\"https:\/\/honwaygroup.com\/pl\/skontaktuj-sie-z-nami\/\"><b>Skontaktuj si\u0119 z nami!<\/b><\/a><\/h5>\n<h5><\/h5>\n<p>&nbsp;<\/p>\n","protected":false},"featured_media":70728,"template":"","meta":{"site-sidebar-layout":"default","site-content-layout":"default","ast-site-content-layout":"default","site-content-style":"default","site-sidebar-style":"default","ast-global-header-display":"","ast-banner-title-visibility":"","ast-main-header-display":"","ast-hfb-above-header-display":"","ast-hfb-below-header-display":"","ast-hfb-mobile-header-display":"","site-post-title":"","ast-breadcrumbs-content":"","ast-featured-img":"","footer-sml-layout":"","ast-disable-related-posts":"","theme-transparent-header-meta":"default","adv-header-id-meta":"","stick-header-meta":"","header-above-stick-meta":"","header-main-stick-meta":"","header-below-stick-meta":"","astra-migrate-meta-layouts":"set","ast-page-background-enabled":"default","ast-page-background-meta":{"desktop":{"background-color":"var(--ast-global-color-5)","background-image":"","background-repeat":"repeat","background-position":"center center","background-size":"auto","background-attachment":"scroll","background-type":"","background-media":"","overlay-type":"","overlay-color":"","overlay-opacity":"","overlay-gradient":""},"tablet":{"background-color":"","background-image":"","background-repeat":"repeat","background-position":"center center","background-size":"auto","background-attachment":"scroll","background-type":"","background-media":"","overlay-type":"","overlay-color":"","overlay-opacity":"","overlay-gradient":""},"mobile":{"background-color":"","background-image":"","background-repeat":"repeat","background-position":"center center","background-size":"auto","background-attachment":"scroll","background-type":"","background-media":"","overlay-type":"","overlay-color":"","overlay-opacity":"","overlay-gradient":""}},"ast-content-background-meta":{"desktop":{"background-color":"var(--ast-global-color-4)","background-image":"","background-repeat":"repeat","background-position":"center center","background-size":"auto","background-attachment":"scroll","background-type":"","background-media":"","overlay-type":"","overlay-color":"","overlay-opacity":"","overlay-gradient":""},"tablet":{"background-color":"var(--ast-global-color-4)","background-image":"","background-repeat":"repeat","background-position":"center center","background-size":"auto","background-attachment":"scroll","background-type":"","background-media":"","overlay-type":"","overlay-color":"","overlay-opacity":"","overlay-gradient":""},"mobile":{"background-color":"var(--ast-global-color-4)","background-image":"","background-repeat":"repeat","background-position":"center center","background-size":"auto","background-attachment":"scroll","background-type":"","background-media":"","overlay-type":"","overlay-color":"","overlay-opacity":"","overlay-gradient":""}}},"product_brand":[],"product_cat":[3466,3612],"product_tag":[3709,3710,3752],"class_list":{"0":"post-70727","1":"product","2":"type-product","3":"status-publish","4":"has-post-thumbnail","6":"product_cat-materialy-eksploatacyjne-do-metalografii","7":"product_cat-podkladki-polerskie-do-metalografii","8":"product_tag-podkladka-polerska","9":"product_tag-sukno-polerskie","10":"product_tag-tlenek-ceru-pl","11":"desktop-align-left","12":"tablet-align-left","13":"mobile-align-left","14":"ast-product-gallery-layout-horizontal-slider","15":"ast-product-single-variable","16":"ast-product-tabs-layout-horizontal","18":"first","19":"instock","20":"taxable","21":"shipping-taxable","22":"purchasable","23":"product-type-variable"},"_links":{"self":[{"href":"https:\/\/honwaygroup.com\/pl\/wp-json\/wp\/v2\/product\/70727","targetHints":{"allow":["GET"]}}],"collection":[{"href":"https:\/\/honwaygroup.com\/pl\/wp-json\/wp\/v2\/product"}],"about":[{"href":"https:\/\/honwaygroup.com\/pl\/wp-json\/wp\/v2\/types\/product"}],"version-history":[{"count":0,"href":"https:\/\/honwaygroup.com\/pl\/wp-json\/wp\/v2\/product\/70727\/revisions"}],"wp:featuredmedia":[{"embeddable":true,"href":"https:\/\/honwaygroup.com\/pl\/wp-json\/wp\/v2\/media\/70728"}],"wp:attachment":[{"href":"https:\/\/honwaygroup.com\/pl\/wp-json\/wp\/v2\/media?parent=70727"}],"wp:term":[{"taxonomy":"product_brand","embeddable":true,"href":"https:\/\/honwaygroup.com\/pl\/wp-json\/wp\/v2\/product_brand?post=70727"},{"taxonomy":"product_cat","embeddable":true,"href":"https:\/\/honwaygroup.com\/pl\/wp-json\/wp\/v2\/product_cat?post=70727"},{"taxonomy":"product_tag","embeddable":true,"href":"https:\/\/honwaygroup.com\/pl\/wp-json\/wp\/v2\/product_tag?post=70727"}],"curies":[{"name":"wp","href":"https:\/\/api.w.org\/{rel}","templated":true}]}}