{"id":70321,"date":"2024-09-27T10:57:14","date_gmt":"2024-09-27T02:57:14","guid":{"rendered":"https:\/\/honwaygroup.com\/product\/hw001-podkladka-prozniowa-na-wymiar\/"},"modified":"2026-01-27T13:39:15","modified_gmt":"2026-01-27T05:39:15","slug":"hw001-podkladka-prozniowa-na-wymiar","status":"publish","type":"product","link":"https:\/\/honwaygroup.com\/pl\/produkt\/hw001-podkladka-prozniowa-na-wymiar\/","title":{"rendered":"HW001- podk\u0142adka pr\u00f3\u017cniowa na wymiar"},"content":{"rendered":"<h1>WH001-podk\u0142adka pr\u00f3\u017cniowa Cechy produktu<\/h1>\n<p>Polerowanie ma na celu usuni\u0119cie drobnych zadrapa\u0144 i \u015blad\u00f3w szlifowania z powierzchni pr\u00f3bki, aby uzyska\u0107 g\u0142adk\u0105 i b\u0142yszcz\u0105c\u0105 powierzchni\u0119. Aby zwi\u0119kszy\u0107 wydajno\u015b\u0107, mo\u017cna u\u017cy\u0107 r\u00f3wnie\u017c r\u00f3\u017cnych produkt\u00f3w polerskich HonWay, takichi jak zawiesina diamentowa, pasta diamentowa, zawiesina do polerowania z tlenkiem ceru, zawiesina do polerowania z tlenkiem glinu itp.<\/p>\n<p>\u203bNadaje si\u0119 do ci\u0119cia<\/p>\n<ul>\n<li>Nadaje si\u0119 do szlifowania pr\u00f3bek o nieregularnych kszta\u0142tach, takich jak arkusze, pr\u00f3bki pier\u015bcieniowe, cz\u0119\u015bci rurowe i cz\u0119\u015bci o nietypowych kszta\u0142tach.<\/li>\n<\/ul>\n<h1>Zakres zastosowa\u0144<\/h1>\n<ul>\n<li>Produkt jest stosowany do <strong>przyssawania i mocowania obrabianych przedmiot\u00f3w<\/strong>, a jego zastosowanie obejmuje szeroki zakres, w tym TFT\/STN, szk\u0142o surowe, maski kwarcowe, szk\u0142o optyczne, wy\u015bwietlacze paneli oraz przemys\u0142 optyczny, g\u0142\u00f3wnie w zastosowaniach zwi\u0105zanych z polerowaniem szk\u0142a.<\/li>\n<\/ul>\n<h1>Specyfikacja produktu<\/h1>\n<p>200*200mm\u3001250*300mm\u3001500*600mm\u3001600*1000mm\u3001500*1200mm\u30011000*1200mm\uff0cinne wymiary dost\u0119pne na zam\u00f3wienie<\/p>\n<p><span style=\"font-size: 1.7em; font-weight: bold;\">1. Spos\u00f3b u\u017cytkowania<\/span><\/p>\n<ol>\n<li>Zdejmij doln\u0105 warstw\u0119 papieru zabezpieczaj\u0105cego, przymocuj j\u0105 do urz\u0105dzenia, a nast\u0119pnie odklej przezroczyst\u0105 foli\u0119 ochronn\u0105 z powierzchni.<\/li>\n<li>Przedmiot obrabiany umieszczany jest na podk\u0142adce adsorpcyjnej w celu adsorpcji.<\/li>\n<li>Aby lepiej zaprezentowa\u0107 wydajno\u015b\u0107 i trwa\u0142o\u015b\u0107 szk\u0142a, nale\u017cy \u015bci\u015ble przestrzega\u0107 powy\u017cszych krok\u00f3w, by unikn\u0105\u0107 sytuacji, w kt\u00f3rej du\u017ca pocz\u0105tkowa si\u0142a adsorpcji wp\u0142ynie na umieszczanie i usuwanie ultracienkiego szk\u0142a, a nawet spowoduje p\u0119kni\u0119cie ultracienkiego szk\u0142a.<\/li>\n<li>Przy prawid\u0142owym u\u017cytkowaniu i przechowywaniu, \u017cywotno\u015b\u0107 wynosi ponad 300 godzin!<\/li>\n<li>Po przymocowaniu produktu do urz\u0105dzenia nie zaleca si\u0119 jego odklejania i ponownego mocowania do innego urz\u0105dzenia (poniewa\u017c odklejanie mo\u017ce \u0142atwo spowodowa\u0107 zagniecenia ch\u0142onnej podk\u0142adki).<\/li>\n<\/ol>\n<h2><strong>2. Uwagi<\/strong><\/h2>\n<ol>\n<li>Aby uzyska\u0107 g\u0142adk\u0105 powierzchni\u0119, powierzchnia styku dysku samoprzylepnego i pod\u0142o\u017ca musi by\u0107 p\u0142aska, aby zapewni\u0107 g\u0142adko\u015b\u0107 obrabianego przedmiotu.<\/li>\n<li>Aby uzyska\u0107 lepsz\u0105 p\u0142asko\u015b\u0107, nie nale\u017cy umieszcza\u0107 \u017cadnych naklejek itp. na spodzie podk\u0142adki, aby zapewni\u0107 g\u0142adko\u015b\u0107 obrabianego przedmiotu.<\/li>\n<li>Nie wyginaj i nie uszkadzaj podk\u0142\u0105dki pr\u00f3\u017cniowej.<\/li>\n<li>Zachowaj szczeg\u00f3ln\u0105 ostro\u017cno\u015b\u0107 podczas mocowania podk\u0142adki.<\/li>\n<\/ol>\n","protected":false},"excerpt":{"rendered":"<p>\u2022 Nadaje si\u0119 do ci\u0119cia<\/p>\n<p>\u2022 Struktura produktu sk\u0142ada si\u0119 z folii ochronnej, warstwy adsorpcyjnej, warstwy klej\u0105cej oraz papieru separacyjnego.<\/p>\n<p>\u2022 Produkt jest stosowany do <strong>przyssawania i mocowania obrabianych przedmiot\u00f3w<\/strong>, a jego zastosowanie obejmuje szeroki zakres, w tym TFT\/STN, szk\u0142o surowe, maski kwarcowe, szk\u0142o optyczne, wy\u015bwietlacze paneli oraz przemys\u0142 optyczny, g\u0142\u00f3wnie w zastosowaniach zwi\u0105zanych z polerowaniem szk\u0142a.<\/p>\n<h5><strong><span style=\"color: #ff0000; font-size: 19.2px;\">\u25b2<\/span><\/strong> <strong><span style=\"color: #ff0000; font-size: 19.2px;\">W przypadku zapotrzebowania na niestandardowe rozmiary prosimy o kontakt z obs\u0142ug\u0105 klienta. W celu uzyskania informacji o czas realizacji takiego zam\u00f3wienia r\u00f3wnie\u017c prosimy o kontakt z obs\u0142ug\u0105 klienta.<\/span><\/strong><\/h5>\n<h5><strong><span style=\"color: #ff0000; font-size: 19.2px;\">\u25b2 Przy wi\u0119kszych zam\u00f3wieniach istnieje mo\u017cliwo\u015b\u0107 uzyskania rabatu, prosimy o kontakt z obs\u0142ug\u0105 klienta.<br \/>\n<\/span><\/strong><\/h5>\n<h5><strong>\u25b2 <span style=\"color: #ff0000;\">W celu uzyskania informacji o rzeczywistym czasie dostawy prosimy o kontakt z obs\u0142ug\u0105 klienta<\/span>: <a href=\"https:\/\/honwaygroup.com\/pl\/skontaktuj-sie-z-nami\/\">Skontaktuj si\u0119 z nami!<\/a><\/strong><\/h5>\n","protected":false},"featured_media":70322,"template":"","meta":{"site-sidebar-layout":"default","site-content-layout":"default","ast-site-content-layout":"default","site-content-style":"default","site-sidebar-style":"default","ast-global-header-display":"","ast-banner-title-visibility":"","ast-main-header-display":"","ast-hfb-above-header-display":"","ast-hfb-below-header-display":"","ast-hfb-mobile-header-display":"","site-post-title":"","ast-breadcrumbs-content":"","ast-featured-img":"","footer-sml-layout":"","ast-disable-related-posts":"","theme-transparent-header-meta":"default","adv-header-id-meta":"","stick-header-meta":"default","header-above-stick-meta":"","header-main-stick-meta":"","header-below-stick-meta":"","astra-migrate-meta-layouts":"set","ast-page-background-enabled":"default","ast-page-background-meta":{"desktop":{"background-color":"var(--ast-global-color-5)","background-image":"","background-repeat":"repeat","background-position":"center center","background-size":"auto","background-attachment":"scroll","background-type":"","background-media":"","overlay-type":"","overlay-color":"","overlay-opacity":"","overlay-gradient":""},"tablet":{"background-color":"","background-image":"","background-repeat":"repeat","background-position":"center center","background-size":"auto","background-attachment":"scroll","background-type":"","background-media":"","overlay-type":"","overlay-color":"","overlay-opacity":"","overlay-gradient":""},"mobile":{"background-color":"","background-image":"","background-repeat":"repeat","background-position":"center center","background-size":"auto","background-attachment":"scroll","background-type":"","background-media":"","overlay-type":"","overlay-color":"","overlay-opacity":"","overlay-gradient":""}},"ast-content-background-meta":{"desktop":{"background-color":"var(--ast-global-color-4)","background-image":"","background-repeat":"repeat","background-position":"center center","background-size":"auto","background-attachment":"scroll","background-type":"","background-media":"","overlay-type":"","overlay-color":"","overlay-opacity":"","overlay-gradient":""},"tablet":{"background-color":"var(--ast-global-color-4)","background-image":"","background-repeat":"repeat","background-position":"center center","background-size":"auto","background-attachment":"scroll","background-type":"","background-media":"","overlay-type":"","overlay-color":"","overlay-opacity":"","overlay-gradient":""},"mobile":{"background-color":"var(--ast-global-color-4)","background-image":"","background-repeat":"repeat","background-position":"center center","background-size":"auto","background-attachment":"scroll","background-type":"","background-media":"","overlay-type":"","overlay-color":"","overlay-opacity":"","overlay-gradient":""}}},"product_brand":[],"product_cat":[3466,3480],"product_tag":[3478,3479],"class_list":{"0":"post-70321","1":"product","2":"type-product","3":"status-publish","4":"has-post-thumbnail","6":"product_cat-materialy-eksploatacyjne-do-metalografii","7":"product_cat-podkladka-adsorpcyjna-metalograficzna","8":"product_tag-inne","9":"product_tag-podkladka-prozniowa","10":"desktop-align-left","11":"tablet-align-left","12":"mobile-align-left","13":"ast-product-gallery-layout-horizontal-slider","14":"ast-product-gallery-with-no-image","15":"ast-product-single-variable","16":"ast-product-tabs-layout-horizontal","18":"first","19":"instock","20":"taxable","21":"shipping-taxable","22":"purchasable","23":"product-type-variable"},"_links":{"self":[{"href":"https:\/\/honwaygroup.com\/pl\/wp-json\/wp\/v2\/product\/70321","targetHints":{"allow":["GET"]}}],"collection":[{"href":"https:\/\/honwaygroup.com\/pl\/wp-json\/wp\/v2\/product"}],"about":[{"href":"https:\/\/honwaygroup.com\/pl\/wp-json\/wp\/v2\/types\/product"}],"version-history":[{"count":0,"href":"https:\/\/honwaygroup.com\/pl\/wp-json\/wp\/v2\/product\/70321\/revisions"}],"wp:featuredmedia":[{"embeddable":true,"href":"https:\/\/honwaygroup.com\/pl\/wp-json\/wp\/v2\/media\/70322"}],"wp:attachment":[{"href":"https:\/\/honwaygroup.com\/pl\/wp-json\/wp\/v2\/media?parent=70321"}],"wp:term":[{"taxonomy":"product_brand","embeddable":true,"href":"https:\/\/honwaygroup.com\/pl\/wp-json\/wp\/v2\/product_brand?post=70321"},{"taxonomy":"product_cat","embeddable":true,"href":"https:\/\/honwaygroup.com\/pl\/wp-json\/wp\/v2\/product_cat?post=70321"},{"taxonomy":"product_tag","embeddable":true,"href":"https:\/\/honwaygroup.com\/pl\/wp-json\/wp\/v2\/product_tag?post=70321"}],"curies":[{"name":"wp","href":"https:\/\/api.w.org\/{rel}","templated":true}]}}