{"id":70271,"date":"2024-09-27T11:06:01","date_gmt":"2024-09-27T03:06:01","guid":{"rendered":"https:\/\/honwaygroup.com\/product\/dysk-magnetyczny-honway-na-wymiar\/"},"modified":"2025-09-05T11:10:04","modified_gmt":"2025-09-05T03:10:04","slug":"dysk-magnetyczny-honway-na-wymiar","status":"publish","type":"product","link":"https:\/\/honwaygroup.com\/pl\/produkt\/dysk-magnetyczny-honway-na-wymiar\/","title":{"rendered":"Dysk magnetyczny HonWay na wymiar"},"content":{"rendered":"<h1>Dysk magnetyczny Cechy produktu<\/h1>\n<p>System magnetyczny HonWay to system szybkiej wymiany magnetycznej 1+N. Oznacza to, \u017ce jeden uchwyt magnetyczny mo\u017cna po\u0142\u0105czy\u0107 z wieloma dyskami samoprzylepnymi, spe\u0142niaj\u0105c wymagania dotycz\u0105ce szybkiej wymiany r\u00f3\u017cnych medi\u00f3w szlifierskich i polerskich. Mo\u017ce by\u0107 u\u017cywany do modernizacji tradycyjnego sprz\u0119tu do szlifowania i polerowania z zaciskami.<\/p>\n<p><strong>Dysk magnetyczny do przyklejenia na dysku roboczym.<\/strong><\/p>\n<ul>\n<li>Mo\u017cna nada\u0107 istniej\u0105cemu dyskowi roboczemu maszyny do polerowania z aluminium silne w\u0142a\u015bciwo\u015bci magnetyczne. Dzi\u0119ki zastosowaniu wysokiej jako\u015bci kleju na odwrocie, magnetyczny dysk szlifierski lub podk\u0142ad polerski mog\u0105 by\u0107 mocno po\u0142\u0105czone z p\u0142yt\u0105 robocz\u0105 maszyny.<\/li>\n<li>Wyczy\u015b\u0107 powierzchni\u0119 aluminiowej p\u0142yty na maszynie polerskiej\/wst\u0119pnej szlifierce z resztek kleju, oleju i innych zanieczyszcze\u0144; za pomoc\u0105 magnetycznej p\u0142yty (Magnetic PsA backed Disc) z klejem na spodniej stronie, przymocuj magnetyczn\u0105 p\u0142yt\u0119 do aluminiowej p\u0142yty u\u017cywanej przez u\u017cytkownika, rezygnuj\u0105c z tradycyjnego mocowania za pomoc\u0105 zacisk\u00f3w, co zwi\u0119ksza wydajno\u015b\u0107 pracy.<\/li>\n<\/ul>\n<h1>Specyfikacja produktu<\/h1>\n<p>\u015arednica zewn\u0119trzna:<strong>.\u0424200mm(\u04248in).\u0424220mm(\u04248.6in).<\/strong><strong>\u0424230mm(\u04249in).\u0424250mm(\u04249.5in).\u0424300mm(\u042412in).\u0424350mm(\u042414in).\u0424380mm(\u042415in)<\/strong> Wraz z siedmioma standardowymi rozmiarami, dost\u0119pne s\u0105 specjalne rozmiary dost\u0119pne na zam\u00f3wienie.<\/p>\n<p><span style=\"font-size: 1.7em; font-weight: bold;\">1. Zalety produktu<\/span><\/p>\n<ul>\n<li><strong>Silne magnetyczne przyci\u0105ganie:<\/strong> na powierzchni dysku roboczego maszyny dodaje si\u0119 silny magnetyczny dysk, dzi\u0119ki czemu dysk roboczy maszyny natychmiast zyskuje siln\u0105 funkcj\u0119 magnetycznego przyci\u0105gania.<\/li>\n<li><strong>Oszcz\u0119dno\u015b\u0107 koszt\u00f3w materia\u0142\u00f3w eksploatacyjnych: <\/strong>papier \u015bcierny metalograficzny lub sukno polerskie przyklejone do dysku przeciwprzyczepnego mo\u017ce by\u0107 wielokrotnie u\u017cywane bez deformacji, a\u017c do momentu, gdy stan\u0105 si\u0119 niezdatne do dalszego u\u017cytku.<\/li>\n<li><strong>Oszcz\u0119dno\u015b\u0107 koszt\u00f3w sprz\u0119tu<\/strong>: wystarczy jedna maszyna z dyskiem polerskim, aby \u0142atwo przeprowadzi\u0107 wszystkie etapy szlifowania i polerowania.<\/li>\n<\/ul>\n<h2><strong>2. Uwagi<\/strong><\/h2>\n<ol>\n<li>Aby uzyska\u0107 g\u0142adk\u0105 powierzchni\u0119, powierzchnia styku dysku samoprzylepnego i pod\u0142o\u017ca musi by\u0107 p\u0142aska, aby zapewni\u0107 g\u0142adko\u015b\u0107 obrabianego przedmiotu.<\/li>\n<li>Powierzchnia kontaktu dysku magnetycznego z maszyn\u0105 musi by\u0107 bardzo r\u00f3wna, czysta i sucha, aby nie wp\u0142ywa\u0107 na g\u0142adko\u015b\u0107 obrabianego przedmiotu.<\/li>\n<li>Po u\u017cyciu ostro\u017cnie zdejmij, sp\u0142ucz wod\u0105 i wysusz.<\/li>\n<li>Nie wyginaj i nie uszkadzaj dysku magnetycznego.<\/li>\n<li>Zachowaj ostro\u017cno\u015b\u0107 podczas instalowania i zdejmowania, aby unikn\u0105\u0107 uszkodzenia d\u0142oni spowodowanego przyci\u0105ganiem magnetycznym.<\/li>\n<li>Przed przyklejeniem nale\u017cy dok\u0142adnie oczy\u015bci\u0107 powierzchni\u0119 dysku roboczego z resztek kleju, oleju i innych zanieczyszcze\u0144.<\/li>\n<li>Powierzchnia dysku magnetycznego jest pokryta klejem akrylowym, co umo\u017cliwia bezpo\u015brednie przyklejenie go do dysku roboczego, eliminuj\u0105c tradycyjne mocowanie za pomoc\u0105 zacisk\u00f3w, co zwi\u0119ksza wydajno\u015b\u0107 pracy.<\/li>\n<\/ol>\n<p>&nbsp;<\/p>\n<p>&nbsp;<\/p>\n","protected":false},"excerpt":{"rendered":"<p>\u2022<strong>Dysk magnetyczny do przyklejenia na dysku roboczym.<\/strong><\/p>\n<p>\u2022 Mo\u017cna nada\u0107 istniej\u0105cemu dyskowi roboczemu maszyny do polerowania z aluminium silne w\u0142a\u015bciwo\u015bci magnetyczne. Dzi\u0119ki zastosowaniu wysokiej jako\u015bci kleju na odwrocie, magnetyczny dysk szlifierski lub podk\u0142ad polerski mog\u0105 by\u0107 mocno po\u0142\u0105czone z p\u0142yt\u0105 robocz\u0105 maszyny.<\/p>\n<p>\u2022 Wyczy\u015b\u0107 powierzchni\u0119 aluminiowej p\u0142yty na maszynie polerskiej\/wst\u0119pnej szlifierce z resztek kleju, oleju i innych zanieczyszcze\u0144; za pomoc\u0105 magnetycznej p\u0142yty (Magnetic PsA backed Disc) z klejem na spodniej stronie, przymocuj magnetyczn\u0105 p\u0142yt\u0119 do aluminiowej p\u0142yty u\u017cywanej przez u\u017cytkownika, rezygnuj\u0105c z tradycyjnego mocowania za pomoc\u0105 zacisk\u00f3w, co zwi\u0119ksza wydajno\u015b\u0107 pracy.<\/p>\n<h5><strong><span style=\"color: #ff0000; font-size: 19.2px;\">\u25b2<\/span><\/strong> <strong><span style=\"color: #ff0000; font-size: 19.2px;\">W przypadku zapotrzebowania na niestandardowe rozmiary prosimy o kontakt z obs\u0142ug\u0105 klienta. W celu uzyskania informacji o czas realizacji takiego zam\u00f3wienia r\u00f3wnie\u017c prosimy o kontakt z obs\u0142ug\u0105 klienta.<\/span><\/strong><\/h5>\n<h5><strong><span style=\"color: #ff0000; font-size: 19.2px;\">\u25b2 Przy wi\u0119kszych zam\u00f3wieniach istnieje mo\u017cliwo\u015b\u0107 uzyskania rabatu, prosimy o kontakt z obs\u0142ug\u0105 klienta.<br \/>\n<\/span><\/strong><\/h5>\n<h5><strong><span style=\"color: #ff0000;\">\u25b2 W celu uzyskania informacji o rzeczywistym czasie dostawy prosimy o kontakt z obs\u0142ug\u0105 klienta: <\/span><a href=\"https:\/\/honwaygroup.com\/pl\/skontaktuj-sie-z-nami\/\">Skontaktuj si\u0119 z nami!<\/a><\/strong><\/h5>\n<h5><strong><span style=\"color: #ff0000; font-size: 19.2px;\"> <\/span><\/strong><\/h5>\n<p>&nbsp;<\/p>\n<p>&nbsp;<\/p>\n","protected":false},"featured_media":70272,"template":"","meta":{"site-sidebar-layout":"default","site-content-layout":"default","ast-site-content-layout":"default","site-content-style":"default","site-sidebar-style":"default","ast-global-header-display":"","ast-banner-title-visibility":"","ast-main-header-display":"","ast-hfb-above-header-display":"","ast-hfb-below-header-display":"","ast-hfb-mobile-header-display":"","site-post-title":"","ast-breadcrumbs-content":"","ast-featured-img":"","footer-sml-layout":"","ast-disable-related-posts":"","theme-transparent-header-meta":"default","adv-header-id-meta":"","stick-header-meta":"default","header-above-stick-meta":"","header-main-stick-meta":"","header-below-stick-meta":"","astra-migrate-meta-layouts":"set","ast-page-background-enabled":"default","ast-page-background-meta":{"desktop":{"background-color":"var(--ast-global-color-5)","background-image":"","background-repeat":"repeat","background-position":"center center","background-size":"auto","background-attachment":"scroll","background-type":"","background-media":"","overlay-type":"","overlay-color":"","overlay-opacity":"","overlay-gradient":""},"tablet":{"background-color":"","background-image":"","background-repeat":"repeat","background-position":"center center","background-size":"auto","background-attachment":"scroll","background-type":"","background-media":"","overlay-type":"","overlay-color":"","overlay-opacity":"","overlay-gradient":""},"mobile":{"background-color":"","background-image":"","background-repeat":"repeat","background-position":"center center","background-size":"auto","background-attachment":"scroll","background-type":"","background-media":"","overlay-type":"","overlay-color":"","overlay-opacity":"","overlay-gradient":""}},"ast-content-background-meta":{"desktop":{"background-color":"var(--ast-global-color-4)","background-image":"","background-repeat":"repeat","background-position":"center center","background-size":"auto","background-attachment":"scroll","background-type":"","background-media":"","overlay-type":"","overlay-color":"","overlay-opacity":"","overlay-gradient":""},"tablet":{"background-color":"var(--ast-global-color-4)","background-image":"","background-repeat":"repeat","background-position":"center center","background-size":"auto","background-attachment":"scroll","background-type":"","background-media":"","overlay-type":"","overlay-color":"","overlay-opacity":"","overlay-gradient":""},"mobile":{"background-color":"var(--ast-global-color-4)","background-image":"","background-repeat":"repeat","background-position":"center center","background-size":"auto","background-attachment":"scroll","background-type":"","background-media":"","overlay-type":"","overlay-color":"","overlay-opacity":"","overlay-gradient":""}}},"product_brand":[],"product_cat":[3466,3474],"product_tag":[3477,3471],"class_list":{"0":"post-70271","1":"product","2":"type-product","3":"status-publish","4":"has-post-thumbnail","6":"product_cat-materialy-eksploatacyjne-do-metalografii","7":"product_cat-system-magnetyczny","8":"product_tag-dysk-magnetyczny","9":"product_tag-system-magnetyczny","10":"desktop-align-left","11":"tablet-align-left","12":"mobile-align-left","13":"ast-product-gallery-layout-horizontal-slider","14":"ast-product-gallery-with-no-image","15":"ast-product-single-variable","16":"ast-product-tabs-layout-horizontal","18":"first","19":"instock","20":"taxable","21":"shipping-taxable","22":"purchasable","23":"product-type-variable"},"_links":{"self":[{"href":"https:\/\/honwaygroup.com\/pl\/wp-json\/wp\/v2\/product\/70271","targetHints":{"allow":["GET"]}}],"collection":[{"href":"https:\/\/honwaygroup.com\/pl\/wp-json\/wp\/v2\/product"}],"about":[{"href":"https:\/\/honwaygroup.com\/pl\/wp-json\/wp\/v2\/types\/product"}],"version-history":[{"count":0,"href":"https:\/\/honwaygroup.com\/pl\/wp-json\/wp\/v2\/product\/70271\/revisions"}],"wp:featuredmedia":[{"embeddable":true,"href":"https:\/\/honwaygroup.com\/pl\/wp-json\/wp\/v2\/media\/70272"}],"wp:attachment":[{"href":"https:\/\/honwaygroup.com\/pl\/wp-json\/wp\/v2\/media?parent=70271"}],"wp:term":[{"taxonomy":"product_brand","embeddable":true,"href":"https:\/\/honwaygroup.com\/pl\/wp-json\/wp\/v2\/product_brand?post=70271"},{"taxonomy":"product_cat","embeddable":true,"href":"https:\/\/honwaygroup.com\/pl\/wp-json\/wp\/v2\/product_cat?post=70271"},{"taxonomy":"product_tag","embeddable":true,"href":"https:\/\/honwaygroup.com\/pl\/wp-json\/wp\/v2\/product_tag?post=70271"}],"curies":[{"name":"wp","href":"https:\/\/api.w.org\/{rel}","templated":true}]}}