{"id":70250,"date":"2024-09-27T13:52:53","date_gmt":"2024-09-27T05:52:53","guid":{"rendered":"https:\/\/honwaygroup.com\/product\/dysk-samoprzylepny-dysk-przeciwprzyczepny-teflon-na-wymiar\/"},"modified":"2025-02-24T16:22:23","modified_gmt":"2025-02-24T08:22:23","slug":"dysk-samoprzylepny-dysk-przeciwprzyczepny-teflon-na-wymiar","status":"publish","type":"product","link":"https:\/\/honwaygroup.com\/pl\/produkt\/dysk-samoprzylepny-dysk-przeciwprzyczepny-teflon-na-wymiar\/","title":{"rendered":"Dysk samoprzylepny &#8211; dysk przeciwprzyczepny -teflon  (z opcj\u0105 na wymiar)"},"content":{"rendered":"<h1>Dysk samoprzylepny &#8211; dysk przeciwprzyczepny -teflon Cechy produktu<\/h1>\n<p>System magnetyczny HonWay to system szybkiej wymiany magnetycznej 1+N. Oznacza to, \u017ce jeden uchwyt magnetyczny mo\u017cna po\u0142\u0105czy\u0107 z wieloma dyskami samoprzylepnymi, spe\u0142niaj\u0105c wymagania dotycz\u0105ce szybkiej wymiany r\u00f3\u017cnych medi\u00f3w szlifierskich i polerskich. Mo\u017ce by\u0107 u\u017cywany do modernizacji tradycyjnego sprz\u0119tu do szlifowania i polerowania z zaciskami.<\/p>\n<p>W zale\u017cno\u015bci od potrzeb klienta dost\u0119pne s\u0105 dwa rodzaje dysk\u00f3w samoprzylepnych: dyski teflonowe i dyski ze stali nierdzewnej.<\/p>\n<p><strong>Metalograficzna dysk przeciwprzyczepny jest po\u0142\u0105czony z materia\u0142ami eksploatacyjnymi do polerowania.<\/strong><\/p>\n<ul>\n<li>Grubo\u015b\u0107\uff1a1.00mm\u3002<\/li>\n<li>Jednostronna pow\u0142oka teflonowa.<\/li>\n<li>Papier \u015bcierny lub tkanin\u0119 polersk\u0105 z klejem mo\u017cna \u0142atwo zdj\u0105\u0107 z dysku przeciwprzyczepnego bez obaw o pozostawianie resztek kleju.<\/li>\n<li>Po\u017cegnaj tradycyjne metody mocowania za pomoc\u0105 zacisk\u00f3w i zwi\u0119ksz wydajno\u015b\u0107 pracy.<\/li>\n<\/ul>\n<h1>Specyfikacja produktu<\/h1>\n<p>\u015arednica zewn\u0119trzna:<strong>.\u0424200mm(\u04248in).\u0424220mm(\u04248.6in).<\/strong><strong>\u0424230mm(\u04249in).\u0424250mm(\u04249.5in).\u0424300mm(\u042412in)<br \/>\nOpr\u00f3cz powy\u017cszych pi\u0119ciu standardowych rozmiar\u00f3w, specjalne rozmiary dost\u0119pne s\u0105 na zam\u00f3wienie.<\/strong><\/p>\n<p><span style=\"font-size: 1.7em; font-weight: bold;\">1. Zalety produktu<\/span><\/p>\n<ul>\n<li><strong>W mgnieniu oka staje si\u0119 p\u0142yt\u0105 magnetyczn\u0105:<\/strong> dysk przeciwprzyczepny z warstw\u0105 teflonow\u0105 jest kluczowym elementem magnetycznego urz\u0105dzenia do wymiany, umo\u017cliwiaj\u0105c \u0142atw\u0105 zmian\u0119 papieru \u015bciernego o r\u00f3\u017cnych gradacjach oraz tkaniny polerskiej z r\u00f3\u017cnymi rodzajami kleju.<\/li>\n<li><strong>\u0141atwe usuwanie bez pozosta\u0142o\u015bci kleju:<\/strong> papier \u015bcierny lub tkanin\u0119 polersk\u0105 z klejem mo\u017cna \u0142atwo zdj\u0105\u0107 z dysku przeciwprzyczepnego bez obaw o pozostawianie resztek kleju. Jednocze\u015bnie poprawia to precyzj\u0119 i niezawodno\u015b\u0107 procesu szlifowania i polerowania.<\/li>\n<li><strong>Oszcz\u0119dno\u015b\u0107 koszt\u00f3w materia\u0142\u00f3w eksploatacyjnych: <\/strong>papier \u015bcierny metalograficzny lub sukno polerskie przyklejone do dysku przeciwprzyczepnego mo\u017ce by\u0107 wielokrotnie u\u017cywane bez deformacji, a\u017c do momentu, gdy stan\u0105 si\u0119 niezdatne do dalszego u\u017cytku.<\/li>\n<\/ul>\n<h2><strong>2. Uwagi<\/strong><\/h2>\n<ol>\n<li>Aby uzyska\u0107 g\u0142adk\u0105 powierzchni\u0119, powierzchnia styku dysku samoprzylepnego i pod\u0142o\u017ca musi by\u0107 p\u0142aska, aby zapewni\u0107 g\u0142adko\u015b\u0107 obrabianego przedmiotu.<\/li>\n<li>Powierzchnia styku dysku przeciwprzyczepnego z maszyn\u0105 musi by\u0107 idealnie p\u0142aska, czysta i sucha, aby zapewni\u0107 g\u0142adko\u015b\u0107 obrabianego przedmiotu.<\/li>\n<li>Po u\u017cyciu ostro\u017cnie zdejmij, sp\u0142ucz wod\u0105 i wysusz.<\/li>\n<li>Unikaj zginania i uszkadzania dysku przeciwprzyczepnego.<\/li>\n<li>Zachowaj ostro\u017cno\u015b\u0107 podczas instalowania i zdejmowania, aby unikn\u0105\u0107 uszkodzenia d\u0142oni spowodowanego przyci\u0105ganiem magnetycznym.<\/li>\n<li>Aby zachowa\u0107 wysok\u0105 jako\u015b\u0107 efektu polerowania, podczas umieszczania i wyjmowania dysku samoprzylepnego nale\u017cy unika\u0107 zginania.<\/li>\n<li>Podczas przyklejania, nale\u017cy przyklei\u0107 do powierzchni pokrytej warstw\u0105 teflonow\u0105.<\/li>\n<li>Aby chroni\u0107 pow\u0142ok\u0119 na tacy przeciwprzyczepnej, nie nale\u017cy uderza\u0107 w ni\u0105 twardymi ani ostrymi przedmiotami.<\/li>\n<\/ol>\n","protected":false},"excerpt":{"rendered":"<p>\u2022<strong>Metalograficzna dysk przeciwprzyczepny jest po\u0142\u0105czony z materia\u0142ami eksploatacyjnymi do polerowania.<\/strong><\/p>\n<p>\u2022 Grubo\u015b\u0107\uff1a1.00mm\u3002<\/p>\n<p>\u2022 Jednostronna pow\u0142oka teflonowa.<\/p>\n<p>\u2022 Papier \u015bcierny lub tkanin\u0119 polersk\u0105 z klejem mo\u017cna \u0142atwo zdj\u0105\u0107 z dysku przeciwprzyczepnego bez obaw o pozostawianie resztek kleju.<\/p>\n<p>Po\u017cegnaj tradycyjne metody mocowania za pomoc\u0105 zacisk\u00f3w i zwi\u0119ksz wydajno\u015b\u0107 pracy.<\/p>\n<h5><strong><span style=\"color: #ff0000; font-size: 19.2px;\">\u25b2Ceny produkt\u00f3w zawieraj\u0105 podatek (wy\u0142\u0105cznie na Tajwanie)<br \/>\n\u25b2Ceny produkt\u00f3w nie zawieraj\u0105 podatku VAT oraz op\u0142at celnych<br \/>\n\u25b2 W przypadku zapotrzebowania na niestandardowe rozmiary prosimy o kontakt z obs\u0142ug\u0105 klienta<br \/>\n\u25b2 Przy wi\u0119kszych zam\u00f3wieniach istnieje mo\u017cliwo\u015b\u0107 uzyskania rabatu, prosimy o kontakt z obs\u0142ug\u0105 klienta<br \/>\n<b>\u25b2 W celu uzyskania informacji o rzeczywistym czasie dostawy prosimy o kontakt z obs\u0142ug\u0105 klienta:<\/b> <a href=\"https:\/\/honwaygroup.com\/pl\/skontaktuj-sie-z-nami\/\"><b>Skontaktuj si\u0119 z nami!<\/b><\/a><br \/>\n<\/span><\/strong><\/h5>\n<p>&nbsp;<\/p>\n<p>&nbsp;<\/p>\n","protected":false},"featured_media":70251,"template":"","meta":{"site-sidebar-layout":"default","site-content-layout":"default","ast-site-content-layout":"default","site-content-style":"default","site-sidebar-style":"default","ast-global-header-display":"","ast-banner-title-visibility":"","ast-main-header-display":"","ast-hfb-above-header-display":"","ast-hfb-below-header-display":"","ast-hfb-mobile-header-display":"","site-post-title":"","ast-breadcrumbs-content":"","ast-featured-img":"","footer-sml-layout":"","ast-disable-related-posts":"","theme-transparent-header-meta":"default","adv-header-id-meta":"","stick-header-meta":"","header-above-stick-meta":"","header-main-stick-meta":"","header-below-stick-meta":"","astra-migrate-meta-layouts":"set","ast-page-background-enabled":"default","ast-page-background-meta":{"desktop":{"background-color":"var(--ast-global-color-5)","background-image":"","background-repeat":"repeat","background-position":"center center","background-size":"auto","background-attachment":"scroll","background-type":"","background-media":"","overlay-type":"","overlay-color":"","overlay-opacity":"","overlay-gradient":""},"tablet":{"background-color":"","background-image":"","background-repeat":"repeat","background-position":"center center","background-size":"auto","background-attachment":"scroll","background-type":"","background-media":"","overlay-type":"","overlay-color":"","overlay-opacity":"","overlay-gradient":""},"mobile":{"background-color":"","background-image":"","background-repeat":"repeat","background-position":"center center","background-size":"auto","background-attachment":"scroll","background-type":"","background-media":"","overlay-type":"","overlay-color":"","overlay-opacity":"","overlay-gradient":""}},"ast-content-background-meta":{"desktop":{"background-color":"var(--ast-global-color-4)","background-image":"","background-repeat":"repeat","background-position":"center center","background-size":"auto","background-attachment":"scroll","background-type":"","background-media":"","overlay-type":"","overlay-color":"","overlay-opacity":"","overlay-gradient":""},"tablet":{"background-color":"var(--ast-global-color-4)","background-image":"","background-repeat":"repeat","background-position":"center center","background-size":"auto","background-attachment":"scroll","background-type":"","background-media":"","overlay-type":"","overlay-color":"","overlay-opacity":"","overlay-gradient":""},"mobile":{"background-color":"var(--ast-global-color-4)","background-image":"","background-repeat":"repeat","background-position":"center center","background-size":"auto","background-attachment":"scroll","background-type":"","background-media":"","overlay-type":"","overlay-color":"","overlay-opacity":"","overlay-gradient":""}}},"product_brand":[],"product_cat":[3466,3474],"product_tag":[3476,3470,3471,3475],"class_list":{"0":"post-70250","1":"product","2":"type-product","3":"status-publish","4":"has-post-thumbnail","6":"product_cat-materialy-eksploatacyjne-do-metalografii","7":"product_cat-system-magnetyczny","8":"product_tag-dysk-przeciwprzyczepny","9":"product_tag-dysk-samoprzylepny","10":"product_tag-system-magnetyczny","11":"product_tag-teflon-pl","12":"desktop-align-left","13":"tablet-align-left","14":"mobile-align-left","15":"ast-product-gallery-layout-horizontal-slider","16":"ast-product-gallery-with-no-image","17":"ast-product-single-variable","18":"ast-product-tabs-layout-horizontal","20":"first","21":"instock","22":"taxable","23":"shipping-taxable","24":"purchasable","25":"product-type-variable"},"_links":{"self":[{"href":"https:\/\/honwaygroup.com\/pl\/wp-json\/wp\/v2\/product\/70250","targetHints":{"allow":["GET"]}}],"collection":[{"href":"https:\/\/honwaygroup.com\/pl\/wp-json\/wp\/v2\/product"}],"about":[{"href":"https:\/\/honwaygroup.com\/pl\/wp-json\/wp\/v2\/types\/product"}],"version-history":[{"count":0,"href":"https:\/\/honwaygroup.com\/pl\/wp-json\/wp\/v2\/product\/70250\/revisions"}],"wp:featuredmedia":[{"embeddable":true,"href":"https:\/\/honwaygroup.com\/pl\/wp-json\/wp\/v2\/media\/70251"}],"wp:attachment":[{"href":"https:\/\/honwaygroup.com\/pl\/wp-json\/wp\/v2\/media?parent=70250"}],"wp:term":[{"taxonomy":"product_brand","embeddable":true,"href":"https:\/\/honwaygroup.com\/pl\/wp-json\/wp\/v2\/product_brand?post=70250"},{"taxonomy":"product_cat","embeddable":true,"href":"https:\/\/honwaygroup.com\/pl\/wp-json\/wp\/v2\/product_cat?post=70250"},{"taxonomy":"product_tag","embeddable":true,"href":"https:\/\/honwaygroup.com\/pl\/wp-json\/wp\/v2\/product_tag?post=70250"}],"curies":[{"name":"wp","href":"https:\/\/api.w.org\/{rel}","templated":true}]}}