{"id":70180,"date":"2024-09-27T15:24:25","date_gmt":"2024-09-27T07:24:25","guid":{"rendered":"https:\/\/honwaygroup.com\/product\/tarcze-do-ciecia-metalu-ultracienkie-diamentowe-tarcze-tnace-na-zamowienie\/"},"modified":"2025-02-24T16:19:28","modified_gmt":"2025-02-24T08:19:28","slug":"tarcze-do-ciecia-metalu-ultracienkie-diamentowe-tarcze-tnace-na-zamowienie","status":"publish","type":"product","link":"https:\/\/honwaygroup.com\/pl\/produkt\/tarcze-do-ciecia-metalu-ultracienkie-diamentowe-tarcze-tnace-na-zamowienie\/","title":{"rendered":"Tarcze do ci\u0119cia metalu &#8211; ultracienkie diamentowe tarcze tn\u0105ce  (z opcj\u0105 na wymiar)"},"content":{"rendered":"<h1>Tarcze do ci\u0119cia metalu &#8211; ultracienkie diamentowe tarcze tn\u0105ce<\/h1>\n<ul>\n<li>Zalety ostrza: wysoka granulacja, wysokiej jako\u015bci cz\u0105steczki diamentowe.<\/li>\n<li>Zakres zastosowa\u0144: obejmuje ponad 20 obszar\u00f3w zastosowa\u0144.<\/li>\n<li>Zastosowanie produktu: specjalizuje si\u0119 w ci\u0119ciu r\u00f3\u017cnego rodzaju twardych i kruchych materia\u0142\u00f3w.<\/li>\n<li>Ultracienki produkt: idealny do precyzyjnego ci\u0119cia cennych materia\u0142\u00f3w.<\/li>\n<\/ul>\n<h1>Zakres zastosowa\u0144<\/h1>\n<table>\n<tbody>\n<tr>\n<td colspan=\"2\" width=\"548\">\n<p style=\"text-align: center;\">Zastosowanie<\/p>\n<\/td>\n<\/tr>\n<tr>\n<td width=\"113\">\n<p style=\"text-align: center;\">Obr\u00f3bka szk\u0142a i ceramiki<\/p>\n<\/td>\n<td width=\"435\">szk\u0142o, szk\u0142o optyczne, szk\u0142o kwarcowe, wyroby szklane, szk\u0142o ceramiczne, kamienie szlachetne, kryszta\u0142y, ceramika czarna, rury i obudowy ceramiczne, materia\u0142y ogniotrwa\u0142e itp.<\/td>\n<\/tr>\n<tr>\n<td width=\"113\">\n<p style=\"text-align: center;\">Metale twarde<\/p>\n<\/td>\n<td width=\"435\">stal szybkotn\u0105ca, stal narz\u0119dziowa, stal stopowa, w\u0119gliki spiekane, w\u0119glik spiekany wolframu itp.<\/td>\n<\/tr>\n<tr>\n<td width=\"113\">\n<p style=\"text-align: center;\">Materia\u0142y magnetyczne<\/p>\n<\/td>\n<td width=\"435\">rdzenie magnetyczne, blachy magnetyczne, magnesy neodymowe, magnesy ferrytowe, magnesy samarowo-kobaltowe itp.<\/td>\n<\/tr>\n<tr>\n<td width=\"113\">\n<p style=\"text-align: center;\">Materia\u0142y optoelektroniczne<\/p>\n<\/td>\n<td width=\"435\">w\u0119glik krzemu, wafle krzemowe, germanowe wafle, IED, LCD, CD itd.<\/td>\n<\/tr>\n<\/tbody>\n<\/table>\n<h1>Specyfikacja produktu<\/h1>\n<p><a href=\"https:\/\/honwaygroup.com\/wp-content\/uploads\/2024\/09\/%E5%85%B6%E4%BB%96-%E5%88%87%E5%89%B2%E7%89%87-%E5%88%87%E5%89%B2%E7%89%87%E5%9C%96%E9%9D%A2.webp\"><img fetchpriority=\"high\" decoding=\"async\" class=\"wp-image-46963 size-full\" src=\"https:\/\/honwaygroup.com\/wp-content\/uploads\/2024\/09\/%E5%85%B6%E4%BB%96-%E5%88%87%E5%89%B2%E7%89%87-%E5%88%87%E5%89%B2%E7%89%87%E5%9C%96%E9%9D%A2.webp\" alt=\"Rysunek techniczny tarczy tn\u0105cej\" width=\"1186\" height=\"241\" \/><\/a><\/p>\n<table>\n<tbody>\n<tr>\n<td style=\"text-align: center;\" width=\"107\">Seria produkt\u00f3w<\/td>\n<td style=\"text-align: center;\" width=\"74\">Spoiwo<\/td>\n<td style=\"text-align: center;\" width=\"75\">Zewn\u0119trzna \u015brednica D<\/td>\n<td style=\"text-align: center;\" width=\"75\">Wewn\u0119trzna \u015brednica H<\/td>\n<td style=\"text-align: center;\" width=\"74\">Grubo\u015b\u0107 T<\/td>\n<td style=\"text-align: center;\" width=\"74\">Tolerancja grubo\u015bci<\/td>\n<td style=\"text-align: center;\" width=\"74\">Szeroko\u015b\u0107 materia\u0142u \u015bciernego X<\/td>\n<\/tr>\n<tr>\n<td width=\"107\">HW-6012703<\/td>\n<td style=\"text-align: center;\" rowspan=\"10\" width=\"74\">metal<\/td>\n<td width=\"75\">60<\/td>\n<td width=\"75\">12.7<\/td>\n<td width=\"74\">0.3<\/td>\n<td width=\"74\">\u00b10.02<\/td>\n<td width=\"74\">5.0<\/td>\n<\/tr>\n<tr>\n<td width=\"107\">HW-10012702<\/td>\n<td width=\"75\">100<\/td>\n<td width=\"75\">12.7<\/td>\n<td width=\"74\">0.2<\/td>\n<td width=\"74\">\u00b10.02<\/td>\n<td width=\"74\">4.0<\/td>\n<\/tr>\n<tr>\n<td width=\"107\">HW-10012705<\/td>\n<td width=\"75\">100<\/td>\n<td width=\"75\">12.7<\/td>\n<td width=\"74\">0.5<\/td>\n<td width=\"74\">\u00b10.02<\/td>\n<td width=\"74\">4.0<\/td>\n<\/tr>\n<tr>\n<td width=\"107\">HW-11012707<\/td>\n<td width=\"75\">110<\/td>\n<td width=\"75\">12.7<\/td>\n<td width=\"74\">0.7<\/td>\n<td width=\"74\">\u00b10.02<\/td>\n<td width=\"74\">5.0<\/td>\n<\/tr>\n<tr>\n<td width=\"107\">HW-12512703<\/td>\n<td width=\"75\">125<\/td>\n<td width=\"75\">12.7<\/td>\n<td width=\"74\">0.3<\/td>\n<td width=\"74\">\u00b10.02<\/td>\n<td width=\"74\">4.5<\/td>\n<\/tr>\n<tr>\n<td width=\"107\">HW-12512705<\/td>\n<td width=\"75\">125<\/td>\n<td width=\"75\">12.7<\/td>\n<td width=\"74\">0.5<\/td>\n<td width=\"74\">\u00b10.02<\/td>\n<td width=\"74\">4.5<\/td>\n<\/tr>\n<tr>\n<td width=\"107\">HW-15012705<\/td>\n<td width=\"75\">150<\/td>\n<td width=\"75\">12.7<\/td>\n<td width=\"74\">0.5<\/td>\n<td width=\"74\">\u00b10.02<\/td>\n<td width=\"74\">7.0<\/td>\n<\/tr>\n<tr>\n<td width=\"107\">HW-17512707<\/td>\n<td width=\"75\">175<\/td>\n<td width=\"75\">12.7<\/td>\n<td width=\"74\">0.7<\/td>\n<td width=\"74\">\u00b10.02<\/td>\n<td width=\"74\">6.0<\/td>\n<\/tr>\n<tr>\n<td width=\"107\">HW-20032009<\/td>\n<td width=\"75\">200<\/td>\n<td width=\"75\">32.0<\/td>\n<td width=\"74\">0.9<\/td>\n<td width=\"74\">\u00b10.02<\/td>\n<td width=\"74\">10.0<\/td>\n<\/tr>\n<tr>\n<td width=\"107\">HW-25032015<\/td>\n<td width=\"75\">250<\/td>\n<td width=\"75\">32.0<\/td>\n<td width=\"74\">1.5<\/td>\n<td width=\"74\">\u00b10.05<\/td>\n<td width=\"74\">10.0<\/td>\n<\/tr>\n<\/tbody>\n<\/table>\n<p>\u203b W przypadku zapotrzebowania na spoiwo \u017cywiczne prosimy o kontakt z obs\u0142ug\u0105 klienta.<\/p>\n<p>\u203b Specjalne wymiary mog\u0105 by\u0107 wykonane na zam\u00f3wienie, prosimy o kontakt z obs\u0142ug\u0105 klienta.<\/p>\n<p>\u203b Ze wzgl\u0119du na d\u0142u\u017csz\u0105 \u017cywotno\u015b\u0107 spoiwa metalowego (trzykrotnie d\u0142u\u017csz\u0105 ni\u017c spoiwo \u017cywiczne), firma HonWay specjalizuje si\u0119 w sprzeda\u017cy diamentowych tarcz tn\u0105cych ze spoiwem metalowym. Je\u015bli potrzebujesz diamentowej tarczy tn\u0105cej ze spoiwem \u017cywicznym, prosimy o kontakt z obs\u0142ug\u0105 klienta.<\/p>\n<p>\u203b Ze wzgl\u0119du na r\u00f3\u017cnorodno\u015b\u0107 materia\u0142\u00f3w do ci\u0119cia, diamentowe tarcze tn\u0105ce, opr\u00f3cz standardowych modeli, zazwyczaj musz\u0105 by\u0107 wykonane na zam\u00f3wienie (min. 5 sztuk), aby zapewni\u0107 lepsz\u0105 zgodno\u015b\u0107 z oczekiwaniami dotycz\u0105cymi wydajno\u015bci produktu.<\/p>\n<h2><\/h2>\n<p>&nbsp;<\/p>\n","protected":false},"excerpt":{"rendered":"<p>\u2022Ostra kraw\u0119d\u017a ci\u0119cia: wysokiej jako\u015bci diamentowe ziarna o wysokiej g\u0119sto\u015bci.<\/p>\n<p>\u2022Szeroki zakres zastosowa\u0144: pokrywa ponad 20 r\u00f3\u017cnych dziedzin zastosowa\u0144.<\/p>\n<p>\u2022 Misja produktu: skoncentrowany na ci\u0119ciu r\u00f3\u017cnych twardych i kruchych materia\u0142\u00f3w.<\/p>\n<p>\u2022 Produkt ultracienki: spe\u0142nia oczekiwania precyzyjnego ci\u0119cia w przypadku cennych wzor\u00f3w.<\/p>\n<p>\u203b Ze wzgl\u0119du na r\u00f3\u017cnorodno\u015b\u0107 materia\u0142\u00f3w do ci\u0119cia, diamentowe tarcze tn\u0105ce, opr\u00f3cz standardowych modeli, zazwyczaj musz\u0105 by\u0107 wykonane na zam\u00f3wienie (min. 5 sztuk), aby zapewni\u0107 lepsz\u0105 zgodno\u015b\u0107 z oczekiwaniami dotycz\u0105cymi wydajno\u015bci produktu.<\/p>\n<h5><strong><span style=\"color: #ff0000; font-size: 19.2px;\">\u25b2Ceny produkt\u00f3w zawieraj\u0105 podatek (wy\u0142\u0105cznie na Tajwanie)<br \/>\n\u25b2Ceny produkt\u00f3w nie zawieraj\u0105 podatku VAT oraz op\u0142at celnych<br \/>\n\u25b2 W przypadku zapotrzebowania na niestandardowe rozmiary prosimy o kontakt z obs\u0142ug\u0105 klienta<br \/>\n\u25b2 Przy wi\u0119kszych zam\u00f3wieniach istnieje mo\u017cliwo\u015b\u0107 uzyskania rabatu, prosimy o kontakt z obs\u0142ug\u0105 klienta.<br \/>\n\u25b2 <\/span><\/strong><span style=\"color: #ff0000;\"><strong>W celu uzyskania informacji o rzeczywistym czasie dostawy prosimy o kontakt z obs\u0142ug\u0105 klienta: <\/strong><\/span><strong><a href=\"https:\/\/honwaygroup.com\/pl\/skontaktuj-sie-z-nami\/\">Skontaktuj si\u0119 z nami!<\/a><\/strong><\/h5>\n","protected":false},"featured_media":70181,"template":"","meta":{"site-sidebar-layout":"default","site-content-layout":"default","ast-site-content-layout":"default","site-content-style":"default","site-sidebar-style":"default","ast-global-header-display":"","ast-banner-title-visibility":"","ast-main-header-display":"","ast-hfb-above-header-display":"","ast-hfb-below-header-display":"","ast-hfb-mobile-header-display":"","site-post-title":"","ast-breadcrumbs-content":"","ast-featured-img":"","footer-sml-layout":"","ast-disable-related-posts":"","theme-transparent-header-meta":"default","adv-header-id-meta":"","stick-header-meta":"","header-above-stick-meta":"","header-main-stick-meta":"","header-below-stick-meta":"","astra-migrate-meta-layouts":"set","ast-page-background-enabled":"default","ast-page-background-meta":{"desktop":{"background-color":"var(--ast-global-color-5)","background-image":"","background-repeat":"repeat","background-position":"center center","background-size":"auto","background-attachment":"scroll","background-type":"","background-media":"","overlay-type":"","overlay-color":"","overlay-opacity":"","overlay-gradient":""},"tablet":{"background-color":"","background-image":"","background-repeat":"repeat","background-position":"center center","background-size":"auto","background-attachment":"scroll","background-type":"","background-media":"","overlay-type":"","overlay-color":"","overlay-opacity":"","overlay-gradient":""},"mobile":{"background-color":"","background-image":"","background-repeat":"repeat","background-position":"center center","background-size":"auto","background-attachment":"scroll","background-type":"","background-media":"","overlay-type":"","overlay-color":"","overlay-opacity":"","overlay-gradient":""}},"ast-content-background-meta":{"desktop":{"background-color":"var(--ast-global-color-4)","background-image":"","background-repeat":"repeat","background-position":"center center","background-size":"auto","background-attachment":"scroll","background-type":"","background-media":"","overlay-type":"","overlay-color":"","overlay-opacity":"","overlay-gradient":""},"tablet":{"background-color":"var(--ast-global-color-4)","background-image":"","background-repeat":"repeat","background-position":"center center","background-size":"auto","background-attachment":"scroll","background-type":"","background-media":"","overlay-type":"","overlay-color":"","overlay-opacity":"","overlay-gradient":""},"mobile":{"background-color":"var(--ast-global-color-4)","background-image":"","background-repeat":"repeat","background-position":"center center","background-size":"auto","background-attachment":"scroll","background-type":"","background-media":"","overlay-type":"","overlay-color":"","overlay-opacity":"","overlay-gradient":""}}},"product_brand":[],"product_cat":[3466,3467],"product_tag":[3464,3465],"class_list":{"0":"post-70180","1":"product","2":"type-product","3":"status-publish","4":"has-post-thumbnail","6":"product_cat-materialy-eksploatacyjne-do-metalografii","7":"product_cat-tarcze-do-ciecia-metalu","8":"product_tag-tarcze-do-ciecia-metalu","9":"product_tag-ultracienkie-diamentowe-tarcze-tnace","10":"desktop-align-left","11":"tablet-align-left","12":"mobile-align-left","13":"ast-product-gallery-layout-horizontal-slider","14":"ast-product-gallery-with-no-image","15":"ast-product-single-variable","16":"ast-product-tabs-layout-horizontal","18":"first","19":"instock","20":"taxable","21":"shipping-taxable","22":"purchasable","23":"product-type-variable"},"_links":{"self":[{"href":"https:\/\/honwaygroup.com\/pl\/wp-json\/wp\/v2\/product\/70180","targetHints":{"allow":["GET"]}}],"collection":[{"href":"https:\/\/honwaygroup.com\/pl\/wp-json\/wp\/v2\/product"}],"about":[{"href":"https:\/\/honwaygroup.com\/pl\/wp-json\/wp\/v2\/types\/product"}],"version-history":[{"count":0,"href":"https:\/\/honwaygroup.com\/pl\/wp-json\/wp\/v2\/product\/70180\/revisions"}],"wp:featuredmedia":[{"embeddable":true,"href":"https:\/\/honwaygroup.com\/pl\/wp-json\/wp\/v2\/media\/70181"}],"wp:attachment":[{"href":"https:\/\/honwaygroup.com\/pl\/wp-json\/wp\/v2\/media?parent=70180"}],"wp:term":[{"taxonomy":"product_brand","embeddable":true,"href":"https:\/\/honwaygroup.com\/pl\/wp-json\/wp\/v2\/product_brand?post=70180"},{"taxonomy":"product_cat","embeddable":true,"href":"https:\/\/honwaygroup.com\/pl\/wp-json\/wp\/v2\/product_cat?post=70180"},{"taxonomy":"product_tag","embeddable":true,"href":"https:\/\/honwaygroup.com\/pl\/wp-json\/wp\/v2\/product_tag?post=70180"}],"curies":[{"name":"wp","href":"https:\/\/api.w.org\/{rel}","templated":true}]}}