{"id":70122,"date":"2025-02-11T17:26:46","date_gmt":"2025-02-11T09:26:46","guid":{"rendered":"https:\/\/honwaygroup.com\/?post_type=product&#038;p=70122"},"modified":"2025-05-06T10:59:45","modified_gmt":"2025-05-06T02:59:45","slug":"%e9%91%bd%e7%9f%b3%e6%90%aa%e5%ad%94%e9%8a%bc%e5%88%80-%e7%a9%bf%e5%ad%94%e7%a3%a8%e6%a3%92-%e7%a3%a8%e6%a3%92%e7%9b%b4%e5%be%91-o1-0-1-4mm","status":"publish","type":"product","link":"https:\/\/honwaygroup.com\/pl\/produkt\/%e9%91%bd%e7%9f%b3%e6%90%aa%e5%ad%94%e9%8a%bc%e5%88%80-%e7%a9%bf%e5%ad%94%e7%a3%a8%e6%a3%92-%e7%a3%a8%e6%a3%92%e7%9b%b4%e5%be%91-o1-0-1-4mm\/","title":{"rendered":"Diamentowy pilnik honuj\u0105cy | Pr\u0119t \u015bcierny honuj\u0105cy (\u015brednica : \u00d810.1-11.0mm)"},"content":{"rendered":"<h3><strong>Diamentowy pilnik honuj\u0105cy | Pr\u0119t \u015bcierny honuj\u0105cy (\u015brednica : \u00d810.1-11.0mm)<\/strong><\/h3>\n<p>Materia\u0142 diamentowy charakteryzuje si\u0119 bardzo wysok\u0105 odporno\u015bci\u0105 na \u015bcieranie, dlatego pr\u0119t honuj\u0105cy ma d\u0142ug\u0105 \u017cywotno\u015b\u0107 u\u017cytkowania, co zmniejsza cz\u0119stotliwo\u015b\u0107 wymiany.<\/p>\n<h2>Zastosowania:<\/h2>\n<ul>\n<li>Nadaje si\u0119 do obr\u00f3bki otwor\u00f3w w metalu: honowania, gwintowania, rozwiercania, pog\u0142\u0119biania i innych precyzyjnych operacji szlifowania.<\/li>\n<li>Nadaje si\u0119 do szlifowania materia\u0142\u00f3w twardych, takich jak ceramika, szk\u0142o, w\u0119gliki spiekane i kamie\u0144.<\/li>\n<li>Mo\u017ce by\u0107 stosowany do rozwiercania matryc do ci\u0105gnienia drutu, do gwintowania matryc i innych narz\u0119dzi.<\/li>\n<\/ul>\n<h2>Specyfikacja produktu<\/h2>\n<p><a href=\"https:\/\/honwaygroup.com\/wp-content\/uploads\/2025\/02\/\u9000\u62d4\u7a7f\u5b54\u78e8\u68d2\u5de5\u7a0b\u5716-02-1.jpg\"><img fetchpriority=\"high\" decoding=\"async\" class=\"wp-image-70144 size-full\" src=\"https:\/\/honwaygroup.com\/wp-content\/uploads\/2025\/02\/\u9000\u62d4\u7a7f\u5b54\u78e8\u68d2\u5de5\u7a0b\u5716-02-1.jpg\" alt=\"\u9000\u62d4\u7a7f\u5b54\u78e8\u68d2\" width=\"2354\" height=\"604\" \/><\/a><\/p>\n<p>\u203bZaznaczone na rysunku kropki to miejsca, w kt\u00f3rych przymocowany jest materia\u0142 \u015bcierny.<\/p>\n<p>\u203bPrzednia cz\u0119\u015b\u0107 pr\u0119ta honuj\u0105cego b\u0119dzie mia\u0142a cofni\u0119cie (\u00d8A) o -0,15 mm.<\/p>\n<p>Jednostka : mm<\/p>\n<table>\n<tbody>\n<tr>\n<td width=\"79\"><strong>\u00d8A<\/strong><\/p>\n<p><strong>O.D<\/strong><\/td>\n<td width=\"79\"><strong>\u00d8B<\/strong><\/p>\n<p><strong>Shank<\/strong><\/td>\n<td width=\"79\"><strong>D\u0142ugo\u015b\u0107 powierzchni nachylonej L2<\/strong><\/td>\n<td width=\"79\"><strong>T<\/strong><\/td>\n<td width=\"79\"><strong>L<\/strong><\/td>\n<td width=\"79\"><strong>Granulacja<\/strong><\/td>\n<\/tr>\n<tr>\n<td width=\"79\">10.1<\/td>\n<td width=\"79\">9.80<\/td>\n<td width=\"79\">80<\/td>\n<td width=\"79\">120<\/td>\n<td width=\"79\">250<\/td>\n<td width=\"79\">D150<\/td>\n<\/tr>\n<tr>\n<td width=\"79\">10.2<\/td>\n<td width=\"79\">9.90<\/td>\n<td width=\"79\">80<\/td>\n<td width=\"79\">120<\/td>\n<td width=\"79\">250<\/td>\n<td width=\"79\">D150<\/td>\n<\/tr>\n<tr>\n<td width=\"79\">10.3<\/td>\n<td width=\"79\">10.00<\/td>\n<td width=\"79\">80<\/td>\n<td width=\"79\">120<\/td>\n<td width=\"79\">250<\/td>\n<td width=\"79\">D150<\/td>\n<\/tr>\n<tr>\n<td width=\"79\">10.4<\/td>\n<td width=\"79\">10.10<\/td>\n<td width=\"79\">80<\/td>\n<td width=\"79\">120<\/td>\n<td width=\"79\">250<\/td>\n<td width=\"79\">D150<\/td>\n<\/tr>\n<tr>\n<td width=\"79\">10.5<\/td>\n<td width=\"79\">10.20<\/td>\n<td width=\"79\">80<\/td>\n<td width=\"79\">120<\/td>\n<td width=\"79\">250<\/td>\n<td width=\"79\">D150<\/td>\n<\/tr>\n<tr>\n<td width=\"79\">10.6<\/td>\n<td width=\"79\">10.30<\/td>\n<td width=\"79\">80<\/td>\n<td width=\"79\">120<\/td>\n<td width=\"79\">250<\/td>\n<td width=\"79\">D150<\/td>\n<\/tr>\n<tr>\n<td width=\"79\">10.7<\/td>\n<td width=\"79\">10.40<\/td>\n<td width=\"79\">80<\/td>\n<td width=\"79\">120<\/td>\n<td width=\"79\">250<\/td>\n<td width=\"79\">D150<\/td>\n<\/tr>\n<tr>\n<td width=\"79\">10.8<\/td>\n<td width=\"79\">10.50<\/td>\n<td width=\"79\">80<\/td>\n<td width=\"79\">120<\/td>\n<td width=\"79\">250<\/td>\n<td width=\"79\">D150<\/td>\n<\/tr>\n<tr>\n<td width=\"79\">10.9<\/td>\n<td width=\"79\">10.60<\/td>\n<td width=\"79\">80<\/td>\n<td width=\"79\">120<\/td>\n<td width=\"79\">250<\/td>\n<td width=\"79\">D150<\/td>\n<\/tr>\n<tr>\n<td width=\"79\">11.0<\/td>\n<td width=\"79\">10.70<\/td>\n<td width=\"79\">80<\/td>\n<td width=\"79\">120<\/td>\n<td width=\"79\">250<\/td>\n<td width=\"79\">D150<\/td>\n<\/tr>\n<\/tbody>\n<\/table>\n<p><span style=\"font-size: 16px;\">Masz pytanie?\u00a0<\/span><a href=\"https:\/\/honwaygroup.com\/pl\/skontaktuj-sie-z-nami\/\">Skontaktuj si\u0119 z nami!<\/a><\/p>\n","protected":false},"excerpt":{"rendered":"<ul>\n<li>Nadaje si\u0119 do obr\u00f3bki otwor\u00f3w w metalu: honowania, gwintowania, rozwiercania, pog\u0142\u0119biania i innych precyzyjnych operacji szlifowania.<\/li>\n<li>Nadaje si\u0119 do szlifowania materia\u0142\u00f3w twardych, takich jak ceramika, szk\u0142o, w\u0119gliki spiekane i kamie\u0144.<\/li>\n<li>Mo\u017ce by\u0107 stosowany do rozwiercania matryc do ci\u0105gnienia drutu, matryc do gwintowania i innych narz\u0119dzi.<\/li>\n<\/ul>\n<h5><strong><span style=\"color: #ff0000;\">\u25b2Ceny produkt\u00f3w zawieraj\u0105 podatek (wy\u0142\u0105cznie na Tajwanie)<\/span><\/strong><\/h5>\n<h5><strong><span style=\"color: #ff0000;\">\u25b2Ceny produkt\u00f3w nie zawieraj\u0105 podatku VAT oraz op\u0142at celnych<\/span><\/strong><\/h5>\n<h5><strong><span style=\"color: #ff0000;\">\u25b2 W przypadku zapotrzebowania na niestandardowe rozmiary prosimy o kontakt z obs\u0142ug\u0105 klienta. W celu uzyskania informacji o czas realizacji takiego zam\u00f3wienia r\u00f3wnie\u017c prosimy o kontakt z obs\u0142ug\u0105 klienta.<\/span><\/strong><\/h5>\n<h5><span style=\"color: #ff0000;\"><strong>\u25b2 Przy wi\u0119kszych zam\u00f3wieniach istnieje mo\u017cliwo\u015b\u0107 uzyskania rabatu, prosimy o kontakt z obs\u0142ug\u0105 klienta.<\/p>\n<p><\/strong><\/span><\/h5>\n","protected":false},"featured_media":67853,"template":"","meta":{"site-sidebar-layout":"default","site-content-layout":"default","ast-site-content-layout":"default","site-content-style":"default","site-sidebar-style":"default","ast-global-header-display":"","ast-banner-title-visibility":"","ast-main-header-display":"","ast-hfb-above-header-display":"","ast-hfb-below-header-display":"","ast-hfb-mobile-header-display":"","site-post-title":"","ast-breadcrumbs-content":"","ast-featured-img":"","footer-sml-layout":"","ast-disable-related-posts":"","theme-transparent-header-meta":"default","adv-header-id-meta":"","stick-header-meta":"default","header-above-stick-meta":"","header-main-stick-meta":"","header-below-stick-meta":"","astra-migrate-meta-layouts":"set","ast-page-background-enabled":"default","ast-page-background-meta":{"desktop":{"background-color":"var(--ast-global-color-5)","background-image":"","background-repeat":"repeat","background-position":"center center","background-size":"auto","background-attachment":"scroll","background-type":"","background-media":"","overlay-type":"","overlay-color":"","overlay-opacity":"","overlay-gradient":""},"tablet":{"background-color":"","background-image":"","background-repeat":"repeat","background-position":"center center","background-size":"auto","background-attachment":"scroll","background-type":"","background-media":"","overlay-type":"","overlay-color":"","overlay-opacity":"","overlay-gradient":""},"mobile":{"background-color":"","background-image":"","background-repeat":"repeat","background-position":"center center","background-size":"auto","background-attachment":"scroll","background-type":"","background-media":"","overlay-type":"","overlay-color":"","overlay-opacity":"","overlay-gradient":""}},"ast-content-background-meta":{"desktop":{"background-color":"var(--ast-global-color-4)","background-image":"","background-repeat":"repeat","background-position":"center center","background-size":"auto","background-attachment":"scroll","background-type":"","background-media":"","overlay-type":"","overlay-color":"","overlay-opacity":"","overlay-gradient":""},"tablet":{"background-color":"var(--ast-global-color-4)","background-image":"","background-repeat":"repeat","background-position":"center center","background-size":"auto","background-attachment":"scroll","background-type":"","background-media":"","overlay-type":"","overlay-color":"","overlay-opacity":"","overlay-gradient":""},"mobile":{"background-color":"var(--ast-global-color-4)","background-image":"","background-repeat":"repeat","background-position":"center center","background-size":"auto","background-attachment":"scroll","background-type":"","background-media":"","overlay-type":"","overlay-color":"","overlay-opacity":"","overlay-gradient":""}}},"product_brand":[],"product_cat":[3446,3447],"product_tag":[3448,3449],"class_list":{"0":"post-70122","1":"product","2":"type-product","3":"status-publish","4":"has-post-thumbnail","6":"product_cat-dianond-tools-pl","7":"product_cat-diamond-mounted-points-pl","8":"product_tag--pl","10":"pa_diameter-1-0-pl","11":"pa_diameter-1-1-pl","12":"pa_diameter-1-2-pl","13":"pa_diameter-1-3-pl","14":"pa_diameter-1-4-pl","15":"desktop-align-left","16":"tablet-align-left","17":"mobile-align-left","18":"ast-product-gallery-layout-horizontal-slider","19":"ast-product-gallery-with-no-image","20":"ast-product-single-variable","21":"ast-product-tabs-layout-horizontal","23":"first","24":"instock","25":"taxable","26":"shipping-taxable","27":"purchasable","28":"product-type-variable"},"_links":{"self":[{"href":"https:\/\/honwaygroup.com\/pl\/wp-json\/wp\/v2\/product\/70122","targetHints":{"allow":["GET"]}}],"collection":[{"href":"https:\/\/honwaygroup.com\/pl\/wp-json\/wp\/v2\/product"}],"about":[{"href":"https:\/\/honwaygroup.com\/pl\/wp-json\/wp\/v2\/types\/product"}],"version-history":[{"count":0,"href":"https:\/\/honwaygroup.com\/pl\/wp-json\/wp\/v2\/product\/70122\/revisions"}],"wp:featuredmedia":[{"embeddable":true,"href":"https:\/\/honwaygroup.com\/pl\/wp-json\/wp\/v2\/media\/67853"}],"wp:attachment":[{"href":"https:\/\/honwaygroup.com\/pl\/wp-json\/wp\/v2\/media?parent=70122"}],"wp:term":[{"taxonomy":"product_brand","embeddable":true,"href":"https:\/\/honwaygroup.com\/pl\/wp-json\/wp\/v2\/product_brand?post=70122"},{"taxonomy":"product_cat","embeddable":true,"href":"https:\/\/honwaygroup.com\/pl\/wp-json\/wp\/v2\/product_cat?post=70122"},{"taxonomy":"product_tag","embeddable":true,"href":"https:\/\/honwaygroup.com\/pl\/wp-json\/wp\/v2\/product_tag?post=70122"}],"curies":[{"name":"wp","href":"https:\/\/api.w.org\/{rel}","templated":true}]}}