{"id":70081,"date":"2024-10-17T16:18:47","date_gmt":"2024-10-17T08:18:47","guid":{"rendered":"https:\/\/honwaygroup.com\/product\/hcd-pm-cylindryczne-narzedzia-pcd-na-zamowienie\/"},"modified":"2025-06-02T15:06:09","modified_gmt":"2025-06-02T07:06:09","slug":"hcd-pm-cylindryczne-narzedzia-pcd-na-zamowienie","status":"publish","type":"product","link":"https:\/\/honwaygroup.com\/pl\/produkt\/hcd-pm-cylindryczne-narzedzia-pcd-na-zamowienie\/","title":{"rendered":"HCD.PM cylindryczne narz\u0119dzia PCD na zam\u00f3wienie"},"content":{"rendered":"<h1>HCD.PM cylindryczne narz\u0119dzia PCD Cechy produktu<\/h1>\n<p>Mo\u017cliwo\u015b\u0107 regulacji rozmiaru ziaren diamentowych i zawarto\u015bci sk\u0142adnik\u00f3w, takich jak kobalt, pozwala dostosowa\u0107 narz\u0119dzie do r\u00f3\u017cnych wymaga\u0144 w zakresie odporno\u015bci na zu\u017cycie, odporno\u015bci na uderzenia i przewodno\u015bci cieplnej. Narz\u0119dzia skrawaj\u0105ce PCD o cylindrycznym kszta\u0142cie szczeg\u00f3lnie nadaj\u0105 si\u0119 do mikroobr\u00f3bki, spe\u0142niaj\u0105c specjalne wymagania.<\/p>\n<ul>\n<li>Ultrawysoka twardo\u015b\u0107 i odporno\u015b\u0107 na zu\u017cycie.<\/li>\n<li>Mo\u017cliwo\u015b\u0107 projektowania ostrzy o z\u0142o\u017conych kszta\u0142tach, nadaje si\u0119 do obr\u00f3bki aluminium, ceramiki i innych materia\u0142\u00f3w.<\/li>\n<li>Cylindryczne ostrza diamentowe nie maj\u0105 \u017cadnych ogranicze\u0144 w projektowaniu geometrii ostrza wiert\u0142a.<\/li>\n<li>K\u0105t pochylenia wiert\u0142a mo\u017cna dostosowa\u0107 do r\u00f3\u017cnych wymaga\u0144 obr\u00f3bki.<\/li>\n<li>\u017bywotno\u015b\u0107 wierte\u0142 PCD jest 10 razy d\u0142u\u017csza ni\u017c wierte\u0142 ze stopu.<\/li>\n<\/ul>\n<h2>Zastosowanie:<\/h2>\n<ul>\n<li>Odpowiedni do precyzyjnego frezowania, wiercenia i proces\u00f3w CoWos, w takich bran\u017cach jak elektronika, lotnictwo, sprz\u0119t medyczny, przemys\u0142 p\u00f3\u0142przewodnikowy i inne.<\/li>\n<li>Nadaje si\u0119 do ci\u0119cia r\u00f3\u017cnych rodzaj\u00f3w podk\u0142ad\u00f3w p\u00f3\u0142przewodnikowych, takich jak podk\u0142ady z w\u0119glika krzemu, szk\u0142a, ceramiki, tlenku glinu i innych.<\/li>\n<\/ul>\n<h2>Specyfikacja produktu<\/h2>\n<p><a href=\"https:\/\/honwaygroup.com\/wp-content\/uploads\/2024\/10\/HCD.webp\"><img fetchpriority=\"high\" decoding=\"async\" class=\"wp-image-59692 size-full\" src=\"https:\/\/honwaygroup.com\/wp-content\/uploads\/2024\/10\/HCD.webp\" alt=\"HCD.PM\" width=\"625\" height=\"321\" srcset=\"https:\/\/honwaygroup.com\/wp-content\/uploads\/2024\/10\/HCD.webp 625w, https:\/\/honwaygroup.com\/wp-content\/uploads\/2024\/10\/HCD-300x154.webp 300w\" sizes=\"(max-width: 625px) 100vw, 625px\" \/><\/a><\/p>\n<table width=\"633\">\n<tbody>\n<tr>\n<td width=\"62\">Model<\/td>\n<td width=\"75\">Rodzaj produktu<\/td>\n<td width=\"61\">Zastosowanie<\/td>\n<td width=\"76\">Granulacja<\/td>\n<td width=\"132\"><strong>1.\u015arednica<\/strong><\/td>\n<td width=\"66\">K\u0105t spirali<\/td>\n<td width=\"85\"><strong>2. D\u0142ugo\u015b\u0107 ostrza<\/strong><\/td>\n<td width=\"76\"><strong>3. Ca\u0142kowita d\u0142ugo\u015b\u0107<\/strong><\/td>\n<\/tr>\n<tr>\n<td width=\"62\">HCD.PM<\/td>\n<td width=\"75\">cylindryczne<\/td>\n<td width=\"61\">frezowanie<\/p>\n<p>wiercenie<\/td>\n<td width=\"76\">ma\u0142a<\/p>\n<p>\u015brednia<\/p>\n<p>du\u017ca<\/td>\n<td width=\"132\">Wymiary surowca:\u22051.5~\u220525<\/p>\n<p>Wymiary gotowego produktu: \u22053~\u220525<\/td>\n<td width=\"66\">N\/A<\/td>\n<td width=\"85\">0.5~6<\/td>\n<td width=\"76\">1~16<\/td>\n<\/tr>\n<\/tbody>\n<\/table>\n<p>&nbsp;<\/p>\n<p>\u203b jednostka (MM)<\/p>\n<h2>Cechy materia\u0142u<\/h2>\n<p><a href=\"https:\/\/honwaygroup.com\/wp-content\/uploads\/2024\/10\/PCD%E5%88%80%E5%85%B7%E5%B1%95%E6%9E%B6%E8%A8%AD%E8%A8%88-%E5%A4%96%E6%A1%86%E8%BC%B8%E5%87%BA-02.webp\"><img decoding=\"async\" class=\"alignnone wp-image-59722\" title=\"Narz\u0119dzia PCD\" src=\"https:\/\/honwaygroup.com\/wp-content\/uploads\/2024\/10\/PCD%E5%88%80%E5%85%B7%E5%B1%95%E6%9E%B6%E8%A8%AD%E8%A8%88-%E5%A4%96%E6%A1%86%E8%BC%B8%E5%87%BA-02-233x300.webp\" alt=\"Cechy ostrzy PCD\" width=\"543\" height=\"700\"><\/a><\/p>\n<h2>Uwagi:<\/h2>\n<p><strong>1. K\u0105t pochylenia:<\/strong> pojedyncze ostrza PCD nie powinny by\u0107 ustawione prostopadle do \u015brodka \u015bciernicy, zazwyczaj nale\u017cy je pochyli\u0107 o 10-15\u00b0.<\/p>\n<p><strong>2. Ostro\u017cne umieszczanie:<\/strong> podczas umieszczania ostrza PCD w uchwycie nale\u017cy unika\u0107 kolizji ostrza z powierzchni\u0105 \u015bciernicy, aby zapobiec uszkodzeniom.<\/p>\n<p><strong>3. Unikanie przegrzania:<\/strong> nie nale\u017cy hartowa\u0107 rozgrzanych narz\u0119dzi do obr\u00f3bki. Podczas obr\u00f3bki na sucho nale\u017cy odczeka\u0107 wystarczaj\u0105co du\u017co czasu, aby ostrze PCD ostyg\u0142o i aby unikn\u0105\u0107 uszkodze\u0144 spowodowanych przegrzaniem.<\/p>\n<p><strong>4. Wyb\u00f3r odpowiedniego narz\u0119dzia: <\/strong>zamawiaj\u0105c ostrza PCD, nale\u017cy wzi\u0105\u0107 pod uwag\u0119 zakres zastosowania narz\u0119dzia. Zw\u0142aszcza podczas obr\u00f3bki metali \u017celaznych, poniewa\u017c diament w ostrzu PCD i w\u0119giel w stali mog\u0105 reagowa\u0107 chemicznie, co mo\u017ce przyspieszy\u0107 zu\u017cycie narz\u0119dzia.<\/p>\n<p><strong>5. Konserwacja i czyszczenie:<\/strong>podczas wymiany narz\u0119dzi nale\u017cy najpierw usun\u0105\u0107 wszystkie fragmenty z\u0142amanego narz\u0119dzia, aby zapobiec ponownemu uszkodzeniu narz\u0119dzia. Upewnij si\u0119, \u017ce sprz\u0119t do obr\u00f3bki jest stabilny, poniewa\u017c niestabilny sprz\u0119t mo\u017ce powodowa\u0107 wibracje, kt\u00f3re prowadz\u0105 do p\u0119kni\u0119cia narz\u0119dzia.<\/p>\n<p><strong>6. Przechowywanie:<\/strong> podczas przechowywania ostrzy PCD nale\u017cy je umie\u015bci\u0107 oddzielnie, ostrza nie powinny by\u0107 skierowane do siebie, aby unikn\u0105\u0107 uszkodzenia narz\u0119dzia.<\/p>\n","protected":false},"excerpt":{"rendered":"<p><span style=\"font-size: 16px\">Mo\u017cliwo\u015b\u0107 regulacji rozmiaru ziaren diamentowych i zawarto\u015bci sk\u0142adnik\u00f3w, takich jak kobalt, pozwala dostosowa\u0107 narz\u0119dzie do r\u00f3\u017cnych wymaga\u0144 w zakresie odporno\u015bci na zu\u017cycie, odporno\u015bci na uderzenia i przewodno\u015bci cieplnej. Narz\u0119dzia skrawaj\u0105ce PCD o cylindrycznym kszta\u0142cie szczeg\u00f3lnie nadaj\u0105 si\u0119 do mikroobr\u00f3bki, spe\u0142niaj\u0105c specjalne wymagania.<\/span><\/p>\n<ul>\n<li>Ultrawysoka twardo\u015b\u0107 i odporno\u015b\u0107 na zu\u017cycie.<\/li>\n<li>Mo\u017cliwo\u015b\u0107 projektowania ostrzy o z\u0142o\u017conych kszta\u0142tach, nadaje si\u0119 do obr\u00f3bki aluminium, ceramiki i innych materia\u0142\u00f3w.<\/li>\n<li>Cylindryczne ostrza diamentowe nie maj\u0105 \u017cadnych ogranicze\u0144 w projektowaniu geometrii ostrza wiert\u0142a.<\/li>\n<\/ul>\n<h5><strong><span style=\"color: #ff0000;font-size: 19.2px\">\u25b2Ten produkt jest produktem niestandardowym.<\/span><\/strong><strong><span style=\"color: #ff0000;font-size: 19.2px\">W celu uzyskania informacji o cenie prosimy o kontakt z dzia\u0142em obs\u0142ugi klienta:<\/span><\/strong><strong><span style=\"color: #ff0000;font-size: 19.2px\"><a href=\"https:\/\/honwaygroup.com\/pl\/skontaktuj-sie-z-nami\/\" target=\"_blank\" rel=\"noopener\">Skontaktuj si\u0119 z Honway<\/a><\/span><\/strong><\/h5>\n<h5><strong><span style=\"color: #ff0000;font-size: 19.2px\">\u25b2<\/span> <\/strong><strong><span style=\"color: #ff0000;font-size: 19.2px\">W przypadku zapotrzebowania na niestandardowe rozmiary prosimy o kontakt z obs\u0142ug\u0105 klienta. W celu uzyskania informacji o czas realizacji takiego zam\u00f3wienia r\u00f3wnie\u017c prosimy o kontakt z obs\u0142ug\u0105 klienta.<\/span><\/strong><\/h5>\n<h5><strong><span style=\"color: #ff0000;font-size: 19.2px\">\u25b2 Przy wi\u0119kszych zam\u00f3wieniach istnieje mo\u017cliwo\u015b\u0107 uzyskania rabatu, prosimy o kontakt z obs\u0142ug\u0105 klienta.<\/span><\/strong><\/h5>\n<h5><strong><span style=\"color: #ff0000;font-size: 19.2px\">\u25b2<\/span><span style=\"color: #ff0000\">Rzeczywisty czas dostawy zam\u00f3wie\u0144 zagranicznych zale\u017cy od statusu dostawy firmy kurierskiej.<\/span><\/strong><\/h5>\n","protected":false},"featured_media":70082,"template":"","meta":{"site-sidebar-layout":"default","site-content-layout":"default","ast-site-content-layout":"default","site-content-style":"default","site-sidebar-style":"default","ast-global-header-display":"","ast-banner-title-visibility":"","ast-main-header-display":"","ast-hfb-above-header-display":"","ast-hfb-below-header-display":"","ast-hfb-mobile-header-display":"","site-post-title":"","ast-breadcrumbs-content":"","ast-featured-img":"","footer-sml-layout":"","ast-disable-related-posts":"","theme-transparent-header-meta":"default","adv-header-id-meta":"","stick-header-meta":"","header-above-stick-meta":"","header-main-stick-meta":"","header-below-stick-meta":"","astra-migrate-meta-layouts":"set","ast-page-background-enabled":"default","ast-page-background-meta":{"desktop":{"background-color":"var(--ast-global-color-5)","background-image":"","background-repeat":"repeat","background-position":"center center","background-size":"auto","background-attachment":"scroll","background-type":"","background-media":"","overlay-type":"","overlay-color":"","overlay-opacity":"","overlay-gradient":""},"tablet":{"background-color":"","background-image":"","background-repeat":"repeat","background-position":"center center","background-size":"auto","background-attachment":"scroll","background-type":"","background-media":"","overlay-type":"","overlay-color":"","overlay-opacity":"","overlay-gradient":""},"mobile":{"background-color":"","background-image":"","background-repeat":"repeat","background-position":"center center","background-size":"auto","background-attachment":"scroll","background-type":"","background-media":"","overlay-type":"","overlay-color":"","overlay-opacity":"","overlay-gradient":""}},"ast-content-background-meta":{"desktop":{"background-color":"var(--ast-global-color-4)","background-image":"","background-repeat":"repeat","background-position":"center center","background-size":"auto","background-attachment":"scroll","background-type":"","background-media":"","overlay-type":"","overlay-color":"","overlay-opacity":"","overlay-gradient":""},"tablet":{"background-color":"var(--ast-global-color-4)","background-image":"","background-repeat":"repeat","background-position":"center center","background-size":"auto","background-attachment":"scroll","background-type":"","background-media":"","overlay-type":"","overlay-color":"","overlay-opacity":"","overlay-gradient":""},"mobile":{"background-color":"var(--ast-global-color-4)","background-image":"","background-repeat":"repeat","background-position":"center center","background-size":"auto","background-attachment":"scroll","background-type":"","background-media":"","overlay-type":"","overlay-color":"","overlay-opacity":"","overlay-gradient":""}}},"product_brand":[],"product_cat":[3457],"product_tag":[3463,3456],"class_list":{"0":"post-70081","1":"product","2":"type-product","3":"status-publish","4":"has-post-thumbnail","6":"product_cat-ostrza-pcd","7":"product_tag-hcd-pm-cylindryczne","8":"product_tag-narzedzia-pcd","9":"desktop-align-left","10":"tablet-align-left","11":"mobile-align-left","12":"ast-product-gallery-layout-horizontal-slider","13":"ast-product-tabs-layout-horizontal","15":"first","16":"instock","17":"taxable","18":"shipping-taxable","19":"product-type-simple"},"_links":{"self":[{"href":"https:\/\/honwaygroup.com\/pl\/wp-json\/wp\/v2\/product\/70081","targetHints":{"allow":["GET"]}}],"collection":[{"href":"https:\/\/honwaygroup.com\/pl\/wp-json\/wp\/v2\/product"}],"about":[{"href":"https:\/\/honwaygroup.com\/pl\/wp-json\/wp\/v2\/types\/product"}],"version-history":[{"count":0,"href":"https:\/\/honwaygroup.com\/pl\/wp-json\/wp\/v2\/product\/70081\/revisions"}],"wp:featuredmedia":[{"embeddable":true,"href":"https:\/\/honwaygroup.com\/pl\/wp-json\/wp\/v2\/media\/70082"}],"wp:attachment":[{"href":"https:\/\/honwaygroup.com\/pl\/wp-json\/wp\/v2\/media?parent=70081"}],"wp:term":[{"taxonomy":"product_brand","embeddable":true,"href":"https:\/\/honwaygroup.com\/pl\/wp-json\/wp\/v2\/product_brand?post=70081"},{"taxonomy":"product_cat","embeddable":true,"href":"https:\/\/honwaygroup.com\/pl\/wp-json\/wp\/v2\/product_cat?post=70081"},{"taxonomy":"product_tag","embeddable":true,"href":"https:\/\/honwaygroup.com\/pl\/wp-json\/wp\/v2\/product_tag?post=70081"}],"curies":[{"name":"wp","href":"https:\/\/api.w.org\/{rel}","templated":true}]}}