{"id":69892,"date":"2024-10-18T16:07:28","date_gmt":"2024-10-18T08:07:28","guid":{"rendered":"https:\/\/honwaygroup.com\/product\/hcd-rzx-plaskie-narzedzia-pcd-na-zamowienie\/"},"modified":"2025-05-28T13:18:22","modified_gmt":"2025-05-28T05:18:22","slug":"hcd-rzx-plaskie-narzedzia-pcd-na-zamowienie","status":"publish","type":"product","link":"https:\/\/honwaygroup.com\/pl\/produkt\/hcd-rzx-plaskie-narzedzia-pcd-na-zamowienie\/","title":{"rendered":"HCD.RZX p\u0142askie narz\u0119dzia PCD na zam\u00f3wienie"},"content":{"rendered":"<h1>HCD.RZX p\u0142askie narz\u0119dzia PCD Cechy produktu<\/h1>\n<p>Dostosowanie rozmiaru cz\u0105steczek proszku diamentowego w celu zapewnienia doskona\u0142ej odporno\u015bci na zu\u017cycie i wytrzyma\u0142o\u015bci ostrza, szczeg\u00f3lnie odpowiednie dla wiert\u0142 o du\u017cych \u015brednicach, co poprawia efektywno\u015b\u0107 wiercenia.<\/p>\n<ul>\n<li>Szybkie usuwanie wi\u00f3r\u00f3w, niskie koszty oraz \u0142atwo\u015b\u0107 w spawaniu.<\/li>\n<li>Dostosowanie rozmiaru ziaren diamentowych poprawia odporno\u015b\u0107 narz\u0119dzia na zu\u017cycie i precyzj\u0119 ci\u0119cia.<\/li>\n<li>Uproszczona konstrukcja usprawnia proces obr\u00f3bki.<\/li>\n<li>G\u0142\u00f3wne ostrze tn\u0105ce w no\u017cach z ostrzami diamentowymi jest utworzone przez naro\u017cniki i kraw\u0119dzie diamentowych p\u0142ytek, kt\u00f3re tworz\u0105 g\u0142\u00f3wn\u0105 kraw\u0119d\u017a tn\u0105c\u0105, wykonuj\u0105c\u0105 obr\u00f3bk\u0119.<\/li>\n<li>Po\u0142\u0105czenie zgrubnych ziaren diamentowych zwielokrotnia wydajno\u015b\u0107 obr\u00f3bki wiert\u0142ami.<\/li>\n<\/ul>\n<h2>Zastosowanie:<\/h2>\n<ul>\n<li>Szczeg\u00f3lnie nadaje si\u0119 do obr\u00f3bki wierte\u0142 o du\u017cej \u015brednicy, stosowanych w budownictwie, obr\u00f3bce kamienia itp.<\/li>\n<li>Idealne do ci\u0119cia r\u00f3\u017cnych rodzaj\u00f3w substrat\u00f3w p\u00f3\u0142przewodnikowych w procesie CoWos, takich jak substraty w\u0119glika krzemu, szk\u0142a, ceramiki oraz substraty z tlenku glinu.<\/li>\n<\/ul>\n<h2>Specyfikacja produktu<\/h2>\n<figure id=\"attachment_69895\" aria-describedby=\"caption-attachment-69895\" style=\"width: 1250px\" class=\"wp-caption alignnone\"><a href=\"https:\/\/honwaygroup.com\/wp-content\/uploads\/2024\/10\/HCD_%E5%B7%A5%E4%BD%9C%E5%8D%80%E5%9F%9F-1-%E8%A4%87%E6%9C%AC-4.webp\"><img fetchpriority=\"high\" decoding=\"async\" class=\"wp-image-59951 size-full\" src=\"https:\/\/honwaygroup.com\/wp-content\/uploads\/2024\/10\/HCD_%E5%B7%A5%E4%BD%9C%E5%8D%80%E5%9F%9F-1-%E8%A4%87%E6%9C%AC-4.webp\" alt=\"HCD.RZX rdze\u0144 no\u017ca\" width=\"1250\" height=\"642\"><\/a><figcaption id=\"caption-attachment-69895\" class=\"wp-caption-text\">HCD.RZX rdze\u0144 no\u017ca<\/figcaption><\/figure>\n<table width=\"633\">\n<tbody>\n<tr>\n<td width=\"62\">Model<\/td>\n<td width=\"75\">Rodzaj produktu<\/td>\n<td width=\"80\">Zastosowanie<\/td>\n<td width=\"94\">Granulacja<\/td>\n<td width=\"95\"><strong>1.\u015arednica<\/strong><\/td>\n<td width=\"66\">K\u0105t spirali<\/td>\n<td width=\"85\"><strong>2. D\u0142ugo\u015b\u0107 ostrza<\/strong><\/td>\n<td width=\"76\"><strong>3. Ca\u0142kowita d\u0142ugo\u015b\u0107<\/strong><\/td>\n<\/tr>\n<tr>\n<td width=\"62\">HCD.RZX<\/td>\n<td width=\"75\">p\u0142aski<\/td>\n<td width=\"80\">Wiercenie<\/td>\n<td width=\"94\">ma\u0142a<\/p>\n<p>\u015brednia<\/p>\n<p>du\u017ca<\/td>\n<td width=\"95\">\u22056~\u220520<\/td>\n<td width=\"66\">30\u00b0<\/td>\n<td width=\"85\">10~25<\/td>\n<td width=\"76\">10~25<\/td>\n<\/tr>\n<\/tbody>\n<\/table>\n<p><span style=\"font-size: 16px\">\u203b jednostka (MM)<\/span><\/p>\n<h2>Cechy materia\u0142u<\/h2>\n<p><a href=\"https:\/\/honwaygroup.com\/wp-content\/uploads\/2024\/10\/PCD%E5%88%80%E5%85%B7%E5%B1%95%E6%9E%B6%E8%A8%AD%E8%A8%88-%E5%A4%96%E6%A1%86%E8%BC%B8%E5%87%BA-02.webp\"><img decoding=\"async\" class=\"alignnone wp-image-59722\" src=\"https:\/\/honwaygroup.com\/wp-content\/uploads\/2024\/10\/PCD%E5%88%80%E5%85%B7%E5%B1%95%E6%9E%B6%E8%A8%AD%E8%A8%88-%E5%A4%96%E6%A1%86%E8%BC%B8%E5%87%BA-02.webp\" alt=\"Cechy ostrzy PCD\" width=\"543\" height=\"700\"><\/a><\/p>\n<h2>Uwagi:<\/h2>\n<p><strong>1. K\u0105t pochylenia:<\/strong> pojedyncze ostrza PCD nie powinny by\u0107 ustawione prostopadle do \u015brodka \u015bciernicy, zazwyczaj nale\u017cy je pochyli\u0107 o 10-15\u00b0.<\/p>\n<p><strong>2. Ostro\u017cne umieszczanie:<\/strong> podczas umieszczania ostrza PCD w uchwycie nale\u017cy unika\u0107 kolizji ostrza z powierzchni\u0105 \u015bciernicy, aby zapobiec uszkodzeniom.<\/p>\n<p><strong>3. Unikanie przegrzania:<\/strong> nie nale\u017cy hartowa\u0107 rozgrzanych narz\u0119dzi do obr\u00f3bki. Podczas obr\u00f3bki na sucho nale\u017cy odczeka\u0107 wystarczaj\u0105co du\u017co czasu, aby ostrze PCD ostyg\u0142o i aby unikn\u0105\u0107 uszkodze\u0144 spowodowanych przegrzaniem.<\/p>\n<p><strong>4. Wyb\u00f3r odpowiedniego narz\u0119dzia: <\/strong>zamawiaj\u0105c ostrza PCD, nale\u017cy wzi\u0105\u0107 pod uwag\u0119 zakres zastosowania narz\u0119dzia. Zw\u0142aszcza podczas obr\u00f3bki metali \u017celaznych, poniewa\u017c diament w ostrzu PCD i w\u0119giel w stali mog\u0105 reagowa\u0107 chemicznie, co mo\u017ce przyspieszy\u0107 zu\u017cycie narz\u0119dzia.<\/p>\n<p><strong>5. Konserwacja i czyszczenie:<\/strong>podczas wymiany narz\u0119dzi nale\u017cy najpierw usun\u0105\u0107 wszystkie fragmenty z\u0142amanego narz\u0119dzia, aby zapobiec ponownemu uszkodzeniu narz\u0119dzia. Upewnij si\u0119, \u017ce sprz\u0119t do obr\u00f3bki jest stabilny, poniewa\u017c niestabilny sprz\u0119t mo\u017ce powodowa\u0107 wibracje, kt\u00f3re prowadz\u0105 do p\u0119kni\u0119cia narz\u0119dzia.<\/p>\n<p><strong>6. Przechowywanie:<\/strong> podczas przechowywania ostrzy PCD nale\u017cy je umie\u015bci\u0107 oddzielnie, ostrza nie powinny by\u0107 skierowane do siebie, aby unikn\u0105\u0107 uszkodzenia narz\u0119dzia.<\/p>\n","protected":false},"excerpt":{"rendered":"<p>Dostosowanie rozmiaru cz\u0105steczek proszku diamentowego w celu zapewnienia doskona\u0142ej odporno\u015bci na zu\u017cycie i wytrzyma\u0142o\u015bci ostrza, szczeg\u00f3lnie odpowiednie dla wiert\u0142 o du\u017cych \u015brednicach, co poprawia efektywno\u015b\u0107 wiercenia.<\/p>\n<ul>\n<li>Szybkie usuwanie wi\u00f3r\u00f3w, niskie koszty oraz \u0142atwo\u015b\u0107 w spawaniu.<\/li>\n<li>Dostosowanie rozmiaru ziaren diamentowych poprawia odporno\u015b\u0107 narz\u0119dzia na zu\u017cycie i precyzj\u0119 ci\u0119cia.<\/li>\n<li>Uproszczona konstrukcja usprawnia proces obr\u00f3bki.<\/li>\n<li>G\u0142\u00f3wne ostrze tn\u0105ce w no\u017cach z ostrzami diamentowymi jest utworzone przez naro\u017cniki i kraw\u0119dzie diamentowych p\u0142ytek, kt\u00f3re tworz\u0105 g\u0142\u00f3wn\u0105 kraw\u0119d\u017a tn\u0105c\u0105, wykonuj\u0105c\u0105 obr\u00f3bk\u0119.<\/li>\n<\/ul>\n<h5><strong><span style=\"color: #ff0000;font-size: 19.2px\">\u25b2Ten produkt jest produktem niestandardowym.<\/span><\/strong><strong><span style=\"color: #ff0000;font-size: 19.2px\">W celu uzyskania informacji o cenie prosimy o kontakt z dzia\u0142em obs\u0142ugi klienta:<\/span><\/strong><strong><span style=\"color: #ff0000;font-size: 19.2px\"><a href=\"https:\/\/honwaygroup.com\/pl\/skontaktuj-sie-z-nami\/\" target=\"_blank\" rel=\"noopener\">Skontaktuj si\u0119 z Honway<\/a><\/span><\/strong><\/h5>\n<h5><strong><span style=\"color: #ff0000;font-size: 19.2px\">\u25b2<\/span> <\/strong><strong><span style=\"color: #ff0000;font-size: 19.2px\">W przypadku zapotrzebowania na niestandardowe rozmiary prosimy o kontakt z obs\u0142ug\u0105 klienta. W celu uzyskania informacji o czas realizacji takiego zam\u00f3wienia r\u00f3wnie\u017c prosimy o kontakt z obs\u0142ug\u0105 klienta.<\/span><\/strong><\/h5>\n<h5><strong><span style=\"color: #ff0000;font-size: 19.2px\">\u25b2 Przy wi\u0119kszych zam\u00f3wieniach istnieje mo\u017cliwo\u015b\u0107 uzyskania rabatu, prosimy o kontakt z obs\u0142ug\u0105 klienta.<\/span><\/strong><\/h5>\n<h5><strong><span style=\"color: #ff0000;font-size: 19.2px\">\u25b2<\/span><span style=\"color: #ff0000\">Rzeczywisty czas dostawy zam\u00f3wie\u0144 zagranicznych zale\u017cy od statusu dostawy firmy kurierskiej.<\/span><\/strong><\/h5>\n<p>&nbsp;<\/p>\n<p>&nbsp;<\/p>\n","protected":false},"featured_media":69893,"template":"","meta":{"site-sidebar-layout":"default","site-content-layout":"default","ast-site-content-layout":"default","site-content-style":"default","site-sidebar-style":"default","ast-global-header-display":"","ast-banner-title-visibility":"","ast-main-header-display":"","ast-hfb-above-header-display":"","ast-hfb-below-header-display":"","ast-hfb-mobile-header-display":"","site-post-title":"","ast-breadcrumbs-content":"","ast-featured-img":"","footer-sml-layout":"","ast-disable-related-posts":"","theme-transparent-header-meta":"default","adv-header-id-meta":"","stick-header-meta":"","header-above-stick-meta":"","header-main-stick-meta":"","header-below-stick-meta":"","astra-migrate-meta-layouts":"set","ast-page-background-enabled":"default","ast-page-background-meta":{"desktop":{"background-color":"var(--ast-global-color-5)","background-image":"","background-repeat":"repeat","background-position":"center center","background-size":"auto","background-attachment":"scroll","background-type":"","background-media":"","overlay-type":"","overlay-color":"","overlay-opacity":"","overlay-gradient":""},"tablet":{"background-color":"","background-image":"","background-repeat":"repeat","background-position":"center center","background-size":"auto","background-attachment":"scroll","background-type":"","background-media":"","overlay-type":"","overlay-color":"","overlay-opacity":"","overlay-gradient":""},"mobile":{"background-color":"","background-image":"","background-repeat":"repeat","background-position":"center center","background-size":"auto","background-attachment":"scroll","background-type":"","background-media":"","overlay-type":"","overlay-color":"","overlay-opacity":"","overlay-gradient":""}},"ast-content-background-meta":{"desktop":{"background-color":"var(--ast-global-color-4)","background-image":"","background-repeat":"repeat","background-position":"center center","background-size":"auto","background-attachment":"scroll","background-type":"","background-media":"","overlay-type":"","overlay-color":"","overlay-opacity":"","overlay-gradient":""},"tablet":{"background-color":"var(--ast-global-color-4)","background-image":"","background-repeat":"repeat","background-position":"center center","background-size":"auto","background-attachment":"scroll","background-type":"","background-media":"","overlay-type":"","overlay-color":"","overlay-opacity":"","overlay-gradient":""},"mobile":{"background-color":"var(--ast-global-color-4)","background-image":"","background-repeat":"repeat","background-position":"center center","background-size":"auto","background-attachment":"scroll","background-type":"","background-media":"","overlay-type":"","overlay-color":"","overlay-opacity":"","overlay-gradient":""}}},"product_brand":[],"product_cat":[3457],"product_tag":[3459,3456],"class_list":{"0":"post-69892","1":"product","2":"type-product","3":"status-publish","4":"has-post-thumbnail","6":"product_cat-ostrza-pcd","7":"product_tag-hcd-rzx-plaskie","8":"product_tag-narzedzia-pcd","9":"desktop-align-left","10":"tablet-align-left","11":"mobile-align-left","12":"ast-product-gallery-layout-horizontal-slider","13":"ast-product-tabs-layout-horizontal","15":"first","16":"instock","17":"taxable","18":"shipping-taxable","19":"product-type-simple"},"_links":{"self":[{"href":"https:\/\/honwaygroup.com\/pl\/wp-json\/wp\/v2\/product\/69892","targetHints":{"allow":["GET"]}}],"collection":[{"href":"https:\/\/honwaygroup.com\/pl\/wp-json\/wp\/v2\/product"}],"about":[{"href":"https:\/\/honwaygroup.com\/pl\/wp-json\/wp\/v2\/types\/product"}],"version-history":[{"count":0,"href":"https:\/\/honwaygroup.com\/pl\/wp-json\/wp\/v2\/product\/69892\/revisions"}],"wp:featuredmedia":[{"embeddable":true,"href":"https:\/\/honwaygroup.com\/pl\/wp-json\/wp\/v2\/media\/69893"}],"wp:attachment":[{"href":"https:\/\/honwaygroup.com\/pl\/wp-json\/wp\/v2\/media?parent=69892"}],"wp:term":[{"taxonomy":"product_brand","embeddable":true,"href":"https:\/\/honwaygroup.com\/pl\/wp-json\/wp\/v2\/product_brand?post=69892"},{"taxonomy":"product_cat","embeddable":true,"href":"https:\/\/honwaygroup.com\/pl\/wp-json\/wp\/v2\/product_cat?post=69892"},{"taxonomy":"product_tag","embeddable":true,"href":"https:\/\/honwaygroup.com\/pl\/wp-json\/wp\/v2\/product_tag?post=69892"}],"curies":[{"name":"wp","href":"https:\/\/api.w.org\/{rel}","templated":true}]}}