{"id":69836,"date":"2024-11-06T10:43:36","date_gmt":"2024-11-06T02:43:36","guid":{"rendered":"https:\/\/honwaygroup.com\/?post_type=product&#038;p=69836"},"modified":"2025-05-27T17:57:56","modified_gmt":"2025-05-27T09:57:56","slug":"noz-tokarski-pcd-i-cbn-ostatnie-sztuki","status":"publish","type":"product","link":"https:\/\/honwaygroup.com\/pl\/produkt\/noz-tokarski-pcd-i-cbn-ostatnie-sztuki\/","title":{"rendered":"N\u00f3\u017c tokarski PCD i CBN (ostatnie sztuki)"},"content":{"rendered":"<h3>N\u00f3\u017c tokarski PCD i CBN<\/h3>\n<p>Polikrystaliczny diament (PCD) i borek azotu (CBN) charakteryzuj\u0105 si\u0119 wy\u017csz\u0105 twardo\u015bci\u0105 i odporno\u015bci\u0105 na zu\u017cycie w por\u00f3wnaniu do innych narz\u0119dzi skrawaj\u0105cych.<\/p>\n<ul>\n<li><strong>Zalety\uff1a<\/strong> d\u0142u\u017csza \u017cywotno\u015b\u0107 narz\u0119dzi, zwi\u0119kszenie precyzji obr\u00f3bki przedmiot\u00f3w oraz poprawa jako\u015bci powierzchni, obni\u017cenie koszt\u00f3w obr\u00f3bki przedmiot\u00f3w, a tak\u017ce zwi\u0119kszenie wydajno\u015bci produkcji maszyn<\/li>\n<\/ul>\n<h2><strong>Specyfikacja produktu:<\/strong><\/h2>\n<table>\n<tbody>\n<tr>\n<td width=\"170\"><\/td>\n<td width=\"100\">Materia\u0142 ostrza<\/td>\n<td width=\"47\">W<\/td>\n<td width=\"47\">H<\/td>\n<td width=\"52\">L<\/td>\n<td width=\"49\">R<\/td>\n<td width=\"47\">V\u00b0<\/td>\n<td width=\"42\">S<\/td>\n<\/tr>\n<tr>\n<td width=\"170\">Typ 33<\/p>\n<p><a href=\"https:\/\/honwaygroup.com\/wp-content\/uploads\/2024\/11\/\u805a\u6676\u947d\u77f3\u3001\u6c2e\u5316\u787c\u8eca\u5200_\u5de5\u4f5c\u5340\u57df-1-\u8907\u672c-29-e1689669233340.jpg\"><img fetchpriority=\"high\" decoding=\"async\" class=\" wp-image-60917\" src=\"https:\/\/honwaygroup.com\/wp-content\/uploads\/2024\/11\/\u805a\u6676\u947d\u77f3\u3001\u6c2e\u5316\u787c\u8eca\u5200_\u5de5\u4f5c\u5340\u57df-1-\u8907\u672c-29-e1689669233340.jpg\" alt=\"33\u578b\" width=\"408\" height=\"190\" \/><\/a><\/td>\n<td width=\"100\">PCD<\/td>\n<td width=\"47\">19<\/td>\n<td width=\"47\">19<\/td>\n<td width=\"52\">120<\/td>\n<td width=\"49\">0.1<\/td>\n<td width=\"47\">0<\/td>\n<td width=\"42\">0<\/td>\n<\/tr>\n<tr>\n<td width=\"170\">Typ 37<\/p>\n<p><a href=\"https:\/\/honwaygroup.com\/wp-content\/uploads\/2024\/11\/\u805a\u6676\u947d\u77f3\u3001\u6c2e\u5316\u787c\u8eca\u5200_\u5de5\u4f5c\u5340\u57df-1-\u8907\u672c-32-e1689669271644.jpg\"><img decoding=\"async\" class=\" wp-image-60921\" src=\"https:\/\/honwaygroup.com\/wp-content\/uploads\/2024\/11\/\u805a\u6676\u947d\u77f3\u3001\u6c2e\u5316\u787c\u8eca\u5200_\u5de5\u4f5c\u5340\u57df-1-\u8907\u672c-32-e1689669271644.jpg\" alt=\"37\u578b\" width=\"425\" height=\"206\" \/><\/a><\/td>\n<td width=\"100\">PCD<\/td>\n<td width=\"47\">16<\/td>\n<td width=\"47\">16<\/td>\n<td width=\"52\">150<\/td>\n<td width=\"49\">0.3<\/td>\n<td width=\"47\">10<\/td>\n<td width=\"42\">2<\/td>\n<\/tr>\n<tr>\n<td width=\"170\">Specyfikacje specjalne<\/p>\n<p><a href=\"https:\/\/honwaygroup.com\/wp-content\/uploads\/2024\/11\/\u7279\u6b8a\u898f\u683c_\u5de5\u4f5c\u5340\u57df-1.jpg\"><img decoding=\"async\" class=\"wp-image-63569 \" src=\"https:\/\/honwaygroup.com\/wp-content\/uploads\/2024\/11\/\u7279\u6b8a\u898f\u683c_\u5de5\u4f5c\u5340\u57df-1-300x140.jpg\" alt=\"\u7279\u6b8a\u898f\u683c\" width=\"410\" height=\"192\" \/><\/a><\/td>\n<td width=\"100\">PCD<\/td>\n<td width=\"47\">16<\/td>\n<td width=\"47\">16<\/td>\n<td width=\"52\">123<\/td>\n<td width=\"49\">0.3<\/td>\n<td width=\"47\">0<\/td>\n<td width=\"42\">0<\/td>\n<\/tr>\n<\/tbody>\n<\/table>\n<ul>\n<li>produkt niestandardowy \u2013 mo\u017cliwo\u015b\u0107 dostosowania na podstawie rysunku<\/li>\n<\/ul>\n<h2><strong>Uwagi:<\/strong><\/h2>\n<ul>\n<li>ten produkt jest produktem niestandardowym<\/li>\n<li>ilo\u015b\u0107 ograniczona &#8211; sprzeda\u017c do wyczerpania zapas\u00f3w<\/li>\n<\/ul>\n<p><span style=\"font-size: 16px;\">Masz pytanie?\u00a0 <\/span><a style=\"font-size: 16px; background-color: #ffffff;\" href=\"https:\/\/honwaygroup.com\/pl\/skontaktuj-sie-z-nami\/\" target=\"_blank\" rel=\"nofollow noopener\">Skontaktuj si\u0119 z nami!<\/a><\/p>\n","protected":false},"excerpt":{"rendered":"<div id=\"desWrap\">{Zapraszamy do zapytania o wycen\u0119}<br \/>\nPolikrystaliczny diament (PCD) i borek azotu (CBN) charakteryzuj\u0105 si\u0119 wy\u017csz\u0105 twardo\u015bci\u0105 i odporno\u015bci\u0105 na zu\u017cycie w por\u00f3wnaniu do innych narz\u0119dzi skrawaj\u0105cych. Zalety to<span style=\"font-size: 16px;\"> d\u0142u\u017csza \u017cywotno\u015b\u0107 narz\u0119dzi, zwi\u0119kszenie precyzji obr\u00f3bki przedmiot\u00f3w oraz poprawa jako\u015bci powierzchni, obni\u017cenie koszt\u00f3w obr\u00f3bki przedmiot\u00f3w, a tak\u017ce zwi\u0119kszenie wydajno\u015bci produkcji maszyn.<\/span><\/p>\n<h4><strong>Zakres zastosowania:<\/strong><\/h4>\n<ul>\n<li>Diament polikrystaliczny (PCD): stopy miedzi, stopy aluminium, w\u0119gliki spiekane i ceramika, stopy \u017celaza o wysokiej zawarto\u015bci chromu i niklu, stopy \u017celaza o wysokiej zawarto\u015bci kobaltu, F.R.P. (tworzywa sztuczne wzmocnione w\u0142\u00f3knem szklanym), twarde gumy, grafit<\/li>\n<li>Polikrystaliczny sze\u015bcienny azotek boru (PCBN): stal hartowana (HRC 45 &#8211; 68), stal nierdzewna (SUS), stale \u017caroodporne: stopy na bazie niklu, stopy na bazie kobaltu, \u017celiwo bia\u0142e, \u017celiwo sferoidalne, stale narz\u0119dziowe: stal chromowo-molibdenowa, stal niklowo-chromowo-molibdenowa<\/li>\n<\/ul>\n<h5><span style=\"color: #ff0000;\"><strong>\u25b2Ceny produkt\u00f3w zawieraj\u0105 podatek (wy\u0142\u0105cznie na Tajwanie)<\/strong><\/span><\/h5>\n<h5><span style=\"color: #ff0000;\"><strong>\u25b2<\/strong><\/span><span style=\"color: #ff0000;\"><strong>Ceny produkt\u00f3w nie zawieraj\u0105 podatku VAT oraz op\u0142at celnych<\/strong><\/span><\/h5>\n<h5><strong><span style=\"color: #ff0000; font-size: 19.2px;\">\u25b2 Je\u015bli potrzebujesz niestandardowych rozmiar\u00f3w, prosimy o kontakt z obs\u0142ug\u0105 klienta. <b>W celu uzyskania informacji o czasie realizacji zam\u00f3wienia oraz czasie dostawy prosimy o kontakt z obs\u0142ug\u0105 klienta.<\/b><\/span><\/strong><\/h5>\n<h5><strong><span style=\"color: #ff0000; font-size: 19.2px;\">\u25b2 Ten produkt jest niestandardowy<\/span><\/strong><\/h5>\n<h5><strong><span style=\"color: #ff0000; font-size: 19.2px;\">\u25b2 <\/span><\/strong><strong style=\"font-size: 1.2em;\"><span style=\"color: #ff0000; font-size: 19.2px;\">Ostatnie sztuki: ilo\u015b\u0107 ograniczona \u2013 sprzeda\u017c do wyczerpania zapas\u00f3w<\/span><\/strong><\/h5>\n<h5><span style=\"color: #ff0000;\"><b>\u25b2Czas realizacji wysy\u0142ki mi\u0119dzynarodowej (poza teren Tajwanu) wynosi 7-14 dni, natomiast rzeczywisty czas dostawy zale\u017cy od danej firmy kurierskiej. <\/b><\/span><\/h5>\n<\/div>\n","protected":false},"featured_media":69837,"template":"","meta":{"site-sidebar-layout":"default","site-content-layout":"default","ast-site-content-layout":"default","site-content-style":"default","site-sidebar-style":"default","ast-global-header-display":"","ast-banner-title-visibility":"","ast-main-header-display":"","ast-hfb-above-header-display":"","ast-hfb-below-header-display":"","ast-hfb-mobile-header-display":"","site-post-title":"","ast-breadcrumbs-content":"","ast-featured-img":"","footer-sml-layout":"","ast-disable-related-posts":"","theme-transparent-header-meta":"default","adv-header-id-meta":"","stick-header-meta":"default","header-above-stick-meta":"","header-main-stick-meta":"","header-below-stick-meta":"","astra-migrate-meta-layouts":"set","ast-page-background-enabled":"default","ast-page-background-meta":{"desktop":{"background-color":"var(--ast-global-color-5)","background-image":"","background-repeat":"repeat","background-position":"center center","background-size":"auto","background-attachment":"scroll","background-type":"","background-media":"","overlay-type":"","overlay-color":"","overlay-opacity":"","overlay-gradient":""},"tablet":{"background-color":"","background-image":"","background-repeat":"repeat","background-position":"center center","background-size":"auto","background-attachment":"scroll","background-type":"","background-media":"","overlay-type":"","overlay-color":"","overlay-opacity":"","overlay-gradient":""},"mobile":{"background-color":"","background-image":"","background-repeat":"repeat","background-position":"center center","background-size":"auto","background-attachment":"scroll","background-type":"","background-media":"","overlay-type":"","overlay-color":"","overlay-opacity":"","overlay-gradient":""}},"ast-content-background-meta":{"desktop":{"background-color":"var(--ast-global-color-4)","background-image":"","background-repeat":"repeat","background-position":"center center","background-size":"auto","background-attachment":"scroll","background-type":"","background-media":"","overlay-type":"","overlay-color":"","overlay-opacity":"","overlay-gradient":""},"tablet":{"background-color":"var(--ast-global-color-4)","background-image":"","background-repeat":"repeat","background-position":"center center","background-size":"auto","background-attachment":"scroll","background-type":"","background-media":"","overlay-type":"","overlay-color":"","overlay-opacity":"","overlay-gradient":""},"mobile":{"background-color":"var(--ast-global-color-4)","background-image":"","background-repeat":"repeat","background-position":"center center","background-size":"auto","background-attachment":"scroll","background-type":"","background-media":"","overlay-type":"","overlay-color":"","overlay-opacity":"","overlay-gradient":""}}},"product_brand":[],"product_cat":[3446,3484,3624,3485],"product_tag":[3970,3772],"class_list":{"0":"post-69836","1":"product","2":"type-product","3":"status-publish","4":"has-post-thumbnail","6":"product_cat-dianond-tools-pl","7":"product_cat-inne","8":"product_cat-noze-tokarskie-diamentowe-cbn","9":"product_cat-ostatnie-sztuki","10":"product_tag-diamentowe-noze-tokarskie","11":"product_tag-noze-tokarskie-cbn","12":"desktop-align-left","13":"tablet-align-left","14":"mobile-align-left","15":"ast-product-gallery-layout-horizontal-slider","16":"ast-product-single-variable","17":"ast-product-tabs-layout-horizontal","19":"first","20":"instock","21":"taxable","22":"shipping-taxable","23":"purchasable","24":"product-type-variable"},"_links":{"self":[{"href":"https:\/\/honwaygroup.com\/pl\/wp-json\/wp\/v2\/product\/69836","targetHints":{"allow":["GET"]}}],"collection":[{"href":"https:\/\/honwaygroup.com\/pl\/wp-json\/wp\/v2\/product"}],"about":[{"href":"https:\/\/honwaygroup.com\/pl\/wp-json\/wp\/v2\/types\/product"}],"version-history":[{"count":0,"href":"https:\/\/honwaygroup.com\/pl\/wp-json\/wp\/v2\/product\/69836\/revisions"}],"wp:featuredmedia":[{"embeddable":true,"href":"https:\/\/honwaygroup.com\/pl\/wp-json\/wp\/v2\/media\/69837"}],"wp:attachment":[{"href":"https:\/\/honwaygroup.com\/pl\/wp-json\/wp\/v2\/media?parent=69836"}],"wp:term":[{"taxonomy":"product_brand","embeddable":true,"href":"https:\/\/honwaygroup.com\/pl\/wp-json\/wp\/v2\/product_brand?post=69836"},{"taxonomy":"product_cat","embeddable":true,"href":"https:\/\/honwaygroup.com\/pl\/wp-json\/wp\/v2\/product_cat?post=69836"},{"taxonomy":"product_tag","embeddable":true,"href":"https:\/\/honwaygroup.com\/pl\/wp-json\/wp\/v2\/product_tag?post=69836"}],"curies":[{"name":"wp","href":"https:\/\/api.w.org\/{rel}","templated":true}]}}