{"id":69828,"date":"2024-11-27T09:35:58","date_gmt":"2024-11-27T01:35:58","guid":{"rendered":"https:\/\/honwaygroup.com\/?post_type=product&#038;p=69828"},"modified":"2025-05-27T16:44:09","modified_gmt":"2025-05-27T08:44:09","slug":"szczotka-diamentowa-ostatnie-sztuki","status":"publish","type":"product","link":"https:\/\/honwaygroup.com\/pl\/produkt\/szczotka-diamentowa-ostatnie-sztuki\/","title":{"rendered":"Szczotka diamentowa (ostatnie sztuki)"},"content":{"rendered":"<h3>Szczotka diamentowa<\/h3>\n<h2><strong>Cechy produktu:<\/strong><\/h2>\n<ul>\n<li>wymaga u\u017cycia szlifierki z nap\u0119dem elektrycznym<\/li>\n<li>przeznaczona do materia\u0142\u00f3w twardych: jadeit, kryszta\u0142, w\u0119glik tungstenowy, stopy tytanu itp.<\/li>\n<li>mo\u017ce pokona\u0107 cz\u0119\u015b\u0107 nieregularnych powierzchni, wykonuj\u0105c ich utwardzanie, szlifowanie i polerowanie<\/li>\n<li>materia\u0142 nylonowy, cechuj\u0105cy si\u0119 elastyczno\u015bci\u0105 i odporno\u015bci\u0105 na \u015bcieranie<\/li>\n<li>nie wymaga dodatkowych materia\u0142\u00f3w \u015bciernych, co sprawia, \u017ce jest produktem bardziej ekologicznym<\/li>\n<li>opracowany i wyprodukowany na Tajwanie (R.O.C.)<\/li>\n<\/ul>\n<h2><strong>Specyfikacja produktu:<\/strong><\/h2>\n<p>Specyfikacja szczotki diamentowej do polerowania z uchwytem prostym:<\/p>\n<p><a href=\"https:\/\/honwaygroup.com\/wp-content\/uploads\/2024\/11\/messageImage_1732670907116.jpg\"><img fetchpriority=\"high\" decoding=\"async\" class=\"wp-image-62205 \" src=\"https:\/\/honwaygroup.com\/wp-content\/uploads\/2024\/11\/messageImage_1732670907116.jpg\" alt=\"\u76f4\u67c4\u947d\u77f3\u6bdb\u5237\" width=\"232\" height=\"444\" \/><\/a><\/p>\n<table>\n<tbody>\n<tr>\n<td width=\"69\">kod<\/td>\n<td width=\"69\">\u2300D<\/td>\n<td width=\"69\">\u2300d<\/td>\n<td width=\"69\">T<\/td>\n<td width=\"69\">N<\/td>\n<td width=\"69\">L<\/td>\n<td width=\"69\">\u2300B<\/td>\n<td width=\"69\">#granulacja<\/td>\n<\/tr>\n<tr>\n<td width=\"69\">DB6-25D<\/td>\n<td width=\"69\">25<\/td>\n<td width=\"69\">23<\/td>\n<td width=\"69\">21<\/td>\n<td width=\"69\">24<\/td>\n<td width=\"69\">57<\/td>\n<td width=\"69\">6<\/td>\n<td width=\"69\">#600#1000<\/td>\n<\/tr>\n<\/tbody>\n<\/table>\n<h2>Specyfikacja szczotki diamentowej:<\/h2>\n<p><a href=\"https:\/\/honwaygroup.com\/wp-content\/uploads\/2024\/11\/1654845288148.jpg\"><img decoding=\"async\" class=\"alignnone wp-image-65968 size-full\" src=\"https:\/\/honwaygroup.com\/wp-content\/uploads\/2024\/11\/1654845288148.jpg\" alt=\"\" width=\"987\" height=\"259\" \/><\/a><\/p>\n<table>\n<tbody>\n<tr>\n<td width=\"69\">model<\/td>\n<td width=\"69\">\u2300D<\/td>\n<td width=\"69\">W<\/td>\n<td width=\"69\">T<\/td>\n<td width=\"69\">H<\/td>\n<td width=\"69\">#granulacja<\/td>\n<\/tr>\n<tr>\n<td width=\"69\">p\u0142aski<\/td>\n<td width=\"69\">100<\/td>\n<td width=\"69\">10<\/td>\n<td width=\"69\">10<\/td>\n<td width=\"69\">10<\/td>\n<td width=\"69\">#3000<\/td>\n<\/tr>\n<\/tbody>\n<\/table>\n<p>Jednostka:mm<\/p>\n<ul>\n<li>Produkt niestandardowy \u2013 mo\u017cliwo\u015b\u0107 dostosowania na podstawie rysunku<\/li>\n<\/ul>\n<h2><strong>Uwagi:<\/strong><\/h2>\n<ul>\n<li style=\"list-style-type: none;\">\n<ul>\n<li>aby unikn\u0105\u0107 odkszta\u0142cenia, nie naciskaj zbyt mocno<\/li>\n<li>w zale\u017cno\u015bci od sytuacji, mo\u017cna doda\u0107 wod\u0119 lub olej w celu obni\u017cenia temperatury, aby zapobiec topnieniu i zbrylaniu si\u0119.<\/li>\n<\/ul>\n<\/li>\n<\/ul>\n<p><span style=\"font-size: 16px;\">Masz pytanie?\u00a0 <\/span><a style=\"font-size: 16px; background-color: #ffffff;\" href=\"https:\/\/honwaygroup.com\/pl\/skontaktuj-sie-z-nami\/\" target=\"_blank\" rel=\"nofollow noopener\">Skontaktuj si\u0119 z nami!<\/a><\/p>\n","protected":false},"excerpt":{"rendered":"<div id=\"desWrap\">\n<h4><strong>Cechy produktu:<\/strong><\/h4>\n<ul>\n<li>wymaga u\u017cycia szlifierki z nap\u0119dem elektrycznym<\/li>\n<li>przeznaczona do materia\u0142\u00f3w twardych: jadeit, kryszta\u0142, w\u0119glik tungstenowy, stopy tytanu itp.<\/li>\n<li>mo\u017ce pokona\u0107 cz\u0119\u015b\u0107 nieregularnych powierzchni, wykonuj\u0105c ich utwardzanie, szlifowanie i polerowanie<\/li>\n<li>materia\u0142 nylonowy, cechuj\u0105cy si\u0119 elastyczno\u015bci\u0105 i odporno\u015bci\u0105 na \u015bcieranie<\/li>\n<li>nie wymaga dodatkowych materia\u0142\u00f3w \u015bciernych, co sprawia, \u017ce jest produktem bardziej ekologicznym<\/li>\n<li>opracowany i wyprodukowany na Tajwanie (R.O.C.)<\/li>\n<\/ul>\n<h5><span style=\"color: #ff0000;\"><strong>\u25b2Ceny produkt\u00f3w zawieraj\u0105 podatek (wy\u0142\u0105cznie na Tajwanie)<\/strong><\/span><\/h5>\n<h5><span style=\"color: #ff0000;\"><strong>\u25b2<\/strong><\/span><span style=\"color: #ff0000;\"><strong>Ceny produkt\u00f3w nie zawieraj\u0105 podatku VAT oraz op\u0142at celnych<\/strong><\/span><\/h5>\n<h5><strong><span style=\"color: #ff0000; font-size: 19.2px;\">\u25b2 Je\u015bli potrzebujesz niestandardowych rozmiar\u00f3w, prosimy o kontakt z obs\u0142ug\u0105 klienta. <b>W celu uzyskania informacji o czasie realizacji zam\u00f3wienia oraz czasie dostawy prosimy o kontakt z obs\u0142ug\u0105 klienta.<\/b><\/span><\/strong><\/h5>\n<h5><strong><span style=\"color: #ff0000; font-size: 19.2px;\">\u25b2 <\/span><\/strong><strong style=\"font-size: 1.2em;\"><span style=\"color: #ff0000; font-size: 19.2px;\">Ostatnie sztuki: ilo\u015b\u0107 ograniczona \u2013 sprzeda\u017c do wyczerpania zapas\u00f3w<\/span><\/strong><\/h5>\n<h5><span style=\"color: #ff0000;\"><b>\u25b2Czas realizacji wysy\u0142ki mi\u0119dzynarodowej (poza teren Tajwanu) wynosi 7-14 dni, natomiast rzeczywisty czas dostawy zale\u017cy od danej firmy kurierskiej. <\/b><\/span><\/h5>\n<\/div>\n","protected":false},"featured_media":69829,"template":"","meta":{"site-sidebar-layout":"default","site-content-layout":"default","ast-site-content-layout":"default","site-content-style":"default","site-sidebar-style":"default","ast-global-header-display":"","ast-banner-title-visibility":"","ast-main-header-display":"","ast-hfb-above-header-display":"","ast-hfb-below-header-display":"","ast-hfb-mobile-header-display":"","site-post-title":"","ast-breadcrumbs-content":"","ast-featured-img":"","footer-sml-layout":"","ast-disable-related-posts":"","theme-transparent-header-meta":"default","adv-header-id-meta":"","stick-header-meta":"default","header-above-stick-meta":"","header-main-stick-meta":"","header-below-stick-meta":"","astra-migrate-meta-layouts":"set","ast-page-background-enabled":"default","ast-page-background-meta":{"desktop":{"background-color":"var(--ast-global-color-5)","background-image":"","background-repeat":"repeat","background-position":"center center","background-size":"auto","background-attachment":"scroll","background-type":"","background-media":"","overlay-type":"","overlay-color":"","overlay-opacity":"","overlay-gradient":""},"tablet":{"background-color":"","background-image":"","background-repeat":"repeat","background-position":"center center","background-size":"auto","background-attachment":"scroll","background-type":"","background-media":"","overlay-type":"","overlay-color":"","overlay-opacity":"","overlay-gradient":""},"mobile":{"background-color":"","background-image":"","background-repeat":"repeat","background-position":"center center","background-size":"auto","background-attachment":"scroll","background-type":"","background-media":"","overlay-type":"","overlay-color":"","overlay-opacity":"","overlay-gradient":""}},"ast-content-background-meta":{"desktop":{"background-color":"var(--ast-global-color-4)","background-image":"","background-repeat":"repeat","background-position":"center center","background-size":"auto","background-attachment":"scroll","background-type":"","background-media":"","overlay-type":"","overlay-color":"","overlay-opacity":"","overlay-gradient":""},"tablet":{"background-color":"var(--ast-global-color-4)","background-image":"","background-repeat":"repeat","background-position":"center center","background-size":"auto","background-attachment":"scroll","background-type":"","background-media":"","overlay-type":"","overlay-color":"","overlay-opacity":"","overlay-gradient":""},"mobile":{"background-color":"var(--ast-global-color-4)","background-image":"","background-repeat":"repeat","background-position":"center center","background-size":"auto","background-attachment":"scroll","background-type":"","background-media":"","overlay-type":"","overlay-color":"","overlay-opacity":"","overlay-gradient":""}}},"product_brand":[],"product_cat":[3446,3484,3485,3619],"product_tag":[3960],"class_list":{"0":"post-69828","1":"product","2":"type-product","3":"status-publish","4":"has-post-thumbnail","6":"product_cat-dianond-tools-pl","7":"product_cat-inne","8":"product_cat-ostatnie-sztuki","9":"product_cat-szczotki-diamentowe","10":"product_tag-szczotki-diamentowe-pl-3","11":"desktop-align-left","12":"tablet-align-left","13":"mobile-align-left","14":"ast-product-gallery-layout-horizontal-slider","15":"ast-product-single-variable","16":"ast-product-tabs-layout-horizontal","18":"first","19":"instock","20":"taxable","21":"shipping-taxable","22":"purchasable","23":"product-type-variable"},"_links":{"self":[{"href":"https:\/\/honwaygroup.com\/pl\/wp-json\/wp\/v2\/product\/69828","targetHints":{"allow":["GET"]}}],"collection":[{"href":"https:\/\/honwaygroup.com\/pl\/wp-json\/wp\/v2\/product"}],"about":[{"href":"https:\/\/honwaygroup.com\/pl\/wp-json\/wp\/v2\/types\/product"}],"version-history":[{"count":0,"href":"https:\/\/honwaygroup.com\/pl\/wp-json\/wp\/v2\/product\/69828\/revisions"}],"wp:featuredmedia":[{"embeddable":true,"href":"https:\/\/honwaygroup.com\/pl\/wp-json\/wp\/v2\/media\/69829"}],"wp:attachment":[{"href":"https:\/\/honwaygroup.com\/pl\/wp-json\/wp\/v2\/media?parent=69828"}],"wp:term":[{"taxonomy":"product_brand","embeddable":true,"href":"https:\/\/honwaygroup.com\/pl\/wp-json\/wp\/v2\/product_brand?post=69828"},{"taxonomy":"product_cat","embeddable":true,"href":"https:\/\/honwaygroup.com\/pl\/wp-json\/wp\/v2\/product_cat?post=69828"},{"taxonomy":"product_tag","embeddable":true,"href":"https:\/\/honwaygroup.com\/pl\/wp-json\/wp\/v2\/product_tag?post=69828"}],"curies":[{"name":"wp","href":"https:\/\/api.w.org\/{rel}","templated":true}]}}